{"id":6423,"date":"2024-10-12T09:58:42","date_gmt":"2024-10-12T09:58:42","guid":{"rendered":"https:\/\/hojichawholesale.eu\/hojicha-per-hotel-e-ristoranti\/"},"modified":"2024-10-13T19:28:14","modified_gmt":"2024-10-13T19:28:14","slug":"hojicha-per-hotel-e-ristoranti","status":"publish","type":"page","link":"https:\/\/hojichawholesale.eu\/it\/hojicha-per-hotel-e-ristoranti\/","title":{"rendered":"Hojicha per hotel e ristoranti"},"content":{"rendered":"\n<h1 class=\"wp-block-heading\">Hojicha per Hotel e Ristoranti<\/h1>\n\n<p>Hojicha \u00e8 il t\u00e8 giapponese di tendenza emergente. Come il matcha, \u00e8 disponibile in polvere, perfetto per caffellatte, dessert e prodotti da forno. Ma a differenza del matcha, \u00e8 disponibile anche in foglie sciolte, consentendo una facile infusione in acqua calda.    <\/p>\n\n<p>Hojicha \u00e8 fortemente associato alla salute, alla raffinatezza e all&#8217;alta qualit\u00e0, influenzando positivamente il tuo marchio e il tuo stile e aiutando i tuoi clienti a sentirsi sofisticati.  <\/p>\n\n<p>Inoltre, offre margini di profitto elevati grazie alla sua percezione premium e ai bassi costi di produzione.<\/p>\n\n<p>Ecco perch\u00e9 l&#8217;hojicha \u00e8 l&#8217;aggiunta perfetta alla selezione di bevande del tuo hotel o ristorante.<\/p>\n\n<h2 class=\"wp-block-heading\">1. Sapore unico e tostato<\/h2>\n\n<p>Hojicha offre un gusto profondo e tostato con note di caramello, noci e una leggera affumicatura. Il suo sapore morbido e naturalmente dolce si rivolge a una vasta gamma di persone, rendendolo un&#8217;opzione pi\u00f9 universalmente accessibile rispetto al matcha. <\/p>\n\n<h2 class=\"wp-block-heading\">2. A basso contenuto di caffeina e rilassante<\/h2>\n\n<p>Tostato ad alte temperature, l&#8217;hojicha ha un contenuto minimo di caffeina, il che lo rende un&#8217;opzione ideale per gli ospiti che cercano relax in qualsiasi momento della giornata. Questo profilo a basso contenuto di caffeina si rivolge a coloro che sono sensibili alla caffeina, migliorando l&#8217;attrattiva del tuo menu. <\/p>\n<div class=\"wp-block-image\">\n<figure class=\"aligncenter size-large is-resized\"><img fetchpriority=\"high\" decoding=\"async\" width=\"1024\" height=\"684\" src=\"https:\/\/hojichawholesale.eu\/wp-content\/uploads\/2024\/10\/Depositphotos_500113964_L-1024x684.avif\" alt=\"\" class=\"wp-image-5326\" style=\"width:509px;height:auto\" srcset=\"https:\/\/hojichawholesale.eu\/wp-content\/uploads\/2024\/10\/Depositphotos_500113964_L-1024x684.avif 1024w, https:\/\/hojichawholesale.eu\/wp-content\/uploads\/2024\/10\/Depositphotos_500113964_L-300x200.avif 300w, https:\/\/hojichawholesale.eu\/wp-content\/uploads\/2024\/10\/Depositphotos_500113964_L-768x513.avif 768w, https:\/\/hojichawholesale.eu\/wp-content\/uploads\/2024\/10\/Depositphotos_500113964_L.avif 1200w\" sizes=\"(max-width: 1024px) 100vw, 1024px\" \/><\/figure>\n<\/div>\n<h2 class=\"wp-block-heading\">3. Scelta consapevole della salute<\/h2>\n\n<p>Poich\u00e9 i commensali danno sempre pi\u00f9 priorit\u00e0 alla salute, l&#8217;hojicha offre una vasta gamma di benefici. \u00c8 ricco di antiossidanti, aiuta la digestione, riduce lo stress e favorisce il rilassamento. Il suo basso contenuto di caffeina lo rende adatto a tutte le et\u00e0, attirando ospiti attenti alla salute, famiglie e viaggiatori d&#8217;affari.  <\/p>\n\n<h2 class=\"wp-block-heading\">4. Opzioni di servizio versatili<\/h2>\n\n<p>L&#8217;hojicha \u00e8 un ingrediente flessibile, servito caldo o ghiacciato, o incorporato in caffellatte, cocktail o dessert. La sua versatilit\u00e0 consente una creativit\u00e0 infinita nei menu di bevande e dessert, aggiungendo un tocco unico alle tue offerte. <\/p>\n<div class=\"wp-block-image\">\n<figure class=\"aligncenter size-large is-resized\"><img decoding=\"async\" width=\"1024\" height=\"683\" src=\"https:\/\/hojichawholesale.eu\/wp-content\/uploads\/2024\/10\/Depositphotos_507526862_L-1024x683.avif\" alt=\"\" class=\"wp-image-5332\" style=\"width:605px;height:auto\" srcset=\"https:\/\/hojichawholesale.eu\/wp-content\/uploads\/2024\/10\/Depositphotos_507526862_L-1024x683.avif 1024w, https:\/\/hojichawholesale.eu\/wp-content\/uploads\/2024\/10\/Depositphotos_507526862_L-300x200.avif 300w, https:\/\/hojichawholesale.eu\/wp-content\/uploads\/2024\/10\/Depositphotos_507526862_L-768x512.avif 768w, https:\/\/hojichawholesale.eu\/wp-content\/uploads\/2024\/10\/Depositphotos_507526862_L.avif 1200w\" sizes=\"(max-width: 1024px) 100vw, 1024px\" \/><figcaption class=\"wp-element-caption\">Tavola con t\u00e8 verde hojicha secco e tazza di bevanda calda su sfondo a colori<\/figcaption><\/figure>\n<\/div>\n<h2 class=\"wp-block-heading\">5. Una tendenza in crescita<\/h2>\n\n<p>Con il matcha ormai mainstream, l&#8217;Hojicha \u00e8 pronto a diventare la prossima grande tendenza nei t\u00e8 giapponesi, in particolare in Europa. L&#8217;offerta di hojicha consente al tuo locale di distinguersi con un&#8217;opzione premium ed esclusiva che impressioner\u00e0 gli ospiti e migliorer\u00e0 la tua reputazione.   <\/p>\n\n<figure class=\"wp-block-image size-large\"><img decoding=\"async\" width=\"1024\" height=\"544\" src=\"https:\/\/hojichawholesale.eu\/wp-content\/uploads\/2024\/10\/hojicha-trends-1-1024x544.avif\" alt=\"\" class=\"wp-image-5519\" srcset=\"https:\/\/hojichawholesale.eu\/wp-content\/uploads\/2024\/10\/hojicha-trends-1-1024x544.avif 1024w, https:\/\/hojichawholesale.eu\/wp-content\/uploads\/2024\/10\/hojicha-trends-1-300x159.avif 300w, https:\/\/hojichawholesale.eu\/wp-content\/uploads\/2024\/10\/hojicha-trends-1-768x408.avif 768w, https:\/\/hojichawholesale.eu\/wp-content\/uploads\/2024\/10\/hojicha-trends-1-1536x816.avif 1536w, https:\/\/hojichawholesale.eu\/wp-content\/uploads\/2024\/10\/hojicha-trends-1.avif 1892w\" sizes=\"(max-width: 1024px) 100vw, 1024px\" \/><\/figure>\n\n<figure class=\"wp-block-image size-large\"><img loading=\"lazy\" decoding=\"async\" width=\"1024\" height=\"412\" src=\"https:\/\/hojichawholesale.eu\/wp-content\/uploads\/2024\/10\/hojicha-trends-countries-1024x412.avif\" alt=\"\" class=\"wp-image-5459\" srcset=\"https:\/\/hojichawholesale.eu\/wp-content\/uploads\/2024\/10\/hojicha-trends-countries-1024x412.avif 1024w, https:\/\/hojichawholesale.eu\/wp-content\/uploads\/2024\/10\/hojicha-trends-countries-300x121.avif 300w, https:\/\/hojichawholesale.eu\/wp-content\/uploads\/2024\/10\/hojicha-trends-countries-768x309.avif 768w, https:\/\/hojichawholesale.eu\/wp-content\/uploads\/2024\/10\/hojicha-trends-countries-1536x618.avif 1536w, https:\/\/hojichawholesale.eu\/wp-content\/uploads\/2024\/10\/hojicha-trends-countries.avif 1873w\" sizes=\"(max-width: 1024px) 100vw, 1024px\" \/><\/figure>\n\n<h2 class=\"wp-block-heading\">6. Facile da commercializzare<\/h2>\n\n<p>La natura del prodotto ti offre un&#8217;ampia gamma di angolazioni da utilizzare nel tuo marketing, da una bevanda giapponese di fantasia a una bevanda salutare.<\/p>\n\n<p>Il suo basso costo di produzione ti d\u00e0 il pieno controllo sui tuoi margini di profitto.<\/p>\n\n<h2 class=\"wp-block-heading\">Richiedi un campione<\/h2>\n\n<p>Curioso di conoscere i sapori ricchi e tostati del nostro hojicha premium?  <\/p>\n\n<p>Inserisci i tuoi dati qui sotto e ti invieremo un campione. Facci sapere se hai richieste specifiche e saremo lieti di personalizzare la nostra offerta in base alle tue esigenze aziendali. <\/p>\n<div class=\"forminator-ui forminator-custom-form forminator-custom-form-1365 forminator-design--flat  forminator_ajax\" data-forminator-render=\"0\" data-form=\"forminator-module-1365\" data-uid=\"69de5f2bc09bd\"><br\/><\/div><form\n\t\t\t\tid=\"forminator-module-1365\"\n\t\t\t\tclass=\"forminator-ui forminator-custom-form forminator-custom-form-1365 forminator-design--flat  forminator_ajax\"\n\t\t\t\tmethod=\"post\"\n\t\t\t\tdata-forminator-render=\"0\"\n\t\t\t\tdata-form-id=\"1365\"\n\t\t\t\t data-color-option=\"default\" data-design=\"flat\" data-grid=\"open\" style=\"display: none;\"\n\t\t\t\tdata-uid=\"69de5f2bc09bd\"\n\t\t\t><div role=\"alert\" aria-live=\"polite\" class=\"forminator-response-message forminator-error\" aria-hidden=\"true\"><\/div><div class=\"forminator-row\"><div id=\"name-1\" class=\"forminator-field-name forminator-col forminator-col-6 \"><div class=\"forminator-field\"><input type=\"text\" name=\"name-1\" value=\"\" placeholder=\"First Name\" id=\"forminator-field-name-1_69de5f2bc09bd\" class=\"forminator-input forminator-name--field\" aria-required=\"true\" autocomplete=\"name\" \/><\/div><\/div><div id=\"name-2\" class=\"forminator-field-name forminator-col forminator-col-6 \"><div class=\"forminator-field\"><input type=\"text\" name=\"name-2\" value=\"\" placeholder=\"Last Name\" id=\"forminator-field-name-2_69de5f2bc09bd\" class=\"forminator-input forminator-name--field\" aria-required=\"true\" autocomplete=\"name\" \/><\/div><\/div><\/div><div class=\"forminator-row\"><div id=\"email-1\" class=\"forminator-field-email forminator-col forminator-col-12 \"><div class=\"forminator-field\"><input type=\"email\" name=\"email-1\" value=\"\" placeholder=\"Email\" id=\"forminator-field-email-1_69de5f2bc09bd\" class=\"forminator-input forminator-email--field\" data-required=\"true\" aria-required=\"true\" autocomplete=\"email\" \/><\/div><\/div><\/div><div class=\"forminator-row\"><div id=\"phone-1\" class=\"forminator-field-phone forminator-col forminator-col-12 \"><div class=\"forminator-field\"><input type=\"text\" name=\"phone-1\" value=\"\" placeholder=\"Phone\" id=\"forminator-field-phone-1_69de5f2bc09bd\" class=\"forminator-input forminator-field--phone\" data-required=\"\" aria-required=\"false\" autocomplete=\"off\" \/><\/div><\/div><\/div><div class=\"forminator-row\"><div id=\"textarea-1\" class=\"forminator-field-textarea forminator-col forminator-col-12 \"><div class=\"forminator-field\"><textarea name=\"textarea-1\" placeholder=\"Message\" id=\"forminator-field-textarea-1_69de5f2bc09bd\" class=\"forminator-textarea\" rows=\"6\" style=\"min-height:140px;\" ><\/textarea><span id=\"forminator-field-textarea-1_69de5f2bc09bd-description\" class=\"forminator-description\"><span data-limit=\"300\" data-type=\"words\" data-editor=\"\">0 \/ 300<\/span><\/span><\/div><\/div><\/div><div class=\"forminator-row\"><\/div><input type=\"hidden\" name=\"referer_url\" value=\"\" \/><div class=\"forminator-row forminator-row-last\"><div class=\"forminator-col\"><div class=\"forminator-field\"><button class=\"forminator-button forminator-button-submit\">Send<\/button><\/div><\/div><\/div><input type=\"hidden\" id=\"forminator_nonce\" name=\"forminator_nonce\" value=\"a647953a3f\" \/><input type=\"hidden\" name=\"_wp_http_referer\" value=\"\/it\/wp-json\/wp\/v2\/pages\/6423\" \/><input type=\"hidden\" name=\"form_id\" value=\"1365\"><input type=\"hidden\" name=\"page_id\" value=\"6423\"><input type=\"hidden\" name=\"form_type\" value=\"default\"><input type=\"hidden\" name=\"current_url\" value=\"https:\/\/hojichawholesale.eu\/it\/hojicha-per-hotel-e-ristoranti\/\"><input type=\"hidden\" name=\"render_id\" value=\"0\"><input type=\"hidden\" name=\"action\" value=\"forminator_submit_form_custom-forms\"><label for=\"input_6\" class=\"forminator-hidden\" aria-hidden=\"true\">Please do not fill in this field. <input id=\"input_6\" type=\"text\" name=\"input_6\" value=\"\" autocomplete=\"off\"><\/label><\/form>\n\n<p><\/p>\n","protected":false},"excerpt":{"rendered":"<p>Hojicha per Hotel e Ristoranti Hojicha \u00e8 il t\u00e8 giapponese di tendenza emergente. Come il matcha, \u00e8 disponibile in polvere, perfetto per caffellatte, dessert e prodotti da forno. Ma a differenza del matcha, \u00e8 disponibile anche in foglie sciolte, consentendo una facile infusione in acqua calda. Hojicha \u00e8 fortemente associato alla salute, alla raffinatezza e [&hellip;]<\/p>\n","protected":false},"author":1,"featured_media":6425,"parent":0,"menu_order":0,"comment_status":"closed","ping_status":"closed","template":"","meta":{"_surecart_dashboard_logo_width":"180px","_surecart_dashboard_show_logo":true,"_surecart_dashboard_navigation_orders":true,"_surecart_dashboard_navigation_invoices":true,"_surecart_dashboard_navigation_subscriptions":true,"_surecart_dashboard_navigation_downloads":true,"_surecart_dashboard_navigation_billing":true,"_surecart_dashboard_navigation_account":true,"footnotes":""},"class_list":["post-6423","page","type-page","status-publish","has-post-thumbnail","hentry","entry","has-media"],"mb":[],"mfb_rest_fields":["title","gutenberg_elementor_mode"],"_links":{"self":[{"href":"https:\/\/hojichawholesale.eu\/it\/wp-json\/wp\/v2\/pages\/6423","targetHints":{"allow":["GET"]}}],"collection":[{"href":"https:\/\/hojichawholesale.eu\/it\/wp-json\/wp\/v2\/pages"}],"about":[{"href":"https:\/\/hojichawholesale.eu\/it\/wp-json\/wp\/v2\/types\/page"}],"author":[{"embeddable":true,"href":"https:\/\/hojichawholesale.eu\/it\/wp-json\/wp\/v2\/users\/1"}],"replies":[{"embeddable":true,"href":"https:\/\/hojichawholesale.eu\/it\/wp-json\/wp\/v2\/comments?post=6423"}],"version-history":[{"count":0,"href":"https:\/\/hojichawholesale.eu\/it\/wp-json\/wp\/v2\/pages\/6423\/revisions"}],"wp:featuredmedia":[{"embeddable":true,"href":"https:\/\/hojichawholesale.eu\/it\/wp-json\/wp\/v2\/media\/6425"}],"wp:attachment":[{"href":"https:\/\/hojichawholesale.eu\/it\/wp-json\/wp\/v2\/media?parent=6423"}],"curies":[{"name":"wp","href":"https:\/\/api.w.org\/{rel}","templated":true}]}}