{"id":6418,"date":"2024-08-24T19:47:32","date_gmt":"2024-08-24T19:47:32","guid":{"rendered":"https:\/\/hojichawholesale.eu\/informazioni-su-hojicha-allingrosso\/"},"modified":"2026-03-06T16:46:54","modified_gmt":"2026-03-06T16:46:54","slug":"informazioni-su-hojicha-allingrosso","status":"publish","type":"page","link":"https:\/\/hojichawholesale.eu\/it\/informazioni-su-hojicha-allingrosso\/","title":{"rendered":"Informazioni su Hojicha all&#8217;ingrosso"},"content":{"rendered":"\n<h1 class=\"wp-block-heading\">Informazioni su Hojicha all&#8217;ingrosso<\/h1>\n\n<p>Hojicha Wholesale \u00e8 un grossista europeo dedicato all&#8217;hojicha giapponese.<\/p>\n\n<p>La nostra missione \u00e8 fornire t\u00e8 hojicha di qualit\u00e0 a marchi e aziende del settore HORECA. Importiamo volumi all&#8217;ingrosso di hojicha premium dai nostri fornitori di fiducia in Giappone e lo ridistribuiamo in tutto il continente europeo a ristoranti, hotel, caff\u00e8 e negozi da t\u00e8 indipendenti. <\/p>\n\n<p>Ti offriamo tre garanzie:<\/p>\n\n<ol class=\"wp-block-list\">\n<li><strong>MOQ basso:<\/strong> che tu sia un&#8217;azienda affermata che ha bisogno di centinaia di borse o un piccolo caff\u00e8 indipendente che \u00e8 appena agli inizi, Hojicha Wholesale si adatta alle tue esigenze con la stessa qualit\u00e0 del servizio di livello aziendale.  <\/li>\n\n\n\n<li><strong>Reattivit\u00e0 e servizio<\/strong>: spediamo velocemente e offriamo un&#8217;ampia gamma di metodi di spedizione.  <\/li>\n\n\n\n<li><strong>Assistenza clienti cordiale: <\/strong>siamo disponibili 365 giorni all&#8217;anno.  <\/li>\n<\/ol>\n\n<h2 class=\"wp-block-heading\"><strong>I nostri prodotti<\/strong><\/h2>\n\n<p>Offriamo una selezione accuratamente selezionata di variet\u00e0 di hojicha, ciascuna proveniente direttamente dai migliori coltivatori di t\u00e8.  <\/p>\n\n<p>Trova i nostri prodotti direttamente nel <a href=\"https:\/\/hojichawholesale.eu\/it\/acquista-surecart\/\" data-type=\"link\" data-id=\"https:\/\/hojichawholesale.eu\/shop\/\">nostro catalogo<\/a>.<\/p>\n\n<h2 class=\"wp-block-heading\"><strong>Perch\u00e9 scegliere noi?<\/strong><\/h2>\n\n<ul class=\"wp-block-list\">\n<li><strong>La qualit\u00e0 prima di tutto:<\/strong> Forniamo hojicha di altissima qualit\u00e0. Ogni lotto \u00e8 rigorosamente testato per garantire consistenza e sapore. <\/li>\n\n\n\n<li><strong>Approvvigionamento diretto:<\/strong> Lavoriamo a stretto contatto con i nostri fornitori per offrirti hojicha che rifletta il gusto autentico del Giappone.<\/li>\n\n\n\n<li><strong>Soluzioni personalizzate:<\/strong> Che tu gestisca un piccolo bar o una grande catena alberghiera, offriamo soluzioni su misura per soddisfare le tue esigenze specifiche.  <\/li>\n\n\n\n<li><strong>Distribuzione affidabile:<\/strong> Siamo in una posizione ideale per servire clienti in tutto il continente europeo. La nostra logistica garantisce consegne puntuali, in modo da non rimanere mai senza scorte. <\/li>\n<\/ul>\n\n<h2 class=\"wp-block-heading\">Dove abbiamo sede?<\/h2>\n\n<p>Abbiamo sede in Belgio.<\/p>\n\n<h2 class=\"wp-block-heading\">Qual \u00e8 la tua storia?<\/h2>\n\n<p>Hojicha Wholesale \u00e8 nata quando Aure, il fondatore, ha faticato a trovare un fornitore affidabile di hojicha per il suo negozio di t\u00e8 <a href=\"https:\/\/senchatea.be\/\" target=\"_blank\" rel=\"noopener\">al dettaglio senchatea.be<\/a>.<\/p>\n\n<p>L&#8217;hojicha \u00e8 una delle tendenze pi\u00f9 importanti nell&#8217;industria giapponese del t\u00e8. Vogliamo rendere questo t\u00e8 fantastico e versatile rapidamente accessibile a caff\u00e8, hotel, ristoranti e negozi di t\u00e8 in tutta Europa senza che debbano ordinare enormi quantit\u00e0.   <\/p>\n\n<h2 class=\"wp-block-heading\">Richiedi un campione<\/h2>\n\n<p>Curioso di conoscere i sapori ricchi e tostati del nostro hojicha premium?  <\/p>\n\n<p>Inserisci i tuoi dati qui sotto e ti invieremo un campione. Facci sapere se hai richieste specifiche e saremo lieti di personalizzare la nostra offerta in base alle tue esigenze aziendali. <\/p>\n<div class=\"forminator-ui forminator-custom-form forminator-custom-form-1365 forminator-design--flat  forminator_ajax\" data-forminator-render=\"0\" data-form=\"forminator-module-1365\" data-uid=\"69d304563cf7d\"><br\/><\/div><form\n\t\t\t\tid=\"forminator-module-1365\"\n\t\t\t\tclass=\"forminator-ui forminator-custom-form forminator-custom-form-1365 forminator-design--flat  forminator_ajax\"\n\t\t\t\tmethod=\"post\"\n\t\t\t\tdata-forminator-render=\"0\"\n\t\t\t\tdata-form-id=\"1365\"\n\t\t\t\t data-color-option=\"default\" data-design=\"flat\" data-grid=\"open\" style=\"display: none;\"\n\t\t\t\tdata-uid=\"69d304563cf7d\"\n\t\t\t><div role=\"alert\" aria-live=\"polite\" class=\"forminator-response-message forminator-error\" aria-hidden=\"true\"><\/div><div class=\"forminator-row\"><div id=\"name-1\" class=\"forminator-field-name forminator-col forminator-col-6 \"><div class=\"forminator-field\"><input type=\"text\" name=\"name-1\" value=\"\" placeholder=\"First Name\" id=\"forminator-field-name-1_69d304563cf7d\" class=\"forminator-input forminator-name--field\" aria-required=\"true\" autocomplete=\"name\" \/><\/div><\/div><div id=\"name-2\" class=\"forminator-field-name forminator-col forminator-col-6 \"><div class=\"forminator-field\"><input type=\"text\" name=\"name-2\" value=\"\" placeholder=\"Last Name\" id=\"forminator-field-name-2_69d304563cf7d\" class=\"forminator-input forminator-name--field\" aria-required=\"true\" autocomplete=\"name\" \/><\/div><\/div><\/div><div class=\"forminator-row\"><div id=\"email-1\" class=\"forminator-field-email forminator-col forminator-col-12 \"><div class=\"forminator-field\"><input type=\"email\" name=\"email-1\" value=\"\" placeholder=\"Email\" id=\"forminator-field-email-1_69d304563cf7d\" class=\"forminator-input forminator-email--field\" data-required=\"true\" aria-required=\"true\" autocomplete=\"email\" \/><\/div><\/div><\/div><div class=\"forminator-row\"><div id=\"phone-1\" class=\"forminator-field-phone forminator-col forminator-col-12 \"><div class=\"forminator-field\"><input type=\"text\" name=\"phone-1\" value=\"\" placeholder=\"Phone\" id=\"forminator-field-phone-1_69d304563cf7d\" class=\"forminator-input forminator-field--phone\" data-required=\"\" aria-required=\"false\" autocomplete=\"off\" \/><\/div><\/div><\/div><div class=\"forminator-row\"><div id=\"textarea-1\" class=\"forminator-field-textarea forminator-col forminator-col-12 \"><div class=\"forminator-field\"><textarea name=\"textarea-1\" placeholder=\"Message\" id=\"forminator-field-textarea-1_69d304563cf7d\" class=\"forminator-textarea\" rows=\"6\" style=\"min-height:140px;\" ><\/textarea><span id=\"forminator-field-textarea-1_69d304563cf7d-description\" class=\"forminator-description\"><span data-limit=\"300\" data-type=\"words\" data-editor=\"\">0 \/ 300<\/span><\/span><\/div><\/div><\/div><div class=\"forminator-row\"><\/div><input type=\"hidden\" name=\"referer_url\" value=\"\" \/><div class=\"forminator-row forminator-row-last\"><div class=\"forminator-col\"><div class=\"forminator-field\"><button class=\"forminator-button forminator-button-submit\">Send<\/button><\/div><\/div><\/div><input type=\"hidden\" id=\"forminator_nonce\" name=\"forminator_nonce\" value=\"a706b3830b\" \/><input type=\"hidden\" name=\"_wp_http_referer\" value=\"\/it\/wp-json\/wp\/v2\/pages\/6418\" \/><input type=\"hidden\" name=\"form_id\" value=\"1365\"><input type=\"hidden\" name=\"page_id\" value=\"6418\"><input type=\"hidden\" name=\"form_type\" value=\"default\"><input type=\"hidden\" name=\"current_url\" value=\"https:\/\/hojichawholesale.eu\/it\/informazioni-su-hojicha-allingrosso\/\"><input type=\"hidden\" name=\"render_id\" value=\"0\"><input type=\"hidden\" name=\"action\" value=\"forminator_submit_form_custom-forms\"><label for=\"input_6\" class=\"forminator-hidden\" aria-hidden=\"true\">Please do not fill in this field. <input id=\"input_6\" type=\"text\" name=\"input_6\" value=\"\" autocomplete=\"off\"><\/label><\/form>\n\n<p><\/p>\n","protected":false},"excerpt":{"rendered":"<p>Informazioni su Hojicha all&#8217;ingrosso Hojicha Wholesale \u00e8 un grossista europeo dedicato all&#8217;hojicha giapponese. La nostra missione \u00e8 fornire t\u00e8 hojicha di qualit\u00e0 a marchi e aziende del settore HORECA. Importiamo volumi all&#8217;ingrosso di hojicha premium dai nostri fornitori di fiducia in Giappone e lo ridistribuiamo in tutto il continente europeo a ristoranti, hotel, caff\u00e8 e [&hellip;]<\/p>\n","protected":false},"author":1,"featured_media":0,"parent":0,"menu_order":0,"comment_status":"closed","ping_status":"closed","template":"","meta":{"_surecart_dashboard_logo_width":"180px","_surecart_dashboard_show_logo":true,"_surecart_dashboard_navigation_orders":true,"_surecart_dashboard_navigation_invoices":true,"_surecart_dashboard_navigation_subscriptions":true,"_surecart_dashboard_navigation_downloads":true,"_surecart_dashboard_navigation_billing":true,"_surecart_dashboard_navigation_account":true,"footnotes":""},"class_list":["post-6418","page","type-page","status-publish","hentry","entry"],"mb":[],"mfb_rest_fields":["title","gutenberg_elementor_mode"],"_links":{"self":[{"href":"https:\/\/hojichawholesale.eu\/it\/wp-json\/wp\/v2\/pages\/6418","targetHints":{"allow":["GET"]}}],"collection":[{"href":"https:\/\/hojichawholesale.eu\/it\/wp-json\/wp\/v2\/pages"}],"about":[{"href":"https:\/\/hojichawholesale.eu\/it\/wp-json\/wp\/v2\/types\/page"}],"author":[{"embeddable":true,"href":"https:\/\/hojichawholesale.eu\/it\/wp-json\/wp\/v2\/users\/1"}],"replies":[{"embeddable":true,"href":"https:\/\/hojichawholesale.eu\/it\/wp-json\/wp\/v2\/comments?post=6418"}],"version-history":[{"count":0,"href":"https:\/\/hojichawholesale.eu\/it\/wp-json\/wp\/v2\/pages\/6418\/revisions"}],"wp:attachment":[{"href":"https:\/\/hojichawholesale.eu\/it\/wp-json\/wp\/v2\/media?parent=6418"}],"curies":[{"name":"wp","href":"https:\/\/api.w.org\/{rel}","templated":true}]}}