{"id":8560,"date":"2024-12-11T21:40:39","date_gmt":"2024-12-11T21:40:39","guid":{"rendered":"https:\/\/hojichawholesale.eu\/feher-cimke-hojicha\/"},"modified":"2025-10-29T08:35:09","modified_gmt":"2025-10-29T08:35:09","slug":"feher-cimke-hojicha","status":"publish","type":"page","link":"https:\/\/hojichawholesale.eu\/hu\/feher-cimke-hojicha\/","title":{"rendered":"Feh\u00e9r c\u00edmke Hojicha"},"content":{"rendered":"\n<h1 class=\"wp-block-heading\">Feh\u00e9r c\u00edmke Hojicha<\/h1>\n\n<p>Szeretn\u00e9l saj\u00e1t hojicha m\u00e1rk\u00e1t l\u00e9trehozni?<\/p>\n\n<p>Megk\u00f6nny\u00edtett\u00fck sz\u00e1modra, hogy pr\u00e9mium hojicha-t k\u00edn\u00e1lj, amelyet k\u00f6zvetlen\u00fcl jap\u00e1n partnereinkt\u0151l szereznek be saj\u00e1t m\u00e1rk\u00e1d alatt.<\/p>\n<div class=\"wp-block-image\">\n<figure class=\"aligncenter size-full is-resized\"><img fetchpriority=\"high\" decoding=\"async\" width=\"1000\" height=\"1000\" src=\"https:\/\/hojichawholesale.eu\/wp-content\/uploads\/2025\/10\/white-label.webp\" alt=\"\" class=\"wp-image-9158\" style=\"width:379px;height:auto\" srcset=\"https:\/\/hojichawholesale.eu\/wp-content\/uploads\/2025\/10\/white-label.webp 1000w, https:\/\/hojichawholesale.eu\/wp-content\/uploads\/2025\/10\/white-label-300x300.webp 300w, https:\/\/hojichawholesale.eu\/wp-content\/uploads\/2025\/10\/white-label-150x150.webp 150w, https:\/\/hojichawholesale.eu\/wp-content\/uploads\/2025\/10\/white-label-768x768.webp 768w, https:\/\/hojichawholesale.eu\/wp-content\/uploads\/2025\/10\/white-label-600x600.webp 600w\" sizes=\"(max-width: 1000px) 100vw, 1000px\" \/><\/figure>\n<\/div>\n<h2 class=\"wp-block-heading\"><strong>Mi\u00e9rt feh\u00e9r c\u00edmk\u00e9vel l\u00e1tja el a hojicha-t?<\/strong><\/h2>\n\n<ul class=\"wp-block-list\">\n<li><strong>Pr\u00e9mium min\u0151s\u00e9g:<\/strong> Hojich\u00e1nkat szakszer\u0171en szerzik be Jap\u00e1n kiv\u00e1lasztott teaf\u00f6ldjeir\u0151l. A leveleket finoman p\u00f6rk\u00f6lik, hogy sima, di\u00f3s \u00e9s enyh\u00e9n \u00e9des \u00edzt kapjanak, amely egyszerre megnyugtat\u00f3 \u00e9s \u00f6sszetett. <\/li>\n\n\n\n<li><strong>Gy\u00e1rilag lez\u00e1rt \u00e9s nitrog\u00e9nnel \u00f6bl\u00edtett:<\/strong> Minden zacsk\u00f3t Jap\u00e1nban csomagolnak a frissess\u00e9g, az aroma \u00e9s az \u00edz meg\u0151rz\u00e9se \u00e9rdek\u00e9ben. A nitrog\u00e9n\u00f6bl\u00edt\u00e9s biztos\u00edtja, hogy a term\u00e9k optim\u00e1lis \u00edzzel \u00e9rkezzen meg, a lez\u00e1rt zacsk\u00f3k pedig megv\u00e9dik a te\u00e1t a nedvess\u00e9gt\u0151l \u00e9s a f\u00e9nyt\u0151l. <\/li>\n\n\n\n<li><strong>M\u00e1rka n\u00e9lk\u00fcli, k\u00e9szen \u00e1ll a c\u00edmk\u00e9re:<\/strong> Minden t\u00e1sk\u00e1t m\u00e1rkajelz\u00e9s n\u00e9lk\u00fcl sz\u00e1ll\u00edtunk, \u00edgy \u00fcres v\u00e1sznat kap. Egyszer\u0171en ragaszd fel a saj\u00e1t c\u00edmk\u00e9det vagy csomagol\u00e1si elemeidet, \u00e9s kezdd el forgalmazni a te\u00e1t a neveddel. <\/li>\n<\/ul>\n\n<h2 class=\"wp-block-heading\"><strong>A feh\u00e9r c\u00edmke folyamata: l\u00e9p\u00e9sr\u0151l l\u00e9p\u00e9sre<\/strong><\/h2>\n\n<ol class=\"wp-block-list\">\n<li>V\u00e1lassza <strong>ki a mennyis\u00e9get:<\/strong> V\u00e1lasszon rugalmas rendel\u00e9si lehet\u0151s\u00e9geink k\u00f6z\u00fcl. Ak\u00e1r csak most kezdi, ak\u00e1r b\u0151v\u00edti, az \u00d6n ig\u00e9nyeinek megfelel\u0151 t\u00f6meges m\u00e9retet k\u00edn\u00e1lunk. <\/li>\n\n\n\n<li><strong>V\u00e1lassza ki a csomagol\u00e1st:<\/strong> Doypack vagy konzervdobozok, \u00fcres vagy nyomtatott, c\u00edmk\u00e9zett vagy c\u00edmk\u00e9zetlen, sz\u00e1mos rugalmas lehet\u0151s\u00e9get k\u00edn\u00e1lunk annak biztos\u00edt\u00e1s\u00e1ra, hogy j\u00f3l \u00e9rezze mag\u00e1t m\u00e1rk\u00e1j\u00e1val \u00e9s term\u00e9k\u00e9vel kapcsolatban.<\/li>\n\n\n\n<li><strong>Kezdje el az \u00e9rt\u00e9kes\u00edt\u00e9st:<\/strong> A m\u00e1rka\u00e9p\u00edt\u00e9s hely\u00e9n k\u00e9szen \u00e1ll arra, hogy egy pr\u00e9mium, saj\u00e1t m\u00e1rk\u00e1s hojich\u00e1t mutasson be \u00fcgyfeleinek, egyediv\u00e9 t\u00e9ve azt.<\/li>\n<\/ol>\n\n<h2 class=\"wp-block-heading\"><strong>Mi\u00e9rt \u00e9rdemes a Hojicha Wholesale-szel egy\u00fcttm\u0171k\u00f6dni?<\/strong><\/h2>\n\n<ul class=\"wp-block-list\">\n<li><strong>Szak\u00e9rt\u0151i beszerz\u00e9s:<\/strong> Er\u0151s partners\u00e9get \u00e9p\u00edtett\u00fcnk ki tapasztalt jap\u00e1n teatermel\u0151kkel \u00e9s -termel\u0151kkel, biztos\u00edtva az egyenletes min\u0151s\u00e9get \u00e9s ell\u00e1t\u00e1st.<\/li>\n\n\n\n<li><strong>Egyszer\u0171 integr\u00e1ci\u00f3:<\/strong> White-label megold\u00e1sainkat az egyszer\u0171s\u00e9get szem el\u0151tt tartva tervezt\u00fck. Nincsenek bonyolult folyamatok \u2013 csak adja hozz\u00e1 a m\u00e1rkaelemeket, \u00e9s kezdje el az \u00e9rt\u00e9kes\u00edt\u00e9st. <\/li>\n\n\n\n<li><strong>Dedik\u00e1lt t\u00e1mogat\u00e1s:<\/strong> \u00dcgyf\u00e9lszolg\u00e1lati csapatunk minden l\u00e9p\u00e9sben seg\u00edt \u00d6nnek, a kezdeti rendel\u00e9si k\u00e9rd\u00e9sekt\u0151l az \u00e9rt\u00e9kes\u00edt\u00e9s ut\u00e1ni t\u00e1mogat\u00e1sig.<\/li>\n<\/ul>\n\n<h2 class=\"wp-block-heading\"><strong>K\u00e9szen \u00e1ll a kezd\u00e9sre?<\/strong><\/h2>\n\n<p>Vegye fel vel\u00fcnk a kapcsolatot m\u00e9g ma, \u00e9s k\u00e9rjen \u00e1raj\u00e1nlatot, tudjon meg t\u00f6bbet az \u00e1rkateg\u00f3ri\u00e1inkr\u00f3l, \u00e9s kezdje meg a feh\u00e9rc\u00edmk\u00e9s folyamatot. Sz\u00edvesen seg\u00edt\u00fcnk az indul\u00e1sban! <\/p>\n<div class=\"forminator-ui forminator-custom-form forminator-custom-form-1365 forminator-design--flat  forminator_ajax\" data-forminator-render=\"0\" data-form=\"forminator-module-1365\" data-uid=\"69d4530fd7f8e\"><br\/><\/div><form\n\t\t\t\tid=\"forminator-module-1365\"\n\t\t\t\tclass=\"forminator-ui forminator-custom-form forminator-custom-form-1365 forminator-design--flat  forminator_ajax\"\n\t\t\t\tmethod=\"post\"\n\t\t\t\tdata-forminator-render=\"0\"\n\t\t\t\tdata-form-id=\"1365\"\n\t\t\t\t data-color-option=\"default\" data-design=\"flat\" data-grid=\"open\" style=\"display: none;\"\n\t\t\t\tdata-uid=\"69d4530fd7f8e\"\n\t\t\t><div role=\"alert\" aria-live=\"polite\" class=\"forminator-response-message forminator-error\" aria-hidden=\"true\"><\/div><div class=\"forminator-row\"><div id=\"name-1\" class=\"forminator-field-name forminator-col forminator-col-6 \"><div class=\"forminator-field\"><input type=\"text\" name=\"name-1\" value=\"\" placeholder=\"First Name\" id=\"forminator-field-name-1_69d4530fd7f8e\" class=\"forminator-input forminator-name--field\" aria-required=\"true\" autocomplete=\"name\" \/><\/div><\/div><div id=\"name-2\" class=\"forminator-field-name forminator-col forminator-col-6 \"><div class=\"forminator-field\"><input type=\"text\" name=\"name-2\" value=\"\" placeholder=\"Last Name\" id=\"forminator-field-name-2_69d4530fd7f8e\" class=\"forminator-input forminator-name--field\" aria-required=\"true\" autocomplete=\"name\" \/><\/div><\/div><\/div><div class=\"forminator-row\"><div id=\"email-1\" class=\"forminator-field-email forminator-col forminator-col-12 \"><div class=\"forminator-field\"><input type=\"email\" name=\"email-1\" value=\"\" placeholder=\"Email\" id=\"forminator-field-email-1_69d4530fd7f8e\" class=\"forminator-input forminator-email--field\" data-required=\"true\" aria-required=\"true\" autocomplete=\"email\" \/><\/div><\/div><\/div><div class=\"forminator-row\"><div id=\"phone-1\" class=\"forminator-field-phone forminator-col forminator-col-12 \"><div class=\"forminator-field\"><input type=\"text\" name=\"phone-1\" value=\"\" placeholder=\"Phone\" id=\"forminator-field-phone-1_69d4530fd7f8e\" class=\"forminator-input forminator-field--phone\" data-required=\"\" aria-required=\"false\" autocomplete=\"off\" \/><\/div><\/div><\/div><div class=\"forminator-row\"><div id=\"textarea-1\" class=\"forminator-field-textarea forminator-col forminator-col-12 \"><div class=\"forminator-field\"><textarea name=\"textarea-1\" placeholder=\"Message\" id=\"forminator-field-textarea-1_69d4530fd7f8e\" class=\"forminator-textarea\" rows=\"6\" style=\"min-height:140px;\" ><\/textarea><span id=\"forminator-field-textarea-1_69d4530fd7f8e-description\" class=\"forminator-description\"><span data-limit=\"300\" data-type=\"words\" data-editor=\"\">0 \/ 300<\/span><\/span><\/div><\/div><\/div><div class=\"forminator-row\"><\/div><input type=\"hidden\" name=\"referer_url\" value=\"\" \/><div class=\"forminator-row forminator-row-last\"><div class=\"forminator-col\"><div class=\"forminator-field\"><button class=\"forminator-button forminator-button-submit\">Send<\/button><\/div><\/div><\/div><input type=\"hidden\" id=\"forminator_nonce\" name=\"forminator_nonce\" value=\"0b51ba8eba\" \/><input type=\"hidden\" name=\"_wp_http_referer\" value=\"\/hu\/wp-json\/wp\/v2\/pages\/8560\" \/><input type=\"hidden\" name=\"form_id\" value=\"1365\"><input type=\"hidden\" name=\"page_id\" value=\"8560\"><input type=\"hidden\" name=\"form_type\" value=\"default\"><input type=\"hidden\" name=\"current_url\" value=\"https:\/\/hojichawholesale.eu\/hu\/feher-cimke-hojicha\/\"><input type=\"hidden\" name=\"render_id\" value=\"0\"><input type=\"hidden\" name=\"action\" value=\"forminator_submit_form_custom-forms\"><label for=\"input_6\" class=\"forminator-hidden\" aria-hidden=\"true\">Please do not fill in this field. <input id=\"input_6\" type=\"text\" name=\"input_6\" value=\"\" autocomplete=\"off\"><\/label><\/form>\n","protected":false},"excerpt":{"rendered":"<p>Feh\u00e9r c\u00edmke Hojicha Szeretn\u00e9l saj\u00e1t hojicha m\u00e1rk\u00e1t l\u00e9trehozni? Megk\u00f6nny\u00edtett\u00fck sz\u00e1modra, hogy pr\u00e9mium hojicha-t k\u00edn\u00e1lj, amelyet k\u00f6zvetlen\u00fcl jap\u00e1n partnereinkt\u0151l szereznek be saj\u00e1t m\u00e1rk\u00e1d alatt. Mi\u00e9rt feh\u00e9r c\u00edmk\u00e9vel l\u00e1tja el a hojicha-t? A feh\u00e9r c\u00edmke folyamata: l\u00e9p\u00e9sr\u0151l l\u00e9p\u00e9sre Mi\u00e9rt \u00e9rdemes a Hojicha Wholesale-szel egy\u00fcttm\u0171k\u00f6dni? K\u00e9szen \u00e1ll a kezd\u00e9sre? Vegye fel vel\u00fcnk a kapcsolatot m\u00e9g ma, \u00e9s k\u00e9rjen [&hellip;]<\/p>\n","protected":false},"author":1,"featured_media":8561,"parent":0,"menu_order":0,"comment_status":"closed","ping_status":"closed","template":"","meta":{"_surecart_dashboard_logo_width":"180px","_surecart_dashboard_show_logo":true,"_surecart_dashboard_navigation_orders":true,"_surecart_dashboard_navigation_invoices":true,"_surecart_dashboard_navigation_subscriptions":true,"_surecart_dashboard_navigation_downloads":true,"_surecart_dashboard_navigation_billing":true,"_surecart_dashboard_navigation_account":true,"footnotes":""},"class_list":["post-8560","page","type-page","status-publish","has-post-thumbnail","hentry","entry","has-media"],"mb":[],"mfb_rest_fields":["title","gutenberg_elementor_mode"],"_links":{"self":[{"href":"https:\/\/hojichawholesale.eu\/hu\/wp-json\/wp\/v2\/pages\/8560","targetHints":{"allow":["GET"]}}],"collection":[{"href":"https:\/\/hojichawholesale.eu\/hu\/wp-json\/wp\/v2\/pages"}],"about":[{"href":"https:\/\/hojichawholesale.eu\/hu\/wp-json\/wp\/v2\/types\/page"}],"author":[{"embeddable":true,"href":"https:\/\/hojichawholesale.eu\/hu\/wp-json\/wp\/v2\/users\/1"}],"replies":[{"embeddable":true,"href":"https:\/\/hojichawholesale.eu\/hu\/wp-json\/wp\/v2\/comments?post=8560"}],"version-history":[{"count":0,"href":"https:\/\/hojichawholesale.eu\/hu\/wp-json\/wp\/v2\/pages\/8560\/revisions"}],"wp:featuredmedia":[{"embeddable":true,"href":"https:\/\/hojichawholesale.eu\/hu\/wp-json\/wp\/v2\/media\/8561"}],"wp:attachment":[{"href":"https:\/\/hojichawholesale.eu\/hu\/wp-json\/wp\/v2\/media?parent=8560"}],"curies":[{"name":"wp","href":"https:\/\/api.w.org\/{rel}","templated":true}]}}