{"id":8515,"date":"2024-10-12T16:25:13","date_gmt":"2024-10-12T16:25:13","guid":{"rendered":"https:\/\/hojichawholesale.eu\/hojicha-por-latte-nagykereskedelem\/"},"modified":"2025-12-10T19:00:31","modified_gmt":"2025-12-10T19:00:31","slug":"hojicha-por-latte-nagykereskedelem","status":"publish","type":"page","link":"https:\/\/hojichawholesale.eu\/hu\/hojicha-por-latte-nagykereskedelem\/","title":{"rendered":"Hojicha por latte (nagykereskedelem)"},"content":{"rendered":"\n<h1 class=\"wp-block-heading\">Hojicha por latte (nagykereskedelem)<\/h1>\n\n<p>A <strong>Hojicha Powder Latte<\/strong> hojicha porb\u00f3l, n\u00e1dcukorb\u00f3l \u00e9s guargumib\u00f3l k\u00e9sz\u00fcl a t\u00f6k\u00e9letesen kiegyens\u00falyozott \u00e9s finom ital \u00e9rdek\u00e9ben. Keverhet\u0151 tejjel vagy tej alternat\u00edv\u00e1ival. <\/p>\n<div class=\"wp-block-image\">\n<figure class=\"aligncenter size-full is-resized\"><img fetchpriority=\"high\" decoding=\"async\" width=\"1000\" height=\"1000\" src=\"https:\/\/hojichawholesale.eu\/wp-content\/uploads\/2025\/01\/hojicha-latte-both.webp\" alt=\"A hojicha latte por &#xF6;sszehasonl&#xED;t&#xE1;sa VS hojicha latte por inf&#xFA;zi&#xF3;ban.\" class=\"wp-image-7510\" style=\"width:310px;height:auto\" srcset=\"https:\/\/hojichawholesale.eu\/wp-content\/uploads\/2025\/01\/hojicha-latte-both.webp 1000w, https:\/\/hojichawholesale.eu\/wp-content\/uploads\/2025\/01\/hojicha-latte-both-300x300.webp 300w, https:\/\/hojichawholesale.eu\/wp-content\/uploads\/2025\/01\/hojicha-latte-both-150x150.webp 150w, https:\/\/hojichawholesale.eu\/wp-content\/uploads\/2025\/01\/hojicha-latte-both-768x768.webp 768w, https:\/\/hojichawholesale.eu\/wp-content\/uploads\/2025\/01\/hojicha-latte-both-600x600.webp 600w\" sizes=\"(max-width: 1000px) 100vw, 1000px\" \/><\/figure>\n<\/div>\n<hr class=\"wp-block-separator has-alpha-channel-opacity\"\/>\n\n<h2 class=\"wp-block-heading\">Kiemelt term\u00e9kek<\/h2>\n\n<ul class=\"wp-block-list\">\n<li><strong>T\u00edpus<\/strong>: Instant Hojicha Latte Mix<\/li>\n\n\n\n<li><strong>\u00d6sszetev\u0151k<\/strong>: Hojicha por, n\u00e1dcukor, guargumi.<\/li>\n\n\n\n<li><strong>Csomagol\u00e1s<\/strong>: Visszaz\u00e1rhat\u00f3 \u00e1ll\u00f3 tasak (Doypack) a frissess\u00e9g \u00e9rdek\u00e9ben.<\/li>\n\n\n\n<li><strong>Adag m\u00e9rete<\/strong>: kb. 8 adag csomagonk\u00e9nt. <\/li>\n\n\n\n<li><strong>\u00cdzprofil:<\/strong> Sima, di\u00f3s, enyh\u00e9n \u00e9des, p\u00f6rk\u00f6lt lecseng\u00e9ssel.<\/li>\n\n\n\n<li><strong>Koffein:<\/strong> Alacsony<\/li>\n\n\n\n<li><strong>K\u00e9sz\u00edtm\u00e9ny<\/strong>: Csak adjunk hozz\u00e1 vizet vagy tejet egy gyors, finom hojicha latte-hoz.<\/li>\n\n\n\n<li><strong>S\u00faly<\/strong>: 1 kg-os zs\u00e1kokban kaphat\u00f3. A csomagol\u00e1s a k\u00e9r\u00e9s\u00e9re el\u00e9rhet\u0151.   <\/li>\n<\/ul>\n\n<hr class=\"wp-block-separator has-alpha-channel-opacity\"\/>\n\n<h2 class=\"wp-block-heading\">Nagykereskedelmi inform\u00e1ci\u00f3k<\/h2>\n\n<ul class=\"wp-block-list\">\n<li><strong>Minim\u00e1lis rendel\u00e9si mennyis\u00e9g (MOQ):<\/strong> 600 gramm (5 x 120 g doypack).<\/li>\n\n\n\n<li><strong>T\u00f6meges \u00e1rk\u00e9pz\u00e9s<\/strong>: Vegye fel vel\u00fcnk a kapcsolatot a rendel\u00e9si mennyis\u00e9gen alapul\u00f3 k\u00fcl\u00f6nleges \u00e1rak\u00e9rt.<\/li>\n\n\n\n<li><strong>T\u00e1rol\u00e1s<\/strong>: A frissess\u00e9g meg\u0151rz\u00e9se \u00e9rdek\u00e9ben h\u0171v\u00f6s, sz\u00e1raz helyen t\u00e1roland\u00f3.<\/li>\n\n\n\n<li><strong>Lej\u00e1rati id\u0151<\/strong>: A Hojicha bontatlanul legfeljebb k\u00e9t \u00e9vig eltarthat\u00f3, \u00e9s 5\u00b0C \u2013 10\u00b0C h\u0151m\u00e9rs\u00e9kleten t\u00e1rolhat\u00f3.<\/li>\n\n\n\n<li><strong>Sz\u00e1ll\u00edt\u00e1s<\/strong>: Az eur\u00f3pai kontinensen rugalmas sz\u00e1ll\u00edt\u00e1si lehet\u0151s\u00e9gekkel sz\u00e1ll\u00edtunk, bele\u00e9rtve a s\u00fcrg\u0151s megrendel\u00e9sek expressz k\u00e9zbes\u00edt\u00e9s\u00e9t is.<\/li>\n<\/ul>\n\n<div class=\"wp-block-columns is-layout-flex wp-container-core-columns-is-layout-28f84493 wp-block-columns-is-layout-flex\">\n<div class=\"wp-block-column is-layout-flow wp-block-column-is-layout-flow\"><div class=\"wp-block-image\">\n<figure class=\"aligncenter size-full is-resized\"><img decoding=\"async\" width=\"1000\" height=\"1000\" src=\"https:\/\/hojichawholesale.eu\/wp-content\/uploads\/2025\/01\/hojicha-latte-powder.webp\" alt=\"\" class=\"wp-image-7534\" style=\"width:314px;height:auto\" srcset=\"https:\/\/hojichawholesale.eu\/wp-content\/uploads\/2025\/01\/hojicha-latte-powder.webp 1000w, https:\/\/hojichawholesale.eu\/wp-content\/uploads\/2025\/01\/hojicha-latte-powder-300x300.webp 300w, https:\/\/hojichawholesale.eu\/wp-content\/uploads\/2025\/01\/hojicha-latte-powder-150x150.webp 150w, https:\/\/hojichawholesale.eu\/wp-content\/uploads\/2025\/01\/hojicha-latte-powder-768x768.webp 768w, https:\/\/hojichawholesale.eu\/wp-content\/uploads\/2025\/01\/hojicha-latte-powder-600x600.webp 600w\" sizes=\"(max-width: 1000px) 100vw, 1000px\" \/><\/figure>\n<\/div><\/div>\n\n\n\n<div class=\"wp-block-column is-layout-flow wp-block-column-is-layout-flow\"><div class=\"wp-block-image\">\n<figure class=\"aligncenter size-large is-resized\"><img decoding=\"async\" width=\"1024\" height=\"1024\" src=\"https:\/\/hojichawholesale.eu\/wp-content\/uploads\/2025\/01\/hojicha-latte-infused-1024x1024.webp\" alt=\"\" class=\"wp-image-7522\" style=\"width:325px;height:auto\" srcset=\"https:\/\/hojichawholesale.eu\/wp-content\/uploads\/2025\/01\/hojicha-latte-infused-1024x1024.webp 1024w, https:\/\/hojichawholesale.eu\/wp-content\/uploads\/2025\/01\/hojicha-latte-infused-300x300.webp 300w, https:\/\/hojichawholesale.eu\/wp-content\/uploads\/2025\/01\/hojicha-latte-infused-150x150.webp 150w, https:\/\/hojichawholesale.eu\/wp-content\/uploads\/2025\/01\/hojicha-latte-infused-768x768.webp 768w, https:\/\/hojichawholesale.eu\/wp-content\/uploads\/2025\/01\/hojicha-latte-infused-1536x1536.webp 1536w, https:\/\/hojichawholesale.eu\/wp-content\/uploads\/2025\/01\/hojicha-latte-infused-600x600.webp 600w, https:\/\/hojichawholesale.eu\/wp-content\/uploads\/2025\/01\/hojicha-latte-infused.webp 2000w\" sizes=\"(max-width: 1024px) 100vw, 1024px\" \/><\/figure>\n<\/div><\/div>\n<\/div>\n\n<hr class=\"wp-block-separator has-alpha-channel-opacity\"\/>\n\n<h2 class=\"wp-block-heading\">Hogyan k\u00e9sz\u00fclj\u00fcnk fel<\/h2>\n\n<ol class=\"wp-block-list\">\n<li><strong>Adjon 15 g<\/strong> Hojicha Powder Latte kever\u00e9ket a cs\u00e9sz\u00e9j\u00e9hez.<\/li>\n\n\n\n<li><strong>Adjunk hozz\u00e1 500 ml<\/strong> forr\u00f3 vizet vagy tejet (vagy tej alternat\u00edv\u00e1t).<\/li>\n\n\n\n<li>J\u00f3l keverj\u00fck \u00f6ssze, \u00e9s azonnal \u00e9lvezz\u00fck a kr\u00e9mes, finom hojicha latte-t.<\/li>\n<\/ol>\n\n<hr class=\"wp-block-separator has-alpha-channel-opacity\"\/>\n\n<h2 class=\"wp-block-heading\">Ide\u00e1lis<\/h2>\n\n<ul class=\"wp-block-list\">\n<li>K\u00e1v\u00e9z\u00f3k \u00e9s te\u00e1z\u00f3k, amelyek gyors \u00e9s k\u00f6nnyen elk\u00e9sz\u00edthet\u0151 hojicha latte opci\u00f3t keresnek a v\u00e1s\u00e1rl\u00f3k sz\u00e1m\u00e1ra.<\/li>\n\n\n\n<li>\u00c9ttermek \u00e9s sz\u00e1llod\u00e1k, akik finom em\u00e9szt\u00e9si seg\u00edts\u00e9get szeretn\u00e9nek k\u00edn\u00e1lni.  <\/li>\n\n\n\n<li>Pr\u00e9mium teaterm\u00e9keket \u00e9s instant italkever\u00e9keket k\u00edn\u00e1l\u00f3 kiskereskedelmi \u00fczletek.<\/li>\n<\/ul>\n\n<h2 class=\"wp-block-heading\">K\u00e9rjen mint\u00e1t m\u00e9g ma<\/h2>\n\n<p>K\u00edv\u00e1ncsi a pr\u00e9mium hojicha gazdag, p\u00f6rk\u00f6lt \u00edzeire?  <\/p>\n\n<p>Csak t\u00f6ltse ki adatait al\u00e1bb, \u00e9s k\u00fcld\u00fcnk \u00d6nnek egy mint\u00e1t. Tudassa vel\u00fcnk, ha konkr\u00e9t k\u00e9r\u00e9sei vannak, \u00e9s sz\u00edvesen testreszabjuk aj\u00e1nlatunkat az \u00d6n \u00fczleti ig\u00e9nyeinek megfelel\u0151en. <\/p>\n<div class=\"forminator-ui forminator-custom-form forminator-custom-form-1365 forminator-design--flat  forminator_ajax\" data-forminator-render=\"0\" data-form=\"forminator-module-1365\" data-uid=\"69d4948a39d4f\"><br\/><\/div><form\n\t\t\t\tid=\"forminator-module-1365\"\n\t\t\t\tclass=\"forminator-ui forminator-custom-form forminator-custom-form-1365 forminator-design--flat  forminator_ajax\"\n\t\t\t\tmethod=\"post\"\n\t\t\t\tdata-forminator-render=\"0\"\n\t\t\t\tdata-form-id=\"1365\"\n\t\t\t\t data-color-option=\"default\" data-design=\"flat\" data-grid=\"open\" style=\"display: none;\"\n\t\t\t\tdata-uid=\"69d4948a39d4f\"\n\t\t\t><div role=\"alert\" aria-live=\"polite\" class=\"forminator-response-message forminator-error\" aria-hidden=\"true\"><\/div><div class=\"forminator-row\"><div id=\"name-1\" class=\"forminator-field-name forminator-col forminator-col-6 \"><div class=\"forminator-field\"><input type=\"text\" name=\"name-1\" value=\"\" placeholder=\"First Name\" id=\"forminator-field-name-1_69d4948a39d4f\" class=\"forminator-input forminator-name--field\" aria-required=\"true\" autocomplete=\"name\" \/><\/div><\/div><div id=\"name-2\" class=\"forminator-field-name forminator-col forminator-col-6 \"><div class=\"forminator-field\"><input type=\"text\" name=\"name-2\" value=\"\" placeholder=\"Last Name\" id=\"forminator-field-name-2_69d4948a39d4f\" class=\"forminator-input forminator-name--field\" aria-required=\"true\" autocomplete=\"name\" \/><\/div><\/div><\/div><div class=\"forminator-row\"><div id=\"email-1\" class=\"forminator-field-email forminator-col forminator-col-12 \"><div class=\"forminator-field\"><input type=\"email\" name=\"email-1\" value=\"\" placeholder=\"Email\" id=\"forminator-field-email-1_69d4948a39d4f\" class=\"forminator-input forminator-email--field\" data-required=\"true\" aria-required=\"true\" autocomplete=\"email\" \/><\/div><\/div><\/div><div class=\"forminator-row\"><div id=\"phone-1\" class=\"forminator-field-phone forminator-col forminator-col-12 \"><div class=\"forminator-field\"><input type=\"text\" name=\"phone-1\" value=\"\" placeholder=\"Phone\" id=\"forminator-field-phone-1_69d4948a39d4f\" class=\"forminator-input forminator-field--phone\" data-required=\"\" aria-required=\"false\" autocomplete=\"off\" \/><\/div><\/div><\/div><div class=\"forminator-row\"><div id=\"textarea-1\" class=\"forminator-field-textarea forminator-col forminator-col-12 \"><div class=\"forminator-field\"><textarea name=\"textarea-1\" placeholder=\"Message\" id=\"forminator-field-textarea-1_69d4948a39d4f\" class=\"forminator-textarea\" rows=\"6\" style=\"min-height:140px;\" ><\/textarea><span id=\"forminator-field-textarea-1_69d4948a39d4f-description\" class=\"forminator-description\"><span data-limit=\"300\" data-type=\"words\" data-editor=\"\">0 \/ 300<\/span><\/span><\/div><\/div><\/div><div class=\"forminator-row\"><\/div><input type=\"hidden\" name=\"referer_url\" value=\"\" \/><div class=\"forminator-row forminator-row-last\"><div class=\"forminator-col\"><div class=\"forminator-field\"><button class=\"forminator-button forminator-button-submit\">Send<\/button><\/div><\/div><\/div><input type=\"hidden\" id=\"forminator_nonce\" name=\"forminator_nonce\" value=\"0b51ba8eba\" \/><input type=\"hidden\" name=\"_wp_http_referer\" value=\"\/hu\/wp-json\/wp\/v2\/pages\/8515\" \/><input type=\"hidden\" name=\"form_id\" value=\"1365\"><input type=\"hidden\" name=\"page_id\" value=\"8515\"><input type=\"hidden\" name=\"form_type\" value=\"default\"><input type=\"hidden\" name=\"current_url\" value=\"https:\/\/hojichawholesale.eu\/hu\/hojicha-por-latte-nagykereskedelem\/\"><input type=\"hidden\" name=\"render_id\" value=\"0\"><input type=\"hidden\" name=\"action\" value=\"forminator_submit_form_custom-forms\"><label for=\"input_6\" class=\"forminator-hidden\" aria-hidden=\"true\">Please do not fill in this field. <input id=\"input_6\" type=\"text\" name=\"input_6\" value=\"\" autocomplete=\"off\"><\/label><\/form>\n","protected":false},"excerpt":{"rendered":"<p>Hojicha por latte (nagykereskedelem) A Hojicha Powder Latte hojicha porb\u00f3l, n\u00e1dcukorb\u00f3l \u00e9s guargumib\u00f3l k\u00e9sz\u00fcl a t\u00f6k\u00e9letesen kiegyens\u00falyozott \u00e9s finom ital \u00e9rdek\u00e9ben. Keverhet\u0151 tejjel vagy tej alternat\u00edv\u00e1ival. Kiemelt term\u00e9kek Nagykereskedelmi inform\u00e1ci\u00f3k Hogyan k\u00e9sz\u00fclj\u00fcnk fel Ide\u00e1lis K\u00e9rjen mint\u00e1t m\u00e9g ma K\u00edv\u00e1ncsi a pr\u00e9mium hojicha gazdag, p\u00f6rk\u00f6lt \u00edzeire? Csak t\u00f6ltse ki adatait al\u00e1bb, \u00e9s k\u00fcld\u00fcnk \u00d6nnek egy mint\u00e1t. [&hellip;]<\/p>\n","protected":false},"author":1,"featured_media":8516,"parent":0,"menu_order":0,"comment_status":"closed","ping_status":"closed","template":"","meta":{"_surecart_dashboard_logo_width":"180px","_surecart_dashboard_show_logo":true,"_surecart_dashboard_navigation_orders":true,"_surecart_dashboard_navigation_invoices":true,"_surecart_dashboard_navigation_subscriptions":true,"_surecart_dashboard_navigation_downloads":true,"_surecart_dashboard_navigation_billing":true,"_surecart_dashboard_navigation_account":true,"footnotes":""},"class_list":["post-8515","page","type-page","status-publish","has-post-thumbnail","hentry","entry","has-media"],"mb":[],"mfb_rest_fields":["title","gutenberg_elementor_mode"],"_links":{"self":[{"href":"https:\/\/hojichawholesale.eu\/hu\/wp-json\/wp\/v2\/pages\/8515","targetHints":{"allow":["GET"]}}],"collection":[{"href":"https:\/\/hojichawholesale.eu\/hu\/wp-json\/wp\/v2\/pages"}],"about":[{"href":"https:\/\/hojichawholesale.eu\/hu\/wp-json\/wp\/v2\/types\/page"}],"author":[{"embeddable":true,"href":"https:\/\/hojichawholesale.eu\/hu\/wp-json\/wp\/v2\/users\/1"}],"replies":[{"embeddable":true,"href":"https:\/\/hojichawholesale.eu\/hu\/wp-json\/wp\/v2\/comments?post=8515"}],"version-history":[{"count":0,"href":"https:\/\/hojichawholesale.eu\/hu\/wp-json\/wp\/v2\/pages\/8515\/revisions"}],"wp:featuredmedia":[{"embeddable":true,"href":"https:\/\/hojichawholesale.eu\/hu\/wp-json\/wp\/v2\/media\/8516"}],"wp:attachment":[{"href":"https:\/\/hojichawholesale.eu\/hu\/wp-json\/wp\/v2\/media?parent=8515"}],"curies":[{"name":"wp","href":"https:\/\/api.w.org\/{rel}","templated":true}]}}