{"id":8501,"date":"2024-10-12T14:29:39","date_gmt":"2024-10-12T14:29:39","guid":{"rendered":"https:\/\/hojichawholesale.eu\/hojicha-levelekben-nagykereskedelem\/"},"modified":"2025-10-26T16:43:03","modified_gmt":"2025-10-26T16:43:03","slug":"hojicha-levelekben-nagykereskedelem","status":"publish","type":"page","link":"https:\/\/hojichawholesale.eu\/hu\/hojicha-levelekben-nagykereskedelem\/","title":{"rendered":"Hojicha levelekben (nagykereskedelem)"},"content":{"rendered":"\n<h1 class=\"wp-block-heading\">Hojicha levelekben (nagykereskedelem)<\/h1>\n\n<p>A Hojicha egy pr\u00e9mium p\u00f6rk\u00f6lt jap\u00e1n z\u00f6ld tea, amely l\u00e1gy \u00e9s f\u00fcst\u00f6s \u00edzt k\u00edn\u00e1l. Hojich\u00e1nkat jap\u00e1n teafarmokr\u00f3l szerzik be \u00e9s k\u00f6zvetlen\u00fcl csomagolj\u00e1k, biztos\u00edtva a kiv\u00e1l\u00f3 min\u0151s\u00e9get, a frissess\u00e9get \u00e9s az autentikus p\u00f6rk\u00f6lt \u00edzt. <\/p>\n<div class=\"wp-block-image\">\n<figure class=\"aligncenter size-full is-resized\"><img fetchpriority=\"high\" decoding=\"async\" width=\"1000\" height=\"1000\" src=\"https:\/\/hojichawholesale.eu\/wp-content\/uploads\/2025\/01\/Hojicha-dark-leaf-both.webp\" alt=\"A hojicha s&#xF6;t&#xE9;t p&#xF6;rk&#xF6;l&#xE9;s &#xF6;sszehasonl&#xED;t&#xE1;sa levelekben VS hojicha s&#xF6;t&#xE9;t p&#xF6;rk&#xF6;l&#xE9;s inf&#xFA;zi&#xF3;s levelekben\" class=\"wp-image-7434\" style=\"width:365px;height:auto\" srcset=\"https:\/\/hojichawholesale.eu\/wp-content\/uploads\/2025\/01\/Hojicha-dark-leaf-both.webp 1000w, https:\/\/hojichawholesale.eu\/wp-content\/uploads\/2025\/01\/Hojicha-dark-leaf-both-300x300.webp 300w, https:\/\/hojichawholesale.eu\/wp-content\/uploads\/2025\/01\/Hojicha-dark-leaf-both-150x150.webp 150w, https:\/\/hojichawholesale.eu\/wp-content\/uploads\/2025\/01\/Hojicha-dark-leaf-both-768x768.webp 768w, https:\/\/hojichawholesale.eu\/wp-content\/uploads\/2025\/01\/Hojicha-dark-leaf-both-600x600.webp 600w\" sizes=\"(max-width: 1000px) 100vw, 1000px\" \/><\/figure>\n<\/div>\n<hr class=\"wp-block-separator has-alpha-channel-opacity\"\/>\n\n<h2 class=\"wp-block-heading\">Kiemelt term\u00e9kek<\/h2>\n\n<ul class=\"wp-block-list\">\n<li><strong>T\u00edpus<\/strong>: P\u00f6rk\u00f6lt z\u00f6ld tea (Hojicha)<\/li>\n\n\n\n<li><strong>Sz\u00e1rmaz\u00e1si hely<\/strong>: Shizuoka, Jap\u00e1n<\/li>\n\n\n\n<li><strong>Forma<\/strong>: Levelek<\/li>\n\n\n\n<li><strong>P\u00f6rk\u00f6l\u00e9si szint<\/strong>: K\u00f6zepes<\/li>\n\n\n\n<li><strong>Betakar\u00edt\u00e1si szezon:<\/strong> tavasz\/ny\u00e1r<\/li>\n\n\n\n<li><strong>Feldolgoz\u00e1s:<\/strong> P\u00f6rk\u00f6lt z\u00f6ld tea levelek porcel\u00e1nban.  <\/li>\n\n\n\n<li><strong>\u00cdzprofil:<\/strong> Sima, p\u00f6rk\u00f6lt, \u00e9des karamell \u00e9s di\u00f3s felhanggal<\/li>\n\n\n\n<li><strong>Koffein:<\/strong> Alacsony<\/li>\n\n\n\n<li><strong>Csomagol\u00e1s<\/strong>: 500 g-os doypack-ban (visszaz\u00e1rhat\u00f3 zacsk\u00f3ban) kaphat\u00f3. Nem c\u00edmk\u00e9zett. <\/li>\n<\/ul>\n\n<hr class=\"wp-block-separator has-alpha-channel-opacity\"\/>\n\n<h2 class=\"wp-block-heading\">A Hojicha por el\u0151nyei<\/h2>\n\n<ul class=\"wp-block-list\">\n<li><strong>Gazdag \u00edz:<\/strong> Intenz\u00edv p\u00f6rk\u00f6lt \u00edz forr\u00f3 v\u00edzbe \u00e1ztatva.<\/li>\n\n\n\n<li><strong>Alacsony koffeinszint<\/strong>: T\u00f6k\u00e9letes eg\u00e9sz nap, ak\u00e1r este is.<\/li>\n\n\n\n<li><strong>Sokoldal\u00fa<\/strong>: Ide\u00e1lis reggelre, d\u00e9lre, d\u00e9lut\u00e1nra \u00e9s est\u00e9re.  <\/li>\n<\/ul>\n\n<hr class=\"wp-block-separator has-alpha-channel-opacity\"\/>\n\n<h2 class=\"wp-block-heading\">Nagykereskedelmi inform\u00e1ci\u00f3k<\/h2>\n\n<ul class=\"wp-block-list\">\n<li><strong>Minim\u00e1lis rendel\u00e9si mennyis\u00e9g (MOQ):<\/strong> 500g (1 x 500g tasak)<\/li>\n\n\n\n<li><strong>T\u00f6meges \u00e1rk\u00e9pz\u00e9s<\/strong>: K\u00fcl\u00f6nleges \u00e1rak\u00e9rt forduljon hozz\u00e1.  <\/li>\n\n\n\n<li><strong>T\u00e1rol\u00e1s<\/strong>: H\u0171v\u00f6s, sz\u00e1raz k\u00f6rnyezetben t\u00e1roland\u00f3.  <\/li>\n\n\n\n<li><strong>Lej\u00e1rati id\u0151<\/strong>: A Hojicha bontatlanul legfeljebb k\u00e9t \u00e9vig eltarthat\u00f3, \u00e9s 5\u00b0C \u2013 10\u00b0C h\u0151m\u00e9rs\u00e9kleten t\u00e1rolhat\u00f3.<\/li>\n\n\n\n<li><strong>Sz\u00e1ll\u00edt\u00e1s<\/strong>: Az eur\u00f3pai kontinensen rugalmas sz\u00e1ll\u00edt\u00e1si lehet\u0151s\u00e9gekkel sz\u00e1ll\u00edtunk, bele\u00e9rtve a s\u00fcrg\u0151s megrendel\u00e9sek expressz k\u00e9zbes\u00edt\u00e9s\u00e9t is.<\/li>\n<\/ul>\n\n<div class=\"wp-block-columns is-layout-flex wp-container-core-columns-is-layout-28f84493 wp-block-columns-is-layout-flex\">\n<div class=\"wp-block-column is-layout-flow wp-block-column-is-layout-flow\"><div class=\"wp-block-image\">\n<figure class=\"aligncenter size-full is-resized\"><img decoding=\"async\" width=\"1000\" height=\"1000\" src=\"https:\/\/hojichawholesale.eu\/wp-content\/uploads\/2025\/01\/Hojicha-dark-leaf.webp\" alt=\"\" class=\"wp-image-7458\" style=\"width:311px;height:auto\" srcset=\"https:\/\/hojichawholesale.eu\/wp-content\/uploads\/2025\/01\/Hojicha-dark-leaf.webp 1000w, https:\/\/hojichawholesale.eu\/wp-content\/uploads\/2025\/01\/Hojicha-dark-leaf-300x300.webp 300w, https:\/\/hojichawholesale.eu\/wp-content\/uploads\/2025\/01\/Hojicha-dark-leaf-150x150.webp 150w, https:\/\/hojichawholesale.eu\/wp-content\/uploads\/2025\/01\/Hojicha-dark-leaf-768x768.webp 768w, https:\/\/hojichawholesale.eu\/wp-content\/uploads\/2025\/01\/Hojicha-dark-leaf-600x600.webp 600w\" sizes=\"(max-width: 1000px) 100vw, 1000px\" \/><\/figure>\n<\/div><\/div>\n\n\n\n<div class=\"wp-block-column is-layout-flow wp-block-column-is-layout-flow\"><div class=\"wp-block-image\">\n<figure class=\"aligncenter size-large is-resized\"><img decoding=\"async\" width=\"1024\" height=\"1024\" src=\"https:\/\/hojichawholesale.eu\/wp-content\/uploads\/2025\/01\/Hojicha-dark-leaf-infused-1024x1024.webp\" alt=\"\" class=\"wp-image-7446\" style=\"width:313px;height:auto\" srcset=\"https:\/\/hojichawholesale.eu\/wp-content\/uploads\/2025\/01\/Hojicha-dark-leaf-infused-1024x1024.webp 1024w, https:\/\/hojichawholesale.eu\/wp-content\/uploads\/2025\/01\/Hojicha-dark-leaf-infused-300x300.webp 300w, https:\/\/hojichawholesale.eu\/wp-content\/uploads\/2025\/01\/Hojicha-dark-leaf-infused-150x150.webp 150w, https:\/\/hojichawholesale.eu\/wp-content\/uploads\/2025\/01\/Hojicha-dark-leaf-infused-768x768.webp 768w, https:\/\/hojichawholesale.eu\/wp-content\/uploads\/2025\/01\/Hojicha-dark-leaf-infused-1536x1536.webp 1536w, https:\/\/hojichawholesale.eu\/wp-content\/uploads\/2025\/01\/Hojicha-dark-leaf-infused-600x600.webp 600w, https:\/\/hojichawholesale.eu\/wp-content\/uploads\/2025\/01\/Hojicha-dark-leaf-infused.webp 2000w\" sizes=\"(max-width: 1024px) 100vw, 1024px\" \/><\/figure>\n<\/div><\/div>\n<\/div>\n\n<hr class=\"wp-block-separator has-alpha-channel-opacity\"\/>\n\n<h2 class=\"wp-block-heading\">Hogyan kell haszn\u00e1lni a Hojicha port<\/h2>\n\n<ul class=\"wp-block-list\">\n<li><strong>Hojicha<\/strong>: Keverjen \u00f6ssze 2 te\u00e1skan\u00e1l Hojich\u00e1t 200 ml forr\u00f3 v\u00edzzel.<\/li>\n<\/ul>\n\n<hr class=\"wp-block-separator has-alpha-channel-opacity\"\/>\n\n<h2 class=\"wp-block-heading\">Ide\u00e1lis<\/h2>\n\n<ul class=\"wp-block-list\">\n<li>K\u00e1v\u00e9z\u00f3k \u00e9s te\u00e1z\u00f3k, amelyek p\u00f6rk\u00f6lt z\u00f6ld tea italokat, p\u00e9ld\u00e1ul Hojicha-t szeretn\u00e9nek felvenni az \u00e9tlapjukra.<\/li>\n\n\n\n<li>Eg\u00e9szs\u00e9gtudatos v\u00e1s\u00e1rl\u00f3k, akik az alacsony koffeintartalm\u00fa tea alternat\u00edv\u00e1j\u00e1t r\u00e9szes\u00edtik el\u0151nyben.<\/li>\n<\/ul>\n\n<h2 class=\"wp-block-heading\">K\u00e9rjen mint\u00e1t m\u00e9g ma<\/h2>\n\n<p>K\u00edv\u00e1ncsi a pr\u00e9mium hojicha gazdag, p\u00f6rk\u00f6lt \u00edzeire?  <\/p>\n\n<p>Csak t\u00f6ltse ki adatait al\u00e1bb, \u00e9s k\u00fcld\u00fcnk \u00d6nnek egy mint\u00e1t. Tudassa vel\u00fcnk, ha konkr\u00e9t k\u00e9r\u00e9sei vannak, \u00e9s sz\u00edvesen testreszabjuk aj\u00e1nlatunkat az \u00d6n \u00fczleti ig\u00e9nyeinek megfelel\u0151en. <\/p>\n<div class=\"forminator-ui forminator-custom-form forminator-custom-form-1365 forminator-design--flat  forminator_ajax\" data-forminator-render=\"0\" data-form=\"forminator-module-1365\" data-uid=\"69d8c14778ab5\"><br\/><\/div><form\n\t\t\t\tid=\"forminator-module-1365\"\n\t\t\t\tclass=\"forminator-ui forminator-custom-form forminator-custom-form-1365 forminator-design--flat  forminator_ajax\"\n\t\t\t\tmethod=\"post\"\n\t\t\t\tdata-forminator-render=\"0\"\n\t\t\t\tdata-form-id=\"1365\"\n\t\t\t\t data-color-option=\"default\" data-design=\"flat\" data-grid=\"open\" style=\"display: none;\"\n\t\t\t\tdata-uid=\"69d8c14778ab5\"\n\t\t\t><div role=\"alert\" aria-live=\"polite\" class=\"forminator-response-message forminator-error\" aria-hidden=\"true\"><\/div><div class=\"forminator-row\"><div id=\"name-1\" class=\"forminator-field-name forminator-col forminator-col-6 \"><div class=\"forminator-field\"><input type=\"text\" name=\"name-1\" value=\"\" placeholder=\"First Name\" id=\"forminator-field-name-1_69d8c14778ab5\" class=\"forminator-input forminator-name--field\" aria-required=\"true\" autocomplete=\"name\" \/><\/div><\/div><div id=\"name-2\" class=\"forminator-field-name forminator-col forminator-col-6 \"><div class=\"forminator-field\"><input type=\"text\" name=\"name-2\" value=\"\" placeholder=\"Last Name\" id=\"forminator-field-name-2_69d8c14778ab5\" class=\"forminator-input forminator-name--field\" aria-required=\"true\" autocomplete=\"name\" \/><\/div><\/div><\/div><div class=\"forminator-row\"><div id=\"email-1\" class=\"forminator-field-email forminator-col forminator-col-12 \"><div class=\"forminator-field\"><input type=\"email\" name=\"email-1\" value=\"\" placeholder=\"Email\" id=\"forminator-field-email-1_69d8c14778ab5\" class=\"forminator-input forminator-email--field\" data-required=\"true\" aria-required=\"true\" autocomplete=\"email\" \/><\/div><\/div><\/div><div class=\"forminator-row\"><div id=\"phone-1\" class=\"forminator-field-phone forminator-col forminator-col-12 \"><div class=\"forminator-field\"><input type=\"text\" name=\"phone-1\" value=\"\" placeholder=\"Phone\" id=\"forminator-field-phone-1_69d8c14778ab5\" class=\"forminator-input forminator-field--phone\" data-required=\"\" aria-required=\"false\" autocomplete=\"off\" \/><\/div><\/div><\/div><div class=\"forminator-row\"><div id=\"textarea-1\" class=\"forminator-field-textarea forminator-col forminator-col-12 \"><div class=\"forminator-field\"><textarea name=\"textarea-1\" placeholder=\"Message\" id=\"forminator-field-textarea-1_69d8c14778ab5\" class=\"forminator-textarea\" rows=\"6\" style=\"min-height:140px;\" ><\/textarea><span id=\"forminator-field-textarea-1_69d8c14778ab5-description\" class=\"forminator-description\"><span data-limit=\"300\" data-type=\"words\" data-editor=\"\">0 \/ 300<\/span><\/span><\/div><\/div><\/div><div class=\"forminator-row\"><\/div><input type=\"hidden\" name=\"referer_url\" value=\"\" \/><div class=\"forminator-row forminator-row-last\"><div class=\"forminator-col\"><div class=\"forminator-field\"><button class=\"forminator-button forminator-button-submit\">Send<\/button><\/div><\/div><\/div><input type=\"hidden\" id=\"forminator_nonce\" name=\"forminator_nonce\" value=\"9ec8a6b542\" \/><input type=\"hidden\" name=\"_wp_http_referer\" value=\"\/hu\/wp-json\/wp\/v2\/pages\/8501\" \/><input type=\"hidden\" name=\"form_id\" value=\"1365\"><input type=\"hidden\" name=\"page_id\" value=\"8501\"><input type=\"hidden\" name=\"form_type\" value=\"default\"><input type=\"hidden\" name=\"current_url\" value=\"https:\/\/hojichawholesale.eu\/hu\/hojicha-levelekben-nagykereskedelem\/\"><input type=\"hidden\" name=\"render_id\" value=\"0\"><input type=\"hidden\" name=\"action\" value=\"forminator_submit_form_custom-forms\"><label for=\"input_6\" class=\"forminator-hidden\" aria-hidden=\"true\">Please do not fill in this field. <input id=\"input_6\" type=\"text\" name=\"input_6\" value=\"\" autocomplete=\"off\"><\/label><\/form>\n","protected":false},"excerpt":{"rendered":"<p>Hojicha levelekben (nagykereskedelem) A Hojicha egy pr\u00e9mium p\u00f6rk\u00f6lt jap\u00e1n z\u00f6ld tea, amely l\u00e1gy \u00e9s f\u00fcst\u00f6s \u00edzt k\u00edn\u00e1l. Hojich\u00e1nkat jap\u00e1n teafarmokr\u00f3l szerzik be \u00e9s k\u00f6zvetlen\u00fcl csomagolj\u00e1k, biztos\u00edtva a kiv\u00e1l\u00f3 min\u0151s\u00e9get, a frissess\u00e9get \u00e9s az autentikus p\u00f6rk\u00f6lt \u00edzt. Kiemelt term\u00e9kek A Hojicha por el\u0151nyei Nagykereskedelmi inform\u00e1ci\u00f3k Hogyan kell haszn\u00e1lni a Hojicha port Ide\u00e1lis K\u00e9rjen mint\u00e1t m\u00e9g ma [&hellip;]<\/p>\n","protected":false},"author":1,"featured_media":8505,"parent":0,"menu_order":0,"comment_status":"closed","ping_status":"closed","template":"","meta":{"_surecart_dashboard_logo_width":"180px","_surecart_dashboard_show_logo":true,"_surecart_dashboard_navigation_orders":true,"_surecart_dashboard_navigation_invoices":true,"_surecart_dashboard_navigation_subscriptions":true,"_surecart_dashboard_navigation_downloads":true,"_surecart_dashboard_navigation_billing":true,"_surecart_dashboard_navigation_account":true,"footnotes":""},"class_list":["post-8501","page","type-page","status-publish","has-post-thumbnail","hentry","entry","has-media"],"mb":[],"mfb_rest_fields":["title","gutenberg_elementor_mode"],"_links":{"self":[{"href":"https:\/\/hojichawholesale.eu\/hu\/wp-json\/wp\/v2\/pages\/8501","targetHints":{"allow":["GET"]}}],"collection":[{"href":"https:\/\/hojichawholesale.eu\/hu\/wp-json\/wp\/v2\/pages"}],"about":[{"href":"https:\/\/hojichawholesale.eu\/hu\/wp-json\/wp\/v2\/types\/page"}],"author":[{"embeddable":true,"href":"https:\/\/hojichawholesale.eu\/hu\/wp-json\/wp\/v2\/users\/1"}],"replies":[{"embeddable":true,"href":"https:\/\/hojichawholesale.eu\/hu\/wp-json\/wp\/v2\/comments?post=8501"}],"version-history":[{"count":0,"href":"https:\/\/hojichawholesale.eu\/hu\/wp-json\/wp\/v2\/pages\/8501\/revisions"}],"wp:featuredmedia":[{"embeddable":true,"href":"https:\/\/hojichawholesale.eu\/hu\/wp-json\/wp\/v2\/media\/8505"}],"wp:attachment":[{"href":"https:\/\/hojichawholesale.eu\/hu\/wp-json\/wp\/v2\/media?parent=8501"}],"curies":[{"name":"wp","href":"https:\/\/api.w.org\/{rel}","templated":true}]}}