{"id":8491,"date":"2024-10-12T14:14:16","date_gmt":"2024-10-12T14:14:16","guid":{"rendered":"https:\/\/hojichawholesale.eu\/hojicha-sotet-porkolt-por-nagykereskedelem\/"},"modified":"2025-12-10T19:00:35","modified_gmt":"2025-12-10T19:00:35","slug":"hojicha-sotet-porkolt-por-nagykereskedelem","status":"publish","type":"page","link":"https:\/\/hojichawholesale.eu\/hu\/hojicha-sotet-porkolt-por-nagykereskedelem\/","title":{"rendered":"Hojicha s\u00f6t\u00e9t p\u00f6rk\u00f6lt por (nagykereskedelem)"},"content":{"rendered":"\n<h1 class=\"wp-block-heading\">Hojicha s\u00f6t\u00e9t p\u00f6rk\u00f6lt por (nagykereskedelem)<\/h1>\n\n<p>A <strong>Hojicha Dark Roast<\/strong> <strong>por <\/strong>m\u00e9ly, intenz\u00edv p\u00f6rk\u00f6lt \u00edzt biztos\u00edt, t\u00f6k\u00e9letes azok sz\u00e1m\u00e1ra, akik robusztusabb \u00e9s testesebb tea\u00e9lm\u00e9nyre v\u00e1gynak.<\/p>\n<div class=\"wp-block-image\">\n<figure class=\"aligncenter size-full is-resized\"><img fetchpriority=\"high\" decoding=\"async\" width=\"1000\" height=\"1000\" src=\"https:\/\/hojichawholesale.eu\/wp-content\/uploads\/2025\/01\/hojicha-dark-powder-both.webp\" alt=\"A hojicha s&#xF6;t&#xE9;t por &#xE9;s az oldott hojicha s&#xF6;t&#xE9;t por &#xF6;sszehasonl&#xED;t&#xE1;sa\" class=\"wp-image-7396\" style=\"width:323px;height:auto\" srcset=\"https:\/\/hojichawholesale.eu\/wp-content\/uploads\/2025\/01\/hojicha-dark-powder-both.webp 1000w, https:\/\/hojichawholesale.eu\/wp-content\/uploads\/2025\/01\/hojicha-dark-powder-both-300x300.webp 300w, https:\/\/hojichawholesale.eu\/wp-content\/uploads\/2025\/01\/hojicha-dark-powder-both-150x150.webp 150w, https:\/\/hojichawholesale.eu\/wp-content\/uploads\/2025\/01\/hojicha-dark-powder-both-768x768.webp 768w, https:\/\/hojichawholesale.eu\/wp-content\/uploads\/2025\/01\/hojicha-dark-powder-both-600x600.webp 600w\" sizes=\"(max-width: 1000px) 100vw, 1000px\" \/><\/figure>\n<\/div>\n<hr class=\"wp-block-separator has-alpha-channel-opacity\"\/>\n\n<h2 class=\"wp-block-heading\">Kiemelt term\u00e9kek<\/h2>\n\n<ul class=\"wp-block-list\">\n<li><strong>T\u00edpus<\/strong>: P\u00f6rk\u00f6lt z\u00f6ld tea (Hojicha)<\/li>\n\n\n\n<li><strong>Forma<\/strong>: Por<\/li>\n\n\n\n<li><strong>Sz\u00e1rmaz\u00e1si hely<\/strong>: Shizuoka, Jap\u00e1n<\/li>\n\n\n\n<li><strong>P\u00f6rk\u00f6l\u00e9si szint<\/strong>: S\u00f6t\u00e9t<\/li>\n\n\n\n<li><strong>Betakar\u00edt\u00e1si szezon:<\/strong> tavasz\/ny\u00e1r<\/li>\n\n\n\n<li><strong>Feldolgoz\u00e1s<\/strong>: M\u00e9lyen p\u00f6rk\u00f6lt (300\u00b0C) porcel\u00e1nban, hogy mer\u00e9sz, f\u00fcst\u00f6s arom\u00e1t hozzon l\u00e9tre.<\/li>\n\n\n\n<li><strong>\u00cdzprofil:<\/strong> F\u00fcst\u00f6s, gazdag \u00e9s enyh\u00e9n \u00e9des, mer\u00e9sz karamell felhanggal.<\/li>\n\n\n\n<li><strong>Koffein:<\/strong> Nagyon alacsony<\/li>\n\n\n\n<li><strong>Csomagol\u00e1s<\/strong>: 1 kg-os zs\u00e1kokban kaphat\u00f3. A csomagol\u00e1s a k\u00e9r\u00e9s\u00e9re el\u00e9rhet\u0151.   <\/li>\n<\/ul>\n\n<hr class=\"wp-block-separator has-alpha-channel-opacity\"\/>\n\n<h2 class=\"wp-block-heading\">A s\u00f6t\u00e9t p\u00f6rk\u00f6lt Hojicha el\u0151nyei<\/h2>\n\n<ul class=\"wp-block-list\">\n<li><strong>Gazdag \u00edz:<\/strong> A m\u00e9lyp\u00f6rk\u00f6l\u00e9s intenz\u00edv, f\u00fcst\u00f6s jegyeket hoz l\u00e9tre, amelyek j\u00f3l p\u00e1rosulnak desszertekkel vagy \u00f6n\u00e1ll\u00f3 teak\u00e9nt.<\/li>\n\n\n\n<li><strong>Alacsony koffeinszint<\/strong>: \u00c9lvezze a nap b\u00e1rmely szak\u00e1ban idegess\u00e9g n\u00e9lk\u00fcl.<\/li>\n\n\n\n<li><strong>Meleg \u00e9s megnyugtat\u00f3<\/strong>: A s\u00f6t\u00e9t p\u00f6rk\u00f6l\u00e9s f\u00f6ldel\u0151 \u00e9s nyugtat\u00f3 \u00e9lm\u00e9nyt ny\u00fajt, t\u00f6k\u00e9letes a hidegebb h\u00f3napokra.<\/li>\n<\/ul>\n\n<div class=\"wp-block-columns is-layout-flex wp-container-core-columns-is-layout-28f84493 wp-block-columns-is-layout-flex\">\n<div class=\"wp-block-column is-layout-flow wp-block-column-is-layout-flow\"><div class=\"wp-block-image\">\n<figure class=\"aligncenter size-full is-resized\"><img decoding=\"async\" width=\"1000\" height=\"1000\" src=\"https:\/\/hojichawholesale.eu\/wp-content\/uploads\/2025\/01\/hojicha-dark-powder.webp\" alt=\"Hojicha s&#xF6;t&#xE9;t p&#xF6;rk&#xF6;lt por\" class=\"wp-image-7420\" style=\"width:306px;height:auto\" srcset=\"https:\/\/hojichawholesale.eu\/wp-content\/uploads\/2025\/01\/hojicha-dark-powder.webp 1000w, https:\/\/hojichawholesale.eu\/wp-content\/uploads\/2025\/01\/hojicha-dark-powder-300x300.webp 300w, https:\/\/hojichawholesale.eu\/wp-content\/uploads\/2025\/01\/hojicha-dark-powder-150x150.webp 150w, https:\/\/hojichawholesale.eu\/wp-content\/uploads\/2025\/01\/hojicha-dark-powder-768x768.webp 768w, https:\/\/hojichawholesale.eu\/wp-content\/uploads\/2025\/01\/hojicha-dark-powder-600x600.webp 600w\" sizes=\"(max-width: 1000px) 100vw, 1000px\" \/><\/figure>\n<\/div><\/div>\n\n\n\n<div class=\"wp-block-column is-layout-flow wp-block-column-is-layout-flow\"><div class=\"wp-block-image\">\n<figure class=\"aligncenter size-large is-resized\"><img decoding=\"async\" width=\"1024\" height=\"1024\" src=\"https:\/\/hojichawholesale.eu\/wp-content\/uploads\/2025\/01\/hojicha-dark-powder-infused-1024x1024.webp\" alt=\"Hojicha s&#xF6;t&#xE9;t p&#xF6;rk&#xF6;l&#xE9;s por inf&#xFA;zi&#xF3;val\" class=\"wp-image-7408\" style=\"width:302px;height:auto\" srcset=\"https:\/\/hojichawholesale.eu\/wp-content\/uploads\/2025\/01\/hojicha-dark-powder-infused-1024x1024.webp 1024w, https:\/\/hojichawholesale.eu\/wp-content\/uploads\/2025\/01\/hojicha-dark-powder-infused-300x300.webp 300w, https:\/\/hojichawholesale.eu\/wp-content\/uploads\/2025\/01\/hojicha-dark-powder-infused-150x150.webp 150w, https:\/\/hojichawholesale.eu\/wp-content\/uploads\/2025\/01\/hojicha-dark-powder-infused-768x768.webp 768w, https:\/\/hojichawholesale.eu\/wp-content\/uploads\/2025\/01\/hojicha-dark-powder-infused-1536x1536.webp 1536w, https:\/\/hojichawholesale.eu\/wp-content\/uploads\/2025\/01\/hojicha-dark-powder-infused-600x600.webp 600w, https:\/\/hojichawholesale.eu\/wp-content\/uploads\/2025\/01\/hojicha-dark-powder-infused.webp 2000w\" sizes=\"(max-width: 1024px) 100vw, 1024px\" \/><\/figure>\n<\/div><\/div>\n<\/div>\n\n<hr class=\"wp-block-separator has-alpha-channel-opacity\"\/>\n\n<h2 class=\"wp-block-heading\">Nagykereskedelmi inform\u00e1ci\u00f3k<\/h2>\n\n<ul class=\"wp-block-list\">\n<li><strong>Minim\u00e1lis rendel\u00e9si mennyis\u00e9g (MOQ):<\/strong> 5 zs\u00e1k 100 grammos.<\/li>\n\n\n\n<li><strong>T\u00f6meges \u00e1rk\u00e9pz\u00e9s<\/strong>: Vegye fel vel\u00fcnk a kapcsolatot az al\u00e1bbiakban a rendel\u00e9s m\u00e9rete alapj\u00e1n t\u00f6rt\u00e9n\u0151 k\u00fcl\u00f6nleges \u00e1rak\u00e9rt.<\/li>\n\n\n\n<li><strong>Lej\u00e1rati id\u0151<\/strong>: A Hojicha bontatlanul legfeljebb k\u00e9t \u00e9vig eltarthat\u00f3, \u00e9s 5\u00b0C \u2013 10\u00b0C h\u0151m\u00e9rs\u00e9kleten t\u00e1rolhat\u00f3.<\/li>\n\n\n\n<li><strong>Sz\u00e1ll\u00edt\u00e1s<\/strong>: Izlandt\u00f3l Isztambulig Eur\u00f3pa-szerte sz\u00e1ll\u00edtunk, rugalmas sz\u00e1ll\u00edt\u00e1si lehet\u0151s\u00e9gekkel, bele\u00e9rtve a s\u00fcrg\u0151s megrendel\u00e9sek expressz k\u00e9zbes\u00edt\u00e9s\u00e9t is.<\/li>\n<\/ul>\n\n<hr class=\"wp-block-separator has-alpha-channel-opacity\"\/>\n\n<h2 class=\"wp-block-heading\">Hogyan kell f\u0151zni<\/h2>\n\n<ol class=\"wp-block-list\">\n<li><strong>Tea mennyis\u00e9ge<\/strong>: 8g tea 500 ml v\u00edzhez<\/li>\n\n\n\n<li><strong>V\u00edzh\u0151m\u00e9rs\u00e9klet<\/strong>: 80\u00b0C  <\/li>\n\n\n\n<li><strong>\u00c1ztat\u00e1si id\u0151<\/strong>: 2-3 perc az er\u0151s, gazdag f\u0151z\u00e9shez<\/li>\n<\/ol>\n\n<hr class=\"wp-block-separator has-alpha-channel-opacity\"\/>\n\n<h2 class=\"wp-block-heading\">T\u00f6k\u00e9letes<\/h2>\n\n<ul class=\"wp-block-list\">\n<li>Cs\u00facskateg\u00f3ri\u00e1s teaboltok, k\u00e1v\u00e9z\u00f3k \u00e9s \u00e9ttermek, amelyek pr\u00e9mium s\u00f6t\u00e9t p\u00f6rk\u00f6l\u00e9si lehet\u0151s\u00e9get szeretn\u00e9nek k\u00edn\u00e1lni \u00fcgyfeleiknek.  <\/li>\n\n\n\n<li>Azok a v\u00e1s\u00e1rl\u00f3k, akik mer\u00e9sz, alacsony koffeintartalm\u00fa alternat\u00edv\u00e1t keresnek a k\u00e1v\u00e9 helyett.<\/li>\n\n\n\n<li>Jellegzetes teakever\u00e9kek k\u00e9sz\u00edt\u00e9se vagy kulin\u00e1ris receptek \u00f6sszetev\u0151jek\u00e9nt.<\/li>\n<\/ul>\n\n<h2 class=\"wp-block-heading\">K\u00e9rjen mint\u00e1t m\u00e9g ma<\/h2>\n\n<p>K\u00edv\u00e1ncsi a pr\u00e9mium hojicha gazdag, p\u00f6rk\u00f6lt \u00edzeire?  <\/p>\n\n<p>Csak t\u00f6ltse ki adatait al\u00e1bb, \u00e9s k\u00fcld\u00fcnk \u00d6nnek egy mint\u00e1t. Tudassa vel\u00fcnk, ha konkr\u00e9t k\u00e9r\u00e9sei vannak, \u00e9s sz\u00edvesen testreszabjuk aj\u00e1nlatunkat az \u00d6n \u00fczleti ig\u00e9nyeinek megfelel\u0151en. <\/p>\n<div class=\"forminator-ui forminator-custom-form forminator-custom-form-1365 forminator-design--flat  forminator_ajax\" data-forminator-render=\"0\" data-form=\"forminator-module-1365\" data-uid=\"69de35531b06d\"><br\/><\/div><form\n\t\t\t\tid=\"forminator-module-1365\"\n\t\t\t\tclass=\"forminator-ui forminator-custom-form forminator-custom-form-1365 forminator-design--flat  forminator_ajax\"\n\t\t\t\tmethod=\"post\"\n\t\t\t\tdata-forminator-render=\"0\"\n\t\t\t\tdata-form-id=\"1365\"\n\t\t\t\t data-color-option=\"default\" data-design=\"flat\" data-grid=\"open\" style=\"display: none;\"\n\t\t\t\tdata-uid=\"69de35531b06d\"\n\t\t\t><div role=\"alert\" aria-live=\"polite\" class=\"forminator-response-message forminator-error\" aria-hidden=\"true\"><\/div><div class=\"forminator-row\"><div id=\"name-1\" class=\"forminator-field-name forminator-col forminator-col-6 \"><div class=\"forminator-field\"><input type=\"text\" name=\"name-1\" value=\"\" placeholder=\"First Name\" id=\"forminator-field-name-1_69de35531b06d\" class=\"forminator-input forminator-name--field\" aria-required=\"true\" autocomplete=\"name\" \/><\/div><\/div><div id=\"name-2\" class=\"forminator-field-name forminator-col forminator-col-6 \"><div class=\"forminator-field\"><input type=\"text\" name=\"name-2\" value=\"\" placeholder=\"Last Name\" id=\"forminator-field-name-2_69de35531b06d\" class=\"forminator-input forminator-name--field\" aria-required=\"true\" autocomplete=\"name\" \/><\/div><\/div><\/div><div class=\"forminator-row\"><div id=\"email-1\" class=\"forminator-field-email forminator-col forminator-col-12 \"><div class=\"forminator-field\"><input type=\"email\" name=\"email-1\" value=\"\" placeholder=\"Email\" id=\"forminator-field-email-1_69de35531b06d\" class=\"forminator-input forminator-email--field\" data-required=\"true\" aria-required=\"true\" autocomplete=\"email\" \/><\/div><\/div><\/div><div class=\"forminator-row\"><div id=\"phone-1\" class=\"forminator-field-phone forminator-col forminator-col-12 \"><div class=\"forminator-field\"><input type=\"text\" name=\"phone-1\" value=\"\" placeholder=\"Phone\" id=\"forminator-field-phone-1_69de35531b06d\" class=\"forminator-input forminator-field--phone\" data-required=\"\" aria-required=\"false\" autocomplete=\"off\" \/><\/div><\/div><\/div><div class=\"forminator-row\"><div id=\"textarea-1\" class=\"forminator-field-textarea forminator-col forminator-col-12 \"><div class=\"forminator-field\"><textarea name=\"textarea-1\" placeholder=\"Message\" id=\"forminator-field-textarea-1_69de35531b06d\" class=\"forminator-textarea\" rows=\"6\" style=\"min-height:140px;\" ><\/textarea><span id=\"forminator-field-textarea-1_69de35531b06d-description\" class=\"forminator-description\"><span data-limit=\"300\" data-type=\"words\" data-editor=\"\">0 \/ 300<\/span><\/span><\/div><\/div><\/div><div class=\"forminator-row\"><\/div><input type=\"hidden\" name=\"referer_url\" value=\"\" \/><div class=\"forminator-row forminator-row-last\"><div class=\"forminator-col\"><div class=\"forminator-field\"><button class=\"forminator-button forminator-button-submit\">Send<\/button><\/div><\/div><\/div><input type=\"hidden\" id=\"forminator_nonce\" name=\"forminator_nonce\" value=\"a647953a3f\" \/><input type=\"hidden\" name=\"_wp_http_referer\" value=\"\/hu\/wp-json\/wp\/v2\/pages\/8491\" \/><input type=\"hidden\" name=\"form_id\" value=\"1365\"><input type=\"hidden\" name=\"page_id\" value=\"8491\"><input type=\"hidden\" name=\"form_type\" value=\"default\"><input type=\"hidden\" name=\"current_url\" value=\"https:\/\/hojichawholesale.eu\/hu\/hojicha-sotet-porkolt-por-nagykereskedelem\/\"><input type=\"hidden\" name=\"render_id\" value=\"0\"><input type=\"hidden\" name=\"action\" value=\"forminator_submit_form_custom-forms\"><label for=\"input_6\" class=\"forminator-hidden\" aria-hidden=\"true\">Please do not fill in this field. <input id=\"input_6\" type=\"text\" name=\"input_6\" value=\"\" autocomplete=\"off\"><\/label><\/form>\n","protected":false},"excerpt":{"rendered":"<p>Hojicha s\u00f6t\u00e9t p\u00f6rk\u00f6lt por (nagykereskedelem) A Hojicha Dark Roast por m\u00e9ly, intenz\u00edv p\u00f6rk\u00f6lt \u00edzt biztos\u00edt, t\u00f6k\u00e9letes azok sz\u00e1m\u00e1ra, akik robusztusabb \u00e9s testesebb tea\u00e9lm\u00e9nyre v\u00e1gynak. Kiemelt term\u00e9kek A s\u00f6t\u00e9t p\u00f6rk\u00f6lt Hojicha el\u0151nyei Nagykereskedelmi inform\u00e1ci\u00f3k Hogyan kell f\u0151zni T\u00f6k\u00e9letes K\u00e9rjen mint\u00e1t m\u00e9g ma K\u00edv\u00e1ncsi a pr\u00e9mium hojicha gazdag, p\u00f6rk\u00f6lt \u00edzeire? Csak t\u00f6ltse ki adatait al\u00e1bb, \u00e9s k\u00fcld\u00fcnk [&hellip;]<\/p>\n","protected":false},"author":1,"featured_media":8497,"parent":0,"menu_order":0,"comment_status":"closed","ping_status":"closed","template":"","meta":{"_surecart_dashboard_logo_width":"180px","_surecart_dashboard_show_logo":true,"_surecart_dashboard_navigation_orders":true,"_surecart_dashboard_navigation_invoices":true,"_surecart_dashboard_navigation_subscriptions":true,"_surecart_dashboard_navigation_downloads":true,"_surecart_dashboard_navigation_billing":true,"_surecart_dashboard_navigation_account":true,"footnotes":""},"class_list":["post-8491","page","type-page","status-publish","has-post-thumbnail","hentry","entry","has-media"],"mb":[],"mfb_rest_fields":["title","gutenberg_elementor_mode"],"_links":{"self":[{"href":"https:\/\/hojichawholesale.eu\/hu\/wp-json\/wp\/v2\/pages\/8491","targetHints":{"allow":["GET"]}}],"collection":[{"href":"https:\/\/hojichawholesale.eu\/hu\/wp-json\/wp\/v2\/pages"}],"about":[{"href":"https:\/\/hojichawholesale.eu\/hu\/wp-json\/wp\/v2\/types\/page"}],"author":[{"embeddable":true,"href":"https:\/\/hojichawholesale.eu\/hu\/wp-json\/wp\/v2\/users\/1"}],"replies":[{"embeddable":true,"href":"https:\/\/hojichawholesale.eu\/hu\/wp-json\/wp\/v2\/comments?post=8491"}],"version-history":[{"count":0,"href":"https:\/\/hojichawholesale.eu\/hu\/wp-json\/wp\/v2\/pages\/8491\/revisions"}],"wp:featuredmedia":[{"embeddable":true,"href":"https:\/\/hojichawholesale.eu\/hu\/wp-json\/wp\/v2\/media\/8497"}],"wp:attachment":[{"href":"https:\/\/hojichawholesale.eu\/hu\/wp-json\/wp\/v2\/media?parent=8491"}],"curies":[{"name":"wp","href":"https:\/\/api.w.org\/{rel}","templated":true}]}}