{"id":8428,"date":"2024-10-12T14:03:31","date_gmt":"2024-10-12T14:03:31","guid":{"rendered":"https:\/\/hojichawholesale.eu\/hojicha-kozepes-porkolt-por-nagykereskedelem\/"},"modified":"2025-12-10T19:00:28","modified_gmt":"2025-12-10T19:00:28","slug":"hojicha-kozepes-porkolt-por-nagykereskedelem","status":"publish","type":"page","link":"https:\/\/hojichawholesale.eu\/hu\/hojicha-kozepes-porkolt-por-nagykereskedelem\/","title":{"rendered":"Hojicha k\u00f6zepes p\u00f6rk\u00f6lt por (nagykereskedelem)"},"content":{"rendered":"\n<h1 class=\"wp-block-heading\">Hojicha k\u00f6zepes p\u00f6rk\u00f6l\u00e9s (nagykereskedelem)<\/h1>\n\n<p>A <strong>Hojicha k\u00f6zepesen p\u00f6rk\u00f6lt<\/strong> <strong>por <\/strong>egyedi, gazdag \u00e9s f\u00f6ldes \u00edzt k\u00edn\u00e1l, amely t\u00f6k\u00e9letes a tea szerelmeseinek, akik \u00e9rt\u00e9kelik az egyens\u00falyt az er\u0151teljes p\u00f6rk\u00f6lt jegyek \u00e9s a z\u00f6ld tea term\u00e9szetes \u00e9dess\u00e9ge k\u00f6z\u00f6tt.<\/p>\n<div class=\"wp-block-image\">\n<figure class=\"aligncenter size-full is-resized\"><img fetchpriority=\"high\" decoding=\"async\" width=\"1000\" height=\"1000\" src=\"https:\/\/hojichawholesale.eu\/wp-content\/uploads\/2025\/01\/hojicha-medium-powder-both.webp\" alt=\"\" class=\"wp-image-7484\" style=\"width:282px;height:auto\" srcset=\"https:\/\/hojichawholesale.eu\/wp-content\/uploads\/2025\/01\/hojicha-medium-powder-both.webp 1000w, https:\/\/hojichawholesale.eu\/wp-content\/uploads\/2025\/01\/hojicha-medium-powder-both-300x300.webp 300w, https:\/\/hojichawholesale.eu\/wp-content\/uploads\/2025\/01\/hojicha-medium-powder-both-150x150.webp 150w, https:\/\/hojichawholesale.eu\/wp-content\/uploads\/2025\/01\/hojicha-medium-powder-both-768x768.webp 768w, https:\/\/hojichawholesale.eu\/wp-content\/uploads\/2025\/01\/hojicha-medium-powder-both-600x600.webp 600w\" sizes=\"(max-width: 1000px) 100vw, 1000px\" \/><\/figure>\n<\/div>\n<h2 class=\"wp-block-heading\">Kiemelt term\u00e9kek<\/h2>\n\n<ul class=\"wp-block-list\">\n<li><strong>T\u00edpus:<\/strong> P\u00f6rk\u00f6lt z\u00f6ld tea (hojicha)<\/li>\n\n\n\n<li><strong>Sz\u00e1rmaz\u00e1si hely<\/strong>: Shizuoka, Jap\u00e1n<\/li>\n\n\n\n<li><strong>Forma<\/strong>: Por<\/li>\n\n\n\n<li><strong>P\u00f6rk\u00f6l\u00e9si szint<\/strong>: K\u00f6zepes<\/li>\n\n\n\n<li><strong>Betakar\u00edt\u00e1si szezon:<\/strong> tavasz\/ny\u00e1r<\/li>\n\n\n\n<li><strong>Feldolgoz\u00e1s:<\/strong> 220\u00b0C feletti porcel\u00e1nban p\u00f6rk\u00f6lt<\/li>\n\n\n\n<li><strong>\u00cdzprofil:<\/strong> Di\u00f3s, enyh\u00e9n \u00e9des, l\u00e1gy, karamell \u00e1rnyalatokkal<\/li>\n\n\n\n<li><strong>Koffein:<\/strong> Alacsony<\/li>\n\n\n\n<li><strong>Csomagol\u00e1s<\/strong>: 1 kg-os zs\u00e1kokban kaphat\u00f3. A csomagol\u00e1s a k\u00e9r\u00e9s\u00e9re el\u00e9rhet\u0151.   <\/li>\n<\/ul>\n\n<hr class=\"wp-block-separator has-alpha-channel-opacity\"\/>\n\n<h2 class=\"wp-block-heading\">A k\u00f6zepes p\u00f6rk\u00f6l\u00e9s\u0171 Hojicha el\u0151nyei<\/h2>\n\n<ul class=\"wp-block-list\">\n<li><strong>Antioxid\u00e1nsokban gazdag:<\/strong> V\u00e9d a szabad gy\u00f6k\u00f6k ellen<\/li>\n\n\n\n<li><strong>Alacsony koffeinszint<\/strong>: Ide\u00e1lis eg\u00e9sz napos \u00e9lvezethez, bele\u00e9rtve az est\u00e9ket is<\/li>\n\n\n\n<li><strong>Nyugtat\u00f3 \u00e9s pihentet\u0151<\/strong>: A gyeng\u00e9d p\u00f6rk\u00f6l\u00e9si folyamat cs\u00f6kkenti a keser\u0171s\u00e9get \u00e9s fokozza a sima, megnyugtat\u00f3 \u00edzt.<\/li>\n\n\n\n<li><strong>Trendi:<\/strong> D\u00e9lkelet-\u00c1zsi\u00e1ban felt\u00f6rekv\u0151, \u00e9s kezd \u00e9rdekl\u0151d\u00e9st kelteni Eur\u00f3p\u00e1ban.<\/li>\n<\/ul>\n\n<div class=\"wp-block-columns is-layout-flex wp-container-core-columns-is-layout-28f84493 wp-block-columns-is-layout-flex\">\n<div class=\"wp-block-column is-layout-flow wp-block-column-is-layout-flow\"><div class=\"wp-block-image\">\n<figure class=\"aligncenter size-full is-resized\"><img decoding=\"async\" width=\"1000\" height=\"1000\" src=\"https:\/\/hojichawholesale.eu\/wp-content\/uploads\/2025\/01\/hojicha-medium-powder.webp\" alt=\"Hojicha k&#xF6;zepes p&#xF6;rk&#xF6;lt por\" class=\"wp-image-7472\" style=\"width:297px;height:auto\" srcset=\"https:\/\/hojichawholesale.eu\/wp-content\/uploads\/2025\/01\/hojicha-medium-powder.webp 1000w, https:\/\/hojichawholesale.eu\/wp-content\/uploads\/2025\/01\/hojicha-medium-powder-300x300.webp 300w, https:\/\/hojichawholesale.eu\/wp-content\/uploads\/2025\/01\/hojicha-medium-powder-150x150.webp 150w, https:\/\/hojichawholesale.eu\/wp-content\/uploads\/2025\/01\/hojicha-medium-powder-768x768.webp 768w, https:\/\/hojichawholesale.eu\/wp-content\/uploads\/2025\/01\/hojicha-medium-powder-600x600.webp 600w\" sizes=\"(max-width: 1000px) 100vw, 1000px\" \/><\/figure>\n<\/div><\/div>\n\n\n\n<div class=\"wp-block-column is-layout-flow wp-block-column-is-layout-flow\"><div class=\"wp-block-image\">\n<figure class=\"aligncenter size-large is-resized\"><img decoding=\"async\" width=\"1024\" height=\"1024\" src=\"https:\/\/hojichawholesale.eu\/wp-content\/uploads\/2025\/01\/hojicha-medium-powder-infused-1024x1024.webp\" alt=\"Hojicha k&#xF6;zepes p&#xF6;rk&#xF6;lt por inf&#xFA;zi&#xF3;ban\" class=\"wp-image-7496\" style=\"width:295px;height:auto\" srcset=\"https:\/\/hojichawholesale.eu\/wp-content\/uploads\/2025\/01\/hojicha-medium-powder-infused-1024x1024.webp 1024w, https:\/\/hojichawholesale.eu\/wp-content\/uploads\/2025\/01\/hojicha-medium-powder-infused-300x300.webp 300w, https:\/\/hojichawholesale.eu\/wp-content\/uploads\/2025\/01\/hojicha-medium-powder-infused-150x150.webp 150w, https:\/\/hojichawholesale.eu\/wp-content\/uploads\/2025\/01\/hojicha-medium-powder-infused-768x768.webp 768w, https:\/\/hojichawholesale.eu\/wp-content\/uploads\/2025\/01\/hojicha-medium-powder-infused-1536x1536.webp 1536w, https:\/\/hojichawholesale.eu\/wp-content\/uploads\/2025\/01\/hojicha-medium-powder-infused-600x600.webp 600w, https:\/\/hojichawholesale.eu\/wp-content\/uploads\/2025\/01\/hojicha-medium-powder-infused.webp 2000w\" sizes=\"(max-width: 1024px) 100vw, 1024px\" \/><\/figure>\n<\/div><\/div>\n<\/div>\n\n<hr class=\"wp-block-separator has-alpha-channel-opacity\"\/>\n\n<h2 class=\"wp-block-heading\">Nagykereskedelmi inform\u00e1ci\u00f3k<\/h2>\n\n<ul class=\"wp-block-list\">\n<li><strong>Minim\u00e1lis rendel\u00e9si mennyis\u00e9g (MOQ):<\/strong> 500 gramm (5*100 gramm).<\/li>\n\n\n\n<li><strong>T\u00f6meges \u00e1rk\u00e9pz\u00e9s<\/strong>: Vegye fel vel\u00fcnk a kapcsolatot az al\u00e1bbiakban a rendel\u00e9si mennyis\u00e9g alapj\u00e1n egyedi \u00e1raj\u00e1nlat\u00e9rt.<\/li>\n\n\n\n<li><strong>T\u00e1rol\u00e1s<\/strong>: H\u0171v\u00f6s, sz\u00e1raz helyen t\u00e1roland\u00f3.<\/li>\n\n\n\n<li><strong>Lej\u00e1rati id\u0151:<\/strong> A Hojicha bontatlanul legfeljebb k\u00e9t \u00e9vig t\u00e1rolhat\u00f3, \u00e9s 5\u00b0C &#8211; 10\u00b0C-on t\u00e1rolhat\u00f3.<\/li>\n\n\n\n<li><strong>Sz\u00e1ll\u00edt\u00e1s<\/strong>: Az eur\u00f3pai kontinensen rugalmas sz\u00e1ll\u00edt\u00e1si lehet\u0151s\u00e9gekkel sz\u00e1ll\u00edtunk, bele\u00e9rtve a s\u00fcrg\u0151s megrendel\u00e9sek expressz k\u00e9zbes\u00edt\u00e9s\u00e9t is.<\/li>\n<\/ul>\n\n<hr class=\"wp-block-separator has-alpha-channel-opacity\"\/>\n\n<h2 class=\"wp-block-heading\">Hogyan kell f\u0151zni<\/h2>\n\n<ol class=\"wp-block-list\">\n<li><strong>Tea mennyis\u00e9ge<\/strong>: 8g tea 500 ml v\u00edzhez<\/li>\n\n\n\n<li><strong>V\u00edzh\u0151m\u00e9rs\u00e9klet<\/strong>: 70-80\u00b0C  <\/li>\n\n\n\n<li><strong>\u00c1ztat\u00e1si id\u0151<\/strong>: 2-3 perc a t\u00f6k\u00e9letes cs\u00e9sz\u00e9\u00e9rt<\/li>\n<\/ol>\n\n<hr class=\"wp-block-separator has-alpha-channel-opacity\"\/>\n\n<h2 class=\"wp-block-heading\">Ide\u00e1lis<\/h2>\n\n<ul class=\"wp-block-list\">\n<li>Teaboltok, k\u00e1v\u00e9z\u00f3k \u00e9s \u00e9ttermek, amelyek pr\u00e9mium hojicha latte \u00e9lm\u00e9nyt szeretn\u00e9nek k\u00edn\u00e1lni.  <\/li>\n\n\n\n<li>Eg\u00e9szs\u00e9gtudatos fogyaszt\u00f3k, akik az alacsony koffeintartalm\u00fa alternat\u00edv\u00e1t r\u00e9szes\u00edtik el\u0151nyben.<\/li>\n\n\n\n<li>M\u00e1s te\u00e1kkal keverhet\u0151, hogy jellegzetes h\u00e1zi teakever\u00e9keket hozzon l\u00e9tre.<\/li>\n<\/ul>\n\n<h2 class=\"wp-block-heading\">K\u00e9rjen mint\u00e1t m\u00e9g ma<\/h2>\n\n<p>K\u00edv\u00e1ncsi a pr\u00e9mium hojicha gazdag, p\u00f6rk\u00f6lt \u00edzeire?  <\/p>\n\n<p>Csak t\u00f6ltse ki adatait al\u00e1bb, \u00e9s k\u00fcld\u00fcnk \u00d6nnek egy mint\u00e1t. Tudassa vel\u00fcnk, ha konkr\u00e9t k\u00e9r\u00e9sei vannak, \u00e9s sz\u00edvesen testreszabjuk aj\u00e1nlatunkat az \u00d6n \u00fczleti ig\u00e9nyeinek megfelel\u0151en. <\/p>\n<div class=\"forminator-ui forminator-custom-form forminator-custom-form-1365 forminator-design--flat  forminator_ajax\" data-forminator-render=\"0\" data-form=\"forminator-module-1365\" data-uid=\"69dec6f8a3a37\"><br\/><\/div><form\n\t\t\t\tid=\"forminator-module-1365\"\n\t\t\t\tclass=\"forminator-ui forminator-custom-form forminator-custom-form-1365 forminator-design--flat  forminator_ajax\"\n\t\t\t\tmethod=\"post\"\n\t\t\t\tdata-forminator-render=\"0\"\n\t\t\t\tdata-form-id=\"1365\"\n\t\t\t\t data-color-option=\"default\" data-design=\"flat\" data-grid=\"open\" style=\"display: none;\"\n\t\t\t\tdata-uid=\"69dec6f8a3a37\"\n\t\t\t><div role=\"alert\" aria-live=\"polite\" class=\"forminator-response-message forminator-error\" aria-hidden=\"true\"><\/div><div class=\"forminator-row\"><div id=\"name-1\" class=\"forminator-field-name forminator-col forminator-col-6 \"><div class=\"forminator-field\"><input type=\"text\" name=\"name-1\" value=\"\" placeholder=\"First Name\" id=\"forminator-field-name-1_69dec6f8a3a37\" class=\"forminator-input forminator-name--field\" aria-required=\"true\" autocomplete=\"name\" \/><\/div><\/div><div id=\"name-2\" class=\"forminator-field-name forminator-col forminator-col-6 \"><div class=\"forminator-field\"><input type=\"text\" name=\"name-2\" value=\"\" placeholder=\"Last Name\" id=\"forminator-field-name-2_69dec6f8a3a37\" class=\"forminator-input forminator-name--field\" aria-required=\"true\" autocomplete=\"name\" \/><\/div><\/div><\/div><div class=\"forminator-row\"><div id=\"email-1\" class=\"forminator-field-email forminator-col forminator-col-12 \"><div class=\"forminator-field\"><input type=\"email\" name=\"email-1\" value=\"\" placeholder=\"Email\" id=\"forminator-field-email-1_69dec6f8a3a37\" class=\"forminator-input forminator-email--field\" data-required=\"true\" aria-required=\"true\" autocomplete=\"email\" \/><\/div><\/div><\/div><div class=\"forminator-row\"><div id=\"phone-1\" class=\"forminator-field-phone forminator-col forminator-col-12 \"><div class=\"forminator-field\"><input type=\"text\" name=\"phone-1\" value=\"\" placeholder=\"Phone\" id=\"forminator-field-phone-1_69dec6f8a3a37\" class=\"forminator-input forminator-field--phone\" data-required=\"\" aria-required=\"false\" autocomplete=\"off\" \/><\/div><\/div><\/div><div class=\"forminator-row\"><div id=\"textarea-1\" class=\"forminator-field-textarea forminator-col forminator-col-12 \"><div class=\"forminator-field\"><textarea name=\"textarea-1\" placeholder=\"Message\" id=\"forminator-field-textarea-1_69dec6f8a3a37\" class=\"forminator-textarea\" rows=\"6\" style=\"min-height:140px;\" ><\/textarea><span id=\"forminator-field-textarea-1_69dec6f8a3a37-description\" class=\"forminator-description\"><span data-limit=\"300\" data-type=\"words\" data-editor=\"\">0 \/ 300<\/span><\/span><\/div><\/div><\/div><div class=\"forminator-row\"><\/div><input type=\"hidden\" name=\"referer_url\" value=\"\" \/><div class=\"forminator-row forminator-row-last\"><div class=\"forminator-col\"><div class=\"forminator-field\"><button class=\"forminator-button forminator-button-submit\">Send<\/button><\/div><\/div><\/div><input type=\"hidden\" id=\"forminator_nonce\" name=\"forminator_nonce\" value=\"a647953a3f\" \/><input type=\"hidden\" name=\"_wp_http_referer\" value=\"\/hu\/wp-json\/wp\/v2\/pages\/8428\" \/><input type=\"hidden\" name=\"form_id\" value=\"1365\"><input type=\"hidden\" name=\"page_id\" value=\"8428\"><input type=\"hidden\" name=\"form_type\" value=\"default\"><input type=\"hidden\" name=\"current_url\" value=\"https:\/\/hojichawholesale.eu\/hu\/hojicha-kozepes-porkolt-por-nagykereskedelem\/\"><input type=\"hidden\" name=\"render_id\" value=\"0\"><input type=\"hidden\" name=\"action\" value=\"forminator_submit_form_custom-forms\"><label for=\"input_6\" class=\"forminator-hidden\" aria-hidden=\"true\">Please do not fill in this field. <input id=\"input_6\" type=\"text\" name=\"input_6\" value=\"\" autocomplete=\"off\"><\/label><\/form>\n","protected":false},"excerpt":{"rendered":"<p>Hojicha k\u00f6zepes p\u00f6rk\u00f6l\u00e9s (nagykereskedelem) A Hojicha k\u00f6zepesen p\u00f6rk\u00f6lt por egyedi, gazdag \u00e9s f\u00f6ldes \u00edzt k\u00edn\u00e1l, amely t\u00f6k\u00e9letes a tea szerelmeseinek, akik \u00e9rt\u00e9kelik az egyens\u00falyt az er\u0151teljes p\u00f6rk\u00f6lt jegyek \u00e9s a z\u00f6ld tea term\u00e9szetes \u00e9dess\u00e9ge k\u00f6z\u00f6tt. Kiemelt term\u00e9kek A k\u00f6zepes p\u00f6rk\u00f6l\u00e9s\u0171 Hojicha el\u0151nyei Nagykereskedelmi inform\u00e1ci\u00f3k Hogyan kell f\u0151zni Ide\u00e1lis K\u00e9rjen mint\u00e1t m\u00e9g ma K\u00edv\u00e1ncsi a pr\u00e9mium [&hellip;]<\/p>\n","protected":false},"author":1,"featured_media":8432,"parent":0,"menu_order":0,"comment_status":"closed","ping_status":"closed","template":"","meta":{"_surecart_dashboard_logo_width":"180px","_surecart_dashboard_show_logo":true,"_surecart_dashboard_navigation_orders":true,"_surecart_dashboard_navigation_invoices":true,"_surecart_dashboard_navigation_subscriptions":true,"_surecart_dashboard_navigation_downloads":true,"_surecart_dashboard_navigation_billing":true,"_surecart_dashboard_navigation_account":true,"footnotes":""},"class_list":["post-8428","page","type-page","status-publish","has-post-thumbnail","hentry","entry","has-media"],"mb":[],"mfb_rest_fields":["title","gutenberg_elementor_mode"],"_links":{"self":[{"href":"https:\/\/hojichawholesale.eu\/hu\/wp-json\/wp\/v2\/pages\/8428","targetHints":{"allow":["GET"]}}],"collection":[{"href":"https:\/\/hojichawholesale.eu\/hu\/wp-json\/wp\/v2\/pages"}],"about":[{"href":"https:\/\/hojichawholesale.eu\/hu\/wp-json\/wp\/v2\/types\/page"}],"author":[{"embeddable":true,"href":"https:\/\/hojichawholesale.eu\/hu\/wp-json\/wp\/v2\/users\/1"}],"replies":[{"embeddable":true,"href":"https:\/\/hojichawholesale.eu\/hu\/wp-json\/wp\/v2\/comments?post=8428"}],"version-history":[{"count":0,"href":"https:\/\/hojichawholesale.eu\/hu\/wp-json\/wp\/v2\/pages\/8428\/revisions"}],"wp:featuredmedia":[{"embeddable":true,"href":"https:\/\/hojichawholesale.eu\/hu\/wp-json\/wp\/v2\/media\/8432"}],"wp:attachment":[{"href":"https:\/\/hojichawholesale.eu\/hu\/wp-json\/wp\/v2\/media?parent=8428"}],"curies":[{"name":"wp","href":"https:\/\/api.w.org\/{rel}","templated":true}]}}