{"id":8412,"date":"2024-10-12T11:59:06","date_gmt":"2024-10-12T11:59:06","guid":{"rendered":"https:\/\/hojichawholesale.eu\/miert-erdemes-hojicha-t-eladni\/"},"modified":"2025-10-26T16:42:55","modified_gmt":"2025-10-26T16:42:55","slug":"miert-erdemes-hojicha-t-eladni","status":"publish","type":"page","link":"https:\/\/hojichawholesale.eu\/hu\/miert-erdemes-hojicha-t-eladni\/","title":{"rendered":"Mi\u00e9rt \u00e9rdemes hojicha-t eladni?"},"content":{"rendered":"\n<h1 class=\"wp-block-heading\">Mi\u00e9rt \u00e9rdemes eladni a Hojicha-t?<\/h1>\n\n<p>A Hojicha, egy jap\u00e1n p\u00f6rk\u00f6lt z\u00f6ld tea, gyorsan n\u00e9pszer\u0171v\u00e9 v\u00e1lt az elm\u00falt \u00e9vekben.  <\/p>\n\n<figure class=\"wp-block-image size-large\"><img fetchpriority=\"high\" decoding=\"async\" width=\"1024\" height=\"544\" src=\"https:\/\/hojichawholesale.eu\/wp-content\/uploads\/2024\/10\/hojicha-trends-1-1024x544.avif\" alt=\"\" class=\"wp-image-5519\" srcset=\"https:\/\/hojichawholesale.eu\/wp-content\/uploads\/2024\/10\/hojicha-trends-1-1024x544.avif 1024w, https:\/\/hojichawholesale.eu\/wp-content\/uploads\/2024\/10\/hojicha-trends-1-300x159.avif 300w, https:\/\/hojichawholesale.eu\/wp-content\/uploads\/2024\/10\/hojicha-trends-1-768x408.avif 768w, https:\/\/hojichawholesale.eu\/wp-content\/uploads\/2024\/10\/hojicha-trends-1-1536x816.avif 1536w, https:\/\/hojichawholesale.eu\/wp-content\/uploads\/2024\/10\/hojicha-trends-1.avif 1892w\" sizes=\"(max-width: 1024px) 100vw, 1024px\" \/><\/figure>\n\n<figure class=\"wp-block-image size-large\"><img decoding=\"async\" width=\"1024\" height=\"412\" src=\"https:\/\/hojichawholesale.eu\/wp-content\/uploads\/2024\/10\/hojicha-trends-countries-1024x412.avif\" alt=\"\" class=\"wp-image-5459\" srcset=\"https:\/\/hojichawholesale.eu\/wp-content\/uploads\/2024\/10\/hojicha-trends-countries-1024x412.avif 1024w, https:\/\/hojichawholesale.eu\/wp-content\/uploads\/2024\/10\/hojicha-trends-countries-300x121.avif 300w, https:\/\/hojichawholesale.eu\/wp-content\/uploads\/2024\/10\/hojicha-trends-countries-768x309.avif 768w, https:\/\/hojichawholesale.eu\/wp-content\/uploads\/2024\/10\/hojicha-trends-countries-1536x618.avif 1536w, https:\/\/hojichawholesale.eu\/wp-content\/uploads\/2024\/10\/hojicha-trends-countries.avif 1873w\" sizes=\"(max-width: 1024px) 100vw, 1024px\" \/><\/figure>\n\n<p>Jellegzetes \u00edzprofilj\u00e1val, n\u00f6vekv\u0151 eg\u00e9szs\u00e9gtudatos vonzerej\u00e9vel \u00e9s sokoldal\u00fas\u00e1g\u00e1val \u00faj \u00e9s leny\u0171g\u00f6z\u0151 aj\u00e1nlat \u00fcgyfelei sz\u00e1m\u00e1ra.  <\/p>\n\n<p>Ez\u00e9rt \u00e9rdemes megfontolni a hojicha felv\u00e9tel\u00e9t az \u00e9tlapj\u00e1ra.<\/p>\n\n<h2 class=\"wp-block-heading\">1. Egyedi \u00edzprofil<\/h2>\n\n<p>A Hojicha meleg, p\u00f6rk\u00f6lt \u00edz\u00e9vel t\u0171nik ki, ami megk\u00fcl\u00f6nb\u00f6zteti m\u00e1s jap\u00e1n te\u00e1kt\u00f3l, p\u00e9ld\u00e1ul a match\u00e1t\u00f3l vagy a sench\u00e1t\u00f3l.  <\/p>\n\n<p>A p\u00f6rk\u00f6l\u00e9si folyamat pir\u00edt\u00f3s, enyh\u00e9n di\u00f3s \u00edzt k\u00f6lcs\u00f6n\u00f6z neki, egy csipetnyi karamell\u00e1s \u00e9dess\u00e9ggel, \u00edgy vonz\u00f3 v\u00e1laszt\u00e1s a m\u00e1st keres\u0151 v\u00e1s\u00e1rl\u00f3k sz\u00e1m\u00e1ra.  <\/p>\n\n<p>Keser\u0171s\u00e9g\u00e9nek hi\u00e1nya \u00e9s alacsony koffeintartalma (a p\u00f6rk\u00f6l\u00e9s miatt) univerz\u00e1lis \u00e9s csal\u00e1dbar\u00e1t lehet\u0151s\u00e9gg\u00e9 teszi.  <\/p>\n\n<p>Alacsony cukortartalm\u00fa, m\u00e9gis finom, mindenki sz\u00e1m\u00e1ra el\u00e9rhet\u0151 ital.  <\/p>\n\n<h2 class=\"wp-block-heading\">2. Eg\u00e9szs\u00e9g\u00fcgyi el\u0151ny\u00f6k<\/h2>\n\n<p>A Hojicha, mint m\u00e1s z\u00f6ld te\u00e1k, sz\u00e1mos eg\u00e9szs\u00e9g\u00fcgyi el\u0151nnyel j\u00e1r, m\u00e9g p\u00f6rk\u00f6l\u00e9s ut\u00e1n is.  <\/p>\n\n<p>Gazdag antioxid\u00e1nsokban, amelyek a gyullad\u00e1s cs\u00f6kkent\u00e9s\u00e9ben \u00e9s az \u00e1ltal\u00e1nos k\u00f6z\u00e9rzet el\u0151seg\u00edt\u00e9s\u00e9ben j\u00e1tszott szerep\u00fckr\u0151l ismertek. Az alacsony koffeintartalom alkalmass\u00e1 teszi azok sz\u00e1m\u00e1ra, akik cs\u00f6kkenteni szeretn\u00e9k koffeinbevitel\u00fcket, mik\u00f6zben tov\u00e1bbra is \u00e9lvezik a tea nyugtat\u00f3, eg\u00e9szs\u00e9gjav\u00edt\u00f3 tulajdons\u00e1gait.   <\/p>\n\n<h2 class=\"wp-block-heading\">3. Sokoldal\u00fas\u00e1g a kulin\u00e1ris alkalmaz\u00e1sokban<\/h2>\n\n<p>A Hojicha laza lev\u00e9l vagy por form\u00e1j\u00e1ban kaphat\u00f3.<\/p>\n\n<p>Ez a sokoldal\u00fas\u00e1g ritka a jap\u00e1n te\u00e1k k\u00f6z\u00f6tt.  <\/p>\n\n<p>A Hojicha melegen vagy hidegen t\u00e1lalhat\u00f3, te\u00e1ban vagy tejesk\u00e1v\u00e9ban, keny\u00e9rbe, kekszbe \u00e9s s\u00fctem\u00e9nybe s\u00fcthet\u0151.  <\/p>\n\n<p>Fagylalt \u00edzes\u00edt\u00e9sk\u00e9nt is haszn\u00e1lhat\u00f3.  <\/p>\n\n<p>P\u00f6rk\u00f6lt, f\u00f6ldes \u00edze izgalmas alapanyagg\u00e1 teszi szinte minden receptben.  <\/p>\n\n<h2 class=\"wp-block-heading\">4. N\u00f6vekv\u0151 glob\u00e1lis n\u00e9pszer\u0171s\u00e9g<\/h2>\n\n<p>Hojicha n\u00e9pszer\u0171s\u00e9ge m\u00e1r nem korl\u00e1toz\u00f3dik Jap\u00e1nra.  <\/p>\n\n<p>A nemzetk\u00f6zi teaiv\u00f3k egyre kalandv\u00e1gy\u00f3bbak, \u00faj \u00edzeket \u00e9s kultur\u00e1lis teahagyom\u00e1nyokat szeretn\u00e9nek felfedezni. Ahogy n\u00f6vekszik a hojicha ismerts\u00e9ge, \u00fagy n\u0151 a piaci kereslet is. <\/p>\n\n<p>Azzal, hogy az els\u0151 hojicha elad\u00f3k k\u00f6z\u00f6tt vagy, egy b\u0151v\u00fcl\u0151 glob\u00e1lis trend \u00e9lvonal\u00e1ba ker\u00fclsz, amely nem mutatja a lassul\u00e1s jeleit.  <\/p>\n\n<p>V\u00e1llalkoz\u00e1s\u00e1t m\u00e1snak \u00e9s trendibnek is poz\u00edcion\u00e1lja, mint a versenyt\u00e1rsakat.  <\/p>\n\n<h2 class=\"wp-block-heading\">5. K\u00f6nnyen piacra dobhat\u00f3<\/h2>\n\n<p>A term\u00e9k jelleg\u00e9b\u0151l ad\u00f3d\u00f3an a marketingben felhaszn\u00e1lhat\u00f3 szempontok sz\u00e9les sk\u00e1l\u00e1j\u00e1t k\u00edn\u00e1lja, a divatos jap\u00e1n italt\u00f3l az eg\u00e9szs\u00e9gjav\u00edt\u00f3 italig.  <\/p>\n\n<p>Alacsony gy\u00e1rt\u00e1si k\u00f6lts\u00e9ge teljes ellen\u0151rz\u00e9st biztos\u00edt a haszonkulcs felett.  <\/p>\n\n<h2 class=\"wp-block-heading\">K\u00f6vetkeztet\u00e9s<\/h2>\n\n<p>A f\u0151 felt\u00f6rekv\u0151 jap\u00e1n teak\u00e9nt a hojicha k\u00f6telez\u0151 darab a k\u00e1v\u00e9z\u00f3k, sz\u00e1llod\u00e1k, \u00e9ttermek \u00e9s kiskereskedelmi teaboltok sz\u00e1m\u00e1ra, amelyek izgalmas term\u00e9kv\u00e1laszt\u00e9kot szeretn\u00e9nek k\u00edn\u00e1lni \u00fcgyfeleiknek.  <\/p>\n\n<p>A Hojicha eg\u00e9szs\u00e9g\u00fcgyi el\u0151nyei, gazdag \u00edzprofilja \u00e9s n\u00f6vekv\u0151 kereslete strat\u00e9giai kieg\u00e9sz\u00edt\u0151v\u00e9 teszi a kiskeresked\u0151k \u00e9s az \u00e9lelmiszer-szolg\u00e1ltat\u00f3 l\u00e9tes\u00edtm\u00e9nyek sz\u00e1m\u00e1ra egyar\u00e1nt.<\/p>\n\n<p>Ak\u00e1r tapasztalt teafogyaszt\u00f3k, ak\u00e1r a jap\u00e1n te\u00e1k \u00fajoncai, a hojicha minden bizonnyal sz\u00e9les k\u00f6r\u0171 vonzer\u0151vel rendelkez\u0151 term\u00e9kk\u00e9nt t\u0171nik ki.<\/p>\n\n<h2 class=\"wp-block-heading\">K\u00e9rjen mint\u00e1t<\/h2>\n\n<p>K\u00edv\u00e1ncsi a pr\u00e9mium hojicha gazdag, p\u00f6rk\u00f6lt \u00edzeire?  <\/p>\n\n<p>Csak t\u00f6ltse ki adatait al\u00e1bb, \u00e9s k\u00fcld\u00fcnk \u00d6nnek egy mint\u00e1t. Tudassa vel\u00fcnk, ha konkr\u00e9t k\u00e9r\u00e9sei vannak, \u00e9s sz\u00edvesen testreszabjuk aj\u00e1nlatunkat az \u00d6n \u00fczleti ig\u00e9nyeinek megfelel\u0151en. <\/p>\n<div class=\"forminator-ui forminator-custom-form forminator-custom-form-1365 forminator-design--flat  forminator_ajax\" data-forminator-render=\"0\" data-form=\"forminator-module-1365\" data-uid=\"69d451ca56d3c\"><br\/><\/div><form\n\t\t\t\tid=\"forminator-module-1365\"\n\t\t\t\tclass=\"forminator-ui forminator-custom-form forminator-custom-form-1365 forminator-design--flat  forminator_ajax\"\n\t\t\t\tmethod=\"post\"\n\t\t\t\tdata-forminator-render=\"0\"\n\t\t\t\tdata-form-id=\"1365\"\n\t\t\t\t data-color-option=\"default\" data-design=\"flat\" data-grid=\"open\" style=\"display: none;\"\n\t\t\t\tdata-uid=\"69d451ca56d3c\"\n\t\t\t><div role=\"alert\" aria-live=\"polite\" class=\"forminator-response-message forminator-error\" aria-hidden=\"true\"><\/div><div class=\"forminator-row\"><div id=\"name-1\" class=\"forminator-field-name forminator-col forminator-col-6 \"><div class=\"forminator-field\"><input type=\"text\" name=\"name-1\" value=\"\" placeholder=\"First Name\" id=\"forminator-field-name-1_69d451ca56d3c\" class=\"forminator-input forminator-name--field\" aria-required=\"true\" autocomplete=\"name\" \/><\/div><\/div><div id=\"name-2\" class=\"forminator-field-name forminator-col forminator-col-6 \"><div class=\"forminator-field\"><input type=\"text\" name=\"name-2\" value=\"\" placeholder=\"Last Name\" id=\"forminator-field-name-2_69d451ca56d3c\" class=\"forminator-input forminator-name--field\" aria-required=\"true\" autocomplete=\"name\" \/><\/div><\/div><\/div><div class=\"forminator-row\"><div id=\"email-1\" class=\"forminator-field-email forminator-col forminator-col-12 \"><div class=\"forminator-field\"><input type=\"email\" name=\"email-1\" value=\"\" placeholder=\"Email\" id=\"forminator-field-email-1_69d451ca56d3c\" class=\"forminator-input forminator-email--field\" data-required=\"true\" aria-required=\"true\" autocomplete=\"email\" \/><\/div><\/div><\/div><div class=\"forminator-row\"><div id=\"phone-1\" class=\"forminator-field-phone forminator-col forminator-col-12 \"><div class=\"forminator-field\"><input type=\"text\" name=\"phone-1\" value=\"\" placeholder=\"Phone\" id=\"forminator-field-phone-1_69d451ca56d3c\" class=\"forminator-input forminator-field--phone\" data-required=\"\" aria-required=\"false\" autocomplete=\"off\" \/><\/div><\/div><\/div><div class=\"forminator-row\"><div id=\"textarea-1\" class=\"forminator-field-textarea forminator-col forminator-col-12 \"><div class=\"forminator-field\"><textarea name=\"textarea-1\" placeholder=\"Message\" id=\"forminator-field-textarea-1_69d451ca56d3c\" class=\"forminator-textarea\" rows=\"6\" style=\"min-height:140px;\" ><\/textarea><span id=\"forminator-field-textarea-1_69d451ca56d3c-description\" class=\"forminator-description\"><span data-limit=\"300\" data-type=\"words\" data-editor=\"\">0 \/ 300<\/span><\/span><\/div><\/div><\/div><div class=\"forminator-row\"><\/div><input type=\"hidden\" name=\"referer_url\" value=\"\" \/><div class=\"forminator-row forminator-row-last\"><div class=\"forminator-col\"><div class=\"forminator-field\"><button class=\"forminator-button forminator-button-submit\">Send<\/button><\/div><\/div><\/div><input type=\"hidden\" id=\"forminator_nonce\" name=\"forminator_nonce\" value=\"0b51ba8eba\" \/><input type=\"hidden\" name=\"_wp_http_referer\" value=\"\/hu\/wp-json\/wp\/v2\/pages\/8412\" \/><input type=\"hidden\" name=\"form_id\" value=\"1365\"><input type=\"hidden\" name=\"page_id\" value=\"8412\"><input type=\"hidden\" name=\"form_type\" value=\"default\"><input type=\"hidden\" name=\"current_url\" value=\"https:\/\/hojichawholesale.eu\/hu\/miert-erdemes-hojicha-t-eladni\/\"><input type=\"hidden\" name=\"render_id\" value=\"0\"><input type=\"hidden\" name=\"action\" value=\"forminator_submit_form_custom-forms\"><label for=\"input_6\" class=\"forminator-hidden\" aria-hidden=\"true\">Please do not fill in this field. <input id=\"input_6\" type=\"text\" name=\"input_6\" value=\"\" autocomplete=\"off\"><\/label><\/form>\n","protected":false},"excerpt":{"rendered":"<p>Mi\u00e9rt \u00e9rdemes eladni a Hojicha-t? A Hojicha, egy jap\u00e1n p\u00f6rk\u00f6lt z\u00f6ld tea, gyorsan n\u00e9pszer\u0171v\u00e9 v\u00e1lt az elm\u00falt \u00e9vekben. Jellegzetes \u00edzprofilj\u00e1val, n\u00f6vekv\u0151 eg\u00e9szs\u00e9gtudatos vonzerej\u00e9vel \u00e9s sokoldal\u00fas\u00e1g\u00e1val \u00faj \u00e9s leny\u0171g\u00f6z\u0151 aj\u00e1nlat \u00fcgyfelei sz\u00e1m\u00e1ra. Ez\u00e9rt \u00e9rdemes megfontolni a hojicha felv\u00e9tel\u00e9t az \u00e9tlapj\u00e1ra. 1. Egyedi \u00edzprofil A Hojicha meleg, p\u00f6rk\u00f6lt \u00edz\u00e9vel t\u0171nik ki, ami megk\u00fcl\u00f6nb\u00f6zteti m\u00e1s jap\u00e1n te\u00e1kt\u00f3l, p\u00e9ld\u00e1ul [&hellip;]<\/p>\n","protected":false},"author":1,"featured_media":8422,"parent":0,"menu_order":0,"comment_status":"closed","ping_status":"closed","template":"","meta":{"_surecart_dashboard_logo_width":"180px","_surecart_dashboard_show_logo":true,"_surecart_dashboard_navigation_orders":true,"_surecart_dashboard_navigation_invoices":true,"_surecart_dashboard_navigation_subscriptions":true,"_surecart_dashboard_navigation_downloads":true,"_surecart_dashboard_navigation_billing":true,"_surecart_dashboard_navigation_account":true,"footnotes":""},"class_list":["post-8412","page","type-page","status-publish","has-post-thumbnail","hentry","entry","has-media"],"mb":[],"mfb_rest_fields":["title","gutenberg_elementor_mode"],"_links":{"self":[{"href":"https:\/\/hojichawholesale.eu\/hu\/wp-json\/wp\/v2\/pages\/8412","targetHints":{"allow":["GET"]}}],"collection":[{"href":"https:\/\/hojichawholesale.eu\/hu\/wp-json\/wp\/v2\/pages"}],"about":[{"href":"https:\/\/hojichawholesale.eu\/hu\/wp-json\/wp\/v2\/types\/page"}],"author":[{"embeddable":true,"href":"https:\/\/hojichawholesale.eu\/hu\/wp-json\/wp\/v2\/users\/1"}],"replies":[{"embeddable":true,"href":"https:\/\/hojichawholesale.eu\/hu\/wp-json\/wp\/v2\/comments?post=8412"}],"version-history":[{"count":0,"href":"https:\/\/hojichawholesale.eu\/hu\/wp-json\/wp\/v2\/pages\/8412\/revisions"}],"wp:featuredmedia":[{"embeddable":true,"href":"https:\/\/hojichawholesale.eu\/hu\/wp-json\/wp\/v2\/media\/8422"}],"wp:attachment":[{"href":"https:\/\/hojichawholesale.eu\/hu\/wp-json\/wp\/v2\/media?parent=8412"}],"curies":[{"name":"wp","href":"https:\/\/api.w.org\/{rel}","templated":true}]}}