{"id":8305,"date":"2024-10-12T11:39:24","date_gmt":"2024-10-12T11:39:24","guid":{"rendered":"https:\/\/hojichawholesale.eu\/mi-az-a-hojicha\/"},"modified":"2025-10-26T16:42:48","modified_gmt":"2025-10-26T16:42:48","slug":"mi-az-a-hojicha","status":"publish","type":"page","link":"https:\/\/hojichawholesale.eu\/hu\/mi-az-a-hojicha\/","title":{"rendered":"Mi az a hojicha?"},"content":{"rendered":"\n<h1 class=\"wp-block-heading\">Mi az a Hojicha?<\/h1>\n\n<p>A Hojicha egy jap\u00e1n z\u00f6ld tea, amelyet porcel\u00e1nban p\u00f6rk\u00f6ltek 175 \u00b0C \u00e9s 350 \u00b0C k\u00f6z\u00f6tti h\u0151m\u00e9rs\u00e9kleten.  Ez a p\u00f6rk\u00f6l\u00e9si elj\u00e1r\u00e1s adja jellegzetes narancss\u00e1rga t\u00f3nusait, \u00e9s cs\u00f6kkenti koffein- \u00e9s katechintartalm\u00e1t. <\/p>\n\n<p>  A <em>&#8222;Hoji<\/em>&#8221; jap\u00e1nul azt jelenti, hogy &#8222;s\u00fctni&#8221;, a &#8222;<em>cha<\/em>&#8221; pedig te\u00e1t.<\/p>\n<div class=\"wp-block-image\">\n<figure class=\"aligncenter size-large is-resized\"><img fetchpriority=\"high\" decoding=\"async\" width=\"1024\" height=\"683\" src=\"https:\/\/hojichawholesale.eu\/wp-content\/uploads\/2024\/10\/Depositphotos_502919918_L-1-1024x683.avif\" alt=\"\" class=\"wp-image-5573\" style=\"width:539px;height:auto\" srcset=\"https:\/\/hojichawholesale.eu\/wp-content\/uploads\/2024\/10\/Depositphotos_502919918_L-1-1024x683.avif 1024w, https:\/\/hojichawholesale.eu\/wp-content\/uploads\/2024\/10\/Depositphotos_502919918_L-1-300x200.avif 300w, https:\/\/hojichawholesale.eu\/wp-content\/uploads\/2024\/10\/Depositphotos_502919918_L-1-768x512.avif 768w, https:\/\/hojichawholesale.eu\/wp-content\/uploads\/2024\/10\/Depositphotos_502919918_L-1.avif 1200w\" sizes=\"(max-width: 1024px) 100vw, 1024px\" \/><\/figure>\n<\/div>\n<h2 class=\"wp-block-heading\"><strong>Mi\u00e9rt \u00e9rdemes Hojicha-t inni?<\/strong><\/h2>\n\n<p>A Hojicha egy hagyom\u00e1nyos jap\u00e1n ital, amelyet \u00e9jszaka fogyasztanak az em\u00e9szt\u00e9s el\u0151seg\u00edt\u00e9s\u00e9re.  <\/p>\n\n<p>A nap \u00e9s az \u00e9v b\u00e1rmely szak\u00e1ban ihat\u00f3.  <\/p>\n\n<p>Sz\u00edne ellen\u00e9re a hojicha z\u00f6ld tea. A shaqing n\u00e9ven ismert folyamaton megy kereszt\u00fcl, amely egy g\u0151zf\u00fcrd\u0151, amely meg\u00e1ll\u00edtja a betakar\u00edt\u00e1s sor\u00e1n bek\u00f6vetkez\u0151 term\u00e9szetes oxid\u00e1ci\u00f3s folyamatot. <\/p>\n\n<p>Ennek eredm\u00e9nyek\u00e9nt a hojicha meg\u0151rzi a z\u00f6ld tea sz\u00e1mos el\u0151ny\u00e9t, p\u00e9ld\u00e1ul el\u0151seg\u00edti a relax\u00e1ci\u00f3t \u00e9s er\u0151s\u00edti az immunrendszert.<\/p>\n\n<h2 class=\"wp-block-heading\">K\u00fcl\u00f6nb\u00f6z\u0151 t\u00edpus\u00fa Hojicha<\/h2>\n\n<p>A hojich\u00e1nak k\u00fcl\u00f6nb\u00f6z\u0151 t\u00edpusai vannak. F\u0151 jellemz\u0151je, hogy porban \u00e9s laza levelekben egyar\u00e1nt rendelkez\u00e9sre \u00e1ll. <\/p>\n\n<p>Emellett a hojicha gyakran h\u00e1romf\u00e9le lev\u00e9lben kaphat\u00f3 (vil\u00e1gos p\u00f6rk\u00f6lt, k\u00f6zepes p\u00f6rk\u00f6lt, s\u00f6t\u00e9t p\u00f6rk\u00f6lt), \u00e9s ak\u00e1r p\u00f6rk\u00f6lt rizzsel is keverhet\u0151, a hojicha genmai nevet kapva.  <\/p>\n<div class=\"wp-block-image\">\n<figure class=\"aligncenter size-large is-resized\"><img decoding=\"async\" width=\"1024\" height=\"683\" src=\"https:\/\/hojichawholesale.eu\/wp-content\/uploads\/2024\/10\/Depositphotos_565446018_L-1-1024x683.avif\" alt=\"\" class=\"wp-image-5577\" style=\"width:572px;height:auto\" srcset=\"https:\/\/hojichawholesale.eu\/wp-content\/uploads\/2024\/10\/Depositphotos_565446018_L-1-1024x683.avif 1024w, https:\/\/hojichawholesale.eu\/wp-content\/uploads\/2024\/10\/Depositphotos_565446018_L-1-300x200.avif 300w, https:\/\/hojichawholesale.eu\/wp-content\/uploads\/2024\/10\/Depositphotos_565446018_L-1-768x512.avif 768w, https:\/\/hojichawholesale.eu\/wp-content\/uploads\/2024\/10\/Depositphotos_565446018_L-1.avif 1200w\" sizes=\"(max-width: 1024px) 100vw, 1024px\" \/><\/figure>\n<\/div>\n<h2 class=\"wp-block-heading\"><strong>Melyik fajt\u00e1t haszn\u00e1lj\u00e1k a hojicha-hoz?<\/strong><\/h2>\n\n<p>A Hojicha leggyakrabban haszn\u00e1lt fajt\u00e1ja a Yabukita, b\u00e1r n\u00e9h\u00e1ny hojicha a Gokou fajt\u00e1b\u00f3l is k\u00e9sz\u00fcl.<\/p>\n\n<h2 class=\"wp-block-heading\">Hogyan k\u00e9sz\u00fcl a Hojicha?<\/h2>\n\n<p>A Hojicha bancha vagy sencha n\u00e9ven kezdi meg gy\u00e1rt\u00e1si folyamat\u00e1t.  <\/p>\n\n<p>A betakar\u00edt\u00e1s ut\u00e1n a leveleket g\u0151z\u00f6l\u00e9snek, \u00fagynevezett &#8222;shaqingnak&#8221; nevezik, hogy meg\u00e1ll\u00edts\u00e1k az oxid\u00e1ci\u00f3s folyamatot. Ezut\u00e1n porcel\u00e1nban feltekerik, sz\u00e1r\u00edtj\u00e1k \u00e9s 175 \u00b0C \u00e9s 350 \u00b0C k\u00f6z\u00f6tt p\u00f6rk\u00f6lik. Ekkor v\u00e1lik a bancha (vagy sencha) hojicha-v\u00e1.  <\/p>\n\n<p>Egy r\u00e9sz\u00e9t porr\u00e1 dolgozz\u00e1k fel, m\u00edg a t\u00f6bbit lev\u00e9lk\u00e9nt csomagolj\u00e1k.  <\/p>\n<div class=\"wp-block-image\">\n<figure class=\"aligncenter size-large is-resized\"><img decoding=\"async\" width=\"1024\" height=\"683\" src=\"https:\/\/hojichawholesale.eu\/wp-content\/uploads\/2024\/10\/Depositphotos_518442682_L-1-1024x683.avif\" alt=\"\" class=\"wp-image-5575\" style=\"width:484px;height:auto\" srcset=\"https:\/\/hojichawholesale.eu\/wp-content\/uploads\/2024\/10\/Depositphotos_518442682_L-1-1024x683.avif 1024w, https:\/\/hojichawholesale.eu\/wp-content\/uploads\/2024\/10\/Depositphotos_518442682_L-1-300x200.avif 300w, https:\/\/hojichawholesale.eu\/wp-content\/uploads\/2024\/10\/Depositphotos_518442682_L-1-768x512.avif 768w, https:\/\/hojichawholesale.eu\/wp-content\/uploads\/2024\/10\/Depositphotos_518442682_L-1.avif 1200w\" sizes=\"(max-width: 1024px) 100vw, 1024px\" \/><\/figure>\n<\/div>\n<h2 class=\"wp-block-heading\"><strong>Hogyan f\u0151zz\u00fcnk hojicha-t?<\/strong><\/h2>\n\n<p>Lev\u00e9lform\u00e1ban a hojich\u00e1t 70\u00b0C \u00e9s 80\u00b0C k\u00f6z\u00f6tti h\u0151m\u00e9rs\u00e9kleten f\u0151zz\u00fck 2-3 percig.<\/p>\n\n<p>  80\u00b0C el\u0151ny\u00f6sebb, ha por form\u00e1j\u00e1ban.  <\/p>\n\n<h2 class=\"wp-block-heading\"><strong>Hojicha t\u00f6rt\u00e9nete<\/strong><\/h2>\n\n<p>Senki sem tudja, honnan j\u00f6tt a hojicha. \u00dagy t\u0171nt, hogy az 1920-as \u00e9vekben jelent meg Kiot\u00f3ban. <\/p>\n\n<p>A legenda szerint a g\u00e9ppel betakar\u00edtott tea kifejleszt\u00e9se a 20. sz\u00e1zad elej\u00e9n jelent\u0151s pazarl\u00e1shoz vezetett. Egy ismeretlen keresked\u0151 \u00fagy d\u00f6nt\u00f6tt, hogy megp\u00f6rk\u00f6li ezt a haszn\u00e1lhatatlan te\u00e1t, hogy megmentse, \u00e9s k\u00f6zben feltal\u00e1lta a hojich\u00e1t. <\/p>\n<div class=\"wp-block-image\">\n<figure class=\"aligncenter size-large is-resized\"><img loading=\"lazy\" decoding=\"async\" width=\"1024\" height=\"683\" src=\"https:\/\/hojichawholesale.eu\/wp-content\/uploads\/2024\/10\/Depositphotos_535727240_L-1-1024x683.avif\" alt=\"\" class=\"wp-image-5576\" style=\"width:592px;height:auto\" srcset=\"https:\/\/hojichawholesale.eu\/wp-content\/uploads\/2024\/10\/Depositphotos_535727240_L-1-1024x683.avif 1024w, https:\/\/hojichawholesale.eu\/wp-content\/uploads\/2024\/10\/Depositphotos_535727240_L-1-300x200.avif 300w, https:\/\/hojichawholesale.eu\/wp-content\/uploads\/2024\/10\/Depositphotos_535727240_L-1-768x512.avif 768w, https:\/\/hojichawholesale.eu\/wp-content\/uploads\/2024\/10\/Depositphotos_535727240_L-1.avif 1200w\" sizes=\"(max-width: 1024px) 100vw, 1024px\" \/><\/figure>\n<\/div>\n<h2 class=\"wp-block-heading\"><strong>K\u00f6vetkeztet\u00e9s<\/strong><\/h2>\n\n<p>A Hojicha egy p\u00f6rk\u00f6lt jap\u00e1n z\u00f6ld tea, por \u00e9s lev\u00e9l form\u00e1j\u00e1ban is kaphat\u00f3. Alacsony koffeintartalm\u00fa, hagyom\u00e1nyosan este fogyasztj\u00e1k. Narancss\u00e1rga sz\u00edn\u00e9t a porcel\u00e1n ed\u00e9nyben n\u00e9h\u00e1ny percig tart\u00f3 p\u00f6rk\u00f6l\u00e9sb\u0151l adja, ami a di\u00f3, a karamell vagy a csokol\u00e1d\u00e9 jellegzetes \u00edz\u00e9t adja.  <\/p>\n\n<h2 class=\"wp-block-heading\">K\u00e9rjen mint\u00e1t<\/h2>\n\n<p>K\u00edv\u00e1ncsi a pr\u00e9mium hojicha gazdag, p\u00f6rk\u00f6lt \u00edzeire?  <\/p>\n\n<p>Csak t\u00f6ltse ki adatait al\u00e1bb, \u00e9s k\u00fcld\u00fcnk \u00d6nnek egy mint\u00e1t. Tudassa vel\u00fcnk, ha konkr\u00e9t k\u00e9r\u00e9sei vannak, \u00e9s sz\u00edvesen testreszabjuk aj\u00e1nlatunkat az \u00d6n \u00fczleti ig\u00e9nyeinek megfelel\u0151en. <\/p>\n<div class=\"forminator-ui forminator-custom-form forminator-custom-form-1365 forminator-design--flat  forminator_ajax\" data-forminator-render=\"0\" data-form=\"forminator-module-1365\" data-uid=\"69d4a7855f869\"><br\/><\/div><form\n\t\t\t\tid=\"forminator-module-1365\"\n\t\t\t\tclass=\"forminator-ui forminator-custom-form forminator-custom-form-1365 forminator-design--flat  forminator_ajax\"\n\t\t\t\tmethod=\"post\"\n\t\t\t\tdata-forminator-render=\"0\"\n\t\t\t\tdata-form-id=\"1365\"\n\t\t\t\t data-color-option=\"default\" data-design=\"flat\" data-grid=\"open\" style=\"display: none;\"\n\t\t\t\tdata-uid=\"69d4a7855f869\"\n\t\t\t><div role=\"alert\" aria-live=\"polite\" class=\"forminator-response-message forminator-error\" aria-hidden=\"true\"><\/div><div class=\"forminator-row\"><div id=\"name-1\" class=\"forminator-field-name forminator-col forminator-col-6 \"><div class=\"forminator-field\"><input type=\"text\" name=\"name-1\" value=\"\" placeholder=\"First Name\" id=\"forminator-field-name-1_69d4a7855f869\" class=\"forminator-input forminator-name--field\" aria-required=\"true\" autocomplete=\"name\" \/><\/div><\/div><div id=\"name-2\" class=\"forminator-field-name forminator-col forminator-col-6 \"><div class=\"forminator-field\"><input type=\"text\" name=\"name-2\" value=\"\" placeholder=\"Last Name\" id=\"forminator-field-name-2_69d4a7855f869\" class=\"forminator-input forminator-name--field\" aria-required=\"true\" autocomplete=\"name\" \/><\/div><\/div><\/div><div class=\"forminator-row\"><div id=\"email-1\" class=\"forminator-field-email forminator-col forminator-col-12 \"><div class=\"forminator-field\"><input type=\"email\" name=\"email-1\" value=\"\" placeholder=\"Email\" id=\"forminator-field-email-1_69d4a7855f869\" class=\"forminator-input forminator-email--field\" data-required=\"true\" aria-required=\"true\" autocomplete=\"email\" \/><\/div><\/div><\/div><div class=\"forminator-row\"><div id=\"phone-1\" class=\"forminator-field-phone forminator-col forminator-col-12 \"><div class=\"forminator-field\"><input type=\"text\" name=\"phone-1\" value=\"\" placeholder=\"Phone\" id=\"forminator-field-phone-1_69d4a7855f869\" class=\"forminator-input forminator-field--phone\" data-required=\"\" aria-required=\"false\" autocomplete=\"off\" \/><\/div><\/div><\/div><div class=\"forminator-row\"><div id=\"textarea-1\" class=\"forminator-field-textarea forminator-col forminator-col-12 \"><div class=\"forminator-field\"><textarea name=\"textarea-1\" placeholder=\"Message\" id=\"forminator-field-textarea-1_69d4a7855f869\" class=\"forminator-textarea\" rows=\"6\" style=\"min-height:140px;\" ><\/textarea><span id=\"forminator-field-textarea-1_69d4a7855f869-description\" class=\"forminator-description\"><span data-limit=\"300\" data-type=\"words\" data-editor=\"\">0 \/ 300<\/span><\/span><\/div><\/div><\/div><div class=\"forminator-row\"><\/div><input type=\"hidden\" name=\"referer_url\" value=\"\" \/><div class=\"forminator-row forminator-row-last\"><div class=\"forminator-col\"><div class=\"forminator-field\"><button class=\"forminator-button forminator-button-submit\">Send<\/button><\/div><\/div><\/div><input type=\"hidden\" id=\"forminator_nonce\" name=\"forminator_nonce\" value=\"0b51ba8eba\" \/><input type=\"hidden\" name=\"_wp_http_referer\" value=\"\/hu\/wp-json\/wp\/v2\/pages\/8305\" \/><input type=\"hidden\" name=\"form_id\" value=\"1365\"><input type=\"hidden\" name=\"page_id\" value=\"8305\"><input type=\"hidden\" name=\"form_type\" value=\"default\"><input type=\"hidden\" name=\"current_url\" value=\"https:\/\/hojichawholesale.eu\/hu\/mi-az-a-hojicha\/\"><input type=\"hidden\" name=\"render_id\" value=\"0\"><input type=\"hidden\" name=\"action\" value=\"forminator_submit_form_custom-forms\"><label for=\"input_6\" class=\"forminator-hidden\" aria-hidden=\"true\">Please do not fill in this field. <input id=\"input_6\" type=\"text\" name=\"input_6\" value=\"\" autocomplete=\"off\"><\/label><\/form>\n","protected":false},"excerpt":{"rendered":"<p>Mi az a Hojicha? A Hojicha egy jap\u00e1n z\u00f6ld tea, amelyet porcel\u00e1nban p\u00f6rk\u00f6ltek 175 \u00b0C \u00e9s 350 \u00b0C k\u00f6z\u00f6tti h\u0151m\u00e9rs\u00e9kleten. Ez a p\u00f6rk\u00f6l\u00e9si elj\u00e1r\u00e1s adja jellegzetes narancss\u00e1rga t\u00f3nusait, \u00e9s cs\u00f6kkenti koffein- \u00e9s katechintartalm\u00e1t. A &#8222;Hoji&#8221; jap\u00e1nul azt jelenti, hogy &#8222;s\u00fctni&#8221;, a &#8222;cha&#8221; pedig te\u00e1t. Mi\u00e9rt \u00e9rdemes Hojicha-t inni? A Hojicha egy hagyom\u00e1nyos jap\u00e1n ital, amelyet [&hellip;]<\/p>\n","protected":false},"author":1,"featured_media":8307,"parent":0,"menu_order":0,"comment_status":"closed","ping_status":"closed","template":"","meta":{"_surecart_dashboard_logo_width":"180px","_surecart_dashboard_show_logo":true,"_surecart_dashboard_navigation_orders":true,"_surecart_dashboard_navigation_invoices":true,"_surecart_dashboard_navigation_subscriptions":true,"_surecart_dashboard_navigation_downloads":true,"_surecart_dashboard_navigation_billing":true,"_surecart_dashboard_navigation_account":true,"footnotes":""},"class_list":["post-8305","page","type-page","status-publish","has-post-thumbnail","hentry","entry","has-media"],"mb":[],"mfb_rest_fields":["title","gutenberg_elementor_mode"],"_links":{"self":[{"href":"https:\/\/hojichawholesale.eu\/hu\/wp-json\/wp\/v2\/pages\/8305","targetHints":{"allow":["GET"]}}],"collection":[{"href":"https:\/\/hojichawholesale.eu\/hu\/wp-json\/wp\/v2\/pages"}],"about":[{"href":"https:\/\/hojichawholesale.eu\/hu\/wp-json\/wp\/v2\/types\/page"}],"author":[{"embeddable":true,"href":"https:\/\/hojichawholesale.eu\/hu\/wp-json\/wp\/v2\/users\/1"}],"replies":[{"embeddable":true,"href":"https:\/\/hojichawholesale.eu\/hu\/wp-json\/wp\/v2\/comments?post=8305"}],"version-history":[{"count":0,"href":"https:\/\/hojichawholesale.eu\/hu\/wp-json\/wp\/v2\/pages\/8305\/revisions"}],"wp:featuredmedia":[{"embeddable":true,"href":"https:\/\/hojichawholesale.eu\/hu\/wp-json\/wp\/v2\/media\/8307"}],"wp:attachment":[{"href":"https:\/\/hojichawholesale.eu\/hu\/wp-json\/wp\/v2\/media?parent=8305"}],"curies":[{"name":"wp","href":"https:\/\/api.w.org\/{rel}","templated":true}]}}