{"id":8282,"date":"2024-10-12T09:58:42","date_gmt":"2024-10-12T09:58:42","guid":{"rendered":"https:\/\/hojichawholesale.eu\/hojicha-szallodak-es-ettermek-szamara\/"},"modified":"2025-10-26T16:42:40","modified_gmt":"2025-10-26T16:42:40","slug":"hojicha-szallodak-es-ettermek-szamara","status":"publish","type":"page","link":"https:\/\/hojichawholesale.eu\/hu\/hojicha-szallodak-es-ettermek-szamara\/","title":{"rendered":"Hojicha sz\u00e1llod\u00e1k \u00e9s \u00e9ttermek sz\u00e1m\u00e1ra"},"content":{"rendered":"\n<h1 class=\"wp-block-heading\">Hojicha sz\u00e1llod\u00e1knak \u00e9s \u00e9ttermeknek<\/h1>\n\n<p>A Hojicha a felt\u00f6rekv\u0151, divatos jap\u00e1n tea. A match\u00e1hoz hasonl\u00f3an por form\u00e1j\u00e1ban is kaphat\u00f3, t\u00f6k\u00e9letes tejesk\u00e1v\u00e9hoz, desszertekhez \u00e9s p\u00e9k\u00e1rukhoz. De a match\u00e1val ellent\u00e9tben laza levelekben is kaphat\u00f3, lehet\u0151v\u00e9 t\u00e9ve a forr\u00f3 v\u00edzbe t\u00f6rt\u00e9n\u0151 k\u00f6nny\u0171 inf\u00fazi\u00f3t.    <\/p>\n\n<p>A Hojicha szorosan kapcsol\u00f3dik az eg\u00e9szs\u00e9ghez, a kifinomults\u00e1ghoz \u00e9s a kiv\u00e1l\u00f3 min\u0151s\u00e9ghez, pozit\u00edvan befoly\u00e1solja a m\u00e1rka\u00e9p\u00edt\u00e9st \u00e9s a st\u00edlust, \u00e9s seg\u00edt \u00fcgyfeleinek kifinomultnak \u00e9rezni magukat.  <\/p>\n\n<p>Ezenk\u00edv\u00fcl pr\u00e9mium \u00e9rz\u00e9kel\u00e9se \u00e9s alacsony termel\u00e9si k\u00f6lts\u00e9gei miatt magas haszonkulcsot k\u00edn\u00e1l.<\/p>\n\n<p>Ez\u00e9rt a hojicha t\u00f6k\u00e9letes kieg\u00e9sz\u00edt\u0151je sz\u00e1llod\u00e1ja vagy \u00e9tterme italv\u00e1laszt\u00e9k\u00e1nak.<\/p>\n\n<h2 class=\"wp-block-heading\">1. Egyedi, p\u00f6rk\u00f6lt \u00edz<\/h2>\n\n<p>A Hojicha m\u00e9ly, p\u00f6rk\u00f6lt \u00edzt k\u00edn\u00e1l karamell, di\u00f3 jegyekkel \u00e9s enyhe f\u00fcst\u00f6ss\u00e9ggel. Sima, term\u00e9szetesen \u00e9des \u00edze az emberek sz\u00e9les k\u00f6r\u00e9t vonzza, \u00edgy univerz\u00e1lisan megk\u00f6zel\u00edthet\u0151 lehet\u0151s\u00e9g, mint a matcha. <\/p>\n\n<h2 class=\"wp-block-heading\">2. Alacsony koffeintartalm\u00fa \u00e9s pihentet\u0151<\/h2>\n\n<p>A magas h\u0151m\u00e9rs\u00e9kleten p\u00f6rk\u00f6lt hojicha minim\u00e1lis koffeintartalommal rendelkezik, \u00edgy ide\u00e1lis v\u00e1laszt\u00e1s azoknak a vend\u00e9geknek, akik a nap b\u00e1rmely szak\u00e1ban pihenni szeretn\u00e9nek. Ez az alacsony koffeintartalm\u00fa profil a koffeinre \u00e9rz\u00e9kenyek sz\u00e1m\u00e1ra k\u00e9sz\u00fclt, n\u00f6velve a men\u00fc vonzerej\u00e9t. <\/p>\n<div class=\"wp-block-image\">\n<figure class=\"aligncenter size-large is-resized\"><img fetchpriority=\"high\" decoding=\"async\" width=\"1024\" height=\"684\" src=\"https:\/\/hojichawholesale.eu\/wp-content\/uploads\/2024\/10\/Depositphotos_500113964_L-1024x684.avif\" alt=\"\" class=\"wp-image-5326\" style=\"width:509px;height:auto\" srcset=\"https:\/\/hojichawholesale.eu\/wp-content\/uploads\/2024\/10\/Depositphotos_500113964_L-1024x684.avif 1024w, https:\/\/hojichawholesale.eu\/wp-content\/uploads\/2024\/10\/Depositphotos_500113964_L-300x200.avif 300w, https:\/\/hojichawholesale.eu\/wp-content\/uploads\/2024\/10\/Depositphotos_500113964_L-768x513.avif 768w, https:\/\/hojichawholesale.eu\/wp-content\/uploads\/2024\/10\/Depositphotos_500113964_L.avif 1200w\" sizes=\"(max-width: 1024px) 100vw, 1024px\" \/><\/figure>\n<\/div>\n<h2 class=\"wp-block-heading\">3. Eg\u00e9szs\u00e9gtudatos v\u00e1laszt\u00e1s<\/h2>\n\n<p>Mivel az \u00e9tkez\u0151k egyre ink\u00e1bb az eg\u00e9szs\u00e9get helyezik el\u0151t\u00e9rbe, a hojicha rengeteg el\u0151nnyel j\u00e1r. Antioxid\u00e1nsokban gazdag, seg\u00edti az em\u00e9szt\u00e9st, cs\u00f6kkenti a stresszt \u00e9s el\u0151seg\u00edti a relax\u00e1ci\u00f3t. Alacsony koffeintartalma minden koroszt\u00e1ly sz\u00e1m\u00e1ra alkalmass\u00e1 teszi, vonzza az eg\u00e9szs\u00e9gtudatos vend\u00e9geket, csal\u00e1dokat \u00e9s \u00fczleti utaz\u00f3kat.  <\/p>\n\n<h2 class=\"wp-block-heading\">4. Sokoldal\u00fa t\u00e1lal\u00e1si lehet\u0151s\u00e9gek<\/h2>\n\n<p>A Hojicha rugalmas \u00f6sszetev\u0151, ak\u00e1r forr\u00f3n, ak\u00e1r jegesen, ak\u00e1r tejesk\u00e1v\u00e9ba, kokt\u00e9lokba vagy desszertekbe keverik. Sokoldal\u00fas\u00e1ga v\u00e9gtelen kreativit\u00e1st tesz lehet\u0151v\u00e9 az ital- \u00e9s desszertmen\u00fckben, egyedi hangulatot k\u00f6lcs\u00f6n\u00f6zve k\u00edn\u00e1lat\u00e1nak. <\/p>\n<div class=\"wp-block-image\">\n<figure class=\"aligncenter size-large is-resized\"><img decoding=\"async\" width=\"1024\" height=\"683\" src=\"https:\/\/hojichawholesale.eu\/wp-content\/uploads\/2024\/10\/Depositphotos_507526862_L-1024x683.avif\" alt=\"\" class=\"wp-image-5332\" style=\"width:605px;height:auto\" srcset=\"https:\/\/hojichawholesale.eu\/wp-content\/uploads\/2024\/10\/Depositphotos_507526862_L-1024x683.avif 1024w, https:\/\/hojichawholesale.eu\/wp-content\/uploads\/2024\/10\/Depositphotos_507526862_L-300x200.avif 300w, https:\/\/hojichawholesale.eu\/wp-content\/uploads\/2024\/10\/Depositphotos_507526862_L-768x512.avif 768w, https:\/\/hojichawholesale.eu\/wp-content\/uploads\/2024\/10\/Depositphotos_507526862_L.avif 1200w\" sizes=\"(max-width: 1024px) 100vw, 1024px\" \/><figcaption class=\"wp-element-caption\">T\u00e1bla sz\u00e1raz hojicha z\u00f6ld te\u00e1val \u00e9s cs\u00e9sze forr\u00f3 itallal sz\u00ednes h\u00e1tt\u00e9ren<\/figcaption><\/figure>\n<\/div>\n<h2 class=\"wp-block-heading\">5. N\u00f6vekv\u0151 tendencia<\/h2>\n\n<p>Mivel a matcha m\u00e1ra mainstream, a Hojicha k\u00e9szen \u00e1ll arra, hogy a jap\u00e1n te\u00e1k k\u00f6vetkez\u0151 nagy trendje legyen, k\u00fcl\u00f6n\u00f6sen Eur\u00f3p\u00e1ban. A hojicha k\u00edn\u00e1lata lehet\u0151v\u00e9 teszi, hogy l\u00e9tes\u00edtm\u00e9nye kit\u0171nj\u00f6n egy pr\u00e9mium, exkluz\u00edv lehet\u0151s\u00e9ggel, amely leny\u0171g\u00f6zi a vend\u00e9geket \u00e9s jav\u00edtja a poz\u00edci\u00f3j\u00e1t.   <\/p>\n\n<figure class=\"wp-block-image size-large\"><img decoding=\"async\" width=\"1024\" height=\"544\" src=\"https:\/\/hojichawholesale.eu\/wp-content\/uploads\/2024\/10\/hojicha-trends-1-1024x544.avif\" alt=\"\" class=\"wp-image-5519\" srcset=\"https:\/\/hojichawholesale.eu\/wp-content\/uploads\/2024\/10\/hojicha-trends-1-1024x544.avif 1024w, https:\/\/hojichawholesale.eu\/wp-content\/uploads\/2024\/10\/hojicha-trends-1-300x159.avif 300w, https:\/\/hojichawholesale.eu\/wp-content\/uploads\/2024\/10\/hojicha-trends-1-768x408.avif 768w, https:\/\/hojichawholesale.eu\/wp-content\/uploads\/2024\/10\/hojicha-trends-1-1536x816.avif 1536w, https:\/\/hojichawholesale.eu\/wp-content\/uploads\/2024\/10\/hojicha-trends-1.avif 1892w\" sizes=\"(max-width: 1024px) 100vw, 1024px\" \/><\/figure>\n\n<figure class=\"wp-block-image size-large\"><img loading=\"lazy\" decoding=\"async\" width=\"1024\" height=\"412\" src=\"https:\/\/hojichawholesale.eu\/wp-content\/uploads\/2024\/10\/hojicha-trends-countries-1024x412.avif\" alt=\"\" class=\"wp-image-5459\" srcset=\"https:\/\/hojichawholesale.eu\/wp-content\/uploads\/2024\/10\/hojicha-trends-countries-1024x412.avif 1024w, https:\/\/hojichawholesale.eu\/wp-content\/uploads\/2024\/10\/hojicha-trends-countries-300x121.avif 300w, https:\/\/hojichawholesale.eu\/wp-content\/uploads\/2024\/10\/hojicha-trends-countries-768x309.avif 768w, https:\/\/hojichawholesale.eu\/wp-content\/uploads\/2024\/10\/hojicha-trends-countries-1536x618.avif 1536w, https:\/\/hojichawholesale.eu\/wp-content\/uploads\/2024\/10\/hojicha-trends-countries.avif 1873w\" sizes=\"(max-width: 1024px) 100vw, 1024px\" \/><\/figure>\n\n<h2 class=\"wp-block-heading\">6. K\u00f6nnyen piacra dobhat\u00f3<\/h2>\n\n<p>A term\u00e9k jelleg\u00e9b\u0151l ad\u00f3d\u00f3an a marketingben felhaszn\u00e1lhat\u00f3 szempontok sz\u00e9les sk\u00e1l\u00e1j\u00e1t k\u00edn\u00e1lja, a divatos jap\u00e1n italt\u00f3l az eg\u00e9szs\u00e9gjav\u00edt\u00f3 italig.<\/p>\n\n<p>Alacsony gy\u00e1rt\u00e1si k\u00f6lts\u00e9ge teljes ellen\u0151rz\u00e9st biztos\u00edt a haszonkulcs felett.<\/p>\n\n<h2 class=\"wp-block-heading\">K\u00e9rjen mint\u00e1t<\/h2>\n\n<p>K\u00edv\u00e1ncsi a pr\u00e9mium hojicha gazdag, p\u00f6rk\u00f6lt \u00edzeire?  <\/p>\n\n<p>Csak t\u00f6ltse ki adatait al\u00e1bb, \u00e9s k\u00fcld\u00fcnk \u00d6nnek egy mint\u00e1t. Tudassa vel\u00fcnk, ha konkr\u00e9t k\u00e9r\u00e9sei vannak, \u00e9s sz\u00edvesen testreszabjuk aj\u00e1nlatunkat az \u00d6n \u00fczleti ig\u00e9nyeinek megfelel\u0151en. <\/p>\n<div class=\"forminator-ui forminator-custom-form forminator-custom-form-1365 forminator-design--flat  forminator_ajax\" data-forminator-render=\"0\" data-form=\"forminator-module-1365\" data-uid=\"69d4931442470\"><br\/><\/div><form\n\t\t\t\tid=\"forminator-module-1365\"\n\t\t\t\tclass=\"forminator-ui forminator-custom-form forminator-custom-form-1365 forminator-design--flat  forminator_ajax\"\n\t\t\t\tmethod=\"post\"\n\t\t\t\tdata-forminator-render=\"0\"\n\t\t\t\tdata-form-id=\"1365\"\n\t\t\t\t data-color-option=\"default\" data-design=\"flat\" data-grid=\"open\" style=\"display: none;\"\n\t\t\t\tdata-uid=\"69d4931442470\"\n\t\t\t><div role=\"alert\" aria-live=\"polite\" class=\"forminator-response-message forminator-error\" aria-hidden=\"true\"><\/div><div class=\"forminator-row\"><div id=\"name-1\" class=\"forminator-field-name forminator-col forminator-col-6 \"><div class=\"forminator-field\"><input type=\"text\" name=\"name-1\" value=\"\" placeholder=\"First Name\" id=\"forminator-field-name-1_69d4931442470\" class=\"forminator-input forminator-name--field\" aria-required=\"true\" autocomplete=\"name\" \/><\/div><\/div><div id=\"name-2\" class=\"forminator-field-name forminator-col forminator-col-6 \"><div class=\"forminator-field\"><input type=\"text\" name=\"name-2\" value=\"\" placeholder=\"Last Name\" id=\"forminator-field-name-2_69d4931442470\" class=\"forminator-input forminator-name--field\" aria-required=\"true\" autocomplete=\"name\" \/><\/div><\/div><\/div><div class=\"forminator-row\"><div id=\"email-1\" class=\"forminator-field-email forminator-col forminator-col-12 \"><div class=\"forminator-field\"><input type=\"email\" name=\"email-1\" value=\"\" placeholder=\"Email\" id=\"forminator-field-email-1_69d4931442470\" class=\"forminator-input forminator-email--field\" data-required=\"true\" aria-required=\"true\" autocomplete=\"email\" \/><\/div><\/div><\/div><div class=\"forminator-row\"><div id=\"phone-1\" class=\"forminator-field-phone forminator-col forminator-col-12 \"><div class=\"forminator-field\"><input type=\"text\" name=\"phone-1\" value=\"\" placeholder=\"Phone\" id=\"forminator-field-phone-1_69d4931442470\" class=\"forminator-input forminator-field--phone\" data-required=\"\" aria-required=\"false\" autocomplete=\"off\" \/><\/div><\/div><\/div><div class=\"forminator-row\"><div id=\"textarea-1\" class=\"forminator-field-textarea forminator-col forminator-col-12 \"><div class=\"forminator-field\"><textarea name=\"textarea-1\" placeholder=\"Message\" id=\"forminator-field-textarea-1_69d4931442470\" class=\"forminator-textarea\" rows=\"6\" style=\"min-height:140px;\" ><\/textarea><span id=\"forminator-field-textarea-1_69d4931442470-description\" class=\"forminator-description\"><span data-limit=\"300\" data-type=\"words\" data-editor=\"\">0 \/ 300<\/span><\/span><\/div><\/div><\/div><div class=\"forminator-row\"><\/div><input type=\"hidden\" name=\"referer_url\" value=\"\" \/><div class=\"forminator-row forminator-row-last\"><div class=\"forminator-col\"><div class=\"forminator-field\"><button class=\"forminator-button forminator-button-submit\">Send<\/button><\/div><\/div><\/div><input type=\"hidden\" id=\"forminator_nonce\" name=\"forminator_nonce\" value=\"0b51ba8eba\" \/><input type=\"hidden\" name=\"_wp_http_referer\" value=\"\/hu\/wp-json\/wp\/v2\/pages\/8282\" \/><input type=\"hidden\" name=\"form_id\" value=\"1365\"><input type=\"hidden\" name=\"page_id\" value=\"8282\"><input type=\"hidden\" name=\"form_type\" value=\"default\"><input type=\"hidden\" name=\"current_url\" value=\"https:\/\/hojichawholesale.eu\/hu\/hojicha-szallodak-es-ettermek-szamara\/\"><input type=\"hidden\" name=\"render_id\" value=\"0\"><input type=\"hidden\" name=\"action\" value=\"forminator_submit_form_custom-forms\"><label for=\"input_6\" class=\"forminator-hidden\" aria-hidden=\"true\">Please do not fill in this field. <input id=\"input_6\" type=\"text\" name=\"input_6\" value=\"\" autocomplete=\"off\"><\/label><\/form>\n\n<p><\/p>\n","protected":false},"excerpt":{"rendered":"<p>Hojicha sz\u00e1llod\u00e1knak \u00e9s \u00e9ttermeknek A Hojicha a felt\u00f6rekv\u0151, divatos jap\u00e1n tea. A match\u00e1hoz hasonl\u00f3an por form\u00e1j\u00e1ban is kaphat\u00f3, t\u00f6k\u00e9letes tejesk\u00e1v\u00e9hoz, desszertekhez \u00e9s p\u00e9k\u00e1rukhoz. De a match\u00e1val ellent\u00e9tben laza levelekben is kaphat\u00f3, lehet\u0151v\u00e9 t\u00e9ve a forr\u00f3 v\u00edzbe t\u00f6rt\u00e9n\u0151 k\u00f6nny\u0171 inf\u00fazi\u00f3t. A Hojicha szorosan kapcsol\u00f3dik az eg\u00e9szs\u00e9ghez, a kifinomults\u00e1ghoz \u00e9s a kiv\u00e1l\u00f3 min\u0151s\u00e9ghez, pozit\u00edvan befoly\u00e1solja a m\u00e1rka\u00e9p\u00edt\u00e9st [&hellip;]<\/p>\n","protected":false},"author":1,"featured_media":8293,"parent":0,"menu_order":0,"comment_status":"closed","ping_status":"closed","template":"","meta":{"_surecart_dashboard_logo_width":"180px","_surecart_dashboard_show_logo":true,"_surecart_dashboard_navigation_orders":true,"_surecart_dashboard_navigation_invoices":true,"_surecart_dashboard_navigation_subscriptions":true,"_surecart_dashboard_navigation_downloads":true,"_surecart_dashboard_navigation_billing":true,"_surecart_dashboard_navigation_account":true,"footnotes":""},"class_list":["post-8282","page","type-page","status-publish","has-post-thumbnail","hentry","entry","has-media"],"mb":[],"mfb_rest_fields":["title","gutenberg_elementor_mode"],"_links":{"self":[{"href":"https:\/\/hojichawholesale.eu\/hu\/wp-json\/wp\/v2\/pages\/8282","targetHints":{"allow":["GET"]}}],"collection":[{"href":"https:\/\/hojichawholesale.eu\/hu\/wp-json\/wp\/v2\/pages"}],"about":[{"href":"https:\/\/hojichawholesale.eu\/hu\/wp-json\/wp\/v2\/types\/page"}],"author":[{"embeddable":true,"href":"https:\/\/hojichawholesale.eu\/hu\/wp-json\/wp\/v2\/users\/1"}],"replies":[{"embeddable":true,"href":"https:\/\/hojichawholesale.eu\/hu\/wp-json\/wp\/v2\/comments?post=8282"}],"version-history":[{"count":0,"href":"https:\/\/hojichawholesale.eu\/hu\/wp-json\/wp\/v2\/pages\/8282\/revisions"}],"wp:featuredmedia":[{"embeddable":true,"href":"https:\/\/hojichawholesale.eu\/hu\/wp-json\/wp\/v2\/media\/8293"}],"wp:attachment":[{"href":"https:\/\/hojichawholesale.eu\/hu\/wp-json\/wp\/v2\/media?parent=8282"}],"curies":[{"name":"wp","href":"https:\/\/api.w.org\/{rel}","templated":true}]}}