{"id":8176,"date":"2024-10-11T17:57:17","date_gmt":"2024-10-11T17:57:17","guid":{"rendered":"https:\/\/hojichawholesale.eu\/hojicha-kiskereskedelmi-teazoknak\/"},"modified":"2025-10-26T16:42:28","modified_gmt":"2025-10-26T16:42:28","slug":"hojicha-kiskereskedelmi-teazoknak","status":"publish","type":"page","link":"https:\/\/hojichawholesale.eu\/hu\/hojicha-kiskereskedelmi-teazoknak\/","title":{"rendered":"Hojicha kiskereskedelmi te\u00e1z\u00f3knak"},"content":{"rendered":"\n<h1 class=\"wp-block-heading\">Hojicha kiskereskedelmi te\u00e1z\u00f3knak<\/h1>\n\n<p>A Hojicha n\u00e9pszer\u0171s\u00e9ge n\u00f6vekszik, \u00e9s kiemelked\u0151 term\u00e9kk\u00e9nt jelenik meg Jap\u00e1nb\u00f3l. \u00cdme, mi\u00e9rt kell a te\u00e1z\u00f3 v\u00e1laszt\u00e9k\u00e1nak r\u00e9sz\u00e9v\u00e9 v\u00e1lnia. <\/p>\n\n<h2 class=\"wp-block-heading\">1. <strong>Egyedi \u00edzprofil<\/strong><\/h2>\n\n<p>A Hojicha jellegzetes p\u00f6rk\u00f6l\u00e9si folyamata meleg, pir\u00edtott arom\u00e1t \u00e9s enyhe, di\u00f3s \u00edzt k\u00f6lcs\u00f6n\u00f6z neki. A hagyom\u00e1nyos z\u00f6ld te\u00e1kkal ellent\u00e9tben term\u00e9szetesen alacsony koffeintartalm\u00fa, \u00edgy nagyszer\u0171 v\u00e1laszt\u00e1s azoknak a v\u00e1s\u00e1rl\u00f3knak, akik nyugtat\u00f3 te\u00e1t szeretn\u00e9nek, amelyet eg\u00e9sz nap \u00e9lvezhetnek, ak\u00e1r este is. <\/p>\n<div class=\"wp-block-image\">\n<figure class=\"aligncenter size-large is-resized\"><img fetchpriority=\"high\" decoding=\"async\" width=\"1024\" height=\"683\" src=\"https:\/\/hojichawholesale.eu\/wp-content\/uploads\/2024\/10\/Depositphotos_505383520_L-1024x683.avif\" alt=\"\" class=\"wp-image-5324\" style=\"width:484px;height:auto\" srcset=\"https:\/\/hojichawholesale.eu\/wp-content\/uploads\/2024\/10\/Depositphotos_505383520_L-1024x683.avif 1024w, https:\/\/hojichawholesale.eu\/wp-content\/uploads\/2024\/10\/Depositphotos_505383520_L-300x200.avif 300w, https:\/\/hojichawholesale.eu\/wp-content\/uploads\/2024\/10\/Depositphotos_505383520_L-768x512.avif 768w, https:\/\/hojichawholesale.eu\/wp-content\/uploads\/2024\/10\/Depositphotos_505383520_L.avif 1200w\" sizes=\"(max-width: 1024px) 100vw, 1024px\" \/><\/figure>\n<\/div>\n<h2 class=\"wp-block-heading\">2. <strong>Eg\u00e9szs\u00e9g\u00fcgyi el\u0151ny\u00f6k<\/strong><\/h2>\n\n<p>A Hojicha gazdag antioxid\u00e1nsokban, p\u00e9ld\u00e1ul katekinekben, ami els\u0151dleges jel\u00f6ltt\u00e9 teszi az eg\u00e9szs\u00e9g\u00fcgyi marketing kamp\u00e1nyok sz\u00e1m\u00e1ra.  <\/p>\n\n<p>Alacsony koffeintartalma alkalmass\u00e1 teszi a stimul\u00e1nsokra \u00e9rz\u00e9kenyek sz\u00e1m\u00e1ra, a p\u00f6rk\u00f6l\u00e9si folyamat pedig cs\u00f6kkenti a tanninokat, \u00edgy sima \u00e1llagot k\u00f6lcs\u00f6n\u00f6z a z\u00f6ld te\u00e1ra gyakran jellemz\u0151 keser\u0171s\u00e9g n\u00e9lk\u00fcl.<\/p>\n\n<h2 class=\"wp-block-heading\">3. <strong>Vonz\u00f3 a n\u00f6vekv\u0151 piac sz\u00e1m\u00e1ra<\/strong><\/h2>\n\n<p>A speci\u00e1lis te\u00e1k \u00e9s wellness term\u00e9kek ir\u00e1nti n\u00f6vekv\u0151 kereslet miatt a hojicha lehet\u0151s\u00e9get k\u00edn\u00e1l \u00fczlet\u00e9nek az eg\u00e9szs\u00e9gtudatos v\u00e1s\u00e1rl\u00f3k vonz\u00e1s\u00e1ra.  <\/p>\n\n<p>Jellegzetes \u00edze \u00e9s alacsony koffeintartalma soksz\u00edn\u0171 k\u00f6z\u00f6ns\u00e9get vonz, a tearajong\u00f3kt\u00f3l az eg\u00e9szs\u00e9gk\u00f6zpont\u00fa fogyaszt\u00f3kig. Kiv\u00e1l\u00f3 v\u00e1laszt\u00e1s azok sz\u00e1m\u00e1ra, akik nyugodt \u00e9s nyugtat\u00f3 forr\u00f3 \u00e9jszakai italt keresnek. <\/p>\n\n<figure class=\"wp-block-image size-large is-resized\"><img decoding=\"async\" width=\"1024\" height=\"544\" src=\"https:\/\/hojichawholesale.eu\/wp-content\/uploads\/2024\/10\/hojicha-trends-1-1024x544.avif\" alt=\"\" class=\"wp-image-5519\" style=\"width:840px;height:auto\" srcset=\"https:\/\/hojichawholesale.eu\/wp-content\/uploads\/2024\/10\/hojicha-trends-1-1024x544.avif 1024w, https:\/\/hojichawholesale.eu\/wp-content\/uploads\/2024\/10\/hojicha-trends-1-300x159.avif 300w, https:\/\/hojichawholesale.eu\/wp-content\/uploads\/2024\/10\/hojicha-trends-1-768x408.avif 768w, https:\/\/hojichawholesale.eu\/wp-content\/uploads\/2024\/10\/hojicha-trends-1-1536x816.avif 1536w, https:\/\/hojichawholesale.eu\/wp-content\/uploads\/2024\/10\/hojicha-trends-1.avif 1892w\" sizes=\"(max-width: 1024px) 100vw, 1024px\" \/><\/figure>\n\n<figure class=\"wp-block-image size-large\"><img decoding=\"async\" width=\"1024\" height=\"412\" src=\"https:\/\/hojichawholesale.eu\/wp-content\/uploads\/2024\/10\/hojicha-trends-countries-1024x412.avif\" alt=\"\" class=\"wp-image-5459\" srcset=\"https:\/\/hojichawholesale.eu\/wp-content\/uploads\/2024\/10\/hojicha-trends-countries-1024x412.avif 1024w, https:\/\/hojichawholesale.eu\/wp-content\/uploads\/2024\/10\/hojicha-trends-countries-300x121.avif 300w, https:\/\/hojichawholesale.eu\/wp-content\/uploads\/2024\/10\/hojicha-trends-countries-768x309.avif 768w, https:\/\/hojichawholesale.eu\/wp-content\/uploads\/2024\/10\/hojicha-trends-countries-1536x618.avif 1536w, https:\/\/hojichawholesale.eu\/wp-content\/uploads\/2024\/10\/hojicha-trends-countries.avif 1873w\" sizes=\"(max-width: 1024px) 100vw, 1024px\" \/><\/figure>\n\n<h2 class=\"wp-block-heading\">4. <strong>Sokoldal\u00fas\u00e1g a haszn\u00e1latban<\/strong><\/h2>\n\n<p>A match\u00e1val ellent\u00e9tben a hojicha por \u00e9s laza lev\u00e9l form\u00e1j\u00e1ban is kaphat\u00f3, \u00edgy rugalmass\u00e1got biztos\u00edt tulajdons\u00e1gainak rekl\u00e1moz\u00e1s\u00e1hoz.  <\/p>\n\n<p>Haszn\u00e1lhat\u00f3 tejesk\u00e1v\u00e9hoz, p\u00e9k\u00e1rukhoz, fagylalthoz vagy egyszer\u0171 teak\u00e9nt is.  <\/p>\n\n<h2 class=\"wp-block-heading\">5. <strong>Pr\u00e9mium min\u0151s\u00e9g<\/strong><\/h2>\n\n<p>A hojicha k\u00f6zvetlen\u00fcl a legjobb jap\u00e1n teatermel\u0151kt\u0151l sz\u00e1rmazik. Ez biztos\u00edtja, hogy a legjobb min\u0151s\u00e9g\u0171, egys\u00e9ges \u00edzprofil\u00fa term\u00e9ket kapja, amelyet v\u00e1s\u00e1rl\u00f3i szeretni fognak \u00e9s visszat\u00e9rnek. <\/p>\n\n<h2 class=\"wp-block-heading\">6. Eg\u00e9szs\u00e9ges \u00e1rr\u00e9sek<\/h2>\n\n<p>A Hojicha olcs\u00f3 el\u0151\u00e1ll\u00edt\u00e1sa \u00e9s a jap\u00e1n kult\u00far\u00e1hoz kapcsol\u00f3dik, ami azt jelenti, hogy a v\u00e1s\u00e1rl\u00f3k k\u00e9szek pr\u00e9miumot fizetni, k\u00fcl\u00f6n\u00f6sen a hojicha por\u00e9rt.  <\/p>\n\n<p>A Hojicha seg\u00edt diverzifik\u00e1lni k\u00edn\u00e1lat\u00e1t, \u00e9s kiszolg\u00e1lni egy \u00faj, figyelmen k\u00edv\u00fcl hagyott \u00e9s felt\u00f6rekv\u0151 term\u00e9keket keres\u0151 fogyaszt\u00f3t\u00edpust.  <\/p>\n\n<h2 class=\"wp-block-heading\">K\u00e9rjen mint\u00e1t<\/h2>\n\n<p>K\u00edv\u00e1ncsi a pr\u00e9mium hojicha gazdag, p\u00f6rk\u00f6lt \u00edzeire?  <\/p>\n\n<p>Csak t\u00f6ltse ki adatait al\u00e1bb, \u00e9s k\u00fcld\u00fcnk \u00d6nnek egy mint\u00e1t. Tudassa vel\u00fcnk, ha konkr\u00e9t k\u00e9r\u00e9sei vannak, \u00e9s sz\u00edvesen testreszabjuk aj\u00e1nlatunkat az \u00d6n \u00fczleti ig\u00e9nyeinek megfelel\u0151en. <\/p>\n<div class=\"forminator-ui forminator-custom-form forminator-custom-form-1365 forminator-design--flat  forminator_ajax\" data-forminator-render=\"0\" data-form=\"forminator-module-1365\" data-uid=\"69d442d75e019\"><br\/><\/div><form\n\t\t\t\tid=\"forminator-module-1365\"\n\t\t\t\tclass=\"forminator-ui forminator-custom-form forminator-custom-form-1365 forminator-design--flat  forminator_ajax\"\n\t\t\t\tmethod=\"post\"\n\t\t\t\tdata-forminator-render=\"0\"\n\t\t\t\tdata-form-id=\"1365\"\n\t\t\t\t data-color-option=\"default\" data-design=\"flat\" data-grid=\"open\" style=\"display: none;\"\n\t\t\t\tdata-uid=\"69d442d75e019\"\n\t\t\t><div role=\"alert\" aria-live=\"polite\" class=\"forminator-response-message forminator-error\" aria-hidden=\"true\"><\/div><div class=\"forminator-row\"><div id=\"name-1\" class=\"forminator-field-name forminator-col forminator-col-6 \"><div class=\"forminator-field\"><input type=\"text\" name=\"name-1\" value=\"\" placeholder=\"First Name\" id=\"forminator-field-name-1_69d442d75e019\" class=\"forminator-input forminator-name--field\" aria-required=\"true\" autocomplete=\"name\" \/><\/div><\/div><div id=\"name-2\" class=\"forminator-field-name forminator-col forminator-col-6 \"><div class=\"forminator-field\"><input type=\"text\" name=\"name-2\" value=\"\" placeholder=\"Last Name\" id=\"forminator-field-name-2_69d442d75e019\" class=\"forminator-input forminator-name--field\" aria-required=\"true\" autocomplete=\"name\" \/><\/div><\/div><\/div><div class=\"forminator-row\"><div id=\"email-1\" class=\"forminator-field-email forminator-col forminator-col-12 \"><div class=\"forminator-field\"><input type=\"email\" name=\"email-1\" value=\"\" placeholder=\"Email\" id=\"forminator-field-email-1_69d442d75e019\" class=\"forminator-input forminator-email--field\" data-required=\"true\" aria-required=\"true\" autocomplete=\"email\" \/><\/div><\/div><\/div><div class=\"forminator-row\"><div id=\"phone-1\" class=\"forminator-field-phone forminator-col forminator-col-12 \"><div class=\"forminator-field\"><input type=\"text\" name=\"phone-1\" value=\"\" placeholder=\"Phone\" id=\"forminator-field-phone-1_69d442d75e019\" class=\"forminator-input forminator-field--phone\" data-required=\"\" aria-required=\"false\" autocomplete=\"off\" \/><\/div><\/div><\/div><div class=\"forminator-row\"><div id=\"textarea-1\" class=\"forminator-field-textarea forminator-col forminator-col-12 \"><div class=\"forminator-field\"><textarea name=\"textarea-1\" placeholder=\"Message\" id=\"forminator-field-textarea-1_69d442d75e019\" class=\"forminator-textarea\" rows=\"6\" style=\"min-height:140px;\" ><\/textarea><span id=\"forminator-field-textarea-1_69d442d75e019-description\" class=\"forminator-description\"><span data-limit=\"300\" data-type=\"words\" data-editor=\"\">0 \/ 300<\/span><\/span><\/div><\/div><\/div><div class=\"forminator-row\"><\/div><input type=\"hidden\" name=\"referer_url\" value=\"\" \/><div class=\"forminator-row forminator-row-last\"><div class=\"forminator-col\"><div class=\"forminator-field\"><button class=\"forminator-button forminator-button-submit\">Send<\/button><\/div><\/div><\/div><input type=\"hidden\" id=\"forminator_nonce\" name=\"forminator_nonce\" value=\"8ad7e0b691\" \/><input type=\"hidden\" name=\"_wp_http_referer\" value=\"\/hu\/wp-json\/wp\/v2\/pages\/8176\" \/><input type=\"hidden\" name=\"form_id\" value=\"1365\"><input type=\"hidden\" name=\"page_id\" value=\"8176\"><input type=\"hidden\" name=\"form_type\" value=\"default\"><input type=\"hidden\" name=\"current_url\" value=\"https:\/\/hojichawholesale.eu\/hu\/hojicha-kiskereskedelmi-teazoknak\/\"><input type=\"hidden\" name=\"render_id\" value=\"0\"><input type=\"hidden\" name=\"action\" value=\"forminator_submit_form_custom-forms\"><label for=\"input_6\" class=\"forminator-hidden\" aria-hidden=\"true\">Please do not fill in this field. <input id=\"input_6\" type=\"text\" name=\"input_6\" value=\"\" autocomplete=\"off\"><\/label><\/form>\n","protected":false},"excerpt":{"rendered":"<p>Hojicha kiskereskedelmi te\u00e1z\u00f3knak A Hojicha n\u00e9pszer\u0171s\u00e9ge n\u00f6vekszik, \u00e9s kiemelked\u0151 term\u00e9kk\u00e9nt jelenik meg Jap\u00e1nb\u00f3l. \u00cdme, mi\u00e9rt kell a te\u00e1z\u00f3 v\u00e1laszt\u00e9k\u00e1nak r\u00e9sz\u00e9v\u00e9 v\u00e1lnia. 1. Egyedi \u00edzprofil A Hojicha jellegzetes p\u00f6rk\u00f6l\u00e9si folyamata meleg, pir\u00edtott arom\u00e1t \u00e9s enyhe, di\u00f3s \u00edzt k\u00f6lcs\u00f6n\u00f6z neki. A hagyom\u00e1nyos z\u00f6ld te\u00e1kkal ellent\u00e9tben term\u00e9szetesen alacsony koffeintartalm\u00fa, \u00edgy nagyszer\u0171 v\u00e1laszt\u00e1s azoknak a v\u00e1s\u00e1rl\u00f3knak, akik nyugtat\u00f3 te\u00e1t [&hellip;]<\/p>\n","protected":false},"author":1,"featured_media":8177,"parent":0,"menu_order":0,"comment_status":"closed","ping_status":"closed","template":"","meta":{"_surecart_dashboard_logo_width":"180px","_surecart_dashboard_show_logo":true,"_surecart_dashboard_navigation_orders":true,"_surecart_dashboard_navigation_invoices":true,"_surecart_dashboard_navigation_subscriptions":true,"_surecart_dashboard_navigation_downloads":true,"_surecart_dashboard_navigation_billing":true,"_surecart_dashboard_navigation_account":true,"footnotes":""},"class_list":["post-8176","page","type-page","status-publish","has-post-thumbnail","hentry","entry","has-media"],"mb":[],"mfb_rest_fields":["title","gutenberg_elementor_mode"],"_links":{"self":[{"href":"https:\/\/hojichawholesale.eu\/hu\/wp-json\/wp\/v2\/pages\/8176","targetHints":{"allow":["GET"]}}],"collection":[{"href":"https:\/\/hojichawholesale.eu\/hu\/wp-json\/wp\/v2\/pages"}],"about":[{"href":"https:\/\/hojichawholesale.eu\/hu\/wp-json\/wp\/v2\/types\/page"}],"author":[{"embeddable":true,"href":"https:\/\/hojichawholesale.eu\/hu\/wp-json\/wp\/v2\/users\/1"}],"replies":[{"embeddable":true,"href":"https:\/\/hojichawholesale.eu\/hu\/wp-json\/wp\/v2\/comments?post=8176"}],"version-history":[{"count":0,"href":"https:\/\/hojichawholesale.eu\/hu\/wp-json\/wp\/v2\/pages\/8176\/revisions"}],"wp:featuredmedia":[{"embeddable":true,"href":"https:\/\/hojichawholesale.eu\/hu\/wp-json\/wp\/v2\/media\/8177"}],"wp:attachment":[{"href":"https:\/\/hojichawholesale.eu\/hu\/wp-json\/wp\/v2\/media?parent=8176"}],"curies":[{"name":"wp","href":"https:\/\/api.w.org\/{rel}","templated":true}]}}