{"id":8003,"date":"2024-08-24T19:47:32","date_gmt":"2024-08-24T19:47:32","guid":{"rendered":"https:\/\/hojichawholesale.eu\/a-hojicha-nagykereskedesrol\/"},"modified":"2026-03-06T16:47:14","modified_gmt":"2026-03-06T16:47:14","slug":"a-hojicha-nagykereskedesrol","status":"publish","type":"page","link":"https:\/\/hojichawholesale.eu\/hu\/a-hojicha-nagykereskedesrol\/","title":{"rendered":"A Hojicha nagykeresked\u00e9sr\u0151l"},"content":{"rendered":"\n<h1 class=\"wp-block-heading\">A Hojicha nagykeresked\u00e9sr\u0151l<\/h1>\n\n<p>A Hojicha Wholesale egy eur\u00f3pai nagykeresked\u0151, amely a jap\u00e1n hojicha elk\u00f6telezett.<\/p>\n\n<p>K\u00fcldet\u00e9s\u00fcnk, hogy pr\u00e9mium hojicha te\u00e1t biztos\u00edtsunk a HORECA ipar\u00e1g m\u00e1rk\u00e1inak \u00e9s v\u00e1llalkoz\u00e1sainak. Megb\u00edzhat\u00f3 jap\u00e1n besz\u00e1ll\u00edt\u00f3inkt\u00f3l nagykereskedelmi mennyis\u00e9gben import\u00e1lunk pr\u00e9mium hojich\u00e1t, majd \u00e1tosztjuk az eur\u00f3pai kontinensen \u00e9ttermekben, sz\u00e1llod\u00e1kban, k\u00e1v\u00e9z\u00f3kban \u00e9s f\u00fcggetlen teah\u00e1zakban. <\/p>\n\n<p>H\u00e1rom garanci\u00e1t k\u00edn\u00e1lunk \u00d6nnek:<\/p>\n\n<ol class=\"wp-block-list\">\n<li><strong>Alacsony MOQ:<\/strong> ak\u00e1r egy bej\u00e1ratott v\u00e1llalkoz\u00e1s, amelynek t\u00f6bb sz\u00e1z t\u00e1sk\u00e1ra van sz\u00fcks\u00e9ge, ak\u00e1r egy kis f\u00fcggetlen k\u00e1v\u00e9z\u00f3, amely m\u00e9g csak most kezd\u0151dik, a Hojicha Wholesale ugyanolyan v\u00e1llalati szint\u0171 szolg\u00e1ltat\u00e1si min\u0151s\u00e9ggel alkalmazkodik az \u00d6n ig\u00e9nyeihez.  <\/li>\n\n\n\n<li><strong>V\u00e1laszk\u00e9szs\u00e9g \u00e9s szolg\u00e1ltat\u00e1s<\/strong>: gyorsan sz\u00e1ll\u00edtunk, \u00e9s a sz\u00e1ll\u00edt\u00e1si m\u00f3dok sz\u00e9les sk\u00e1l\u00e1j\u00e1t k\u00edn\u00e1ljuk.  <\/li>\n\n\n\n<li><strong>Bar\u00e1ts\u00e1gos \u00fcgyf\u00e9lszolg\u00e1lat: <\/strong>az \u00e9v 365 napj\u00e1n el\u00e9rhet\u0151ek vagyunk.  <\/li>\n<\/ol>\n\n<h2 class=\"wp-block-heading\"><strong>Term\u00e9keink<\/strong><\/h2>\n\n<p>Gondosan v\u00e1logatott hojicha fajt\u00e1kat k\u00edn\u00e1lunk, amelyek mindegyike k\u00f6zvetlen\u00fcl a legjobb teatermeszt\u0151kt\u0151l sz\u00e1rmazik.  <\/p>\n\n<p>Term\u00e9keinket k\u00f6zvetlen\u00fcl <a href=\"https:\/\/hojichawholesale.eu\/hu\/vasarolj-surecartot\/\" data-type=\"link\" data-id=\"https:\/\/hojichawholesale.eu\/shop\/\">a katal\u00f3gusunkban<\/a> tal\u00e1ljuk.<\/p>\n\n<h2 class=\"wp-block-heading\"><strong>Mi\u00e9rt v\u00e1lasszon minket?<\/strong><\/h2>\n\n<ul class=\"wp-block-list\">\n<li><strong>Els\u0151 a min\u0151s\u00e9g:<\/strong> A legjobb min\u0151s\u00e9g\u0171 hojicha-t sz\u00e1ll\u00edtjuk. Minden t\u00e9telt szigor\u00faan tesztelnek a konzisztencia \u00e9s az \u00edz biztos\u00edt\u00e1sa \u00e9rdek\u00e9ben. <\/li>\n\n\n\n<li><strong>K\u00f6zvetlen forr\u00e1s:<\/strong> Szorosan egy\u00fcttm\u0171k\u00f6d\u00fcnk besz\u00e1ll\u00edt\u00f3inkkal, hogy olyan hojich\u00e1t hozzunk el \u00d6nnek, amely t\u00fckr\u00f6zi Jap\u00e1n autentikus \u00edz\u00e9t.<\/li>\n\n\n\n<li><strong>Testreszabott megold\u00e1sok:<\/strong> Ak\u00e1r egy kis k\u00e1v\u00e9z\u00f3t, ak\u00e1r egy nagy sz\u00e1llodal\u00e1ncot \u00fczemeltet, szem\u00e9lyre szabott megold\u00e1sokat k\u00edn\u00e1lunk az \u00d6n egyedi ig\u00e9nyeinek megfelel\u0151en.  <\/li>\n\n\n\n<li><strong>Megb\u00edzhat\u00f3 eloszt\u00e1s:<\/strong> Ide\u00e1lis helyzetben vagyunk ahhoz, hogy az eg\u00e9sz eur\u00f3pai kontinensen kiszolg\u00e1ljuk \u00fcgyfeleinket. Logisztik\u00e1nk biztos\u00edtja az id\u0151ben t\u00f6rt\u00e9n\u0151 sz\u00e1ll\u00edt\u00e1st, \u00edgy soha nem fogy ki a k\u00e9szletb\u0151l. <\/li>\n<\/ul>\n\n<h2 class=\"wp-block-heading\">Hol vagyunk a sz\u00e9khely\u00fcnk?<\/h2>\n\n<p>Belgiumban vagyunk.<\/p>\n\n<h2 class=\"wp-block-heading\">Mi a t\u00f6rt\u00e9nete?<\/h2>\n\n<p>A Hojicha nagykereskedelme akkor kezd\u0151d\u00f6tt, amikor Aure, az alap\u00edt\u00f3 k\u00fczd\u00f6tt, hogy megb\u00edzhat\u00f3 hojicha besz\u00e1ll\u00edt\u00f3t tal\u00e1ljon kiskereskedelmi te\u00e1z\u00f3ja <a href=\"https:\/\/senchatea.be\/\" target=\"_blank\" rel=\"noopener\">senchatea.be.<\/a><\/p>\n\n<p>A Hojicha a jap\u00e1n teaipar egyik legfontosabb trendje. Szeretn\u00e9nk ezt a fantasztikus \u00e9s sokoldal\u00fa te\u00e1t gyorsan el\u00e9rhet\u0151v\u00e9 tenni a k\u00e1v\u00e9z\u00f3k, sz\u00e1llod\u00e1k, \u00e9ttermek \u00e9s te\u00e1z\u00f3k sz\u00e1m\u00e1ra Eur\u00f3pa-szerte an\u00e9lk\u00fcl, hogy hatalmas mennyis\u00e9get kellene rendelni\u00fck.   <\/p>\n\n<h2 class=\"wp-block-heading\">K\u00e9rjen mint\u00e1t<\/h2>\n\n<p>K\u00edv\u00e1ncsi a pr\u00e9mium hojicha gazdag, p\u00f6rk\u00f6lt \u00edzeire?  <\/p>\n\n<p>Csak t\u00f6ltse ki adatait al\u00e1bb, \u00e9s k\u00fcld\u00fcnk \u00d6nnek egy mint\u00e1t. Tudassa vel\u00fcnk, ha konkr\u00e9t k\u00e9r\u00e9sei vannak, \u00e9s sz\u00edvesen testreszabjuk aj\u00e1nlatunkat az \u00d6n \u00fczleti ig\u00e9nyeinek megfelel\u0151en. <\/p>\n<div class=\"forminator-ui forminator-custom-form forminator-custom-form-1365 forminator-design--flat  forminator_ajax\" data-forminator-render=\"0\" data-form=\"forminator-module-1365\" data-uid=\"69d45348a95a8\"><br\/><\/div><form\n\t\t\t\tid=\"forminator-module-1365\"\n\t\t\t\tclass=\"forminator-ui forminator-custom-form forminator-custom-form-1365 forminator-design--flat  forminator_ajax\"\n\t\t\t\tmethod=\"post\"\n\t\t\t\tdata-forminator-render=\"0\"\n\t\t\t\tdata-form-id=\"1365\"\n\t\t\t\t data-color-option=\"default\" data-design=\"flat\" data-grid=\"open\" style=\"display: none;\"\n\t\t\t\tdata-uid=\"69d45348a95a8\"\n\t\t\t><div role=\"alert\" aria-live=\"polite\" class=\"forminator-response-message forminator-error\" aria-hidden=\"true\"><\/div><div class=\"forminator-row\"><div id=\"name-1\" class=\"forminator-field-name forminator-col forminator-col-6 \"><div class=\"forminator-field\"><input type=\"text\" name=\"name-1\" value=\"\" placeholder=\"First Name\" id=\"forminator-field-name-1_69d45348a95a8\" class=\"forminator-input forminator-name--field\" aria-required=\"true\" autocomplete=\"name\" \/><\/div><\/div><div id=\"name-2\" class=\"forminator-field-name forminator-col forminator-col-6 \"><div class=\"forminator-field\"><input type=\"text\" name=\"name-2\" value=\"\" placeholder=\"Last Name\" id=\"forminator-field-name-2_69d45348a95a8\" class=\"forminator-input forminator-name--field\" aria-required=\"true\" autocomplete=\"name\" \/><\/div><\/div><\/div><div class=\"forminator-row\"><div id=\"email-1\" class=\"forminator-field-email forminator-col forminator-col-12 \"><div class=\"forminator-field\"><input type=\"email\" name=\"email-1\" value=\"\" placeholder=\"Email\" id=\"forminator-field-email-1_69d45348a95a8\" class=\"forminator-input forminator-email--field\" data-required=\"true\" aria-required=\"true\" autocomplete=\"email\" \/><\/div><\/div><\/div><div class=\"forminator-row\"><div id=\"phone-1\" class=\"forminator-field-phone forminator-col forminator-col-12 \"><div class=\"forminator-field\"><input type=\"text\" name=\"phone-1\" value=\"\" placeholder=\"Phone\" id=\"forminator-field-phone-1_69d45348a95a8\" class=\"forminator-input forminator-field--phone\" data-required=\"\" aria-required=\"false\" autocomplete=\"off\" \/><\/div><\/div><\/div><div class=\"forminator-row\"><div id=\"textarea-1\" class=\"forminator-field-textarea forminator-col forminator-col-12 \"><div class=\"forminator-field\"><textarea name=\"textarea-1\" placeholder=\"Message\" id=\"forminator-field-textarea-1_69d45348a95a8\" class=\"forminator-textarea\" rows=\"6\" style=\"min-height:140px;\" ><\/textarea><span id=\"forminator-field-textarea-1_69d45348a95a8-description\" class=\"forminator-description\"><span data-limit=\"300\" data-type=\"words\" data-editor=\"\">0 \/ 300<\/span><\/span><\/div><\/div><\/div><div class=\"forminator-row\"><\/div><input type=\"hidden\" name=\"referer_url\" value=\"\" \/><div class=\"forminator-row forminator-row-last\"><div class=\"forminator-col\"><div class=\"forminator-field\"><button class=\"forminator-button forminator-button-submit\">Send<\/button><\/div><\/div><\/div><input type=\"hidden\" id=\"forminator_nonce\" name=\"forminator_nonce\" value=\"0b51ba8eba\" \/><input type=\"hidden\" name=\"_wp_http_referer\" value=\"\/hu\/wp-json\/wp\/v2\/pages\/8003\" \/><input type=\"hidden\" name=\"form_id\" value=\"1365\"><input type=\"hidden\" name=\"page_id\" value=\"8003\"><input type=\"hidden\" name=\"form_type\" value=\"default\"><input type=\"hidden\" name=\"current_url\" value=\"https:\/\/hojichawholesale.eu\/hu\/a-hojicha-nagykereskedesrol\/\"><input type=\"hidden\" name=\"render_id\" value=\"0\"><input type=\"hidden\" name=\"action\" value=\"forminator_submit_form_custom-forms\"><label for=\"input_6\" class=\"forminator-hidden\" aria-hidden=\"true\">Please do not fill in this field. <input id=\"input_6\" type=\"text\" name=\"input_6\" value=\"\" autocomplete=\"off\"><\/label><\/form>\n\n<p><\/p>\n","protected":false},"excerpt":{"rendered":"<p>A Hojicha nagykeresked\u00e9sr\u0151l A Hojicha Wholesale egy eur\u00f3pai nagykeresked\u0151, amely a jap\u00e1n hojicha elk\u00f6telezett. K\u00fcldet\u00e9s\u00fcnk, hogy pr\u00e9mium hojicha te\u00e1t biztos\u00edtsunk a HORECA ipar\u00e1g m\u00e1rk\u00e1inak \u00e9s v\u00e1llalkoz\u00e1sainak. Megb\u00edzhat\u00f3 jap\u00e1n besz\u00e1ll\u00edt\u00f3inkt\u00f3l nagykereskedelmi mennyis\u00e9gben import\u00e1lunk pr\u00e9mium hojich\u00e1t, majd \u00e1tosztjuk az eur\u00f3pai kontinensen \u00e9ttermekben, sz\u00e1llod\u00e1kban, k\u00e1v\u00e9z\u00f3kban \u00e9s f\u00fcggetlen teah\u00e1zakban. H\u00e1rom garanci\u00e1t k\u00edn\u00e1lunk \u00d6nnek: Term\u00e9keink Gondosan v\u00e1logatott hojicha fajt\u00e1kat k\u00edn\u00e1lunk, [&hellip;]<\/p>\n","protected":false},"author":1,"featured_media":0,"parent":0,"menu_order":0,"comment_status":"closed","ping_status":"closed","template":"","meta":{"_surecart_dashboard_logo_width":"180px","_surecart_dashboard_show_logo":true,"_surecart_dashboard_navigation_orders":true,"_surecart_dashboard_navigation_invoices":true,"_surecart_dashboard_navigation_subscriptions":true,"_surecart_dashboard_navigation_downloads":true,"_surecart_dashboard_navigation_billing":true,"_surecart_dashboard_navigation_account":true,"footnotes":""},"class_list":["post-8003","page","type-page","status-publish","hentry","entry"],"mb":[],"mfb_rest_fields":["title","gutenberg_elementor_mode"],"_links":{"self":[{"href":"https:\/\/hojichawholesale.eu\/hu\/wp-json\/wp\/v2\/pages\/8003","targetHints":{"allow":["GET"]}}],"collection":[{"href":"https:\/\/hojichawholesale.eu\/hu\/wp-json\/wp\/v2\/pages"}],"about":[{"href":"https:\/\/hojichawholesale.eu\/hu\/wp-json\/wp\/v2\/types\/page"}],"author":[{"embeddable":true,"href":"https:\/\/hojichawholesale.eu\/hu\/wp-json\/wp\/v2\/users\/1"}],"replies":[{"embeddable":true,"href":"https:\/\/hojichawholesale.eu\/hu\/wp-json\/wp\/v2\/comments?post=8003"}],"version-history":[{"count":0,"href":"https:\/\/hojichawholesale.eu\/hu\/wp-json\/wp\/v2\/pages\/8003\/revisions"}],"wp:attachment":[{"href":"https:\/\/hojichawholesale.eu\/hu\/wp-json\/wp\/v2\/media?parent=8003"}],"curies":[{"name":"wp","href":"https:\/\/api.w.org\/{rel}","templated":true}]}}