{"id":9120,"date":"2024-12-11T21:40:39","date_gmt":"2024-12-11T21:40:39","guid":{"rendered":"https:\/\/hojichawholesale.eu\/bijela-etiketa-hojicha\/"},"modified":"2025-10-29T08:34:20","modified_gmt":"2025-10-29T08:34:20","slug":"bijela-etiketa-hojicha","status":"publish","type":"page","link":"https:\/\/hojichawholesale.eu\/hr\/bijela-etiketa-hojicha\/","title":{"rendered":"Bijela etiketa Hojicha"},"content":{"rendered":"\n<h1 class=\"wp-block-heading\">Bijela etiketa Hojicha<\/h1>\n\n<p>\u017delite li stvoriti vlastiti brend hojicha?<\/p>\n\n<p>Olak\u0161ali smo vam da ponudite vrhunsku hojichu, izravno dobivenu od na\u0161ih partnera u Japanu pod va\u0161om vlastitom robnom markom.<\/p>\n<div class=\"wp-block-image\">\n<figure class=\"aligncenter size-full is-resized\"><img fetchpriority=\"high\" decoding=\"async\" width=\"1000\" height=\"1000\" src=\"https:\/\/hojichawholesale.eu\/wp-content\/uploads\/2025\/10\/white-label.webp\" alt=\"\" class=\"wp-image-9158\" style=\"width:379px;height:auto\" srcset=\"https:\/\/hojichawholesale.eu\/wp-content\/uploads\/2025\/10\/white-label.webp 1000w, https:\/\/hojichawholesale.eu\/wp-content\/uploads\/2025\/10\/white-label-300x300.webp 300w, https:\/\/hojichawholesale.eu\/wp-content\/uploads\/2025\/10\/white-label-150x150.webp 150w, https:\/\/hojichawholesale.eu\/wp-content\/uploads\/2025\/10\/white-label-768x768.webp 768w, https:\/\/hojichawholesale.eu\/wp-content\/uploads\/2025\/10\/white-label-600x600.webp 600w\" sizes=\"(max-width: 1000px) 100vw, 1000px\" \/><\/figure>\n<\/div>\n<h2 class=\"wp-block-heading\"><strong>Za\u0161to bijelom etiketom svoju Hojichu?<\/strong><\/h2>\n\n<ul class=\"wp-block-list\">\n<li><strong>Vrhunska kvaliteta:<\/strong> Na\u0161a hojicha stru\u010dno se nabavlja s odabranih polja \u010daja u Japanu. Listovi se nje\u017eno peku kako bi se postigao gladak, ora\u0161ast i blago slatkast okus koji je i utje\u0161an i slo\u017een. <\/li>\n\n\n\n<li><strong>Tvorni\u010dki zatvoreno i isprano du\u0161ikom:<\/strong> Svaka vre\u0107ica pakirana je u Japanu kako bi se odr\u017eala svje\u017eina, aroma i okus. Ispiranje du\u0161ikom osigurava da va\u0161 proizvod stigne s optimalnim okusom, a zatvorene vre\u0107ice \u0161tite \u010daj od vlage i svjetlosti. <\/li>\n\n\n\n<li><strong>Nebrendirano, spremno za va\u0161u etiketu:<\/strong> Svaku vre\u0107icu dostavljamo bez ikakvog brendiranja, daju\u0107i vam prazno platno. Jednostavno zalijepite vlastitu etiketu ili elemente pakiranja i po\u010dnite reklamirati \u010daj pod svojim imenom. <\/li>\n<\/ul>\n\n<h2 class=\"wp-block-heading\"><strong>Postupak bijele oznake: korak po korak<\/strong><\/h2>\n\n<ol class=\"wp-block-list\">\n<li><strong>Odaberite svoju koli\u010dinu:<\/strong> Odaberite jednu od na\u0161ih fleksibilnih opcija naru\u010divanja. Bilo da tek po\u010dinjete ili se pove\u0107avate, imamo veliku veli\u010dinu koja odgovara va\u0161im potrebama. <\/li>\n\n\n\n<li><strong>Odaberite pakiranje:<\/strong> Doypacks ili limenke, prazne ili tiskane, ozna\u010dene ili neozna\u010dene, imamo niz fleksibilnih opcija kako bismo osigurali da se osje\u0107ate dobro u vezi sa svojim brendom i proizvodom.<\/li>\n\n\n\n<li><strong>Po\u010dnite prodavati:<\/strong> Sa svojim brendiranjem, spremni ste svojim kupcima predstaviti vrhunsku hojichu privatne robne marke, \u010dine\u0107i je jedinstveno va\u0161om.<\/li>\n<\/ol>\n\n<h2 class=\"wp-block-heading\"><strong>Za\u0161to se udru\u017eiti s Hojicha veleprodajom?<\/strong><\/h2>\n\n<ul class=\"wp-block-list\">\n<li><strong>Stru\u010dni izvori:<\/strong> Izgradili smo sna\u017ena partnerstva s iskusnim uzgajiva\u010dima i proizvo\u0111a\u010dima \u010daja u Japanu, osiguravaju\u0107i dosljednu kvalitetu i opskrbu.<\/li>\n\n\n\n<li><strong>Jednostavna integracija:<\/strong> Na\u0161a white-label rje\u0161enja dizajnirana su imaju\u0107i na umu jednostavnost. Bez kompliciranih procesa &#8211; samo dodajte elemente svoje robne marke i po\u010dnite prodavati. <\/li>\n\n\n\n<li><strong>Namjenska podr\u0161ka:<\/strong> Na\u0161 tim za korisni\u010dku podr\u0161ku tu je da vam pomogne na svakom koraku, od po\u010detnih upita o narud\u017ebi do podr\u0161ke nakon prodaje.<\/li>\n<\/ul>\n\n<h2 class=\"wp-block-heading\"><strong>Jeste li spremni za po\u010detak?<\/strong><\/h2>\n\n<p>Obratite nam se danas kako biste zatra\u017eili ponudu, saznali vi\u0161e o na\u0161im razinama cijena i zapo\u010deli postupak bijele oznake. Rado \u0107emo vam pomo\u0107i da zapo\u010dnete! <\/p>\n<div class=\"forminator-ui forminator-custom-form forminator-custom-form-1365 forminator-design--flat  forminator_ajax\" data-forminator-render=\"0\" data-form=\"forminator-module-1365\" data-uid=\"69d442c826058\"><br\/><\/div><form\n\t\t\t\tid=\"forminator-module-1365\"\n\t\t\t\tclass=\"forminator-ui forminator-custom-form forminator-custom-form-1365 forminator-design--flat  forminator_ajax\"\n\t\t\t\tmethod=\"post\"\n\t\t\t\tdata-forminator-render=\"0\"\n\t\t\t\tdata-form-id=\"1365\"\n\t\t\t\t data-color-option=\"default\" data-design=\"flat\" data-grid=\"open\" style=\"display: none;\"\n\t\t\t\tdata-uid=\"69d442c826058\"\n\t\t\t><div role=\"alert\" aria-live=\"polite\" class=\"forminator-response-message forminator-error\" aria-hidden=\"true\"><\/div><div class=\"forminator-row\"><div id=\"name-1\" class=\"forminator-field-name forminator-col forminator-col-6 \"><div class=\"forminator-field\"><input type=\"text\" name=\"name-1\" value=\"\" placeholder=\"First Name\" id=\"forminator-field-name-1_69d442c826058\" class=\"forminator-input forminator-name--field\" aria-required=\"true\" autocomplete=\"name\" \/><\/div><\/div><div id=\"name-2\" class=\"forminator-field-name forminator-col forminator-col-6 \"><div class=\"forminator-field\"><input type=\"text\" name=\"name-2\" value=\"\" placeholder=\"Last Name\" id=\"forminator-field-name-2_69d442c826058\" class=\"forminator-input forminator-name--field\" aria-required=\"true\" autocomplete=\"name\" \/><\/div><\/div><\/div><div class=\"forminator-row\"><div id=\"email-1\" class=\"forminator-field-email forminator-col forminator-col-12 \"><div class=\"forminator-field\"><input type=\"email\" name=\"email-1\" value=\"\" placeholder=\"Email\" id=\"forminator-field-email-1_69d442c826058\" class=\"forminator-input forminator-email--field\" data-required=\"true\" aria-required=\"true\" autocomplete=\"email\" \/><\/div><\/div><\/div><div class=\"forminator-row\"><div id=\"phone-1\" class=\"forminator-field-phone forminator-col forminator-col-12 \"><div class=\"forminator-field\"><input type=\"text\" name=\"phone-1\" value=\"\" placeholder=\"Phone\" id=\"forminator-field-phone-1_69d442c826058\" class=\"forminator-input forminator-field--phone\" data-required=\"\" aria-required=\"false\" autocomplete=\"off\" \/><\/div><\/div><\/div><div class=\"forminator-row\"><div id=\"textarea-1\" class=\"forminator-field-textarea forminator-col forminator-col-12 \"><div class=\"forminator-field\"><textarea name=\"textarea-1\" placeholder=\"Message\" id=\"forminator-field-textarea-1_69d442c826058\" class=\"forminator-textarea\" rows=\"6\" style=\"min-height:140px;\" ><\/textarea><span id=\"forminator-field-textarea-1_69d442c826058-description\" class=\"forminator-description\"><span data-limit=\"300\" data-type=\"words\" data-editor=\"\">0 \/ 300<\/span><\/span><\/div><\/div><\/div><div class=\"forminator-row\"><\/div><input type=\"hidden\" name=\"referer_url\" value=\"\" \/><div class=\"forminator-row forminator-row-last\"><div class=\"forminator-col\"><div class=\"forminator-field\"><button class=\"forminator-button forminator-button-submit\">Send<\/button><\/div><\/div><\/div><input type=\"hidden\" id=\"forminator_nonce\" name=\"forminator_nonce\" value=\"8ad7e0b691\" \/><input type=\"hidden\" name=\"_wp_http_referer\" value=\"\/hr\/wp-json\/wp\/v2\/pages\/9120\" \/><input type=\"hidden\" name=\"form_id\" value=\"1365\"><input type=\"hidden\" name=\"page_id\" value=\"9120\"><input type=\"hidden\" name=\"form_type\" value=\"default\"><input type=\"hidden\" name=\"current_url\" value=\"https:\/\/hojichawholesale.eu\/hr\/bijela-etiketa-hojicha\/\"><input type=\"hidden\" name=\"render_id\" value=\"0\"><input type=\"hidden\" name=\"action\" value=\"forminator_submit_form_custom-forms\"><label for=\"input_6\" class=\"forminator-hidden\" aria-hidden=\"true\">Please do not fill in this field. <input id=\"input_6\" type=\"text\" name=\"input_6\" value=\"\" autocomplete=\"off\"><\/label><\/form>\n","protected":false},"excerpt":{"rendered":"<p>Bijela etiketa Hojicha \u017delite li stvoriti vlastiti brend hojicha? Olak\u0161ali smo vam da ponudite vrhunsku hojichu, izravno dobivenu od na\u0161ih partnera u Japanu pod va\u0161om vlastitom robnom markom. Za\u0161to bijelom etiketom svoju Hojichu? Postupak bijele oznake: korak po korak Za\u0161to se udru\u017eiti s Hojicha veleprodajom? Jeste li spremni za po\u010detak? Obratite nam se danas kako [&hellip;]<\/p>\n","protected":false},"author":1,"featured_media":9123,"parent":0,"menu_order":0,"comment_status":"closed","ping_status":"closed","template":"","meta":{"_surecart_dashboard_logo_width":"180px","_surecart_dashboard_show_logo":true,"_surecart_dashboard_navigation_orders":true,"_surecart_dashboard_navigation_invoices":true,"_surecart_dashboard_navigation_subscriptions":true,"_surecart_dashboard_navigation_downloads":true,"_surecart_dashboard_navigation_billing":true,"_surecart_dashboard_navigation_account":true,"footnotes":""},"class_list":["post-9120","page","type-page","status-publish","has-post-thumbnail","hentry","entry","has-media"],"mb":[],"mfb_rest_fields":["title","gutenberg_elementor_mode"],"_links":{"self":[{"href":"https:\/\/hojichawholesale.eu\/hr\/wp-json\/wp\/v2\/pages\/9120","targetHints":{"allow":["GET"]}}],"collection":[{"href":"https:\/\/hojichawholesale.eu\/hr\/wp-json\/wp\/v2\/pages"}],"about":[{"href":"https:\/\/hojichawholesale.eu\/hr\/wp-json\/wp\/v2\/types\/page"}],"author":[{"embeddable":true,"href":"https:\/\/hojichawholesale.eu\/hr\/wp-json\/wp\/v2\/users\/1"}],"replies":[{"embeddable":true,"href":"https:\/\/hojichawholesale.eu\/hr\/wp-json\/wp\/v2\/comments?post=9120"}],"version-history":[{"count":0,"href":"https:\/\/hojichawholesale.eu\/hr\/wp-json\/wp\/v2\/pages\/9120\/revisions"}],"wp:featuredmedia":[{"embeddable":true,"href":"https:\/\/hojichawholesale.eu\/hr\/wp-json\/wp\/v2\/media\/9123"}],"wp:attachment":[{"href":"https:\/\/hojichawholesale.eu\/hr\/wp-json\/wp\/v2\/media?parent=9120"}],"curies":[{"name":"wp","href":"https:\/\/api.w.org\/{rel}","templated":true}]}}