{"id":9119,"date":"2024-10-12T16:25:13","date_gmt":"2024-10-12T16:25:13","guid":{"rendered":"https:\/\/hojichawholesale.eu\/hojicha-powder-latte-veleprodaja\/"},"modified":"2025-12-10T18:57:55","modified_gmt":"2025-12-10T18:57:55","slug":"hojicha-powder-latte-veleprodaja","status":"publish","type":"page","link":"https:\/\/hojichawholesale.eu\/hr\/hojicha-powder-latte-veleprodaja\/","title":{"rendered":"Hojicha Powder Latte (veleprodaja)"},"content":{"rendered":"\n<h1 class=\"wp-block-heading\">Hojicha Powder Latte (veleprodaja)<\/h1>\n\n<p><strong>Na\u0161 Hojicha Powder Latte<\/strong> napravljen je od hojicha praha, \u0161e\u0107era od trske i guar gume za savr\u0161eno uravnote\u017eeno i ukusno pi\u0107e. Mo\u017ee se mije\u0161ati s mlijekom ili mlije\u010dnim alternativama. <\/p>\n<div class=\"wp-block-image\">\n<figure class=\"aligncenter size-full is-resized\"><img fetchpriority=\"high\" decoding=\"async\" width=\"1000\" height=\"1000\" src=\"https:\/\/hojichawholesale.eu\/wp-content\/uploads\/2025\/01\/hojicha-latte-both.webp\" alt=\"Usporedba hojicha latte praha VS hojicha latte prah infuziran.\" class=\"wp-image-7510\" style=\"width:310px;height:auto\" srcset=\"https:\/\/hojichawholesale.eu\/wp-content\/uploads\/2025\/01\/hojicha-latte-both.webp 1000w, https:\/\/hojichawholesale.eu\/wp-content\/uploads\/2025\/01\/hojicha-latte-both-300x300.webp 300w, https:\/\/hojichawholesale.eu\/wp-content\/uploads\/2025\/01\/hojicha-latte-both-150x150.webp 150w, https:\/\/hojichawholesale.eu\/wp-content\/uploads\/2025\/01\/hojicha-latte-both-768x768.webp 768w, https:\/\/hojichawholesale.eu\/wp-content\/uploads\/2025\/01\/hojicha-latte-both-600x600.webp 600w\" sizes=\"(max-width: 1000px) 100vw, 1000px\" \/><\/figure>\n<\/div>\n<hr class=\"wp-block-separator has-alpha-channel-opacity\"\/>\n\n<h2 class=\"wp-block-heading\">Istaknuti proizvodi<\/h2>\n\n<ul class=\"wp-block-list\">\n<li><strong>Vrsta<\/strong>: Instant Hojicha Latte mje\u0161avina<\/li>\n\n\n\n<li><strong>Sastojci<\/strong>: hojicha u prahu, \u0161e\u0107er od trske, guar guma.<\/li>\n\n\n\n<li><strong>Pakiranje<\/strong>: Samostoje\u0107a vre\u0107ica koja se mo\u017ee zatvoriti (Doypack) za svje\u017einu.<\/li>\n\n\n\n<li><strong>Veli\u010dina porcije<\/strong>: Pribli\u017eno 8 porcija po pakiranju. <\/li>\n\n\n\n<li><strong>Profil okusa<\/strong>: Glatko, ora\u0161asto, lagano slatko s pr\u017eenim zavr\u0161etkom.<\/li>\n\n\n\n<li><strong>Kofein<\/strong>: Nizak<\/li>\n\n\n\n<li><strong>Priprema<\/strong>: Samo dodajte vodu ili mlijeko za brz, ukusan hojicha latte.<\/li>\n\n\n\n<li><strong>Te\u017eina<\/strong>: Dostupna u vre\u0107ama od 1 kg. Prepakiranje je dostupno na va\u0161 zahtjev.   <\/li>\n<\/ul>\n\n<hr class=\"wp-block-separator has-alpha-channel-opacity\"\/>\n\n<h2 class=\"wp-block-heading\">Veleprodajne informacije<\/h2>\n\n<ul class=\"wp-block-list\">\n<li><strong>Minimalna koli\u010dina narud\u017ebe (MOQ):<\/strong> 600 grama (5 x 120g doypacks).<\/li>\n\n\n\n<li><strong>Skupne cijene<\/strong>: Kontaktirajte nas za posebne cijene na temelju obujma narud\u017ebe.<\/li>\n\n\n\n<li><strong>Skladi\u0161tenje<\/strong>: \u010cuvati na hladnom i suhom mjestu kako bi se odr\u017eala svje\u017eina.<\/li>\n\n\n\n<li><strong>Rok trajanja<\/strong>: Hojicha se mo\u017ee \u010duvati do dvije godine neotvorena i \u010duvati na 5\u00b0C \u2013 10\u00b0C.<\/li>\n\n\n\n<li><strong>Dostava<\/strong>: Dostavljamo na europski kontinent s fleksibilnim opcijama dostave, uklju\u010duju\u0107i ekspresnu dostavu za hitne narud\u017ebe.<\/li>\n<\/ul>\n\n<div class=\"wp-block-columns is-layout-flex wp-container-core-columns-is-layout-28f84493 wp-block-columns-is-layout-flex\">\n<div class=\"wp-block-column is-layout-flow wp-block-column-is-layout-flow\"><div class=\"wp-block-image\">\n<figure class=\"aligncenter size-full is-resized\"><img decoding=\"async\" width=\"1000\" height=\"1000\" src=\"https:\/\/hojichawholesale.eu\/wp-content\/uploads\/2025\/01\/hojicha-latte-powder.webp\" alt=\"\" class=\"wp-image-7534\" style=\"width:314px;height:auto\" srcset=\"https:\/\/hojichawholesale.eu\/wp-content\/uploads\/2025\/01\/hojicha-latte-powder.webp 1000w, https:\/\/hojichawholesale.eu\/wp-content\/uploads\/2025\/01\/hojicha-latte-powder-300x300.webp 300w, https:\/\/hojichawholesale.eu\/wp-content\/uploads\/2025\/01\/hojicha-latte-powder-150x150.webp 150w, https:\/\/hojichawholesale.eu\/wp-content\/uploads\/2025\/01\/hojicha-latte-powder-768x768.webp 768w, https:\/\/hojichawholesale.eu\/wp-content\/uploads\/2025\/01\/hojicha-latte-powder-600x600.webp 600w\" sizes=\"(max-width: 1000px) 100vw, 1000px\" \/><\/figure>\n<\/div><\/div>\n\n\n\n<div class=\"wp-block-column is-layout-flow wp-block-column-is-layout-flow\"><div class=\"wp-block-image\">\n<figure class=\"aligncenter size-large is-resized\"><img decoding=\"async\" width=\"1024\" height=\"1024\" src=\"https:\/\/hojichawholesale.eu\/wp-content\/uploads\/2025\/01\/hojicha-latte-infused-1024x1024.webp\" alt=\"\" class=\"wp-image-7522\" style=\"width:325px;height:auto\" srcset=\"https:\/\/hojichawholesale.eu\/wp-content\/uploads\/2025\/01\/hojicha-latte-infused-1024x1024.webp 1024w, https:\/\/hojichawholesale.eu\/wp-content\/uploads\/2025\/01\/hojicha-latte-infused-300x300.webp 300w, https:\/\/hojichawholesale.eu\/wp-content\/uploads\/2025\/01\/hojicha-latte-infused-150x150.webp 150w, https:\/\/hojichawholesale.eu\/wp-content\/uploads\/2025\/01\/hojicha-latte-infused-768x768.webp 768w, https:\/\/hojichawholesale.eu\/wp-content\/uploads\/2025\/01\/hojicha-latte-infused-1536x1536.webp 1536w, https:\/\/hojichawholesale.eu\/wp-content\/uploads\/2025\/01\/hojicha-latte-infused-600x600.webp 600w, https:\/\/hojichawholesale.eu\/wp-content\/uploads\/2025\/01\/hojicha-latte-infused.webp 2000w\" sizes=\"(max-width: 1024px) 100vw, 1024px\" \/><\/figure>\n<\/div><\/div>\n<\/div>\n\n<hr class=\"wp-block-separator has-alpha-channel-opacity\"\/>\n\n<h2 class=\"wp-block-heading\">Kako se pripremiti<\/h2>\n\n<ol class=\"wp-block-list\">\n<li><strong>Dodajte 15 g<\/strong> mje\u0161avine Hojicha Powder Latte u svoju \u0161alicu.<\/li>\n\n\n\n<li><strong>Dodajte 500 ml<\/strong> vru\u0107e vode ili mlijeka (ili mlije\u010dne alternative).<\/li>\n\n\n\n<li>Dobro promije\u0161ajte i odmah u\u017eivajte u kremastoj, ukusnoj hojicha latteu.<\/li>\n<\/ol>\n\n<hr class=\"wp-block-separator has-alpha-channel-opacity\"\/>\n\n<h2 class=\"wp-block-heading\">Idealno za<\/h2>\n\n<ul class=\"wp-block-list\">\n<li>Kafi\u0107i i \u010dajane tra\u017ee brzu i jednostavnu za pripremu hojicha latte opciju za kupce.<\/li>\n\n\n\n<li>Restorani i hoteli koji \u017eele ponuditi ukusnu probavu.  <\/li>\n\n\n\n<li>Maloprodajne trgovine koje nude vrhunske proizvode od \u010daja i mje\u0161avine instant pi\u0107a.<\/li>\n<\/ul>\n\n<h2 class=\"wp-block-heading\">Zatra\u017eite uzorak danas<\/h2>\n\n<p>Zanimaju vas bogati, pr\u017eeni okusi na\u0161e vrhunske hojiche?  <\/p>\n\n<p>Samo ispunite svoje podatke u nastavku i poslat \u0107emo vam uzorak. Javite nam ako imate konkretne zahtjeve i rado \u0107emo prilagoditi na\u0161u ponudu va\u0161im poslovnim potrebama. <\/p>\n<div class=\"forminator-ui forminator-custom-form forminator-custom-form-1365 forminator-design--flat  forminator_ajax\" data-forminator-render=\"0\" data-form=\"forminator-module-1365\" data-uid=\"69d4941287e59\"><br\/><\/div><form\n\t\t\t\tid=\"forminator-module-1365\"\n\t\t\t\tclass=\"forminator-ui forminator-custom-form forminator-custom-form-1365 forminator-design--flat  forminator_ajax\"\n\t\t\t\tmethod=\"post\"\n\t\t\t\tdata-forminator-render=\"0\"\n\t\t\t\tdata-form-id=\"1365\"\n\t\t\t\t data-color-option=\"default\" data-design=\"flat\" data-grid=\"open\" style=\"display: none;\"\n\t\t\t\tdata-uid=\"69d4941287e59\"\n\t\t\t><div role=\"alert\" aria-live=\"polite\" class=\"forminator-response-message forminator-error\" aria-hidden=\"true\"><\/div><div class=\"forminator-row\"><div id=\"name-1\" class=\"forminator-field-name forminator-col forminator-col-6 \"><div class=\"forminator-field\"><input type=\"text\" name=\"name-1\" value=\"\" placeholder=\"First Name\" id=\"forminator-field-name-1_69d4941287e59\" class=\"forminator-input forminator-name--field\" aria-required=\"true\" autocomplete=\"name\" \/><\/div><\/div><div id=\"name-2\" class=\"forminator-field-name forminator-col forminator-col-6 \"><div class=\"forminator-field\"><input type=\"text\" name=\"name-2\" value=\"\" placeholder=\"Last Name\" id=\"forminator-field-name-2_69d4941287e59\" class=\"forminator-input forminator-name--field\" aria-required=\"true\" autocomplete=\"name\" \/><\/div><\/div><\/div><div class=\"forminator-row\"><div id=\"email-1\" class=\"forminator-field-email forminator-col forminator-col-12 \"><div class=\"forminator-field\"><input type=\"email\" name=\"email-1\" value=\"\" placeholder=\"Email\" id=\"forminator-field-email-1_69d4941287e59\" class=\"forminator-input forminator-email--field\" data-required=\"true\" aria-required=\"true\" autocomplete=\"email\" \/><\/div><\/div><\/div><div class=\"forminator-row\"><div id=\"phone-1\" class=\"forminator-field-phone forminator-col forminator-col-12 \"><div class=\"forminator-field\"><input type=\"text\" name=\"phone-1\" value=\"\" placeholder=\"Phone\" id=\"forminator-field-phone-1_69d4941287e59\" class=\"forminator-input forminator-field--phone\" data-required=\"\" aria-required=\"false\" autocomplete=\"off\" \/><\/div><\/div><\/div><div class=\"forminator-row\"><div id=\"textarea-1\" class=\"forminator-field-textarea forminator-col forminator-col-12 \"><div class=\"forminator-field\"><textarea name=\"textarea-1\" placeholder=\"Message\" id=\"forminator-field-textarea-1_69d4941287e59\" class=\"forminator-textarea\" rows=\"6\" style=\"min-height:140px;\" ><\/textarea><span id=\"forminator-field-textarea-1_69d4941287e59-description\" class=\"forminator-description\"><span data-limit=\"300\" data-type=\"words\" data-editor=\"\">0 \/ 300<\/span><\/span><\/div><\/div><\/div><div class=\"forminator-row\"><\/div><input type=\"hidden\" name=\"referer_url\" value=\"\" \/><div class=\"forminator-row forminator-row-last\"><div class=\"forminator-col\"><div class=\"forminator-field\"><button class=\"forminator-button forminator-button-submit\">Send<\/button><\/div><\/div><\/div><input type=\"hidden\" id=\"forminator_nonce\" name=\"forminator_nonce\" value=\"0b51ba8eba\" \/><input type=\"hidden\" name=\"_wp_http_referer\" value=\"\/hr\/wp-json\/wp\/v2\/pages\/9119\" \/><input type=\"hidden\" name=\"form_id\" value=\"1365\"><input type=\"hidden\" name=\"page_id\" value=\"9119\"><input type=\"hidden\" name=\"form_type\" value=\"default\"><input type=\"hidden\" name=\"current_url\" value=\"https:\/\/hojichawholesale.eu\/hr\/hojicha-powder-latte-veleprodaja\/\"><input type=\"hidden\" name=\"render_id\" value=\"0\"><input type=\"hidden\" name=\"action\" value=\"forminator_submit_form_custom-forms\"><label for=\"input_6\" class=\"forminator-hidden\" aria-hidden=\"true\">Please do not fill in this field. <input id=\"input_6\" type=\"text\" name=\"input_6\" value=\"\" autocomplete=\"off\"><\/label><\/form>\n","protected":false},"excerpt":{"rendered":"<p>Hojicha Powder Latte (veleprodaja) Na\u0161 Hojicha Powder Latte napravljen je od hojicha praha, \u0161e\u0107era od trske i guar gume za savr\u0161eno uravnote\u017eeno i ukusno pi\u0107e. Mo\u017ee se mije\u0161ati s mlijekom ili mlije\u010dnim alternativama. Istaknuti proizvodi Veleprodajne informacije Kako se pripremiti Idealno za Zatra\u017eite uzorak danas Zanimaju vas bogati, pr\u017eeni okusi na\u0161e vrhunske hojiche? Samo ispunite [&hellip;]<\/p>\n","protected":false},"author":1,"featured_media":9121,"parent":0,"menu_order":0,"comment_status":"closed","ping_status":"closed","template":"","meta":{"_surecart_dashboard_logo_width":"180px","_surecart_dashboard_show_logo":true,"_surecart_dashboard_navigation_orders":true,"_surecart_dashboard_navigation_invoices":true,"_surecart_dashboard_navigation_subscriptions":true,"_surecart_dashboard_navigation_downloads":true,"_surecart_dashboard_navigation_billing":true,"_surecart_dashboard_navigation_account":true,"footnotes":""},"class_list":["post-9119","page","type-page","status-publish","has-post-thumbnail","hentry","entry","has-media"],"mb":[],"mfb_rest_fields":["title","gutenberg_elementor_mode"],"_links":{"self":[{"href":"https:\/\/hojichawholesale.eu\/hr\/wp-json\/wp\/v2\/pages\/9119","targetHints":{"allow":["GET"]}}],"collection":[{"href":"https:\/\/hojichawholesale.eu\/hr\/wp-json\/wp\/v2\/pages"}],"about":[{"href":"https:\/\/hojichawholesale.eu\/hr\/wp-json\/wp\/v2\/types\/page"}],"author":[{"embeddable":true,"href":"https:\/\/hojichawholesale.eu\/hr\/wp-json\/wp\/v2\/users\/1"}],"replies":[{"embeddable":true,"href":"https:\/\/hojichawholesale.eu\/hr\/wp-json\/wp\/v2\/comments?post=9119"}],"version-history":[{"count":0,"href":"https:\/\/hojichawholesale.eu\/hr\/wp-json\/wp\/v2\/pages\/9119\/revisions"}],"wp:featuredmedia":[{"embeddable":true,"href":"https:\/\/hojichawholesale.eu\/hr\/wp-json\/wp\/v2\/media\/9121"}],"wp:attachment":[{"href":"https:\/\/hojichawholesale.eu\/hr\/wp-json\/wp\/v2\/media?parent=9119"}],"curies":[{"name":"wp","href":"https:\/\/api.w.org\/{rel}","templated":true}]}}