{"id":9073,"date":"2024-10-12T14:14:16","date_gmt":"2024-10-12T14:14:16","guid":{"rendered":"https:\/\/hojichawholesale.eu\/hojicha-tamno-przeni-prah-veleprodaja\/"},"modified":"2025-12-10T19:01:37","modified_gmt":"2025-12-10T19:01:37","slug":"hojicha-tamno-przeni-prah-veleprodaja","status":"publish","type":"page","link":"https:\/\/hojichawholesale.eu\/hr\/hojicha-tamno-przeni-prah-veleprodaja\/","title":{"rendered":"Hojicha tamno pr\u017eeni prah (veleprodaja)"},"content":{"rendered":"\n<h1 class=\"wp-block-heading\">Hojicha tamno pr\u017eeni prah (veleprodaja)<\/h1>\n\n<p><strong>Hojicha Dark Roast<\/strong> <strong>prah <\/strong>pru\u017ea dubok, intenzivan pr\u017eeni okus, savr\u0161en za one koji tra\u017ee robusnije i punije iskustvo \u010daja.<\/p>\n<div class=\"wp-block-image\">\n<figure class=\"aligncenter size-full is-resized\"><img fetchpriority=\"high\" decoding=\"async\" width=\"1000\" height=\"1000\" src=\"https:\/\/hojichawholesale.eu\/wp-content\/uploads\/2025\/01\/hojicha-dark-powder-both.webp\" alt=\"Usporedba otopljenog tamnog praha hojicha i tamnog praha hojicha\" class=\"wp-image-7396\" style=\"width:323px;height:auto\" srcset=\"https:\/\/hojichawholesale.eu\/wp-content\/uploads\/2025\/01\/hojicha-dark-powder-both.webp 1000w, https:\/\/hojichawholesale.eu\/wp-content\/uploads\/2025\/01\/hojicha-dark-powder-both-300x300.webp 300w, https:\/\/hojichawholesale.eu\/wp-content\/uploads\/2025\/01\/hojicha-dark-powder-both-150x150.webp 150w, https:\/\/hojichawholesale.eu\/wp-content\/uploads\/2025\/01\/hojicha-dark-powder-both-768x768.webp 768w, https:\/\/hojichawholesale.eu\/wp-content\/uploads\/2025\/01\/hojicha-dark-powder-both-600x600.webp 600w\" sizes=\"(max-width: 1000px) 100vw, 1000px\" \/><\/figure>\n<\/div>\n<hr class=\"wp-block-separator has-alpha-channel-opacity\"\/>\n\n<h2 class=\"wp-block-heading\">Istaknuti proizvodi<\/h2>\n\n<ul class=\"wp-block-list\">\n<li><strong>Vrsta<\/strong>: Pe\u010deni zeleni \u010daj (Hojicha)<\/li>\n\n\n\n<li><strong>Oblik<\/strong>: Prah<\/li>\n\n\n\n<li><strong>Podrijetlo<\/strong>: Shizuoka, Japan<\/li>\n\n\n\n<li><strong>Razina pe\u010denja<\/strong>: Tamna<\/li>\n\n\n\n<li><strong>Sezona berbe<\/strong>: prolje\u0107e\/ljeto<\/li>\n\n\n\n<li><strong>Obrada<\/strong>: Duboko pr\u017eeno (300 \u00b0C) u porculanu kako bi se stvorila odva\u017ena, dimljena aroma.<\/li>\n\n\n\n<li><strong>Profil okusa<\/strong>: Dimljeno, bogato i blago slatko s odva\u017enim podtonom karamele.<\/li>\n\n\n\n<li><strong>Kofein:<\/strong> Vrlo nizak<\/li>\n\n\n\n<li><strong>Pakiranje<\/strong>: Dostupno u vre\u0107ama od 1 kg. Prepakiranje je dostupno na va\u0161 zahtjev.   <\/li>\n<\/ul>\n\n<hr class=\"wp-block-separator has-alpha-channel-opacity\"\/>\n\n<h2 class=\"wp-block-heading\">Prednosti tamno pe\u010dene Hojiche<\/h2>\n\n<ul class=\"wp-block-list\">\n<li><strong>Bogat okus<\/strong>: Duboko pr\u017eenje donosi intenzivne, dimljene note koje se dobro sla\u017eu s desertima ili kao samostalni \u010daj.<\/li>\n\n\n\n<li><strong>Nizak kofein<\/strong>: U\u017eivajte u bilo koje doba dana bez treme.<\/li>\n\n\n\n<li><strong>Toplo i utje\u0161no<\/strong>: Tamno pr\u017eenje nudi uzemljenje i umiruju\u0107e iskustvo, savr\u0161eno za hladnije mjesece.<\/li>\n<\/ul>\n\n<div class=\"wp-block-columns is-layout-flex wp-container-core-columns-is-layout-28f84493 wp-block-columns-is-layout-flex\">\n<div class=\"wp-block-column is-layout-flow wp-block-column-is-layout-flow\"><div class=\"wp-block-image\">\n<figure class=\"aligncenter size-full is-resized\"><img decoding=\"async\" width=\"1000\" height=\"1000\" src=\"https:\/\/hojichawholesale.eu\/wp-content\/uploads\/2025\/01\/hojicha-dark-powder.webp\" alt=\"Hojicha tamno pr&#x17E;eni prah\" class=\"wp-image-7420\" style=\"width:306px;height:auto\" srcset=\"https:\/\/hojichawholesale.eu\/wp-content\/uploads\/2025\/01\/hojicha-dark-powder.webp 1000w, https:\/\/hojichawholesale.eu\/wp-content\/uploads\/2025\/01\/hojicha-dark-powder-300x300.webp 300w, https:\/\/hojichawholesale.eu\/wp-content\/uploads\/2025\/01\/hojicha-dark-powder-150x150.webp 150w, https:\/\/hojichawholesale.eu\/wp-content\/uploads\/2025\/01\/hojicha-dark-powder-768x768.webp 768w, https:\/\/hojichawholesale.eu\/wp-content\/uploads\/2025\/01\/hojicha-dark-powder-600x600.webp 600w\" sizes=\"(max-width: 1000px) 100vw, 1000px\" \/><\/figure>\n<\/div><\/div>\n\n\n\n<div class=\"wp-block-column is-layout-flow wp-block-column-is-layout-flow\"><div class=\"wp-block-image\">\n<figure class=\"aligncenter size-large is-resized\"><img decoding=\"async\" width=\"1024\" height=\"1024\" src=\"https:\/\/hojichawholesale.eu\/wp-content\/uploads\/2025\/01\/hojicha-dark-powder-infused-1024x1024.webp\" alt=\"Hojicha tamno pe&#x10D;eni prah infuziran\" class=\"wp-image-7408\" style=\"width:302px;height:auto\" srcset=\"https:\/\/hojichawholesale.eu\/wp-content\/uploads\/2025\/01\/hojicha-dark-powder-infused-1024x1024.webp 1024w, https:\/\/hojichawholesale.eu\/wp-content\/uploads\/2025\/01\/hojicha-dark-powder-infused-300x300.webp 300w, https:\/\/hojichawholesale.eu\/wp-content\/uploads\/2025\/01\/hojicha-dark-powder-infused-150x150.webp 150w, https:\/\/hojichawholesale.eu\/wp-content\/uploads\/2025\/01\/hojicha-dark-powder-infused-768x768.webp 768w, https:\/\/hojichawholesale.eu\/wp-content\/uploads\/2025\/01\/hojicha-dark-powder-infused-1536x1536.webp 1536w, https:\/\/hojichawholesale.eu\/wp-content\/uploads\/2025\/01\/hojicha-dark-powder-infused-600x600.webp 600w, https:\/\/hojichawholesale.eu\/wp-content\/uploads\/2025\/01\/hojicha-dark-powder-infused.webp 2000w\" sizes=\"(max-width: 1024px) 100vw, 1024px\" \/><\/figure>\n<\/div><\/div>\n<\/div>\n\n<hr class=\"wp-block-separator has-alpha-channel-opacity\"\/>\n\n<h2 class=\"wp-block-heading\">Veleprodajne informacije<\/h2>\n\n<ul class=\"wp-block-list\">\n<li><strong>Minimalna koli\u010dina narud\u017ebe (MOQ):<\/strong> 5 vre\u0107ica od 100 grama.<\/li>\n\n\n\n<li><strong>Skupne cijene<\/strong>: Kontaktirajte nas u nastavku za posebne cijene na temelju veli\u010dine narud\u017ebe.<\/li>\n\n\n\n<li><strong>Rok trajanja<\/strong>: Hojicha se mo\u017ee \u010duvati do dvije godine neotvorena i \u010duvati na 5\u00b0C \u2013 10\u00b0C.<\/li>\n\n\n\n<li><strong>Dostava<\/strong>: \u0160aljemo svugdje u Europi, od Islanda do Istanbula, s fleksibilnim opcijama dostave, uklju\u010duju\u0107i ekspresnu dostavu za hitne narud\u017ebe.<\/li>\n<\/ul>\n\n<hr class=\"wp-block-separator has-alpha-channel-opacity\"\/>\n\n<h2 class=\"wp-block-heading\">Kako kuhati<\/h2>\n\n<ol class=\"wp-block-list\">\n<li><strong>Koli\u010dina \u010daja<\/strong>: 8g \u010daja na 500ml vode<\/li>\n\n\n\n<li><strong>Temperatura vode<\/strong>: 80\u00b0C  <\/li>\n\n\n\n<li><strong>Vrijeme namakanja<\/strong>: 2-3 minute za jak, bogat napitak<\/li>\n<\/ol>\n\n<hr class=\"wp-block-separator has-alpha-channel-opacity\"\/>\n\n<h2 class=\"wp-block-heading\">Savr\u0161eno za<\/h2>\n\n<ul class=\"wp-block-list\">\n<li>Vrhunske \u010dajanice, kafi\u0107i i restorani koji svojim kupcima \u017eele ponuditi vrhunsku opciju tamnog pr\u017eenja.  <\/li>\n\n\n\n<li>Kupci tra\u017ee hrabru alternativu kavi s niskim udjelom kofeina.<\/li>\n\n\n\n<li>Stvaranje prepoznatljivih \u010dajnih mje\u0161avina ili kao sastojak kulinarskih recepata.<\/li>\n<\/ul>\n\n<h2 class=\"wp-block-heading\">Zatra\u017eite uzorak danas<\/h2>\n\n<p>Zanimaju vas bogati, pr\u017eeni okusi na\u0161e vrhunske hojiche?  <\/p>\n\n<p>Samo ispunite svoje podatke u nastavku i poslat \u0107emo vam uzorak. Javite nam ako imate konkretne zahtjeve i rado \u0107emo prilagoditi na\u0161u ponudu va\u0161im poslovnim potrebama. <\/p>\n<div class=\"forminator-ui forminator-custom-form forminator-custom-form-1365 forminator-design--flat  forminator_ajax\" data-forminator-render=\"0\" data-form=\"forminator-module-1365\" data-uid=\"69de33a19e843\"><br\/><\/div><form\n\t\t\t\tid=\"forminator-module-1365\"\n\t\t\t\tclass=\"forminator-ui forminator-custom-form forminator-custom-form-1365 forminator-design--flat  forminator_ajax\"\n\t\t\t\tmethod=\"post\"\n\t\t\t\tdata-forminator-render=\"0\"\n\t\t\t\tdata-form-id=\"1365\"\n\t\t\t\t data-color-option=\"default\" data-design=\"flat\" data-grid=\"open\" style=\"display: none;\"\n\t\t\t\tdata-uid=\"69de33a19e843\"\n\t\t\t><div role=\"alert\" aria-live=\"polite\" class=\"forminator-response-message forminator-error\" aria-hidden=\"true\"><\/div><div class=\"forminator-row\"><div id=\"name-1\" class=\"forminator-field-name forminator-col forminator-col-6 \"><div class=\"forminator-field\"><input type=\"text\" name=\"name-1\" value=\"\" placeholder=\"First Name\" id=\"forminator-field-name-1_69de33a19e843\" class=\"forminator-input forminator-name--field\" aria-required=\"true\" autocomplete=\"name\" \/><\/div><\/div><div id=\"name-2\" class=\"forminator-field-name forminator-col forminator-col-6 \"><div class=\"forminator-field\"><input type=\"text\" name=\"name-2\" value=\"\" placeholder=\"Last Name\" id=\"forminator-field-name-2_69de33a19e843\" class=\"forminator-input forminator-name--field\" aria-required=\"true\" autocomplete=\"name\" \/><\/div><\/div><\/div><div class=\"forminator-row\"><div id=\"email-1\" class=\"forminator-field-email forminator-col forminator-col-12 \"><div class=\"forminator-field\"><input type=\"email\" name=\"email-1\" value=\"\" placeholder=\"Email\" id=\"forminator-field-email-1_69de33a19e843\" class=\"forminator-input forminator-email--field\" data-required=\"true\" aria-required=\"true\" autocomplete=\"email\" \/><\/div><\/div><\/div><div class=\"forminator-row\"><div id=\"phone-1\" class=\"forminator-field-phone forminator-col forminator-col-12 \"><div class=\"forminator-field\"><input type=\"text\" name=\"phone-1\" value=\"\" placeholder=\"Phone\" id=\"forminator-field-phone-1_69de33a19e843\" class=\"forminator-input forminator-field--phone\" data-required=\"\" aria-required=\"false\" autocomplete=\"off\" \/><\/div><\/div><\/div><div class=\"forminator-row\"><div id=\"textarea-1\" class=\"forminator-field-textarea forminator-col forminator-col-12 \"><div class=\"forminator-field\"><textarea name=\"textarea-1\" placeholder=\"Message\" id=\"forminator-field-textarea-1_69de33a19e843\" class=\"forminator-textarea\" rows=\"6\" style=\"min-height:140px;\" ><\/textarea><span id=\"forminator-field-textarea-1_69de33a19e843-description\" class=\"forminator-description\"><span data-limit=\"300\" data-type=\"words\" data-editor=\"\">0 \/ 300<\/span><\/span><\/div><\/div><\/div><div class=\"forminator-row\"><\/div><input type=\"hidden\" name=\"referer_url\" value=\"\" \/><div class=\"forminator-row forminator-row-last\"><div class=\"forminator-col\"><div class=\"forminator-field\"><button class=\"forminator-button forminator-button-submit\">Send<\/button><\/div><\/div><\/div><input type=\"hidden\" id=\"forminator_nonce\" name=\"forminator_nonce\" value=\"a647953a3f\" \/><input type=\"hidden\" name=\"_wp_http_referer\" value=\"\/hr\/wp-json\/wp\/v2\/pages\/9073\" \/><input type=\"hidden\" name=\"form_id\" value=\"1365\"><input type=\"hidden\" name=\"page_id\" value=\"9073\"><input type=\"hidden\" name=\"form_type\" value=\"default\"><input type=\"hidden\" name=\"current_url\" value=\"https:\/\/hojichawholesale.eu\/hr\/hojicha-tamno-przeni-prah-veleprodaja\/\"><input type=\"hidden\" name=\"render_id\" value=\"0\"><input type=\"hidden\" name=\"action\" value=\"forminator_submit_form_custom-forms\"><label for=\"input_6\" class=\"forminator-hidden\" aria-hidden=\"true\">Please do not fill in this field. <input id=\"input_6\" type=\"text\" name=\"input_6\" value=\"\" autocomplete=\"off\"><\/label><\/form>\n","protected":false},"excerpt":{"rendered":"<p>Hojicha tamno pr\u017eeni prah (veleprodaja) Hojicha Dark Roast prah pru\u017ea dubok, intenzivan pr\u017eeni okus, savr\u0161en za one koji tra\u017ee robusnije i punije iskustvo \u010daja. Istaknuti proizvodi Prednosti tamno pe\u010dene Hojiche Veleprodajne informacije Kako kuhati Savr\u0161eno za Zatra\u017eite uzorak danas Zanimaju vas bogati, pr\u017eeni okusi na\u0161e vrhunske hojiche? Samo ispunite svoje podatke u nastavku i poslat [&hellip;]<\/p>\n","protected":false},"author":1,"featured_media":9080,"parent":0,"menu_order":0,"comment_status":"closed","ping_status":"closed","template":"","meta":{"_surecart_dashboard_logo_width":"180px","_surecart_dashboard_show_logo":true,"_surecart_dashboard_navigation_orders":true,"_surecart_dashboard_navigation_invoices":true,"_surecart_dashboard_navigation_subscriptions":true,"_surecart_dashboard_navigation_downloads":true,"_surecart_dashboard_navigation_billing":true,"_surecart_dashboard_navigation_account":true,"footnotes":""},"class_list":["post-9073","page","type-page","status-publish","has-post-thumbnail","hentry","entry","has-media"],"mb":[],"mfb_rest_fields":["title","gutenberg_elementor_mode"],"_links":{"self":[{"href":"https:\/\/hojichawholesale.eu\/hr\/wp-json\/wp\/v2\/pages\/9073","targetHints":{"allow":["GET"]}}],"collection":[{"href":"https:\/\/hojichawholesale.eu\/hr\/wp-json\/wp\/v2\/pages"}],"about":[{"href":"https:\/\/hojichawholesale.eu\/hr\/wp-json\/wp\/v2\/types\/page"}],"author":[{"embeddable":true,"href":"https:\/\/hojichawholesale.eu\/hr\/wp-json\/wp\/v2\/users\/1"}],"replies":[{"embeddable":true,"href":"https:\/\/hojichawholesale.eu\/hr\/wp-json\/wp\/v2\/comments?post=9073"}],"version-history":[{"count":0,"href":"https:\/\/hojichawholesale.eu\/hr\/wp-json\/wp\/v2\/pages\/9073\/revisions"}],"wp:featuredmedia":[{"embeddable":true,"href":"https:\/\/hojichawholesale.eu\/hr\/wp-json\/wp\/v2\/media\/9080"}],"wp:attachment":[{"href":"https:\/\/hojichawholesale.eu\/hr\/wp-json\/wp\/v2\/media?parent=9073"}],"curies":[{"name":"wp","href":"https:\/\/api.w.org\/{rel}","templated":true}]}}