{"id":9072,"date":"2024-10-12T14:29:39","date_gmt":"2024-10-12T14:29:39","guid":{"rendered":"https:\/\/hojichawholesale.eu\/hojicha-u-liscu-veleprodaja\/"},"modified":"2025-10-26T16:44:14","modified_gmt":"2025-10-26T16:44:14","slug":"hojicha-u-liscu-veleprodaja","status":"publish","type":"page","link":"https:\/\/hojichawholesale.eu\/hr\/hojicha-u-liscu-veleprodaja\/","title":{"rendered":"Hojicha u li\u0161\u0107u (veleprodaja)"},"content":{"rendered":"\n<h1 class=\"wp-block-heading\">Hojicha u li\u0161\u0107u (veleprodaja)<\/h1>\n\n<p>Hojicha je vrhunski pr\u017eeni japanski zeleni \u010daj koji nudi glatki i dimljeni okus. Na\u0161a hojicha potje\u010de i izravno se pakira na farmama \u010daja u Japanu, osiguravaju\u0107i visoku kvalitetu, svje\u017einu i autenti\u010dan okus pr\u017eenja. <\/p>\n<div class=\"wp-block-image\">\n<figure class=\"aligncenter size-full is-resized\"><img fetchpriority=\"high\" decoding=\"async\" width=\"1000\" height=\"1000\" src=\"https:\/\/hojichawholesale.eu\/wp-content\/uploads\/2025\/01\/Hojicha-dark-leaf-both.webp\" alt=\"Usporedba hojicha tamno pe&#x10D;enog u li&#x161;&#x107;u VS hojicha tamno pe&#x10D;eno u li&#x161;&#x107;u infuzirano\" class=\"wp-image-7434\" style=\"width:365px;height:auto\" srcset=\"https:\/\/hojichawholesale.eu\/wp-content\/uploads\/2025\/01\/Hojicha-dark-leaf-both.webp 1000w, https:\/\/hojichawholesale.eu\/wp-content\/uploads\/2025\/01\/Hojicha-dark-leaf-both-300x300.webp 300w, https:\/\/hojichawholesale.eu\/wp-content\/uploads\/2025\/01\/Hojicha-dark-leaf-both-150x150.webp 150w, https:\/\/hojichawholesale.eu\/wp-content\/uploads\/2025\/01\/Hojicha-dark-leaf-both-768x768.webp 768w, https:\/\/hojichawholesale.eu\/wp-content\/uploads\/2025\/01\/Hojicha-dark-leaf-both-600x600.webp 600w\" sizes=\"(max-width: 1000px) 100vw, 1000px\" \/><\/figure>\n<\/div>\n<hr class=\"wp-block-separator has-alpha-channel-opacity\"\/>\n\n<h2 class=\"wp-block-heading\">Istaknuti proizvodi<\/h2>\n\n<ul class=\"wp-block-list\">\n<li><strong>Vrsta<\/strong>: Pe\u010deni zeleni \u010daj (Hojicha)<\/li>\n\n\n\n<li><strong>Podrijetlo<\/strong>: Shizuoka, Japan<\/li>\n\n\n\n<li><strong>Oblik<\/strong>: Li\u0161\u0107e<\/li>\n\n\n\n<li><strong>Razina pe\u010denja<\/strong>: Srednja<\/li>\n\n\n\n<li><strong>Sezona berbe<\/strong>: prolje\u0107e\/ljeto<\/li>\n\n\n\n<li><strong>Obrada<\/strong>: Pr\u017eeni listovi zelenog \u010daja u porculanu.  <\/li>\n\n\n\n<li><strong>Profil okusa<\/strong>: Glatko, pr\u017eeno, sa slatkim karamelnim i ora\u0161astim podtonovima<\/li>\n\n\n\n<li><strong>Kofein<\/strong>: Nizak<\/li>\n\n\n\n<li><strong>Pakiranje<\/strong>: Dostupno u pakiranjima od 500 g (vre\u0107ice koje se mogu zatvoriti). Bez oznake. <\/li>\n<\/ul>\n\n<hr class=\"wp-block-separator has-alpha-channel-opacity\"\/>\n\n<h2 class=\"wp-block-heading\">Prednosti Hojicha praha<\/h2>\n\n<ul class=\"wp-block-list\">\n<li><strong>Bogat okus<\/strong>: Intenzivan pr\u017eeni okus za infuziju u vru\u0107oj vodi.<\/li>\n\n\n\n<li><strong>Nizak kofein<\/strong>: Savr\u0161en za u\u017eivanje tijekom dana, \u010dak i nave\u010der.<\/li>\n\n\n\n<li><strong>Svestran:<\/strong> Idealno za jutro, podne, popodne i ve\u010deri.  <\/li>\n<\/ul>\n\n<hr class=\"wp-block-separator has-alpha-channel-opacity\"\/>\n\n<h2 class=\"wp-block-heading\">Veleprodajne informacije<\/h2>\n\n<ul class=\"wp-block-list\">\n<li><strong>Minimalna koli\u010dina narud\u017ebe (MOQ):<\/strong> 500g (1 x 500g vre\u0107ica)<\/li>\n\n\n\n<li><strong>Skupne cijene<\/strong>: Posegnite za posebnim cijenama.  <\/li>\n\n\n\n<li><strong>Skladi\u0161tenje<\/strong>: \u010cuvati u hladnom i suhom okru\u017eenju.  <\/li>\n\n\n\n<li><strong>Rok trajanja<\/strong>: Hojicha se mo\u017ee \u010duvati do dvije godine neotvorena i \u010duvati na 5\u00b0C \u2013 10\u00b0C.<\/li>\n\n\n\n<li><strong>Dostava<\/strong>: Dostavljamo na europski kontinent s fleksibilnim opcijama dostave, uklju\u010duju\u0107i ekspresnu dostavu za hitne narud\u017ebe.<\/li>\n<\/ul>\n\n<div class=\"wp-block-columns is-layout-flex wp-container-core-columns-is-layout-28f84493 wp-block-columns-is-layout-flex\">\n<div class=\"wp-block-column is-layout-flow wp-block-column-is-layout-flow\"><div class=\"wp-block-image\">\n<figure class=\"aligncenter size-full is-resized\"><img decoding=\"async\" width=\"1000\" height=\"1000\" src=\"https:\/\/hojichawholesale.eu\/wp-content\/uploads\/2025\/01\/Hojicha-dark-leaf.webp\" alt=\"\" class=\"wp-image-7458\" style=\"width:311px;height:auto\" srcset=\"https:\/\/hojichawholesale.eu\/wp-content\/uploads\/2025\/01\/Hojicha-dark-leaf.webp 1000w, https:\/\/hojichawholesale.eu\/wp-content\/uploads\/2025\/01\/Hojicha-dark-leaf-300x300.webp 300w, https:\/\/hojichawholesale.eu\/wp-content\/uploads\/2025\/01\/Hojicha-dark-leaf-150x150.webp 150w, https:\/\/hojichawholesale.eu\/wp-content\/uploads\/2025\/01\/Hojicha-dark-leaf-768x768.webp 768w, https:\/\/hojichawholesale.eu\/wp-content\/uploads\/2025\/01\/Hojicha-dark-leaf-600x600.webp 600w\" sizes=\"(max-width: 1000px) 100vw, 1000px\" \/><\/figure>\n<\/div><\/div>\n\n\n\n<div class=\"wp-block-column is-layout-flow wp-block-column-is-layout-flow\"><div class=\"wp-block-image\">\n<figure class=\"aligncenter size-large is-resized\"><img decoding=\"async\" width=\"1024\" height=\"1024\" src=\"https:\/\/hojichawholesale.eu\/wp-content\/uploads\/2025\/01\/Hojicha-dark-leaf-infused-1024x1024.webp\" alt=\"\" class=\"wp-image-7446\" style=\"width:313px;height:auto\" srcset=\"https:\/\/hojichawholesale.eu\/wp-content\/uploads\/2025\/01\/Hojicha-dark-leaf-infused-1024x1024.webp 1024w, https:\/\/hojichawholesale.eu\/wp-content\/uploads\/2025\/01\/Hojicha-dark-leaf-infused-300x300.webp 300w, https:\/\/hojichawholesale.eu\/wp-content\/uploads\/2025\/01\/Hojicha-dark-leaf-infused-150x150.webp 150w, https:\/\/hojichawholesale.eu\/wp-content\/uploads\/2025\/01\/Hojicha-dark-leaf-infused-768x768.webp 768w, https:\/\/hojichawholesale.eu\/wp-content\/uploads\/2025\/01\/Hojicha-dark-leaf-infused-1536x1536.webp 1536w, https:\/\/hojichawholesale.eu\/wp-content\/uploads\/2025\/01\/Hojicha-dark-leaf-infused-600x600.webp 600w, https:\/\/hojichawholesale.eu\/wp-content\/uploads\/2025\/01\/Hojicha-dark-leaf-infused.webp 2000w\" sizes=\"(max-width: 1024px) 100vw, 1024px\" \/><\/figure>\n<\/div><\/div>\n<\/div>\n\n<hr class=\"wp-block-separator has-alpha-channel-opacity\"\/>\n\n<h2 class=\"wp-block-heading\">Kako koristiti Hojicha prah<\/h2>\n\n<ul class=\"wp-block-list\">\n<li><strong>Hojicha<\/strong>: Pomije\u0161ajte 2 \u017eli\u010dice Hojiche s 200 ml vru\u0107e vode.<\/li>\n<\/ul>\n\n<hr class=\"wp-block-separator has-alpha-channel-opacity\"\/>\n\n<h2 class=\"wp-block-heading\">Idealno za<\/h2>\n\n<ul class=\"wp-block-list\">\n<li>Kafi\u0107i i \u010dajane \u017eele na svoj jelovnik dodati pi\u0107a od pr\u017eenog zelenog \u010daja poput Hojiche.<\/li>\n\n\n\n<li>Zdravstveno osvije\u0161teni kupci koji preferiraju alternativu \u010daju s niskim udjelom kofeina.<\/li>\n<\/ul>\n\n<h2 class=\"wp-block-heading\">Zatra\u017eite uzorak danas<\/h2>\n\n<p>Zanimaju vas bogati, pr\u017eeni okusi na\u0161e vrhunske hojiche?  <\/p>\n\n<p>Samo ispunite svoje podatke u nastavku i poslat \u0107emo vam uzorak. Javite nam ako imate konkretne zahtjeve i rado \u0107emo prilagoditi na\u0161u ponudu va\u0161im poslovnim potrebama. <\/p>\n<div class=\"forminator-ui forminator-custom-form forminator-custom-form-1365 forminator-design--flat  forminator_ajax\" data-forminator-render=\"0\" data-form=\"forminator-module-1365\" data-uid=\"69d5e3a483de2\"><br\/><\/div><form\n\t\t\t\tid=\"forminator-module-1365\"\n\t\t\t\tclass=\"forminator-ui forminator-custom-form forminator-custom-form-1365 forminator-design--flat  forminator_ajax\"\n\t\t\t\tmethod=\"post\"\n\t\t\t\tdata-forminator-render=\"0\"\n\t\t\t\tdata-form-id=\"1365\"\n\t\t\t\t data-color-option=\"default\" data-design=\"flat\" data-grid=\"open\" style=\"display: none;\"\n\t\t\t\tdata-uid=\"69d5e3a483de2\"\n\t\t\t><div role=\"alert\" aria-live=\"polite\" class=\"forminator-response-message forminator-error\" aria-hidden=\"true\"><\/div><div class=\"forminator-row\"><div id=\"name-1\" class=\"forminator-field-name forminator-col forminator-col-6 \"><div class=\"forminator-field\"><input type=\"text\" name=\"name-1\" value=\"\" placeholder=\"First Name\" id=\"forminator-field-name-1_69d5e3a483de2\" class=\"forminator-input forminator-name--field\" aria-required=\"true\" autocomplete=\"name\" \/><\/div><\/div><div id=\"name-2\" class=\"forminator-field-name forminator-col forminator-col-6 \"><div class=\"forminator-field\"><input type=\"text\" name=\"name-2\" value=\"\" placeholder=\"Last Name\" id=\"forminator-field-name-2_69d5e3a483de2\" class=\"forminator-input forminator-name--field\" aria-required=\"true\" autocomplete=\"name\" \/><\/div><\/div><\/div><div class=\"forminator-row\"><div id=\"email-1\" class=\"forminator-field-email forminator-col forminator-col-12 \"><div class=\"forminator-field\"><input type=\"email\" name=\"email-1\" value=\"\" placeholder=\"Email\" id=\"forminator-field-email-1_69d5e3a483de2\" class=\"forminator-input forminator-email--field\" data-required=\"true\" aria-required=\"true\" autocomplete=\"email\" \/><\/div><\/div><\/div><div class=\"forminator-row\"><div id=\"phone-1\" class=\"forminator-field-phone forminator-col forminator-col-12 \"><div class=\"forminator-field\"><input type=\"text\" name=\"phone-1\" value=\"\" placeholder=\"Phone\" id=\"forminator-field-phone-1_69d5e3a483de2\" class=\"forminator-input forminator-field--phone\" data-required=\"\" aria-required=\"false\" autocomplete=\"off\" \/><\/div><\/div><\/div><div class=\"forminator-row\"><div id=\"textarea-1\" class=\"forminator-field-textarea forminator-col forminator-col-12 \"><div class=\"forminator-field\"><textarea name=\"textarea-1\" placeholder=\"Message\" id=\"forminator-field-textarea-1_69d5e3a483de2\" class=\"forminator-textarea\" rows=\"6\" style=\"min-height:140px;\" ><\/textarea><span id=\"forminator-field-textarea-1_69d5e3a483de2-description\" class=\"forminator-description\"><span data-limit=\"300\" data-type=\"words\" data-editor=\"\">0 \/ 300<\/span><\/span><\/div><\/div><\/div><div class=\"forminator-row\"><\/div><input type=\"hidden\" name=\"referer_url\" value=\"\" \/><div class=\"forminator-row forminator-row-last\"><div class=\"forminator-col\"><div class=\"forminator-field\"><button class=\"forminator-button forminator-button-submit\">Send<\/button><\/div><\/div><\/div><input type=\"hidden\" id=\"forminator_nonce\" name=\"forminator_nonce\" value=\"58eeeb5d3e\" \/><input type=\"hidden\" name=\"_wp_http_referer\" value=\"\/hr\/wp-json\/wp\/v2\/pages\/9072\" \/><input type=\"hidden\" name=\"form_id\" value=\"1365\"><input type=\"hidden\" name=\"page_id\" value=\"9072\"><input type=\"hidden\" name=\"form_type\" value=\"default\"><input type=\"hidden\" name=\"current_url\" value=\"https:\/\/hojichawholesale.eu\/hr\/hojicha-u-liscu-veleprodaja\/\"><input type=\"hidden\" name=\"render_id\" value=\"0\"><input type=\"hidden\" name=\"action\" value=\"forminator_submit_form_custom-forms\"><label for=\"input_6\" class=\"forminator-hidden\" aria-hidden=\"true\">Please do not fill in this field. <input id=\"input_6\" type=\"text\" name=\"input_6\" value=\"\" autocomplete=\"off\"><\/label><\/form>\n","protected":false},"excerpt":{"rendered":"<p>Hojicha u li\u0161\u0107u (veleprodaja) Hojicha je vrhunski pr\u017eeni japanski zeleni \u010daj koji nudi glatki i dimljeni okus. Na\u0161a hojicha potje\u010de i izravno se pakira na farmama \u010daja u Japanu, osiguravaju\u0107i visoku kvalitetu, svje\u017einu i autenti\u010dan okus pr\u017eenja. Istaknuti proizvodi Prednosti Hojicha praha Veleprodajne informacije Kako koristiti Hojicha prah Idealno za Zatra\u017eite uzorak danas Zanimaju vas [&hellip;]<\/p>\n","protected":false},"author":1,"featured_media":9076,"parent":0,"menu_order":0,"comment_status":"closed","ping_status":"closed","template":"","meta":{"_surecart_dashboard_logo_width":"180px","_surecart_dashboard_show_logo":true,"_surecart_dashboard_navigation_orders":true,"_surecart_dashboard_navigation_invoices":true,"_surecart_dashboard_navigation_subscriptions":true,"_surecart_dashboard_navigation_downloads":true,"_surecart_dashboard_navigation_billing":true,"_surecart_dashboard_navigation_account":true,"footnotes":""},"class_list":["post-9072","page","type-page","status-publish","has-post-thumbnail","hentry","entry","has-media"],"mb":[],"mfb_rest_fields":["title","gutenberg_elementor_mode"],"_links":{"self":[{"href":"https:\/\/hojichawholesale.eu\/hr\/wp-json\/wp\/v2\/pages\/9072","targetHints":{"allow":["GET"]}}],"collection":[{"href":"https:\/\/hojichawholesale.eu\/hr\/wp-json\/wp\/v2\/pages"}],"about":[{"href":"https:\/\/hojichawholesale.eu\/hr\/wp-json\/wp\/v2\/types\/page"}],"author":[{"embeddable":true,"href":"https:\/\/hojichawholesale.eu\/hr\/wp-json\/wp\/v2\/users\/1"}],"replies":[{"embeddable":true,"href":"https:\/\/hojichawholesale.eu\/hr\/wp-json\/wp\/v2\/comments?post=9072"}],"version-history":[{"count":0,"href":"https:\/\/hojichawholesale.eu\/hr\/wp-json\/wp\/v2\/pages\/9072\/revisions"}],"wp:featuredmedia":[{"embeddable":true,"href":"https:\/\/hojichawholesale.eu\/hr\/wp-json\/wp\/v2\/media\/9076"}],"wp:attachment":[{"href":"https:\/\/hojichawholesale.eu\/hr\/wp-json\/wp\/v2\/media?parent=9072"}],"curies":[{"name":"wp","href":"https:\/\/api.w.org\/{rel}","templated":true}]}}