{"id":8916,"date":"2024-10-12T11:39:24","date_gmt":"2024-10-12T11:39:24","guid":{"rendered":"https:\/\/hojichawholesale.eu\/sto-je-hojicha\/"},"modified":"2025-10-26T16:44:01","modified_gmt":"2025-10-26T16:44:01","slug":"sto-je-hojicha","status":"publish","type":"page","link":"https:\/\/hojichawholesale.eu\/hr\/sto-je-hojicha\/","title":{"rendered":"\u0160to je hojicha?"},"content":{"rendered":"\n<h1 class=\"wp-block-heading\">\u0160to je Hojicha?<\/h1>\n\n<p>Hojicha je japanski zeleni \u010daj koji se pr\u017ei u porculanu na temperaturama u rasponu od 175\u00b0C do 350\u00b0C.  Ovaj proces pr\u017eenja daje mu prepoznatljive naran\u010daste tonove i smanjuje sadr\u017eaj kofeina i katehina. <\/p>\n\n<p>  &#8220;<em>Hoji<\/em>&#8221; na japanskom zna\u010di &#8220;pr\u017eiti&#8221;, a &#8220;<em>cha<\/em>&#8221; zna\u010di \u010daj.<\/p>\n<div class=\"wp-block-image\">\n<figure class=\"aligncenter size-large is-resized\"><img fetchpriority=\"high\" decoding=\"async\" width=\"1024\" height=\"683\" src=\"https:\/\/hojichawholesale.eu\/wp-content\/uploads\/2024\/10\/Depositphotos_502919918_L-1-1024x683.avif\" alt=\"\" class=\"wp-image-5573\" style=\"width:539px;height:auto\" srcset=\"https:\/\/hojichawholesale.eu\/wp-content\/uploads\/2024\/10\/Depositphotos_502919918_L-1-1024x683.avif 1024w, https:\/\/hojichawholesale.eu\/wp-content\/uploads\/2024\/10\/Depositphotos_502919918_L-1-300x200.avif 300w, https:\/\/hojichawholesale.eu\/wp-content\/uploads\/2024\/10\/Depositphotos_502919918_L-1-768x512.avif 768w, https:\/\/hojichawholesale.eu\/wp-content\/uploads\/2024\/10\/Depositphotos_502919918_L-1.avif 1200w\" sizes=\"(max-width: 1024px) 100vw, 1024px\" \/><\/figure>\n<\/div>\n<h2 class=\"wp-block-heading\"><strong>Za\u0161to piti hojichu?<\/strong><\/h2>\n\n<p>Hojicha je tradicionalno japansko pi\u0107e koje se konzumira no\u0107u kako bi pomoglo probavi.  <\/p>\n\n<p>Me\u0111utim, mo\u017ee se piti u bilo koje doba dana i godine.  <\/p>\n\n<p>Unato\u010d svojoj boji, hojicha je zeleni \u010daj. Prolazi kroz proces poznat kao shaqing, \u0161to je parna kupelj koja zaustavlja prirodni proces oksidacije koji se doga\u0111a nakon berbe. <\/p>\n\n<p>Kao rezultat toga, hojicha zadr\u017eava mnoge blagodati zelenog \u010daja, poput promicanja opu\u0161tanja i ja\u010danja imunolo\u0161kog sustava.<\/p>\n\n<h2 class=\"wp-block-heading\">Razli\u010dite vrste Hojicha<\/h2>\n\n<p>Postoje razli\u010dite vrste hojicha. Njegova glavna karakteristika dolazi od dostupnosti i u prahu i u rastresitom li\u0161\u0107u. <\/p>\n\n<p>Osim toga, hojicha \u010desto dolazi u tri vrste u listovima (svijetlo pe\u010deno, srednje pe\u010deno, tamno pe\u010deno), a mo\u017ee se mije\u0161ati i s pr\u017eenom ri\u017eom, uzimaju\u0107i naziv hojicha genmai.  <\/p>\n<div class=\"wp-block-image\">\n<figure class=\"aligncenter size-large is-resized\"><img decoding=\"async\" width=\"1024\" height=\"683\" src=\"https:\/\/hojichawholesale.eu\/wp-content\/uploads\/2024\/10\/Depositphotos_565446018_L-1-1024x683.avif\" alt=\"\" class=\"wp-image-5577\" style=\"width:572px;height:auto\" srcset=\"https:\/\/hojichawholesale.eu\/wp-content\/uploads\/2024\/10\/Depositphotos_565446018_L-1-1024x683.avif 1024w, https:\/\/hojichawholesale.eu\/wp-content\/uploads\/2024\/10\/Depositphotos_565446018_L-1-300x200.avif 300w, https:\/\/hojichawholesale.eu\/wp-content\/uploads\/2024\/10\/Depositphotos_565446018_L-1-768x512.avif 768w, https:\/\/hojichawholesale.eu\/wp-content\/uploads\/2024\/10\/Depositphotos_565446018_L-1.avif 1200w\" sizes=\"(max-width: 1024px) 100vw, 1024px\" \/><\/figure>\n<\/div>\n<h2 class=\"wp-block-heading\"><strong>Koja se sorta koristi za Hojichu?<\/strong><\/h2>\n\n<p>Naj\u010de\u0161\u0107e kori\u0161tena sorta za Hojicha je Yabukita, iako se neke hojicha tako\u0111er prave od sorte Gokou.<\/p>\n\n<h2 class=\"wp-block-heading\">Kako se proizvodi Hojicha?<\/h2>\n\n<p>Hojicha zapo\u010dinje svoj proizvodni proces kao bancha ili sencha.  <\/p>\n\n<p>Nakon berbe, li\u0161\u0107e se podvrgava parenju, koje se naziva &#8220;shakeing&#8221;, kako bi se zaustavio proces oksidacije. Zatim se valjaju, su\u0161e i peku na temperaturi od 175\u00b0C do 350\u00b0C u porculanu. Tada bancha (ili sencha) postaje hojicha.  <\/p>\n\n<p>Dio se prera\u0111uje u prah, dok se ostatak pakira u li\u0161\u0107e.  <\/p>\n<div class=\"wp-block-image\">\n<figure class=\"aligncenter size-large is-resized\"><img decoding=\"async\" width=\"1024\" height=\"683\" src=\"https:\/\/hojichawholesale.eu\/wp-content\/uploads\/2024\/10\/Depositphotos_518442682_L-1-1024x683.avif\" alt=\"\" class=\"wp-image-5575\" style=\"width:484px;height:auto\" srcset=\"https:\/\/hojichawholesale.eu\/wp-content\/uploads\/2024\/10\/Depositphotos_518442682_L-1-1024x683.avif 1024w, https:\/\/hojichawholesale.eu\/wp-content\/uploads\/2024\/10\/Depositphotos_518442682_L-1-300x200.avif 300w, https:\/\/hojichawholesale.eu\/wp-content\/uploads\/2024\/10\/Depositphotos_518442682_L-1-768x512.avif 768w, https:\/\/hojichawholesale.eu\/wp-content\/uploads\/2024\/10\/Depositphotos_518442682_L-1.avif 1200w\" sizes=\"(max-width: 1024px) 100vw, 1024px\" \/><\/figure>\n<\/div>\n<h2 class=\"wp-block-heading\"><strong>Kako skuhati hojichu?<\/strong><\/h2>\n\n<p>U obliku lista, hojicha se kuha na temperaturama izme\u0111u 70\u00b0C i 80\u00b0C 2-3 minute.<\/p>\n\n<p>  80\u00b0C je po\u017eeljno ako je u obliku praha.  <\/p>\n\n<h2 class=\"wp-block-heading\"><strong>Povijest Hojiche<\/strong><\/h2>\n\n<p>Nitko ne zna odakle je hojicha do\u0161la. \u010cinilo se da se pojavio u Kyotu 1920-ih. <\/p>\n\n<p>Legenda ka\u017ee da je razvoj strojno ubranog \u010daja po\u010detkom 20. stolje\u0107a doveo do zna\u010dajnog rasipanja. Nepoznati trgovac odlu\u010dio je ispe\u0107i ovaj neupotrebljivi \u010daj kako bi ga spasio, izumiv\u0161i pritom hojichu. <\/p>\n<div class=\"wp-block-image\">\n<figure class=\"aligncenter size-large is-resized\"><img loading=\"lazy\" decoding=\"async\" width=\"1024\" height=\"683\" src=\"https:\/\/hojichawholesale.eu\/wp-content\/uploads\/2024\/10\/Depositphotos_535727240_L-1-1024x683.avif\" alt=\"\" class=\"wp-image-5576\" style=\"width:592px;height:auto\" srcset=\"https:\/\/hojichawholesale.eu\/wp-content\/uploads\/2024\/10\/Depositphotos_535727240_L-1-1024x683.avif 1024w, https:\/\/hojichawholesale.eu\/wp-content\/uploads\/2024\/10\/Depositphotos_535727240_L-1-300x200.avif 300w, https:\/\/hojichawholesale.eu\/wp-content\/uploads\/2024\/10\/Depositphotos_535727240_L-1-768x512.avif 768w, https:\/\/hojichawholesale.eu\/wp-content\/uploads\/2024\/10\/Depositphotos_535727240_L-1.avif 1200w\" sizes=\"(max-width: 1024px) 100vw, 1024px\" \/><\/figure>\n<\/div>\n<h2 class=\"wp-block-heading\"><strong>Zaklju\u010dak<\/strong><\/h2>\n\n<p>Hojicha je pr\u017eeni japanski zeleni \u010daj, dostupan u obliku praha i li\u0161\u0107a. S niskim udjelom kofeina, tradicionalno se konzumira nave\u010der. Njegova naran\u010dasta boja dolazi od pe\u010denja u porculanskom loncu nekoliko minuta, daju\u0107i mu karakteristi\u010dne okuse ora\u0161astih plodova, karamele ili \u010dokolade.  <\/p>\n\n<h2 class=\"wp-block-heading\">Zatra\u017eite uzorak<\/h2>\n\n<p>Zanimaju vas bogati, pr\u017eeni okusi na\u0161e vrhunske hojiche?  <\/p>\n\n<p>Samo ispunite svoje podatke u nastavku i poslat \u0107emo vam uzorak. Javite nam ako imate konkretne zahtjeve i rado \u0107emo prilagoditi na\u0161u ponudu va\u0161im poslovnim potrebama. <\/p>\n<div class=\"forminator-ui forminator-custom-form forminator-custom-form-1365 forminator-design--flat  forminator_ajax\" data-forminator-render=\"0\" data-form=\"forminator-module-1365\" data-uid=\"69d4427c69387\"><br\/><\/div><form\n\t\t\t\tid=\"forminator-module-1365\"\n\t\t\t\tclass=\"forminator-ui forminator-custom-form forminator-custom-form-1365 forminator-design--flat  forminator_ajax\"\n\t\t\t\tmethod=\"post\"\n\t\t\t\tdata-forminator-render=\"0\"\n\t\t\t\tdata-form-id=\"1365\"\n\t\t\t\t data-color-option=\"default\" data-design=\"flat\" data-grid=\"open\" style=\"display: none;\"\n\t\t\t\tdata-uid=\"69d4427c69387\"\n\t\t\t><div role=\"alert\" aria-live=\"polite\" class=\"forminator-response-message forminator-error\" aria-hidden=\"true\"><\/div><div class=\"forminator-row\"><div id=\"name-1\" class=\"forminator-field-name forminator-col forminator-col-6 \"><div class=\"forminator-field\"><input type=\"text\" name=\"name-1\" value=\"\" placeholder=\"First Name\" id=\"forminator-field-name-1_69d4427c69387\" class=\"forminator-input forminator-name--field\" aria-required=\"true\" autocomplete=\"name\" \/><\/div><\/div><div id=\"name-2\" class=\"forminator-field-name forminator-col forminator-col-6 \"><div class=\"forminator-field\"><input type=\"text\" name=\"name-2\" value=\"\" placeholder=\"Last Name\" id=\"forminator-field-name-2_69d4427c69387\" class=\"forminator-input forminator-name--field\" aria-required=\"true\" autocomplete=\"name\" \/><\/div><\/div><\/div><div class=\"forminator-row\"><div id=\"email-1\" class=\"forminator-field-email forminator-col forminator-col-12 \"><div class=\"forminator-field\"><input type=\"email\" name=\"email-1\" value=\"\" placeholder=\"Email\" id=\"forminator-field-email-1_69d4427c69387\" class=\"forminator-input forminator-email--field\" data-required=\"true\" aria-required=\"true\" autocomplete=\"email\" \/><\/div><\/div><\/div><div class=\"forminator-row\"><div id=\"phone-1\" class=\"forminator-field-phone forminator-col forminator-col-12 \"><div class=\"forminator-field\"><input type=\"text\" name=\"phone-1\" value=\"\" placeholder=\"Phone\" id=\"forminator-field-phone-1_69d4427c69387\" class=\"forminator-input forminator-field--phone\" data-required=\"\" aria-required=\"false\" autocomplete=\"off\" \/><\/div><\/div><\/div><div class=\"forminator-row\"><div id=\"textarea-1\" class=\"forminator-field-textarea forminator-col forminator-col-12 \"><div class=\"forminator-field\"><textarea name=\"textarea-1\" placeholder=\"Message\" id=\"forminator-field-textarea-1_69d4427c69387\" class=\"forminator-textarea\" rows=\"6\" style=\"min-height:140px;\" ><\/textarea><span id=\"forminator-field-textarea-1_69d4427c69387-description\" class=\"forminator-description\"><span data-limit=\"300\" data-type=\"words\" data-editor=\"\">0 \/ 300<\/span><\/span><\/div><\/div><\/div><div class=\"forminator-row\"><\/div><input type=\"hidden\" name=\"referer_url\" value=\"\" \/><div class=\"forminator-row forminator-row-last\"><div class=\"forminator-col\"><div class=\"forminator-field\"><button class=\"forminator-button forminator-button-submit\">Send<\/button><\/div><\/div><\/div><input type=\"hidden\" id=\"forminator_nonce\" name=\"forminator_nonce\" value=\"8ad7e0b691\" \/><input type=\"hidden\" name=\"_wp_http_referer\" value=\"\/hr\/wp-json\/wp\/v2\/pages\/8916\" \/><input type=\"hidden\" name=\"form_id\" value=\"1365\"><input type=\"hidden\" name=\"page_id\" value=\"8916\"><input type=\"hidden\" name=\"form_type\" value=\"default\"><input type=\"hidden\" name=\"current_url\" value=\"https:\/\/hojichawholesale.eu\/hr\/sto-je-hojicha\/\"><input type=\"hidden\" name=\"render_id\" value=\"0\"><input type=\"hidden\" name=\"action\" value=\"forminator_submit_form_custom-forms\"><label for=\"input_6\" class=\"forminator-hidden\" aria-hidden=\"true\">Please do not fill in this field. <input id=\"input_6\" type=\"text\" name=\"input_6\" value=\"\" autocomplete=\"off\"><\/label><\/form>\n","protected":false},"excerpt":{"rendered":"<p>\u0160to je Hojicha? Hojicha je japanski zeleni \u010daj koji se pr\u017ei u porculanu na temperaturama u rasponu od 175\u00b0C do 350\u00b0C. Ovaj proces pr\u017eenja daje mu prepoznatljive naran\u010daste tonove i smanjuje sadr\u017eaj kofeina i katehina. &#8220;Hoji&#8221; na japanskom zna\u010di &#8220;pr\u017eiti&#8221;, a &#8220;cha&#8221; zna\u010di \u010daj. Za\u0161to piti hojichu? Hojicha je tradicionalno japansko pi\u0107e koje se konzumira [&hellip;]<\/p>\n","protected":false},"author":1,"featured_media":8923,"parent":0,"menu_order":0,"comment_status":"closed","ping_status":"closed","template":"","meta":{"_surecart_dashboard_logo_width":"180px","_surecart_dashboard_show_logo":true,"_surecart_dashboard_navigation_orders":true,"_surecart_dashboard_navigation_invoices":true,"_surecart_dashboard_navigation_subscriptions":true,"_surecart_dashboard_navigation_downloads":true,"_surecart_dashboard_navigation_billing":true,"_surecart_dashboard_navigation_account":true,"footnotes":""},"class_list":["post-8916","page","type-page","status-publish","has-post-thumbnail","hentry","entry","has-media"],"mb":[],"mfb_rest_fields":["title","gutenberg_elementor_mode"],"_links":{"self":[{"href":"https:\/\/hojichawholesale.eu\/hr\/wp-json\/wp\/v2\/pages\/8916","targetHints":{"allow":["GET"]}}],"collection":[{"href":"https:\/\/hojichawholesale.eu\/hr\/wp-json\/wp\/v2\/pages"}],"about":[{"href":"https:\/\/hojichawholesale.eu\/hr\/wp-json\/wp\/v2\/types\/page"}],"author":[{"embeddable":true,"href":"https:\/\/hojichawholesale.eu\/hr\/wp-json\/wp\/v2\/users\/1"}],"replies":[{"embeddable":true,"href":"https:\/\/hojichawholesale.eu\/hr\/wp-json\/wp\/v2\/comments?post=8916"}],"version-history":[{"count":0,"href":"https:\/\/hojichawholesale.eu\/hr\/wp-json\/wp\/v2\/pages\/8916\/revisions"}],"wp:featuredmedia":[{"embeddable":true,"href":"https:\/\/hojichawholesale.eu\/hr\/wp-json\/wp\/v2\/media\/8923"}],"wp:attachment":[{"href":"https:\/\/hojichawholesale.eu\/hr\/wp-json\/wp\/v2\/media?parent=8916"}],"curies":[{"name":"wp","href":"https:\/\/api.w.org\/{rel}","templated":true}]}}