{"id":8675,"date":"2024-08-24T19:47:32","date_gmt":"2024-08-24T19:47:32","guid":{"rendered":"https:\/\/hojichawholesale.eu\/o-veleprodaji-hojicha\/"},"modified":"2026-03-06T16:47:05","modified_gmt":"2026-03-06T16:47:05","slug":"o-veleprodaji-hojicha","status":"publish","type":"page","link":"https:\/\/hojichawholesale.eu\/hr\/o-veleprodaji-hojicha\/","title":{"rendered":"O veleprodaji Hojicha"},"content":{"rendered":"\n<h1 class=\"wp-block-heading\">O veleprodaji Hojicha<\/h1>\n\n<p>Hojicha Wholesale je europski veletrgovac posve\u0107en japanskim hojicha.<\/p>\n\n<p>Na\u0161a misija je pru\u017eiti vrhunski hojicha \u010daj brendovima i tvrtkama u HORECA industriji. Uvozimo veleprodajne koli\u010dine premium hojiche od na\u0161ih pouzdanih dobavlja\u010da u Japanu i redistribuiramo ih diljem europskog kontinenta restoranima, hotelima, kafi\u0107ima i neovisnim \u010dajd\u017einicama. <\/p>\n\n<p>Nudimo vam tri jamstva:<\/p>\n\n<ol class=\"wp-block-list\">\n<li><strong>Nizak MOQ:<\/strong> bilo da ste etablirana tvrtka koja ima potrebe za stotinama vre\u0107ica ili mali neovisni kafi\u0107 koji tek po\u010dinje, Hojicha Wholesale prilago\u0111ava se va\u0161im potrebama s istom kvalitetom usluge na razini poduze\u0107a.  <\/li>\n\n\n\n<li><strong>Odziv i usluga<\/strong>: brzo \u0161aljemo i nudimo \u0161iroku lepezu na\u010dina dostave.  <\/li>\n\n\n\n<li><strong>Ljubazna korisni\u010dka podr\u0161ka: <\/strong>dostupni smo 365 dana u godini.  <\/li>\n<\/ol>\n\n<h2 class=\"wp-block-heading\"><strong>Na\u0161i proizvodi<\/strong><\/h2>\n\n<p>Nudimo pa\u017eljivo odabran izbor sorti hojiche, od kojih svaka dolazi izravno od najboljih uzgajiva\u010da \u010daja.  <\/p>\n\n<p>Prona\u0111ite na\u0161e proizvode izravno u <a href=\"https:\/\/hojichawholesale.eu\/hr\/kupujte-surecart\/\" data-type=\"link\" data-id=\"https:\/\/hojichawholesale.eu\/shop\/\">na\u0161em katalogu<\/a>.<\/p>\n\n<h2 class=\"wp-block-heading\"><strong>Za\u0161to odabrati nas?<\/strong><\/h2>\n\n<ul class=\"wp-block-list\">\n<li><strong>Kvaliteta na prvom mjestu:<\/strong> Isporu\u010dujemo najkvalitetniju hojichu. Svaka serija je rigorozno testirana kako bi se osigurala konzistencija i okus. <\/li>\n\n\n\n<li><strong>Izravna nabava:<\/strong> Blisko sura\u0111ujemo s na\u0161im dobavlja\u010dima kako bismo vam donijeli hojichu koja odra\u017eava autenti\u010dni okus Japana.<\/li>\n\n\n\n<li><strong>Prilago\u0111ena rje\u0161enja:<\/strong> Bilo da vodite mali kafi\u0107 ili veliki hotelski lanac, nudimo prilago\u0111ena rje\u0161enja koja zadovoljavaju va\u0161e specifi\u010dne potrebe.  <\/li>\n\n\n\n<li><strong>Pouzdana distribucija:<\/strong> Idealno smo pozicionirani za pru\u017eanje usluga klijentima diljem cijelog europskog kontinenta. Na\u0161a logistika osigurava pravovremene isporuke, tako da nikada ne ostanete bez zaliha. <\/li>\n<\/ul>\n\n<h2 class=\"wp-block-heading\">Gdje se nalazimo?<\/h2>\n\n<p>Nalazimo se u Belgiji.<\/p>\n\n<h2 class=\"wp-block-heading\">Koja je va\u0161a povijest?<\/h2>\n\n<p>Hojicha Wholesale zapo\u010deo je kada se Aure, osniva\u010d, borio da prona\u0111e pouzdanog dobavlja\u010da hojicha za svoju maloprodajnu \u010dajnicu <a href=\"https:\/\/senchatea.be\/\" target=\"_blank\" rel=\"noopener\">senchatea.be<\/a>.<\/p>\n\n<p>Hojicha je jedan od najva\u017enijih trendova u japanskoj industriji \u010daja. \u017delimo ovaj fantasti\u010dan i svestran \u010daj u\u010diniti brzo dostupnim kafi\u0107ima, hotelima, restoranima i \u010dajnicama diljem Europe, a da oni ne moraju naru\u010divati velike koli\u010dine.   <\/p>\n\n<h2 class=\"wp-block-heading\">Zatra\u017eite uzorak<\/h2>\n\n<p>Zanimaju vas bogati, pr\u017eeni okusi na\u0161e vrhunske hojiche?  <\/p>\n\n<p>Samo ispunite svoje podatke u nastavku i poslat \u0107emo vam uzorak. Javite nam ako imate konkretne zahtjeve i rado \u0107emo prilagoditi na\u0161u ponudu va\u0161im poslovnim potrebama. <\/p>\n<div class=\"forminator-ui forminator-custom-form forminator-custom-form-1365 forminator-design--flat  forminator_ajax\" data-forminator-render=\"0\" data-form=\"forminator-module-1365\" data-uid=\"69d4427bda4c9\"><br\/><\/div><form\n\t\t\t\tid=\"forminator-module-1365\"\n\t\t\t\tclass=\"forminator-ui forminator-custom-form forminator-custom-form-1365 forminator-design--flat  forminator_ajax\"\n\t\t\t\tmethod=\"post\"\n\t\t\t\tdata-forminator-render=\"0\"\n\t\t\t\tdata-form-id=\"1365\"\n\t\t\t\t data-color-option=\"default\" data-design=\"flat\" data-grid=\"open\" style=\"display: none;\"\n\t\t\t\tdata-uid=\"69d4427bda4c9\"\n\t\t\t><div role=\"alert\" aria-live=\"polite\" class=\"forminator-response-message forminator-error\" aria-hidden=\"true\"><\/div><div class=\"forminator-row\"><div id=\"name-1\" class=\"forminator-field-name forminator-col forminator-col-6 \"><div class=\"forminator-field\"><input type=\"text\" name=\"name-1\" value=\"\" placeholder=\"First Name\" id=\"forminator-field-name-1_69d4427bda4c9\" class=\"forminator-input forminator-name--field\" aria-required=\"true\" autocomplete=\"name\" \/><\/div><\/div><div id=\"name-2\" class=\"forminator-field-name forminator-col forminator-col-6 \"><div class=\"forminator-field\"><input type=\"text\" name=\"name-2\" value=\"\" placeholder=\"Last Name\" id=\"forminator-field-name-2_69d4427bda4c9\" class=\"forminator-input forminator-name--field\" aria-required=\"true\" autocomplete=\"name\" \/><\/div><\/div><\/div><div class=\"forminator-row\"><div id=\"email-1\" class=\"forminator-field-email forminator-col forminator-col-12 \"><div class=\"forminator-field\"><input type=\"email\" name=\"email-1\" value=\"\" placeholder=\"Email\" id=\"forminator-field-email-1_69d4427bda4c9\" class=\"forminator-input forminator-email--field\" data-required=\"true\" aria-required=\"true\" autocomplete=\"email\" \/><\/div><\/div><\/div><div class=\"forminator-row\"><div id=\"phone-1\" class=\"forminator-field-phone forminator-col forminator-col-12 \"><div class=\"forminator-field\"><input type=\"text\" name=\"phone-1\" value=\"\" placeholder=\"Phone\" id=\"forminator-field-phone-1_69d4427bda4c9\" class=\"forminator-input forminator-field--phone\" data-required=\"\" aria-required=\"false\" autocomplete=\"off\" \/><\/div><\/div><\/div><div class=\"forminator-row\"><div id=\"textarea-1\" class=\"forminator-field-textarea forminator-col forminator-col-12 \"><div class=\"forminator-field\"><textarea name=\"textarea-1\" placeholder=\"Message\" id=\"forminator-field-textarea-1_69d4427bda4c9\" class=\"forminator-textarea\" rows=\"6\" style=\"min-height:140px;\" ><\/textarea><span id=\"forminator-field-textarea-1_69d4427bda4c9-description\" class=\"forminator-description\"><span data-limit=\"300\" data-type=\"words\" data-editor=\"\">0 \/ 300<\/span><\/span><\/div><\/div><\/div><div class=\"forminator-row\"><\/div><input type=\"hidden\" name=\"referer_url\" value=\"\" \/><div class=\"forminator-row forminator-row-last\"><div class=\"forminator-col\"><div class=\"forminator-field\"><button class=\"forminator-button forminator-button-submit\">Send<\/button><\/div><\/div><\/div><input type=\"hidden\" id=\"forminator_nonce\" name=\"forminator_nonce\" value=\"8ad7e0b691\" \/><input type=\"hidden\" name=\"_wp_http_referer\" value=\"\/hr\/wp-json\/wp\/v2\/pages\/8675\" \/><input type=\"hidden\" name=\"form_id\" value=\"1365\"><input type=\"hidden\" name=\"page_id\" value=\"8675\"><input type=\"hidden\" name=\"form_type\" value=\"default\"><input type=\"hidden\" name=\"current_url\" value=\"https:\/\/hojichawholesale.eu\/hr\/o-veleprodaji-hojicha\/\"><input type=\"hidden\" name=\"render_id\" value=\"0\"><input type=\"hidden\" name=\"action\" value=\"forminator_submit_form_custom-forms\"><label for=\"input_6\" class=\"forminator-hidden\" aria-hidden=\"true\">Please do not fill in this field. <input id=\"input_6\" type=\"text\" name=\"input_6\" value=\"\" autocomplete=\"off\"><\/label><\/form>\n\n<p><\/p>\n","protected":false},"excerpt":{"rendered":"<p>O veleprodaji Hojicha Hojicha Wholesale je europski veletrgovac posve\u0107en japanskim hojicha. Na\u0161a misija je pru\u017eiti vrhunski hojicha \u010daj brendovima i tvrtkama u HORECA industriji. Uvozimo veleprodajne koli\u010dine premium hojiche od na\u0161ih pouzdanih dobavlja\u010da u Japanu i redistribuiramo ih diljem europskog kontinenta restoranima, hotelima, kafi\u0107ima i neovisnim \u010dajd\u017einicama. Nudimo vam tri jamstva: Na\u0161i proizvodi Nudimo pa\u017eljivo [&hellip;]<\/p>\n","protected":false},"author":1,"featured_media":0,"parent":0,"menu_order":0,"comment_status":"closed","ping_status":"closed","template":"","meta":{"_surecart_dashboard_logo_width":"180px","_surecart_dashboard_show_logo":true,"_surecart_dashboard_navigation_orders":true,"_surecart_dashboard_navigation_invoices":true,"_surecart_dashboard_navigation_subscriptions":true,"_surecart_dashboard_navigation_downloads":true,"_surecart_dashboard_navigation_billing":true,"_surecart_dashboard_navigation_account":true,"footnotes":""},"class_list":["post-8675","page","type-page","status-publish","hentry","entry"],"mb":[],"mfb_rest_fields":["title","gutenberg_elementor_mode"],"_links":{"self":[{"href":"https:\/\/hojichawholesale.eu\/hr\/wp-json\/wp\/v2\/pages\/8675","targetHints":{"allow":["GET"]}}],"collection":[{"href":"https:\/\/hojichawholesale.eu\/hr\/wp-json\/wp\/v2\/pages"}],"about":[{"href":"https:\/\/hojichawholesale.eu\/hr\/wp-json\/wp\/v2\/types\/page"}],"author":[{"embeddable":true,"href":"https:\/\/hojichawholesale.eu\/hr\/wp-json\/wp\/v2\/users\/1"}],"replies":[{"embeddable":true,"href":"https:\/\/hojichawholesale.eu\/hr\/wp-json\/wp\/v2\/comments?post=8675"}],"version-history":[{"count":0,"href":"https:\/\/hojichawholesale.eu\/hr\/wp-json\/wp\/v2\/pages\/8675\/revisions"}],"wp:attachment":[{"href":"https:\/\/hojichawholesale.eu\/hr\/wp-json\/wp\/v2\/media?parent=8675"}],"curies":[{"name":"wp","href":"https:\/\/api.w.org\/{rel}","templated":true}]}}