{"id":7364,"date":"2024-12-11T21:40:39","date_gmt":"2024-12-11T21:40:39","guid":{"rendered":"https:\/\/hojichawholesale.eu\/hojicha-en-marque-blanche\/"},"modified":"2026-04-13T14:40:11","modified_gmt":"2026-04-13T14:40:11","slug":"hojicha-en-marque-blanche","status":"publish","type":"page","link":"https:\/\/hojichawholesale.eu\/fr\/hojicha-en-marque-blanche\/","title":{"rendered":"Hojicha en marque blanche"},"content":{"rendered":"\n<h1 class=\"wp-block-heading\">Hojicha en marque blanche<\/h1>\n\n<p>Pr\u00eat \u00e0 lancer votre propre marque de th\u00e9 ou \u00e0 \u00e9largir votre gamme de produits ? Nous proposons une <a href=\"https:\/\/doypacked.eu\/\" target=\"_blank\" rel=\"noopener\">suite de production compl\u00e8te<\/a> pour faire passer votre produit de l\u2019ingr\u00e9dient brut \u00e0 un chef-d\u2019\u0153uvre pr\u00eat \u00e0 sortir, \u00e9quip\u00e9 pour g\u00e9rer chaque \u00e9tape du parcours de votre marque : <\/p>\n\n<h3 class=\"wp-block-heading\">1. Approvisionnement expert<\/h3>\n\n<p>Nous faisons le lien entre les plantations de th\u00e9 japonaises et votre entreprise. Nous nous procurons directement au Japon des feuilles et poudres de Hojicha authentiques et de haute qualit\u00e9, garantissant un go\u00fbt constant et une qualit\u00e9 sup\u00e9rieure pour vos clients. <\/p>\n\n<h3 class=\"wp-block-heading\">2. Recette personnalis\u00e9e et m\u00e9lange en poudre<\/h3>\n\n<p>Vous avez une vision unique ? Nous pouvons cr\u00e9er des m\u00e9langes personnalis\u00e9s adapt\u00e9s \u00e0 votre marque. Que vous souhaitiez m\u00e9langer du Hojicha avec des ingr\u00e9dients fonctionnels, des saveurs ou des \u00e9dulcorants, nous pouvons mixer avec pr\u00e9cision n\u2019importe quelle recette dont vous avez besoin.  <\/p>\n\n<h3 class=\"wp-block-heading\">3. Emballage professionnel et \u00e9tiquetage<\/h3>\n\n<p>Nous proposons des options d\u2019emballage flexible adapt\u00e9es \u00e0 l\u2019esth\u00e9tique de votre marque :<\/p>\n\n<ul class=\"wp-block-list\">\n<li><strong>Doypacks :<\/strong> Des pochettes modernes debout disponibles avec une impression ou <strong>une application d\u2019\u00e9tiquettes<\/strong> <strong>personnalis\u00e9e<\/strong> de haute qualit\u00e9.<\/li>\n\n\n\n<li><strong>Conserves :<\/strong> Des bo\u00eetes m\u00e9talliques premium et durables pour une sensation de luxe, finies avec une \u00e9tiquette experte collante pour un look propre et professionnel.<\/li>\n<\/ul>\n\n<h3 class=\"wp-block-heading\">4. Conservation de la fra\u00eecheur (rin\u00e7age \u00e0 l\u2019azote)<\/h3>\n\n<p>Pour que votre Hojicha ait le go\u00fbt aussi frais que le jour de sa torr\u00e9faction, nous proposons un <strong>rin\u00e7age \u00e0 l\u2019azote<\/strong>. En rempla\u00e7ant l\u2019oxyg\u00e8ne par de l\u2019azote de qualit\u00e9 alimentaire lors du processus de scellement, nous prolongeons consid\u00e9rablement la dur\u00e9e de conservation et pr\u00e9servons l\u2019ar\u00f4me d\u00e9licat et la saveur vibrante de votre th\u00e9. <\/p>\n\n<h2 class=\"wp-block-heading\"><strong>Pourquoi mettre votre Hojicha en marque blanche ?<\/strong><\/h2>\n\n<ul class=\"wp-block-list\">\n<li><strong>Accent sur la croissance :<\/strong> D\u00e9l\u00e9guez-nous l\u2019approvisionnement et la production afin de pouvoir vous concentrer enti\u00e8rement sur le marketing et les ventes. Nous g\u00e9rons la logistique ; Tu construis la marque. <\/li>\n\n\n\n<li><strong>Contr\u00f4le cr\u00e9atif total :<\/strong> Du profil de torr\u00e9faction sp\u00e9cifique de la poudre \u00e0 l\u2019esth\u00e9tique finale de l\u2019emballage, nous r\u00e9alisons votre vision dans les moindres d\u00e9tails.<\/li>\n\n\n\n<li><strong>Op\u00e9rations depuis votre bureau :<\/strong> Que vous ciblez Amazon FBA ou les grands supermarch\u00e9s, nous g\u00e9rons la cha\u00eene d\u2019approvisionnement et exp\u00e9dions directement \u00e0 vos centres d\u00e9sign\u00e9s.<\/li>\n\n\n\n<li><strong>Naviguez facilement dans les r\u00e9glementations :<\/strong> La conformit\u00e9 alimentaire est complexe et co\u00fbteuse. \u00c9vitez les soucis r\u00e9glementaires en tirant parti de nos processus certifi\u00e9s et simplifi\u00e9s. <\/li>\n<\/ul>\n\n<p><strong>L\u2019avantage du service complet<\/strong> : La plupart des grossistes en th\u00e9 s\u2019arr\u00eatent au sachet de 1 kg. Cela oblige les marques \u00e0 trouver un co-emballeur secondaire, ce qui augmente les d\u00e9lais de livraison et r\u00e9duit les marges b\u00e9n\u00e9ficiaires. Nous sommes diff\u00e9rents : nous traitons tout, de l\u2019approvisionnement en gros aux bo\u00eetes de 50g pr\u00eates \u00e0 la vente en magasin ou des doypacks.  <\/p>\n\n<h2 class=\"wp-block-heading\"><strong>Le processus de marque blanche : \u00e9tape par \u00e9tape<\/strong><\/h2>\n\n<ol class=\"wp-block-list\">\n<li><strong>Choisissez votre th\u00e9 :<\/strong> Nous proposons une large gamme de th\u00e9s parmi lesquels vous pouvez choisir.<\/li>\n\n\n\n<li><strong>Choisissez l\u2019emballage :<\/strong> Doypacks ou bo\u00eetes de conserve, vierges ou imprim\u00e9es, \u00e9tiquet\u00e9es ou non, nous avons une gamme d\u2019options flexibles pour que vous vous sentiez bien dans votre marque et votre produit.<\/li>\n\n\n\n<li><strong>Commencez \u00e0 vendre :<\/strong> Une fois votre image de marque en place, vous \u00eates pr\u00eat \u00e0 pr\u00e9senter un hojicha haut de gamme de marque priv\u00e9e \u00e0 vos clients, ce qui le rend unique.<\/li>\n<\/ol>\n\n<h2 class=\"wp-block-heading\"><strong>Pourquoi s\u2019associer \u00e0 Hojicha Wholesale ?<\/strong><\/h2>\n\n<ul class=\"wp-block-list\">\n<li><strong>Approvisionnement expert :<\/strong> Nous avons \u00e9tabli des partenariats solides avec des cultivateurs et des producteurs de th\u00e9 exp\u00e9riment\u00e9s au Japon, garantissant une qualit\u00e9 et un approvisionnement constants.<\/li>\n\n\n\n<li><strong>Int\u00e9gration facile :<\/strong> Nos solutions en marque blanche sont con\u00e7ues dans la simplicit\u00e9. Pas de processus compliqu\u00e9s, il suffit d\u2019ajouter les \u00e9l\u00e9ments de votre marque et de commencer \u00e0 vendre. <\/li>\n\n\n\n<li><strong>Soutien d\u00e9di\u00e9 :<\/strong> Nous sommes l\u00e0 pour vous accompagner \u00e0 chaque \u00e9tape, des premi\u00e8res demandes de commande au support apr\u00e8s-vente.<\/li>\n<\/ul>\n\n<h2 class=\"wp-block-heading\"><strong>Pr\u00eat \u00e0 commencer\u00a0?<\/strong><\/h2>\n\n<p>Contactez-nous d\u00e8s aujourd\u2019hui pour demander un devis, en savoir plus sur nos niveaux de prix et commencer le processus de marque blanche. Nous serons heureux de vous aider \u00e0 d\u00e9marrer\u00a0! <\/p>\n<div class=\"forminator-ui forminator-custom-form forminator-custom-form-1365 forminator-design--flat  forminator_ajax\" data-forminator-render=\"0\" data-form=\"forminator-module-1365\" data-uid=\"69ddf8881c688\"><br\/><\/div><form\n\t\t\t\tid=\"forminator-module-1365\"\n\t\t\t\tclass=\"forminator-ui forminator-custom-form forminator-custom-form-1365 forminator-design--flat  forminator_ajax\"\n\t\t\t\tmethod=\"post\"\n\t\t\t\tdata-forminator-render=\"0\"\n\t\t\t\tdata-form-id=\"1365\"\n\t\t\t\t data-color-option=\"default\" data-design=\"flat\" data-grid=\"open\" style=\"display: none;\"\n\t\t\t\tdata-uid=\"69ddf8881c688\"\n\t\t\t><div role=\"alert\" aria-live=\"polite\" class=\"forminator-response-message forminator-error\" aria-hidden=\"true\"><\/div><div class=\"forminator-row\"><div id=\"name-1\" class=\"forminator-field-name forminator-col forminator-col-6 \"><div class=\"forminator-field\"><input type=\"text\" name=\"name-1\" value=\"\" placeholder=\"First Name\" id=\"forminator-field-name-1_69ddf8881c688\" class=\"forminator-input forminator-name--field\" aria-required=\"true\" autocomplete=\"name\" \/><\/div><\/div><div id=\"name-2\" class=\"forminator-field-name forminator-col forminator-col-6 \"><div class=\"forminator-field\"><input type=\"text\" name=\"name-2\" value=\"\" placeholder=\"Last Name\" id=\"forminator-field-name-2_69ddf8881c688\" class=\"forminator-input forminator-name--field\" aria-required=\"true\" autocomplete=\"name\" \/><\/div><\/div><\/div><div class=\"forminator-row\"><div id=\"email-1\" class=\"forminator-field-email forminator-col forminator-col-12 \"><div class=\"forminator-field\"><input type=\"email\" name=\"email-1\" value=\"\" placeholder=\"Email\" id=\"forminator-field-email-1_69ddf8881c688\" class=\"forminator-input forminator-email--field\" data-required=\"true\" aria-required=\"true\" autocomplete=\"email\" \/><\/div><\/div><\/div><div class=\"forminator-row\"><div id=\"phone-1\" class=\"forminator-field-phone forminator-col forminator-col-12 \"><div class=\"forminator-field\"><input type=\"text\" name=\"phone-1\" value=\"\" placeholder=\"Phone\" id=\"forminator-field-phone-1_69ddf8881c688\" class=\"forminator-input forminator-field--phone\" data-required=\"\" aria-required=\"false\" autocomplete=\"off\" \/><\/div><\/div><\/div><div class=\"forminator-row\"><div id=\"textarea-1\" class=\"forminator-field-textarea forminator-col forminator-col-12 \"><div class=\"forminator-field\"><textarea name=\"textarea-1\" placeholder=\"Message\" id=\"forminator-field-textarea-1_69ddf8881c688\" class=\"forminator-textarea\" rows=\"6\" style=\"min-height:140px;\" ><\/textarea><span id=\"forminator-field-textarea-1_69ddf8881c688-description\" class=\"forminator-description\"><span data-limit=\"300\" data-type=\"words\" data-editor=\"\">0 \/ 300<\/span><\/span><\/div><\/div><\/div><div class=\"forminator-row\"><\/div><input type=\"hidden\" name=\"referer_url\" value=\"\" \/><div class=\"forminator-row forminator-row-last\"><div class=\"forminator-col\"><div class=\"forminator-field\"><button class=\"forminator-button forminator-button-submit\">Send<\/button><\/div><\/div><\/div><input type=\"hidden\" id=\"forminator_nonce\" name=\"forminator_nonce\" value=\"452b8d24f4\" \/><input type=\"hidden\" name=\"_wp_http_referer\" value=\"\/fr\/wp-json\/wp\/v2\/pages\/7364\" \/><input type=\"hidden\" name=\"form_id\" value=\"1365\"><input type=\"hidden\" name=\"page_id\" value=\"7364\"><input type=\"hidden\" name=\"form_type\" value=\"default\"><input type=\"hidden\" name=\"current_url\" value=\"https:\/\/hojichawholesale.eu\/fr\/hojicha-en-marque-blanche\/\"><input type=\"hidden\" name=\"render_id\" value=\"0\"><input type=\"hidden\" name=\"action\" value=\"forminator_submit_form_custom-forms\"><label for=\"input_6\" class=\"forminator-hidden\" aria-hidden=\"true\">Veuillez ne pas remplir ce champ. <input id=\"input_6\" type=\"text\" name=\"input_6\" value=\"\" autocomplete=\"off\"><\/label><\/form>\n","protected":false},"excerpt":{"rendered":"<p>Hojicha en marque blanche Pr\u00eat \u00e0 lancer votre propre marque de th\u00e9 ou \u00e0 \u00e9largir votre gamme de produits ? Nous proposons une suite de production compl\u00e8te pour faire passer votre produit de l\u2019ingr\u00e9dient brut \u00e0 un chef-d\u2019\u0153uvre pr\u00eat \u00e0 sortir, \u00e9quip\u00e9 pour g\u00e9rer chaque \u00e9tape du parcours de votre marque : 1. Approvisionnement expert [&hellip;]<\/p>\n","protected":false},"author":1,"featured_media":7306,"parent":0,"menu_order":0,"comment_status":"closed","ping_status":"closed","template":"","meta":{"_surecart_dashboard_logo_width":"180px","_surecart_dashboard_show_logo":true,"_surecart_dashboard_navigation_orders":true,"_surecart_dashboard_navigation_invoices":true,"_surecart_dashboard_navigation_subscriptions":true,"_surecart_dashboard_navigation_downloads":true,"_surecart_dashboard_navigation_billing":true,"_surecart_dashboard_navigation_account":true,"footnotes":""},"class_list":["post-7364","page","type-page","status-publish","has-post-thumbnail","hentry","entry","has-media"],"mb":[],"mfb_rest_fields":["title","gutenberg_elementor_mode"],"_links":{"self":[{"href":"https:\/\/hojichawholesale.eu\/fr\/wp-json\/wp\/v2\/pages\/7364","targetHints":{"allow":["GET"]}}],"collection":[{"href":"https:\/\/hojichawholesale.eu\/fr\/wp-json\/wp\/v2\/pages"}],"about":[{"href":"https:\/\/hojichawholesale.eu\/fr\/wp-json\/wp\/v2\/types\/page"}],"author":[{"embeddable":true,"href":"https:\/\/hojichawholesale.eu\/fr\/wp-json\/wp\/v2\/users\/1"}],"replies":[{"embeddable":true,"href":"https:\/\/hojichawholesale.eu\/fr\/wp-json\/wp\/v2\/comments?post=7364"}],"version-history":[{"count":0,"href":"https:\/\/hojichawholesale.eu\/fr\/wp-json\/wp\/v2\/pages\/7364\/revisions"}],"wp:featuredmedia":[{"embeddable":true,"href":"https:\/\/hojichawholesale.eu\/fr\/wp-json\/wp\/v2\/media\/7306"}],"wp:attachment":[{"href":"https:\/\/hojichawholesale.eu\/fr\/wp-json\/wp\/v2\/media?parent=7364"}],"curies":[{"name":"wp","href":"https:\/\/api.w.org\/{rel}","templated":true}]}}