{"id":6059,"date":"2024-10-12T11:59:06","date_gmt":"2024-10-12T11:59:06","guid":{"rendered":"https:\/\/hojichawholesale.eu\/pourquoi-vendre-de-lhojicha\/"},"modified":"2024-10-13T15:47:32","modified_gmt":"2024-10-13T15:47:32","slug":"pourquoi-vendre-de-lhojicha","status":"publish","type":"page","link":"https:\/\/hojichawholesale.eu\/fr\/pourquoi-vendre-de-lhojicha\/","title":{"rendered":"Pourquoi vendre de l&rsquo;hojicha ?"},"content":{"rendered":"\n<h1 class=\"wp-block-heading\">Pourquoi vendre de l&rsquo;hojicha ?<\/h1>\n\n<p>L&rsquo;hojicha, un th\u00e9 vert torr\u00e9fi\u00e9 japonais, a rapidement gagn\u00e9 en popularit\u00e9 ces derni\u00e8res ann\u00e9es. <\/p>\n\n<figure class=\"wp-block-image size-large\"><img fetchpriority=\"high\" decoding=\"async\" width=\"1024\" height=\"544\" src=\"https:\/\/hojichawholesale.eu\/wp-content\/uploads\/2024\/10\/hojicha-trends-1-1024x544.avif\" alt=\"\" class=\"wp-image-5519\" srcset=\"https:\/\/hojichawholesale.eu\/wp-content\/uploads\/2024\/10\/hojicha-trends-1-1024x544.avif 1024w, https:\/\/hojichawholesale.eu\/wp-content\/uploads\/2024\/10\/hojicha-trends-1-300x159.avif 300w, https:\/\/hojichawholesale.eu\/wp-content\/uploads\/2024\/10\/hojicha-trends-1-768x408.avif 768w, https:\/\/hojichawholesale.eu\/wp-content\/uploads\/2024\/10\/hojicha-trends-1-1536x816.avif 1536w, https:\/\/hojichawholesale.eu\/wp-content\/uploads\/2024\/10\/hojicha-trends-1.avif 1892w\" sizes=\"(max-width: 1024px) 100vw, 1024px\" \/><\/figure>\n\n<figure class=\"wp-block-image size-large\"><img decoding=\"async\" width=\"1024\" height=\"412\" src=\"https:\/\/hojichawholesale.eu\/wp-content\/uploads\/2024\/10\/hojicha-trends-countries-1024x412.avif\" alt=\"\" class=\"wp-image-5459\" srcset=\"https:\/\/hojichawholesale.eu\/wp-content\/uploads\/2024\/10\/hojicha-trends-countries-1024x412.avif 1024w, https:\/\/hojichawholesale.eu\/wp-content\/uploads\/2024\/10\/hojicha-trends-countries-300x121.avif 300w, https:\/\/hojichawholesale.eu\/wp-content\/uploads\/2024\/10\/hojicha-trends-countries-768x309.avif 768w, https:\/\/hojichawholesale.eu\/wp-content\/uploads\/2024\/10\/hojicha-trends-countries-1536x618.avif 1536w, https:\/\/hojichawholesale.eu\/wp-content\/uploads\/2024\/10\/hojicha-trends-countries.avif 1873w\" sizes=\"(max-width: 1024px) 100vw, 1024px\" \/><\/figure>\n\n<p>Avec son profil de saveur distinctif, son attrait croissant pour la sant\u00e9 et sa polyvalence, il s\u2019agit d\u2019une proposition nouvelle et convaincante pour vos clients. <\/p>\n\n<p>Voici pourquoi vous devriez envisager d\u2019ajouter l&rsquo;hojicha \u00e0 votre menu.<\/p>\n\n<h2 class=\"wp-block-heading\">1. Profil de saveur unique<\/h2>\n\n<p>L&rsquo;hojicha se distingue par sa saveur chaude et torr\u00e9fi\u00e9e, qui le diff\u00e9rencie des autres th\u00e9s japonais comme le matcha ou le sencha. <\/p>\n\n<p>Le processus de torr\u00e9faction lui donne un go\u00fbt grill\u00e9, l\u00e9g\u00e8rement noisette avec une pointe de douceur caram\u00e9lis\u00e9e, ce qui en fait un choix attrayant pour les clients \u00e0 la recherche de quelque chose de diff\u00e9rent. <\/p>\n\n<p>Son absence d\u2019amertume et sa faible teneur en caf\u00e9ine (due \u00e0 la torr\u00e9faction) en font une option universelle et familiale. <\/p>\n\n<p>Faible en sucre mais d\u00e9licieuse, c\u2019est une boisson pour tout le monde. <\/p>\n\n<h2 class=\"wp-block-heading\">2. Avantages pour la sant\u00e9<\/h2>\n\n<p>L&rsquo;hojicha, comme les autres th\u00e9s verts, conserve de nombreux avantages pour la sant\u00e9, m\u00eame apr\u00e8s la torr\u00e9faction. <\/p>\n\n<p>Il est riche en antioxydants, qui sont connus pour leur r\u00f4le dans la r\u00e9duction de l\u2019inflammation et la promotion du bien-\u00eatre g\u00e9n\u00e9ral. La faible teneur en caf\u00e9ine le rend adapt\u00e9 aux personnes qui cherchent \u00e0 r\u00e9duire leur consommation tout en profitant des propri\u00e9t\u00e9s calmantes et b\u00e9n\u00e9fiques du th\u00e9.  <\/p>\n\n<h2 class=\"wp-block-heading\">3. Polyvalence dans les applications culinaires<\/h2>\n\n<p>L&rsquo;hojicha est disponible sous forme de feuilles libres ou de poudre.<\/p>\n\n<p>Cette polyvalence est rare parmi les th\u00e9s japonais. <\/p>\n\n<p>L&rsquo;hojicha peut \u00eatre servi chaud ou froid, dans du th\u00e9 ou dans un caf\u00e9 au lait, et peut \u00eatre cuit dans du pain, des biscuits et des g\u00e2teaux. <\/p>\n\n<p>Il peut \u00e9galement \u00eatre utilis\u00e9 comme saveur de cr\u00e8me glac\u00e9e. <\/p>\n\n<p>Ses go\u00fbts torr\u00e9fi\u00e9s et terreux en font un ingr\u00e9dient passionnant \u00e0 utiliser dans presque toutes les recettes. <\/p>\n\n<h2 class=\"wp-block-heading\">4. Popularit\u00e9 mondiale croissante<\/h2>\n\n<p>La popularit\u00e9 de l&rsquo;hojicha ne se limite plus au Japon. <\/p>\n\n<p>Les buveurs de th\u00e9 internationaux deviennent de plus en plus aventureux, cherchant \u00e0 explorer de nouvelles saveurs et traditions culturelles du th\u00e9. Au fur et \u00e0 mesure que la notori\u00e9t\u00e9 de l&rsquo;hojicha augmente, la demande du march\u00e9 augmente \u00e9galement. <\/p>\n\n<p>En \u00e9tant parmi les premiers vendeurs de hojicha, vous vous positionnez \u00e0 l\u2019avant-garde d\u2019une tendance mondiale en expansion qui ne montre aucun signe de ralentissement.  <\/p>\n\n<p>Vous positionnez \u00e9galement votre entreprise comme diff\u00e9rente et plus tendance que la concurrence. <\/p>\n\n<h2 class=\"wp-block-heading\">5. Facile \u00e0 commercialiser<\/h2>\n\n<p>La nature du produit vous offre un large \u00e9ventail d&rsquo;angles \u00e0 utiliser dans votre marketing, qu&rsquo;il s&rsquo;agisse d&rsquo;une boisson japonaise raffin\u00e9e ou d&rsquo;une boisson b\u00e9n\u00e9fique pour la sant\u00e9. <\/p>\n\n<p>Son faible co\u00fbt de production vous permet de contr\u00f4ler pleinement vos marges b\u00e9n\u00e9ficiaires. <\/p>\n\n<h2 class=\"wp-block-heading\">Conclusion<\/h2>\n\n<p>En tant que principal th\u00e9 japonais en plein essor, l&rsquo;hojicha est un incontournable pour les caf\u00e9s, les h\u00f4tels, les restaurants et les magasins de th\u00e9 au d\u00e9tail qui souhaitent offrir \u00e0 leurs clients une gamme de produits diff\u00e9rents. <\/p>\n\n<p>Les bienfaits pour la sant\u00e9 de l&rsquo;hojicha, son profil de saveur riche et sa demande croissante en font un atout strat\u00e9gique pour les d\u00e9taillants et les \u00e9tablissements de restauration.<\/p>\n\n<p>Que vos clients soient des buveurs de th\u00e9 chevronn\u00e9s ou des novices dans le domaine des th\u00e9s japonais, l&rsquo;hojicha est s\u00fbr de se d\u00e9marquer comme un produit avec beaucoup d&rsquo;attrait.<\/p>\n\n<h2 class=\"wp-block-heading\">Demandez un \u00e9chantillon<\/h2>\n\n<p>Curieux de d\u00e9couvrir les saveurs riches et grill\u00e9es de nos hojichas ? <\/p>\n\n<p>Veuillez bien vouloir remplir vos coordonn\u00e9es ci-dessous. Faites-nous savoir toute demande sp\u00e9cifique et nous serons ravis de personnaliser notre offre en fonction de vos besoins.<\/p>\n<div class=\"forminator-ui forminator-custom-form forminator-custom-form-1365 forminator-design--flat  forminator_ajax\" data-forminator-render=\"0\" data-form=\"forminator-module-1365\" data-uid=\"69d46751289c4\"><br\/><\/div><form\n\t\t\t\tid=\"forminator-module-1365\"\n\t\t\t\tclass=\"forminator-ui forminator-custom-form forminator-custom-form-1365 forminator-design--flat  forminator_ajax\"\n\t\t\t\tmethod=\"post\"\n\t\t\t\tdata-forminator-render=\"0\"\n\t\t\t\tdata-form-id=\"1365\"\n\t\t\t\t data-color-option=\"default\" data-design=\"flat\" data-grid=\"open\" style=\"display: none;\"\n\t\t\t\tdata-uid=\"69d46751289c4\"\n\t\t\t><div role=\"alert\" aria-live=\"polite\" class=\"forminator-response-message forminator-error\" aria-hidden=\"true\"><\/div><div class=\"forminator-row\"><div id=\"name-1\" class=\"forminator-field-name forminator-col forminator-col-6 \"><div class=\"forminator-field\"><input type=\"text\" name=\"name-1\" value=\"\" placeholder=\"First Name\" id=\"forminator-field-name-1_69d46751289c4\" class=\"forminator-input forminator-name--field\" aria-required=\"true\" autocomplete=\"name\" \/><\/div><\/div><div id=\"name-2\" class=\"forminator-field-name forminator-col forminator-col-6 \"><div class=\"forminator-field\"><input type=\"text\" name=\"name-2\" value=\"\" placeholder=\"Last Name\" id=\"forminator-field-name-2_69d46751289c4\" class=\"forminator-input forminator-name--field\" aria-required=\"true\" autocomplete=\"name\" \/><\/div><\/div><\/div><div class=\"forminator-row\"><div id=\"email-1\" class=\"forminator-field-email forminator-col forminator-col-12 \"><div class=\"forminator-field\"><input type=\"email\" name=\"email-1\" value=\"\" placeholder=\"Email\" id=\"forminator-field-email-1_69d46751289c4\" class=\"forminator-input forminator-email--field\" data-required=\"true\" aria-required=\"true\" autocomplete=\"email\" \/><\/div><\/div><\/div><div class=\"forminator-row\"><div id=\"phone-1\" class=\"forminator-field-phone forminator-col forminator-col-12 \"><div class=\"forminator-field\"><input type=\"text\" name=\"phone-1\" value=\"\" placeholder=\"Phone\" id=\"forminator-field-phone-1_69d46751289c4\" class=\"forminator-input forminator-field--phone\" data-required=\"\" aria-required=\"false\" autocomplete=\"off\" \/><\/div><\/div><\/div><div class=\"forminator-row\"><div id=\"textarea-1\" class=\"forminator-field-textarea forminator-col forminator-col-12 \"><div class=\"forminator-field\"><textarea name=\"textarea-1\" placeholder=\"Message\" id=\"forminator-field-textarea-1_69d46751289c4\" class=\"forminator-textarea\" rows=\"6\" style=\"min-height:140px;\" ><\/textarea><span id=\"forminator-field-textarea-1_69d46751289c4-description\" class=\"forminator-description\"><span data-limit=\"300\" data-type=\"words\" data-editor=\"\">0 \/ 300<\/span><\/span><\/div><\/div><\/div><div class=\"forminator-row\"><\/div><input type=\"hidden\" name=\"referer_url\" value=\"\" \/><div class=\"forminator-row forminator-row-last\"><div class=\"forminator-col\"><div class=\"forminator-field\"><button class=\"forminator-button forminator-button-submit\">Send<\/button><\/div><\/div><\/div><input type=\"hidden\" id=\"forminator_nonce\" name=\"forminator_nonce\" value=\"0b51ba8eba\" \/><input type=\"hidden\" name=\"_wp_http_referer\" value=\"\/fr\/wp-json\/wp\/v2\/pages\/6059\" \/><input type=\"hidden\" name=\"form_id\" value=\"1365\"><input type=\"hidden\" name=\"page_id\" value=\"6059\"><input type=\"hidden\" name=\"form_type\" value=\"default\"><input type=\"hidden\" name=\"current_url\" value=\"https:\/\/hojichawholesale.eu\/fr\/pourquoi-vendre-de-lhojicha\/\"><input type=\"hidden\" name=\"render_id\" value=\"0\"><input type=\"hidden\" name=\"action\" value=\"forminator_submit_form_custom-forms\"><label for=\"input_6\" class=\"forminator-hidden\" aria-hidden=\"true\">Veuillez ne pas remplir ce champ. <input id=\"input_6\" type=\"text\" name=\"input_6\" value=\"\" autocomplete=\"off\"><\/label><\/form>\n","protected":false},"excerpt":{"rendered":"<p>Pourquoi vendre de l&rsquo;hojicha ? L&rsquo;hojicha, un th\u00e9 vert torr\u00e9fi\u00e9 japonais, a rapidement gagn\u00e9 en popularit\u00e9 ces derni\u00e8res ann\u00e9es. Avec son profil de saveur distinctif, son attrait croissant pour la sant\u00e9 et sa polyvalence, il s\u2019agit d\u2019une proposition nouvelle et convaincante pour vos clients. Voici pourquoi vous devriez envisager d\u2019ajouter l&rsquo;hojicha \u00e0 votre menu. 1. [&hellip;]<\/p>\n","protected":false},"author":1,"featured_media":6028,"parent":0,"menu_order":0,"comment_status":"closed","ping_status":"closed","template":"","meta":{"_surecart_dashboard_logo_width":"180px","_surecart_dashboard_show_logo":true,"_surecart_dashboard_navigation_orders":true,"_surecart_dashboard_navigation_invoices":true,"_surecart_dashboard_navigation_subscriptions":true,"_surecart_dashboard_navigation_downloads":true,"_surecart_dashboard_navigation_billing":true,"_surecart_dashboard_navigation_account":true,"footnotes":""},"class_list":["post-6059","page","type-page","status-publish","has-post-thumbnail","hentry","entry","has-media"],"mb":[],"mfb_rest_fields":["title","gutenberg_elementor_mode"],"_links":{"self":[{"href":"https:\/\/hojichawholesale.eu\/fr\/wp-json\/wp\/v2\/pages\/6059","targetHints":{"allow":["GET"]}}],"collection":[{"href":"https:\/\/hojichawholesale.eu\/fr\/wp-json\/wp\/v2\/pages"}],"about":[{"href":"https:\/\/hojichawholesale.eu\/fr\/wp-json\/wp\/v2\/types\/page"}],"author":[{"embeddable":true,"href":"https:\/\/hojichawholesale.eu\/fr\/wp-json\/wp\/v2\/users\/1"}],"replies":[{"embeddable":true,"href":"https:\/\/hojichawholesale.eu\/fr\/wp-json\/wp\/v2\/comments?post=6059"}],"version-history":[{"count":0,"href":"https:\/\/hojichawholesale.eu\/fr\/wp-json\/wp\/v2\/pages\/6059\/revisions"}],"wp:featuredmedia":[{"embeddable":true,"href":"https:\/\/hojichawholesale.eu\/fr\/wp-json\/wp\/v2\/media\/6028"}],"wp:attachment":[{"href":"https:\/\/hojichawholesale.eu\/fr\/wp-json\/wp\/v2\/media?parent=6059"}],"curies":[{"name":"wp","href":"https:\/\/api.w.org\/{rel}","templated":true}]}}