{"id":6057,"date":"2024-10-12T11:39:24","date_gmt":"2024-10-12T11:39:24","guid":{"rendered":"https:\/\/hojichawholesale.eu\/quest-ce-que-lhojicha\/"},"modified":"2024-10-13T15:41:35","modified_gmt":"2024-10-13T15:41:35","slug":"quest-ce-que-lhojicha","status":"publish","type":"page","link":"https:\/\/hojichawholesale.eu\/fr\/quest-ce-que-lhojicha\/","title":{"rendered":"Qu&rsquo;est-ce que l&rsquo;hojicha ?"},"content":{"rendered":"\n<h1 class=\"wp-block-heading\">Qu\u2019est-ce que l&rsquo;hojicha ?<\/h1>\n\n<p>L&rsquo;hojicha est un th\u00e9 vert japonais torr\u00e9fi\u00e9 dans de la porcelaine \u00e0 des temp\u00e9ratures allant de 175\u00b0C \u00e0 350\u00b0C. Ce processus de torr\u00e9faction lui donne ses tons orang\u00e9s distinctifs et r\u00e9duit sa teneur en caf\u00e9ine et en cat\u00e9chine. <\/p>\n\n<p> \u00ab <em>Hoji<\/em> \u00bb signifie \u00ab r\u00f4tir \u00bb en japonais, et \u00ab <em>cha<\/em> \u00bb signifie th\u00e9.<\/p>\n<div class=\"wp-block-image\">\n<figure class=\"aligncenter size-large is-resized\"><img fetchpriority=\"high\" decoding=\"async\" width=\"1024\" height=\"683\" src=\"https:\/\/hojichawholesale.eu\/wp-content\/uploads\/2024\/10\/Depositphotos_502919918_L-1-1024x683.avif\" alt=\"\" class=\"wp-image-5573\" style=\"width:539px;height:auto\" srcset=\"https:\/\/hojichawholesale.eu\/wp-content\/uploads\/2024\/10\/Depositphotos_502919918_L-1-1024x683.avif 1024w, https:\/\/hojichawholesale.eu\/wp-content\/uploads\/2024\/10\/Depositphotos_502919918_L-1-300x200.avif 300w, https:\/\/hojichawholesale.eu\/wp-content\/uploads\/2024\/10\/Depositphotos_502919918_L-1-768x512.avif 768w, https:\/\/hojichawholesale.eu\/wp-content\/uploads\/2024\/10\/Depositphotos_502919918_L-1.avif 1200w\" sizes=\"(max-width: 1024px) 100vw, 1024px\" \/><\/figure>\n<\/div>\n<h2 class=\"wp-block-heading\"><strong>Pourquoi boire de l&rsquo;hojicha ?<\/strong><\/h2>\n\n<p>L&rsquo;hojicha est une boisson traditionnelle japonaise consomm\u00e9e en soir\u00e9e pour aider \u00e0 la digestion. <\/p>\n\n<p>Cependant, il peut \u00eatre bu \u00e0 tout moment de la journ\u00e9e et de l\u2019ann\u00e9e. <\/p>\n\n<p>Malgr\u00e9 sa couleur, l&rsquo;hojicha est un th\u00e9 vert. Il passe par un processus connu sous le nom de shaqing qui est un bain de vapeur qui arr\u00eate le processus naturel d\u2019oxydation se produisant lors de la r\u00e9colte. <\/p>\n\n<p>En cons\u00e9quence, l&rsquo;hojicha conserve de nombreux avantages du th\u00e9 vert, tels que la promotion de la relaxation et le renforcement du syst\u00e8me immunitaire.<\/p>\n\n<h2 class=\"wp-block-heading\">Diff\u00e9rents types d&rsquo;hojicha<\/h2>\n\n<p>Il existe diff\u00e9rents types d&rsquo;hojicha. Sa principale caract\u00e9ristique provient de sa disponibilit\u00e9 \u00e0 la fois en poudre et en feuilles libres. <\/p>\n\n<p>En plus de cela, l&rsquo;hojicha se pr\u00e9sente souvent en trois types de feuilles (torr\u00e9faction l\u00e9g\u00e8re, torr\u00e9faction moyenne, torr\u00e9faction sombre) et il peut m\u00eame \u00eatre m\u00e9lang\u00e9 avec du riz grill\u00e9, prenant le nom de hojicha genmai. <\/p>\n<div class=\"wp-block-image\">\n<figure class=\"aligncenter size-large is-resized\"><img decoding=\"async\" width=\"1024\" height=\"683\" src=\"https:\/\/hojichawholesale.eu\/wp-content\/uploads\/2024\/10\/Depositphotos_565446018_L-1-1024x683.avif\" alt=\"\" class=\"wp-image-5577\" style=\"width:572px;height:auto\" srcset=\"https:\/\/hojichawholesale.eu\/wp-content\/uploads\/2024\/10\/Depositphotos_565446018_L-1-1024x683.avif 1024w, https:\/\/hojichawholesale.eu\/wp-content\/uploads\/2024\/10\/Depositphotos_565446018_L-1-300x200.avif 300w, https:\/\/hojichawholesale.eu\/wp-content\/uploads\/2024\/10\/Depositphotos_565446018_L-1-768x512.avif 768w, https:\/\/hojichawholesale.eu\/wp-content\/uploads\/2024\/10\/Depositphotos_565446018_L-1.avif 1200w\" sizes=\"(max-width: 1024px) 100vw, 1024px\" \/><\/figure>\n<\/div>\n<h2 class=\"wp-block-heading\"><strong>Quel cultivar est utilis\u00e9 pour l&rsquo;hojicha ?<\/strong><\/h2>\n\n<p>Le cultivar le plus couramment utilis\u00e9 pour l&rsquo;hojicha est le Yabukita, bien que certains hojichas soient \u00e9galement fabriqu\u00e9s \u00e0 partir du cultivar Gokou.<\/p>\n\n<h2 class=\"wp-block-heading\">Comment l&rsquo;hojicha est-il produit ?<\/h2>\n\n<p>l&rsquo;hojicha commence son processus de production sous forme de bancha ou sencha. <\/p>\n\n<p>Apr\u00e8s la r\u00e9colte, les feuilles subissent une cuisson \u00e0 la vapeur, appel\u00e9e \u00ab shaqing \u00bb, pour arr\u00eater le processus d\u2019oxydation. Ils sont ensuite roul\u00e9s, s\u00e9ch\u00e9s et torr\u00e9fi\u00e9s entre 175\u00b0C et 350\u00b0C dans de la porcelaine. C\u2019est alors que le bancha (ou sencha) devient hojicha.  <\/p>\n\n<p>Une partie est transform\u00e9e en poudre tandis que le reste est emball\u00e9 sous forme de feuilles. <\/p>\n<div class=\"wp-block-image\">\n<figure class=\"aligncenter size-large is-resized\"><img decoding=\"async\" width=\"1024\" height=\"683\" src=\"https:\/\/hojichawholesale.eu\/wp-content\/uploads\/2024\/10\/Depositphotos_518442682_L-1-1024x683.avif\" alt=\"\" class=\"wp-image-5575\" style=\"width:484px;height:auto\" srcset=\"https:\/\/hojichawholesale.eu\/wp-content\/uploads\/2024\/10\/Depositphotos_518442682_L-1-1024x683.avif 1024w, https:\/\/hojichawholesale.eu\/wp-content\/uploads\/2024\/10\/Depositphotos_518442682_L-1-300x200.avif 300w, https:\/\/hojichawholesale.eu\/wp-content\/uploads\/2024\/10\/Depositphotos_518442682_L-1-768x512.avif 768w, https:\/\/hojichawholesale.eu\/wp-content\/uploads\/2024\/10\/Depositphotos_518442682_L-1.avif 1200w\" sizes=\"(max-width: 1024px) 100vw, 1024px\" \/><\/figure>\n<\/div>\n<h2 class=\"wp-block-heading\"><strong>Comment infuser l&rsquo;hojicha?<\/strong><\/h2>\n\n<p>Sous forme de feuille, l&rsquo;hojicha est brass\u00e9 \u00e0 des temp\u00e9ratures comprises entre 70\u00b0C et 80\u00b0C pendant 2-3 minutes.<\/p>\n\n<p> 80\u00b0C est pr\u00e9f\u00e9rable si sous forme de poudre. <\/p>\n\n<h2 class=\"wp-block-heading\"><strong>L&rsquo;histoire de l&rsquo;hojicha<\/strong><\/h2>\n\n<p>Personne ne sait d\u2019o\u00f9 vient l&rsquo;hojicha. Il semble \u00eatre apparu \u00e0 Kyoto dans les ann\u00e9es 1920. <\/p>\n\n<p>La l\u00e9gende raconte que le d\u00e9veloppement du th\u00e9 r\u00e9colt\u00e9 \u00e0 la machine au d\u00e9but du 20\u00e8me si\u00e8cle conduisit \u00e0 un gaspillage important. Un marchand inconnu d\u00e9cida alors de torr\u00e9fier ce th\u00e9 inutilisable pour le r\u00e9cup\u00e9rer, inventant ainsi l&rsquo;hojicha. <\/p>\n<div class=\"wp-block-image\">\n<figure class=\"aligncenter size-large is-resized\"><img loading=\"lazy\" decoding=\"async\" width=\"1024\" height=\"683\" src=\"https:\/\/hojichawholesale.eu\/wp-content\/uploads\/2024\/10\/Depositphotos_535727240_L-1-1024x683.avif\" alt=\"\" class=\"wp-image-5576\" style=\"width:592px;height:auto\" srcset=\"https:\/\/hojichawholesale.eu\/wp-content\/uploads\/2024\/10\/Depositphotos_535727240_L-1-1024x683.avif 1024w, https:\/\/hojichawholesale.eu\/wp-content\/uploads\/2024\/10\/Depositphotos_535727240_L-1-300x200.avif 300w, https:\/\/hojichawholesale.eu\/wp-content\/uploads\/2024\/10\/Depositphotos_535727240_L-1-768x512.avif 768w, https:\/\/hojichawholesale.eu\/wp-content\/uploads\/2024\/10\/Depositphotos_535727240_L-1.avif 1200w\" sizes=\"(max-width: 1024px) 100vw, 1024px\" \/><\/figure>\n<\/div>\n<h2 class=\"wp-block-heading\"><strong>Conclusion<\/strong><\/h2>\n\n<p>L&rsquo;hojicha est un th\u00e9 vert japonais torr\u00e9fi\u00e9, disponible sous forme de poudre et de feuilles. Faible en caf\u00e9ine, il est traditionnellement consomm\u00e9e le soir. Sa couleur orange provient d\u2019une torr\u00e9faction dans un pot en porcelaine pendant quelques minutes, ce qui lui donne ses saveurs caract\u00e9ristiques de noix, de caramel ou de chocolat.  <\/p>\n\n<h2 class=\"wp-block-heading\">Demandez un \u00e9chantillon<\/h2>\n\n<p>Curieux de d\u00e9couvrir les saveurs riches et grill\u00e9es de nos hojichas ? <\/p>\n\n<p>Remplissez vos coordonn\u00e9es ci-dessous et nous vous enverrons un \u00e9chantillon. Faites-nous savoir toute demande sp\u00e9cifique, et nous serons ravis de personnaliser notre offre en fonction des besoins de votre entreprise. <\/p>\n<div class=\"forminator-ui forminator-custom-form forminator-custom-form-1365 forminator-design--flat  forminator_ajax\" data-forminator-render=\"0\" data-form=\"forminator-module-1365\" data-uid=\"69d4428e0f034\"><br\/><\/div><form\n\t\t\t\tid=\"forminator-module-1365\"\n\t\t\t\tclass=\"forminator-ui forminator-custom-form forminator-custom-form-1365 forminator-design--flat  forminator_ajax\"\n\t\t\t\tmethod=\"post\"\n\t\t\t\tdata-forminator-render=\"0\"\n\t\t\t\tdata-form-id=\"1365\"\n\t\t\t\t data-color-option=\"default\" data-design=\"flat\" data-grid=\"open\" style=\"display: none;\"\n\t\t\t\tdata-uid=\"69d4428e0f034\"\n\t\t\t><div role=\"alert\" aria-live=\"polite\" class=\"forminator-response-message forminator-error\" aria-hidden=\"true\"><\/div><div class=\"forminator-row\"><div id=\"name-1\" class=\"forminator-field-name forminator-col forminator-col-6 \"><div class=\"forminator-field\"><input type=\"text\" name=\"name-1\" value=\"\" placeholder=\"First Name\" id=\"forminator-field-name-1_69d4428e0f034\" class=\"forminator-input forminator-name--field\" aria-required=\"true\" autocomplete=\"name\" \/><\/div><\/div><div id=\"name-2\" class=\"forminator-field-name forminator-col forminator-col-6 \"><div class=\"forminator-field\"><input type=\"text\" name=\"name-2\" value=\"\" placeholder=\"Last Name\" id=\"forminator-field-name-2_69d4428e0f034\" class=\"forminator-input forminator-name--field\" aria-required=\"true\" autocomplete=\"name\" \/><\/div><\/div><\/div><div class=\"forminator-row\"><div id=\"email-1\" class=\"forminator-field-email forminator-col forminator-col-12 \"><div class=\"forminator-field\"><input type=\"email\" name=\"email-1\" value=\"\" placeholder=\"Email\" id=\"forminator-field-email-1_69d4428e0f034\" class=\"forminator-input forminator-email--field\" data-required=\"true\" aria-required=\"true\" autocomplete=\"email\" \/><\/div><\/div><\/div><div class=\"forminator-row\"><div id=\"phone-1\" class=\"forminator-field-phone forminator-col forminator-col-12 \"><div class=\"forminator-field\"><input type=\"text\" name=\"phone-1\" value=\"\" placeholder=\"Phone\" id=\"forminator-field-phone-1_69d4428e0f034\" class=\"forminator-input forminator-field--phone\" data-required=\"\" aria-required=\"false\" autocomplete=\"off\" \/><\/div><\/div><\/div><div class=\"forminator-row\"><div id=\"textarea-1\" class=\"forminator-field-textarea forminator-col forminator-col-12 \"><div class=\"forminator-field\"><textarea name=\"textarea-1\" placeholder=\"Message\" id=\"forminator-field-textarea-1_69d4428e0f034\" class=\"forminator-textarea\" rows=\"6\" style=\"min-height:140px;\" ><\/textarea><span id=\"forminator-field-textarea-1_69d4428e0f034-description\" class=\"forminator-description\"><span data-limit=\"300\" data-type=\"words\" data-editor=\"\">0 \/ 300<\/span><\/span><\/div><\/div><\/div><div class=\"forminator-row\"><\/div><input type=\"hidden\" name=\"referer_url\" value=\"\" \/><div class=\"forminator-row forminator-row-last\"><div class=\"forminator-col\"><div class=\"forminator-field\"><button class=\"forminator-button forminator-button-submit\">Send<\/button><\/div><\/div><\/div><input type=\"hidden\" id=\"forminator_nonce\" name=\"forminator_nonce\" value=\"8ad7e0b691\" \/><input type=\"hidden\" name=\"_wp_http_referer\" value=\"\/fr\/wp-json\/wp\/v2\/pages\/6057\" \/><input type=\"hidden\" name=\"form_id\" value=\"1365\"><input type=\"hidden\" name=\"page_id\" value=\"6057\"><input type=\"hidden\" name=\"form_type\" value=\"default\"><input type=\"hidden\" name=\"current_url\" value=\"https:\/\/hojichawholesale.eu\/fr\/quest-ce-que-lhojicha\/\"><input type=\"hidden\" name=\"render_id\" value=\"0\"><input type=\"hidden\" name=\"action\" value=\"forminator_submit_form_custom-forms\"><label for=\"input_6\" class=\"forminator-hidden\" aria-hidden=\"true\">Veuillez ne pas remplir ce champ. <input id=\"input_6\" type=\"text\" name=\"input_6\" value=\"\" autocomplete=\"off\"><\/label><\/form>\n","protected":false},"excerpt":{"rendered":"<p>Qu\u2019est-ce que l&rsquo;hojicha ? L&rsquo;hojicha est un th\u00e9 vert japonais torr\u00e9fi\u00e9 dans de la porcelaine \u00e0 des temp\u00e9ratures allant de 175\u00b0C \u00e0 350\u00b0C. Ce processus de torr\u00e9faction lui donne ses tons orang\u00e9s distinctifs et r\u00e9duit sa teneur en caf\u00e9ine et en cat\u00e9chine. \u00ab Hoji \u00bb signifie \u00ab r\u00f4tir \u00bb en japonais, et \u00ab cha \u00bb [&hellip;]<\/p>\n","protected":false},"author":1,"featured_media":6015,"parent":0,"menu_order":0,"comment_status":"closed","ping_status":"closed","template":"","meta":{"_surecart_dashboard_logo_width":"180px","_surecart_dashboard_show_logo":true,"_surecart_dashboard_navigation_orders":true,"_surecart_dashboard_navigation_invoices":true,"_surecart_dashboard_navigation_subscriptions":true,"_surecart_dashboard_navigation_downloads":true,"_surecart_dashboard_navigation_billing":true,"_surecart_dashboard_navigation_account":true,"footnotes":""},"class_list":["post-6057","page","type-page","status-publish","has-post-thumbnail","hentry","entry","has-media"],"mb":[],"mfb_rest_fields":["title","gutenberg_elementor_mode"],"_links":{"self":[{"href":"https:\/\/hojichawholesale.eu\/fr\/wp-json\/wp\/v2\/pages\/6057","targetHints":{"allow":["GET"]}}],"collection":[{"href":"https:\/\/hojichawholesale.eu\/fr\/wp-json\/wp\/v2\/pages"}],"about":[{"href":"https:\/\/hojichawholesale.eu\/fr\/wp-json\/wp\/v2\/types\/page"}],"author":[{"embeddable":true,"href":"https:\/\/hojichawholesale.eu\/fr\/wp-json\/wp\/v2\/users\/1"}],"replies":[{"embeddable":true,"href":"https:\/\/hojichawholesale.eu\/fr\/wp-json\/wp\/v2\/comments?post=6057"}],"version-history":[{"count":0,"href":"https:\/\/hojichawholesale.eu\/fr\/wp-json\/wp\/v2\/pages\/6057\/revisions"}],"wp:featuredmedia":[{"embeddable":true,"href":"https:\/\/hojichawholesale.eu\/fr\/wp-json\/wp\/v2\/media\/6015"}],"wp:attachment":[{"href":"https:\/\/hojichawholesale.eu\/fr\/wp-json\/wp\/v2\/media?parent=6057"}],"curies":[{"name":"wp","href":"https:\/\/api.w.org\/{rel}","templated":true}]}}