{"id":6055,"date":"2024-10-12T16:25:13","date_gmt":"2024-10-12T16:25:13","guid":{"rendered":"https:\/\/hojichawholesale.eu\/latte-hojicha-en-poudre-vente-en-gros\/"},"modified":"2025-12-10T18:57:57","modified_gmt":"2025-12-10T18:57:57","slug":"latte-hojicha-en-poudre-vente-en-gros","status":"publish","type":"page","link":"https:\/\/hojichawholesale.eu\/fr\/latte-hojicha-en-poudre-vente-en-gros\/","title":{"rendered":"Poudre d&rsquo;hojicha latte, vente en gros"},"content":{"rendered":"\n<h1 class=\"wp-block-heading\">Poudre d&rsquo;hojicha latte, vente en gros<\/h1>\n\n<p>Notre <strong>hojicha latte en poudre<\/strong> est compos\u00e9 de poudre d&rsquo;hojicha, de sucre de canne et de gomme de guar pour une boisson parfaitement \u00e9quilibr\u00e9e et d\u00e9licieuse. Il peut \u00eatre m\u00e9lang\u00e9 avec du lait ou substituts. <\/p>\n<div class=\"wp-block-image\">\n<figure class=\"aligncenter size-full is-resized\"><img fetchpriority=\"high\" decoding=\"async\" width=\"1000\" height=\"1000\" src=\"https:\/\/hojichawholesale.eu\/wp-content\/uploads\/2025\/01\/hojicha-latte-both.webp\" alt=\"Comparaison de la poudre de hojicha latte VS de la poudre de hojicha latte infus&#xE9;e.\" class=\"wp-image-7510\" style=\"width:310px;height:auto\" srcset=\"https:\/\/hojichawholesale.eu\/wp-content\/uploads\/2025\/01\/hojicha-latte-both.webp 1000w, https:\/\/hojichawholesale.eu\/wp-content\/uploads\/2025\/01\/hojicha-latte-both-300x300.webp 300w, https:\/\/hojichawholesale.eu\/wp-content\/uploads\/2025\/01\/hojicha-latte-both-150x150.webp 150w, https:\/\/hojichawholesale.eu\/wp-content\/uploads\/2025\/01\/hojicha-latte-both-768x768.webp 768w, https:\/\/hojichawholesale.eu\/wp-content\/uploads\/2025\/01\/hojicha-latte-both-600x600.webp 600w\" sizes=\"(max-width: 1000px) 100vw, 1000px\" \/><\/figure>\n<\/div>\n<hr class=\"wp-block-separator has-alpha-channel-opacity\"\/>\n\n<h2 class=\"wp-block-heading\">Caract\u00e9ristiques<\/h2>\n\n<ul class=\"wp-block-list\">\n<li><strong>Type<\/strong> : M\u00e9lange instantan\u00e9 Hojicha Latte<\/li>\n\n\n\n<li><strong>Ingr\u00e9dients<\/strong> : poudre de hojicha, sucre de canne, gomme de guar.<\/li>\n\n\n\n<li><strong>Conditionnement<\/strong> : Sachet stand-up refermable (Doypack) pour plus de fra\u00eecheur.<\/li>\n\n\n\n<li><strong>Portion<\/strong> : Environ 8 portions par paquet. <\/li>\n\n\n\n<li><strong>Profil de saveur<\/strong> : Doux, noisette, l\u00e9g\u00e8rement sucr\u00e9 avec une finale torr\u00e9fi\u00e9e.<\/li>\n\n\n\n<li><strong>Caf\u00e9ine<\/strong> : Faible<\/li>\n\n\n\n<li><strong>Pr\u00e9paration<\/strong> : Il suffit d\u2019ajouter de l\u2019eau ou du lait pour un hojicha latte rapide et d\u00e9licieux.<\/li>\n\n\n\n<li><strong>Poids<\/strong> : Disponible en sacs de 1 kg. Le reconditionnement est disponible \u00e0 votre demande.   <\/li>\n<\/ul>\n\n<hr class=\"wp-block-separator has-alpha-channel-opacity\"\/>\n\n<h2 class=\"wp-block-heading\">Informations sur la vente en gros<\/h2>\n\n<ul class=\"wp-block-list\">\n<li><strong>Quantit\u00e9 minimale de commande (MOQ)<\/strong> : 600 grammes (5 doypacks de 120 g).<\/li>\n\n\n\n<li><strong>Prix de gros<\/strong> : Contactez-nous pour conna\u00eetre les tarifs sp\u00e9ciaux bas\u00e9s sur le volume de la commande.<\/li>\n\n\n\n<li><strong>Conservation : Conserver<\/strong> dans un endroit frais et sec pour conserver la fra\u00eecheur.<\/li>\n\n\n\n<li><strong>Conservation<\/strong> : L&rsquo;hojicha peut se conserver jusqu&rsquo;\u00e0 deux ans non ouvert et stock\u00e9 \u00e0 une temp\u00e9rature de 5\u00b0C \u00e0 10\u00b0C.<\/li>\n\n\n\n<li><strong>Exp\u00e9dition<\/strong> : Nous exp\u00e9dions sur le continent europ\u00e9en avec des options d\u2019exp\u00e9dition flexibles, y compris la livraison express pour les commandes urgentes.<\/li>\n<\/ul>\n\n<div class=\"wp-block-columns is-layout-flex wp-container-core-columns-is-layout-28f84493 wp-block-columns-is-layout-flex\">\n<div class=\"wp-block-column is-layout-flow wp-block-column-is-layout-flow\"><div class=\"wp-block-image\">\n<figure class=\"aligncenter size-full is-resized\"><img decoding=\"async\" width=\"1000\" height=\"1000\" src=\"https:\/\/hojichawholesale.eu\/wp-content\/uploads\/2025\/01\/hojicha-latte-powder.webp\" alt=\"\" class=\"wp-image-7534\" style=\"width:314px;height:auto\" srcset=\"https:\/\/hojichawholesale.eu\/wp-content\/uploads\/2025\/01\/hojicha-latte-powder.webp 1000w, https:\/\/hojichawholesale.eu\/wp-content\/uploads\/2025\/01\/hojicha-latte-powder-300x300.webp 300w, https:\/\/hojichawholesale.eu\/wp-content\/uploads\/2025\/01\/hojicha-latte-powder-150x150.webp 150w, https:\/\/hojichawholesale.eu\/wp-content\/uploads\/2025\/01\/hojicha-latte-powder-768x768.webp 768w, https:\/\/hojichawholesale.eu\/wp-content\/uploads\/2025\/01\/hojicha-latte-powder-600x600.webp 600w\" sizes=\"(max-width: 1000px) 100vw, 1000px\" \/><\/figure>\n<\/div><\/div>\n\n\n\n<div class=\"wp-block-column is-layout-flow wp-block-column-is-layout-flow\"><div class=\"wp-block-image\">\n<figure class=\"aligncenter size-large is-resized\"><img decoding=\"async\" width=\"1024\" height=\"1024\" src=\"https:\/\/hojichawholesale.eu\/wp-content\/uploads\/2025\/01\/hojicha-latte-infused-1024x1024.webp\" alt=\"\" class=\"wp-image-7522\" style=\"width:325px;height:auto\" srcset=\"https:\/\/hojichawholesale.eu\/wp-content\/uploads\/2025\/01\/hojicha-latte-infused-1024x1024.webp 1024w, https:\/\/hojichawholesale.eu\/wp-content\/uploads\/2025\/01\/hojicha-latte-infused-300x300.webp 300w, https:\/\/hojichawholesale.eu\/wp-content\/uploads\/2025\/01\/hojicha-latte-infused-150x150.webp 150w, https:\/\/hojichawholesale.eu\/wp-content\/uploads\/2025\/01\/hojicha-latte-infused-768x768.webp 768w, https:\/\/hojichawholesale.eu\/wp-content\/uploads\/2025\/01\/hojicha-latte-infused-1536x1536.webp 1536w, https:\/\/hojichawholesale.eu\/wp-content\/uploads\/2025\/01\/hojicha-latte-infused-600x600.webp 600w, https:\/\/hojichawholesale.eu\/wp-content\/uploads\/2025\/01\/hojicha-latte-infused.webp 2000w\" sizes=\"(max-width: 1024px) 100vw, 1024px\" \/><\/figure>\n<\/div><\/div>\n<\/div>\n\n<hr class=\"wp-block-separator has-alpha-channel-opacity\"\/>\n\n<h2 class=\"wp-block-heading\">Comment pr\u00e9parer<\/h2>\n\n<ol class=\"wp-block-list\">\n<li><strong>Ajoutez 15 g<\/strong> d&rsquo;hojicha latte dans votre tasse.<\/li>\n\n\n\n<li><strong>Ajoutez 500 ml<\/strong> d\u2019eau chaude ou de lait (ou d\u2019alternative au lait).<\/li>\n\n\n\n<li>Remuez bien et d\u00e9gustez instantan\u00e9ment un latte hojicha cr\u00e9meux et d\u00e9licieux.<\/li>\n<\/ol>\n\n<hr class=\"wp-block-separator has-alpha-channel-opacity\"\/>\n\n<h2 class=\"wp-block-heading\">Id\u00e9al pour<\/h2>\n\n<ul class=\"wp-block-list\">\n<li>Les caf\u00e9s et les salons de th\u00e9 \u00e0 la recherche d\u2019une option de hojicha latte rapide et facile \u00e0 pr\u00e9parer pour les clients.<\/li>\n\n\n\n<li>Les restaurants et les h\u00f4tels qui veulent offrir une d\u00e9licieuse aide digestive.  <\/li>\n\n\n\n<li>Magasins de d\u00e9tail offrant des produits de th\u00e9 haut de gamme et des m\u00e9langes de boissons instantan\u00e9es.<\/li>\n<\/ul>\n\n<h2 class=\"wp-block-heading\">Demandez un \u00e9chantillon.<\/h2>\n\n<p>Curieux de d\u00e9couvrir les saveurs riches et grill\u00e9es de nos hojichas ? <\/p>\n\n<p>Remplissez vos coordonn\u00e9es ci-dessous et nous vous enverrons un \u00e9chantillon. Faites-nous savoir toute demande sp\u00e9cifique, et nous serons ravis de personnaliser notre offre en fonction des besoins de votre entreprise. <\/p>\n<div class=\"forminator-ui forminator-custom-form forminator-custom-form-1365 forminator-design--flat  forminator_ajax\" data-forminator-render=\"0\" data-form=\"forminator-module-1365\" data-uid=\"69d08c6d9cadb\"><br\/><\/div><form\n\t\t\t\tid=\"forminator-module-1365\"\n\t\t\t\tclass=\"forminator-ui forminator-custom-form forminator-custom-form-1365 forminator-design--flat  forminator_ajax\"\n\t\t\t\tmethod=\"post\"\n\t\t\t\tdata-forminator-render=\"0\"\n\t\t\t\tdata-form-id=\"1365\"\n\t\t\t\t data-color-option=\"default\" data-design=\"flat\" data-grid=\"open\" style=\"display: none;\"\n\t\t\t\tdata-uid=\"69d08c6d9cadb\"\n\t\t\t><div role=\"alert\" aria-live=\"polite\" class=\"forminator-response-message forminator-error\" aria-hidden=\"true\"><\/div><div class=\"forminator-row\"><div id=\"name-1\" class=\"forminator-field-name forminator-col forminator-col-6 \"><div class=\"forminator-field\"><input type=\"text\" name=\"name-1\" value=\"\" placeholder=\"First Name\" id=\"forminator-field-name-1_69d08c6d9cadb\" class=\"forminator-input forminator-name--field\" aria-required=\"true\" autocomplete=\"name\" \/><\/div><\/div><div id=\"name-2\" class=\"forminator-field-name forminator-col forminator-col-6 \"><div class=\"forminator-field\"><input type=\"text\" name=\"name-2\" value=\"\" placeholder=\"Last Name\" id=\"forminator-field-name-2_69d08c6d9cadb\" class=\"forminator-input forminator-name--field\" aria-required=\"true\" autocomplete=\"name\" \/><\/div><\/div><\/div><div class=\"forminator-row\"><div id=\"email-1\" class=\"forminator-field-email forminator-col forminator-col-12 \"><div class=\"forminator-field\"><input type=\"email\" name=\"email-1\" value=\"\" placeholder=\"Email\" id=\"forminator-field-email-1_69d08c6d9cadb\" class=\"forminator-input forminator-email--field\" data-required=\"true\" aria-required=\"true\" autocomplete=\"email\" \/><\/div><\/div><\/div><div class=\"forminator-row\"><div id=\"phone-1\" class=\"forminator-field-phone forminator-col forminator-col-12 \"><div class=\"forminator-field\"><input type=\"text\" name=\"phone-1\" value=\"\" placeholder=\"Phone\" id=\"forminator-field-phone-1_69d08c6d9cadb\" class=\"forminator-input forminator-field--phone\" data-required=\"\" aria-required=\"false\" autocomplete=\"off\" \/><\/div><\/div><\/div><div class=\"forminator-row\"><div id=\"textarea-1\" class=\"forminator-field-textarea forminator-col forminator-col-12 \"><div class=\"forminator-field\"><textarea name=\"textarea-1\" placeholder=\"Message\" id=\"forminator-field-textarea-1_69d08c6d9cadb\" class=\"forminator-textarea\" rows=\"6\" style=\"min-height:140px;\" ><\/textarea><span id=\"forminator-field-textarea-1_69d08c6d9cadb-description\" class=\"forminator-description\"><span data-limit=\"300\" data-type=\"words\" data-editor=\"\">0 \/ 300<\/span><\/span><\/div><\/div><\/div><div class=\"forminator-row\"><\/div><input type=\"hidden\" name=\"referer_url\" value=\"\" \/><div class=\"forminator-row forminator-row-last\"><div class=\"forminator-col\"><div class=\"forminator-field\"><button class=\"forminator-button forminator-button-submit\">Send<\/button><\/div><\/div><\/div><input type=\"hidden\" id=\"forminator_nonce\" name=\"forminator_nonce\" value=\"072aaa5873\" \/><input type=\"hidden\" name=\"_wp_http_referer\" value=\"\/fr\/wp-json\/wp\/v2\/pages\/6055\" \/><input type=\"hidden\" name=\"form_id\" value=\"1365\"><input type=\"hidden\" name=\"page_id\" value=\"6055\"><input type=\"hidden\" name=\"form_type\" value=\"default\"><input type=\"hidden\" name=\"current_url\" value=\"https:\/\/hojichawholesale.eu\/fr\/latte-hojicha-en-poudre-vente-en-gros\/\"><input type=\"hidden\" name=\"render_id\" value=\"0\"><input type=\"hidden\" name=\"action\" value=\"forminator_submit_form_custom-forms\"><label for=\"input_6\" class=\"forminator-hidden\" aria-hidden=\"true\">Veuillez ne pas remplir ce champ. <input id=\"input_6\" type=\"text\" name=\"input_6\" value=\"\" autocomplete=\"off\"><\/label><\/form>\n","protected":false},"excerpt":{"rendered":"<p>Poudre d&rsquo;hojicha latte, vente en gros Notre hojicha latte en poudre est compos\u00e9 de poudre d&rsquo;hojicha, de sucre de canne et de gomme de guar pour une boisson parfaitement \u00e9quilibr\u00e9e et d\u00e9licieuse. Il peut \u00eatre m\u00e9lang\u00e9 avec du lait ou substituts. Caract\u00e9ristiques Informations sur la vente en gros Comment pr\u00e9parer Id\u00e9al pour Demandez un \u00e9chantillon. [&hellip;]<\/p>\n","protected":false},"author":1,"featured_media":7514,"parent":0,"menu_order":0,"comment_status":"closed","ping_status":"closed","template":"","meta":{"_surecart_dashboard_logo_width":"180px","_surecart_dashboard_show_logo":true,"_surecart_dashboard_navigation_orders":true,"_surecart_dashboard_navigation_invoices":true,"_surecart_dashboard_navigation_subscriptions":true,"_surecart_dashboard_navigation_downloads":true,"_surecart_dashboard_navigation_billing":true,"_surecart_dashboard_navigation_account":true,"footnotes":""},"class_list":["post-6055","page","type-page","status-publish","has-post-thumbnail","hentry","entry","has-media"],"mb":[],"mfb_rest_fields":["title","gutenberg_elementor_mode"],"_links":{"self":[{"href":"https:\/\/hojichawholesale.eu\/fr\/wp-json\/wp\/v2\/pages\/6055","targetHints":{"allow":["GET"]}}],"collection":[{"href":"https:\/\/hojichawholesale.eu\/fr\/wp-json\/wp\/v2\/pages"}],"about":[{"href":"https:\/\/hojichawholesale.eu\/fr\/wp-json\/wp\/v2\/types\/page"}],"author":[{"embeddable":true,"href":"https:\/\/hojichawholesale.eu\/fr\/wp-json\/wp\/v2\/users\/1"}],"replies":[{"embeddable":true,"href":"https:\/\/hojichawholesale.eu\/fr\/wp-json\/wp\/v2\/comments?post=6055"}],"version-history":[{"count":0,"href":"https:\/\/hojichawholesale.eu\/fr\/wp-json\/wp\/v2\/pages\/6055\/revisions"}],"wp:featuredmedia":[{"embeddable":true,"href":"https:\/\/hojichawholesale.eu\/fr\/wp-json\/wp\/v2\/media\/7514"}],"wp:attachment":[{"href":"https:\/\/hojichawholesale.eu\/fr\/wp-json\/wp\/v2\/media?parent=6055"}],"curies":[{"name":"wp","href":"https:\/\/api.w.org\/{rel}","templated":true}]}}