{"id":6053,"date":"2024-10-12T14:29:39","date_gmt":"2024-10-12T14:29:39","guid":{"rendered":"https:\/\/hojichawholesale.eu\/poudre-de-hojicha-vente-en-gros\/"},"modified":"2025-02-09T20:00:05","modified_gmt":"2025-02-09T20:00:05","slug":"poudre-de-hojicha-vente-en-gros","status":"publish","type":"page","link":"https:\/\/hojichawholesale.eu\/fr\/poudre-de-hojicha-vente-en-gros\/","title":{"rendered":"Hojicha en feuilles (vente en gros)"},"content":{"rendered":"\n<h1 class=\"wp-block-heading\">Hojicha En Feuilles (Gros)<\/h1>\n\n<p>Le Hojicha est un th\u00e9 vert japonais torr\u00e9fi\u00e9 de qualit\u00e9 sup\u00e9rieure, offrant une saveur douce et fum\u00e9e. Notre hojicha provient de fermes de th\u00e9 au Japon et y est directement emball\u00e9, ce qui garantit une qualit\u00e9 \u00e9lev\u00e9e, une fra\u00eecheur et un go\u00fbt torr\u00e9fi\u00e9 authentique.<\/p>\n<div class=\"wp-block-image\">\n<figure class=\"aligncenter size-full is-resized\"><img fetchpriority=\"high\" decoding=\"async\" width=\"1000\" height=\"1000\" src=\"https:\/\/hojichawholesale.eu\/wp-content\/uploads\/2025\/01\/Hojicha-dark-leaf-both.webp\" alt=\"Comparaison de la torr&#xE9;faction fonc&#xE9;e du hojicha en feuilles VS de la torr&#xE9;faction fonc&#xE9;e du hojicha en feuilles infus&#xE9;es\" class=\"wp-image-7434\" style=\"width:365px;height:auto\" srcset=\"https:\/\/hojichawholesale.eu\/wp-content\/uploads\/2025\/01\/Hojicha-dark-leaf-both.webp 1000w, https:\/\/hojichawholesale.eu\/wp-content\/uploads\/2025\/01\/Hojicha-dark-leaf-both-300x300.webp 300w, https:\/\/hojichawholesale.eu\/wp-content\/uploads\/2025\/01\/Hojicha-dark-leaf-both-150x150.webp 150w, https:\/\/hojichawholesale.eu\/wp-content\/uploads\/2025\/01\/Hojicha-dark-leaf-both-768x768.webp 768w, https:\/\/hojichawholesale.eu\/wp-content\/uploads\/2025\/01\/Hojicha-dark-leaf-both-600x600.webp 600w\" sizes=\"(max-width: 1000px) 100vw, 1000px\" \/><\/figure>\n<\/div>\n<hr class=\"wp-block-separator has-alpha-channel-opacity\"\/>\n\n<h2 class=\"wp-block-heading\">Caract\u00e9ristiques<\/h2>\n\n<ul class=\"wp-block-list\">\n<li><strong>Type<\/strong>: Th\u00e9 vert grill\u00e9 (Hojicha)<\/li>\n\n\n\n<li><strong>Provenance<\/strong>: Shizuoka, Japan<\/li>\n\n\n\n<li><strong>Forme<\/strong> : Feuilles<\/li>\n\n\n\n<li><strong>Niveau de torr\u00e9faction<\/strong> : Moyen<\/li>\n\n\n\n<li><strong>Saison de r\u00e9colte<\/strong>: Printemps\/\u00c9t\u00e9<\/li>\n\n\n\n<li><strong>Traitement<\/strong>\u00a0: Feuilles de th\u00e9 vert torr\u00e9fi\u00e9es en porcelaine.  <\/li>\n\n\n\n<li><strong>Profil de saveur<\/strong> : Doux, torr\u00e9fi\u00e9, avec des nuances de caramel sucr\u00e9 et de noisette<\/li>\n\n\n\n<li><strong>Caf\u00e9ine<\/strong> : Faible<\/li>\n\n\n\n<li><strong>Conditionnement<\/strong> : Disponible en doypacks (sacs refermables) de 500g. Non \u00e9tiquet\u00e9. <\/li>\n<\/ul>\n\n<hr class=\"wp-block-separator has-alpha-channel-opacity\"\/>\n\n<h2 class=\"wp-block-heading\">Avantages de la poudre d&rsquo;hojicha<\/h2>\n\n<ul class=\"wp-block-list\">\n<li><strong>Saveur riche<\/strong> : Saveur torr\u00e9fi\u00e9e intense \u00e0 infuser dans de l\u2019eau chaude.<\/li>\n\n\n\n<li><strong>Faible teneur en caf\u00e9ine : Parfait<\/strong> pour profiter tout au long de la journ\u00e9e, m\u00eame le soir.<\/li>\n\n\n\n<li><strong>Polyvalent<\/strong> : Id\u00e9al pour le matin, le midi, l\u2019apr\u00e8s-midi et le soir.  <\/li>\n<\/ul>\n\n<hr class=\"wp-block-separator has-alpha-channel-opacity\"\/>\n\n<h2 class=\"wp-block-heading\">Informations sur la vente en gros<\/h2>\n\n<ul class=\"wp-block-list\">\n<li><strong>Quantit\u00e9 minimale de commande (MOQ)<\/strong> : 500g (1 sac de 500g)<\/li>\n\n\n\n<li><strong>Prix de gros<\/strong> : Contactez pour obtenir des prix sp\u00e9ciaux.  <\/li>\n\n\n\n<li><strong>Stockage : Stocker<\/strong> dans un environnement frais et sec. <\/li>\n\n\n\n<li><strong>Conservation<\/strong> : L&rsquo;hojicha peut se conserver jusqu&rsquo;\u00e0 deux ans non ouvert et stock\u00e9 \u00e0 une temp\u00e9rature de 5\u00b0C \u00e0 10\u00b0C.<\/li>\n\n\n\n<li><strong>Exp\u00e9dition<\/strong> : Nous exp\u00e9dions sur le continent europ\u00e9en avec des options d\u2019exp\u00e9dition flexibles, y compris la livraison express pour les commandes urgentes.<\/li>\n<\/ul>\n\n<div class=\"wp-block-columns is-layout-flex wp-container-core-columns-is-layout-28f84493 wp-block-columns-is-layout-flex\">\n<div class=\"wp-block-column is-layout-flow wp-block-column-is-layout-flow\"><div class=\"wp-block-image\">\n<figure class=\"aligncenter size-full is-resized\"><img decoding=\"async\" width=\"1000\" height=\"1000\" src=\"https:\/\/hojichawholesale.eu\/wp-content\/uploads\/2025\/01\/Hojicha-dark-leaf.webp\" alt=\"\" class=\"wp-image-7458\" style=\"width:311px;height:auto\" srcset=\"https:\/\/hojichawholesale.eu\/wp-content\/uploads\/2025\/01\/Hojicha-dark-leaf.webp 1000w, https:\/\/hojichawholesale.eu\/wp-content\/uploads\/2025\/01\/Hojicha-dark-leaf-300x300.webp 300w, https:\/\/hojichawholesale.eu\/wp-content\/uploads\/2025\/01\/Hojicha-dark-leaf-150x150.webp 150w, https:\/\/hojichawholesale.eu\/wp-content\/uploads\/2025\/01\/Hojicha-dark-leaf-768x768.webp 768w, https:\/\/hojichawholesale.eu\/wp-content\/uploads\/2025\/01\/Hojicha-dark-leaf-600x600.webp 600w\" sizes=\"(max-width: 1000px) 100vw, 1000px\" \/><\/figure>\n<\/div><\/div>\n\n\n\n<div class=\"wp-block-column is-layout-flow wp-block-column-is-layout-flow\"><div class=\"wp-block-image\">\n<figure class=\"aligncenter size-large is-resized\"><img decoding=\"async\" width=\"1024\" height=\"1024\" src=\"https:\/\/hojichawholesale.eu\/wp-content\/uploads\/2025\/01\/Hojicha-dark-leaf-infused-1024x1024.webp\" alt=\"\" class=\"wp-image-7446\" style=\"width:313px;height:auto\" srcset=\"https:\/\/hojichawholesale.eu\/wp-content\/uploads\/2025\/01\/Hojicha-dark-leaf-infused-1024x1024.webp 1024w, https:\/\/hojichawholesale.eu\/wp-content\/uploads\/2025\/01\/Hojicha-dark-leaf-infused-300x300.webp 300w, https:\/\/hojichawholesale.eu\/wp-content\/uploads\/2025\/01\/Hojicha-dark-leaf-infused-150x150.webp 150w, https:\/\/hojichawholesale.eu\/wp-content\/uploads\/2025\/01\/Hojicha-dark-leaf-infused-768x768.webp 768w, https:\/\/hojichawholesale.eu\/wp-content\/uploads\/2025\/01\/Hojicha-dark-leaf-infused-1536x1536.webp 1536w, https:\/\/hojichawholesale.eu\/wp-content\/uploads\/2025\/01\/Hojicha-dark-leaf-infused-600x600.webp 600w, https:\/\/hojichawholesale.eu\/wp-content\/uploads\/2025\/01\/Hojicha-dark-leaf-infused.webp 2000w\" sizes=\"(max-width: 1024px) 100vw, 1024px\" \/><\/figure>\n<\/div><\/div>\n<\/div>\n\n<hr class=\"wp-block-separator has-alpha-channel-opacity\"\/>\n\n<h2 class=\"wp-block-heading\">Comment pr\u00e9parer la poudre d&rsquo;hojicha<\/h2>\n\n<ul class=\"wp-block-list\">\n<li><strong>Hojicha<\/strong> : M\u00e9langez 2 cuill\u00e8res \u00e0 caf\u00e9 de Hojicha avec 200 ml d\u2019eau chaude.<\/li>\n<\/ul>\n\n<hr class=\"wp-block-separator has-alpha-channel-opacity\"\/>\n\n<h2 class=\"wp-block-heading\">Id\u00e9al pour<\/h2>\n\n<ul class=\"wp-block-list\">\n<li>Les caf\u00e9s et les salons de th\u00e9 qui cherchent \u00e0 ajouter des boissons au th\u00e9 vert torr\u00e9fi\u00e9 comme le Hojicha \u00e0 leur menu.<\/li>\n\n\n\n<li>Les clients soucieux de leur sant\u00e9 qui pr\u00e9f\u00e8rent une alternative au th\u00e9 \u00e0 faible teneur en caf\u00e9ine.<\/li>\n<\/ul>\n\n<h2 class=\"wp-block-heading\">Demandez un \u00e9chantillon.<\/h2>\n\n<p>Curieux de d\u00e9couvrir les saveurs riches et grill\u00e9es de nos hojichas ? <\/p>\n\n<p>Remplissez vos coordonn\u00e9es ci-dessous et nous vous enverrons un \u00e9chantillon. Faites-nous savoir toute demande sp\u00e9cifique, et nous serons ravis de personnaliser notre offre en fonction des besoins de votre entreprise. <\/p>\n<div class=\"forminator-ui forminator-custom-form forminator-custom-form-1365 forminator-design--flat  forminator_ajax\" data-forminator-render=\"0\" data-form=\"forminator-module-1365\" data-uid=\"69d8c32b1a87f\"><br\/><\/div><form\n\t\t\t\tid=\"forminator-module-1365\"\n\t\t\t\tclass=\"forminator-ui forminator-custom-form forminator-custom-form-1365 forminator-design--flat  forminator_ajax\"\n\t\t\t\tmethod=\"post\"\n\t\t\t\tdata-forminator-render=\"0\"\n\t\t\t\tdata-form-id=\"1365\"\n\t\t\t\t data-color-option=\"default\" data-design=\"flat\" data-grid=\"open\" style=\"display: none;\"\n\t\t\t\tdata-uid=\"69d8c32b1a87f\"\n\t\t\t><div role=\"alert\" aria-live=\"polite\" class=\"forminator-response-message forminator-error\" aria-hidden=\"true\"><\/div><div class=\"forminator-row\"><div id=\"name-1\" class=\"forminator-field-name forminator-col forminator-col-6 \"><div class=\"forminator-field\"><input type=\"text\" name=\"name-1\" value=\"\" placeholder=\"First Name\" id=\"forminator-field-name-1_69d8c32b1a87f\" class=\"forminator-input forminator-name--field\" aria-required=\"true\" autocomplete=\"name\" \/><\/div><\/div><div id=\"name-2\" class=\"forminator-field-name forminator-col forminator-col-6 \"><div class=\"forminator-field\"><input type=\"text\" name=\"name-2\" value=\"\" placeholder=\"Last Name\" id=\"forminator-field-name-2_69d8c32b1a87f\" class=\"forminator-input forminator-name--field\" aria-required=\"true\" autocomplete=\"name\" \/><\/div><\/div><\/div><div class=\"forminator-row\"><div id=\"email-1\" class=\"forminator-field-email forminator-col forminator-col-12 \"><div class=\"forminator-field\"><input type=\"email\" name=\"email-1\" value=\"\" placeholder=\"Email\" id=\"forminator-field-email-1_69d8c32b1a87f\" class=\"forminator-input forminator-email--field\" data-required=\"true\" aria-required=\"true\" autocomplete=\"email\" \/><\/div><\/div><\/div><div class=\"forminator-row\"><div id=\"phone-1\" class=\"forminator-field-phone forminator-col forminator-col-12 \"><div class=\"forminator-field\"><input type=\"text\" name=\"phone-1\" value=\"\" placeholder=\"Phone\" id=\"forminator-field-phone-1_69d8c32b1a87f\" class=\"forminator-input forminator-field--phone\" data-required=\"\" aria-required=\"false\" autocomplete=\"off\" \/><\/div><\/div><\/div><div class=\"forminator-row\"><div id=\"textarea-1\" class=\"forminator-field-textarea forminator-col forminator-col-12 \"><div class=\"forminator-field\"><textarea name=\"textarea-1\" placeholder=\"Message\" id=\"forminator-field-textarea-1_69d8c32b1a87f\" class=\"forminator-textarea\" rows=\"6\" style=\"min-height:140px;\" ><\/textarea><span id=\"forminator-field-textarea-1_69d8c32b1a87f-description\" class=\"forminator-description\"><span data-limit=\"300\" data-type=\"words\" data-editor=\"\">0 \/ 300<\/span><\/span><\/div><\/div><\/div><div class=\"forminator-row\"><\/div><input type=\"hidden\" name=\"referer_url\" value=\"\" \/><div class=\"forminator-row forminator-row-last\"><div class=\"forminator-col\"><div class=\"forminator-field\"><button class=\"forminator-button forminator-button-submit\">Send<\/button><\/div><\/div><\/div><input type=\"hidden\" id=\"forminator_nonce\" name=\"forminator_nonce\" value=\"9ec8a6b542\" \/><input type=\"hidden\" name=\"_wp_http_referer\" value=\"\/fr\/wp-json\/wp\/v2\/pages\/6053\" \/><input type=\"hidden\" name=\"form_id\" value=\"1365\"><input type=\"hidden\" name=\"page_id\" value=\"6053\"><input type=\"hidden\" name=\"form_type\" value=\"default\"><input type=\"hidden\" name=\"current_url\" value=\"https:\/\/hojichawholesale.eu\/fr\/poudre-de-hojicha-vente-en-gros\/\"><input type=\"hidden\" name=\"render_id\" value=\"0\"><input type=\"hidden\" name=\"action\" value=\"forminator_submit_form_custom-forms\"><label for=\"input_6\" class=\"forminator-hidden\" aria-hidden=\"true\">Veuillez ne pas remplir ce champ. <input id=\"input_6\" type=\"text\" name=\"input_6\" value=\"\" autocomplete=\"off\"><\/label><\/form>\n","protected":false},"excerpt":{"rendered":"<p>Hojicha En Feuilles (Gros) Le Hojicha est un th\u00e9 vert japonais torr\u00e9fi\u00e9 de qualit\u00e9 sup\u00e9rieure, offrant une saveur douce et fum\u00e9e. Notre hojicha provient de fermes de th\u00e9 au Japon et y est directement emball\u00e9, ce qui garantit une qualit\u00e9 \u00e9lev\u00e9e, une fra\u00eecheur et un go\u00fbt torr\u00e9fi\u00e9 authentique. Caract\u00e9ristiques Avantages de la poudre d&rsquo;hojicha Informations [&hellip;]<\/p>\n","protected":false},"author":1,"featured_media":7438,"parent":0,"menu_order":0,"comment_status":"closed","ping_status":"closed","template":"","meta":{"_surecart_dashboard_logo_width":"180px","_surecart_dashboard_show_logo":true,"_surecart_dashboard_navigation_orders":true,"_surecart_dashboard_navigation_invoices":true,"_surecart_dashboard_navigation_subscriptions":true,"_surecart_dashboard_navigation_downloads":true,"_surecart_dashboard_navigation_billing":true,"_surecart_dashboard_navigation_account":true,"footnotes":""},"class_list":["post-6053","page","type-page","status-publish","has-post-thumbnail","hentry","entry","has-media"],"mb":[],"mfb_rest_fields":["title","gutenberg_elementor_mode"],"_links":{"self":[{"href":"https:\/\/hojichawholesale.eu\/fr\/wp-json\/wp\/v2\/pages\/6053","targetHints":{"allow":["GET"]}}],"collection":[{"href":"https:\/\/hojichawholesale.eu\/fr\/wp-json\/wp\/v2\/pages"}],"about":[{"href":"https:\/\/hojichawholesale.eu\/fr\/wp-json\/wp\/v2\/types\/page"}],"author":[{"embeddable":true,"href":"https:\/\/hojichawholesale.eu\/fr\/wp-json\/wp\/v2\/users\/1"}],"replies":[{"embeddable":true,"href":"https:\/\/hojichawholesale.eu\/fr\/wp-json\/wp\/v2\/comments?post=6053"}],"version-history":[{"count":0,"href":"https:\/\/hojichawholesale.eu\/fr\/wp-json\/wp\/v2\/pages\/6053\/revisions"}],"wp:featuredmedia":[{"embeddable":true,"href":"https:\/\/hojichawholesale.eu\/fr\/wp-json\/wp\/v2\/media\/7438"}],"wp:attachment":[{"href":"https:\/\/hojichawholesale.eu\/fr\/wp-json\/wp\/v2\/media?parent=6053"}],"curies":[{"name":"wp","href":"https:\/\/api.w.org\/{rel}","templated":true}]}}