{"id":6051,"date":"2024-10-12T14:03:31","date_gmt":"2024-10-12T14:03:31","guid":{"rendered":"https:\/\/hojichawholesale.eu\/hojicha-medium-roast-vente-en-gros\/"},"modified":"2025-12-10T18:57:50","modified_gmt":"2025-12-10T18:57:50","slug":"hojicha-medium-roast-vente-en-gros","status":"publish","type":"page","link":"https:\/\/hojichawholesale.eu\/fr\/hojicha-medium-roast-vente-en-gros\/","title":{"rendered":"Hojicha Medium Roast Powder (vente en gros)"},"content":{"rendered":"\n<h1 class=\"wp-block-heading\">Hojicha Medium Roast (Vente en gros)<\/h1>\n\n<p>La <strong>poudre <\/strong>de <strong>torr\u00e9faction moyenne Hojicha<\/strong> offre une saveur unique, riche et terreuse, parfaite pour les amateurs de th\u00e9 qui appr\u00e9cient un \u00e9quilibre entre des notes torr\u00e9fi\u00e9es robustes et la douceur naturelle du th\u00e9 vert.<\/p>\n<div class=\"wp-block-image\">\n<figure class=\"aligncenter size-full is-resized\"><img fetchpriority=\"high\" decoding=\"async\" width=\"1000\" height=\"1000\" src=\"https:\/\/hojichawholesale.eu\/wp-content\/uploads\/2025\/01\/hojicha-medium-powder-both.webp\" alt=\"\" class=\"wp-image-7484\" style=\"width:282px;height:auto\" srcset=\"https:\/\/hojichawholesale.eu\/wp-content\/uploads\/2025\/01\/hojicha-medium-powder-both.webp 1000w, https:\/\/hojichawholesale.eu\/wp-content\/uploads\/2025\/01\/hojicha-medium-powder-both-300x300.webp 300w, https:\/\/hojichawholesale.eu\/wp-content\/uploads\/2025\/01\/hojicha-medium-powder-both-150x150.webp 150w, https:\/\/hojichawholesale.eu\/wp-content\/uploads\/2025\/01\/hojicha-medium-powder-both-768x768.webp 768w, https:\/\/hojichawholesale.eu\/wp-content\/uploads\/2025\/01\/hojicha-medium-powder-both-600x600.webp 600w\" sizes=\"(max-width: 1000px) 100vw, 1000px\" \/><\/figure>\n<\/div>\n<h2 class=\"wp-block-heading\">Caract\u00e9ristiques<\/h2>\n\n<ul class=\"wp-block-list\">\n<li><strong>Type<\/strong>\u00a0: Th\u00e9 vert torr\u00e9fi\u00e9 (hojicha)<\/li>\n\n\n\n<li><strong>Provenance<\/strong>: Shizuoka, Japan<\/li>\n\n\n\n<li><strong>Forme<\/strong>\u00a0: Poudre<\/li>\n\n\n\n<li><strong>Niveau de torr\u00e9faction<\/strong> : Moyen<\/li>\n\n\n\n<li><strong>Saison de r\u00e9colte<\/strong>: Printemps\/\u00c9t\u00e9<\/li>\n\n\n\n<li><strong>Traitement<\/strong>\u00a0: Torr\u00e9fi\u00e9 dans de la porcelaine \u00e0 plus de 220\u00b0C<\/li>\n\n\n\n<li><strong>Profil de saveur<\/strong> : Noisette, l\u00e9g\u00e8rement sucr\u00e9, onctueux avec des notes de caramel<\/li>\n\n\n\n<li><strong>Caf\u00e9ine<\/strong> : Faible<\/li>\n\n\n\n<li><strong>Emballage<\/strong> : Disponible en sacs de 1 kg. Le reconditionnement est disponible \u00e0 votre demande.   <\/li>\n<\/ul>\n\n<hr class=\"wp-block-separator has-alpha-channel-opacity\"\/>\n\n<h2 class=\"wp-block-heading\">Avantages du Hojicha \u00e0 torr\u00e9faction moyenne<\/h2>\n\n<ul class=\"wp-block-list\">\n<li><strong>Riche en antioxydants<\/strong> : Prot\u00e8ge contre les radicaux libres<\/li>\n\n\n\n<li><strong>Faible teneur en caf\u00e9ine<\/strong> : Id\u00e9al pour profiter toute la journ\u00e9e, y compris les soir\u00e9es<\/li>\n\n\n\n<li><strong>Calmant et relaxant<\/strong> : Le processus de torr\u00e9faction doux r\u00e9duit l\u2019amertume et rehausse une saveur douce et r\u00e9confortante.<\/li>\n\n\n\n<li><strong>Tendance<\/strong> : Prometteur en Asie du Sud-Est, il commence \u00e0 susciter de l\u2019int\u00e9r\u00eat en Europe.<\/li>\n<\/ul>\n\n<div class=\"wp-block-columns is-layout-flex wp-container-core-columns-is-layout-28f84493 wp-block-columns-is-layout-flex\">\n<div class=\"wp-block-column is-layout-flow wp-block-column-is-layout-flow\"><div class=\"wp-block-image\">\n<figure class=\"aligncenter size-full is-resized\"><img decoding=\"async\" width=\"1000\" height=\"1000\" src=\"https:\/\/hojichawholesale.eu\/wp-content\/uploads\/2025\/01\/hojicha-medium-powder.webp\" alt=\"Poudre de torr&#xE9;faction moyenne Hojicha\" class=\"wp-image-7472\" style=\"width:297px;height:auto\" srcset=\"https:\/\/hojichawholesale.eu\/wp-content\/uploads\/2025\/01\/hojicha-medium-powder.webp 1000w, https:\/\/hojichawholesale.eu\/wp-content\/uploads\/2025\/01\/hojicha-medium-powder-300x300.webp 300w, https:\/\/hojichawholesale.eu\/wp-content\/uploads\/2025\/01\/hojicha-medium-powder-150x150.webp 150w, https:\/\/hojichawholesale.eu\/wp-content\/uploads\/2025\/01\/hojicha-medium-powder-768x768.webp 768w, https:\/\/hojichawholesale.eu\/wp-content\/uploads\/2025\/01\/hojicha-medium-powder-600x600.webp 600w\" sizes=\"(max-width: 1000px) 100vw, 1000px\" \/><\/figure>\n<\/div><\/div>\n\n\n\n<div class=\"wp-block-column is-layout-flow wp-block-column-is-layout-flow\"><div class=\"wp-block-image\">\n<figure class=\"aligncenter size-large is-resized\"><img decoding=\"async\" width=\"1024\" height=\"1024\" src=\"https:\/\/hojichawholesale.eu\/wp-content\/uploads\/2025\/01\/hojicha-medium-powder-infused-1024x1024.webp\" alt=\"Poudre de torr&#xE9;faction moyenne Hojicha infus&#xE9;e\" class=\"wp-image-7496\" style=\"width:295px;height:auto\" srcset=\"https:\/\/hojichawholesale.eu\/wp-content\/uploads\/2025\/01\/hojicha-medium-powder-infused-1024x1024.webp 1024w, https:\/\/hojichawholesale.eu\/wp-content\/uploads\/2025\/01\/hojicha-medium-powder-infused-300x300.webp 300w, https:\/\/hojichawholesale.eu\/wp-content\/uploads\/2025\/01\/hojicha-medium-powder-infused-150x150.webp 150w, https:\/\/hojichawholesale.eu\/wp-content\/uploads\/2025\/01\/hojicha-medium-powder-infused-768x768.webp 768w, https:\/\/hojichawholesale.eu\/wp-content\/uploads\/2025\/01\/hojicha-medium-powder-infused-1536x1536.webp 1536w, https:\/\/hojichawholesale.eu\/wp-content\/uploads\/2025\/01\/hojicha-medium-powder-infused-600x600.webp 600w, https:\/\/hojichawholesale.eu\/wp-content\/uploads\/2025\/01\/hojicha-medium-powder-infused.webp 2000w\" sizes=\"(max-width: 1024px) 100vw, 1024px\" \/><\/figure>\n<\/div><\/div>\n<\/div>\n\n<hr class=\"wp-block-separator has-alpha-channel-opacity\"\/>\n\n<h2 class=\"wp-block-heading\">Informations sur la vente en gros<\/h2>\n\n<ul class=\"wp-block-list\">\n<li><strong>Quantit\u00e9 minimale de commande (MOQ)<\/strong> : 500 grammes (5*100 grammes).<\/li>\n\n\n\n<li><strong>Prix de gros<\/strong> : Contactez-nous ci-dessous pour un devis personnalis\u00e9 bas\u00e9 sur le volume de commande.<\/li>\n\n\n\n<li><strong>Conservation<\/strong> : Conserver dans un endroit frais et sec.<\/li>\n\n\n\n<li><strong>Date de p\u00e9remption<\/strong> : L&rsquo;hojicha peut \u00eatre conserv\u00e9 jusqu\u2019\u00e0 deux ans sans \u00eatre ouvert et stock\u00e9 \u00e0 une temp\u00e9rature de 5 \u00e0 10 \u00b0C.<\/li>\n\n\n\n<li><strong>Exp\u00e9dition<\/strong> : Nous exp\u00e9dions sur le continent europ\u00e9en avec des options d\u2019exp\u00e9dition flexibles, y compris la livraison express pour les commandes urgentes.<\/li>\n<\/ul>\n\n<hr class=\"wp-block-separator has-alpha-channel-opacity\"\/>\n\n<h2 class=\"wp-block-heading\">Comment infuser<\/h2>\n\n<ol class=\"wp-block-list\">\n<li><strong>Quantit\u00e9 de th\u00e9<\/strong> : 8 g de th\u00e9 pour 500 ml d&rsquo;eau<\/li>\n\n\n\n<li><strong>Temp\u00e9rature de l\u2019eau<\/strong> : 70-80\u00b0C <\/li>\n\n\n\n<li><strong>Temps d\u2019infusion<\/strong> : 2-3 minutes pour une tasse parfaite<\/li>\n<\/ol>\n\n<hr class=\"wp-block-separator has-alpha-channel-opacity\"\/>\n\n<h2 class=\"wp-block-heading\">Id\u00e9al pour<\/h2>\n\n<ul class=\"wp-block-list\">\n<li>Les salons de th\u00e9, les caf\u00e9s et les restaurants qui cherchent \u00e0 offrir une exp\u00e9rience de hojicha latte haut de gamme.  <\/li>\n\n\n\n<li>Les consommateurs soucieux de leur sant\u00e9 qui pr\u00e9f\u00e8rent une alternative \u00e0 faible teneur en caf\u00e9ine.<\/li>\n\n\n\n<li>Se m\u00e9lange avec d\u2019autres th\u00e9s pour cr\u00e9er des m\u00e9langes de th\u00e9 maison signature.<\/li>\n<\/ul>\n\n<h2 class=\"wp-block-heading\">Demandez un \u00e9chantillon.<\/h2>\n\n<p>Curieux de d\u00e9couvrir les saveurs riches et grill\u00e9es de nos hojichas ? <\/p>\n\n<p>Remplissez vos coordonn\u00e9es ci-dessous et nous vous enverrons un \u00e9chantillon. Faites-nous savoir toute demande sp\u00e9cifique, et nous serons ravis de personnaliser notre offre en fonction des besoins de votre entreprise. <\/p>\n<div class=\"forminator-ui forminator-custom-form forminator-custom-form-1365 forminator-design--flat  forminator_ajax\" data-forminator-render=\"0\" data-form=\"forminator-module-1365\" data-uid=\"69dec5a88a4e6\"><br\/><\/div><form\n\t\t\t\tid=\"forminator-module-1365\"\n\t\t\t\tclass=\"forminator-ui forminator-custom-form forminator-custom-form-1365 forminator-design--flat  forminator_ajax\"\n\t\t\t\tmethod=\"post\"\n\t\t\t\tdata-forminator-render=\"0\"\n\t\t\t\tdata-form-id=\"1365\"\n\t\t\t\t data-color-option=\"default\" data-design=\"flat\" data-grid=\"open\" style=\"display: none;\"\n\t\t\t\tdata-uid=\"69dec5a88a4e6\"\n\t\t\t><div role=\"alert\" aria-live=\"polite\" class=\"forminator-response-message forminator-error\" aria-hidden=\"true\"><\/div><div class=\"forminator-row\"><div id=\"name-1\" class=\"forminator-field-name forminator-col forminator-col-6 \"><div class=\"forminator-field\"><input type=\"text\" name=\"name-1\" value=\"\" placeholder=\"First Name\" id=\"forminator-field-name-1_69dec5a88a4e6\" class=\"forminator-input forminator-name--field\" aria-required=\"true\" autocomplete=\"name\" \/><\/div><\/div><div id=\"name-2\" class=\"forminator-field-name forminator-col forminator-col-6 \"><div class=\"forminator-field\"><input type=\"text\" name=\"name-2\" value=\"\" placeholder=\"Last Name\" id=\"forminator-field-name-2_69dec5a88a4e6\" class=\"forminator-input forminator-name--field\" aria-required=\"true\" autocomplete=\"name\" \/><\/div><\/div><\/div><div class=\"forminator-row\"><div id=\"email-1\" class=\"forminator-field-email forminator-col forminator-col-12 \"><div class=\"forminator-field\"><input type=\"email\" name=\"email-1\" value=\"\" placeholder=\"Email\" id=\"forminator-field-email-1_69dec5a88a4e6\" class=\"forminator-input forminator-email--field\" data-required=\"true\" aria-required=\"true\" autocomplete=\"email\" \/><\/div><\/div><\/div><div class=\"forminator-row\"><div id=\"phone-1\" class=\"forminator-field-phone forminator-col forminator-col-12 \"><div class=\"forminator-field\"><input type=\"text\" name=\"phone-1\" value=\"\" placeholder=\"Phone\" id=\"forminator-field-phone-1_69dec5a88a4e6\" class=\"forminator-input forminator-field--phone\" data-required=\"\" aria-required=\"false\" autocomplete=\"off\" \/><\/div><\/div><\/div><div class=\"forminator-row\"><div id=\"textarea-1\" class=\"forminator-field-textarea forminator-col forminator-col-12 \"><div class=\"forminator-field\"><textarea name=\"textarea-1\" placeholder=\"Message\" id=\"forminator-field-textarea-1_69dec5a88a4e6\" class=\"forminator-textarea\" rows=\"6\" style=\"min-height:140px;\" ><\/textarea><span id=\"forminator-field-textarea-1_69dec5a88a4e6-description\" class=\"forminator-description\"><span data-limit=\"300\" data-type=\"words\" data-editor=\"\">0 \/ 300<\/span><\/span><\/div><\/div><\/div><div class=\"forminator-row\"><\/div><input type=\"hidden\" name=\"referer_url\" value=\"\" \/><div class=\"forminator-row forminator-row-last\"><div class=\"forminator-col\"><div class=\"forminator-field\"><button class=\"forminator-button forminator-button-submit\">Send<\/button><\/div><\/div><\/div><input type=\"hidden\" id=\"forminator_nonce\" name=\"forminator_nonce\" value=\"a647953a3f\" \/><input type=\"hidden\" name=\"_wp_http_referer\" value=\"\/fr\/wp-json\/wp\/v2\/pages\/6051\" \/><input type=\"hidden\" name=\"form_id\" value=\"1365\"><input type=\"hidden\" name=\"page_id\" value=\"6051\"><input type=\"hidden\" name=\"form_type\" value=\"default\"><input type=\"hidden\" name=\"current_url\" value=\"https:\/\/hojichawholesale.eu\/fr\/hojicha-medium-roast-vente-en-gros\/\"><input type=\"hidden\" name=\"render_id\" value=\"0\"><input type=\"hidden\" name=\"action\" value=\"forminator_submit_form_custom-forms\"><label for=\"input_6\" class=\"forminator-hidden\" aria-hidden=\"true\">Veuillez ne pas remplir ce champ. <input id=\"input_6\" type=\"text\" name=\"input_6\" value=\"\" autocomplete=\"off\"><\/label><\/form>\n","protected":false},"excerpt":{"rendered":"<p>Hojicha Medium Roast (Vente en gros) La poudre de torr\u00e9faction moyenne Hojicha offre une saveur unique, riche et terreuse, parfaite pour les amateurs de th\u00e9 qui appr\u00e9cient un \u00e9quilibre entre des notes torr\u00e9fi\u00e9es robustes et la douceur naturelle du th\u00e9 vert. Caract\u00e9ristiques Avantages du Hojicha \u00e0 torr\u00e9faction moyenne Informations sur la vente en gros Comment [&hellip;]<\/p>\n","protected":false},"author":1,"featured_media":7488,"parent":0,"menu_order":0,"comment_status":"closed","ping_status":"closed","template":"","meta":{"_surecart_dashboard_logo_width":"180px","_surecart_dashboard_show_logo":true,"_surecart_dashboard_navigation_orders":true,"_surecart_dashboard_navigation_invoices":true,"_surecart_dashboard_navigation_subscriptions":true,"_surecart_dashboard_navigation_downloads":true,"_surecart_dashboard_navigation_billing":true,"_surecart_dashboard_navigation_account":true,"footnotes":""},"class_list":["post-6051","page","type-page","status-publish","has-post-thumbnail","hentry","entry","has-media"],"mb":[],"mfb_rest_fields":["title","gutenberg_elementor_mode"],"_links":{"self":[{"href":"https:\/\/hojichawholesale.eu\/fr\/wp-json\/wp\/v2\/pages\/6051","targetHints":{"allow":["GET"]}}],"collection":[{"href":"https:\/\/hojichawholesale.eu\/fr\/wp-json\/wp\/v2\/pages"}],"about":[{"href":"https:\/\/hojichawholesale.eu\/fr\/wp-json\/wp\/v2\/types\/page"}],"author":[{"embeddable":true,"href":"https:\/\/hojichawholesale.eu\/fr\/wp-json\/wp\/v2\/users\/1"}],"replies":[{"embeddable":true,"href":"https:\/\/hojichawholesale.eu\/fr\/wp-json\/wp\/v2\/comments?post=6051"}],"version-history":[{"count":0,"href":"https:\/\/hojichawholesale.eu\/fr\/wp-json\/wp\/v2\/pages\/6051\/revisions"}],"wp:featuredmedia":[{"embeddable":true,"href":"https:\/\/hojichawholesale.eu\/fr\/wp-json\/wp\/v2\/media\/7488"}],"wp:attachment":[{"href":"https:\/\/hojichawholesale.eu\/fr\/wp-json\/wp\/v2\/media?parent=6051"}],"curies":[{"name":"wp","href":"https:\/\/api.w.org\/{rel}","templated":true}]}}