{"id":6049,"date":"2024-10-11T17:57:17","date_gmt":"2024-10-11T17:57:17","guid":{"rendered":"https:\/\/hojichawholesale.eu\/hojicha-pour-les-magasins-de-the-au-detail\/"},"modified":"2024-10-13T14:51:24","modified_gmt":"2024-10-13T14:51:24","slug":"hojicha-pour-les-magasins-de-the-au-detail","status":"publish","type":"page","link":"https:\/\/hojichawholesale.eu\/fr\/hojicha-pour-les-magasins-de-the-au-detail\/","title":{"rendered":"Hojicha pour les magasins de th\u00e9 au d\u00e9tail"},"content":{"rendered":"\n<h1 class=\"wp-block-heading\">Hojicha pour les magasins de th\u00e9<\/h1>\n\n<p>Hojicha a beaucoup gagn\u00e9 en popularit\u00e9 ces derni\u00e8res ann\u00e9es et est en train de devenir un produit phare du Japon. Voici pourquoi il devrait faire partie de votre \u00e9ventail de produits. <\/p>\n\n<h2 class=\"wp-block-heading\">1. <strong>Profil de saveur unique<\/strong><\/h2>\n\n<p>Le processus de torr\u00e9faction distinctif de l&rsquo;hojicha lui donne un ar\u00f4me chaud et grill\u00e9 et une douce saveur de noisette. Contrairement aux th\u00e9s verts traditionnels, il est naturellement faible en caf\u00e9ine, ce qui en fait un excellent choix pour les clients qui veulent un th\u00e9 apaisant qu\u2019ils peuvent d\u00e9guster tout au long de la journ\u00e9e, m\u00eame le soir. <\/p>\n<div class=\"wp-block-image\">\n<figure class=\"aligncenter size-large is-resized\"><img fetchpriority=\"high\" decoding=\"async\" width=\"1024\" height=\"683\" src=\"https:\/\/hojichawholesale.eu\/wp-content\/uploads\/2024\/10\/Depositphotos_505383520_L-1024x683.avif\" alt=\"\" class=\"wp-image-5324\" style=\"width:484px;height:auto\" srcset=\"https:\/\/hojichawholesale.eu\/wp-content\/uploads\/2024\/10\/Depositphotos_505383520_L-1024x683.avif 1024w, https:\/\/hojichawholesale.eu\/wp-content\/uploads\/2024\/10\/Depositphotos_505383520_L-300x200.avif 300w, https:\/\/hojichawholesale.eu\/wp-content\/uploads\/2024\/10\/Depositphotos_505383520_L-768x512.avif 768w, https:\/\/hojichawholesale.eu\/wp-content\/uploads\/2024\/10\/Depositphotos_505383520_L.avif 1200w\" sizes=\"(max-width: 1024px) 100vw, 1024px\" \/><\/figure>\n<\/div>\n<h2 class=\"wp-block-heading\">2. <strong>Avantages pour la sant\u00e9<\/strong><\/h2>\n\n<p>L&rsquo;hojicha est riche en antioxydants comme les cat\u00e9chines, ce qui en fait un candidat de choix pour vos campagnes de marketing. <\/p>\n\n<p>Sa faible teneur en caf\u00e9ine le rend adapt\u00e9 aux personnes sensibles aux stimulants, et le processus de torr\u00e9faction r\u00e9duit les tanins, ce qui lui donne une texture lisse sans l\u2019amertume souvent associ\u00e9e au th\u00e9 vert.<\/p>\n\n<h2 class=\"wp-block-heading\">3. <strong>Un march\u00e9 en croissance<\/strong><\/h2>\n\n<p>Avec une demande croissante de th\u00e9s sp\u00e9ciaux et de produits de bien-\u00eatre, l&rsquo;hojicha offre \u00e0 votre boutique la possibilit\u00e9 d\u2019attirer des clients soucieux de leur sant\u00e9. <\/p>\n\n<p>Sa saveur distincte et sa faible teneur en caf\u00e9ine s\u00e9duisent un public diversifi\u00e9, des amateurs de th\u00e9 aux consommateurs soucieux de leur sant\u00e9. C\u2019est un excellent choix pour ceux qui recherchent une boisson chaude calme et apaisante pour la nuit. <\/p>\n\n<figure class=\"wp-block-image size-large is-resized\"><img decoding=\"async\" width=\"1024\" height=\"544\" src=\"https:\/\/hojichawholesale.eu\/wp-content\/uploads\/2024\/10\/hojicha-trends-1-1024x544.avif\" alt=\"\" class=\"wp-image-5519\" style=\"width:840px;height:auto\" srcset=\"https:\/\/hojichawholesale.eu\/wp-content\/uploads\/2024\/10\/hojicha-trends-1-1024x544.avif 1024w, https:\/\/hojichawholesale.eu\/wp-content\/uploads\/2024\/10\/hojicha-trends-1-300x159.avif 300w, https:\/\/hojichawholesale.eu\/wp-content\/uploads\/2024\/10\/hojicha-trends-1-768x408.avif 768w, https:\/\/hojichawholesale.eu\/wp-content\/uploads\/2024\/10\/hojicha-trends-1-1536x816.avif 1536w, https:\/\/hojichawholesale.eu\/wp-content\/uploads\/2024\/10\/hojicha-trends-1.avif 1892w\" sizes=\"(max-width: 1024px) 100vw, 1024px\" \/><\/figure>\n\n<figure class=\"wp-block-image size-large\"><img decoding=\"async\" width=\"1024\" height=\"412\" src=\"https:\/\/hojichawholesale.eu\/wp-content\/uploads\/2024\/10\/hojicha-trends-countries-1024x412.avif\" alt=\"\" class=\"wp-image-5459\" srcset=\"https:\/\/hojichawholesale.eu\/wp-content\/uploads\/2024\/10\/hojicha-trends-countries-1024x412.avif 1024w, https:\/\/hojichawholesale.eu\/wp-content\/uploads\/2024\/10\/hojicha-trends-countries-300x121.avif 300w, https:\/\/hojichawholesale.eu\/wp-content\/uploads\/2024\/10\/hojicha-trends-countries-768x309.avif 768w, https:\/\/hojichawholesale.eu\/wp-content\/uploads\/2024\/10\/hojicha-trends-countries-1536x618.avif 1536w, https:\/\/hojichawholesale.eu\/wp-content\/uploads\/2024\/10\/hojicha-trends-countries.avif 1873w\" sizes=\"(max-width: 1024px) 100vw, 1024px\" \/><\/figure>\n\n<h2 class=\"wp-block-heading\">4. <strong>Polyvalence d\u2019utilisation<\/strong><\/h2>\n\n<p>Contrairement au matcha, l&rsquo;hojicha est disponible sous forme de poudre et de feuilles, ce qui vous donne la flexibilit\u00e9 dont vous avez besoin pour faire conna\u00eetre ses propri\u00e9t\u00e9s. <\/p>\n\n<p>Il peut \u00e9galement \u00eatre utilis\u00e9 dans les lattes, les produits de boulangerie, les glaces ou comme simple th\u00e9. <\/p>\n\n<h2 class=\"wp-block-heading\">5. <strong>Qualit\u00e9 sup\u00e9rieure<\/strong><\/h2>\n\n<p>Notre hojicha provient directement des meilleurs producteurs de th\u00e9 japonais. Cela garantit un produit de la plus haute qualit\u00e9, avec un profil de saveur coh\u00e9rent que vos clients adoreront et pour lesquels ils reviendront. <\/p>\n\n<h2 class=\"wp-block-heading\">6. Marges saines<\/h2>\n\n<p>L&rsquo;hojicha \u00e9tant peu co\u00fbteux \u00e0 produire tout en \u00e9tant associ\u00e9 \u00e0 la culture japonaise, les clients sont pr\u00eats \u00e0 payer un certain prix, en particulier pour la poudre d&rsquo;hojicha. <\/p>\n\n<p>L&rsquo;hojicha vous aidera \u00e0 diversifier votre offre et \u00e0 r\u00e9pondre aux besoins d\u2019un nouveau type de consommateur \u00e0 la recherche de produits peu connus et prometteurs. <\/p>\n\n<h2 class=\"wp-block-heading\">Demandez un \u00e9chantillon<\/h2>\n\n<p>Curieux de d\u00e9couvrir les saveurs riches et grill\u00e9es de nos hojichas ? <\/p>\n\n<p>Veuillez bien vouloir remplir vos coordonn\u00e9es ci-dessous. Faites-nous savoir toute demande sp\u00e9cifique et nous serons ravis de personnaliser notre offre en fonction de vos besoins.<\/p>\n<div class=\"forminator-ui forminator-custom-form forminator-custom-form-1365 forminator-design--flat  forminator_ajax\" data-forminator-render=\"0\" data-form=\"forminator-module-1365\" data-uid=\"69de2b366297e\"><br\/><\/div><form\n\t\t\t\tid=\"forminator-module-1365\"\n\t\t\t\tclass=\"forminator-ui forminator-custom-form forminator-custom-form-1365 forminator-design--flat  forminator_ajax\"\n\t\t\t\tmethod=\"post\"\n\t\t\t\tdata-forminator-render=\"0\"\n\t\t\t\tdata-form-id=\"1365\"\n\t\t\t\t data-color-option=\"default\" data-design=\"flat\" data-grid=\"open\" style=\"display: none;\"\n\t\t\t\tdata-uid=\"69de2b366297e\"\n\t\t\t><div role=\"alert\" aria-live=\"polite\" class=\"forminator-response-message forminator-error\" aria-hidden=\"true\"><\/div><div class=\"forminator-row\"><div id=\"name-1\" class=\"forminator-field-name forminator-col forminator-col-6 \"><div class=\"forminator-field\"><input type=\"text\" name=\"name-1\" value=\"\" placeholder=\"First Name\" id=\"forminator-field-name-1_69de2b366297e\" class=\"forminator-input forminator-name--field\" aria-required=\"true\" autocomplete=\"name\" \/><\/div><\/div><div id=\"name-2\" class=\"forminator-field-name forminator-col forminator-col-6 \"><div class=\"forminator-field\"><input type=\"text\" name=\"name-2\" value=\"\" placeholder=\"Last Name\" id=\"forminator-field-name-2_69de2b366297e\" class=\"forminator-input forminator-name--field\" aria-required=\"true\" autocomplete=\"name\" \/><\/div><\/div><\/div><div class=\"forminator-row\"><div id=\"email-1\" class=\"forminator-field-email forminator-col forminator-col-12 \"><div class=\"forminator-field\"><input type=\"email\" name=\"email-1\" value=\"\" placeholder=\"Email\" id=\"forminator-field-email-1_69de2b366297e\" class=\"forminator-input forminator-email--field\" data-required=\"true\" aria-required=\"true\" autocomplete=\"email\" \/><\/div><\/div><\/div><div class=\"forminator-row\"><div id=\"phone-1\" class=\"forminator-field-phone forminator-col forminator-col-12 \"><div class=\"forminator-field\"><input type=\"text\" name=\"phone-1\" value=\"\" placeholder=\"Phone\" id=\"forminator-field-phone-1_69de2b366297e\" class=\"forminator-input forminator-field--phone\" data-required=\"\" aria-required=\"false\" autocomplete=\"off\" \/><\/div><\/div><\/div><div class=\"forminator-row\"><div id=\"textarea-1\" class=\"forminator-field-textarea forminator-col forminator-col-12 \"><div class=\"forminator-field\"><textarea name=\"textarea-1\" placeholder=\"Message\" id=\"forminator-field-textarea-1_69de2b366297e\" class=\"forminator-textarea\" rows=\"6\" style=\"min-height:140px;\" ><\/textarea><span id=\"forminator-field-textarea-1_69de2b366297e-description\" class=\"forminator-description\"><span data-limit=\"300\" data-type=\"words\" data-editor=\"\">0 \/ 300<\/span><\/span><\/div><\/div><\/div><div class=\"forminator-row\"><\/div><input type=\"hidden\" name=\"referer_url\" value=\"\" \/><div class=\"forminator-row forminator-row-last\"><div class=\"forminator-col\"><div class=\"forminator-field\"><button class=\"forminator-button forminator-button-submit\">Send<\/button><\/div><\/div><\/div><input type=\"hidden\" id=\"forminator_nonce\" name=\"forminator_nonce\" value=\"452b8d24f4\" \/><input type=\"hidden\" name=\"_wp_http_referer\" value=\"\/fr\/wp-json\/wp\/v2\/pages\/6049\" \/><input type=\"hidden\" name=\"form_id\" value=\"1365\"><input type=\"hidden\" name=\"page_id\" value=\"6049\"><input type=\"hidden\" name=\"form_type\" value=\"default\"><input type=\"hidden\" name=\"current_url\" value=\"https:\/\/hojichawholesale.eu\/fr\/hojicha-pour-les-magasins-de-the-au-detail\/\"><input type=\"hidden\" name=\"render_id\" value=\"0\"><input type=\"hidden\" name=\"action\" value=\"forminator_submit_form_custom-forms\"><label for=\"input_6\" class=\"forminator-hidden\" aria-hidden=\"true\">Veuillez ne pas remplir ce champ. <input id=\"input_6\" type=\"text\" name=\"input_6\" value=\"\" autocomplete=\"off\"><\/label><\/form>\n","protected":false},"excerpt":{"rendered":"<p>Hojicha pour les magasins de th\u00e9 Hojicha a beaucoup gagn\u00e9 en popularit\u00e9 ces derni\u00e8res ann\u00e9es et est en train de devenir un produit phare du Japon. Voici pourquoi il devrait faire partie de votre \u00e9ventail de produits. 1. Profil de saveur unique Le processus de torr\u00e9faction distinctif de l&rsquo;hojicha lui donne un ar\u00f4me chaud et [&hellip;]<\/p>\n","protected":false},"author":1,"featured_media":5988,"parent":0,"menu_order":0,"comment_status":"closed","ping_status":"closed","template":"","meta":{"_surecart_dashboard_logo_width":"180px","_surecart_dashboard_show_logo":true,"_surecart_dashboard_navigation_orders":true,"_surecart_dashboard_navigation_invoices":true,"_surecart_dashboard_navigation_subscriptions":true,"_surecart_dashboard_navigation_downloads":true,"_surecart_dashboard_navigation_billing":true,"_surecart_dashboard_navigation_account":true,"footnotes":""},"class_list":["post-6049","page","type-page","status-publish","has-post-thumbnail","hentry","entry","has-media"],"mb":[],"mfb_rest_fields":["title","gutenberg_elementor_mode"],"_links":{"self":[{"href":"https:\/\/hojichawholesale.eu\/fr\/wp-json\/wp\/v2\/pages\/6049","targetHints":{"allow":["GET"]}}],"collection":[{"href":"https:\/\/hojichawholesale.eu\/fr\/wp-json\/wp\/v2\/pages"}],"about":[{"href":"https:\/\/hojichawholesale.eu\/fr\/wp-json\/wp\/v2\/types\/page"}],"author":[{"embeddable":true,"href":"https:\/\/hojichawholesale.eu\/fr\/wp-json\/wp\/v2\/users\/1"}],"replies":[{"embeddable":true,"href":"https:\/\/hojichawholesale.eu\/fr\/wp-json\/wp\/v2\/comments?post=6049"}],"version-history":[{"count":0,"href":"https:\/\/hojichawholesale.eu\/fr\/wp-json\/wp\/v2\/pages\/6049\/revisions"}],"wp:featuredmedia":[{"embeddable":true,"href":"https:\/\/hojichawholesale.eu\/fr\/wp-json\/wp\/v2\/media\/5988"}],"wp:attachment":[{"href":"https:\/\/hojichawholesale.eu\/fr\/wp-json\/wp\/v2\/media?parent=6049"}],"curies":[{"name":"wp","href":"https:\/\/api.w.org\/{rel}","templated":true}]}}