{"id":6047,"date":"2024-10-12T09:58:42","date_gmt":"2024-10-12T09:58:42","guid":{"rendered":"https:\/\/hojichawholesale.eu\/hojicha-pour-lhotellerie-et-la-restauration\/"},"modified":"2024-10-13T14:45:08","modified_gmt":"2024-10-13T14:45:08","slug":"hojicha-pour-lhotellerie-et-la-restauration","status":"publish","type":"page","link":"https:\/\/hojichawholesale.eu\/fr\/hojicha-pour-lhotellerie-et-la-restauration\/","title":{"rendered":"Hojicha pour l\u2019h\u00f4tellerie et la restauration"},"content":{"rendered":"\n<h1 class=\"wp-block-heading\">Hojicha pour l\u2019h\u00f4tellerie et la restauration<\/h1>\n\n<p>L&rsquo;hojicha est un th\u00e9 japonais en plein essor. Comme le matcha, il est vendu sous forme de poudre, parfait pour les lattes, les desserts et les produits de boulangerie. Mais contrairement au matcha, il est \u00e9galement disponible en feuilles , ce qui permet son infusion facile dans de l\u2019eau chaude.   <\/p>\n\n<p>Hojicha est associ\u00e9 aux tendances saines et \u00e0 la haute qualit\u00e9, ce qui a un impact positif sur votre l&rsquo;image de votre marque tout en aidant vos clients \u00e0 se sentir tendance. <\/p>\n\n<p>De plus, il offre des marges b\u00e9n\u00e9ficiaires \u00e9lev\u00e9es gr\u00e2ce \u00e0 sa perception premium et \u00e0 ses faibles co\u00fbts de production.<\/p>\n\n<p>Voici pourquoi l&rsquo;hojicha est l&rsquo;option parfaite au menu de votre h\u00f4tel ou restaurant.<\/p>\n\n<h2 class=\"wp-block-heading\">1. Saveur unique<\/h2>\n\n<p>L&rsquo;hojicha offre une saveur profonde et torr\u00e9fi\u00e9e avec des notes de caramel et de noix. Sa saveur douce et naturellement sucr\u00e9e pla\u00eet \u00e0 un large \u00e9ventail de personnes, ce qui en fait une option plus universellement accessible que le matcha. <\/p>\n\n<h2 class=\"wp-block-heading\">2. Faible teneur en caf\u00e9ine<\/h2>\n\n<p>Torr\u00e9fi\u00e9 \u00e0 haute temp\u00e9rature, l&rsquo;hojicha a une teneur minimale en caf\u00e9ine, ce qui en fait une option id\u00e9ale pour les clients en qu\u00eate de relaxation. Cela renforce \u00e9galement l\u2019attrait de votre menu. <\/p>\n<div class=\"wp-block-image\">\n<figure class=\"aligncenter size-large is-resized\"><img fetchpriority=\"high\" decoding=\"async\" width=\"1024\" height=\"684\" src=\"https:\/\/hojichawholesale.eu\/wp-content\/uploads\/2024\/10\/Depositphotos_500113964_L-1024x684.avif\" alt=\"\" class=\"wp-image-5326\" style=\"width:509px;height:auto\" srcset=\"https:\/\/hojichawholesale.eu\/wp-content\/uploads\/2024\/10\/Depositphotos_500113964_L-1024x684.avif 1024w, https:\/\/hojichawholesale.eu\/wp-content\/uploads\/2024\/10\/Depositphotos_500113964_L-300x200.avif 300w, https:\/\/hojichawholesale.eu\/wp-content\/uploads\/2024\/10\/Depositphotos_500113964_L-768x513.avif 768w, https:\/\/hojichawholesale.eu\/wp-content\/uploads\/2024\/10\/Depositphotos_500113964_L.avif 1200w\" sizes=\"(max-width: 1024px) 100vw, 1024px\" \/><\/figure>\n<\/div>\n<h2 class=\"wp-block-heading\">3. L&rsquo;hojicha est sain<\/h2>\n\n<p>Alors que les consommateurs privil\u00e9gient de plus en plus leur sant\u00e9, l&rsquo;hojicha offre une multitude d\u2019avantages. Il est riche en antioxydants, facilite la digestion, r\u00e9duit le stress et favorise la relaxation.  <\/p>\n\n<h2 class=\"wp-block-heading\">4. Polyvalence et flexibilit\u00e9<\/h2>\n\n<p>L&rsquo;hojicha est un ingr\u00e9dient flexible, qu\u2019il soit servi chaud ou glac\u00e9, ou incorpor\u00e9 dans des lattes, des cocktails ou des desserts. Sa polyvalence permet une cr\u00e9ativit\u00e9 sans fin dans vos cartes de boissons et de desserts, ajoutant une touche unique \u00e0 votre offre. <\/p>\n<div class=\"wp-block-image\">\n<figure class=\"aligncenter size-large is-resized\"><img decoding=\"async\" width=\"1024\" height=\"683\" src=\"https:\/\/hojichawholesale.eu\/wp-content\/uploads\/2024\/10\/Depositphotos_507526862_L-1024x683.avif\" alt=\"\" class=\"wp-image-5332\" style=\"width:605px;height:auto\" srcset=\"https:\/\/hojichawholesale.eu\/wp-content\/uploads\/2024\/10\/Depositphotos_507526862_L-1024x683.avif 1024w, https:\/\/hojichawholesale.eu\/wp-content\/uploads\/2024\/10\/Depositphotos_507526862_L-300x200.avif 300w, https:\/\/hojichawholesale.eu\/wp-content\/uploads\/2024\/10\/Depositphotos_507526862_L-768x512.avif 768w, https:\/\/hojichawholesale.eu\/wp-content\/uploads\/2024\/10\/Depositphotos_507526862_L.avif 1200w\" sizes=\"(max-width: 1024px) 100vw, 1024px\" \/><figcaption class=\"wp-element-caption\">Planche avec du th\u00e9 vert hojicha sec et une tasse de boisson chaude sur fond de couleur<\/figcaption><\/figure>\n<\/div>\n<h2 class=\"wp-block-heading\">5. Une tendance croissante<\/h2>\n\n<p>Le matcha \u00e9tant d\u00e9sormais courant, l&rsquo;hojicha est sur le point de devenir la prochaine grande tendance dans les th\u00e9s japonais, en particulier en Europe. Offrir de l&rsquo;hojicha d\u00e8s \u00e0 pr\u00e9sent permet \u00e0 votre \u00e9tablissement de se d\u00e9marquer avec une option premium et exclusive qui impressionnera vos clients et am\u00e9liorera votre r\u00e9putation.  <\/p>\n\n<figure class=\"wp-block-image size-large\"><img decoding=\"async\" width=\"1024\" height=\"544\" src=\"https:\/\/hojichawholesale.eu\/wp-content\/uploads\/2024\/10\/hojicha-trends-1-1024x544.avif\" alt=\"\" class=\"wp-image-5519\" srcset=\"https:\/\/hojichawholesale.eu\/wp-content\/uploads\/2024\/10\/hojicha-trends-1-1024x544.avif 1024w, https:\/\/hojichawholesale.eu\/wp-content\/uploads\/2024\/10\/hojicha-trends-1-300x159.avif 300w, https:\/\/hojichawholesale.eu\/wp-content\/uploads\/2024\/10\/hojicha-trends-1-768x408.avif 768w, https:\/\/hojichawholesale.eu\/wp-content\/uploads\/2024\/10\/hojicha-trends-1-1536x816.avif 1536w, https:\/\/hojichawholesale.eu\/wp-content\/uploads\/2024\/10\/hojicha-trends-1.avif 1892w\" sizes=\"(max-width: 1024px) 100vw, 1024px\" \/><\/figure>\n\n<figure class=\"wp-block-image size-large\"><img loading=\"lazy\" decoding=\"async\" width=\"1024\" height=\"412\" src=\"https:\/\/hojichawholesale.eu\/wp-content\/uploads\/2024\/10\/hojicha-trends-countries-1024x412.avif\" alt=\"\" class=\"wp-image-5459\" srcset=\"https:\/\/hojichawholesale.eu\/wp-content\/uploads\/2024\/10\/hojicha-trends-countries-1024x412.avif 1024w, https:\/\/hojichawholesale.eu\/wp-content\/uploads\/2024\/10\/hojicha-trends-countries-300x121.avif 300w, https:\/\/hojichawholesale.eu\/wp-content\/uploads\/2024\/10\/hojicha-trends-countries-768x309.avif 768w, https:\/\/hojichawholesale.eu\/wp-content\/uploads\/2024\/10\/hojicha-trends-countries-1536x618.avif 1536w, https:\/\/hojichawholesale.eu\/wp-content\/uploads\/2024\/10\/hojicha-trends-countries.avif 1873w\" sizes=\"(max-width: 1024px) 100vw, 1024px\" \/><\/figure>\n\n<h2 class=\"wp-block-heading\">6. Facile \u00e0 commercialiser<\/h2>\n\n<p>La nature du produit vous offre un large \u00e9ventail d&rsquo;angles \u00e0 utiliser dans votre marketing, qu&rsquo;il s&rsquo;agisse d&rsquo;une boisson japonaise raffin\u00e9e ou d&rsquo;une boisson b\u00e9n\u00e9fique pour la sant\u00e9.<\/p>\n\n<p>Son faible co\u00fbt de production vous permet de contr\u00f4ler pleinement vos marges b\u00e9n\u00e9ficiaires.<\/p>\n\n<h2 class=\"wp-block-heading\">Demandez un \u00e9chantillon<\/h2>\n\n<p>Curieux de d\u00e9couvrir les saveurs riches et grill\u00e9es de nos hojichas ? <\/p>\n\n<p>Veuillez bien vouloir remplir vos coordonn\u00e9es ci-dessous. Faites-nous savoir toute demande sp\u00e9cifique et nous serons ravis de personnaliser notre offre en fonction de vos besoins.<\/p>\n<div class=\"forminator-ui forminator-custom-form forminator-custom-form-1365 forminator-design--flat  forminator_ajax\" data-forminator-render=\"0\" data-form=\"forminator-module-1365\" data-uid=\"69d442883ae8b\"><br\/><\/div><form\n\t\t\t\tid=\"forminator-module-1365\"\n\t\t\t\tclass=\"forminator-ui forminator-custom-form forminator-custom-form-1365 forminator-design--flat  forminator_ajax\"\n\t\t\t\tmethod=\"post\"\n\t\t\t\tdata-forminator-render=\"0\"\n\t\t\t\tdata-form-id=\"1365\"\n\t\t\t\t data-color-option=\"default\" data-design=\"flat\" data-grid=\"open\" style=\"display: none;\"\n\t\t\t\tdata-uid=\"69d442883ae8b\"\n\t\t\t><div role=\"alert\" aria-live=\"polite\" class=\"forminator-response-message forminator-error\" aria-hidden=\"true\"><\/div><div class=\"forminator-row\"><div id=\"name-1\" class=\"forminator-field-name forminator-col forminator-col-6 \"><div class=\"forminator-field\"><input type=\"text\" name=\"name-1\" value=\"\" placeholder=\"First Name\" id=\"forminator-field-name-1_69d442883ae8b\" class=\"forminator-input forminator-name--field\" aria-required=\"true\" autocomplete=\"name\" \/><\/div><\/div><div id=\"name-2\" class=\"forminator-field-name forminator-col forminator-col-6 \"><div class=\"forminator-field\"><input type=\"text\" name=\"name-2\" value=\"\" placeholder=\"Last Name\" id=\"forminator-field-name-2_69d442883ae8b\" class=\"forminator-input forminator-name--field\" aria-required=\"true\" autocomplete=\"name\" \/><\/div><\/div><\/div><div class=\"forminator-row\"><div id=\"email-1\" class=\"forminator-field-email forminator-col forminator-col-12 \"><div class=\"forminator-field\"><input type=\"email\" name=\"email-1\" value=\"\" placeholder=\"Email\" id=\"forminator-field-email-1_69d442883ae8b\" class=\"forminator-input forminator-email--field\" data-required=\"true\" aria-required=\"true\" autocomplete=\"email\" \/><\/div><\/div><\/div><div class=\"forminator-row\"><div id=\"phone-1\" class=\"forminator-field-phone forminator-col forminator-col-12 \"><div class=\"forminator-field\"><input type=\"text\" name=\"phone-1\" value=\"\" placeholder=\"Phone\" id=\"forminator-field-phone-1_69d442883ae8b\" class=\"forminator-input forminator-field--phone\" data-required=\"\" aria-required=\"false\" autocomplete=\"off\" \/><\/div><\/div><\/div><div class=\"forminator-row\"><div id=\"textarea-1\" class=\"forminator-field-textarea forminator-col forminator-col-12 \"><div class=\"forminator-field\"><textarea name=\"textarea-1\" placeholder=\"Message\" id=\"forminator-field-textarea-1_69d442883ae8b\" class=\"forminator-textarea\" rows=\"6\" style=\"min-height:140px;\" ><\/textarea><span id=\"forminator-field-textarea-1_69d442883ae8b-description\" class=\"forminator-description\"><span data-limit=\"300\" data-type=\"words\" data-editor=\"\">0 \/ 300<\/span><\/span><\/div><\/div><\/div><div class=\"forminator-row\"><\/div><input type=\"hidden\" name=\"referer_url\" value=\"\" \/><div class=\"forminator-row forminator-row-last\"><div class=\"forminator-col\"><div class=\"forminator-field\"><button class=\"forminator-button forminator-button-submit\">Send<\/button><\/div><\/div><\/div><input type=\"hidden\" id=\"forminator_nonce\" name=\"forminator_nonce\" value=\"8ad7e0b691\" \/><input type=\"hidden\" name=\"_wp_http_referer\" value=\"\/fr\/wp-json\/wp\/v2\/pages\/6047\" \/><input type=\"hidden\" name=\"form_id\" value=\"1365\"><input type=\"hidden\" name=\"page_id\" value=\"6047\"><input type=\"hidden\" name=\"form_type\" value=\"default\"><input type=\"hidden\" name=\"current_url\" value=\"https:\/\/hojichawholesale.eu\/fr\/hojicha-pour-lhotellerie-et-la-restauration\/\"><input type=\"hidden\" name=\"render_id\" value=\"0\"><input type=\"hidden\" name=\"action\" value=\"forminator_submit_form_custom-forms\"><label for=\"input_6\" class=\"forminator-hidden\" aria-hidden=\"true\">Veuillez ne pas remplir ce champ. <input id=\"input_6\" type=\"text\" name=\"input_6\" value=\"\" autocomplete=\"off\"><\/label><\/form>\n\n<p><\/p>\n","protected":false},"excerpt":{"rendered":"<p>Hojicha pour l\u2019h\u00f4tellerie et la restauration L&rsquo;hojicha est un th\u00e9 japonais en plein essor. Comme le matcha, il est vendu sous forme de poudre, parfait pour les lattes, les desserts et les produits de boulangerie. Mais contrairement au matcha, il est \u00e9galement disponible en feuilles , ce qui permet son infusion facile dans de l\u2019eau [&hellip;]<\/p>\n","protected":false},"author":1,"featured_media":5996,"parent":0,"menu_order":0,"comment_status":"closed","ping_status":"closed","template":"","meta":{"_surecart_dashboard_logo_width":"180px","_surecart_dashboard_show_logo":true,"_surecart_dashboard_navigation_orders":true,"_surecart_dashboard_navigation_invoices":true,"_surecart_dashboard_navigation_subscriptions":true,"_surecart_dashboard_navigation_downloads":true,"_surecart_dashboard_navigation_billing":true,"_surecart_dashboard_navigation_account":true,"footnotes":""},"class_list":["post-6047","page","type-page","status-publish","has-post-thumbnail","hentry","entry","has-media"],"mb":[],"mfb_rest_fields":["title","gutenberg_elementor_mode"],"_links":{"self":[{"href":"https:\/\/hojichawholesale.eu\/fr\/wp-json\/wp\/v2\/pages\/6047","targetHints":{"allow":["GET"]}}],"collection":[{"href":"https:\/\/hojichawholesale.eu\/fr\/wp-json\/wp\/v2\/pages"}],"about":[{"href":"https:\/\/hojichawholesale.eu\/fr\/wp-json\/wp\/v2\/types\/page"}],"author":[{"embeddable":true,"href":"https:\/\/hojichawholesale.eu\/fr\/wp-json\/wp\/v2\/users\/1"}],"replies":[{"embeddable":true,"href":"https:\/\/hojichawholesale.eu\/fr\/wp-json\/wp\/v2\/comments?post=6047"}],"version-history":[{"count":0,"href":"https:\/\/hojichawholesale.eu\/fr\/wp-json\/wp\/v2\/pages\/6047\/revisions"}],"wp:featuredmedia":[{"embeddable":true,"href":"https:\/\/hojichawholesale.eu\/fr\/wp-json\/wp\/v2\/media\/5996"}],"wp:attachment":[{"href":"https:\/\/hojichawholesale.eu\/fr\/wp-json\/wp\/v2\/media?parent=6047"}],"curies":[{"name":"wp","href":"https:\/\/api.w.org\/{rel}","templated":true}]}}