{"id":6045,"date":"2024-10-12T07:56:00","date_gmt":"2024-10-12T07:56:00","guid":{"rendered":"https:\/\/hojichawholesale.eu\/hojicha-pour-cafes\/"},"modified":"2024-10-13T14:24:43","modified_gmt":"2024-10-13T14:24:43","slug":"hojicha-pour-cafes","status":"publish","type":"page","link":"https:\/\/hojichawholesale.eu\/fr\/hojicha-pour-cafes\/","title":{"rendered":"Hojicha pour caf\u00e9s"},"content":{"rendered":"\n<h1 class=\"wp-block-heading\">Hojicha pour caf\u00e9s<\/h1>\n\n<p>L&rsquo;hojicha, un th\u00e9 vert japonais torr\u00e9fi\u00e9, est le un nouveau choix id\u00e9al sur votre menu. Non seulement il offre une saveur distinctive, mais il s&rsquo;inscrit \u00e9galement dans la tendance croissante des boissons artisanales, saines et de haute qualit\u00e9. <\/p>\n\n<p>Voici pourquoi l&rsquo;introduction de l&rsquo;hojicha dans votre caf\u00e9 vous permettra de vous d\u00e9marquer de vos concurrents et de r\u00e9pondre aux besoins d&rsquo;un nouveau segment de client\u00e8le. <\/p>\n\n<h2 class=\"wp-block-heading\">1. <strong>Une saveur unique<\/strong><\/h2>\n\n<p>L&rsquo;hojicha se distingue des autres th\u00e9s verts par son processus de torr\u00e9faction qui lui conf\u00e8re un ar\u00f4me profond et fum\u00e9 ainsi qu&rsquo;une saveur naturellement douce et noiset\u00e9e. <\/p>\n\n<p>Son go\u00fbt doux et grill\u00e9 est moins astringent que celui des th\u00e9s verts typiques, ce qui le rend attrayant pour un public plus large, y compris pour ceux qui n&rsquo;appr\u00e9cient pas le matcha. Sa saveur saine et chaleureuse s&rsquo;associe parfaitement \u00e0 une vari\u00e9t\u00e9 d&rsquo;an-cas tels que les p\u00e2tisseries et les sandwichs. <\/p>\n\n<p>Il est aussi beau \u00e0 contempler !<\/p>\n<div class=\"wp-block-image\">\n<figure class=\"aligncenter size-full is-resized\"><img fetchpriority=\"high\" decoding=\"async\" width=\"1000\" height=\"667\" src=\"https:\/\/hojichawholesale.eu\/wp-content\/uploads\/2024\/10\/Depositphotos_505518166_S.avif\" alt=\"\" class=\"wp-image-5447\" style=\"width:464px;height:auto\" srcset=\"https:\/\/hojichawholesale.eu\/wp-content\/uploads\/2024\/10\/Depositphotos_505518166_S.avif 1000w, https:\/\/hojichawholesale.eu\/wp-content\/uploads\/2024\/10\/Depositphotos_505518166_S-300x200.avif 300w, https:\/\/hojichawholesale.eu\/wp-content\/uploads\/2024\/10\/Depositphotos_505518166_S-768x512.avif 768w\" sizes=\"(max-width: 1000px) 100vw, 1000px\" \/><figcaption class=\"wp-element-caption\"><a href=\"https:\/\/depositphotos.com\/photo\/glass-cup-tasty-dalgona-hojicha-latte-table-505518166.html\" data-type=\"link\" data-id=\"https:\/\/depositphotos.com\/photo\/glass-cup-tasty-dalgona-hojicha-latte-table-505518166.html\" target=\"_blank\" rel=\"noopener\">Source.<\/a><\/figcaption><\/figure>\n<\/div>\n<h2 class=\"wp-block-heading\">2. <strong>Alternative \u00e0 faible teneur en caf\u00e9ine<\/strong><\/h2>\n\n<p>Contrairement \u00e0 de nombreux autres th\u00e9s et caf\u00e9s, l&rsquo;hojicha est pauvre en caf\u00e9ine, ce qui en fait un excellent choix pour tous le monde \u00e0 tout moment de la journ\u00e9e. Les Japonais le consomment traditionnellement le soir apr\u00e8s le repas, mais il peut \u00eatre d\u00e9gust\u00e9 \u00e0 tout autre moment.  <\/p>\n\n<p>Proposer de l&rsquo;hojicha vous permet de toucher un public plus large, notamment les personnes soucieuses de leur sant\u00e9, les femmes enceintes, les familles et les personnes \u00e0 la recherche d&rsquo;une boisson relaxante. Il s&rsquo;agit d&rsquo;une boisson v\u00e9ritablement universelle. <\/p>\n\n<h2 class=\"wp-block-heading\">3. <strong>Flexibilit\u00e9<\/strong><\/h2>\n\n<p>L&rsquo;hojicha peut \u00eatre servi chaud ou froid, infus\u00e9 (dans les feuilles) ou dissous (en poudre), dans des caf\u00e9s latte, des caf\u00e9s latte glac\u00e9s ou dans glaces et des p\u00e2tisseries. Cela vous permet de cr\u00e9er des sp\u00e9cialit\u00e9s saisonni\u00e8res et des boissons uniques qui distinguent votre caf\u00e9 de la concurrence. <\/p>\n<div class=\"wp-block-image\">\n<figure class=\"aligncenter size-full is-resized\"><img decoding=\"async\" width=\"1000\" height=\"704\" src=\"https:\/\/hojichawholesale.eu\/wp-content\/uploads\/2024\/10\/Depositphotos_505676462_S.avif\" alt=\"\" class=\"wp-image-5452\" style=\"width:553px;height:auto\" srcset=\"https:\/\/hojichawholesale.eu\/wp-content\/uploads\/2024\/10\/Depositphotos_505676462_S.avif 1000w, https:\/\/hojichawholesale.eu\/wp-content\/uploads\/2024\/10\/Depositphotos_505676462_S-300x211.avif 300w, https:\/\/hojichawholesale.eu\/wp-content\/uploads\/2024\/10\/Depositphotos_505676462_S-768x541.avif 768w\" sizes=\"(max-width: 1000px) 100vw, 1000px\" \/><\/figure>\n<\/div>\n<h2 class=\"wp-block-heading\">4. <strong>Bon pour le corps<\/strong><\/h2>\n\n<p>L&rsquo;hojicha est une boisson saine, riche en antioxydants, qui offre de nombreux bienfaits pour la sant\u00e9. Il est reconnu pour faciliter la digestion, r\u00e9duire le stress et am\u00e9liorer le bien-\u00eatre gr\u00e2ce \u00e0 sa faible teneur en caf\u00e9ine et sa haute concentration en L-th\u00e9anine. Cet antioxydant favorise la relaxation tout en maintenant l&rsquo;\u00e9veil, sans provoquer de somnolence.   <\/p>\n\n<p>L&rsquo;hojicha est donc un compl\u00e9ment id\u00e9al au menu de votre \u00e9tablissement, d&rsquo;autant plus que de plus en plus de clients recherchent des options plus saines.<\/p>\n\n<h2 class=\"wp-block-heading\">5. <strong>S&rsquo;aligne sur la popularit\u00e9 croissante du th\u00e9 japonais<\/strong><\/h2>\n\n<p>Les th\u00e9s japonais gagnent en popularit\u00e9 dans le monde entier, et l&rsquo;hojicha ne fait pas exception. En proposant de l&rsquo;hojicha, votre \u00e9tablissement peut profiter de cette tendance et attirer des amateurs de th\u00e9 d\u00e9sireux de go\u00fbter des th\u00e9s japonais authentiques et de grande qualit\u00e9. Il ajoute \u00e0 votre carte une touche artisanale et culturelle qui s\u00e9duit les clients \u00e0 la recherche de nouvelles saveurs internationales.  <\/p>\n\n<figure class=\"wp-block-image size-large\"><img decoding=\"async\" width=\"1024\" height=\"544\" src=\"https:\/\/hojichawholesale.eu\/wp-content\/uploads\/2024\/10\/hojicha-trends-1024x544.avif\" alt=\"\" class=\"wp-image-5444\" srcset=\"https:\/\/hojichawholesale.eu\/wp-content\/uploads\/2024\/10\/hojicha-trends-1024x544.avif 1024w, https:\/\/hojichawholesale.eu\/wp-content\/uploads\/2024\/10\/hojicha-trends-300x159.avif 300w, https:\/\/hojichawholesale.eu\/wp-content\/uploads\/2024\/10\/hojicha-trends-768x408.avif 768w, https:\/\/hojichawholesale.eu\/wp-content\/uploads\/2024\/10\/hojicha-trends-1536x816.avif 1536w, https:\/\/hojichawholesale.eu\/wp-content\/uploads\/2024\/10\/hojicha-trends.avif 1892w\" sizes=\"(max-width: 1024px) 100vw, 1024px\" \/><\/figure>\n\n<figure class=\"wp-block-image size-large\"><img loading=\"lazy\" decoding=\"async\" width=\"1024\" height=\"412\" src=\"https:\/\/hojichawholesale.eu\/wp-content\/uploads\/2024\/10\/hojicha-trends-countries-1024x412.avif\" alt=\"\" class=\"wp-image-5459\" srcset=\"https:\/\/hojichawholesale.eu\/wp-content\/uploads\/2024\/10\/hojicha-trends-countries-1024x412.avif 1024w, https:\/\/hojichawholesale.eu\/wp-content\/uploads\/2024\/10\/hojicha-trends-countries-300x121.avif 300w, https:\/\/hojichawholesale.eu\/wp-content\/uploads\/2024\/10\/hojicha-trends-countries-768x309.avif 768w, https:\/\/hojichawholesale.eu\/wp-content\/uploads\/2024\/10\/hojicha-trends-countries-1536x618.avif 1536w, https:\/\/hojichawholesale.eu\/wp-content\/uploads\/2024\/10\/hojicha-trends-countries.avif 1873w\" sizes=\"(max-width: 1024px) 100vw, 1024px\" \/><\/figure>\n\n<h2 class=\"wp-block-heading\">6. <strong>Respectueux de l&rsquo;environnement et durable<\/strong><\/h2>\n\n<p>Notre hojicha provient de plantations de th\u00e9 durables au Japon, o\u00f9 les techniques de torr\u00e9faction traditionnelles sont transmises de g\u00e9n\u00e9ration en g\u00e9n\u00e9ration. <\/p>\n\n<p>Le fait de proposer de l&rsquo;hojicha t\u00e9moigne de l&rsquo;engagement de votre caf\u00e9 en faveur des pratiques \u00e9cologiques et du d\u00e9veloppement durable, un aspect de plus en plus important pour les consommateurs. <\/p>\n\n<h2 class=\"wp-block-heading\">7. <strong>L&rsquo;esth\u00e9tique<\/strong><\/h2>\n\n<p>Outre son go\u00fbt d\u00e9licieux, l&rsquo;hojicha est \u00e9galement tr\u00e8s beau \u00e0 voir. <\/p>\n\n<p>Sa riche couleur brun ambr\u00e9 et sa pr\u00e9sentation minimaliste peuvent facilement compl\u00e9ter le style visuel de votre caf\u00e9, que vous le serviez dans des verres modernes ou dans des services \u00e0 th\u00e9 japonais traditionnels. Son attrait visuel le rend digne d&rsquo;Instagram, ce qui contribue \u00e0 g\u00e9n\u00e9rer du buzz et \u00e0 attirer plus de clients gr\u00e2ce aux r\u00e9seaux sociaux. <\/p>\n<div class=\"wp-block-image\">\n<figure class=\"aligncenter size-full is-resized\"><img loading=\"lazy\" decoding=\"async\" width=\"1000\" height=\"668\" src=\"https:\/\/hojichawholesale.eu\/wp-content\/uploads\/2024\/10\/Depositphotos_466456178_S-1.avif\" alt=\"\" class=\"wp-image-5450\" style=\"width:504px;height:auto\" srcset=\"https:\/\/hojichawholesale.eu\/wp-content\/uploads\/2024\/10\/Depositphotos_466456178_S-1.avif 1000w, https:\/\/hojichawholesale.eu\/wp-content\/uploads\/2024\/10\/Depositphotos_466456178_S-1-300x200.avif 300w, https:\/\/hojichawholesale.eu\/wp-content\/uploads\/2024\/10\/Depositphotos_466456178_S-1-768x513.avif 768w\" sizes=\"(max-width: 1000px) 100vw, 1000px\" \/><figcaption class=\"wp-element-caption\">G\u00e2teau Hojicha. <\/figcaption><\/figure>\n<\/div>\n<h2 class=\"wp-block-heading\">8. <strong>Facile \u00e0 int\u00e9grer \u00e0 votre menu<\/strong><\/h2>\n\n<p>Incorporer l&rsquo;hojicha \u00e0 la carte de votre caf\u00e9 est simple. <\/p>\n\n<p>Il n\u00e9cessite une pr\u00e9paration minimale et peut \u00eatre pr\u00e9par\u00e9 avec l&rsquo;\u00e9quipement standard d&rsquo;un caf\u00e9, que vous pr\u00e9pariez une tasse de th\u00e9 traditionnelle ou un caf\u00e9 latte \u00e0 l&rsquo;hojicha. <\/p>\n\n<p>Nous proposons des options de vente en gros adapt\u00e9es aux besoins des caf\u00e9s, ce qui vous permet de disposer d&rsquo;un hojicha de haute qualit\u00e9, facile \u00e0 conserver et \u00e0 utiliser dans diverses recettes.<\/p>\n\n<h2 class=\"wp-block-heading\">9. Facile \u00e0 commercialiser<\/h2>\n\n<p>La nature du produit vous offre un large \u00e9ventail d&rsquo;angles \u00e0 utiliser dans votre marketing, qu&rsquo;il s&rsquo;agisse d&rsquo;une boisson japonaise raffin\u00e9e ou d&rsquo;une boisson b\u00e9n\u00e9fique pour la sant\u00e9.<\/p>\n\n<p>Son faible co\u00fbt de production vous permet de contr\u00f4ler pleinement vos marges b\u00e9n\u00e9ficiaires.<\/p>\n\n<p>En proposant l&rsquo;hojicha, vous n&rsquo;ajoutez pas simplement une autre boisson \u00e0 votre menu, vous offrez \u00e0 vos clients une exp\u00e9rience unique. <\/p>\n\n<p>C&rsquo;est un th\u00e9 qui pla\u00eet \u00e0 la fois aux personnes soucieuses de leur sant\u00e9 et \u00e0 celles qui recherchent quelque chose de nouveau.<\/p>\n\n<h2 class=\"wp-block-heading\">Demandez un \u00e9chantillon<\/h2>\n\n<p>Curieux de d\u00e9couvrir les saveurs riches et grill\u00e9es de nos hojichas ? <\/p>\n\n<p>Veuillez bien vouloir remplir vos coordonn\u00e9es ci-dessous. Faites-nous savoir toute demande sp\u00e9cifique et nous serons ravis de personnaliser notre offre en fonction de vos besoins.<\/p>\n<div class=\"forminator-ui forminator-custom-form forminator-custom-form-1365 forminator-design--flat  forminator_ajax\" data-forminator-render=\"0\" data-form=\"forminator-module-1365\" data-uid=\"69d45475eb86b\"><br\/><\/div><form\n\t\t\t\tid=\"forminator-module-1365\"\n\t\t\t\tclass=\"forminator-ui forminator-custom-form forminator-custom-form-1365 forminator-design--flat  forminator_ajax\"\n\t\t\t\tmethod=\"post\"\n\t\t\t\tdata-forminator-render=\"0\"\n\t\t\t\tdata-form-id=\"1365\"\n\t\t\t\t data-color-option=\"default\" data-design=\"flat\" data-grid=\"open\" style=\"display: none;\"\n\t\t\t\tdata-uid=\"69d45475eb86b\"\n\t\t\t><div role=\"alert\" aria-live=\"polite\" class=\"forminator-response-message forminator-error\" aria-hidden=\"true\"><\/div><div class=\"forminator-row\"><div id=\"name-1\" class=\"forminator-field-name forminator-col forminator-col-6 \"><div class=\"forminator-field\"><input type=\"text\" name=\"name-1\" value=\"\" placeholder=\"First Name\" id=\"forminator-field-name-1_69d45475eb86b\" class=\"forminator-input forminator-name--field\" aria-required=\"true\" autocomplete=\"name\" \/><\/div><\/div><div id=\"name-2\" class=\"forminator-field-name forminator-col forminator-col-6 \"><div class=\"forminator-field\"><input type=\"text\" name=\"name-2\" value=\"\" placeholder=\"Last Name\" id=\"forminator-field-name-2_69d45475eb86b\" class=\"forminator-input forminator-name--field\" aria-required=\"true\" autocomplete=\"name\" \/><\/div><\/div><\/div><div class=\"forminator-row\"><div id=\"email-1\" class=\"forminator-field-email forminator-col forminator-col-12 \"><div class=\"forminator-field\"><input type=\"email\" name=\"email-1\" value=\"\" placeholder=\"Email\" id=\"forminator-field-email-1_69d45475eb86b\" class=\"forminator-input forminator-email--field\" data-required=\"true\" aria-required=\"true\" autocomplete=\"email\" \/><\/div><\/div><\/div><div class=\"forminator-row\"><div id=\"phone-1\" class=\"forminator-field-phone forminator-col forminator-col-12 \"><div class=\"forminator-field\"><input type=\"text\" name=\"phone-1\" value=\"\" placeholder=\"Phone\" id=\"forminator-field-phone-1_69d45475eb86b\" class=\"forminator-input forminator-field--phone\" data-required=\"\" aria-required=\"false\" autocomplete=\"off\" \/><\/div><\/div><\/div><div class=\"forminator-row\"><div id=\"textarea-1\" class=\"forminator-field-textarea forminator-col forminator-col-12 \"><div class=\"forminator-field\"><textarea name=\"textarea-1\" placeholder=\"Message\" id=\"forminator-field-textarea-1_69d45475eb86b\" class=\"forminator-textarea\" rows=\"6\" style=\"min-height:140px;\" ><\/textarea><span id=\"forminator-field-textarea-1_69d45475eb86b-description\" class=\"forminator-description\"><span data-limit=\"300\" data-type=\"words\" data-editor=\"\">0 \/ 300<\/span><\/span><\/div><\/div><\/div><div class=\"forminator-row\"><\/div><input type=\"hidden\" name=\"referer_url\" value=\"\" \/><div class=\"forminator-row forminator-row-last\"><div class=\"forminator-col\"><div class=\"forminator-field\"><button class=\"forminator-button forminator-button-submit\">Send<\/button><\/div><\/div><\/div><input type=\"hidden\" id=\"forminator_nonce\" name=\"forminator_nonce\" value=\"0b51ba8eba\" \/><input type=\"hidden\" name=\"_wp_http_referer\" value=\"\/fr\/wp-json\/wp\/v2\/pages\/6045\" \/><input type=\"hidden\" name=\"form_id\" value=\"1365\"><input type=\"hidden\" name=\"page_id\" value=\"6045\"><input type=\"hidden\" name=\"form_type\" value=\"default\"><input type=\"hidden\" name=\"current_url\" value=\"https:\/\/hojichawholesale.eu\/fr\/hojicha-pour-cafes\/\"><input type=\"hidden\" name=\"render_id\" value=\"0\"><input type=\"hidden\" name=\"action\" value=\"forminator_submit_form_custom-forms\"><label for=\"input_6\" class=\"forminator-hidden\" aria-hidden=\"true\">Veuillez ne pas remplir ce champ. <input id=\"input_6\" type=\"text\" name=\"input_6\" value=\"\" autocomplete=\"off\"><\/label><\/form>\n\n<p><\/p>\n","protected":false},"excerpt":{"rendered":"<p>Hojicha pour caf\u00e9s L&rsquo;hojicha, un th\u00e9 vert japonais torr\u00e9fi\u00e9, est le un nouveau choix id\u00e9al sur votre menu. Non seulement il offre une saveur distinctive, mais il s&rsquo;inscrit \u00e9galement dans la tendance croissante des boissons artisanales, saines et de haute qualit\u00e9. Voici pourquoi l&rsquo;introduction de l&rsquo;hojicha dans votre caf\u00e9 vous permettra de vous d\u00e9marquer de [&hellip;]<\/p>\n","protected":false},"author":1,"featured_media":6006,"parent":0,"menu_order":0,"comment_status":"closed","ping_status":"closed","template":"","meta":{"_surecart_dashboard_logo_width":"180px","_surecart_dashboard_show_logo":true,"_surecart_dashboard_navigation_orders":true,"_surecart_dashboard_navigation_invoices":true,"_surecart_dashboard_navigation_subscriptions":true,"_surecart_dashboard_navigation_downloads":true,"_surecart_dashboard_navigation_billing":true,"_surecart_dashboard_navigation_account":true,"footnotes":""},"class_list":["post-6045","page","type-page","status-publish","has-post-thumbnail","hentry","entry","has-media"],"mb":[],"mfb_rest_fields":["title","gutenberg_elementor_mode"],"_links":{"self":[{"href":"https:\/\/hojichawholesale.eu\/fr\/wp-json\/wp\/v2\/pages\/6045","targetHints":{"allow":["GET"]}}],"collection":[{"href":"https:\/\/hojichawholesale.eu\/fr\/wp-json\/wp\/v2\/pages"}],"about":[{"href":"https:\/\/hojichawholesale.eu\/fr\/wp-json\/wp\/v2\/types\/page"}],"author":[{"embeddable":true,"href":"https:\/\/hojichawholesale.eu\/fr\/wp-json\/wp\/v2\/users\/1"}],"replies":[{"embeddable":true,"href":"https:\/\/hojichawholesale.eu\/fr\/wp-json\/wp\/v2\/comments?post=6045"}],"version-history":[{"count":0,"href":"https:\/\/hojichawholesale.eu\/fr\/wp-json\/wp\/v2\/pages\/6045\/revisions"}],"wp:featuredmedia":[{"embeddable":true,"href":"https:\/\/hojichawholesale.eu\/fr\/wp-json\/wp\/v2\/media\/6006"}],"wp:attachment":[{"href":"https:\/\/hojichawholesale.eu\/fr\/wp-json\/wp\/v2\/media?parent=6045"}],"curies":[{"name":"wp","href":"https:\/\/api.w.org\/{rel}","templated":true}]}}