{"id":6043,"date":"2024-10-12T14:14:16","date_gmt":"2024-10-12T14:14:16","guid":{"rendered":"https:\/\/hojichawholesale.eu\/hojicha-dark-roast-grossiste-pour-entreprises\/"},"modified":"2025-12-10T19:01:37","modified_gmt":"2025-12-10T19:01:37","slug":"hojicha-dark-roast-grossiste-pour-entreprises","status":"publish","type":"page","link":"https:\/\/hojichawholesale.eu\/fr\/hojicha-dark-roast-grossiste-pour-entreprises\/","title":{"rendered":"Hojicha en poudre Dark Roast (vente en gros)"},"content":{"rendered":"\n<h1 class=\"wp-block-heading\">Hojicha en poudre Dark Roast (vente en gros)<\/h1>\n\n<p>La <strong>poudre <\/strong><strong>Hojicha Dark Roast<\/strong> offre une saveur torr\u00e9fi\u00e9e profonde et intense, parfaite pour ceux qui recherchent une exp\u00e9rience de th\u00e9 plus robuste et cors\u00e9e.<\/p>\n<div class=\"wp-block-image\">\n<figure class=\"aligncenter size-full is-resized\"><img fetchpriority=\"high\" decoding=\"async\" width=\"1000\" height=\"1000\" src=\"https:\/\/hojichawholesale.eu\/wp-content\/uploads\/2025\/01\/hojicha-dark-powder-both.webp\" alt=\"Comparaison de la poudre de hojicha noir et de la poudre de hojicha noir dissoute\" class=\"wp-image-7396\" style=\"width:323px;height:auto\" srcset=\"https:\/\/hojichawholesale.eu\/wp-content\/uploads\/2025\/01\/hojicha-dark-powder-both.webp 1000w, https:\/\/hojichawholesale.eu\/wp-content\/uploads\/2025\/01\/hojicha-dark-powder-both-300x300.webp 300w, https:\/\/hojichawholesale.eu\/wp-content\/uploads\/2025\/01\/hojicha-dark-powder-both-150x150.webp 150w, https:\/\/hojichawholesale.eu\/wp-content\/uploads\/2025\/01\/hojicha-dark-powder-both-768x768.webp 768w, https:\/\/hojichawholesale.eu\/wp-content\/uploads\/2025\/01\/hojicha-dark-powder-both-600x600.webp 600w\" sizes=\"(max-width: 1000px) 100vw, 1000px\" \/><\/figure>\n<\/div>\n<hr class=\"wp-block-separator has-alpha-channel-opacity\"\/>\n\n<h2 class=\"wp-block-heading\">Caract\u00e9ristiques<\/h2>\n\n<ul class=\"wp-block-list\">\n<li><strong>Type<\/strong>: Th\u00e9 vert grill\u00e9 (Hojicha)<\/li>\n\n\n\n<li><strong>Forme<\/strong>\u00a0: Poudre<\/li>\n\n\n\n<li><strong>Provenance<\/strong>: Shizuoka, Japan<\/li>\n\n\n\n<li><strong>Niveau de torr\u00e9faction<\/strong>: Sombre<\/li>\n\n\n\n<li><strong>Saison de r\u00e9colte<\/strong>: Printemps\/\u00c9t\u00e9<\/li>\n\n\n\n<li><strong>Transformation<\/strong> : Fortement torr\u00e9fi\u00e9 (300 \u00b0C) dans de la porcelaine pour cr\u00e9er un ar\u00f4me intense et fum\u00e9.<\/li>\n\n\n\n<li><strong>Profil de saveur<\/strong> : Fum\u00e9, riche et l\u00e9g\u00e8rement sucr\u00e9 avec une forte note de caramel.<\/li>\n\n\n\n<li><strong>Caf\u00e9ine <\/strong>: Tr\u00e8s faible<\/li>\n\n\n\n<li><strong>Emballage<\/strong> : Disponible en sacs de 1 kg. Le reconditionnement est disponible \u00e0 votre demande.   <\/li>\n<\/ul>\n\n<hr class=\"wp-block-separator has-alpha-channel-opacity\"\/>\n\n<h2 class=\"wp-block-heading\">Bienfaits de l&rsquo;Hojicha Dark Roas<\/h2>\n\n<ul class=\"wp-block-list\">\n<li><strong>Saveur riche<\/strong> : La torr\u00e9faction profonde fait ressortir des notes intenses et fum\u00e9es qui se marient bien avec les desserts ou en tant que th\u00e9 \u00e0 part enti\u00e8re.<\/li>\n\n\n\n<li><strong>Faible teneur en caf\u00e9ine<\/strong> : \u00c0 d\u00e9guster \u00e0 tout moment de la journ\u00e9e.<\/li>\n\n\n\n<li><strong>Chaud et r\u00e9confortant<\/strong> : La torr\u00e9faction sombre offre une exp\u00e9rience apaisante et enveloppante, id\u00e9ale pour les mois plus froids.<\/li>\n<\/ul>\n\n<div class=\"wp-block-columns is-layout-flex wp-container-core-columns-is-layout-28f84493 wp-block-columns-is-layout-flex\">\n<div class=\"wp-block-column is-layout-flow wp-block-column-is-layout-flow\"><div class=\"wp-block-image\">\n<figure class=\"aligncenter size-full is-resized\"><img decoding=\"async\" width=\"1000\" height=\"1000\" src=\"https:\/\/hojichawholesale.eu\/wp-content\/uploads\/2025\/01\/hojicha-dark-powder.webp\" alt=\"Poudre de torr&#xE9;faction fonc&#xE9;e Hojicha\" class=\"wp-image-7420\" style=\"width:306px;height:auto\" srcset=\"https:\/\/hojichawholesale.eu\/wp-content\/uploads\/2025\/01\/hojicha-dark-powder.webp 1000w, https:\/\/hojichawholesale.eu\/wp-content\/uploads\/2025\/01\/hojicha-dark-powder-300x300.webp 300w, https:\/\/hojichawholesale.eu\/wp-content\/uploads\/2025\/01\/hojicha-dark-powder-150x150.webp 150w, https:\/\/hojichawholesale.eu\/wp-content\/uploads\/2025\/01\/hojicha-dark-powder-768x768.webp 768w, https:\/\/hojichawholesale.eu\/wp-content\/uploads\/2025\/01\/hojicha-dark-powder-600x600.webp 600w\" sizes=\"(max-width: 1000px) 100vw, 1000px\" \/><\/figure>\n<\/div><\/div>\n\n\n\n<div class=\"wp-block-column is-layout-flow wp-block-column-is-layout-flow\"><div class=\"wp-block-image\">\n<figure class=\"aligncenter size-large is-resized\"><img decoding=\"async\" width=\"1024\" height=\"1024\" src=\"https:\/\/hojichawholesale.eu\/wp-content\/uploads\/2025\/01\/hojicha-dark-powder-infused-1024x1024.webp\" alt=\"Poudre de torr&#xE9;faction fonc&#xE9;e Hojicha infus&#xE9;e\" class=\"wp-image-7408\" style=\"width:302px;height:auto\" srcset=\"https:\/\/hojichawholesale.eu\/wp-content\/uploads\/2025\/01\/hojicha-dark-powder-infused-1024x1024.webp 1024w, https:\/\/hojichawholesale.eu\/wp-content\/uploads\/2025\/01\/hojicha-dark-powder-infused-300x300.webp 300w, https:\/\/hojichawholesale.eu\/wp-content\/uploads\/2025\/01\/hojicha-dark-powder-infused-150x150.webp 150w, https:\/\/hojichawholesale.eu\/wp-content\/uploads\/2025\/01\/hojicha-dark-powder-infused-768x768.webp 768w, https:\/\/hojichawholesale.eu\/wp-content\/uploads\/2025\/01\/hojicha-dark-powder-infused-1536x1536.webp 1536w, https:\/\/hojichawholesale.eu\/wp-content\/uploads\/2025\/01\/hojicha-dark-powder-infused-600x600.webp 600w, https:\/\/hojichawholesale.eu\/wp-content\/uploads\/2025\/01\/hojicha-dark-powder-infused.webp 2000w\" sizes=\"(max-width: 1024px) 100vw, 1024px\" \/><\/figure>\n<\/div><\/div>\n<\/div>\n\n<hr class=\"wp-block-separator has-alpha-channel-opacity\"\/>\n\n<h2 class=\"wp-block-heading\">Informations sur la vente en gros<\/h2>\n\n<ul class=\"wp-block-list\">\n<li><strong>Quantit\u00e9 minimale de commande (MOQ)<\/strong> : 5 sacs de 100 grammes.<\/li>\n\n\n\n<li><strong>Tarification en vrac<\/strong> : Contactez-nous ci-dessous pour un tarif sp\u00e9cial en fonction de la taille de la commande.<\/li>\n\n\n\n<li><strong>Conservation<\/strong> : L&rsquo;hojicha peut se conserver jusqu&rsquo;\u00e0 deux ans non ouvert et stock\u00e9 \u00e0 une temp\u00e9rature de 5\u00b0C \u00e0 10\u00b0C.<\/li>\n\n\n\n<li><strong>Exp\u00e9dition <\/strong>: Nous livrons partout en Europe, de l&rsquo;Islande \u00e0 Istanbul, avec des options d&rsquo;exp\u00e9dition flexibles, y compris une livraison express pour les commandes urgentes.<\/li>\n<\/ul>\n\n<hr class=\"wp-block-separator has-alpha-channel-opacity\"\/>\n\n<h2 class=\"wp-block-heading\">Comment infuser<\/h2>\n\n<ol class=\"wp-block-list\">\n<li><strong>Quantit\u00e9 de th\u00e9<\/strong> : 8 g de th\u00e9 pour 500 ml d&rsquo;eau<\/li>\n\n\n\n<li><strong>Temp\u00e9rature de l&rsquo;eau<\/strong> : 80 \u00b0C <\/li>\n\n\n\n<li><strong>Temps d&rsquo;infusion<\/strong> : 2-3 minutes pour une infusion forte et riche<\/li>\n<\/ol>\n\n<hr class=\"wp-block-separator has-alpha-channel-opacity\"\/>\n\n<h2 class=\"wp-block-heading\">Parfait pour<\/h2>\n\n<ul class=\"wp-block-list\">\n<li>Les boutiques de th\u00e9 haut de gamme, caf\u00e9s et restaurants qui souhaitent proposer \u00e0 leurs clients un hojicha premium. <\/li>\n\n\n\n<li>Les clients \u00e0 la recherche d&rsquo;une alternative au caf\u00e9 audacieuse et faible en caf\u00e9ine.<\/li>\n\n\n\n<li>Cr\u00e9ation de m\u00e9langes de th\u00e9s ou comme ingr\u00e9dient dans des recettes culinaires.<\/li>\n<\/ul>\n\n<h2 class=\"wp-block-heading\">Demandez un \u00e9chantillon.<\/h2>\n\n<p>Curieux de d\u00e9couvrir les saveurs riches et grill\u00e9es de nos hojichas ? <\/p>\n\n<p>Remplissez vos coordonn\u00e9es ci-dessous et nous vous enverrons un \u00e9chantillon. Faites-nous savoir toute demande sp\u00e9cifique, et nous serons ravis de personnaliser notre offre en fonction des besoins de votre entreprise. <\/p>\n<p><div class=\"forminator-ui forminator-custom-form forminator-custom-form-1365 forminator-design--flat  forminator_ajax\" data-forminator-render=\"0\" data-form=\"forminator-module-1365\" data-uid=\"69fb5c833fd62\"><br\/><\/div><form\n\t\t\t\tid=\"forminator-module-1365\"\n\t\t\t\tclass=\"forminator-ui forminator-custom-form forminator-custom-form-1365 forminator-design--flat  forminator_ajax\"\n\t\t\t\tmethod=\"post\"\n\t\t\t\tdata-forminator-render=\"0\"\n\t\t\t\tdata-form-id=\"1365\"\n\t\t\t\t data-color-option=\"default\" data-design=\"flat\" data-grid=\"open\" style=\"display: none;\"\n\t\t\t\tdata-uid=\"69fb5c833fd62\"\n\t\t\t><div role=\"alert\" aria-live=\"polite\" class=\"forminator-response-message forminator-error\" aria-hidden=\"true\"><\/div><div class=\"forminator-row\"><div id=\"name-1\" class=\"forminator-field-name forminator-col forminator-col-6 \"><div class=\"forminator-field\"><input type=\"text\" name=\"name-1\" value=\"\" placeholder=\"First Name\" id=\"forminator-field-name-1_69fb5c833fd62\" class=\"forminator-input forminator-name--field\" aria-required=\"true\" autocomplete=\"name\" \/><\/div><\/div><div id=\"name-2\" class=\"forminator-field-name forminator-col forminator-col-6 \"><div class=\"forminator-field\"><input type=\"text\" name=\"name-2\" value=\"\" placeholder=\"Last Name\" id=\"forminator-field-name-2_69fb5c833fd62\" class=\"forminator-input forminator-name--field\" aria-required=\"true\" autocomplete=\"name\" \/><\/div><\/div><\/div><div class=\"forminator-row\"><div id=\"email-1\" class=\"forminator-field-email forminator-col forminator-col-12 \"><div class=\"forminator-field\"><input type=\"email\" name=\"email-1\" value=\"\" placeholder=\"Email\" id=\"forminator-field-email-1_69fb5c833fd62\" class=\"forminator-input forminator-email--field\" data-required=\"true\" aria-required=\"true\" autocomplete=\"email\" \/><\/div><\/div><\/div><div class=\"forminator-row\"><div id=\"phone-1\" class=\"forminator-field-phone forminator-col forminator-col-12 \"><div class=\"forminator-field\"><input type=\"text\" name=\"phone-1\" value=\"\" placeholder=\"Phone\" id=\"forminator-field-phone-1_69fb5c833fd62\" class=\"forminator-input forminator-field--phone\" data-required=\"\" aria-required=\"false\" autocomplete=\"off\" \/><\/div><\/div><\/div><div class=\"forminator-row\"><div id=\"textarea-1\" class=\"forminator-field-textarea forminator-col forminator-col-12 \"><div class=\"forminator-field\"><textarea name=\"textarea-1\" placeholder=\"Message\" id=\"forminator-field-textarea-1_69fb5c833fd62\" class=\"forminator-textarea\" rows=\"6\" style=\"--forminator-textarea-min-height:140px;\" ><\/textarea><span id=\"forminator-field-textarea-1_69fb5c833fd62-description\" class=\"forminator-description\"><span data-limit=\"300\" data-type=\"words\" data-editor=\"\">0 \/ 300<\/span><\/span><\/div><\/div><\/div><div class=\"forminator-row\"><\/div><input type=\"hidden\" name=\"referer_url\" value=\"\" \/><div class=\"forminator-row forminator-row-last\"><div class=\"forminator-col\"><div class=\"forminator-field\"><button class=\"forminator-button forminator-button-submit\">Send<\/button><\/div><\/div><\/div><input type=\"hidden\" id=\"forminator_nonce\" name=\"forminator_nonce\" value=\"b5c904bb71\" \/><input type=\"hidden\" name=\"_wp_http_referer\" value=\"\/fr\/wp-json\/wp\/v2\/pages\/6043\" \/><input type=\"hidden\" name=\"form_id\" value=\"1365\"><input type=\"hidden\" name=\"page_id\" value=\"6043\"><input type=\"hidden\" name=\"form_type\" value=\"default\"><input type=\"hidden\" name=\"current_url\" value=\"https:\/\/hojichawholesale.eu\/fr\/hojicha-dark-roast-grossiste-pour-entreprises\/\"><input type=\"hidden\" name=\"render_id\" value=\"0\"><input type=\"hidden\" name=\"action\" value=\"forminator_submit_form_custom-forms\"><label for=\"input_6\" class=\"forminator-hidden\" aria-hidden=\"true\">Veuillez ne pas remplir ce champ. <input id=\"input_6\" type=\"text\" name=\"input_6\" value=\"\" autocomplete=\"off\"><\/label><\/form><\/p>\n","protected":false},"excerpt":{"rendered":"<p>Hojicha en poudre Dark Roast (vente en gros) La poudre Hojicha Dark Roast offre une saveur torr\u00e9fi\u00e9e profonde et intense, parfaite pour ceux qui recherchent une exp\u00e9rience de th\u00e9 plus robuste et cors\u00e9e. Caract\u00e9ristiques Bienfaits de l&rsquo;Hojicha Dark Roas Informations sur la vente en gros Comment infuser Parfait pour Demandez un \u00e9chantillon. Curieux de d\u00e9couvrir [&hellip;]<\/p>\n","protected":false},"author":1,"featured_media":7400,"parent":0,"menu_order":0,"comment_status":"closed","ping_status":"closed","template":"","meta":{"_surecart_dashboard_logo_width":"180px","_surecart_dashboard_show_logo":true,"_surecart_dashboard_navigation_orders":true,"_surecart_dashboard_navigation_invoices":true,"_surecart_dashboard_navigation_subscriptions":true,"_surecart_dashboard_navigation_downloads":true,"_surecart_dashboard_navigation_billing":true,"_surecart_dashboard_navigation_account":true,"footnotes":""},"class_list":["post-6043","page","type-page","status-publish","has-post-thumbnail","hentry","entry","has-media"],"mb":[],"mfb_rest_fields":["title","gutenberg_elementor_mode"],"_links":{"self":[{"href":"https:\/\/hojichawholesale.eu\/fr\/wp-json\/wp\/v2\/pages\/6043","targetHints":{"allow":["GET"]}}],"collection":[{"href":"https:\/\/hojichawholesale.eu\/fr\/wp-json\/wp\/v2\/pages"}],"about":[{"href":"https:\/\/hojichawholesale.eu\/fr\/wp-json\/wp\/v2\/types\/page"}],"author":[{"embeddable":true,"href":"https:\/\/hojichawholesale.eu\/fr\/wp-json\/wp\/v2\/users\/1"}],"replies":[{"embeddable":true,"href":"https:\/\/hojichawholesale.eu\/fr\/wp-json\/wp\/v2\/comments?post=6043"}],"version-history":[{"count":0,"href":"https:\/\/hojichawholesale.eu\/fr\/wp-json\/wp\/v2\/pages\/6043\/revisions"}],"wp:featuredmedia":[{"embeddable":true,"href":"https:\/\/hojichawholesale.eu\/fr\/wp-json\/wp\/v2\/media\/7400"}],"wp:attachment":[{"href":"https:\/\/hojichawholesale.eu\/fr\/wp-json\/wp\/v2\/media?parent=6043"}],"curies":[{"name":"wp","href":"https:\/\/api.w.org\/{rel}","templated":true}]}}