{"id":6039,"date":"2024-08-24T19:47:32","date_gmt":"2024-08-24T19:47:32","guid":{"rendered":"https:\/\/hojichawholesale.eu\/a-propos\/"},"modified":"2026-03-06T16:46:54","modified_gmt":"2026-03-06T16:46:54","slug":"a-propos","status":"publish","type":"page","link":"https:\/\/hojichawholesale.eu\/fr\/a-propos\/","title":{"rendered":"A propos"},"content":{"rendered":"\n<h1 class=\"wp-block-heading\">A propos<\/h1>\n\n<p>Hojicha Wholesale est un grossiste europ\u00e9en d\u00e9di\u00e9 au hojicha japonais.<\/p>\n\n<p>Notre mission est de fournir du th\u00e9 hojicha haut de gamme aux marques et entreprises de l\u2019industrie HORECA. Nous importons des volumes en gros de hojicha haut de gamme de nos fournisseurs de confiance au Japon et les redistribuons \u00e0 travers le continent europ\u00e9en aux restaurants, h\u00f4tels, caf\u00e9s et salons de th\u00e9 ind\u00e9pendants. <\/p>\n\n<p>Nous vous offrons trois garanties :<\/p>\n\n<ol class=\"wp-block-list\">\n<li><strong>Faible MOQ :<\/strong> que vous soyez une entreprise \u00e9tablie ayant besoin de centaines de sacs ou un petit caf\u00e9 ind\u00e9pendant qui d\u00e9bute, Hojicha Wholesale s\u2019adapte \u00e0 vos besoins avec la m\u00eame qualit\u00e9 de service de niveau entreprise.  <\/li>\n\n\n\n<li><strong>R\u00e9activit\u00e9 et service<\/strong> : nous exp\u00e9dions rapidement et proposons un large \u00e9ventail de m\u00e9thodes d\u2019exp\u00e9dition.  <\/li>\n\n\n\n<li><strong>Service client amical : <\/strong>nous sommes disponibles 365 jours par an.  <\/li>\n<\/ol>\n\n<h2 class=\"wp-block-heading\"><strong>Produits<\/strong><\/h2>\n\n<p>Nous proposons une s\u00e9lection soigneusement s\u00e9lectionn\u00e9e de vari\u00e9t\u00e9s de hojicha, chacune provenant directement des meilleurs cultivateurs de th\u00e9.  <\/p>\n\n<p>Retrouvez nos produits directement dans notre <a href=\"https:\/\/hojichawholesale.eu\/fr\/achetez-surecart\/\" data-type=\"link\" data-id=\"https:\/\/hojichawholesale.eu\/shop\/\">catalogue<\/a>.<\/p>\n\n<h2 class=\"wp-block-heading\"><strong>Pourquoi nous choisir?<\/strong><\/h2>\n\n<ul class=\"wp-block-list\">\n<li><strong>Qualit\u00e9 :<\/strong> Nous offrons du hojicha de la plus haute qualit\u00e9. Chaque lot est rigoureusement test\u00e9 pour garantir la constance et la saveur. <\/li>\n\n\n\n<li><strong>Provenance directe du Japon:<\/strong> Nous collaborons \u00e9troitement avec nos fournisseurs pour vous offrir un hojicha qui refl\u00e8te le go\u00fbt authentique du Japon.<\/li>\n\n\n\n<li><strong>Solutions sur mesure:<\/strong> Que vous g\u00e9riez un petit caf\u00e9 ou une grande cha\u00eene h\u00f4teli\u00e8re, nous proposons des solutions sur mesure pour r\u00e9pondre \u00e0 vos besoins sp\u00e9cifiques. <\/li>\n\n\n\n<li><strong>Distribution fiable :<\/strong> Nous sommes id\u00e9alement plac\u00e9s pour servir des clients sur l\u2019ensemble du continent europ\u00e9en. Notre logistique garantit des livraisons dans les d\u00e9lais, afin que vous ne soyez jamais en rupture de stock. <\/li>\n<\/ul>\n\n<h2 class=\"wp-block-heading\">O\u00f9 sommes-nous bas\u00e9s ?<\/h2>\n\n<p>Nous sommes bas\u00e9s en Belgique.<\/p>\n\n<h2 class=\"wp-block-heading\">Quelle est votre histoire ?<\/h2>\n\n<p>Hojicha Wholesale a vu le jour lorsque Aure, le fondateur, a eu du mal \u00e0 trouver un fournisseur fiable de hojicha pour son <a href=\"https:\/\/senchatea.be\/\" target=\"_blank\" rel=\"noopener\">magasin<\/a> de th\u00e9 au d\u00e9tail senchatea.be.<\/p>\n\n<p>Le hojicha est l\u2019une des tendances les plus importantes de l\u2019industrie japonaise du th\u00e9. Nous voulons rendre ce th\u00e9 fantastique et polyvalent rapidement accessible aux caf\u00e9s, h\u00f4tels, restaurants et salons de th\u00e9 \u00e0 travers l\u2019Europe sans qu\u2019ils aient \u00e0 commander d\u2019\u00e9normes quantit\u00e9s.   <\/p>\n\n<h2 class=\"wp-block-heading\">Demandez un \u00e9chantillon<\/h2>\n\n<p>Curieux de d\u00e9couvrir les saveurs riches et grill\u00e9es de nos hojichas ? <\/p>\n\n<p>Remplissez vos coordonn\u00e9es ci-dessous et nous vous enverrons un \u00e9chantillon. Faites-nous savoir toute demande sp\u00e9cifique, et nous serons ravis de personnaliser notre offre en fonction des besoins de votre entreprise. <\/p>\n<div class=\"forminator-ui forminator-custom-form forminator-custom-form-1365 forminator-design--flat  forminator_ajax\" data-forminator-render=\"0\" data-form=\"forminator-module-1365\" data-uid=\"69d094c50d384\"><br\/><\/div><form\n\t\t\t\tid=\"forminator-module-1365\"\n\t\t\t\tclass=\"forminator-ui forminator-custom-form forminator-custom-form-1365 forminator-design--flat  forminator_ajax\"\n\t\t\t\tmethod=\"post\"\n\t\t\t\tdata-forminator-render=\"0\"\n\t\t\t\tdata-form-id=\"1365\"\n\t\t\t\t data-color-option=\"default\" data-design=\"flat\" data-grid=\"open\" style=\"display: none;\"\n\t\t\t\tdata-uid=\"69d094c50d384\"\n\t\t\t><div role=\"alert\" aria-live=\"polite\" class=\"forminator-response-message forminator-error\" aria-hidden=\"true\"><\/div><div class=\"forminator-row\"><div id=\"name-1\" class=\"forminator-field-name forminator-col forminator-col-6 \"><div class=\"forminator-field\"><input type=\"text\" name=\"name-1\" value=\"\" placeholder=\"First Name\" id=\"forminator-field-name-1_69d094c50d384\" class=\"forminator-input forminator-name--field\" aria-required=\"true\" autocomplete=\"name\" \/><\/div><\/div><div id=\"name-2\" class=\"forminator-field-name forminator-col forminator-col-6 \"><div class=\"forminator-field\"><input type=\"text\" name=\"name-2\" value=\"\" placeholder=\"Last Name\" id=\"forminator-field-name-2_69d094c50d384\" class=\"forminator-input forminator-name--field\" aria-required=\"true\" autocomplete=\"name\" \/><\/div><\/div><\/div><div class=\"forminator-row\"><div id=\"email-1\" class=\"forminator-field-email forminator-col forminator-col-12 \"><div class=\"forminator-field\"><input type=\"email\" name=\"email-1\" value=\"\" placeholder=\"Email\" id=\"forminator-field-email-1_69d094c50d384\" class=\"forminator-input forminator-email--field\" data-required=\"true\" aria-required=\"true\" autocomplete=\"email\" \/><\/div><\/div><\/div><div class=\"forminator-row\"><div id=\"phone-1\" class=\"forminator-field-phone forminator-col forminator-col-12 \"><div class=\"forminator-field\"><input type=\"text\" name=\"phone-1\" value=\"\" placeholder=\"Phone\" id=\"forminator-field-phone-1_69d094c50d384\" class=\"forminator-input forminator-field--phone\" data-required=\"\" aria-required=\"false\" autocomplete=\"off\" \/><\/div><\/div><\/div><div class=\"forminator-row\"><div id=\"textarea-1\" class=\"forminator-field-textarea forminator-col forminator-col-12 \"><div class=\"forminator-field\"><textarea name=\"textarea-1\" placeholder=\"Message\" id=\"forminator-field-textarea-1_69d094c50d384\" class=\"forminator-textarea\" rows=\"6\" style=\"min-height:140px;\" ><\/textarea><span id=\"forminator-field-textarea-1_69d094c50d384-description\" class=\"forminator-description\"><span data-limit=\"300\" data-type=\"words\" data-editor=\"\">0 \/ 300<\/span><\/span><\/div><\/div><\/div><div class=\"forminator-row\"><\/div><input type=\"hidden\" name=\"referer_url\" value=\"\" \/><div class=\"forminator-row forminator-row-last\"><div class=\"forminator-col\"><div class=\"forminator-field\"><button class=\"forminator-button forminator-button-submit\">Send<\/button><\/div><\/div><\/div><input type=\"hidden\" id=\"forminator_nonce\" name=\"forminator_nonce\" value=\"072aaa5873\" \/><input type=\"hidden\" name=\"_wp_http_referer\" value=\"\/fr\/wp-json\/wp\/v2\/pages\/6039\" \/><input type=\"hidden\" name=\"form_id\" value=\"1365\"><input type=\"hidden\" name=\"page_id\" value=\"6039\"><input type=\"hidden\" name=\"form_type\" value=\"default\"><input type=\"hidden\" name=\"current_url\" value=\"https:\/\/hojichawholesale.eu\/fr\/a-propos\/\"><input type=\"hidden\" name=\"render_id\" value=\"0\"><input type=\"hidden\" name=\"action\" value=\"forminator_submit_form_custom-forms\"><label for=\"input_6\" class=\"forminator-hidden\" aria-hidden=\"true\">Veuillez ne pas remplir ce champ. <input id=\"input_6\" type=\"text\" name=\"input_6\" value=\"\" autocomplete=\"off\"><\/label><\/form>\n\n<p><\/p>\n","protected":false},"excerpt":{"rendered":"<p>A propos Hojicha Wholesale est un grossiste europ\u00e9en d\u00e9di\u00e9 au hojicha japonais. Notre mission est de fournir du th\u00e9 hojicha haut de gamme aux marques et entreprises de l\u2019industrie HORECA. Nous importons des volumes en gros de hojicha haut de gamme de nos fournisseurs de confiance au Japon et les redistribuons \u00e0 travers le continent [&hellip;]<\/p>\n","protected":false},"author":1,"featured_media":0,"parent":0,"menu_order":0,"comment_status":"closed","ping_status":"closed","template":"","meta":{"_surecart_dashboard_logo_width":"180px","_surecart_dashboard_show_logo":true,"_surecart_dashboard_navigation_orders":true,"_surecart_dashboard_navigation_invoices":true,"_surecart_dashboard_navigation_subscriptions":true,"_surecart_dashboard_navigation_downloads":true,"_surecart_dashboard_navigation_billing":true,"_surecart_dashboard_navigation_account":true,"footnotes":""},"class_list":["post-6039","page","type-page","status-publish","hentry","entry"],"mb":[],"mfb_rest_fields":["title","gutenberg_elementor_mode"],"_links":{"self":[{"href":"https:\/\/hojichawholesale.eu\/fr\/wp-json\/wp\/v2\/pages\/6039","targetHints":{"allow":["GET"]}}],"collection":[{"href":"https:\/\/hojichawholesale.eu\/fr\/wp-json\/wp\/v2\/pages"}],"about":[{"href":"https:\/\/hojichawholesale.eu\/fr\/wp-json\/wp\/v2\/types\/page"}],"author":[{"embeddable":true,"href":"https:\/\/hojichawholesale.eu\/fr\/wp-json\/wp\/v2\/users\/1"}],"replies":[{"embeddable":true,"href":"https:\/\/hojichawholesale.eu\/fr\/wp-json\/wp\/v2\/comments?post=6039"}],"version-history":[{"count":0,"href":"https:\/\/hojichawholesale.eu\/fr\/wp-json\/wp\/v2\/pages\/6039\/revisions"}],"wp:attachment":[{"href":"https:\/\/hojichawholesale.eu\/fr\/wp-json\/wp\/v2\/media?parent=6039"}],"curies":[{"name":"wp","href":"https:\/\/api.w.org\/{rel}","templated":true}]}}