{"id":7755,"date":"2025-10-25T14:39:58","date_gmt":"2025-10-25T14:39:58","guid":{"rendered":"https:\/\/hojichawholesale.eu\/palvelut\/"},"modified":"2025-11-28T17:53:10","modified_gmt":"2025-11-28T17:53:10","slug":"palvelut","status":"publish","type":"page","link":"https:\/\/hojichawholesale.eu\/fi\/palvelut\/","title":{"rendered":"Palvelut"},"content":{"rendered":"\n<h1 class=\"wp-block-heading\">Palvelut<\/h1>\n\n<p>Tarvitsetko white label tai private label -ratkaisun?  <\/p>\n\n<p>Voimme pakata hojichan peltit\u00f6lkkeihin tai doypackeihin (seisoviin pusseihin) ja kiinnitt\u00e4\u00e4 niihin tarroja.  <\/p>\n\n<p>Voimme my\u00f6s pakata suuret hojicha-pussit irtotavarana pienempiin 50 g tai 100 g doypackeihin.  <\/p>\n\n<p>Ota yhteytt\u00e4 saadaksesi lis\u00e4tietoja.<\/p>\n<div class=\"wp-block-image\">\n<figure class=\"aligncenter size-full is-resized\"><img fetchpriority=\"high\" decoding=\"async\" width=\"1000\" height=\"1000\" src=\"https:\/\/hojichawholesale.eu\/wp-content\/uploads\/2025\/10\/white-label.webp\" alt=\"\" class=\"wp-image-9158\" style=\"width:548px;height:auto\" srcset=\"https:\/\/hojichawholesale.eu\/wp-content\/uploads\/2025\/10\/white-label.webp 1000w, https:\/\/hojichawholesale.eu\/wp-content\/uploads\/2025\/10\/white-label-300x300.webp 300w, https:\/\/hojichawholesale.eu\/wp-content\/uploads\/2025\/10\/white-label-150x150.webp 150w, https:\/\/hojichawholesale.eu\/wp-content\/uploads\/2025\/10\/white-label-768x768.webp 768w, https:\/\/hojichawholesale.eu\/wp-content\/uploads\/2025\/10\/white-label-600x600.webp 600w\" sizes=\"(max-width: 1000px) 100vw, 1000px\" \/><\/figure>\n<\/div><div class=\"forminator-ui forminator-custom-form forminator-custom-form-1365 forminator-design--flat  forminator_ajax\" data-forminator-render=\"0\" data-form=\"forminator-module-1365\" data-uid=\"69de2e7d8127c\"><br\/><\/div><form\n\t\t\t\tid=\"forminator-module-1365\"\n\t\t\t\tclass=\"forminator-ui forminator-custom-form forminator-custom-form-1365 forminator-design--flat  forminator_ajax\"\n\t\t\t\tmethod=\"post\"\n\t\t\t\tdata-forminator-render=\"0\"\n\t\t\t\tdata-form-id=\"1365\"\n\t\t\t\t data-color-option=\"default\" data-design=\"flat\" data-grid=\"open\" style=\"display: none;\"\n\t\t\t\tdata-uid=\"69de2e7d8127c\"\n\t\t\t><div role=\"alert\" aria-live=\"polite\" class=\"forminator-response-message forminator-error\" aria-hidden=\"true\"><\/div><div class=\"forminator-row\"><div id=\"name-1\" class=\"forminator-field-name forminator-col forminator-col-6 \"><div class=\"forminator-field\"><input type=\"text\" name=\"name-1\" value=\"\" placeholder=\"First Name\" id=\"forminator-field-name-1_69de2e7d8127c\" class=\"forminator-input forminator-name--field\" aria-required=\"true\" autocomplete=\"name\" \/><\/div><\/div><div id=\"name-2\" class=\"forminator-field-name forminator-col forminator-col-6 \"><div class=\"forminator-field\"><input type=\"text\" name=\"name-2\" value=\"\" placeholder=\"Last Name\" id=\"forminator-field-name-2_69de2e7d8127c\" class=\"forminator-input forminator-name--field\" aria-required=\"true\" autocomplete=\"name\" \/><\/div><\/div><\/div><div class=\"forminator-row\"><div id=\"email-1\" class=\"forminator-field-email forminator-col forminator-col-12 \"><div class=\"forminator-field\"><input type=\"email\" name=\"email-1\" value=\"\" placeholder=\"Email\" id=\"forminator-field-email-1_69de2e7d8127c\" class=\"forminator-input forminator-email--field\" data-required=\"true\" aria-required=\"true\" autocomplete=\"email\" \/><\/div><\/div><\/div><div class=\"forminator-row\"><div id=\"phone-1\" class=\"forminator-field-phone forminator-col forminator-col-12 \"><div class=\"forminator-field\"><input type=\"text\" name=\"phone-1\" value=\"\" placeholder=\"Phone\" id=\"forminator-field-phone-1_69de2e7d8127c\" class=\"forminator-input forminator-field--phone\" data-required=\"\" aria-required=\"false\" autocomplete=\"off\" \/><\/div><\/div><\/div><div class=\"forminator-row\"><div id=\"textarea-1\" class=\"forminator-field-textarea forminator-col forminator-col-12 \"><div class=\"forminator-field\"><textarea name=\"textarea-1\" placeholder=\"Message\" id=\"forminator-field-textarea-1_69de2e7d8127c\" class=\"forminator-textarea\" rows=\"6\" style=\"min-height:140px;\" ><\/textarea><span id=\"forminator-field-textarea-1_69de2e7d8127c-description\" class=\"forminator-description\"><span data-limit=\"300\" data-type=\"words\" data-editor=\"\">0 \/ 300<\/span><\/span><\/div><\/div><\/div><div class=\"forminator-row\"><\/div><input type=\"hidden\" name=\"referer_url\" value=\"\" \/><div class=\"forminator-row forminator-row-last\"><div class=\"forminator-col\"><div class=\"forminator-field\"><button class=\"forminator-button forminator-button-submit\">Send<\/button><\/div><\/div><\/div><input type=\"hidden\" id=\"forminator_nonce\" name=\"forminator_nonce\" value=\"a647953a3f\" \/><input type=\"hidden\" name=\"_wp_http_referer\" value=\"\/fi\/wp-json\/wp\/v2\/pages\/7755\" \/><input type=\"hidden\" name=\"form_id\" value=\"1365\"><input type=\"hidden\" name=\"page_id\" value=\"7755\"><input type=\"hidden\" name=\"form_type\" value=\"default\"><input type=\"hidden\" name=\"current_url\" value=\"https:\/\/hojichawholesale.eu\/fi\/palvelut\/\"><input type=\"hidden\" name=\"render_id\" value=\"0\"><input type=\"hidden\" name=\"action\" value=\"forminator_submit_form_custom-forms\"><label for=\"input_6\" class=\"forminator-hidden\" aria-hidden=\"true\">Please do not fill in this field. <input id=\"input_6\" type=\"text\" name=\"input_6\" value=\"\" autocomplete=\"off\"><\/label><\/form>\n","protected":false},"excerpt":{"rendered":"<p>Palvelut Tarvitsetko white label tai private label -ratkaisun? Voimme pakata hojichan peltit\u00f6lkkeihin tai doypackeihin (seisoviin pusseihin) ja kiinnitt\u00e4\u00e4 niihin tarroja. Voimme my\u00f6s pakata suuret hojicha-pussit irtotavarana pienempiin 50 g tai 100 g doypackeihin. Ota yhteytt\u00e4 saadaksesi lis\u00e4tietoja.<\/p>\n","protected":false},"author":1,"featured_media":0,"parent":0,"menu_order":0,"comment_status":"closed","ping_status":"closed","template":"","meta":{"_surecart_dashboard_logo_width":"180px","_surecart_dashboard_show_logo":true,"_surecart_dashboard_navigation_orders":true,"_surecart_dashboard_navigation_invoices":true,"_surecart_dashboard_navigation_subscriptions":true,"_surecart_dashboard_navigation_downloads":true,"_surecart_dashboard_navigation_billing":true,"_surecart_dashboard_navigation_account":true,"footnotes":""},"class_list":["post-7755","page","type-page","status-publish","hentry","entry"],"mb":[],"mfb_rest_fields":["title","gutenberg_elementor_mode"],"_links":{"self":[{"href":"https:\/\/hojichawholesale.eu\/fi\/wp-json\/wp\/v2\/pages\/7755","targetHints":{"allow":["GET"]}}],"collection":[{"href":"https:\/\/hojichawholesale.eu\/fi\/wp-json\/wp\/v2\/pages"}],"about":[{"href":"https:\/\/hojichawholesale.eu\/fi\/wp-json\/wp\/v2\/types\/page"}],"author":[{"embeddable":true,"href":"https:\/\/hojichawholesale.eu\/fi\/wp-json\/wp\/v2\/users\/1"}],"replies":[{"embeddable":true,"href":"https:\/\/hojichawholesale.eu\/fi\/wp-json\/wp\/v2\/comments?post=7755"}],"version-history":[{"count":0,"href":"https:\/\/hojichawholesale.eu\/fi\/wp-json\/wp\/v2\/pages\/7755\/revisions"}],"wp:attachment":[{"href":"https:\/\/hojichawholesale.eu\/fi\/wp-json\/wp\/v2\/media?parent=7755"}],"curies":[{"name":"wp","href":"https:\/\/api.w.org\/{rel}","templated":true}]}}