{"id":7368,"date":"2024-12-11T21:40:39","date_gmt":"2024-12-11T21:40:39","guid":{"rendered":"https:\/\/hojichawholesale.eu\/valkoinen-etiketti-hojicha\/"},"modified":"2025-10-29T08:34:41","modified_gmt":"2025-10-29T08:34:41","slug":"valkoinen-etiketti-hojicha","status":"publish","type":"page","link":"https:\/\/hojichawholesale.eu\/fi\/valkoinen-etiketti-hojicha\/","title":{"rendered":"Valkoinen etiketti Hojicha"},"content":{"rendered":"\n<h1 class=\"wp-block-heading\">Valkoinen etiketti Hojicha<\/h1>\n\n<p>Haluatko luoda oman hojicha-br\u00e4ndin?<\/p>\n\n<p>Olemme tehneet sinulle helpoksi tarjota ensiluokkaisia hojicha-tuotteita, jotka on hankittu suoraan japanilaisilta kumppaneiltamme omalla tuotemerkill\u00e4si.<\/p>\n<div class=\"wp-block-image\">\n<figure class=\"aligncenter size-full is-resized\"><img fetchpriority=\"high\" decoding=\"async\" width=\"1000\" height=\"1000\" src=\"https:\/\/hojichawholesale.eu\/wp-content\/uploads\/2025\/10\/white-label.webp\" alt=\"\" class=\"wp-image-9158\" style=\"width:379px;height:auto\" srcset=\"https:\/\/hojichawholesale.eu\/wp-content\/uploads\/2025\/10\/white-label.webp 1000w, https:\/\/hojichawholesale.eu\/wp-content\/uploads\/2025\/10\/white-label-300x300.webp 300w, https:\/\/hojichawholesale.eu\/wp-content\/uploads\/2025\/10\/white-label-150x150.webp 150w, https:\/\/hojichawholesale.eu\/wp-content\/uploads\/2025\/10\/white-label-768x768.webp 768w, https:\/\/hojichawholesale.eu\/wp-content\/uploads\/2025\/10\/white-label-600x600.webp 600w\" sizes=\"(max-width: 1000px) 100vw, 1000px\" \/><\/figure>\n<\/div>\n<h2 class=\"wp-block-heading\"><strong>Miksi White Label Hojicha?<\/strong><\/h2>\n\n<ul class=\"wp-block-list\">\n<li><strong>Ensiluokkainen laatu:<\/strong> Hojichamme hankitaan asiantuntevasti valikoiduilta teepelloilta Japanista. Lehdet paahdetaan varovasti sile\u00e4n, p\u00e4hkin\u00e4isen ja hieman makean maun saavuttamiseksi, joka on sek\u00e4 lohdullinen ett\u00e4 monimutkainen. <\/li>\n\n\n\n<li><strong>Tehtaalla sinet\u00f6ity ja typpihuuhdeltu:<\/strong> Jokainen pussi on pakattu Japanissa tuoreuden, aromin ja maun s\u00e4ilytt\u00e4miseksi. Typpihuuhtelu varmistaa, ett\u00e4 tuotteesi saapuu optimaalisella maulla, ja suljetut pussit suojaavat teet\u00e4 kosteudelta ja valolta. <\/li>\n\n\n\n<li><strong>Br\u00e4nd\u00e4\u00e4m\u00e4t\u00f6n, valmis etiketillesi:<\/strong> Toimitamme jokaisen laukun ilman br\u00e4nd\u00e4yst\u00e4, antaen sinulle tyhj\u00e4n kankaan. Kiinnit\u00e4 vain oma etiketti tai pakkauselementit ja aloita teen markkinointi nimell\u00e4si. <\/li>\n<\/ul>\n\n<h2 class=\"wp-block-heading\"><strong>White Label -prosessi: vaihe vaiheelta<\/strong><\/h2>\n\n<ol class=\"wp-block-list\">\n<li><strong>Valitse m\u00e4\u00e4r\u00e4:<\/strong> Valitse joustavista tilausvaihtoehdoistamme. Olitpa vasta aloittamassa tai laajentamassa, meill\u00e4 on tarpeisiisi sopiva massakoko. <\/li>\n\n\n\n<li><strong>Valitse pakkaus:<\/strong> Doypackit tai peltipurkit, tyhji\u00e4 tai painettuja, merkittyj\u00e4 tai merkitsem\u00e4tt\u00f6mi\u00e4, meill\u00e4 on valikoima joustavia vaihtoehtoja varmistaaksemme, ett\u00e4 tunnet olosi hyv\u00e4ksi br\u00e4ndist\u00e4si ja tuotteestasi.<\/li>\n\n\n\n<li><strong>Aloita myynti:<\/strong> Kun br\u00e4ndisi on paikallaan, olet valmis esittelem\u00e4\u00e4n asiakkaillesi ensiluokkaisen, oman tuotemerkin hojichan, joka tekee siit\u00e4 ainutlaatuisen sinun.<\/li>\n<\/ol>\n\n<h2 class=\"wp-block-heading\"><strong>Miksi tehd\u00e4 yhteisty\u00f6t\u00e4 Hojicha Wholesalen kanssa?<\/strong><\/h2>\n\n<ul class=\"wp-block-list\">\n<li><strong>Asiantunteva hankinta:<\/strong> Olemme rakentaneet vahvoja kumppanuuksia kokeneiden teenviljelij\u00f6iden ja -tuottajien kanssa Japanissa varmistaaksemme tasaisen laadun ja tarjonnan.<\/li>\n\n\n\n<li><strong>Helppo integrointi:<\/strong> White label -ratkaisumme on suunniteltu yksinkertaisuutta ajatellen. Ei monimutkaisia prosesseja \u2013 lis\u00e4\u00e4 vain br\u00e4ndielementit ja aloita myynti. <\/li>\n\n\n\n<li><strong>Omistautunut tuki:<\/strong> Asiakaspalvelutiimimme on t\u00e4\u00e4ll\u00e4 auttamassa sinua kaikissa vaiheissa ensimm\u00e4isist\u00e4 tilauskyselyist\u00e4 myynnin j\u00e4lkeiseen tukeen.<\/li>\n<\/ul>\n\n<h2 class=\"wp-block-heading\"><strong>Oletko valmis aloittamaan?<\/strong><\/h2>\n\n<p>Ota meihin yhteytt\u00e4 jo t\u00e4n\u00e4\u00e4n pyyt\u00e4\u00e4ksesi tarjousta, saadaksesi lis\u00e4tietoja hinnoittelutasoistamme ja aloittaaksesi white label -prosessin. Autamme mielell\u00e4mme alkuun! <\/p>\n<div class=\"forminator-ui forminator-custom-form forminator-custom-form-1365 forminator-design--flat  forminator_ajax\" data-forminator-render=\"0\" data-form=\"forminator-module-1365\" data-uid=\"69d456044f935\"><br\/><\/div><form\n\t\t\t\tid=\"forminator-module-1365\"\n\t\t\t\tclass=\"forminator-ui forminator-custom-form forminator-custom-form-1365 forminator-design--flat  forminator_ajax\"\n\t\t\t\tmethod=\"post\"\n\t\t\t\tdata-forminator-render=\"0\"\n\t\t\t\tdata-form-id=\"1365\"\n\t\t\t\t data-color-option=\"default\" data-design=\"flat\" data-grid=\"open\" style=\"display: none;\"\n\t\t\t\tdata-uid=\"69d456044f935\"\n\t\t\t><div role=\"alert\" aria-live=\"polite\" class=\"forminator-response-message forminator-error\" aria-hidden=\"true\"><\/div><div class=\"forminator-row\"><div id=\"name-1\" class=\"forminator-field-name forminator-col forminator-col-6 \"><div class=\"forminator-field\"><input type=\"text\" name=\"name-1\" value=\"\" placeholder=\"First Name\" id=\"forminator-field-name-1_69d456044f935\" class=\"forminator-input forminator-name--field\" aria-required=\"true\" autocomplete=\"name\" \/><\/div><\/div><div id=\"name-2\" class=\"forminator-field-name forminator-col forminator-col-6 \"><div class=\"forminator-field\"><input type=\"text\" name=\"name-2\" value=\"\" placeholder=\"Last Name\" id=\"forminator-field-name-2_69d456044f935\" class=\"forminator-input forminator-name--field\" aria-required=\"true\" autocomplete=\"name\" \/><\/div><\/div><\/div><div class=\"forminator-row\"><div id=\"email-1\" class=\"forminator-field-email forminator-col forminator-col-12 \"><div class=\"forminator-field\"><input type=\"email\" name=\"email-1\" value=\"\" placeholder=\"Email\" id=\"forminator-field-email-1_69d456044f935\" class=\"forminator-input forminator-email--field\" data-required=\"true\" aria-required=\"true\" autocomplete=\"email\" \/><\/div><\/div><\/div><div class=\"forminator-row\"><div id=\"phone-1\" class=\"forminator-field-phone forminator-col forminator-col-12 \"><div class=\"forminator-field\"><input type=\"text\" name=\"phone-1\" value=\"\" placeholder=\"Phone\" id=\"forminator-field-phone-1_69d456044f935\" class=\"forminator-input forminator-field--phone\" data-required=\"\" aria-required=\"false\" autocomplete=\"off\" \/><\/div><\/div><\/div><div class=\"forminator-row\"><div id=\"textarea-1\" class=\"forminator-field-textarea forminator-col forminator-col-12 \"><div class=\"forminator-field\"><textarea name=\"textarea-1\" placeholder=\"Message\" id=\"forminator-field-textarea-1_69d456044f935\" class=\"forminator-textarea\" rows=\"6\" style=\"min-height:140px;\" ><\/textarea><span id=\"forminator-field-textarea-1_69d456044f935-description\" class=\"forminator-description\"><span data-limit=\"300\" data-type=\"words\" data-editor=\"\">0 \/ 300<\/span><\/span><\/div><\/div><\/div><div class=\"forminator-row\"><\/div><input type=\"hidden\" name=\"referer_url\" value=\"\" \/><div class=\"forminator-row forminator-row-last\"><div class=\"forminator-col\"><div class=\"forminator-field\"><button class=\"forminator-button forminator-button-submit\">Send<\/button><\/div><\/div><\/div><input type=\"hidden\" id=\"forminator_nonce\" name=\"forminator_nonce\" value=\"0b51ba8eba\" \/><input type=\"hidden\" name=\"_wp_http_referer\" value=\"\/fi\/wp-json\/wp\/v2\/pages\/7368\" \/><input type=\"hidden\" name=\"form_id\" value=\"1365\"><input type=\"hidden\" name=\"page_id\" value=\"7368\"><input type=\"hidden\" name=\"form_type\" value=\"default\"><input type=\"hidden\" name=\"current_url\" value=\"https:\/\/hojichawholesale.eu\/fi\/valkoinen-etiketti-hojicha\/\"><input type=\"hidden\" name=\"render_id\" value=\"0\"><input type=\"hidden\" name=\"action\" value=\"forminator_submit_form_custom-forms\"><label for=\"input_6\" class=\"forminator-hidden\" aria-hidden=\"true\">Please do not fill in this field. <input id=\"input_6\" type=\"text\" name=\"input_6\" value=\"\" autocomplete=\"off\"><\/label><\/form>\n","protected":false},"excerpt":{"rendered":"<p>Valkoinen etiketti Hojicha Haluatko luoda oman hojicha-br\u00e4ndin? Olemme tehneet sinulle helpoksi tarjota ensiluokkaisia hojicha-tuotteita, jotka on hankittu suoraan japanilaisilta kumppaneiltamme omalla tuotemerkill\u00e4si. Miksi White Label Hojicha? White Label -prosessi: vaihe vaiheelta Miksi tehd\u00e4 yhteisty\u00f6t\u00e4 Hojicha Wholesalen kanssa? Oletko valmis aloittamaan? Ota meihin yhteytt\u00e4 jo t\u00e4n\u00e4\u00e4n pyyt\u00e4\u00e4ksesi tarjousta, saadaksesi lis\u00e4tietoja hinnoittelutasoistamme ja aloittaaksesi white label -prosessin. [&hellip;]<\/p>\n","protected":false},"author":1,"featured_media":7305,"parent":0,"menu_order":0,"comment_status":"closed","ping_status":"closed","template":"","meta":{"_surecart_dashboard_logo_width":"180px","_surecart_dashboard_show_logo":true,"_surecart_dashboard_navigation_orders":true,"_surecart_dashboard_navigation_invoices":true,"_surecart_dashboard_navigation_subscriptions":true,"_surecart_dashboard_navigation_downloads":true,"_surecart_dashboard_navigation_billing":true,"_surecart_dashboard_navigation_account":true,"footnotes":""},"class_list":["post-7368","page","type-page","status-publish","has-post-thumbnail","hentry","entry","has-media"],"mb":[],"mfb_rest_fields":["title","gutenberg_elementor_mode"],"_links":{"self":[{"href":"https:\/\/hojichawholesale.eu\/fi\/wp-json\/wp\/v2\/pages\/7368","targetHints":{"allow":["GET"]}}],"collection":[{"href":"https:\/\/hojichawholesale.eu\/fi\/wp-json\/wp\/v2\/pages"}],"about":[{"href":"https:\/\/hojichawholesale.eu\/fi\/wp-json\/wp\/v2\/types\/page"}],"author":[{"embeddable":true,"href":"https:\/\/hojichawholesale.eu\/fi\/wp-json\/wp\/v2\/users\/1"}],"replies":[{"embeddable":true,"href":"https:\/\/hojichawholesale.eu\/fi\/wp-json\/wp\/v2\/comments?post=7368"}],"version-history":[{"count":0,"href":"https:\/\/hojichawholesale.eu\/fi\/wp-json\/wp\/v2\/pages\/7368\/revisions"}],"wp:featuredmedia":[{"embeddable":true,"href":"https:\/\/hojichawholesale.eu\/fi\/wp-json\/wp\/v2\/media\/7305"}],"wp:attachment":[{"href":"https:\/\/hojichawholesale.eu\/fi\/wp-json\/wp\/v2\/media?parent=7368"}],"curies":[{"name":"wp","href":"https:\/\/api.w.org\/{rel}","templated":true}]}}