{"id":6414,"date":"2024-10-12T14:29:39","date_gmt":"2024-10-12T14:29:39","guid":{"rendered":"https:\/\/hojichawholesale.eu\/hojicha-jauhe-tukkumyynti\/"},"modified":"2025-02-09T19:59:25","modified_gmt":"2025-02-09T19:59:25","slug":"hojicha-jauhe-tukkumyynti","status":"publish","type":"page","link":"https:\/\/hojichawholesale.eu\/fi\/hojicha-jauhe-tukkumyynti\/","title":{"rendered":"Hojicha lehdiss\u00e4 (tukkumyynti)"},"content":{"rendered":"\n<h1 class=\"wp-block-heading\">Hojicha lehdiss\u00e4 (tukkumyynti)<\/h1>\n\n<p>Hojicha on ensiluokkainen paahdettu japanilainen vihre\u00e4 tee, joka tarjoaa pehme\u00e4n ja savuisen maun. Hojichamme hankitaan ja pakataan suoraan japanilaiselta teetilalta, mik\u00e4 takaa korkean laadun, tuoreuden ja aidon paahdetun maun.<\/p>\n<div class=\"wp-block-image\">\n<figure class=\"aligncenter size-full is-resized\"><img fetchpriority=\"high\" decoding=\"async\" width=\"1000\" height=\"1000\" src=\"https:\/\/hojichawholesale.eu\/wp-content\/uploads\/2025\/01\/Hojicha-dark-leaf-both.webp\" alt=\"Hojicha tumman paahdon vertailu lehdiss&#xE4; VS hojicha tumma paahto infusoiduissa lehdiss&#xE4;\" class=\"wp-image-7434\" style=\"width:365px;height:auto\" srcset=\"https:\/\/hojichawholesale.eu\/wp-content\/uploads\/2025\/01\/Hojicha-dark-leaf-both.webp 1000w, https:\/\/hojichawholesale.eu\/wp-content\/uploads\/2025\/01\/Hojicha-dark-leaf-both-300x300.webp 300w, https:\/\/hojichawholesale.eu\/wp-content\/uploads\/2025\/01\/Hojicha-dark-leaf-both-150x150.webp 150w, https:\/\/hojichawholesale.eu\/wp-content\/uploads\/2025\/01\/Hojicha-dark-leaf-both-768x768.webp 768w, https:\/\/hojichawholesale.eu\/wp-content\/uploads\/2025\/01\/Hojicha-dark-leaf-both-600x600.webp 600w\" sizes=\"(max-width: 1000px) 100vw, 1000px\" \/><\/figure>\n<\/div>\n<hr class=\"wp-block-separator has-alpha-channel-opacity\"\/>\n\n<h2 class=\"wp-block-heading\">Tuotteen kohokohdat<\/h2>\n\n<ul class=\"wp-block-list\">\n<li><strong>Tyyppi<\/strong>: Paahdettu vihre\u00e4 tee (Hojicha)<\/li>\n\n\n\n<li><strong>Alkuper\u00e4<\/strong>: Shizuoka, Japani<\/li>\n\n\n\n<li><strong>Muoto<\/strong>: Lehdet<\/li>\n\n\n\n<li><strong>Paahtotaso<\/strong>: Keskitaso<\/li>\n\n\n\n<li><strong>Satokausi<\/strong>: kev\u00e4t\/kes\u00e4<\/li>\n\n\n\n<li><strong>K\u00e4sittely<\/strong>: Paahdetut vihre\u00e4n teen lehdet posliinissa.  <\/li>\n\n\n\n<li><strong>Makuprofiili<\/strong>: Sile\u00e4, paahdettu, makealla karamellilla ja p\u00e4hkin\u00e4isill\u00e4 pohjas\u00e4vyill\u00e4<\/li>\n\n\n\n<li><strong>Kofeiini<\/strong>: Alhainen<\/li>\n\n\n\n<li><strong>Pakkaus<\/strong>: Saatavana 500g doypackeissa (uudelleensuljettavat pussit). Ei merkitty. <\/li>\n<\/ul>\n\n<hr class=\"wp-block-separator has-alpha-channel-opacity\"\/>\n\n<h2 class=\"wp-block-heading\">Hojicha-jauheen edut<\/h2>\n\n<ul class=\"wp-block-list\">\n<li><strong>Rikas maku<\/strong>: Voimakas paahdettu maku kuumaan veteen.<\/li>\n\n\n\n<li><strong>V\u00e4h\u00e4inen kofeiini<\/strong>: T\u00e4ydellinen nautittavaksi koko p\u00e4iv\u00e4n, jopa illalla.<\/li>\n\n\n\n<li><strong>Monipuolinen<\/strong>: Ihanteellinen aamulla, keskip\u00e4iv\u00e4ll\u00e4, iltap\u00e4iv\u00e4ll\u00e4 ja illalla.  <\/li>\n<\/ul>\n\n<hr class=\"wp-block-separator has-alpha-channel-opacity\"\/>\n\n<h2 class=\"wp-block-heading\">Tukkutason tiedot<\/h2>\n\n<ul class=\"wp-block-list\">\n<li><strong>Minimitilausm\u00e4\u00e4r\u00e4 (MOQ)<\/strong>: 500g (1 x 500g pussi)<\/li>\n\n\n\n<li><strong>Joukkohinnoittelu<\/strong>: Ota yhteytt\u00e4 erikoishinnoitteluun.  <\/li>\n\n\n\n<li><strong>S\u00e4ilytys: S\u00e4ilyt\u00e4<\/strong> viile\u00e4ss\u00e4 ja kuivassa ymp\u00e4rist\u00f6ss\u00e4.  <\/li>\n\n\n\n<li><strong>Viimeinen k\u00e4ytt\u00f6p\u00e4iv\u00e4<\/strong>: Hojichaa voidaan s\u00e4ilytt\u00e4\u00e4 enint\u00e4\u00e4n kaksi vuotta avaamattomana ja s\u00e4ilytt\u00e4\u00e4 5 \u00b0C \u2013 10 \u00b0C:ssa.<\/li>\n\n\n\n<li><strong>Toimitus: Toimitamme<\/strong> Euroopan mantereelle joustavilla toimitusvaihtoehdoilla, mukaan lukien pikatoimitus kiireellisille tilauksille.<\/li>\n<\/ul>\n\n<div class=\"wp-block-columns is-layout-flex wp-container-core-columns-is-layout-28f84493 wp-block-columns-is-layout-flex\">\n<div class=\"wp-block-column is-layout-flow wp-block-column-is-layout-flow\"><div class=\"wp-block-image\">\n<figure class=\"aligncenter size-full is-resized\"><img decoding=\"async\" width=\"1000\" height=\"1000\" src=\"https:\/\/hojichawholesale.eu\/wp-content\/uploads\/2025\/01\/Hojicha-dark-leaf.webp\" alt=\"\" class=\"wp-image-7458\" style=\"width:311px;height:auto\" srcset=\"https:\/\/hojichawholesale.eu\/wp-content\/uploads\/2025\/01\/Hojicha-dark-leaf.webp 1000w, https:\/\/hojichawholesale.eu\/wp-content\/uploads\/2025\/01\/Hojicha-dark-leaf-300x300.webp 300w, https:\/\/hojichawholesale.eu\/wp-content\/uploads\/2025\/01\/Hojicha-dark-leaf-150x150.webp 150w, https:\/\/hojichawholesale.eu\/wp-content\/uploads\/2025\/01\/Hojicha-dark-leaf-768x768.webp 768w, https:\/\/hojichawholesale.eu\/wp-content\/uploads\/2025\/01\/Hojicha-dark-leaf-600x600.webp 600w\" sizes=\"(max-width: 1000px) 100vw, 1000px\" \/><\/figure>\n<\/div><\/div>\n\n\n\n<div class=\"wp-block-column is-layout-flow wp-block-column-is-layout-flow\"><div class=\"wp-block-image\">\n<figure class=\"aligncenter size-large is-resized\"><img decoding=\"async\" width=\"1024\" height=\"1024\" src=\"https:\/\/hojichawholesale.eu\/wp-content\/uploads\/2025\/01\/Hojicha-dark-leaf-infused-1024x1024.webp\" alt=\"\" class=\"wp-image-7446\" style=\"width:313px;height:auto\" srcset=\"https:\/\/hojichawholesale.eu\/wp-content\/uploads\/2025\/01\/Hojicha-dark-leaf-infused-1024x1024.webp 1024w, https:\/\/hojichawholesale.eu\/wp-content\/uploads\/2025\/01\/Hojicha-dark-leaf-infused-300x300.webp 300w, https:\/\/hojichawholesale.eu\/wp-content\/uploads\/2025\/01\/Hojicha-dark-leaf-infused-150x150.webp 150w, https:\/\/hojichawholesale.eu\/wp-content\/uploads\/2025\/01\/Hojicha-dark-leaf-infused-768x768.webp 768w, https:\/\/hojichawholesale.eu\/wp-content\/uploads\/2025\/01\/Hojicha-dark-leaf-infused-1536x1536.webp 1536w, https:\/\/hojichawholesale.eu\/wp-content\/uploads\/2025\/01\/Hojicha-dark-leaf-infused-600x600.webp 600w, https:\/\/hojichawholesale.eu\/wp-content\/uploads\/2025\/01\/Hojicha-dark-leaf-infused.webp 2000w\" sizes=\"(max-width: 1024px) 100vw, 1024px\" \/><\/figure>\n<\/div><\/div>\n<\/div>\n\n<hr class=\"wp-block-separator has-alpha-channel-opacity\"\/>\n\n<h2 class=\"wp-block-heading\">Kuinka k\u00e4ytt\u00e4\u00e4 Hojicha-jauhetta<\/h2>\n\n<ul class=\"wp-block-list\">\n<li><strong>Hojicha<\/strong>: Sekoita 2 teelusikallista Hojichaa 200 ml:aan kuumaa vett\u00e4.<\/li>\n<\/ul>\n\n<hr class=\"wp-block-separator has-alpha-channel-opacity\"\/>\n\n<h2 class=\"wp-block-heading\">Ihanteellinen<\/h2>\n\n<ul class=\"wp-block-list\">\n<li>Kahvilat ja teekaupat, jotka haluavat lis\u00e4t\u00e4 paahdettuja vihre\u00e4n teen juomia, kuten Hojichaa, valikkoonsa.<\/li>\n\n\n\n<li>Terveystietoiset asiakkaat, jotka haluavat v\u00e4h\u00e4n kofeiinia sis\u00e4lt\u00e4v\u00e4n teevaihtoehdon.<\/li>\n<\/ul>\n\n<h2 class=\"wp-block-heading\">Pyyd\u00e4 n\u00e4yte jo t\u00e4n\u00e4\u00e4n<\/h2>\n\n<p>Oletko kiinnostunut premium-hojichamme t\u00e4ytel\u00e4isist\u00e4, paahdetuista mauista?  <\/p>\n\n<p>T\u00e4yt\u00e4 vain tietosi alle ja l\u00e4het\u00e4mme sinulle n\u00e4ytteen. Kerro meille, jos sinulla on erityisi\u00e4 pyynt\u00f6j\u00e4, niin r\u00e4\u00e4t\u00e4l\u00f6imme mielell\u00e4mme tarjouksemme yrityksesi tarpeiden mukaan. <\/p>\n<div class=\"forminator-ui forminator-custom-form forminator-custom-form-1365 forminator-design--flat  forminator_ajax\" data-forminator-render=\"0\" data-form=\"forminator-module-1365\" data-uid=\"69d09d99c04c6\"><br\/><\/div><form\n\t\t\t\tid=\"forminator-module-1365\"\n\t\t\t\tclass=\"forminator-ui forminator-custom-form forminator-custom-form-1365 forminator-design--flat  forminator_ajax\"\n\t\t\t\tmethod=\"post\"\n\t\t\t\tdata-forminator-render=\"0\"\n\t\t\t\tdata-form-id=\"1365\"\n\t\t\t\t data-color-option=\"default\" data-design=\"flat\" data-grid=\"open\" style=\"display: none;\"\n\t\t\t\tdata-uid=\"69d09d99c04c6\"\n\t\t\t><div role=\"alert\" aria-live=\"polite\" class=\"forminator-response-message forminator-error\" aria-hidden=\"true\"><\/div><div class=\"forminator-row\"><div id=\"name-1\" class=\"forminator-field-name forminator-col forminator-col-6 \"><div class=\"forminator-field\"><input type=\"text\" name=\"name-1\" value=\"\" placeholder=\"First Name\" id=\"forminator-field-name-1_69d09d99c04c6\" class=\"forminator-input forminator-name--field\" aria-required=\"true\" autocomplete=\"name\" \/><\/div><\/div><div id=\"name-2\" class=\"forminator-field-name forminator-col forminator-col-6 \"><div class=\"forminator-field\"><input type=\"text\" name=\"name-2\" value=\"\" placeholder=\"Last Name\" id=\"forminator-field-name-2_69d09d99c04c6\" class=\"forminator-input forminator-name--field\" aria-required=\"true\" autocomplete=\"name\" \/><\/div><\/div><\/div><div class=\"forminator-row\"><div id=\"email-1\" class=\"forminator-field-email forminator-col forminator-col-12 \"><div class=\"forminator-field\"><input type=\"email\" name=\"email-1\" value=\"\" placeholder=\"Email\" id=\"forminator-field-email-1_69d09d99c04c6\" class=\"forminator-input forminator-email--field\" data-required=\"true\" aria-required=\"true\" autocomplete=\"email\" \/><\/div><\/div><\/div><div class=\"forminator-row\"><div id=\"phone-1\" class=\"forminator-field-phone forminator-col forminator-col-12 \"><div class=\"forminator-field\"><input type=\"text\" name=\"phone-1\" value=\"\" placeholder=\"Phone\" id=\"forminator-field-phone-1_69d09d99c04c6\" class=\"forminator-input forminator-field--phone\" data-required=\"\" aria-required=\"false\" autocomplete=\"off\" \/><\/div><\/div><\/div><div class=\"forminator-row\"><div id=\"textarea-1\" class=\"forminator-field-textarea forminator-col forminator-col-12 \"><div class=\"forminator-field\"><textarea name=\"textarea-1\" placeholder=\"Message\" id=\"forminator-field-textarea-1_69d09d99c04c6\" class=\"forminator-textarea\" rows=\"6\" style=\"min-height:140px;\" ><\/textarea><span id=\"forminator-field-textarea-1_69d09d99c04c6-description\" class=\"forminator-description\"><span data-limit=\"300\" data-type=\"words\" data-editor=\"\">0 \/ 300<\/span><\/span><\/div><\/div><\/div><div class=\"forminator-row\"><\/div><input type=\"hidden\" name=\"referer_url\" value=\"\" \/><div class=\"forminator-row forminator-row-last\"><div class=\"forminator-col\"><div class=\"forminator-field\"><button class=\"forminator-button forminator-button-submit\">Send<\/button><\/div><\/div><\/div><input type=\"hidden\" id=\"forminator_nonce\" name=\"forminator_nonce\" value=\"072aaa5873\" \/><input type=\"hidden\" name=\"_wp_http_referer\" value=\"\/fi\/wp-json\/wp\/v2\/pages\/6414\" \/><input type=\"hidden\" name=\"form_id\" value=\"1365\"><input type=\"hidden\" name=\"page_id\" value=\"6414\"><input type=\"hidden\" name=\"form_type\" value=\"default\"><input type=\"hidden\" name=\"current_url\" value=\"https:\/\/hojichawholesale.eu\/fi\/hojicha-jauhe-tukkumyynti\/\"><input type=\"hidden\" name=\"render_id\" value=\"0\"><input type=\"hidden\" name=\"action\" value=\"forminator_submit_form_custom-forms\"><label for=\"input_6\" class=\"forminator-hidden\" aria-hidden=\"true\">Please do not fill in this field. <input id=\"input_6\" type=\"text\" name=\"input_6\" value=\"\" autocomplete=\"off\"><\/label><\/form>\n","protected":false},"excerpt":{"rendered":"<p>Hojicha lehdiss\u00e4 (tukkumyynti) Hojicha on ensiluokkainen paahdettu japanilainen vihre\u00e4 tee, joka tarjoaa pehme\u00e4n ja savuisen maun. Hojichamme hankitaan ja pakataan suoraan japanilaiselta teetilalta, mik\u00e4 takaa korkean laadun, tuoreuden ja aidon paahdetun maun. Tuotteen kohokohdat Hojicha-jauheen edut Tukkutason tiedot Kuinka k\u00e4ytt\u00e4\u00e4 Hojicha-jauhetta Ihanteellinen Pyyd\u00e4 n\u00e4yte jo t\u00e4n\u00e4\u00e4n Oletko kiinnostunut premium-hojichamme t\u00e4ytel\u00e4isist\u00e4, paahdetuista mauista? T\u00e4yt\u00e4 vain tietosi [&hellip;]<\/p>\n","protected":false},"author":1,"featured_media":7437,"parent":0,"menu_order":0,"comment_status":"closed","ping_status":"closed","template":"","meta":{"_surecart_dashboard_logo_width":"180px","_surecart_dashboard_show_logo":true,"_surecart_dashboard_navigation_orders":true,"_surecart_dashboard_navigation_invoices":true,"_surecart_dashboard_navigation_subscriptions":true,"_surecart_dashboard_navigation_downloads":true,"_surecart_dashboard_navigation_billing":true,"_surecart_dashboard_navigation_account":true,"footnotes":""},"class_list":["post-6414","page","type-page","status-publish","has-post-thumbnail","hentry","entry","has-media"],"mb":[],"mfb_rest_fields":["title","gutenberg_elementor_mode"],"_links":{"self":[{"href":"https:\/\/hojichawholesale.eu\/fi\/wp-json\/wp\/v2\/pages\/6414","targetHints":{"allow":["GET"]}}],"collection":[{"href":"https:\/\/hojichawholesale.eu\/fi\/wp-json\/wp\/v2\/pages"}],"about":[{"href":"https:\/\/hojichawholesale.eu\/fi\/wp-json\/wp\/v2\/types\/page"}],"author":[{"embeddable":true,"href":"https:\/\/hojichawholesale.eu\/fi\/wp-json\/wp\/v2\/users\/1"}],"replies":[{"embeddable":true,"href":"https:\/\/hojichawholesale.eu\/fi\/wp-json\/wp\/v2\/comments?post=6414"}],"version-history":[{"count":0,"href":"https:\/\/hojichawholesale.eu\/fi\/wp-json\/wp\/v2\/pages\/6414\/revisions"}],"wp:featuredmedia":[{"embeddable":true,"href":"https:\/\/hojichawholesale.eu\/fi\/wp-json\/wp\/v2\/media\/7437"}],"wp:attachment":[{"href":"https:\/\/hojichawholesale.eu\/fi\/wp-json\/wp\/v2\/media?parent=6414"}],"curies":[{"name":"wp","href":"https:\/\/api.w.org\/{rel}","templated":true}]}}