{"id":6410,"date":"2024-10-12T16:25:13","date_gmt":"2024-10-12T16:25:13","guid":{"rendered":"https:\/\/hojichawholesale.eu\/hojicha-powder-latte-tukkumyynti\/"},"modified":"2025-12-10T19:01:34","modified_gmt":"2025-12-10T19:01:34","slug":"hojicha-powder-latte-tukkumyynti","status":"publish","type":"page","link":"https:\/\/hojichawholesale.eu\/fi\/hojicha-powder-latte-tukkumyynti\/","title":{"rendered":"Hojicha Powder Latte (tukkumyynti)"},"content":{"rendered":"\n<h1 class=\"wp-block-heading\">Hojicha Powder Latte (tukkumyynti)<\/h1>\n\n<p><strong>Hojicha Powder Latte<\/strong> on valmistettu hojicha-jauheesta, ruokosokerista ja guarkumista, jotta juoma olisi t\u00e4ysin tasapainoinen ja herkullinen. Se voidaan sekoittaa maidon tai maidon vaihtoehtojen kanssa. <\/p>\n<div class=\"wp-block-image\">\n<figure class=\"aligncenter size-full is-resized\"><img fetchpriority=\"high\" decoding=\"async\" width=\"1000\" height=\"1000\" src=\"https:\/\/hojichawholesale.eu\/wp-content\/uploads\/2025\/01\/hojicha-latte-both.webp\" alt=\"Hojicha latte -jauheen vertailu VS hojicha latte -jauhe.\" class=\"wp-image-7510\" style=\"width:310px;height:auto\" srcset=\"https:\/\/hojichawholesale.eu\/wp-content\/uploads\/2025\/01\/hojicha-latte-both.webp 1000w, https:\/\/hojichawholesale.eu\/wp-content\/uploads\/2025\/01\/hojicha-latte-both-300x300.webp 300w, https:\/\/hojichawholesale.eu\/wp-content\/uploads\/2025\/01\/hojicha-latte-both-150x150.webp 150w, https:\/\/hojichawholesale.eu\/wp-content\/uploads\/2025\/01\/hojicha-latte-both-768x768.webp 768w, https:\/\/hojichawholesale.eu\/wp-content\/uploads\/2025\/01\/hojicha-latte-both-600x600.webp 600w\" sizes=\"(max-width: 1000px) 100vw, 1000px\" \/><\/figure>\n<\/div>\n<hr class=\"wp-block-separator has-alpha-channel-opacity\"\/>\n\n<h2 class=\"wp-block-heading\">Tuotteen kohokohdat<\/h2>\n\n<ul class=\"wp-block-list\">\n<li><strong>Tyyppi<\/strong>: Instant Hojicha Latte Mix<\/li>\n\n\n\n<li><strong>Ainesosat<\/strong>: Hojicha-jauhe, ruokosokeri, guarkumi.<\/li>\n\n\n\n<li><strong>Pakkaus<\/strong>: Uudelleensuljettava stand-up-pussi (Doypack) tuoreuden takaamiseksi.<\/li>\n\n\n\n<li><strong>Annoskoko<\/strong>: Noin 8 annosta per pakkaus. <\/li>\n\n\n\n<li><strong>Makuprofiili<\/strong>: Sile\u00e4, p\u00e4hkin\u00e4inen, kevyesti makea paahdetulla viimeistelyll\u00e4.<\/li>\n\n\n\n<li><strong>Kofeiini<\/strong>: Alhainen<\/li>\n\n\n\n<li><strong>Valmistautuminen<\/strong>: Lis\u00e4\u00e4 vain vett\u00e4 tai maitoa nopeaan, herkulliseen hojicha latteen.<\/li>\n\n\n\n<li><strong>Paino<\/strong>: Saatavilla 1 kg pusseissa. Uudelleenpakkaus on saatavilla pyynn\u00f6st\u00e4si.   <\/li>\n<\/ul>\n\n<hr class=\"wp-block-separator has-alpha-channel-opacity\"\/>\n\n<h2 class=\"wp-block-heading\">Tukkutason tiedot<\/h2>\n\n<ul class=\"wp-block-list\">\n<li><strong>V\u00e4himm\u00e4istilausm\u00e4\u00e4r\u00e4 (MOQ)<\/strong>: 600 grammaa (5 x 120g doypackia).<\/li>\n\n\n\n<li><strong>Joukkohinnoittelu<\/strong>: Ota meihin yhteytt\u00e4 saadaksesi tilausm\u00e4\u00e4r\u00e4\u00e4n perustuvia erikoishintoja.<\/li>\n\n\n\n<li><strong>S\u00e4ilytys: S\u00e4ilyt\u00e4<\/strong> viile\u00e4ss\u00e4 ja kuivassa paikassa tuoreuden s\u00e4ilytt\u00e4miseksi.<\/li>\n\n\n\n<li><strong>Viimeinen k\u00e4ytt\u00f6p\u00e4iv\u00e4<\/strong>: Hojichaa voidaan s\u00e4ilytt\u00e4\u00e4 enint\u00e4\u00e4n kaksi vuotta avaamattomana ja s\u00e4ilytt\u00e4\u00e4 5 \u00b0C \u2013 10 \u00b0C:ssa.<\/li>\n\n\n\n<li><strong>Toimitus: Toimitamme<\/strong> Euroopan mantereelle joustavilla toimitusvaihtoehdoilla, mukaan lukien pikatoimitus kiireellisille tilauksille.<\/li>\n<\/ul>\n\n<div class=\"wp-block-columns is-layout-flex wp-container-core-columns-is-layout-28f84493 wp-block-columns-is-layout-flex\">\n<div class=\"wp-block-column is-layout-flow wp-block-column-is-layout-flow\"><div class=\"wp-block-image\">\n<figure class=\"aligncenter size-full is-resized\"><img decoding=\"async\" width=\"1000\" height=\"1000\" src=\"https:\/\/hojichawholesale.eu\/wp-content\/uploads\/2025\/01\/hojicha-latte-powder.webp\" alt=\"\" class=\"wp-image-7534\" style=\"width:314px;height:auto\" srcset=\"https:\/\/hojichawholesale.eu\/wp-content\/uploads\/2025\/01\/hojicha-latte-powder.webp 1000w, https:\/\/hojichawholesale.eu\/wp-content\/uploads\/2025\/01\/hojicha-latte-powder-300x300.webp 300w, https:\/\/hojichawholesale.eu\/wp-content\/uploads\/2025\/01\/hojicha-latte-powder-150x150.webp 150w, https:\/\/hojichawholesale.eu\/wp-content\/uploads\/2025\/01\/hojicha-latte-powder-768x768.webp 768w, https:\/\/hojichawholesale.eu\/wp-content\/uploads\/2025\/01\/hojicha-latte-powder-600x600.webp 600w\" sizes=\"(max-width: 1000px) 100vw, 1000px\" \/><\/figure>\n<\/div><\/div>\n\n\n\n<div class=\"wp-block-column is-layout-flow wp-block-column-is-layout-flow\"><div class=\"wp-block-image\">\n<figure class=\"aligncenter size-large is-resized\"><img decoding=\"async\" width=\"1024\" height=\"1024\" src=\"https:\/\/hojichawholesale.eu\/wp-content\/uploads\/2025\/01\/hojicha-latte-infused-1024x1024.webp\" alt=\"\" class=\"wp-image-7522\" style=\"width:325px;height:auto\" srcset=\"https:\/\/hojichawholesale.eu\/wp-content\/uploads\/2025\/01\/hojicha-latte-infused-1024x1024.webp 1024w, https:\/\/hojichawholesale.eu\/wp-content\/uploads\/2025\/01\/hojicha-latte-infused-300x300.webp 300w, https:\/\/hojichawholesale.eu\/wp-content\/uploads\/2025\/01\/hojicha-latte-infused-150x150.webp 150w, https:\/\/hojichawholesale.eu\/wp-content\/uploads\/2025\/01\/hojicha-latte-infused-768x768.webp 768w, https:\/\/hojichawholesale.eu\/wp-content\/uploads\/2025\/01\/hojicha-latte-infused-1536x1536.webp 1536w, https:\/\/hojichawholesale.eu\/wp-content\/uploads\/2025\/01\/hojicha-latte-infused-600x600.webp 600w, https:\/\/hojichawholesale.eu\/wp-content\/uploads\/2025\/01\/hojicha-latte-infused.webp 2000w\" sizes=\"(max-width: 1024px) 100vw, 1024px\" \/><\/figure>\n<\/div><\/div>\n<\/div>\n\n<hr class=\"wp-block-separator has-alpha-channel-opacity\"\/>\n\n<h2 class=\"wp-block-heading\">Miten valmistautua<\/h2>\n\n<ol class=\"wp-block-list\">\n<li><strong>Lis\u00e4\u00e4 kuppiin 15 g<\/strong> Hojicha Powder Latte -seosta.<\/li>\n\n\n\n<li><strong>Lis\u00e4\u00e4 500 ml<\/strong> kuumaa vett\u00e4 tai maitoa (tai maitovaihtoehtoa).<\/li>\n\n\n\n<li>Sekoita hyvin ja nauti kermainen, herkullinen hojicha latte heti.<\/li>\n<\/ol>\n\n<hr class=\"wp-block-separator has-alpha-channel-opacity\"\/>\n\n<h2 class=\"wp-block-heading\">Ihanteellinen<\/h2>\n\n<ul class=\"wp-block-list\">\n<li>Kahvilat ja teekaupat, jotka etsiv\u00e4t nopeaa ja helposti valmistettavaa hojicha latte -vaihtoehtoa asiakkaille.<\/li>\n\n\n\n<li>Ravintolat ja hotellit, jotka haluavat tarjota herkullista ruoansulatusapua.  <\/li>\n\n\n\n<li>V\u00e4hitt\u00e4iskaupat, jotka tarjoavat ensiluokkaisia teetuotteita ja pikajuomasekoituksia.<\/li>\n<\/ul>\n\n<h2 class=\"wp-block-heading\">Pyyd\u00e4 n\u00e4yte jo t\u00e4n\u00e4\u00e4n<\/h2>\n\n<p>Oletko kiinnostunut premium-hojichamme t\u00e4ytel\u00e4isist\u00e4, paahdetuista mauista?  <\/p>\n\n<p>T\u00e4yt\u00e4 vain tietosi alle ja l\u00e4het\u00e4mme sinulle n\u00e4ytteen. Kerro meille, jos sinulla on erityisi\u00e4 pyynt\u00f6j\u00e4, niin r\u00e4\u00e4t\u00e4l\u00f6imme mielell\u00e4mme tarjouksemme yrityksesi tarpeiden mukaan. <\/p>\n<div class=\"forminator-ui forminator-custom-form forminator-custom-form-1365 forminator-design--flat  forminator_ajax\" data-forminator-render=\"0\" data-form=\"forminator-module-1365\" data-uid=\"69d089080f7b7\"><br\/><\/div><form\n\t\t\t\tid=\"forminator-module-1365\"\n\t\t\t\tclass=\"forminator-ui forminator-custom-form forminator-custom-form-1365 forminator-design--flat  forminator_ajax\"\n\t\t\t\tmethod=\"post\"\n\t\t\t\tdata-forminator-render=\"0\"\n\t\t\t\tdata-form-id=\"1365\"\n\t\t\t\t data-color-option=\"default\" data-design=\"flat\" data-grid=\"open\" style=\"display: none;\"\n\t\t\t\tdata-uid=\"69d089080f7b7\"\n\t\t\t><div role=\"alert\" aria-live=\"polite\" class=\"forminator-response-message forminator-error\" aria-hidden=\"true\"><\/div><div class=\"forminator-row\"><div id=\"name-1\" class=\"forminator-field-name forminator-col forminator-col-6 \"><div class=\"forminator-field\"><input type=\"text\" name=\"name-1\" value=\"\" placeholder=\"First Name\" id=\"forminator-field-name-1_69d089080f7b7\" class=\"forminator-input forminator-name--field\" aria-required=\"true\" autocomplete=\"name\" \/><\/div><\/div><div id=\"name-2\" class=\"forminator-field-name forminator-col forminator-col-6 \"><div class=\"forminator-field\"><input type=\"text\" name=\"name-2\" value=\"\" placeholder=\"Last Name\" id=\"forminator-field-name-2_69d089080f7b7\" class=\"forminator-input forminator-name--field\" aria-required=\"true\" autocomplete=\"name\" \/><\/div><\/div><\/div><div class=\"forminator-row\"><div id=\"email-1\" class=\"forminator-field-email forminator-col forminator-col-12 \"><div class=\"forminator-field\"><input type=\"email\" name=\"email-1\" value=\"\" placeholder=\"Email\" id=\"forminator-field-email-1_69d089080f7b7\" class=\"forminator-input forminator-email--field\" data-required=\"true\" aria-required=\"true\" autocomplete=\"email\" \/><\/div><\/div><\/div><div class=\"forminator-row\"><div id=\"phone-1\" class=\"forminator-field-phone forminator-col forminator-col-12 \"><div class=\"forminator-field\"><input type=\"text\" name=\"phone-1\" value=\"\" placeholder=\"Phone\" id=\"forminator-field-phone-1_69d089080f7b7\" class=\"forminator-input forminator-field--phone\" data-required=\"\" aria-required=\"false\" autocomplete=\"off\" \/><\/div><\/div><\/div><div class=\"forminator-row\"><div id=\"textarea-1\" class=\"forminator-field-textarea forminator-col forminator-col-12 \"><div class=\"forminator-field\"><textarea name=\"textarea-1\" placeholder=\"Message\" id=\"forminator-field-textarea-1_69d089080f7b7\" class=\"forminator-textarea\" rows=\"6\" style=\"min-height:140px;\" ><\/textarea><span id=\"forminator-field-textarea-1_69d089080f7b7-description\" class=\"forminator-description\"><span data-limit=\"300\" data-type=\"words\" data-editor=\"\">0 \/ 300<\/span><\/span><\/div><\/div><\/div><div class=\"forminator-row\"><\/div><input type=\"hidden\" name=\"referer_url\" value=\"\" \/><div class=\"forminator-row forminator-row-last\"><div class=\"forminator-col\"><div class=\"forminator-field\"><button class=\"forminator-button forminator-button-submit\">Send<\/button><\/div><\/div><\/div><input type=\"hidden\" id=\"forminator_nonce\" name=\"forminator_nonce\" value=\"072aaa5873\" \/><input type=\"hidden\" name=\"_wp_http_referer\" value=\"\/fi\/wp-json\/wp\/v2\/pages\/6410\" \/><input type=\"hidden\" name=\"form_id\" value=\"1365\"><input type=\"hidden\" name=\"page_id\" value=\"6410\"><input type=\"hidden\" name=\"form_type\" value=\"default\"><input type=\"hidden\" name=\"current_url\" value=\"https:\/\/hojichawholesale.eu\/fi\/hojicha-powder-latte-tukkumyynti\/\"><input type=\"hidden\" name=\"render_id\" value=\"0\"><input type=\"hidden\" name=\"action\" value=\"forminator_submit_form_custom-forms\"><label for=\"input_6\" class=\"forminator-hidden\" aria-hidden=\"true\">Please do not fill in this field. <input id=\"input_6\" type=\"text\" name=\"input_6\" value=\"\" autocomplete=\"off\"><\/label><\/form>\n","protected":false},"excerpt":{"rendered":"<p>Hojicha Powder Latte (tukkumyynti) Hojicha Powder Latte on valmistettu hojicha-jauheesta, ruokosokerista ja guarkumista, jotta juoma olisi t\u00e4ysin tasapainoinen ja herkullinen. Se voidaan sekoittaa maidon tai maidon vaihtoehtojen kanssa. Tuotteen kohokohdat Tukkutason tiedot Miten valmistautua Ihanteellinen Pyyd\u00e4 n\u00e4yte jo t\u00e4n\u00e4\u00e4n Oletko kiinnostunut premium-hojichamme t\u00e4ytel\u00e4isist\u00e4, paahdetuista mauista? T\u00e4yt\u00e4 vain tietosi alle ja l\u00e4het\u00e4mme sinulle n\u00e4ytteen. Kerro meille, [&hellip;]<\/p>\n","protected":false},"author":1,"featured_media":7513,"parent":0,"menu_order":0,"comment_status":"closed","ping_status":"closed","template":"","meta":{"_surecart_dashboard_logo_width":"180px","_surecart_dashboard_show_logo":true,"_surecart_dashboard_navigation_orders":true,"_surecart_dashboard_navigation_invoices":true,"_surecart_dashboard_navigation_subscriptions":true,"_surecart_dashboard_navigation_downloads":true,"_surecart_dashboard_navigation_billing":true,"_surecart_dashboard_navigation_account":true,"footnotes":""},"class_list":["post-6410","page","type-page","status-publish","has-post-thumbnail","hentry","entry","has-media"],"mb":[],"mfb_rest_fields":["title","gutenberg_elementor_mode"],"_links":{"self":[{"href":"https:\/\/hojichawholesale.eu\/fi\/wp-json\/wp\/v2\/pages\/6410","targetHints":{"allow":["GET"]}}],"collection":[{"href":"https:\/\/hojichawholesale.eu\/fi\/wp-json\/wp\/v2\/pages"}],"about":[{"href":"https:\/\/hojichawholesale.eu\/fi\/wp-json\/wp\/v2\/types\/page"}],"author":[{"embeddable":true,"href":"https:\/\/hojichawholesale.eu\/fi\/wp-json\/wp\/v2\/users\/1"}],"replies":[{"embeddable":true,"href":"https:\/\/hojichawholesale.eu\/fi\/wp-json\/wp\/v2\/comments?post=6410"}],"version-history":[{"count":0,"href":"https:\/\/hojichawholesale.eu\/fi\/wp-json\/wp\/v2\/pages\/6410\/revisions"}],"wp:featuredmedia":[{"embeddable":true,"href":"https:\/\/hojichawholesale.eu\/fi\/wp-json\/wp\/v2\/media\/7513"}],"wp:attachment":[{"href":"https:\/\/hojichawholesale.eu\/fi\/wp-json\/wp\/v2\/media?parent=6410"}],"curies":[{"name":"wp","href":"https:\/\/api.w.org\/{rel}","templated":true}]}}