{"id":6394,"date":"2024-10-12T11:39:24","date_gmt":"2024-10-12T11:39:24","guid":{"rendered":"https:\/\/hojichawholesale.eu\/mika-on-hojicha\/"},"modified":"2024-10-13T19:26:26","modified_gmt":"2024-10-13T19:26:26","slug":"mika-on-hojicha","status":"publish","type":"page","link":"https:\/\/hojichawholesale.eu\/fi\/mika-on-hojicha\/","title":{"rendered":"Mik\u00e4 on hojicha?"},"content":{"rendered":"\n<h1 class=\"wp-block-heading\">Mik\u00e4 on Hojicha?<\/h1>\n\n<p>Hojicha on japanilainen vihre\u00e4 tee, joka paahdetaan posliinissa 175\u2013350 \u00b0C:n l\u00e4mp\u00f6tilassa.  T\u00e4m\u00e4 paahtoprosessi antaa sille erottuvan oranssin s\u00e4vyn ja v\u00e4hent\u00e4\u00e4 sen kofeiini- ja katekiinipitoisuutta. <\/p>\n\n<p>  &#8221;<em>Hoji<\/em>&#8221; tarkoittaa japaniksi &#8221;paahtaa&#8221; ja &#8221;<em>cha<\/em>&#8221; tarkoittaa teet\u00e4.<\/p>\n<div class=\"wp-block-image\">\n<figure class=\"aligncenter size-large is-resized\"><img fetchpriority=\"high\" decoding=\"async\" width=\"1024\" height=\"683\" src=\"https:\/\/hojichawholesale.eu\/wp-content\/uploads\/2024\/10\/Depositphotos_502919918_L-1-1024x683.avif\" alt=\"\" class=\"wp-image-5573\" style=\"width:539px;height:auto\" srcset=\"https:\/\/hojichawholesale.eu\/wp-content\/uploads\/2024\/10\/Depositphotos_502919918_L-1-1024x683.avif 1024w, https:\/\/hojichawholesale.eu\/wp-content\/uploads\/2024\/10\/Depositphotos_502919918_L-1-300x200.avif 300w, https:\/\/hojichawholesale.eu\/wp-content\/uploads\/2024\/10\/Depositphotos_502919918_L-1-768x512.avif 768w, https:\/\/hojichawholesale.eu\/wp-content\/uploads\/2024\/10\/Depositphotos_502919918_L-1.avif 1200w\" sizes=\"(max-width: 1024px) 100vw, 1024px\" \/><\/figure>\n<\/div>\n<h2 class=\"wp-block-heading\"><strong>Miksi juoda Hojichaa?<\/strong><\/h2>\n\n<p>Hojicha on perinteinen japanilainen juoma, jota nautitaan y\u00f6ll\u00e4 ruoansulatuksen helpottamiseksi.  <\/p>\n\n<p>Se voidaan kuitenkin juoda milloin tahansa p\u00e4iv\u00e4st\u00e4 ja vuodesta.  <\/p>\n\n<p>V\u00e4rist\u00e4\u00e4n huolimatta hojicha on vihre\u00e4 tee. Se k\u00e4y l\u00e4pi prosessin, joka tunnetaan nimell\u00e4 shaqing, joka on h\u00f6yrysauna, joka pys\u00e4ytt\u00e4\u00e4 sadonkorjuun yhteydess\u00e4 tapahtuvan luonnollisen hapettumisprosessin. <\/p>\n\n<p>T\u00e4m\u00e4n seurauksena hojicha s\u00e4ilytt\u00e4\u00e4 monia vihre\u00e4n teen etuja, kuten rentoutumisen edist\u00e4mist\u00e4 ja immuunij\u00e4rjestelm\u00e4n vahvistamista.<\/p>\n\n<h2 class=\"wp-block-heading\">Erilaisia hojicha-tyyppej\u00e4<\/h2>\n\n<p>Hojichaa on erilaisia. Sen p\u00e4\u00e4ominaisuus tulee sen saatavuudesta sek\u00e4 jauheena ett\u00e4 irtonaisina lehtin\u00e4. <\/p>\n\n<p>Sen lis\u00e4ksi hojichaa on usein kolmea tyyppi\u00e4 lehdiss\u00e4 (vaalea paahto, keskipaahto, tumma paahto), ja se voidaan jopa sekoittaa paahdettuun riisiin, ottaen nimen hojicha genmai.  <\/p>\n<div class=\"wp-block-image\">\n<figure class=\"aligncenter size-large is-resized\"><img decoding=\"async\" width=\"1024\" height=\"683\" src=\"https:\/\/hojichawholesale.eu\/wp-content\/uploads\/2024\/10\/Depositphotos_565446018_L-1-1024x683.avif\" alt=\"\" class=\"wp-image-5577\" style=\"width:572px;height:auto\" srcset=\"https:\/\/hojichawholesale.eu\/wp-content\/uploads\/2024\/10\/Depositphotos_565446018_L-1-1024x683.avif 1024w, https:\/\/hojichawholesale.eu\/wp-content\/uploads\/2024\/10\/Depositphotos_565446018_L-1-300x200.avif 300w, https:\/\/hojichawholesale.eu\/wp-content\/uploads\/2024\/10\/Depositphotos_565446018_L-1-768x512.avif 768w, https:\/\/hojichawholesale.eu\/wp-content\/uploads\/2024\/10\/Depositphotos_565446018_L-1.avif 1200w\" sizes=\"(max-width: 1024px) 100vw, 1024px\" \/><\/figure>\n<\/div>\n<h2 class=\"wp-block-heading\"><strong>Mit\u00e4 lajiketta k\u00e4ytet\u00e4\u00e4n Hojichaan?<\/strong><\/h2>\n\n<p>Hojichan yleisimmin k\u00e4ytetty lajike on Yabukita, vaikka joitain hojichaa valmistetaan my\u00f6s Gokou-lajikkeesta.<\/p>\n\n<h2 class=\"wp-block-heading\">Miten Hojichaa tuotetaan?<\/h2>\n\n<p>Hojicha aloittaa tuotantoprosessinsa banchana tai senchana.  <\/p>\n\n<p>Sadonkorjuun j\u00e4lkeen lehdet h\u00f6yrytet\u00e4\u00e4n, nimelt\u00e4\u00e4n &#8221;shaqing&#8221;, hapettumisprosessin pys\u00e4ytt\u00e4miseksi. Sitten ne rullataan, kuivataan ja paahdetaan posliinissa 175\u2013350 \u00b0C:ssa. Silloin banchasta (tai senchasta) tulee hojicha.  <\/p>\n\n<p>Osa siit\u00e4 jalostetaan jauheeksi, kun taas loput pakataan lehdiksi.  <\/p>\n<div class=\"wp-block-image\">\n<figure class=\"aligncenter size-large is-resized\"><img decoding=\"async\" width=\"1024\" height=\"683\" src=\"https:\/\/hojichawholesale.eu\/wp-content\/uploads\/2024\/10\/Depositphotos_518442682_L-1-1024x683.avif\" alt=\"\" class=\"wp-image-5575\" style=\"width:484px;height:auto\" srcset=\"https:\/\/hojichawholesale.eu\/wp-content\/uploads\/2024\/10\/Depositphotos_518442682_L-1-1024x683.avif 1024w, https:\/\/hojichawholesale.eu\/wp-content\/uploads\/2024\/10\/Depositphotos_518442682_L-1-300x200.avif 300w, https:\/\/hojichawholesale.eu\/wp-content\/uploads\/2024\/10\/Depositphotos_518442682_L-1-768x512.avif 768w, https:\/\/hojichawholesale.eu\/wp-content\/uploads\/2024\/10\/Depositphotos_518442682_L-1.avif 1200w\" sizes=\"(max-width: 1024px) 100vw, 1024px\" \/><\/figure>\n<\/div>\n<h2 class=\"wp-block-heading\"><strong>Kuinka hautua Hojichaa?<\/strong><\/h2>\n\n<p>Lehtimuodossa hojichaa haudutetaan 70\u201380 \u00b0C:n l\u00e4mp\u00f6tilassa 2\u20133 minuuttia.<\/p>\n\n<p>  80 \u00b0C on suositeltava, jos se on jauhemuodossa.  <\/p>\n\n<h2 class=\"wp-block-heading\"><strong>Hojichan historia<\/strong><\/h2>\n\n<p>Kukaan ei tied\u00e4, mist\u00e4 hojicha tuli. Se n\u00e4ytti ilmestyneen Kiotossa 1920-luvulla. <\/p>\n\n<p>Legenda kertoo, ett\u00e4 koneellisesti korjatun teen kehitys 20-luvun alussa johti merkitt\u00e4v\u00e4\u00e4n j\u00e4tteeseen. Tuntematon kauppias p\u00e4\u00e4tti paahtaa t\u00e4m\u00e4n k\u00e4ytt\u00f6kelvottoman teen pelastaakseen sen ja keksi samalla hojichan. <\/p>\n<div class=\"wp-block-image\">\n<figure class=\"aligncenter size-large is-resized\"><img loading=\"lazy\" decoding=\"async\" width=\"1024\" height=\"683\" src=\"https:\/\/hojichawholesale.eu\/wp-content\/uploads\/2024\/10\/Depositphotos_535727240_L-1-1024x683.avif\" alt=\"\" class=\"wp-image-5576\" style=\"width:592px;height:auto\" srcset=\"https:\/\/hojichawholesale.eu\/wp-content\/uploads\/2024\/10\/Depositphotos_535727240_L-1-1024x683.avif 1024w, https:\/\/hojichawholesale.eu\/wp-content\/uploads\/2024\/10\/Depositphotos_535727240_L-1-300x200.avif 300w, https:\/\/hojichawholesale.eu\/wp-content\/uploads\/2024\/10\/Depositphotos_535727240_L-1-768x512.avif 768w, https:\/\/hojichawholesale.eu\/wp-content\/uploads\/2024\/10\/Depositphotos_535727240_L-1.avif 1200w\" sizes=\"(max-width: 1024px) 100vw, 1024px\" \/><\/figure>\n<\/div>\n<h2 class=\"wp-block-heading\"><strong>Johtop\u00e4\u00e4t\u00f6s<\/strong><\/h2>\n\n<p>Hojicha on paahdettua japanilaista vihre\u00e4\u00e4 teet\u00e4, jota on saatavana sek\u00e4 jauheena ett\u00e4 lehtin\u00e4. V\u00e4h\u00e4n kofeiinia, se kulutetaan perinteisesti illalla. Sen oranssi v\u00e4ri tulee paistamisesta posliinikattilassa muutaman minuutin ajan, mik\u00e4 antaa sille tyypilliset p\u00e4hkin\u00e4t, karamelli tai suklaa.  <\/p>\n\n<h2 class=\"wp-block-heading\">Pyyd\u00e4 n\u00e4ytett\u00e4<\/h2>\n\n<p>Oletko kiinnostunut premium-hojichamme t\u00e4ytel\u00e4isist\u00e4, paahdetuista mauista?  <\/p>\n\n<p>T\u00e4yt\u00e4 vain tietosi alle ja l\u00e4het\u00e4mme sinulle n\u00e4ytteen. Kerro meille, jos sinulla on erityisi\u00e4 pyynt\u00f6j\u00e4, niin r\u00e4\u00e4t\u00e4l\u00f6imme mielell\u00e4mme tarjouksemme yrityksesi tarpeiden mukaan. <\/p>\n<p><div class=\"forminator-ui forminator-custom-form forminator-custom-form-1365 forminator-design--flat  forminator_ajax\" data-forminator-render=\"0\" data-form=\"forminator-module-1365\" data-uid=\"69e762ddd3e00\"><br\/><\/div><form\n\t\t\t\tid=\"forminator-module-1365\"\n\t\t\t\tclass=\"forminator-ui forminator-custom-form forminator-custom-form-1365 forminator-design--flat  forminator_ajax\"\n\t\t\t\tmethod=\"post\"\n\t\t\t\tdata-forminator-render=\"0\"\n\t\t\t\tdata-form-id=\"1365\"\n\t\t\t\t data-color-option=\"default\" data-design=\"flat\" data-grid=\"open\" style=\"display: none;\"\n\t\t\t\tdata-uid=\"69e762ddd3e00\"\n\t\t\t><div role=\"alert\" aria-live=\"polite\" class=\"forminator-response-message forminator-error\" aria-hidden=\"true\"><\/div><div class=\"forminator-row\"><div id=\"name-1\" class=\"forminator-field-name forminator-col forminator-col-6 \"><div class=\"forminator-field\"><input type=\"text\" name=\"name-1\" value=\"\" placeholder=\"First Name\" id=\"forminator-field-name-1_69e762ddd3e00\" class=\"forminator-input forminator-name--field\" aria-required=\"true\" autocomplete=\"name\" \/><\/div><\/div><div id=\"name-2\" class=\"forminator-field-name forminator-col forminator-col-6 \"><div class=\"forminator-field\"><input type=\"text\" name=\"name-2\" value=\"\" placeholder=\"Last Name\" id=\"forminator-field-name-2_69e762ddd3e00\" class=\"forminator-input forminator-name--field\" aria-required=\"true\" autocomplete=\"name\" \/><\/div><\/div><\/div><div class=\"forminator-row\"><div id=\"email-1\" class=\"forminator-field-email forminator-col forminator-col-12 \"><div class=\"forminator-field\"><input type=\"email\" name=\"email-1\" value=\"\" placeholder=\"Email\" id=\"forminator-field-email-1_69e762ddd3e00\" class=\"forminator-input forminator-email--field\" data-required=\"true\" aria-required=\"true\" autocomplete=\"email\" \/><\/div><\/div><\/div><div class=\"forminator-row\"><div id=\"phone-1\" class=\"forminator-field-phone forminator-col forminator-col-12 \"><div class=\"forminator-field\"><input type=\"text\" name=\"phone-1\" value=\"\" placeholder=\"Phone\" id=\"forminator-field-phone-1_69e762ddd3e00\" class=\"forminator-input forminator-field--phone\" data-required=\"\" aria-required=\"false\" autocomplete=\"off\" \/><\/div><\/div><\/div><div class=\"forminator-row\"><div id=\"textarea-1\" class=\"forminator-field-textarea forminator-col forminator-col-12 \"><div class=\"forminator-field\"><textarea name=\"textarea-1\" placeholder=\"Message\" id=\"forminator-field-textarea-1_69e762ddd3e00\" class=\"forminator-textarea\" rows=\"6\" style=\"--forminator-textarea-min-height:140px;\" ><\/textarea><span id=\"forminator-field-textarea-1_69e762ddd3e00-description\" class=\"forminator-description\"><span data-limit=\"300\" data-type=\"words\" data-editor=\"\">0 \/ 300<\/span><\/span><\/div><\/div><\/div><div class=\"forminator-row\"><\/div><input type=\"hidden\" name=\"referer_url\" value=\"\" \/><div class=\"forminator-row forminator-row-last\"><div class=\"forminator-col\"><div class=\"forminator-field\"><button class=\"forminator-button forminator-button-submit\">Send<\/button><\/div><\/div><\/div><input type=\"hidden\" id=\"forminator_nonce\" name=\"forminator_nonce\" value=\"b5075f1ce4\" \/><input type=\"hidden\" name=\"_wp_http_referer\" value=\"\/fi\/wp-json\/wp\/v2\/pages\/6394\" \/><input type=\"hidden\" name=\"form_id\" value=\"1365\"><input type=\"hidden\" name=\"page_id\" value=\"6394\"><input type=\"hidden\" name=\"form_type\" value=\"default\"><input type=\"hidden\" name=\"current_url\" value=\"https:\/\/hojichawholesale.eu\/fi\/mika-on-hojicha\/\"><input type=\"hidden\" name=\"render_id\" value=\"0\"><input type=\"hidden\" name=\"action\" value=\"forminator_submit_form_custom-forms\"><label for=\"input_6\" class=\"forminator-hidden\" aria-hidden=\"true\">Please do not fill in this field. <input id=\"input_6\" type=\"text\" name=\"input_6\" value=\"\" autocomplete=\"off\"><\/label><\/form><\/p>\n","protected":false},"excerpt":{"rendered":"<p>Mik\u00e4 on Hojicha? Hojicha on japanilainen vihre\u00e4 tee, joka paahdetaan posliinissa 175\u2013350 \u00b0C:n l\u00e4mp\u00f6tilassa. T\u00e4m\u00e4 paahtoprosessi antaa sille erottuvan oranssin s\u00e4vyn ja v\u00e4hent\u00e4\u00e4 sen kofeiini- ja katekiinipitoisuutta. &#8221;Hoji&#8221; tarkoittaa japaniksi &#8221;paahtaa&#8221; ja &#8221;cha&#8221; tarkoittaa teet\u00e4. Miksi juoda Hojichaa? Hojicha on perinteinen japanilainen juoma, jota nautitaan y\u00f6ll\u00e4 ruoansulatuksen helpottamiseksi. Se voidaan kuitenkin juoda milloin tahansa p\u00e4iv\u00e4st\u00e4 [&hellip;]<\/p>\n","protected":false},"author":1,"featured_media":6395,"parent":0,"menu_order":0,"comment_status":"closed","ping_status":"closed","template":"","meta":{"_surecart_dashboard_logo_width":"180px","_surecart_dashboard_show_logo":true,"_surecart_dashboard_navigation_orders":true,"_surecart_dashboard_navigation_invoices":true,"_surecart_dashboard_navigation_subscriptions":true,"_surecart_dashboard_navigation_downloads":true,"_surecart_dashboard_navigation_billing":true,"_surecart_dashboard_navigation_account":true,"footnotes":""},"class_list":["post-6394","page","type-page","status-publish","has-post-thumbnail","hentry","entry","has-media"],"mb":[],"mfb_rest_fields":["title","gutenberg_elementor_mode"],"_links":{"self":[{"href":"https:\/\/hojichawholesale.eu\/fi\/wp-json\/wp\/v2\/pages\/6394","targetHints":{"allow":["GET"]}}],"collection":[{"href":"https:\/\/hojichawholesale.eu\/fi\/wp-json\/wp\/v2\/pages"}],"about":[{"href":"https:\/\/hojichawholesale.eu\/fi\/wp-json\/wp\/v2\/types\/page"}],"author":[{"embeddable":true,"href":"https:\/\/hojichawholesale.eu\/fi\/wp-json\/wp\/v2\/users\/1"}],"replies":[{"embeddable":true,"href":"https:\/\/hojichawholesale.eu\/fi\/wp-json\/wp\/v2\/comments?post=6394"}],"version-history":[{"count":0,"href":"https:\/\/hojichawholesale.eu\/fi\/wp-json\/wp\/v2\/pages\/6394\/revisions"}],"wp:featuredmedia":[{"embeddable":true,"href":"https:\/\/hojichawholesale.eu\/fi\/wp-json\/wp\/v2\/media\/6395"}],"wp:attachment":[{"href":"https:\/\/hojichawholesale.eu\/fi\/wp-json\/wp\/v2\/media?parent=6394"}],"curies":[{"name":"wp","href":"https:\/\/api.w.org\/{rel}","templated":true}]}}