{"id":6380,"date":"2024-10-12T11:59:06","date_gmt":"2024-10-12T11:59:06","guid":{"rendered":"https:\/\/hojichawholesale.eu\/miksi-myyda-hojichaa\/"},"modified":"2024-10-13T19:26:26","modified_gmt":"2024-10-13T19:26:26","slug":"miksi-myyda-hojichaa","status":"publish","type":"page","link":"https:\/\/hojichawholesale.eu\/fi\/miksi-myyda-hojichaa\/","title":{"rendered":"Miksi myyd\u00e4 hojichaa?"},"content":{"rendered":"\n<h1 class=\"wp-block-heading\">Miksi myyd\u00e4 Hojichaa?<\/h1>\n\n<p>Hojicha, japanilainen paahdettu vihre\u00e4 tee, on saavuttanut nopeasti suosiota viime vuosina.  <\/p>\n\n<figure class=\"wp-block-image size-large\"><img fetchpriority=\"high\" decoding=\"async\" width=\"1024\" height=\"544\" src=\"https:\/\/hojichawholesale.eu\/wp-content\/uploads\/2024\/10\/hojicha-trends-1-1024x544.avif\" alt=\"\" class=\"wp-image-5519\" srcset=\"https:\/\/hojichawholesale.eu\/wp-content\/uploads\/2024\/10\/hojicha-trends-1-1024x544.avif 1024w, https:\/\/hojichawholesale.eu\/wp-content\/uploads\/2024\/10\/hojicha-trends-1-300x159.avif 300w, https:\/\/hojichawholesale.eu\/wp-content\/uploads\/2024\/10\/hojicha-trends-1-768x408.avif 768w, https:\/\/hojichawholesale.eu\/wp-content\/uploads\/2024\/10\/hojicha-trends-1-1536x816.avif 1536w, https:\/\/hojichawholesale.eu\/wp-content\/uploads\/2024\/10\/hojicha-trends-1.avif 1892w\" sizes=\"(max-width: 1024px) 100vw, 1024px\" \/><\/figure>\n\n<figure class=\"wp-block-image size-large\"><img decoding=\"async\" width=\"1024\" height=\"412\" src=\"https:\/\/hojichawholesale.eu\/wp-content\/uploads\/2024\/10\/hojicha-trends-countries-1024x412.avif\" alt=\"\" class=\"wp-image-5459\" srcset=\"https:\/\/hojichawholesale.eu\/wp-content\/uploads\/2024\/10\/hojicha-trends-countries-1024x412.avif 1024w, https:\/\/hojichawholesale.eu\/wp-content\/uploads\/2024\/10\/hojicha-trends-countries-300x121.avif 300w, https:\/\/hojichawholesale.eu\/wp-content\/uploads\/2024\/10\/hojicha-trends-countries-768x309.avif 768w, https:\/\/hojichawholesale.eu\/wp-content\/uploads\/2024\/10\/hojicha-trends-countries-1536x618.avif 1536w, https:\/\/hojichawholesale.eu\/wp-content\/uploads\/2024\/10\/hojicha-trends-countries.avif 1873w\" sizes=\"(max-width: 1024px) 100vw, 1024px\" \/><\/figure>\n\n<p>Erottuvan makuprofiilinsa, kasvavan terveystietoisen vetovoimansa ja monipuolisuutensa ansiosta se on uusi ja houkutteleva ehdotus asiakkaillesi.  <\/p>\n\n<p>T\u00e4st\u00e4 syyst\u00e4 sinun kannattaa harkita hojichan lis\u00e4\u00e4mist\u00e4 valikkoon.<\/p>\n\n<h2 class=\"wp-block-heading\">1. Ainutlaatuinen makuprofiili<\/h2>\n\n<p>Hojicha erottuu l\u00e4mpim\u00e4st\u00e4, paahdetusta maustaan, joka erottaa sen muista japanilaisista teist\u00e4, kuten matchasta tai senchasta.  <\/p>\n\n<p>Paahtoprosessi antaa sille paahteisen, hieman p\u00e4hkin\u00e4isen maun, jossa on ripaus karamellimakeutta, mik\u00e4 tekee siit\u00e4 houkuttelevan valinnan asiakkaille, jotka etsiv\u00e4t jotain erilaista.  <\/p>\n\n<p>Sen katkeruuden puute ja alhainen kofeiini (paahtamisen vuoksi) tekev\u00e4t siit\u00e4 universaalin ja perheyst\u00e4v\u00e4llisen vaihtoehdon.  <\/p>\n\n<p>V\u00e4h\u00e4sokerinen mutta herkullinen, se on juoma kaikille.  <\/p>\n\n<h2 class=\"wp-block-heading\">2. Terveyshy\u00f6dyt<\/h2>\n\n<p>Hojicha, kuten muutkin vihre\u00e4t teet, s\u00e4ilytt\u00e4\u00e4 monia terveyshy\u00f6tyj\u00e4 jopa paahtamisen j\u00e4lkeen.  <\/p>\n\n<p>Se sis\u00e4lt\u00e4\u00e4 runsaasti antioksidantteja, jotka tunnetaan roolistaan tulehduksen v\u00e4hent\u00e4misess\u00e4 ja yleisen hyvinvoinnin edist\u00e4misess\u00e4. Alhainen kofeiinipitoisuus tekee siit\u00e4 sopivan ihmisille, jotka haluavat v\u00e4hent\u00e4\u00e4 kofeiinin saantiaan samalla kun nauttivat teen rauhoittavista, terveytt\u00e4 edist\u00e4vist\u00e4 ominaisuuksista.   <\/p>\n\n<h2 class=\"wp-block-heading\">3. Monipuolisuus kulinaarisissa sovelluksissa<\/h2>\n\n<p>Hojichaa on saatavana joko irtolehtin\u00e4 tai jauheena.<\/p>\n\n<p>T\u00e4m\u00e4 monipuolisuus on harvinaista japanilaisen teen keskuudessa.  <\/p>\n\n<p>Hojicha voidaan tarjoilla kuumana tai kylm\u00e4n\u00e4, teess\u00e4 tai lattena, ja se voidaan leipoa leiv\u00e4ksi, kekseiksi ja kakkuiksi.  <\/p>\n\n<p>Sit\u00e4 voidaan k\u00e4ytt\u00e4\u00e4 my\u00f6s j\u00e4\u00e4tel\u00f6n makuun.  <\/p>\n\n<p>Sen paahdettu, maanl\u00e4heinen maku tekee siit\u00e4 j\u00e4nnitt\u00e4v\u00e4n ainesosan k\u00e4ytett\u00e4v\u00e4ksi melkein kaikissa resepteiss\u00e4.  <\/p>\n\n<h2 class=\"wp-block-heading\">4. Kasvava maailmanlaajuinen suosio<\/h2>\n\n<p>Hojichan suosio ei en\u00e4\u00e4 rajoitu Japaniin.  <\/p>\n\n<p>Kansainv\u00e4liset teenjuojat ovat yh\u00e4 seikkailunhaluisempia ja haluavat tutkia uusia makuja ja kulttuurisia teeperinteit\u00e4. Kun tietoisuus hojichasta kasvaa, kasvaa my\u00f6s sen markkinoiden kysynt\u00e4. <\/p>\n\n<p>Olemalla ensimm\u00e4isten hojicha-myyjien joukossa asetat itsesi kasvavan globaalin trendin eturintamaan, joka ei osoita hidastumisen merkkej\u00e4.  <\/p>\n\n<p>Asetat my\u00f6s yrityksesi erilaiseksi ja trendikk\u00e4\u00e4mm\u00e4ksi kuin kilpailijat.  <\/p>\n\n<h2 class=\"wp-block-heading\">5. Helppo markkinoida<\/h2>\n\n<p>Tuotteen luonne antaa sinulle laajan valikoiman n\u00e4k\u00f6kulmia k\u00e4ytett\u00e4v\u00e4ksi markkinoinnissasi, hienosta japanilaisesta juomasta terveytt\u00e4 edist\u00e4v\u00e4\u00e4n juomaan.  <\/p>\n\n<p>Sen alhaiset tuotantokustannukset antavat sinulle t\u00e4yden hallinnan voittomarginaaleistasi.  <\/p>\n\n<h2 class=\"wp-block-heading\">Johtop\u00e4\u00e4t\u00f6s<\/h2>\n\n<p>T\u00e4rkeimp\u00e4n\u00e4 nousevana japanilaisena teen\u00e4 hojicha on pakollinen kahviloille, hotelleille, ravintoloille ja v\u00e4hitt\u00e4iskaupan teekaupoille, jotka haluavat tarjota asiakkailleen j\u00e4nnitt\u00e4v\u00e4n valikoiman tuotteita.  <\/p>\n\n<p>Hojichan terveyshy\u00f6dyt, rikas makuprofiili ja kasvava kysynt\u00e4 tekev\u00e4t siit\u00e4 strategisen lis\u00e4yksen v\u00e4hitt\u00e4iskauppiaille ja ruokapalveluyrityksille.<\/p>\n\n<p>Olivatpa asiakkaasi kokeneita teenjuojia tai japanilaisen teen uusia tulokkaita, hojicha erottuu varmasti tuotteena, jolla on laaja vetovoima.<\/p>\n\n<h2 class=\"wp-block-heading\">Pyyd\u00e4 n\u00e4ytett\u00e4<\/h2>\n\n<p>Oletko kiinnostunut premium-hojichamme t\u00e4ytel\u00e4isist\u00e4, paahdetuista mauista?  <\/p>\n\n<p>T\u00e4yt\u00e4 vain tietosi alle ja l\u00e4het\u00e4mme sinulle n\u00e4ytteen. Kerro meille, jos sinulla on erityisi\u00e4 pyynt\u00f6j\u00e4, niin r\u00e4\u00e4t\u00e4l\u00f6imme mielell\u00e4mme tarjouksemme yrityksesi tarpeiden mukaan. <\/p>\n<div class=\"forminator-ui forminator-custom-form forminator-custom-form-1365 forminator-design--flat  forminator_ajax\" data-forminator-render=\"0\" data-form=\"forminator-module-1365\" data-uid=\"69d8270e3504f\"><br\/><\/div><form\n\t\t\t\tid=\"forminator-module-1365\"\n\t\t\t\tclass=\"forminator-ui forminator-custom-form forminator-custom-form-1365 forminator-design--flat  forminator_ajax\"\n\t\t\t\tmethod=\"post\"\n\t\t\t\tdata-forminator-render=\"0\"\n\t\t\t\tdata-form-id=\"1365\"\n\t\t\t\t data-color-option=\"default\" data-design=\"flat\" data-grid=\"open\" style=\"display: none;\"\n\t\t\t\tdata-uid=\"69d8270e3504f\"\n\t\t\t><div role=\"alert\" aria-live=\"polite\" class=\"forminator-response-message forminator-error\" aria-hidden=\"true\"><\/div><div class=\"forminator-row\"><div id=\"name-1\" class=\"forminator-field-name forminator-col forminator-col-6 \"><div class=\"forminator-field\"><input type=\"text\" name=\"name-1\" value=\"\" placeholder=\"First Name\" id=\"forminator-field-name-1_69d8270e3504f\" class=\"forminator-input forminator-name--field\" aria-required=\"true\" autocomplete=\"name\" \/><\/div><\/div><div id=\"name-2\" class=\"forminator-field-name forminator-col forminator-col-6 \"><div class=\"forminator-field\"><input type=\"text\" name=\"name-2\" value=\"\" placeholder=\"Last Name\" id=\"forminator-field-name-2_69d8270e3504f\" class=\"forminator-input forminator-name--field\" aria-required=\"true\" autocomplete=\"name\" \/><\/div><\/div><\/div><div class=\"forminator-row\"><div id=\"email-1\" class=\"forminator-field-email forminator-col forminator-col-12 \"><div class=\"forminator-field\"><input type=\"email\" name=\"email-1\" value=\"\" placeholder=\"Email\" id=\"forminator-field-email-1_69d8270e3504f\" class=\"forminator-input forminator-email--field\" data-required=\"true\" aria-required=\"true\" autocomplete=\"email\" \/><\/div><\/div><\/div><div class=\"forminator-row\"><div id=\"phone-1\" class=\"forminator-field-phone forminator-col forminator-col-12 \"><div class=\"forminator-field\"><input type=\"text\" name=\"phone-1\" value=\"\" placeholder=\"Phone\" id=\"forminator-field-phone-1_69d8270e3504f\" class=\"forminator-input forminator-field--phone\" data-required=\"\" aria-required=\"false\" autocomplete=\"off\" \/><\/div><\/div><\/div><div class=\"forminator-row\"><div id=\"textarea-1\" class=\"forminator-field-textarea forminator-col forminator-col-12 \"><div class=\"forminator-field\"><textarea name=\"textarea-1\" placeholder=\"Message\" id=\"forminator-field-textarea-1_69d8270e3504f\" class=\"forminator-textarea\" rows=\"6\" style=\"min-height:140px;\" ><\/textarea><span id=\"forminator-field-textarea-1_69d8270e3504f-description\" class=\"forminator-description\"><span data-limit=\"300\" data-type=\"words\" data-editor=\"\">0 \/ 300<\/span><\/span><\/div><\/div><\/div><div class=\"forminator-row\"><\/div><input type=\"hidden\" name=\"referer_url\" value=\"\" \/><div class=\"forminator-row forminator-row-last\"><div class=\"forminator-col\"><div class=\"forminator-field\"><button class=\"forminator-button forminator-button-submit\">Send<\/button><\/div><\/div><\/div><input type=\"hidden\" id=\"forminator_nonce\" name=\"forminator_nonce\" value=\"7c974ef758\" \/><input type=\"hidden\" name=\"_wp_http_referer\" value=\"\/fi\/wp-json\/wp\/v2\/pages\/6380\" \/><input type=\"hidden\" name=\"form_id\" value=\"1365\"><input type=\"hidden\" name=\"page_id\" value=\"6380\"><input type=\"hidden\" name=\"form_type\" value=\"default\"><input type=\"hidden\" name=\"current_url\" value=\"https:\/\/hojichawholesale.eu\/fi\/miksi-myyda-hojichaa\/\"><input type=\"hidden\" name=\"render_id\" value=\"0\"><input type=\"hidden\" name=\"action\" value=\"forminator_submit_form_custom-forms\"><label for=\"input_6\" class=\"forminator-hidden\" aria-hidden=\"true\">Please do not fill in this field. <input id=\"input_6\" type=\"text\" name=\"input_6\" value=\"\" autocomplete=\"off\"><\/label><\/form>\n","protected":false},"excerpt":{"rendered":"<p>Miksi myyd\u00e4 Hojichaa? Hojicha, japanilainen paahdettu vihre\u00e4 tee, on saavuttanut nopeasti suosiota viime vuosina. Erottuvan makuprofiilinsa, kasvavan terveystietoisen vetovoimansa ja monipuolisuutensa ansiosta se on uusi ja houkutteleva ehdotus asiakkaillesi. T\u00e4st\u00e4 syyst\u00e4 sinun kannattaa harkita hojichan lis\u00e4\u00e4mist\u00e4 valikkoon. 1. Ainutlaatuinen makuprofiili Hojicha erottuu l\u00e4mpim\u00e4st\u00e4, paahdetusta maustaan, joka erottaa sen muista japanilaisista teist\u00e4, kuten matchasta tai senchasta. [&hellip;]<\/p>\n","protected":false},"author":1,"featured_media":6390,"parent":0,"menu_order":0,"comment_status":"closed","ping_status":"closed","template":"","meta":{"_surecart_dashboard_logo_width":"180px","_surecart_dashboard_show_logo":true,"_surecart_dashboard_navigation_orders":true,"_surecart_dashboard_navigation_invoices":true,"_surecart_dashboard_navigation_subscriptions":true,"_surecart_dashboard_navigation_downloads":true,"_surecart_dashboard_navigation_billing":true,"_surecart_dashboard_navigation_account":true,"footnotes":""},"class_list":["post-6380","page","type-page","status-publish","has-post-thumbnail","hentry","entry","has-media"],"mb":[],"mfb_rest_fields":["title","gutenberg_elementor_mode"],"_links":{"self":[{"href":"https:\/\/hojichawholesale.eu\/fi\/wp-json\/wp\/v2\/pages\/6380","targetHints":{"allow":["GET"]}}],"collection":[{"href":"https:\/\/hojichawholesale.eu\/fi\/wp-json\/wp\/v2\/pages"}],"about":[{"href":"https:\/\/hojichawholesale.eu\/fi\/wp-json\/wp\/v2\/types\/page"}],"author":[{"embeddable":true,"href":"https:\/\/hojichawholesale.eu\/fi\/wp-json\/wp\/v2\/users\/1"}],"replies":[{"embeddable":true,"href":"https:\/\/hojichawholesale.eu\/fi\/wp-json\/wp\/v2\/comments?post=6380"}],"version-history":[{"count":0,"href":"https:\/\/hojichawholesale.eu\/fi\/wp-json\/wp\/v2\/pages\/6380\/revisions"}],"wp:featuredmedia":[{"embeddable":true,"href":"https:\/\/hojichawholesale.eu\/fi\/wp-json\/wp\/v2\/media\/6390"}],"wp:attachment":[{"href":"https:\/\/hojichawholesale.eu\/fi\/wp-json\/wp\/v2\/media?parent=6380"}],"curies":[{"name":"wp","href":"https:\/\/api.w.org\/{rel}","templated":true}]}}