{"id":6377,"date":"2024-10-11T17:57:17","date_gmt":"2024-10-11T17:57:17","guid":{"rendered":"https:\/\/hojichawholesale.eu\/hojicha-vahittaiskaupan-teekaupoille\/"},"modified":"2024-10-13T19:25:28","modified_gmt":"2024-10-13T19:25:28","slug":"hojicha-vahittaiskaupan-teekaupoille","status":"publish","type":"page","link":"https:\/\/hojichawholesale.eu\/fi\/hojicha-vahittaiskaupan-teekaupoille\/","title":{"rendered":"Hojicha v\u00e4hitt\u00e4iskaupan teekaupoille"},"content":{"rendered":"\n<h1 class=\"wp-block-heading\">Hojicha v\u00e4hitt\u00e4iskaupan teekaupoille<\/h1>\n\n<p>Hojichan suosio on kasvanut ja siit\u00e4 on tulossa erottuva tuote Japanista. T\u00e4st\u00e4 syyst\u00e4 sen pit\u00e4isi olla osa teekauppasi valikoimaa. <\/p>\n\n<h2 class=\"wp-block-heading\">1. <strong>Ainutlaatuinen makuprofiili<\/strong><\/h2>\n\n<p>Hojichan erottuva paahtoprosessi antaa sille l\u00e4mpim\u00e4n, paahdetun aromin ja miedon, p\u00e4hkin\u00e4isen maun. Toisin kuin perinteiset vihre\u00e4t teet, se sis\u00e4lt\u00e4\u00e4 luonnostaan v\u00e4h\u00e4n kofeiinia, joten se on loistava valinta asiakkaille, jotka haluavat rauhoittavan teen, jota he voivat nauttia koko p\u00e4iv\u00e4n, jopa illalla. <\/p>\n<div class=\"wp-block-image\">\n<figure class=\"aligncenter size-large is-resized\"><img fetchpriority=\"high\" decoding=\"async\" width=\"1024\" height=\"683\" src=\"https:\/\/hojichawholesale.eu\/wp-content\/uploads\/2024\/10\/Depositphotos_505383520_L-1024x683.avif\" alt=\"\" class=\"wp-image-5324\" style=\"width:484px;height:auto\" srcset=\"https:\/\/hojichawholesale.eu\/wp-content\/uploads\/2024\/10\/Depositphotos_505383520_L-1024x683.avif 1024w, https:\/\/hojichawholesale.eu\/wp-content\/uploads\/2024\/10\/Depositphotos_505383520_L-300x200.avif 300w, https:\/\/hojichawholesale.eu\/wp-content\/uploads\/2024\/10\/Depositphotos_505383520_L-768x512.avif 768w, https:\/\/hojichawholesale.eu\/wp-content\/uploads\/2024\/10\/Depositphotos_505383520_L.avif 1200w\" sizes=\"(max-width: 1024px) 100vw, 1024px\" \/><\/figure>\n<\/div>\n<h2 class=\"wp-block-heading\">2. <strong>Terveyshy\u00f6dyt<\/strong><\/h2>\n\n<p>Hojicha sis\u00e4lt\u00e4\u00e4 runsaasti antioksidantteja, kuten katekiineja, mik\u00e4 tekee siit\u00e4 ensisijaisen ehdokkaan terveysmarkkinointikampanjoihin.  <\/p>\n\n<p>Sen alhainen kofeiinipitoisuus tekee siit\u00e4 sopivan niille, jotka ovat herkki\u00e4 stimulanteille, ja paahtoprosessi v\u00e4hent\u00e4\u00e4 tanniineja antaen sille sile\u00e4n tekstuurin ilman katkeruutta, joka usein liittyy vihre\u00e4\u00e4n teehen.<\/p>\n\n<h2 class=\"wp-block-heading\">3. <strong>Kasvaviin markkinoihin vetoaminen<\/strong><\/h2>\n\n<p>Erikoisteiden ja hyvinvointituotteiden kysynn\u00e4n kasvaessa hojicha tarjoaa kaupallesi mahdollisuuden houkutella terveystietoisia asiakkaita.  <\/p>\n\n<p>Sen erottuva maku ja alhainen kofeiinipitoisuus vetoavat monipuoliseen yleis\u00f6\u00f6n teen harrastajista terveyteen keskittyviin kuluttajiin. Se on erinomainen valinta niille, jotka etsiv\u00e4t rauhallista ja rauhoittavaa kuumaa y\u00f6juomaa. <\/p>\n\n<figure class=\"wp-block-image size-large is-resized\"><img decoding=\"async\" width=\"1024\" height=\"544\" src=\"https:\/\/hojichawholesale.eu\/wp-content\/uploads\/2024\/10\/hojicha-trends-1-1024x544.avif\" alt=\"\" class=\"wp-image-5519\" style=\"width:840px;height:auto\" srcset=\"https:\/\/hojichawholesale.eu\/wp-content\/uploads\/2024\/10\/hojicha-trends-1-1024x544.avif 1024w, https:\/\/hojichawholesale.eu\/wp-content\/uploads\/2024\/10\/hojicha-trends-1-300x159.avif 300w, https:\/\/hojichawholesale.eu\/wp-content\/uploads\/2024\/10\/hojicha-trends-1-768x408.avif 768w, https:\/\/hojichawholesale.eu\/wp-content\/uploads\/2024\/10\/hojicha-trends-1-1536x816.avif 1536w, https:\/\/hojichawholesale.eu\/wp-content\/uploads\/2024\/10\/hojicha-trends-1.avif 1892w\" sizes=\"(max-width: 1024px) 100vw, 1024px\" \/><\/figure>\n\n<figure class=\"wp-block-image size-large\"><img decoding=\"async\" width=\"1024\" height=\"412\" src=\"https:\/\/hojichawholesale.eu\/wp-content\/uploads\/2024\/10\/hojicha-trends-countries-1024x412.avif\" alt=\"\" class=\"wp-image-5459\" srcset=\"https:\/\/hojichawholesale.eu\/wp-content\/uploads\/2024\/10\/hojicha-trends-countries-1024x412.avif 1024w, https:\/\/hojichawholesale.eu\/wp-content\/uploads\/2024\/10\/hojicha-trends-countries-300x121.avif 300w, https:\/\/hojichawholesale.eu\/wp-content\/uploads\/2024\/10\/hojicha-trends-countries-768x309.avif 768w, https:\/\/hojichawholesale.eu\/wp-content\/uploads\/2024\/10\/hojicha-trends-countries-1536x618.avif 1536w, https:\/\/hojichawholesale.eu\/wp-content\/uploads\/2024\/10\/hojicha-trends-countries.avif 1873w\" sizes=\"(max-width: 1024px) 100vw, 1024px\" \/><\/figure>\n\n<h2 class=\"wp-block-heading\">4. <strong>Monipuolisuus k\u00e4yt\u00f6ss\u00e4<\/strong><\/h2>\n\n<p>Toisin kuin matcha, hojichaa on saatavana sek\u00e4 jauheena ett\u00e4 irtolehtin\u00e4, mik\u00e4 antaa sinulle joustavuutta, jota tarvitset sen ominaisuuksien mainostamiseen.  <\/p>\n\n<p>Sit\u00e4 voidaan k\u00e4ytt\u00e4\u00e4 my\u00f6s latteissa, leivonnaisissa, j\u00e4\u00e4tel\u00f6ss\u00e4 tai yksinkertaisena teen\u00e4.  <\/p>\n\n<h2 class=\"wp-block-heading\">5. <strong>Ensiluokkainen laatu<\/strong><\/h2>\n\n<p>Hojichamme hankitaan suoraan japanilaisilta teentuottajilta. T\u00e4m\u00e4 varmistaa, ett\u00e4 saat korkealaatuisen tuotteen, jolla on johdonmukainen makuprofiili, jota asiakkaasi rakastavat ja josta he palaavat. <\/p>\n\n<h2 class=\"wp-block-heading\">6. Terveet marginaalit<\/h2>\n\n<p>Koska Hojicha on edullinen tuottaa ja liittyy japanilaiseen kulttuuriin, asiakkaat ovat valmiita maksamaan palkkion, erityisesti hojicha-jauheesta.  <\/p>\n\n<p>Hojicha auttaa sinua monipuolistamaan tarjontaasi ja palvelemaan uudenlaista kuluttajaa, joka etsii aliarvioituja ja tulevia tuotteita.  <\/p>\n\n<h2 class=\"wp-block-heading\">Pyyd\u00e4 n\u00e4ytett\u00e4<\/h2>\n\n<p>Oletko kiinnostunut premium-hojichamme t\u00e4ytel\u00e4isist\u00e4, paahdetuista mauista?  <\/p>\n\n<p>T\u00e4yt\u00e4 vain tietosi alle ja l\u00e4het\u00e4mme sinulle n\u00e4ytteen. Kerro meille, jos sinulla on erityisi\u00e4 pyynt\u00f6j\u00e4, niin r\u00e4\u00e4t\u00e4l\u00f6imme mielell\u00e4mme tarjouksemme yrityksesi tarpeiden mukaan. <\/p>\n<div class=\"forminator-ui forminator-custom-form forminator-custom-form-1365 forminator-design--flat  forminator_ajax\" data-forminator-render=\"0\" data-form=\"forminator-module-1365\" data-uid=\"69e050fd53ad6\"><br\/><\/div><form\n\t\t\t\tid=\"forminator-module-1365\"\n\t\t\t\tclass=\"forminator-ui forminator-custom-form forminator-custom-form-1365 forminator-design--flat  forminator_ajax\"\n\t\t\t\tmethod=\"post\"\n\t\t\t\tdata-forminator-render=\"0\"\n\t\t\t\tdata-form-id=\"1365\"\n\t\t\t\t data-color-option=\"default\" data-design=\"flat\" data-grid=\"open\" style=\"display: none;\"\n\t\t\t\tdata-uid=\"69e050fd53ad6\"\n\t\t\t><div role=\"alert\" aria-live=\"polite\" class=\"forminator-response-message forminator-error\" aria-hidden=\"true\"><\/div><div class=\"forminator-row\"><div id=\"name-1\" class=\"forminator-field-name forminator-col forminator-col-6 \"><div class=\"forminator-field\"><input type=\"text\" name=\"name-1\" value=\"\" placeholder=\"First Name\" id=\"forminator-field-name-1_69e050fd53ad6\" class=\"forminator-input forminator-name--field\" aria-required=\"true\" autocomplete=\"name\" \/><\/div><\/div><div id=\"name-2\" class=\"forminator-field-name forminator-col forminator-col-6 \"><div class=\"forminator-field\"><input type=\"text\" name=\"name-2\" value=\"\" placeholder=\"Last Name\" id=\"forminator-field-name-2_69e050fd53ad6\" class=\"forminator-input forminator-name--field\" aria-required=\"true\" autocomplete=\"name\" \/><\/div><\/div><\/div><div class=\"forminator-row\"><div id=\"email-1\" class=\"forminator-field-email forminator-col forminator-col-12 \"><div class=\"forminator-field\"><input type=\"email\" name=\"email-1\" value=\"\" placeholder=\"Email\" id=\"forminator-field-email-1_69e050fd53ad6\" class=\"forminator-input forminator-email--field\" data-required=\"true\" aria-required=\"true\" autocomplete=\"email\" \/><\/div><\/div><\/div><div class=\"forminator-row\"><div id=\"phone-1\" class=\"forminator-field-phone forminator-col forminator-col-12 \"><div class=\"forminator-field\"><input type=\"text\" name=\"phone-1\" value=\"\" placeholder=\"Phone\" id=\"forminator-field-phone-1_69e050fd53ad6\" class=\"forminator-input forminator-field--phone\" data-required=\"\" aria-required=\"false\" autocomplete=\"off\" \/><\/div><\/div><\/div><div class=\"forminator-row\"><div id=\"textarea-1\" class=\"forminator-field-textarea forminator-col forminator-col-12 \"><div class=\"forminator-field\"><textarea name=\"textarea-1\" placeholder=\"Message\" id=\"forminator-field-textarea-1_69e050fd53ad6\" class=\"forminator-textarea\" rows=\"6\" style=\"min-height:140px;\" ><\/textarea><span id=\"forminator-field-textarea-1_69e050fd53ad6-description\" class=\"forminator-description\"><span data-limit=\"300\" data-type=\"words\" data-editor=\"\">0 \/ 300<\/span><\/span><\/div><\/div><\/div><div class=\"forminator-row\"><\/div><input type=\"hidden\" name=\"referer_url\" value=\"\" \/><div class=\"forminator-row forminator-row-last\"><div class=\"forminator-col\"><div class=\"forminator-field\"><button class=\"forminator-button forminator-button-submit\">Send<\/button><\/div><\/div><\/div><input type=\"hidden\" id=\"forminator_nonce\" name=\"forminator_nonce\" value=\"1a36a6bb8c\" \/><input type=\"hidden\" name=\"_wp_http_referer\" value=\"\/fi\/wp-json\/wp\/v2\/pages\/6377\" \/><input type=\"hidden\" name=\"form_id\" value=\"1365\"><input type=\"hidden\" name=\"page_id\" value=\"6377\"><input type=\"hidden\" name=\"form_type\" value=\"default\"><input type=\"hidden\" name=\"current_url\" value=\"https:\/\/hojichawholesale.eu\/fi\/hojicha-vahittaiskaupan-teekaupoille\/\"><input type=\"hidden\" name=\"render_id\" value=\"0\"><input type=\"hidden\" name=\"action\" value=\"forminator_submit_form_custom-forms\"><label for=\"input_6\" class=\"forminator-hidden\" aria-hidden=\"true\">Please do not fill in this field. <input id=\"input_6\" type=\"text\" name=\"input_6\" value=\"\" autocomplete=\"off\"><\/label><\/form>\n","protected":false},"excerpt":{"rendered":"<p>Hojicha v\u00e4hitt\u00e4iskaupan teekaupoille Hojichan suosio on kasvanut ja siit\u00e4 on tulossa erottuva tuote Japanista. T\u00e4st\u00e4 syyst\u00e4 sen pit\u00e4isi olla osa teekauppasi valikoimaa. 1. Ainutlaatuinen makuprofiili Hojichan erottuva paahtoprosessi antaa sille l\u00e4mpim\u00e4n, paahdetun aromin ja miedon, p\u00e4hkin\u00e4isen maun. Toisin kuin perinteiset vihre\u00e4t teet, se sis\u00e4lt\u00e4\u00e4 luonnostaan v\u00e4h\u00e4n kofeiinia, joten se on loistava valinta asiakkaille, jotka haluavat [&hellip;]<\/p>\n","protected":false},"author":1,"featured_media":6378,"parent":0,"menu_order":0,"comment_status":"closed","ping_status":"closed","template":"","meta":{"_surecart_dashboard_logo_width":"180px","_surecart_dashboard_show_logo":true,"_surecart_dashboard_navigation_orders":true,"_surecart_dashboard_navigation_invoices":true,"_surecart_dashboard_navigation_subscriptions":true,"_surecart_dashboard_navigation_downloads":true,"_surecart_dashboard_navigation_billing":true,"_surecart_dashboard_navigation_account":true,"footnotes":""},"class_list":["post-6377","page","type-page","status-publish","has-post-thumbnail","hentry","entry","has-media"],"mb":[],"mfb_rest_fields":["title","gutenberg_elementor_mode"],"_links":{"self":[{"href":"https:\/\/hojichawholesale.eu\/fi\/wp-json\/wp\/v2\/pages\/6377","targetHints":{"allow":["GET"]}}],"collection":[{"href":"https:\/\/hojichawholesale.eu\/fi\/wp-json\/wp\/v2\/pages"}],"about":[{"href":"https:\/\/hojichawholesale.eu\/fi\/wp-json\/wp\/v2\/types\/page"}],"author":[{"embeddable":true,"href":"https:\/\/hojichawholesale.eu\/fi\/wp-json\/wp\/v2\/users\/1"}],"replies":[{"embeddable":true,"href":"https:\/\/hojichawholesale.eu\/fi\/wp-json\/wp\/v2\/comments?post=6377"}],"version-history":[{"count":0,"href":"https:\/\/hojichawholesale.eu\/fi\/wp-json\/wp\/v2\/pages\/6377\/revisions"}],"wp:featuredmedia":[{"embeddable":true,"href":"https:\/\/hojichawholesale.eu\/fi\/wp-json\/wp\/v2\/media\/6378"}],"wp:attachment":[{"href":"https:\/\/hojichawholesale.eu\/fi\/wp-json\/wp\/v2\/media?parent=6377"}],"curies":[{"name":"wp","href":"https:\/\/api.w.org\/{rel}","templated":true}]}}