{"id":6373,"date":"2024-10-12T09:58:42","date_gmt":"2024-10-12T09:58:42","guid":{"rendered":"https:\/\/hojichawholesale.eu\/hojicha-hotelleille-ja-ravintoloille\/"},"modified":"2024-10-13T19:25:24","modified_gmt":"2024-10-13T19:25:24","slug":"hojicha-hotelleille-ja-ravintoloille","status":"publish","type":"page","link":"https:\/\/hojichawholesale.eu\/fi\/hojicha-hotelleille-ja-ravintoloille\/","title":{"rendered":"Hojicha hotelleille ja ravintoloille"},"content":{"rendered":"\n<h1 class=\"wp-block-heading\">Hojicha hotelleille ja ravintoloille<\/h1>\n\n<p>Hojicha on nouseva trendik\u00e4s japanilainen tee. Kuten matcha, se on saatavana jauheena, t\u00e4ydellinen latteille, j\u00e4lkiruoille ja leivonnaisille. Mutta toisin kuin matcha, sit\u00e4 on saatavana my\u00f6s irtonaisina lehtin\u00e4, mik\u00e4 mahdollistaa helpon infuusion kuumaan veteen.    <\/p>\n\n<p>Hojicha liittyy vahvasti terveyteen, hienostuneisuuteen ja korkeaan laatuun, mik\u00e4 vaikuttaa br\u00e4ndiisi ja tyyliisi positiivisesti ja auttaa asiakkaitasi tuntemaan olonsa hienostuneeksi.  <\/p>\n\n<p>Lis\u00e4ksi se tarjoaa korkeat voittomarginaalit premium-k\u00e4sityksens\u00e4 ja alhaisten tuotantokustannustensa ansiosta.<\/p>\n\n<p>T\u00e4st\u00e4 syyst\u00e4 hojicha on t\u00e4ydellinen lis\u00e4 hotellisi tai ravintolasi juomavalikoimaan.<\/p>\n\n<h2 class=\"wp-block-heading\">1. Ainutlaatuinen, paahdettu maku<\/h2>\n\n<p>Hojicha tarjoaa syv\u00e4n, paahdetun maun, jossa on karamellin, p\u00e4hkin\u00f6iden ja liev\u00e4n savuisuuden vivahteita. Sen sile\u00e4, luonnollisesti makea maku vetoaa monenlaisiin ihmisiin, mik\u00e4 tekee siit\u00e4 yleisemmin l\u00e4hestytt\u00e4v\u00e4n vaihtoehdon kuin matcha. <\/p>\n\n<h2 class=\"wp-block-heading\">2. V\u00e4h\u00e4inen kofeiini ja rentouttava<\/h2>\n\n<p>Korkeissa l\u00e4mp\u00f6tiloissa paahdetussa hojichassa on minimaalinen kofeiinipitoisuus, joten se on ihanteellinen vaihtoehto vieraille, jotka etsiv\u00e4t rentoutumista mihin aikaan p\u00e4iv\u00e4st\u00e4 tahansa. T\u00e4m\u00e4 v\u00e4h\u00e4n kofeiinia sis\u00e4lt\u00e4v\u00e4 profiili palvelee niit\u00e4, jotka ovat herkki\u00e4 kofeiinille, mik\u00e4 lis\u00e4\u00e4 ruokalistasi houkuttelevuutta. <\/p>\n<div class=\"wp-block-image\">\n<figure class=\"aligncenter size-large is-resized\"><img fetchpriority=\"high\" decoding=\"async\" width=\"1024\" height=\"684\" src=\"https:\/\/hojichawholesale.eu\/wp-content\/uploads\/2024\/10\/Depositphotos_500113964_L-1024x684.avif\" alt=\"\" class=\"wp-image-5326\" style=\"width:509px;height:auto\" srcset=\"https:\/\/hojichawholesale.eu\/wp-content\/uploads\/2024\/10\/Depositphotos_500113964_L-1024x684.avif 1024w, https:\/\/hojichawholesale.eu\/wp-content\/uploads\/2024\/10\/Depositphotos_500113964_L-300x200.avif 300w, https:\/\/hojichawholesale.eu\/wp-content\/uploads\/2024\/10\/Depositphotos_500113964_L-768x513.avif 768w, https:\/\/hojichawholesale.eu\/wp-content\/uploads\/2024\/10\/Depositphotos_500113964_L.avif 1200w\" sizes=\"(max-width: 1024px) 100vw, 1024px\" \/><\/figure>\n<\/div>\n<h2 class=\"wp-block-heading\">3. Terveystietoinen valinta<\/h2>\n\n<p>Koska ruokailijat asettavat yh\u00e4 enemm\u00e4n etusijalle terveyden, hojicha tarjoaa runsaasti etuja. Se sis\u00e4lt\u00e4\u00e4 runsaasti antioksidantteja, auttaa ruoansulatusta, v\u00e4hent\u00e4\u00e4 stressi\u00e4 ja edist\u00e4\u00e4 rentoutumista. Sen alhainen kofeiinipitoisuus tekee siit\u00e4 my\u00f6s sopivan kaiken ik\u00e4isille ja houkuttelee terveystietoisia vieraita, perheit\u00e4 ja liikematkailijoita.  <\/p>\n\n<h2 class=\"wp-block-heading\">4. Monipuoliset tarjoiluvaihtoehdot<\/h2>\n\n<p>Hojicha on joustava ainesosa, tarjoiltiinpa se sitten kuumana tai j\u00e4isen\u00e4 tai sis\u00e4llytettiin latteihin, cocktaileihin tai j\u00e4lkiruokiin. Sen monipuolisuus mahdollistaa loputtoman luovuuden juoma- ja j\u00e4lkiruokalistoillasi, mik\u00e4 lis\u00e4\u00e4 ainutlaatuisen kosketuksen tarjontaasi. <\/p>\n<div class=\"wp-block-image\">\n<figure class=\"aligncenter size-large is-resized\"><img decoding=\"async\" width=\"1024\" height=\"683\" src=\"https:\/\/hojichawholesale.eu\/wp-content\/uploads\/2024\/10\/Depositphotos_507526862_L-1024x683.avif\" alt=\"\" class=\"wp-image-5332\" style=\"width:605px;height:auto\" srcset=\"https:\/\/hojichawholesale.eu\/wp-content\/uploads\/2024\/10\/Depositphotos_507526862_L-1024x683.avif 1024w, https:\/\/hojichawholesale.eu\/wp-content\/uploads\/2024\/10\/Depositphotos_507526862_L-300x200.avif 300w, https:\/\/hojichawholesale.eu\/wp-content\/uploads\/2024\/10\/Depositphotos_507526862_L-768x512.avif 768w, https:\/\/hojichawholesale.eu\/wp-content\/uploads\/2024\/10\/Depositphotos_507526862_L.avif 1200w\" sizes=\"(max-width: 1024px) 100vw, 1024px\" \/><figcaption class=\"wp-element-caption\">Lauta kuivalla hojicha-vihre\u00e4ll\u00e4 teell\u00e4 ja kupillisella kuumaa juomaa v\u00e4rillisell\u00e4 taustalla<\/figcaption><\/figure>\n<\/div>\n<h2 class=\"wp-block-heading\">5. Kasvava trendi<\/h2>\n\n<p>Kun matcha on nyt valtavirtaa, Hojicha on valmis olemaan seuraava suuri trendi japanilaisissa teiss\u00e4, erityisesti Euroopassa. Hojichan tarjoaminen antaa yrityksellesi mahdollisuuden erottua ensiluokkaisella, eksklusiivisella vaihtoehdolla, joka tekee vaikutuksen vieraisiin ja parantaa asemaasi.   <\/p>\n\n<figure class=\"wp-block-image size-large\"><img decoding=\"async\" width=\"1024\" height=\"544\" src=\"https:\/\/hojichawholesale.eu\/wp-content\/uploads\/2024\/10\/hojicha-trends-1-1024x544.avif\" alt=\"\" class=\"wp-image-5519\" srcset=\"https:\/\/hojichawholesale.eu\/wp-content\/uploads\/2024\/10\/hojicha-trends-1-1024x544.avif 1024w, https:\/\/hojichawholesale.eu\/wp-content\/uploads\/2024\/10\/hojicha-trends-1-300x159.avif 300w, https:\/\/hojichawholesale.eu\/wp-content\/uploads\/2024\/10\/hojicha-trends-1-768x408.avif 768w, https:\/\/hojichawholesale.eu\/wp-content\/uploads\/2024\/10\/hojicha-trends-1-1536x816.avif 1536w, https:\/\/hojichawholesale.eu\/wp-content\/uploads\/2024\/10\/hojicha-trends-1.avif 1892w\" sizes=\"(max-width: 1024px) 100vw, 1024px\" \/><\/figure>\n\n<figure class=\"wp-block-image size-large\"><img loading=\"lazy\" decoding=\"async\" width=\"1024\" height=\"412\" src=\"https:\/\/hojichawholesale.eu\/wp-content\/uploads\/2024\/10\/hojicha-trends-countries-1024x412.avif\" alt=\"\" class=\"wp-image-5459\" srcset=\"https:\/\/hojichawholesale.eu\/wp-content\/uploads\/2024\/10\/hojicha-trends-countries-1024x412.avif 1024w, https:\/\/hojichawholesale.eu\/wp-content\/uploads\/2024\/10\/hojicha-trends-countries-300x121.avif 300w, https:\/\/hojichawholesale.eu\/wp-content\/uploads\/2024\/10\/hojicha-trends-countries-768x309.avif 768w, https:\/\/hojichawholesale.eu\/wp-content\/uploads\/2024\/10\/hojicha-trends-countries-1536x618.avif 1536w, https:\/\/hojichawholesale.eu\/wp-content\/uploads\/2024\/10\/hojicha-trends-countries.avif 1873w\" sizes=\"(max-width: 1024px) 100vw, 1024px\" \/><\/figure>\n\n<h2 class=\"wp-block-heading\">6. Helppo markkinoida<\/h2>\n\n<p>Tuotteen luonne antaa sinulle laajan valikoiman n\u00e4k\u00f6kulmia k\u00e4ytett\u00e4v\u00e4ksi markkinoinnissasi, hienosta japanilaisesta juomasta terveytt\u00e4 edist\u00e4v\u00e4\u00e4n juomaan.<\/p>\n\n<p>Sen alhaiset tuotantokustannukset antavat sinulle t\u00e4yden hallinnan voittomarginaaleistasi.<\/p>\n\n<h2 class=\"wp-block-heading\">Pyyd\u00e4 n\u00e4ytett\u00e4<\/h2>\n\n<p>Oletko kiinnostunut premium-hojichamme t\u00e4ytel\u00e4isist\u00e4, paahdetuista mauista?  <\/p>\n\n<p>T\u00e4yt\u00e4 vain tietosi alle ja l\u00e4het\u00e4mme sinulle n\u00e4ytteen. Kerro meille, jos sinulla on erityisi\u00e4 pyynt\u00f6j\u00e4, niin r\u00e4\u00e4t\u00e4l\u00f6imme mielell\u00e4mme tarjouksemme yrityksesi tarpeiden mukaan. <\/p>\n<p><div class=\"forminator-ui forminator-custom-form forminator-custom-form-1365 forminator-design--flat  forminator_ajax\" data-forminator-render=\"0\" data-form=\"forminator-module-1365\" data-uid=\"69e790f2bedd3\"><br\/><\/div><form\n\t\t\t\tid=\"forminator-module-1365\"\n\t\t\t\tclass=\"forminator-ui forminator-custom-form forminator-custom-form-1365 forminator-design--flat  forminator_ajax\"\n\t\t\t\tmethod=\"post\"\n\t\t\t\tdata-forminator-render=\"0\"\n\t\t\t\tdata-form-id=\"1365\"\n\t\t\t\t data-color-option=\"default\" data-design=\"flat\" data-grid=\"open\" style=\"display: none;\"\n\t\t\t\tdata-uid=\"69e790f2bedd3\"\n\t\t\t><div role=\"alert\" aria-live=\"polite\" class=\"forminator-response-message forminator-error\" aria-hidden=\"true\"><\/div><div class=\"forminator-row\"><div id=\"name-1\" class=\"forminator-field-name forminator-col forminator-col-6 \"><div class=\"forminator-field\"><input type=\"text\" name=\"name-1\" value=\"\" placeholder=\"First Name\" id=\"forminator-field-name-1_69e790f2bedd3\" class=\"forminator-input forminator-name--field\" aria-required=\"true\" autocomplete=\"name\" \/><\/div><\/div><div id=\"name-2\" class=\"forminator-field-name forminator-col forminator-col-6 \"><div class=\"forminator-field\"><input type=\"text\" name=\"name-2\" value=\"\" placeholder=\"Last Name\" id=\"forminator-field-name-2_69e790f2bedd3\" class=\"forminator-input forminator-name--field\" aria-required=\"true\" autocomplete=\"name\" \/><\/div><\/div><\/div><div class=\"forminator-row\"><div id=\"email-1\" class=\"forminator-field-email forminator-col forminator-col-12 \"><div class=\"forminator-field\"><input type=\"email\" name=\"email-1\" value=\"\" placeholder=\"Email\" id=\"forminator-field-email-1_69e790f2bedd3\" class=\"forminator-input forminator-email--field\" data-required=\"true\" aria-required=\"true\" autocomplete=\"email\" \/><\/div><\/div><\/div><div class=\"forminator-row\"><div id=\"phone-1\" class=\"forminator-field-phone forminator-col forminator-col-12 \"><div class=\"forminator-field\"><input type=\"text\" name=\"phone-1\" value=\"\" placeholder=\"Phone\" id=\"forminator-field-phone-1_69e790f2bedd3\" class=\"forminator-input forminator-field--phone\" data-required=\"\" aria-required=\"false\" autocomplete=\"off\" \/><\/div><\/div><\/div><div class=\"forminator-row\"><div id=\"textarea-1\" class=\"forminator-field-textarea forminator-col forminator-col-12 \"><div class=\"forminator-field\"><textarea name=\"textarea-1\" placeholder=\"Message\" id=\"forminator-field-textarea-1_69e790f2bedd3\" class=\"forminator-textarea\" rows=\"6\" style=\"--forminator-textarea-min-height:140px;\" ><\/textarea><span id=\"forminator-field-textarea-1_69e790f2bedd3-description\" class=\"forminator-description\"><span data-limit=\"300\" data-type=\"words\" data-editor=\"\">0 \/ 300<\/span><\/span><\/div><\/div><\/div><div class=\"forminator-row\"><\/div><input type=\"hidden\" name=\"referer_url\" value=\"\" \/><div class=\"forminator-row forminator-row-last\"><div class=\"forminator-col\"><div class=\"forminator-field\"><button class=\"forminator-button forminator-button-submit\">Send<\/button><\/div><\/div><\/div><input type=\"hidden\" id=\"forminator_nonce\" name=\"forminator_nonce\" value=\"d11282b376\" \/><input type=\"hidden\" name=\"_wp_http_referer\" value=\"\/fi\/wp-json\/wp\/v2\/pages\/6373\" \/><input type=\"hidden\" name=\"form_id\" value=\"1365\"><input type=\"hidden\" name=\"page_id\" value=\"6373\"><input type=\"hidden\" name=\"form_type\" value=\"default\"><input type=\"hidden\" name=\"current_url\" value=\"https:\/\/hojichawholesale.eu\/fi\/hojicha-hotelleille-ja-ravintoloille\/\"><input type=\"hidden\" name=\"render_id\" value=\"0\"><input type=\"hidden\" name=\"action\" value=\"forminator_submit_form_custom-forms\"><label for=\"input_6\" class=\"forminator-hidden\" aria-hidden=\"true\">Please do not fill in this field. <input id=\"input_6\" type=\"text\" name=\"input_6\" value=\"\" autocomplete=\"off\"><\/label><\/form><\/p>\n\n<p><\/p>\n","protected":false},"excerpt":{"rendered":"<p>Hojicha hotelleille ja ravintoloille Hojicha on nouseva trendik\u00e4s japanilainen tee. Kuten matcha, se on saatavana jauheena, t\u00e4ydellinen latteille, j\u00e4lkiruoille ja leivonnaisille. Mutta toisin kuin matcha, sit\u00e4 on saatavana my\u00f6s irtonaisina lehtin\u00e4, mik\u00e4 mahdollistaa helpon infuusion kuumaan veteen. Hojicha liittyy vahvasti terveyteen, hienostuneisuuteen ja korkeaan laatuun, mik\u00e4 vaikuttaa br\u00e4ndiisi ja tyyliisi positiivisesti ja auttaa asiakkaitasi tuntemaan [&hellip;]<\/p>\n","protected":false},"author":1,"featured_media":6375,"parent":0,"menu_order":0,"comment_status":"closed","ping_status":"closed","template":"","meta":{"_surecart_dashboard_logo_width":"180px","_surecart_dashboard_show_logo":true,"_surecart_dashboard_navigation_orders":true,"_surecart_dashboard_navigation_invoices":true,"_surecart_dashboard_navigation_subscriptions":true,"_surecart_dashboard_navigation_downloads":true,"_surecart_dashboard_navigation_billing":true,"_surecart_dashboard_navigation_account":true,"footnotes":""},"class_list":["post-6373","page","type-page","status-publish","has-post-thumbnail","hentry","entry","has-media"],"mb":[],"mfb_rest_fields":["title","gutenberg_elementor_mode"],"_links":{"self":[{"href":"https:\/\/hojichawholesale.eu\/fi\/wp-json\/wp\/v2\/pages\/6373","targetHints":{"allow":["GET"]}}],"collection":[{"href":"https:\/\/hojichawholesale.eu\/fi\/wp-json\/wp\/v2\/pages"}],"about":[{"href":"https:\/\/hojichawholesale.eu\/fi\/wp-json\/wp\/v2\/types\/page"}],"author":[{"embeddable":true,"href":"https:\/\/hojichawholesale.eu\/fi\/wp-json\/wp\/v2\/users\/1"}],"replies":[{"embeddable":true,"href":"https:\/\/hojichawholesale.eu\/fi\/wp-json\/wp\/v2\/comments?post=6373"}],"version-history":[{"count":0,"href":"https:\/\/hojichawholesale.eu\/fi\/wp-json\/wp\/v2\/pages\/6373\/revisions"}],"wp:featuredmedia":[{"embeddable":true,"href":"https:\/\/hojichawholesale.eu\/fi\/wp-json\/wp\/v2\/media\/6375"}],"wp:attachment":[{"href":"https:\/\/hojichawholesale.eu\/fi\/wp-json\/wp\/v2\/media?parent=6373"}],"curies":[{"name":"wp","href":"https:\/\/api.w.org\/{rel}","templated":true}]}}