{"id":6364,"date":"2024-10-12T07:56:00","date_gmt":"2024-10-12T07:56:00","guid":{"rendered":"https:\/\/hojichawholesale.eu\/hojicha-kahviloille\/"},"modified":"2024-10-13T19:25:21","modified_gmt":"2024-10-13T19:25:21","slug":"hojicha-kahviloille","status":"publish","type":"page","link":"https:\/\/hojichawholesale.eu\/fi\/hojicha-kahviloille\/","title":{"rendered":"Hojicha kahviloille"},"content":{"rendered":"\n<h1 class=\"wp-block-heading\">Hojicha kahviloille<\/h1>\n\n<p>Hojicha, paahdettu japanilainen vihre\u00e4 tee, on t\u00e4ydellinen lis\u00e4 juomalistallesi. Sen lis\u00e4ksi, ett\u00e4 se tarjoaa erottuvan maun, se hy\u00f6dynt\u00e4\u00e4 my\u00f6s korkealaatuisten, terveellisten ja k\u00e4sity\u00f6l\u00e4isten juomien kasvavaa trendi\u00e4. <\/p>\n\n<p>T\u00e4st\u00e4 syyst\u00e4 hojichan tuominen kahvilaasi auttaa sinua erottumaan kilpailijoistasi ja palvelemaan uutta asiakassegmentti\u00e4.  <\/p>\n\n<h2 class=\"wp-block-heading\">1. <strong>Ainutlaatuinen maku<\/strong><\/h2>\n\n<p>Hojicha erottuu muista vihreist\u00e4 teist\u00e4 paahtoprosessinsa ansiosta, joka antaa sille syv\u00e4n, savuisen aromin ja luonnollisesti makean, p\u00e4hkin\u00e4isen maun.  <\/p>\n\n<p>Sen mieto, paahteinen maku on v\u00e4hemm\u00e4n supistava kuin tyypilliset vihre\u00e4t teet, mik\u00e4 tekee siit\u00e4 houkuttelevan laajemmalle yleis\u00f6lle, mukaan lukien ne, jotka eiv\u00e4t v\u00e4ltt\u00e4m\u00e4tt\u00e4 nauti matchasta. Sen terveellinen ja l\u00e4mmin maku sopii t\u00e4ydellisesti erilaisiin kahvilaruokiin, kuten leivonnaisiin ja voileipiin. <\/p>\n\n<p>Se n\u00e4ytt\u00e4\u00e4 my\u00f6s pirun hyv\u00e4lt\u00e4!<\/p>\n<div class=\"wp-block-image\">\n<figure class=\"aligncenter size-full is-resized\"><img fetchpriority=\"high\" decoding=\"async\" width=\"1000\" height=\"667\" src=\"https:\/\/hojichawholesale.eu\/wp-content\/uploads\/2024\/10\/Depositphotos_505518166_S.avif\" alt=\"\" class=\"wp-image-5447\" style=\"width:464px;height:auto\" srcset=\"https:\/\/hojichawholesale.eu\/wp-content\/uploads\/2024\/10\/Depositphotos_505518166_S.avif 1000w, https:\/\/hojichawholesale.eu\/wp-content\/uploads\/2024\/10\/Depositphotos_505518166_S-300x200.avif 300w, https:\/\/hojichawholesale.eu\/wp-content\/uploads\/2024\/10\/Depositphotos_505518166_S-768x512.avif 768w\" sizes=\"(max-width: 1000px) 100vw, 1000px\" \/><figcaption class=\"wp-element-caption\"><a href=\"https:\/\/depositphotos.com\/photo\/glass-cup-tasty-dalgona-hojicha-latte-table-505518166.html\" data-type=\"link\" data-id=\"https:\/\/depositphotos.com\/photo\/glass-cup-tasty-dalgona-hojicha-latte-table-505518166.html\" target=\"_blank\" rel=\"noopener\">L\u00e4hde.<\/a><\/figcaption><\/figure>\n<\/div>\n<h2 class=\"wp-block-heading\">2. <strong>V\u00e4h\u00e4inen kofeiinivaihtoehto<\/strong><\/h2>\n\n<p>Toisin kuin monet muut teet ja kahvit, hojicha sis\u00e4lt\u00e4\u00e4 v\u00e4h\u00e4n kofeiinia, joten se on loistava valinta kaikille mihin aikaan p\u00e4iv\u00e4st\u00e4 tahansa. Japanilaiset kuluttavat sit\u00e4 perinteisesti illalla aterian j\u00e4lkeen, mutta sit\u00e4 voi nauttia milloin tahansa p\u00e4iv\u00e4st\u00e4.   <\/p>\n\n<p>Hojichan tarjoaminen auttaa sinua palvelemaan laajempaa yleis\u00f6\u00e4, mukaan lukien terveystietoiset henkil\u00f6t, raskaana olevat naiset, perheet ja rentouttavaa juomavaihtoehtoa etsiv\u00e4t. Se on todella universaalia. <\/p>\n\n<h2 class=\"wp-block-heading\">3. <strong>Monipuoliset valikkosovellukset<\/strong><\/h2>\n\n<p>Hojicha voidaan tarjoilla kuumana tai kylm\u00e4n\u00e4, infusoituna (lehtin\u00e4) tai liuotettuna (jauheena), latteissa, j\u00e4\u00e4lateissa tai elintarvikkeissa, kuten hojicha-maustetuissa j\u00e4\u00e4tel\u00f6iss\u00e4 ja leivonnaisissa. N\u00e4in voit luoda kausiluonteisia erikoisuuksia ja ainutlaatuisia allekirjoitusjuomia, jotka erottavat kahvilasi kilpailijoista. <\/p>\n<div class=\"wp-block-image\">\n<figure class=\"aligncenter size-full is-resized\"><img decoding=\"async\" width=\"1000\" height=\"704\" src=\"https:\/\/hojichawholesale.eu\/wp-content\/uploads\/2024\/10\/Depositphotos_505676462_S.avif\" alt=\"\" class=\"wp-image-5452\" style=\"width:553px;height:auto\" srcset=\"https:\/\/hojichawholesale.eu\/wp-content\/uploads\/2024\/10\/Depositphotos_505676462_S.avif 1000w, https:\/\/hojichawholesale.eu\/wp-content\/uploads\/2024\/10\/Depositphotos_505676462_S-300x211.avif 300w, https:\/\/hojichawholesale.eu\/wp-content\/uploads\/2024\/10\/Depositphotos_505676462_S-768x541.avif 768w\" sizes=\"(max-width: 1000px) 100vw, 1000px\" \/><\/figure>\n<\/div>\n<h2 class=\"wp-block-heading\">4. <strong>Vetoaa terveystietoisiin asiakkaisiin<\/strong><\/h2>\n\n<p>Hojicha on terveellinen, antioksidanttipitoinen juoma, jolla on lukuisia terveyshy\u00f6tyj\u00e4. Sen tiedet\u00e4\u00e4n auttavan ruoansulatusta, v\u00e4hent\u00e4v\u00e4n stressi\u00e4 ja lis\u00e4\u00e4v\u00e4n hyvinvointia alhaisemman kofeiinipitoisuutensa ja korkeampien L-teaniinitasojensa ansiosta. L-teaniini on antioksidantti, joka edist\u00e4\u00e4 rentoutumista ilman uneliaisuutta.    <\/p>\n\n<p>T\u00e4m\u00e4 tekee hojichasta t\u00e4ydellisen lis\u00e4yksen kahvilasi ruokalistalle, varsinkin kun yh\u00e4 useammat asiakkaat etsiv\u00e4t terveellisempi\u00e4 vaihtoehtoja.<\/p>\n\n<h2 class=\"wp-block-heading\">5. <strong>Vastaa japanilaisen teen kasvavaa suosiota<\/strong><\/h2>\n\n<p>Japanilaiset teet ovat saamassa suosiota maailmanlaajuisesti, eik\u00e4 hojicha ole poikkeus. Tarjoamalla hojichaa kahvilasi voi hy\u00f6dynt\u00e4\u00e4 t\u00e4t\u00e4 trendi\u00e4 ja houkutella teeharrastajia, jotka ovat innokkaita kokeilemaan aitoja ja laadukkaita japanilaisia teet\u00e4. Se lis\u00e4\u00e4 ruokalistallesi k\u00e4sity\u00f6l\u00e4isen, kulttuurisen kosketuksen, joka vetoaa asiakkaisiin, jotka etsiv\u00e4t uusia, kansainv\u00e4lisi\u00e4 makuja.  <\/p>\n\n<figure class=\"wp-block-image size-large\"><img decoding=\"async\" width=\"1024\" height=\"544\" src=\"https:\/\/hojichawholesale.eu\/wp-content\/uploads\/2024\/10\/hojicha-trends-1024x544.avif\" alt=\"\" class=\"wp-image-5444\" srcset=\"https:\/\/hojichawholesale.eu\/wp-content\/uploads\/2024\/10\/hojicha-trends-1024x544.avif 1024w, https:\/\/hojichawholesale.eu\/wp-content\/uploads\/2024\/10\/hojicha-trends-300x159.avif 300w, https:\/\/hojichawholesale.eu\/wp-content\/uploads\/2024\/10\/hojicha-trends-768x408.avif 768w, https:\/\/hojichawholesale.eu\/wp-content\/uploads\/2024\/10\/hojicha-trends-1536x816.avif 1536w, https:\/\/hojichawholesale.eu\/wp-content\/uploads\/2024\/10\/hojicha-trends.avif 1892w\" sizes=\"(max-width: 1024px) 100vw, 1024px\" \/><\/figure>\n\n<figure class=\"wp-block-image size-large\"><img loading=\"lazy\" decoding=\"async\" width=\"1024\" height=\"412\" src=\"https:\/\/hojichawholesale.eu\/wp-content\/uploads\/2024\/10\/hojicha-trends-countries-1024x412.avif\" alt=\"\" class=\"wp-image-5459\" srcset=\"https:\/\/hojichawholesale.eu\/wp-content\/uploads\/2024\/10\/hojicha-trends-countries-1024x412.avif 1024w, https:\/\/hojichawholesale.eu\/wp-content\/uploads\/2024\/10\/hojicha-trends-countries-300x121.avif 300w, https:\/\/hojichawholesale.eu\/wp-content\/uploads\/2024\/10\/hojicha-trends-countries-768x309.avif 768w, https:\/\/hojichawholesale.eu\/wp-content\/uploads\/2024\/10\/hojicha-trends-countries-1536x618.avif 1536w, https:\/\/hojichawholesale.eu\/wp-content\/uploads\/2024\/10\/hojicha-trends-countries.avif 1873w\" sizes=\"(max-width: 1024px) 100vw, 1024px\" \/><\/figure>\n\n<h2 class=\"wp-block-heading\">6. <strong>Ymp\u00e4rist\u00f6yst\u00e4v\u00e4llinen ja kest\u00e4v\u00e4<\/strong><\/h2>\n\n<p>Hojichamme on per\u00e4isin kest\u00e4vilt\u00e4 teetiloilta Japanista, jossa perinteiset paahtotekniikat siirtyv\u00e4t sukupolvelta toiselle.  <\/p>\n\n<p>Hojichan tarjoaminen osoittaa kahvilasi sitoutumisen ymp\u00e4rist\u00f6yst\u00e4v\u00e4llisiin k\u00e4yt\u00e4nt\u00f6ihin ja kest\u00e4vyyteen, mik\u00e4 on yh\u00e4 t\u00e4rke\u00e4mp\u00e4\u00e4 kuluttajille. Voit korostaa t\u00e4t\u00e4 n\u00e4k\u00f6kohtaa markkinoinnissasi houkutellaksesi ymp\u00e4rist\u00f6tietoisia asiakkaita. <\/p>\n\n<h2 class=\"wp-block-heading\">7. <strong>Parantaa kahvilasi estetiikkaa<\/strong><\/h2>\n\n<p>Hyv\u00e4n maun lis\u00e4ksi hojicha tarjoaa my\u00f6s esteettist\u00e4 vetovoimaa.  <\/p>\n\n<p>Sen t\u00e4ytel\u00e4inen, meripihkanruskea v\u00e4ri ja minimalistinen ulkoasu voivat helposti t\u00e4ydent\u00e4\u00e4 kahvilasi visuaalista tyyli\u00e4, tarjoilitpa sit\u00e4 sitten moderneissa lasiesineiss\u00e4 tai perinteisiss\u00e4 japanilaisissa teeastioissa. Sen visuaalinen vetovoima tekee siit\u00e4 Instagram-arvoisen, mik\u00e4 auttaa luomaan buzzia ja tuomaan lis\u00e4\u00e4 asiakkaita sosiaalisen median kautta. <\/p>\n<div class=\"wp-block-image\">\n<figure class=\"aligncenter size-full is-resized\"><img loading=\"lazy\" decoding=\"async\" width=\"1000\" height=\"668\" src=\"https:\/\/hojichawholesale.eu\/wp-content\/uploads\/2024\/10\/Depositphotos_466456178_S-1.avif\" alt=\"\" class=\"wp-image-5450\" style=\"width:504px;height:auto\" srcset=\"https:\/\/hojichawholesale.eu\/wp-content\/uploads\/2024\/10\/Depositphotos_466456178_S-1.avif 1000w, https:\/\/hojichawholesale.eu\/wp-content\/uploads\/2024\/10\/Depositphotos_466456178_S-1-300x200.avif 300w, https:\/\/hojichawholesale.eu\/wp-content\/uploads\/2024\/10\/Depositphotos_466456178_S-1-768x513.avif 768w\" sizes=\"(max-width: 1000px) 100vw, 1000px\" \/><figcaption class=\"wp-element-caption\">Hojicha-kakku.  <\/figcaption><\/figure>\n<\/div>\n<h2 class=\"wp-block-heading\">8. <strong>Helppo integroida<\/strong><\/h2>\n\n<p>Hojichan sis\u00e4llytt\u00e4minen kahvilan ruokalistaan on helppoa.  <\/p>\n\n<p>Se vaatii vain v\u00e4h\u00e4n valmistelua ja se voidaan valmistaa tavallisilla kahvilalaitteilla, olitpa sitten keitt\u00e4m\u00e4ss\u00e4 perinteist\u00e4 teet\u00e4 tai valmistamassa hojicha lattea.  <\/p>\n\n<p>Tarjoamme tukkumyyntivaihtoehtoja, jotka on r\u00e4\u00e4t\u00e4l\u00f6ity kahviloiden tarpeisiin, varmistaen, ett\u00e4 sinulla on korkealaatuinen hojicha, jota on helppo s\u00e4ilytt\u00e4\u00e4 ja k\u00e4ytt\u00e4\u00e4 erilaisissa resepteiss\u00e4.<\/p>\n\n<h2 class=\"wp-block-heading\">9. Helppo markkinoida<\/h2>\n\n<p>Tuotteen luonne antaa sinulle laajan valikoiman n\u00e4k\u00f6kulmia k\u00e4ytett\u00e4v\u00e4ksi markkinoinnissasi, hienosta japanilaisesta juomasta terveytt\u00e4 edist\u00e4v\u00e4\u00e4n juomaan.<\/p>\n\n<p>Sen alhaiset tuotantokustannukset antavat sinulle t\u00e4yden hallinnan voittomarginaaleistasi.<\/p>\n\n<p>Tarjoamalla hojichaa et vain lis\u00e4\u00e4 uutta juomaa ruokalistallesi &#8211; tarjoat asiakkaillesi ainutlaatuisen kokemuksen.  <\/p>\n\n<p>Se on tee, joka vetoaa sek\u00e4 terveystietoiseen yleis\u00f6\u00f6n ett\u00e4 niihin, jotka etsiv\u00e4t jotain uutta.<\/p>\n\n<h2 class=\"wp-block-heading\">Pyyd\u00e4 n\u00e4ytett\u00e4<\/h2>\n\n<p>Oletko kiinnostunut premium-hojichamme t\u00e4ytel\u00e4isist\u00e4, paahdetuista mauista?  <\/p>\n\n<p>T\u00e4yt\u00e4 vain tietosi alle ja l\u00e4het\u00e4mme sinulle n\u00e4ytteen. Kerro meille, jos sinulla on erityisi\u00e4 pyynt\u00f6j\u00e4, niin r\u00e4\u00e4t\u00e4l\u00f6imme mielell\u00e4mme tarjouksemme yrityksesi tarpeiden mukaan. <\/p>\n<div class=\"forminator-ui forminator-custom-form forminator-custom-form-1365 forminator-design--flat  forminator_ajax\" data-forminator-render=\"0\" data-form=\"forminator-module-1365\" data-uid=\"69d4521b2f5f7\"><br\/><\/div><form\n\t\t\t\tid=\"forminator-module-1365\"\n\t\t\t\tclass=\"forminator-ui forminator-custom-form forminator-custom-form-1365 forminator-design--flat  forminator_ajax\"\n\t\t\t\tmethod=\"post\"\n\t\t\t\tdata-forminator-render=\"0\"\n\t\t\t\tdata-form-id=\"1365\"\n\t\t\t\t data-color-option=\"default\" data-design=\"flat\" data-grid=\"open\" style=\"display: none;\"\n\t\t\t\tdata-uid=\"69d4521b2f5f7\"\n\t\t\t><div role=\"alert\" aria-live=\"polite\" class=\"forminator-response-message forminator-error\" aria-hidden=\"true\"><\/div><div class=\"forminator-row\"><div id=\"name-1\" class=\"forminator-field-name forminator-col forminator-col-6 \"><div class=\"forminator-field\"><input type=\"text\" name=\"name-1\" value=\"\" placeholder=\"First Name\" id=\"forminator-field-name-1_69d4521b2f5f7\" class=\"forminator-input forminator-name--field\" aria-required=\"true\" autocomplete=\"name\" \/><\/div><\/div><div id=\"name-2\" class=\"forminator-field-name forminator-col forminator-col-6 \"><div class=\"forminator-field\"><input type=\"text\" name=\"name-2\" value=\"\" placeholder=\"Last Name\" id=\"forminator-field-name-2_69d4521b2f5f7\" class=\"forminator-input forminator-name--field\" aria-required=\"true\" autocomplete=\"name\" \/><\/div><\/div><\/div><div class=\"forminator-row\"><div id=\"email-1\" class=\"forminator-field-email forminator-col forminator-col-12 \"><div class=\"forminator-field\"><input type=\"email\" name=\"email-1\" value=\"\" placeholder=\"Email\" id=\"forminator-field-email-1_69d4521b2f5f7\" class=\"forminator-input forminator-email--field\" data-required=\"true\" aria-required=\"true\" autocomplete=\"email\" \/><\/div><\/div><\/div><div class=\"forminator-row\"><div id=\"phone-1\" class=\"forminator-field-phone forminator-col forminator-col-12 \"><div class=\"forminator-field\"><input type=\"text\" name=\"phone-1\" value=\"\" placeholder=\"Phone\" id=\"forminator-field-phone-1_69d4521b2f5f7\" class=\"forminator-input forminator-field--phone\" data-required=\"\" aria-required=\"false\" autocomplete=\"off\" \/><\/div><\/div><\/div><div class=\"forminator-row\"><div id=\"textarea-1\" class=\"forminator-field-textarea forminator-col forminator-col-12 \"><div class=\"forminator-field\"><textarea name=\"textarea-1\" placeholder=\"Message\" id=\"forminator-field-textarea-1_69d4521b2f5f7\" class=\"forminator-textarea\" rows=\"6\" style=\"min-height:140px;\" ><\/textarea><span id=\"forminator-field-textarea-1_69d4521b2f5f7-description\" class=\"forminator-description\"><span data-limit=\"300\" data-type=\"words\" data-editor=\"\">0 \/ 300<\/span><\/span><\/div><\/div><\/div><div class=\"forminator-row\"><\/div><input type=\"hidden\" name=\"referer_url\" value=\"\" \/><div class=\"forminator-row forminator-row-last\"><div class=\"forminator-col\"><div class=\"forminator-field\"><button class=\"forminator-button forminator-button-submit\">Send<\/button><\/div><\/div><\/div><input type=\"hidden\" id=\"forminator_nonce\" name=\"forminator_nonce\" value=\"0b51ba8eba\" \/><input type=\"hidden\" name=\"_wp_http_referer\" value=\"\/fi\/wp-json\/wp\/v2\/pages\/6364\" \/><input type=\"hidden\" name=\"form_id\" value=\"1365\"><input type=\"hidden\" name=\"page_id\" value=\"6364\"><input type=\"hidden\" name=\"form_type\" value=\"default\"><input type=\"hidden\" name=\"current_url\" value=\"https:\/\/hojichawholesale.eu\/fi\/hojicha-kahviloille\/\"><input type=\"hidden\" name=\"render_id\" value=\"0\"><input type=\"hidden\" name=\"action\" value=\"forminator_submit_form_custom-forms\"><label for=\"input_6\" class=\"forminator-hidden\" aria-hidden=\"true\">Please do not fill in this field. <input id=\"input_6\" type=\"text\" name=\"input_6\" value=\"\" autocomplete=\"off\"><\/label><\/form>\n\n<p><\/p>\n","protected":false},"excerpt":{"rendered":"<p>Hojicha kahviloille Hojicha, paahdettu japanilainen vihre\u00e4 tee, on t\u00e4ydellinen lis\u00e4 juomalistallesi. Sen lis\u00e4ksi, ett\u00e4 se tarjoaa erottuvan maun, se hy\u00f6dynt\u00e4\u00e4 my\u00f6s korkealaatuisten, terveellisten ja k\u00e4sity\u00f6l\u00e4isten juomien kasvavaa trendi\u00e4. T\u00e4st\u00e4 syyst\u00e4 hojichan tuominen kahvilaasi auttaa sinua erottumaan kilpailijoistasi ja palvelemaan uutta asiakassegmentti\u00e4. 1. Ainutlaatuinen maku Hojicha erottuu muista vihreist\u00e4 teist\u00e4 paahtoprosessinsa ansiosta, joka antaa sille syv\u00e4n, [&hellip;]<\/p>\n","protected":false},"author":1,"featured_media":6370,"parent":0,"menu_order":0,"comment_status":"closed","ping_status":"closed","template":"","meta":{"_surecart_dashboard_logo_width":"180px","_surecart_dashboard_show_logo":true,"_surecart_dashboard_navigation_orders":true,"_surecart_dashboard_navigation_invoices":true,"_surecart_dashboard_navigation_subscriptions":true,"_surecart_dashboard_navigation_downloads":true,"_surecart_dashboard_navigation_billing":true,"_surecart_dashboard_navigation_account":true,"footnotes":""},"class_list":["post-6364","page","type-page","status-publish","has-post-thumbnail","hentry","entry","has-media"],"mb":[],"mfb_rest_fields":["title","gutenberg_elementor_mode"],"_links":{"self":[{"href":"https:\/\/hojichawholesale.eu\/fi\/wp-json\/wp\/v2\/pages\/6364","targetHints":{"allow":["GET"]}}],"collection":[{"href":"https:\/\/hojichawholesale.eu\/fi\/wp-json\/wp\/v2\/pages"}],"about":[{"href":"https:\/\/hojichawholesale.eu\/fi\/wp-json\/wp\/v2\/types\/page"}],"author":[{"embeddable":true,"href":"https:\/\/hojichawholesale.eu\/fi\/wp-json\/wp\/v2\/users\/1"}],"replies":[{"embeddable":true,"href":"https:\/\/hojichawholesale.eu\/fi\/wp-json\/wp\/v2\/comments?post=6364"}],"version-history":[{"count":0,"href":"https:\/\/hojichawholesale.eu\/fi\/wp-json\/wp\/v2\/pages\/6364\/revisions"}],"wp:featuredmedia":[{"embeddable":true,"href":"https:\/\/hojichawholesale.eu\/fi\/wp-json\/wp\/v2\/media\/6370"}],"wp:attachment":[{"href":"https:\/\/hojichawholesale.eu\/fi\/wp-json\/wp\/v2\/media?parent=6364"}],"curies":[{"name":"wp","href":"https:\/\/api.w.org\/{rel}","templated":true}]}}