{"id":6361,"date":"2024-10-12T14:14:16","date_gmt":"2024-10-12T14:14:16","guid":{"rendered":"https:\/\/hojichawholesale.eu\/hojicha-tumma-paahto-tukkumyynti\/"},"modified":"2025-12-10T19:01:37","modified_gmt":"2025-12-10T19:01:37","slug":"hojicha-tumma-paahto-tukkumyynti","status":"publish","type":"page","link":"https:\/\/hojichawholesale.eu\/fi\/hojicha-tumma-paahto-tukkumyynti\/","title":{"rendered":"Hojicha tumma paahtojauhe (tukkumyynti)"},"content":{"rendered":"\n<h1 class=\"wp-block-heading\">Hojicha tumma paahtojauhe (tukkumyynti)<\/h1>\n\n<p><strong>Hojicha Dark Roast<\/strong> &#8211; <strong>jauhe <\/strong>tarjoaa syv\u00e4n, voimakkaan paahdetun maun, joka sopii t\u00e4ydellisesti niille, jotka etsiv\u00e4t vankempaa ja t\u00e4ytel\u00e4isemp\u00e4\u00e4 teekokemusta.<\/p>\n<div class=\"wp-block-image\">\n<figure class=\"aligncenter size-full is-resized\"><img fetchpriority=\"high\" decoding=\"async\" width=\"1000\" height=\"1000\" src=\"https:\/\/hojichawholesale.eu\/wp-content\/uploads\/2025\/01\/hojicha-dark-powder-both.webp\" alt=\"Hojichan tumman jauheen ja liuenneen hojicha-tumman jauheen vertailu\" class=\"wp-image-7396\" style=\"width:323px;height:auto\" srcset=\"https:\/\/hojichawholesale.eu\/wp-content\/uploads\/2025\/01\/hojicha-dark-powder-both.webp 1000w, https:\/\/hojichawholesale.eu\/wp-content\/uploads\/2025\/01\/hojicha-dark-powder-both-300x300.webp 300w, https:\/\/hojichawholesale.eu\/wp-content\/uploads\/2025\/01\/hojicha-dark-powder-both-150x150.webp 150w, https:\/\/hojichawholesale.eu\/wp-content\/uploads\/2025\/01\/hojicha-dark-powder-both-768x768.webp 768w, https:\/\/hojichawholesale.eu\/wp-content\/uploads\/2025\/01\/hojicha-dark-powder-both-600x600.webp 600w\" sizes=\"(max-width: 1000px) 100vw, 1000px\" \/><\/figure>\n<\/div>\n<hr class=\"wp-block-separator has-alpha-channel-opacity\"\/>\n\n<h2 class=\"wp-block-heading\">Tuotteen kohokohdat<\/h2>\n\n<ul class=\"wp-block-list\">\n<li><strong>Tyyppi<\/strong>: Paahdettu vihre\u00e4 tee (Hojicha)<\/li>\n\n\n\n<li><strong>Muoto<\/strong>: jauhe<\/li>\n\n\n\n<li><strong>Alkuper\u00e4<\/strong>: Shizuoka, Japani<\/li>\n\n\n\n<li><strong>Paahtotaso<\/strong>: Tumma<\/li>\n\n\n\n<li><strong>Satokausi<\/strong>: kev\u00e4t\/kes\u00e4<\/li>\n\n\n\n<li><strong>K\u00e4sittely<\/strong>: Syv\u00e4paahdettu (300 \u00b0C) posliinissa rohkean, savuisen aromin luomiseksi.<\/li>\n\n\n\n<li><strong>Makuprofiili<\/strong>: Savuinen, rikas ja hieman makea rohkealla karamellipohjas\u00e4vyll\u00e4.<\/li>\n\n\n\n<li><strong>Kofeiini<\/strong>: Hyvin alhainen<\/li>\n\n\n\n<li><strong>Pakkaus<\/strong>: Saatavilla 1 kg pusseissa. Uudelleenpakkaus on saatavilla pyynn\u00f6st\u00e4si.   <\/li>\n<\/ul>\n\n<hr class=\"wp-block-separator has-alpha-channel-opacity\"\/>\n\n<h2 class=\"wp-block-heading\">Tummapaahtoisen Hojichan edut<\/h2>\n\n<ul class=\"wp-block-list\">\n<li><strong>Rikas maku<\/strong>: Syv\u00e4paahtaminen tuo esiin voimakkaita, savuisia muistiinpanoja, jotka sopivat hyvin j\u00e4lkiruokiin tai itsen\u00e4isen\u00e4 teen\u00e4.<\/li>\n\n\n\n<li><strong>V\u00e4h\u00e4inen kofeiini<\/strong>: Nauti mihin aikaan p\u00e4iv\u00e4st\u00e4 tahansa ilman v\u00e4rin\u00e4\u00e4.<\/li>\n\n\n\n<li><strong>L\u00e4mmin ja lohdullinen<\/strong>: Tumma paahto tarjoaa maadoittavan ja rauhoittavan kokemuksen, joka sopii t\u00e4ydellisesti kylmiin kuukausiin.<\/li>\n<\/ul>\n\n<div class=\"wp-block-columns is-layout-flex wp-container-core-columns-is-layout-28f84493 wp-block-columns-is-layout-flex\">\n<div class=\"wp-block-column is-layout-flow wp-block-column-is-layout-flow\"><div class=\"wp-block-image\">\n<figure class=\"aligncenter size-full is-resized\"><img decoding=\"async\" width=\"1000\" height=\"1000\" src=\"https:\/\/hojichawholesale.eu\/wp-content\/uploads\/2025\/01\/hojicha-dark-powder.webp\" alt=\"Hojicha tumma paahtojauhe\" class=\"wp-image-7420\" style=\"width:306px;height:auto\" srcset=\"https:\/\/hojichawholesale.eu\/wp-content\/uploads\/2025\/01\/hojicha-dark-powder.webp 1000w, https:\/\/hojichawholesale.eu\/wp-content\/uploads\/2025\/01\/hojicha-dark-powder-300x300.webp 300w, https:\/\/hojichawholesale.eu\/wp-content\/uploads\/2025\/01\/hojicha-dark-powder-150x150.webp 150w, https:\/\/hojichawholesale.eu\/wp-content\/uploads\/2025\/01\/hojicha-dark-powder-768x768.webp 768w, https:\/\/hojichawholesale.eu\/wp-content\/uploads\/2025\/01\/hojicha-dark-powder-600x600.webp 600w\" sizes=\"(max-width: 1000px) 100vw, 1000px\" \/><\/figure>\n<\/div><\/div>\n\n\n\n<div class=\"wp-block-column is-layout-flow wp-block-column-is-layout-flow\"><div class=\"wp-block-image\">\n<figure class=\"aligncenter size-large is-resized\"><img decoding=\"async\" width=\"1024\" height=\"1024\" src=\"https:\/\/hojichawholesale.eu\/wp-content\/uploads\/2025\/01\/hojicha-dark-powder-infused-1024x1024.webp\" alt=\"Hojicha tumma paahtojauhe infusoituna\" class=\"wp-image-7408\" style=\"width:302px;height:auto\" srcset=\"https:\/\/hojichawholesale.eu\/wp-content\/uploads\/2025\/01\/hojicha-dark-powder-infused-1024x1024.webp 1024w, https:\/\/hojichawholesale.eu\/wp-content\/uploads\/2025\/01\/hojicha-dark-powder-infused-300x300.webp 300w, https:\/\/hojichawholesale.eu\/wp-content\/uploads\/2025\/01\/hojicha-dark-powder-infused-150x150.webp 150w, https:\/\/hojichawholesale.eu\/wp-content\/uploads\/2025\/01\/hojicha-dark-powder-infused-768x768.webp 768w, https:\/\/hojichawholesale.eu\/wp-content\/uploads\/2025\/01\/hojicha-dark-powder-infused-1536x1536.webp 1536w, https:\/\/hojichawholesale.eu\/wp-content\/uploads\/2025\/01\/hojicha-dark-powder-infused-600x600.webp 600w, https:\/\/hojichawholesale.eu\/wp-content\/uploads\/2025\/01\/hojicha-dark-powder-infused.webp 2000w\" sizes=\"(max-width: 1024px) 100vw, 1024px\" \/><\/figure>\n<\/div><\/div>\n<\/div>\n\n<hr class=\"wp-block-separator has-alpha-channel-opacity\"\/>\n\n<h2 class=\"wp-block-heading\">Tukkutason tiedot<\/h2>\n\n<ul class=\"wp-block-list\">\n<li><strong>V\u00e4himm\u00e4istilausm\u00e4\u00e4r\u00e4 (MOQ):<\/strong> 5 pussia 100 grammaa.<\/li>\n\n\n\n<li><strong>Joukkohinnoittelu<\/strong>: Ota meihin yhteytt\u00e4 alla saadaksesi tilauksen kokoon perustuvan erikoishinnoittelun.<\/li>\n\n\n\n<li><strong>Viimeinen k\u00e4ytt\u00f6p\u00e4iv\u00e4<\/strong>: Hojichaa voidaan s\u00e4ilytt\u00e4\u00e4 enint\u00e4\u00e4n kaksi vuotta avaamattomana ja s\u00e4ilytt\u00e4\u00e4 5 \u00b0C \u2013 10 \u00b0C:ssa.<\/li>\n\n\n\n<li><strong>Toimitus: Toimitamme<\/strong> kaikkialle Eurooppaan, Islannista Istanbuliin, joustavilla toimitusvaihtoehdoilla, mukaan lukien pikatoimitus kiireellisille tilauksille.<\/li>\n<\/ul>\n\n<hr class=\"wp-block-separator has-alpha-channel-opacity\"\/>\n\n<h2 class=\"wp-block-heading\">Miten hautua<\/h2>\n\n<ol class=\"wp-block-list\">\n<li><strong>Tee m\u00e4\u00e4r\u00e4<\/strong>: 8g teet\u00e4 \/ 500ml vett\u00e4<\/li>\n\n\n\n<li><strong>Veden l\u00e4mp\u00f6tila<\/strong>: 80\u00b0C  <\/li>\n\n\n\n<li><strong>Liotusaika<\/strong>: 2-3 minuuttia vahvalle, t\u00e4ytel\u00e4iselle haudutukselle<\/li>\n<\/ol>\n\n<hr class=\"wp-block-separator has-alpha-channel-opacity\"\/>\n\n<h2 class=\"wp-block-heading\">T\u00e4ydellinen<\/h2>\n\n<ul class=\"wp-block-list\">\n<li>Huippuluokan teekaupat, kahvilat ja ravintolat, jotka haluavat tarjota asiakkailleen ensiluokkaisen tummapaahtoisen vaihtoehdon.  <\/li>\n\n\n\n<li>Asiakkaat, jotka etsiv\u00e4t rohkeaa, v\u00e4h\u00e4n kofeiinia sis\u00e4lt\u00e4v\u00e4\u00e4 vaihtoehtoa kahville.<\/li>\n\n\n\n<li>Allekirjoitusteesekoitusten luominen tai kulinaaristen reseptien ainesosana.<\/li>\n<\/ul>\n\n<h2 class=\"wp-block-heading\">Pyyd\u00e4 n\u00e4yte jo t\u00e4n\u00e4\u00e4n<\/h2>\n\n<p>Oletko kiinnostunut premium-hojichamme t\u00e4ytel\u00e4isist\u00e4, paahdetuista mauista?  <\/p>\n\n<p>T\u00e4yt\u00e4 vain tietosi alle ja l\u00e4het\u00e4mme sinulle n\u00e4ytteen. Kerro meille, jos sinulla on erityisi\u00e4 pyynt\u00f6j\u00e4, niin r\u00e4\u00e4t\u00e4l\u00f6imme mielell\u00e4mme tarjouksemme yrityksesi tarpeiden mukaan. <\/p>\n<div class=\"forminator-ui forminator-custom-form forminator-custom-form-1365 forminator-design--flat  forminator_ajax\" data-forminator-render=\"0\" data-form=\"forminator-module-1365\" data-uid=\"69de3543ed187\"><br\/><\/div><form\n\t\t\t\tid=\"forminator-module-1365\"\n\t\t\t\tclass=\"forminator-ui forminator-custom-form forminator-custom-form-1365 forminator-design--flat  forminator_ajax\"\n\t\t\t\tmethod=\"post\"\n\t\t\t\tdata-forminator-render=\"0\"\n\t\t\t\tdata-form-id=\"1365\"\n\t\t\t\t data-color-option=\"default\" data-design=\"flat\" data-grid=\"open\" style=\"display: none;\"\n\t\t\t\tdata-uid=\"69de3543ed187\"\n\t\t\t><div role=\"alert\" aria-live=\"polite\" class=\"forminator-response-message forminator-error\" aria-hidden=\"true\"><\/div><div class=\"forminator-row\"><div id=\"name-1\" class=\"forminator-field-name forminator-col forminator-col-6 \"><div class=\"forminator-field\"><input type=\"text\" name=\"name-1\" value=\"\" placeholder=\"First Name\" id=\"forminator-field-name-1_69de3543ed187\" class=\"forminator-input forminator-name--field\" aria-required=\"true\" autocomplete=\"name\" \/><\/div><\/div><div id=\"name-2\" class=\"forminator-field-name forminator-col forminator-col-6 \"><div class=\"forminator-field\"><input type=\"text\" name=\"name-2\" value=\"\" placeholder=\"Last Name\" id=\"forminator-field-name-2_69de3543ed187\" class=\"forminator-input forminator-name--field\" aria-required=\"true\" autocomplete=\"name\" \/><\/div><\/div><\/div><div class=\"forminator-row\"><div id=\"email-1\" class=\"forminator-field-email forminator-col forminator-col-12 \"><div class=\"forminator-field\"><input type=\"email\" name=\"email-1\" value=\"\" placeholder=\"Email\" id=\"forminator-field-email-1_69de3543ed187\" class=\"forminator-input forminator-email--field\" data-required=\"true\" aria-required=\"true\" autocomplete=\"email\" \/><\/div><\/div><\/div><div class=\"forminator-row\"><div id=\"phone-1\" class=\"forminator-field-phone forminator-col forminator-col-12 \"><div class=\"forminator-field\"><input type=\"text\" name=\"phone-1\" value=\"\" placeholder=\"Phone\" id=\"forminator-field-phone-1_69de3543ed187\" class=\"forminator-input forminator-field--phone\" data-required=\"\" aria-required=\"false\" autocomplete=\"off\" \/><\/div><\/div><\/div><div class=\"forminator-row\"><div id=\"textarea-1\" class=\"forminator-field-textarea forminator-col forminator-col-12 \"><div class=\"forminator-field\"><textarea name=\"textarea-1\" placeholder=\"Message\" id=\"forminator-field-textarea-1_69de3543ed187\" class=\"forminator-textarea\" rows=\"6\" style=\"min-height:140px;\" ><\/textarea><span id=\"forminator-field-textarea-1_69de3543ed187-description\" class=\"forminator-description\"><span data-limit=\"300\" data-type=\"words\" data-editor=\"\">0 \/ 300<\/span><\/span><\/div><\/div><\/div><div class=\"forminator-row\"><\/div><input type=\"hidden\" name=\"referer_url\" value=\"\" \/><div class=\"forminator-row forminator-row-last\"><div class=\"forminator-col\"><div class=\"forminator-field\"><button class=\"forminator-button forminator-button-submit\">Send<\/button><\/div><\/div><\/div><input type=\"hidden\" id=\"forminator_nonce\" name=\"forminator_nonce\" value=\"a647953a3f\" \/><input type=\"hidden\" name=\"_wp_http_referer\" value=\"\/fi\/wp-json\/wp\/v2\/pages\/6361\" \/><input type=\"hidden\" name=\"form_id\" value=\"1365\"><input type=\"hidden\" name=\"page_id\" value=\"6361\"><input type=\"hidden\" name=\"form_type\" value=\"default\"><input type=\"hidden\" name=\"current_url\" value=\"https:\/\/hojichawholesale.eu\/fi\/hojicha-tumma-paahto-tukkumyynti\/\"><input type=\"hidden\" name=\"render_id\" value=\"0\"><input type=\"hidden\" name=\"action\" value=\"forminator_submit_form_custom-forms\"><label for=\"input_6\" class=\"forminator-hidden\" aria-hidden=\"true\">Please do not fill in this field. <input id=\"input_6\" type=\"text\" name=\"input_6\" value=\"\" autocomplete=\"off\"><\/label><\/form>\n","protected":false},"excerpt":{"rendered":"<p>Hojicha tumma paahtojauhe (tukkumyynti) Hojicha Dark Roast &#8211; jauhe tarjoaa syv\u00e4n, voimakkaan paahdetun maun, joka sopii t\u00e4ydellisesti niille, jotka etsiv\u00e4t vankempaa ja t\u00e4ytel\u00e4isemp\u00e4\u00e4 teekokemusta. Tuotteen kohokohdat Tummapaahtoisen Hojichan edut Tukkutason tiedot Miten hautua T\u00e4ydellinen Pyyd\u00e4 n\u00e4yte jo t\u00e4n\u00e4\u00e4n Oletko kiinnostunut premium-hojichamme t\u00e4ytel\u00e4isist\u00e4, paahdetuista mauista? T\u00e4yt\u00e4 vain tietosi alle ja l\u00e4het\u00e4mme sinulle n\u00e4ytteen. Kerro meille, jos [&hellip;]<\/p>\n","protected":false},"author":1,"featured_media":7399,"parent":0,"menu_order":0,"comment_status":"closed","ping_status":"closed","template":"","meta":{"_surecart_dashboard_logo_width":"180px","_surecart_dashboard_show_logo":true,"_surecart_dashboard_navigation_orders":true,"_surecart_dashboard_navigation_invoices":true,"_surecart_dashboard_navigation_subscriptions":true,"_surecart_dashboard_navigation_downloads":true,"_surecart_dashboard_navigation_billing":true,"_surecart_dashboard_navigation_account":true,"footnotes":""},"class_list":["post-6361","page","type-page","status-publish","has-post-thumbnail","hentry","entry","has-media"],"mb":[],"mfb_rest_fields":["title","gutenberg_elementor_mode"],"_links":{"self":[{"href":"https:\/\/hojichawholesale.eu\/fi\/wp-json\/wp\/v2\/pages\/6361","targetHints":{"allow":["GET"]}}],"collection":[{"href":"https:\/\/hojichawholesale.eu\/fi\/wp-json\/wp\/v2\/pages"}],"about":[{"href":"https:\/\/hojichawholesale.eu\/fi\/wp-json\/wp\/v2\/types\/page"}],"author":[{"embeddable":true,"href":"https:\/\/hojichawholesale.eu\/fi\/wp-json\/wp\/v2\/users\/1"}],"replies":[{"embeddable":true,"href":"https:\/\/hojichawholesale.eu\/fi\/wp-json\/wp\/v2\/comments?post=6361"}],"version-history":[{"count":0,"href":"https:\/\/hojichawholesale.eu\/fi\/wp-json\/wp\/v2\/pages\/6361\/revisions"}],"wp:featuredmedia":[{"embeddable":true,"href":"https:\/\/hojichawholesale.eu\/fi\/wp-json\/wp\/v2\/media\/7399"}],"wp:attachment":[{"href":"https:\/\/hojichawholesale.eu\/fi\/wp-json\/wp\/v2\/media?parent=6361"}],"curies":[{"name":"wp","href":"https:\/\/api.w.org\/{rel}","templated":true}]}}