{"id":6359,"date":"2024-08-24T19:47:32","date_gmt":"2024-08-24T19:47:32","guid":{"rendered":"https:\/\/hojichawholesale.eu\/tietoja-hojicha-wholesale-palvelusta\/"},"modified":"2026-03-06T16:46:54","modified_gmt":"2026-03-06T16:46:54","slug":"tietoja-hojicha-wholesale-palvelusta","status":"publish","type":"page","link":"https:\/\/hojichawholesale.eu\/fi\/tietoja-hojicha-wholesale-palvelusta\/","title":{"rendered":"Tietoja Hojicha Wholesale -palvelusta"},"content":{"rendered":"\n<h1 class=\"wp-block-heading\">Tietoja Hojicha Wholesale -palvelusta<\/h1>\n\n<p>Hojicha Wholesale on eurooppalainen tukkukauppias, joka on omistautunut japanilaiselle hojichalle.<\/p>\n\n<p>Teht\u00e4v\u00e4mme on tarjota laadukasta hojicha-teet\u00e4 HORECA-alan br\u00e4ndeille ja yrityksille. Tuomme tukkum\u00e4\u00e4ri\u00e4 premium-hojichaa luotettaviltamme toimittajilta Japanissa ja jaamme sit\u00e4 Euroopan mantereella ravintoloille, hotelleille, kahviloille ja itsen\u00e4isille teekaupoille. <\/p>\n\n<p>Tarjoamme sinulle kolme takuuta:<\/p>\n\n<ol class=\"wp-block-list\">\n<li><strong>Matala MOQ:<\/strong> olitpa vakiintunut yritys, joka tarvitsee satoja laukkuja, tai pieni itsen\u00e4inen kahvila, joka on vasta alkamassa, Hojicha Wholesale mukautuu tarpeisiisi samalla yritystason palvelulaadulla.  <\/li>\n\n\n\n<li><strong>Reagointikyky ja palvelu<\/strong>: toimitamme nopeasti ja tarjoamme laajan valikoiman toimitustapoja.  <\/li>\n\n\n\n<li><strong>Yst\u00e4v\u00e4llinen asiakastuki: <\/strong>olemme k\u00e4ytett\u00e4viss\u00e4 365 p\u00e4iv\u00e4\u00e4 vuodessa.  <\/li>\n<\/ol>\n\n<h2 class=\"wp-block-heading\"><strong>Tuotteemme<\/strong><\/h2>\n\n<p>Tarjoamme huolellisesti valitun valikoiman hojicha-lajikkeita, jotka kaikki hankitaan suoraan parhailta teenviljelij\u00f6ilt\u00e4.  <\/p>\n\n<p>L\u00f6yd\u00e4t tuotteemme suoraan <a href=\"https:\/\/hojichawholesale.eu\/fi\/osta-surecart\/\" data-type=\"link\" data-id=\"https:\/\/hojichawholesale.eu\/shop\/\">katalogistamme<\/a>.<\/p>\n\n<h2 class=\"wp-block-heading\"><strong>Miksi valita meid\u00e4t?<\/strong><\/h2>\n\n<ul class=\"wp-block-list\">\n<li><strong>Laatu ensin:<\/strong> Toimitamme korkealaatuisinta hojichaa. Jokainen er\u00e4 testataan tarkasti koostumuksen ja maun varmistamiseksi. <\/li>\n\n\n\n<li><strong>Suora hankinta:<\/strong> Teemme tiivist\u00e4 yhteisty\u00f6t\u00e4 toimittajiemme kanssa tuodaksemme sinulle hojichan, joka heijastaa Japanin aitoa makua.<\/li>\n\n\n\n<li><strong>R\u00e4\u00e4t\u00e4l\u00f6idyt ratkaisut:<\/strong> Py\u00f6rititp\u00e4 sitten pient\u00e4 kahvilaa tai suurta hotelliketjua, tarjoamme r\u00e4\u00e4t\u00e4l\u00f6ityj\u00e4 ratkaisuja juuri sinun tarpeisiisi.  <\/li>\n\n\n\n<li><strong>Luotettava jakelu:<\/strong> Olemme ihanteellisessa asemassa palvelemaan asiakkaita koko Euroopan mantereella. Logistiikkamme takaa oikea-aikaiset toimitukset, joten varastosi ei lopu kesken. <\/li>\n<\/ul>\n\n<h2 class=\"wp-block-heading\">Miss\u00e4 me sijaitsemme?<\/h2>\n\n<p>Toimimme Belgiassa.<\/p>\n\n<h2 class=\"wp-block-heading\">Mik\u00e4 on historiasi?<\/h2>\n\n<p>Hojicha Wholesale sai alkunsa, kun perustaja Aurella oli vaikeuksia l\u00f6yt\u00e4\u00e4 luotettavaa hojichan toimittajaa v\u00e4hitt\u00e4iskaupan teekaupalleen <a href=\"https:\/\/senchatea.be\/\" target=\"_blank\" rel=\"noopener\">senchatea.be<\/a>.<\/p>\n\n<p>Hojicha on yksi Japanin teeteollisuuden t\u00e4rkeimmist\u00e4 trendeist\u00e4. Haluamme tuoda t\u00e4m\u00e4n fantastisen ja monipuolisen teen nopeasti kahviloiden, hotellien, ravintoloiden ja teekauppojen saataville ymp\u00e4ri Eurooppaa ilman, ett\u00e4 heid\u00e4n tarvitsee tilata valtavia m\u00e4\u00e4ri\u00e4.   <\/p>\n\n<h2 class=\"wp-block-heading\">Pyyd\u00e4 n\u00e4ytett\u00e4<\/h2>\n\n<p>Oletko kiinnostunut premium-hojichamme t\u00e4ytel\u00e4isist\u00e4, paahdetuista mauista?  <\/p>\n\n<p>T\u00e4yt\u00e4 vain tietosi alle ja l\u00e4het\u00e4mme sinulle n\u00e4ytteen. Kerro meille, jos sinulla on erityisi\u00e4 pyynt\u00f6j\u00e4, niin r\u00e4\u00e4t\u00e4l\u00f6imme mielell\u00e4mme tarjouksemme yrityksesi tarpeiden mukaan. <\/p>\n<div class=\"forminator-ui forminator-custom-form forminator-custom-form-1365 forminator-design--flat  forminator_ajax\" data-forminator-render=\"0\" data-form=\"forminator-module-1365\" data-uid=\"69d4512c017cb\"><br\/><\/div><form\n\t\t\t\tid=\"forminator-module-1365\"\n\t\t\t\tclass=\"forminator-ui forminator-custom-form forminator-custom-form-1365 forminator-design--flat  forminator_ajax\"\n\t\t\t\tmethod=\"post\"\n\t\t\t\tdata-forminator-render=\"0\"\n\t\t\t\tdata-form-id=\"1365\"\n\t\t\t\t data-color-option=\"default\" data-design=\"flat\" data-grid=\"open\" style=\"display: none;\"\n\t\t\t\tdata-uid=\"69d4512c017cb\"\n\t\t\t><div role=\"alert\" aria-live=\"polite\" class=\"forminator-response-message forminator-error\" aria-hidden=\"true\"><\/div><div class=\"forminator-row\"><div id=\"name-1\" class=\"forminator-field-name forminator-col forminator-col-6 \"><div class=\"forminator-field\"><input type=\"text\" name=\"name-1\" value=\"\" placeholder=\"First Name\" id=\"forminator-field-name-1_69d4512c017cb\" class=\"forminator-input forminator-name--field\" aria-required=\"true\" autocomplete=\"name\" \/><\/div><\/div><div id=\"name-2\" class=\"forminator-field-name forminator-col forminator-col-6 \"><div class=\"forminator-field\"><input type=\"text\" name=\"name-2\" value=\"\" placeholder=\"Last Name\" id=\"forminator-field-name-2_69d4512c017cb\" class=\"forminator-input forminator-name--field\" aria-required=\"true\" autocomplete=\"name\" \/><\/div><\/div><\/div><div class=\"forminator-row\"><div id=\"email-1\" class=\"forminator-field-email forminator-col forminator-col-12 \"><div class=\"forminator-field\"><input type=\"email\" name=\"email-1\" value=\"\" placeholder=\"Email\" id=\"forminator-field-email-1_69d4512c017cb\" class=\"forminator-input forminator-email--field\" data-required=\"true\" aria-required=\"true\" autocomplete=\"email\" \/><\/div><\/div><\/div><div class=\"forminator-row\"><div id=\"phone-1\" class=\"forminator-field-phone forminator-col forminator-col-12 \"><div class=\"forminator-field\"><input type=\"text\" name=\"phone-1\" value=\"\" placeholder=\"Phone\" id=\"forminator-field-phone-1_69d4512c017cb\" class=\"forminator-input forminator-field--phone\" data-required=\"\" aria-required=\"false\" autocomplete=\"off\" \/><\/div><\/div><\/div><div class=\"forminator-row\"><div id=\"textarea-1\" class=\"forminator-field-textarea forminator-col forminator-col-12 \"><div class=\"forminator-field\"><textarea name=\"textarea-1\" placeholder=\"Message\" id=\"forminator-field-textarea-1_69d4512c017cb\" class=\"forminator-textarea\" rows=\"6\" style=\"min-height:140px;\" ><\/textarea><span id=\"forminator-field-textarea-1_69d4512c017cb-description\" class=\"forminator-description\"><span data-limit=\"300\" data-type=\"words\" data-editor=\"\">0 \/ 300<\/span><\/span><\/div><\/div><\/div><div class=\"forminator-row\"><\/div><input type=\"hidden\" name=\"referer_url\" value=\"\" \/><div class=\"forminator-row forminator-row-last\"><div class=\"forminator-col\"><div class=\"forminator-field\"><button class=\"forminator-button forminator-button-submit\">Send<\/button><\/div><\/div><\/div><input type=\"hidden\" id=\"forminator_nonce\" name=\"forminator_nonce\" value=\"0b51ba8eba\" \/><input type=\"hidden\" name=\"_wp_http_referer\" value=\"\/fi\/wp-json\/wp\/v2\/pages\/6359\" \/><input type=\"hidden\" name=\"form_id\" value=\"1365\"><input type=\"hidden\" name=\"page_id\" value=\"6359\"><input type=\"hidden\" name=\"form_type\" value=\"default\"><input type=\"hidden\" name=\"current_url\" value=\"https:\/\/hojichawholesale.eu\/fi\/tietoja-hojicha-wholesale-palvelusta\/\"><input type=\"hidden\" name=\"render_id\" value=\"0\"><input type=\"hidden\" name=\"action\" value=\"forminator_submit_form_custom-forms\"><label for=\"input_6\" class=\"forminator-hidden\" aria-hidden=\"true\">Please do not fill in this field. <input id=\"input_6\" type=\"text\" name=\"input_6\" value=\"\" autocomplete=\"off\"><\/label><\/form>\n\n<p><\/p>\n","protected":false},"excerpt":{"rendered":"<p>Tietoja Hojicha Wholesale -palvelusta Hojicha Wholesale on eurooppalainen tukkukauppias, joka on omistautunut japanilaiselle hojichalle. Teht\u00e4v\u00e4mme on tarjota laadukasta hojicha-teet\u00e4 HORECA-alan br\u00e4ndeille ja yrityksille. Tuomme tukkum\u00e4\u00e4ri\u00e4 premium-hojichaa luotettaviltamme toimittajilta Japanissa ja jaamme sit\u00e4 Euroopan mantereella ravintoloille, hotelleille, kahviloille ja itsen\u00e4isille teekaupoille. Tarjoamme sinulle kolme takuuta: Tuotteemme Tarjoamme huolellisesti valitun valikoiman hojicha-lajikkeita, jotka kaikki hankitaan suoraan parhailta [&hellip;]<\/p>\n","protected":false},"author":1,"featured_media":0,"parent":0,"menu_order":0,"comment_status":"closed","ping_status":"closed","template":"","meta":{"_surecart_dashboard_logo_width":"180px","_surecart_dashboard_show_logo":true,"_surecart_dashboard_navigation_orders":true,"_surecart_dashboard_navigation_invoices":true,"_surecart_dashboard_navigation_subscriptions":true,"_surecart_dashboard_navigation_downloads":true,"_surecart_dashboard_navigation_billing":true,"_surecart_dashboard_navigation_account":true,"footnotes":""},"class_list":["post-6359","page","type-page","status-publish","hentry","entry"],"mb":[],"mfb_rest_fields":["title","gutenberg_elementor_mode"],"_links":{"self":[{"href":"https:\/\/hojichawholesale.eu\/fi\/wp-json\/wp\/v2\/pages\/6359","targetHints":{"allow":["GET"]}}],"collection":[{"href":"https:\/\/hojichawholesale.eu\/fi\/wp-json\/wp\/v2\/pages"}],"about":[{"href":"https:\/\/hojichawholesale.eu\/fi\/wp-json\/wp\/v2\/types\/page"}],"author":[{"embeddable":true,"href":"https:\/\/hojichawholesale.eu\/fi\/wp-json\/wp\/v2\/users\/1"}],"replies":[{"embeddable":true,"href":"https:\/\/hojichawholesale.eu\/fi\/wp-json\/wp\/v2\/comments?post=6359"}],"version-history":[{"count":0,"href":"https:\/\/hojichawholesale.eu\/fi\/wp-json\/wp\/v2\/pages\/6359\/revisions"}],"wp:attachment":[{"href":"https:\/\/hojichawholesale.eu\/fi\/wp-json\/wp\/v2\/media?parent=6359"}],"curies":[{"name":"wp","href":"https:\/\/api.w.org\/{rel}","templated":true}]}}