{"id":9106,"date":"2024-10-12T16:25:13","date_gmt":"2024-10-12T16:25:13","guid":{"rendered":"https:\/\/hojichawholesale.eu\/hojicha-pulber-latte-hulgimuuk\/"},"modified":"2025-12-10T19:01:34","modified_gmt":"2025-12-10T19:01:34","slug":"hojicha-pulber-latte-hulgimuuk","status":"publish","type":"page","link":"https:\/\/hojichawholesale.eu\/et\/hojicha-pulber-latte-hulgimuuk\/","title":{"rendered":"Hojicha pulber Latte (hulgim\u00fc\u00fck)"},"content":{"rendered":"\n<h1 class=\"wp-block-heading\">Hojicha pulber Latte (hulgim\u00fc\u00fck)<\/h1>\n\n<p>Meie <strong>Hojicha Powder Latte<\/strong> on valmistatud hojicha pulbrist, roosuhkrust ja guarkummist, et saada t\u00e4iuslikult tasakaalustatud ja maitsev jook. Seda saab segada piima v\u00f5i piima alternatiividega. <\/p>\n<div class=\"wp-block-image\">\n<figure class=\"aligncenter size-full is-resized\"><img fetchpriority=\"high\" decoding=\"async\" width=\"1000\" height=\"1000\" src=\"https:\/\/hojichawholesale.eu\/wp-content\/uploads\/2025\/01\/hojicha-latte-both.webp\" alt=\"Hojicha latte pulbri v&#xF5;rdlus VS hojicha latte pulber infundeeritud.\" class=\"wp-image-7510\" style=\"width:310px;height:auto\" srcset=\"https:\/\/hojichawholesale.eu\/wp-content\/uploads\/2025\/01\/hojicha-latte-both.webp 1000w, https:\/\/hojichawholesale.eu\/wp-content\/uploads\/2025\/01\/hojicha-latte-both-300x300.webp 300w, https:\/\/hojichawholesale.eu\/wp-content\/uploads\/2025\/01\/hojicha-latte-both-150x150.webp 150w, https:\/\/hojichawholesale.eu\/wp-content\/uploads\/2025\/01\/hojicha-latte-both-768x768.webp 768w, https:\/\/hojichawholesale.eu\/wp-content\/uploads\/2025\/01\/hojicha-latte-both-600x600.webp 600w\" sizes=\"(max-width: 1000px) 100vw, 1000px\" \/><\/figure>\n<\/div>\n<hr class=\"wp-block-separator has-alpha-channel-opacity\"\/>\n\n<h2 class=\"wp-block-heading\">Toote esilet\u00f5stmised<\/h2>\n\n<ul class=\"wp-block-list\">\n<li><strong>T\u00fc\u00fcp<\/strong>: Instant Hojicha Latte Mix<\/li>\n\n\n\n<li><strong>Koostis<\/strong>: Hojicha pulber, roosuhkur, guarkummi.<\/li>\n\n\n\n<li><strong>Pakend<\/strong>: V\u00e4rskuse tagamiseks taassuletav p\u00fcstkott (Doypack).<\/li>\n\n\n\n<li><strong>Portsjoni suurus<\/strong>: umbes 8 portsjonit pakendis. <\/li>\n\n\n\n<li><strong>Maitseprofiil<\/strong>: Sile, p\u00e4hkline, kergelt magus r\u00f6stitud viimistlusega.<\/li>\n\n\n\n<li><strong>Kofeiin<\/strong>: Madal<\/li>\n\n\n\n<li><strong>Valmistamine<\/strong>: Kiire ja maitsva hojicha latte saamiseks lisage lihtsalt vett v\u00f5i piima.<\/li>\n\n\n\n<li><strong>Kaal<\/strong>: Saadaval 1 kg kottides. \u00dcmberpakkimine on saadaval teie soovil.   <\/li>\n<\/ul>\n\n<hr class=\"wp-block-separator has-alpha-channel-opacity\"\/>\n\n<h2 class=\"wp-block-heading\">Hulgim\u00fc\u00fcgi teave<\/h2>\n\n<ul class=\"wp-block-list\">\n<li><strong>Minimaalne tellimiskogus (MOQ):<\/strong> 600 grammi (5 x 120 g doypacki).<\/li>\n\n\n\n<li><strong>Hulgihinnakujundus<\/strong>: Tellimuse mahul p\u00f5hinevate erihindade saamiseks v\u00f5tke meiega \u00fchendust.<\/li>\n\n\n\n<li><strong>S\u00e4ilitamine<\/strong>: V\u00e4rskuse s\u00e4ilitamiseks hoida jahedas ja kuivas kohas.<\/li>\n\n\n\n<li><strong>K\u00f5lblikkusaeg<\/strong>: Hojicha s\u00e4ilib avamata kuni kaks aastat ja s\u00e4ilitatakse temperatuuril 5\u00b0C \u2013 10\u00b0C.<\/li>\n\n\n\n<li><strong>Saatmine<\/strong>: Tarnime Euroopa mandril paindlike saatmisv\u00f5imalustega, sealhulgas kiirtarnega kiireloomuliste tellimuste korral.<\/li>\n<\/ul>\n\n<div class=\"wp-block-columns is-layout-flex wp-container-core-columns-is-layout-28f84493 wp-block-columns-is-layout-flex\">\n<div class=\"wp-block-column is-layout-flow wp-block-column-is-layout-flow\"><div class=\"wp-block-image\">\n<figure class=\"aligncenter size-full is-resized\"><img decoding=\"async\" width=\"1000\" height=\"1000\" src=\"https:\/\/hojichawholesale.eu\/wp-content\/uploads\/2025\/01\/hojicha-latte-powder.webp\" alt=\"\" class=\"wp-image-7534\" style=\"width:314px;height:auto\" srcset=\"https:\/\/hojichawholesale.eu\/wp-content\/uploads\/2025\/01\/hojicha-latte-powder.webp 1000w, https:\/\/hojichawholesale.eu\/wp-content\/uploads\/2025\/01\/hojicha-latte-powder-300x300.webp 300w, https:\/\/hojichawholesale.eu\/wp-content\/uploads\/2025\/01\/hojicha-latte-powder-150x150.webp 150w, https:\/\/hojichawholesale.eu\/wp-content\/uploads\/2025\/01\/hojicha-latte-powder-768x768.webp 768w, https:\/\/hojichawholesale.eu\/wp-content\/uploads\/2025\/01\/hojicha-latte-powder-600x600.webp 600w\" sizes=\"(max-width: 1000px) 100vw, 1000px\" \/><\/figure>\n<\/div><\/div>\n\n\n\n<div class=\"wp-block-column is-layout-flow wp-block-column-is-layout-flow\"><div class=\"wp-block-image\">\n<figure class=\"aligncenter size-large is-resized\"><img decoding=\"async\" width=\"1024\" height=\"1024\" src=\"https:\/\/hojichawholesale.eu\/wp-content\/uploads\/2025\/01\/hojicha-latte-infused-1024x1024.webp\" alt=\"\" class=\"wp-image-7522\" style=\"width:325px;height:auto\" srcset=\"https:\/\/hojichawholesale.eu\/wp-content\/uploads\/2025\/01\/hojicha-latte-infused-1024x1024.webp 1024w, https:\/\/hojichawholesale.eu\/wp-content\/uploads\/2025\/01\/hojicha-latte-infused-300x300.webp 300w, https:\/\/hojichawholesale.eu\/wp-content\/uploads\/2025\/01\/hojicha-latte-infused-150x150.webp 150w, https:\/\/hojichawholesale.eu\/wp-content\/uploads\/2025\/01\/hojicha-latte-infused-768x768.webp 768w, https:\/\/hojichawholesale.eu\/wp-content\/uploads\/2025\/01\/hojicha-latte-infused-1536x1536.webp 1536w, https:\/\/hojichawholesale.eu\/wp-content\/uploads\/2025\/01\/hojicha-latte-infused-600x600.webp 600w, https:\/\/hojichawholesale.eu\/wp-content\/uploads\/2025\/01\/hojicha-latte-infused.webp 2000w\" sizes=\"(max-width: 1024px) 100vw, 1024px\" \/><\/figure>\n<\/div><\/div>\n<\/div>\n\n<hr class=\"wp-block-separator has-alpha-channel-opacity\"\/>\n\n<h2 class=\"wp-block-heading\">Kuidas valmistuda<\/h2>\n\n<ol class=\"wp-block-list\">\n<li>Lisage tassi <strong>15 g<\/strong> Hojicha Powder Latte segu.<\/li>\n\n\n\n<li><strong>Lisage 500 ml<\/strong> kuuma vett v\u00f5i piima (v\u00f5i piima alternatiivi).<\/li>\n\n\n\n<li>Sega korralikult l\u00e4bi ja naudi koheselt kreemjat ja maitsvat hojicha lattet.<\/li>\n<\/ol>\n\n<hr class=\"wp-block-separator has-alpha-channel-opacity\"\/>\n\n<h2 class=\"wp-block-heading\">Ideaalne<\/h2>\n\n<ul class=\"wp-block-list\">\n<li>Kohvikud ja teepoed, kes otsivad klientidele kiiret ja lihtsalt valmistatavat hojicha latte v\u00f5imalust.<\/li>\n\n\n\n<li>Restoranid ja hotellid, kes soovivad pakkuda maitsvat seedimisabi.  <\/li>\n\n\n\n<li>Jaekauplused, mis pakuvad esmaklassilisi teetooteid ja lahustuvate jookide segusid.<\/li>\n<\/ul>\n\n<h2 class=\"wp-block-heading\">K\u00fcsi proovi juba t\u00e4na<\/h2>\n\n<p>Kas olete uudishimulik meie esmaklassilise hojicha rikkalike r\u00f6stitud maitsete vastu?  <\/p>\n\n<p>Lihtsalt t\u00e4itke allpool oma andmed ja me saadame teile n\u00e4idise. Andke meile teada, kui teil on konkreetseid soove ja me kohandame hea meelega oma pakkumist vastavalt teie ettev\u00f5tte vajadustele. <\/p>\n<div class=\"forminator-ui forminator-custom-form forminator-custom-form-1365 forminator-design--flat  forminator_ajax\" data-forminator-render=\"0\" data-form=\"forminator-module-1365\" data-uid=\"69d4948af34c6\"><br\/><\/div><form\n\t\t\t\tid=\"forminator-module-1365\"\n\t\t\t\tclass=\"forminator-ui forminator-custom-form forminator-custom-form-1365 forminator-design--flat  forminator_ajax\"\n\t\t\t\tmethod=\"post\"\n\t\t\t\tdata-forminator-render=\"0\"\n\t\t\t\tdata-form-id=\"1365\"\n\t\t\t\t data-color-option=\"default\" data-design=\"flat\" data-grid=\"open\" style=\"display: none;\"\n\t\t\t\tdata-uid=\"69d4948af34c6\"\n\t\t\t><div role=\"alert\" aria-live=\"polite\" class=\"forminator-response-message forminator-error\" aria-hidden=\"true\"><\/div><div class=\"forminator-row\"><div id=\"name-1\" class=\"forminator-field-name forminator-col forminator-col-6 \"><div class=\"forminator-field\"><input type=\"text\" name=\"name-1\" value=\"\" placeholder=\"First Name\" id=\"forminator-field-name-1_69d4948af34c6\" class=\"forminator-input forminator-name--field\" aria-required=\"true\" autocomplete=\"name\" \/><\/div><\/div><div id=\"name-2\" class=\"forminator-field-name forminator-col forminator-col-6 \"><div class=\"forminator-field\"><input type=\"text\" name=\"name-2\" value=\"\" placeholder=\"Last Name\" id=\"forminator-field-name-2_69d4948af34c6\" class=\"forminator-input forminator-name--field\" aria-required=\"true\" autocomplete=\"name\" \/><\/div><\/div><\/div><div class=\"forminator-row\"><div id=\"email-1\" class=\"forminator-field-email forminator-col forminator-col-12 \"><div class=\"forminator-field\"><input type=\"email\" name=\"email-1\" value=\"\" placeholder=\"Email\" id=\"forminator-field-email-1_69d4948af34c6\" class=\"forminator-input forminator-email--field\" data-required=\"true\" aria-required=\"true\" autocomplete=\"email\" \/><\/div><\/div><\/div><div class=\"forminator-row\"><div id=\"phone-1\" class=\"forminator-field-phone forminator-col forminator-col-12 \"><div class=\"forminator-field\"><input type=\"text\" name=\"phone-1\" value=\"\" placeholder=\"Phone\" id=\"forminator-field-phone-1_69d4948af34c6\" class=\"forminator-input forminator-field--phone\" data-required=\"\" aria-required=\"false\" autocomplete=\"off\" \/><\/div><\/div><\/div><div class=\"forminator-row\"><div id=\"textarea-1\" class=\"forminator-field-textarea forminator-col forminator-col-12 \"><div class=\"forminator-field\"><textarea name=\"textarea-1\" placeholder=\"Message\" id=\"forminator-field-textarea-1_69d4948af34c6\" class=\"forminator-textarea\" rows=\"6\" style=\"min-height:140px;\" ><\/textarea><span id=\"forminator-field-textarea-1_69d4948af34c6-description\" class=\"forminator-description\"><span data-limit=\"300\" data-type=\"words\" data-editor=\"\">0 \/ 300<\/span><\/span><\/div><\/div><\/div><div class=\"forminator-row\"><\/div><input type=\"hidden\" name=\"referer_url\" value=\"\" \/><div class=\"forminator-row forminator-row-last\"><div class=\"forminator-col\"><div class=\"forminator-field\"><button class=\"forminator-button forminator-button-submit\">Send<\/button><\/div><\/div><\/div><input type=\"hidden\" id=\"forminator_nonce\" name=\"forminator_nonce\" value=\"0b51ba8eba\" \/><input type=\"hidden\" name=\"_wp_http_referer\" value=\"\/et\/wp-json\/wp\/v2\/pages\/9106\" \/><input type=\"hidden\" name=\"form_id\" value=\"1365\"><input type=\"hidden\" name=\"page_id\" value=\"9106\"><input type=\"hidden\" name=\"form_type\" value=\"default\"><input type=\"hidden\" name=\"current_url\" value=\"https:\/\/hojichawholesale.eu\/et\/hojicha-pulber-latte-hulgimuuk\/\"><input type=\"hidden\" name=\"render_id\" value=\"0\"><input type=\"hidden\" name=\"action\" value=\"forminator_submit_form_custom-forms\"><label for=\"input_6\" class=\"forminator-hidden\" aria-hidden=\"true\">Please do not fill in this field. <input id=\"input_6\" type=\"text\" name=\"input_6\" value=\"\" autocomplete=\"off\"><\/label><\/form>\n","protected":false},"excerpt":{"rendered":"<p>Hojicha pulber Latte (hulgim\u00fc\u00fck) Meie Hojicha Powder Latte on valmistatud hojicha pulbrist, roosuhkrust ja guarkummist, et saada t\u00e4iuslikult tasakaalustatud ja maitsev jook. Seda saab segada piima v\u00f5i piima alternatiividega. Toote esilet\u00f5stmised Hulgim\u00fc\u00fcgi teave Kuidas valmistuda Ideaalne K\u00fcsi proovi juba t\u00e4na Kas olete uudishimulik meie esmaklassilise hojicha rikkalike r\u00f6stitud maitsete vastu? Lihtsalt t\u00e4itke allpool oma andmed [&hellip;]<\/p>\n","protected":false},"author":1,"featured_media":9107,"parent":0,"menu_order":0,"comment_status":"closed","ping_status":"closed","template":"","meta":{"_surecart_dashboard_logo_width":"180px","_surecart_dashboard_show_logo":true,"_surecart_dashboard_navigation_orders":true,"_surecart_dashboard_navigation_invoices":true,"_surecart_dashboard_navigation_subscriptions":true,"_surecart_dashboard_navigation_downloads":true,"_surecart_dashboard_navigation_billing":true,"_surecart_dashboard_navigation_account":true,"footnotes":""},"class_list":["post-9106","page","type-page","status-publish","has-post-thumbnail","hentry","entry","has-media"],"mb":[],"mfb_rest_fields":["title","gutenberg_elementor_mode"],"_links":{"self":[{"href":"https:\/\/hojichawholesale.eu\/et\/wp-json\/wp\/v2\/pages\/9106","targetHints":{"allow":["GET"]}}],"collection":[{"href":"https:\/\/hojichawholesale.eu\/et\/wp-json\/wp\/v2\/pages"}],"about":[{"href":"https:\/\/hojichawholesale.eu\/et\/wp-json\/wp\/v2\/types\/page"}],"author":[{"embeddable":true,"href":"https:\/\/hojichawholesale.eu\/et\/wp-json\/wp\/v2\/users\/1"}],"replies":[{"embeddable":true,"href":"https:\/\/hojichawholesale.eu\/et\/wp-json\/wp\/v2\/comments?post=9106"}],"version-history":[{"count":0,"href":"https:\/\/hojichawholesale.eu\/et\/wp-json\/wp\/v2\/pages\/9106\/revisions"}],"wp:featuredmedia":[{"embeddable":true,"href":"https:\/\/hojichawholesale.eu\/et\/wp-json\/wp\/v2\/media\/9107"}],"wp:attachment":[{"href":"https:\/\/hojichawholesale.eu\/et\/wp-json\/wp\/v2\/media?parent=9106"}],"curies":[{"name":"wp","href":"https:\/\/api.w.org\/{rel}","templated":true}]}}