{"id":9105,"date":"2024-12-11T21:40:39","date_gmt":"2024-12-11T21:40:39","guid":{"rendered":"https:\/\/hojichawholesale.eu\/valge-silt-hojicha\/"},"modified":"2025-10-29T08:34:41","modified_gmt":"2025-10-29T08:34:41","slug":"valge-silt-hojicha","status":"publish","type":"page","link":"https:\/\/hojichawholesale.eu\/et\/valge-silt-hojicha\/","title":{"rendered":"Valge silt Hojicha"},"content":{"rendered":"\n<h1 class=\"wp-block-heading\">Valge silt Hojicha<\/h1>\n\n<p>Kas soovite luua oma hojicha kaubam\u00e4rgi?<\/p>\n\n<p>Oleme teinud teile lihtsaks esmaklassilise hojichat pakkumise, mis on hangitud otse meie partneritelt Jaapanis teie enda sildi all.<\/p>\n<div class=\"wp-block-image\">\n<figure class=\"aligncenter size-full is-resized\"><img fetchpriority=\"high\" decoding=\"async\" width=\"1000\" height=\"1000\" src=\"https:\/\/hojichawholesale.eu\/wp-content\/uploads\/2025\/10\/white-label.webp\" alt=\"\" class=\"wp-image-9158\" style=\"width:379px;height:auto\" srcset=\"https:\/\/hojichawholesale.eu\/wp-content\/uploads\/2025\/10\/white-label.webp 1000w, https:\/\/hojichawholesale.eu\/wp-content\/uploads\/2025\/10\/white-label-300x300.webp 300w, https:\/\/hojichawholesale.eu\/wp-content\/uploads\/2025\/10\/white-label-150x150.webp 150w, https:\/\/hojichawholesale.eu\/wp-content\/uploads\/2025\/10\/white-label-768x768.webp 768w, https:\/\/hojichawholesale.eu\/wp-content\/uploads\/2025\/10\/white-label-600x600.webp 600w\" sizes=\"(max-width: 1000px) 100vw, 1000px\" \/><\/figure>\n<\/div>\n<h2 class=\"wp-block-heading\"><strong>Miks oma hojichat valgeks sildistada?<\/strong><\/h2>\n\n<ul class=\"wp-block-list\">\n<li><strong>Esmaklassiline kvaliteet:<\/strong> Meie hojicha on asjatundlikult hangitud Jaapani valitud teep\u00f5ldudelt. Lehed r\u00f6stitakse \u00f5rnalt, et saavutada sile, p\u00e4hkline ja kergelt magus maitse, mis on \u00fchtaegu lohutav ja keeruline. <\/li>\n\n\n\n<li><strong>Tehases suletud ja l\u00e4mmastikuga loputatud:<\/strong> Iga kott on pakendatud Jaapanis, et s\u00e4ilitada v\u00e4rskus, aroom ja maitse. L\u00e4mmastiku loputamine tagab teie toote optimaalse maitse ning suletud kotid kaitsevad teed niiskuse ja valguse eest. <\/li>\n\n\n\n<li><strong>Kaubam\u00e4rgita, teie sildi jaoks valmis:<\/strong> Tarnime iga koti ilma kaubam\u00e4rgita, andes teile t\u00fchja l\u00f5uendi. Lihtsalt kinnitage oma etikett v\u00f5i pakendielemendid ja hakake teed oma nime all turustama. <\/li>\n<\/ul>\n\n<h2 class=\"wp-block-heading\"><strong>Valge sildi protsess: samm-sammult<\/strong><\/h2>\n\n<ol class=\"wp-block-list\">\n<li><strong>Valige oma kogus:<\/strong> Valige meie paindlike tellimisv\u00f5imaluste hulgast. Olenemata sellest, kas olete alles alustamas v\u00f5i laienemas, on meil teie vajadustele vastav hulgisuurus. <\/li>\n\n\n\n<li>Valige <strong>pakend:<\/strong> Doypackid v\u00f5i plekkpurgid, t\u00fchjad v\u00f5i tr\u00fckitud, m\u00e4rgistatud v\u00f5i m\u00e4rgistamata, meil on rida paindlikke valikuid, mis tagavad, et tunnete end oma kaubam\u00e4rgi ja tootega h\u00e4sti.<\/li>\n\n\n\n<li><strong>Alusta m\u00fc\u00fcki:<\/strong> Kui teie br\u00e4nding on paigas, olete valmis esitlema oma klientidele esmaklassilist omam\u00e4rgiga hojichat, muutes selle ainulaadseks.<\/li>\n<\/ol>\n\n<h2 class=\"wp-block-heading\"><strong>Miks teha koost\u00f6\u00f6d Hojicha hulgim\u00fc\u00fcgiga?<\/strong><\/h2>\n\n<ul class=\"wp-block-list\">\n<li><strong>Ekspertide hankimine:<\/strong> Oleme loonud tugevad partnerlussuhted Jaapani kogenud teekasvatajate ja -tootjatega, tagades \u00fchtlase kvaliteedi ja tarne.<\/li>\n\n\n\n<li><strong>Lihtne integreerimine:<\/strong> Meie valge sildiga lahendused on loodud lihtsust silmas pidades. Ei mingeid keerulisi protsesse \u2013 lisage lihtsalt oma br\u00e4ndi elemendid ja alustage m\u00fc\u00fcki. <\/li>\n\n\n\n<li><strong>Spetsiaalne tugi:<\/strong> Meie klienditeenindusmeeskond on siin, et aidata teid igal sammul, alates esialgsetest tellimusp\u00e4ringutest kuni m\u00fc\u00fcgij\u00e4rgse toeni.<\/li>\n<\/ul>\n\n<h2 class=\"wp-block-heading\"><strong>Kas olete valmis alustama?<\/strong><\/h2>\n\n<p>V\u00f5tke meiega \u00fchendust juba t\u00e4na, et k\u00fcsida hinnapakkumist, saada lisateavet meie hinnatasemete kohta ja alustada valge sildi protsessi. Aitame teil hea meelega alustada! <\/p>\n<div class=\"forminator-ui forminator-custom-form forminator-custom-form-1365 forminator-design--flat  forminator_ajax\" data-forminator-render=\"0\" data-form=\"forminator-module-1365\" data-uid=\"69d45296b2028\"><br\/><\/div><form\n\t\t\t\tid=\"forminator-module-1365\"\n\t\t\t\tclass=\"forminator-ui forminator-custom-form forminator-custom-form-1365 forminator-design--flat  forminator_ajax\"\n\t\t\t\tmethod=\"post\"\n\t\t\t\tdata-forminator-render=\"0\"\n\t\t\t\tdata-form-id=\"1365\"\n\t\t\t\t data-color-option=\"default\" data-design=\"flat\" data-grid=\"open\" style=\"display: none;\"\n\t\t\t\tdata-uid=\"69d45296b2028\"\n\t\t\t><div role=\"alert\" aria-live=\"polite\" class=\"forminator-response-message forminator-error\" aria-hidden=\"true\"><\/div><div class=\"forminator-row\"><div id=\"name-1\" class=\"forminator-field-name forminator-col forminator-col-6 \"><div class=\"forminator-field\"><input type=\"text\" name=\"name-1\" value=\"\" placeholder=\"First Name\" id=\"forminator-field-name-1_69d45296b2028\" class=\"forminator-input forminator-name--field\" aria-required=\"true\" autocomplete=\"name\" \/><\/div><\/div><div id=\"name-2\" class=\"forminator-field-name forminator-col forminator-col-6 \"><div class=\"forminator-field\"><input type=\"text\" name=\"name-2\" value=\"\" placeholder=\"Last Name\" id=\"forminator-field-name-2_69d45296b2028\" class=\"forminator-input forminator-name--field\" aria-required=\"true\" autocomplete=\"name\" \/><\/div><\/div><\/div><div class=\"forminator-row\"><div id=\"email-1\" class=\"forminator-field-email forminator-col forminator-col-12 \"><div class=\"forminator-field\"><input type=\"email\" name=\"email-1\" value=\"\" placeholder=\"Email\" id=\"forminator-field-email-1_69d45296b2028\" class=\"forminator-input forminator-email--field\" data-required=\"true\" aria-required=\"true\" autocomplete=\"email\" \/><\/div><\/div><\/div><div class=\"forminator-row\"><div id=\"phone-1\" class=\"forminator-field-phone forminator-col forminator-col-12 \"><div class=\"forminator-field\"><input type=\"text\" name=\"phone-1\" value=\"\" placeholder=\"Phone\" id=\"forminator-field-phone-1_69d45296b2028\" class=\"forminator-input forminator-field--phone\" data-required=\"\" aria-required=\"false\" autocomplete=\"off\" \/><\/div><\/div><\/div><div class=\"forminator-row\"><div id=\"textarea-1\" class=\"forminator-field-textarea forminator-col forminator-col-12 \"><div class=\"forminator-field\"><textarea name=\"textarea-1\" placeholder=\"Message\" id=\"forminator-field-textarea-1_69d45296b2028\" class=\"forminator-textarea\" rows=\"6\" style=\"min-height:140px;\" ><\/textarea><span id=\"forminator-field-textarea-1_69d45296b2028-description\" class=\"forminator-description\"><span data-limit=\"300\" data-type=\"words\" data-editor=\"\">0 \/ 300<\/span><\/span><\/div><\/div><\/div><div class=\"forminator-row\"><\/div><input type=\"hidden\" name=\"referer_url\" value=\"\" \/><div class=\"forminator-row forminator-row-last\"><div class=\"forminator-col\"><div class=\"forminator-field\"><button class=\"forminator-button forminator-button-submit\">Send<\/button><\/div><\/div><\/div><input type=\"hidden\" id=\"forminator_nonce\" name=\"forminator_nonce\" value=\"0b51ba8eba\" \/><input type=\"hidden\" name=\"_wp_http_referer\" value=\"\/et\/wp-json\/wp\/v2\/pages\/9105\" \/><input type=\"hidden\" name=\"form_id\" value=\"1365\"><input type=\"hidden\" name=\"page_id\" value=\"9105\"><input type=\"hidden\" name=\"form_type\" value=\"default\"><input type=\"hidden\" name=\"current_url\" value=\"https:\/\/hojichawholesale.eu\/et\/valge-silt-hojicha\/\"><input type=\"hidden\" name=\"render_id\" value=\"0\"><input type=\"hidden\" name=\"action\" value=\"forminator_submit_form_custom-forms\"><label for=\"input_6\" class=\"forminator-hidden\" aria-hidden=\"true\">Please do not fill in this field. <input id=\"input_6\" type=\"text\" name=\"input_6\" value=\"\" autocomplete=\"off\"><\/label><\/form>\n","protected":false},"excerpt":{"rendered":"<p>Valge silt Hojicha Kas soovite luua oma hojicha kaubam\u00e4rgi? Oleme teinud teile lihtsaks esmaklassilise hojichat pakkumise, mis on hangitud otse meie partneritelt Jaapanis teie enda sildi all. Miks oma hojichat valgeks sildistada? Valge sildi protsess: samm-sammult Miks teha koost\u00f6\u00f6d Hojicha hulgim\u00fc\u00fcgiga? Kas olete valmis alustama? V\u00f5tke meiega \u00fchendust juba t\u00e4na, et k\u00fcsida hinnapakkumist, saada lisateavet [&hellip;]<\/p>\n","protected":false},"author":1,"featured_media":9109,"parent":0,"menu_order":0,"comment_status":"closed","ping_status":"closed","template":"","meta":{"_surecart_dashboard_logo_width":"180px","_surecart_dashboard_show_logo":true,"_surecart_dashboard_navigation_orders":true,"_surecart_dashboard_navigation_invoices":true,"_surecart_dashboard_navigation_subscriptions":true,"_surecart_dashboard_navigation_downloads":true,"_surecart_dashboard_navigation_billing":true,"_surecart_dashboard_navigation_account":true,"footnotes":""},"class_list":["post-9105","page","type-page","status-publish","has-post-thumbnail","hentry","entry","has-media"],"mb":[],"mfb_rest_fields":["title","gutenberg_elementor_mode"],"_links":{"self":[{"href":"https:\/\/hojichawholesale.eu\/et\/wp-json\/wp\/v2\/pages\/9105","targetHints":{"allow":["GET"]}}],"collection":[{"href":"https:\/\/hojichawholesale.eu\/et\/wp-json\/wp\/v2\/pages"}],"about":[{"href":"https:\/\/hojichawholesale.eu\/et\/wp-json\/wp\/v2\/types\/page"}],"author":[{"embeddable":true,"href":"https:\/\/hojichawholesale.eu\/et\/wp-json\/wp\/v2\/users\/1"}],"replies":[{"embeddable":true,"href":"https:\/\/hojichawholesale.eu\/et\/wp-json\/wp\/v2\/comments?post=9105"}],"version-history":[{"count":0,"href":"https:\/\/hojichawholesale.eu\/et\/wp-json\/wp\/v2\/pages\/9105\/revisions"}],"wp:featuredmedia":[{"embeddable":true,"href":"https:\/\/hojichawholesale.eu\/et\/wp-json\/wp\/v2\/media\/9109"}],"wp:attachment":[{"href":"https:\/\/hojichawholesale.eu\/et\/wp-json\/wp\/v2\/media?parent=9105"}],"curies":[{"name":"wp","href":"https:\/\/api.w.org\/{rel}","templated":true}]}}