{"id":9051,"date":"2024-10-12T14:14:16","date_gmt":"2024-10-12T14:14:16","guid":{"rendered":"https:\/\/hojichawholesale.eu\/hojicha-tume-rostitud-pulber-hulgimuuk\/"},"modified":"2025-12-10T19:01:37","modified_gmt":"2025-12-10T19:01:37","slug":"hojicha-tume-rostitud-pulber-hulgimuuk","status":"publish","type":"page","link":"https:\/\/hojichawholesale.eu\/et\/hojicha-tume-rostitud-pulber-hulgimuuk\/","title":{"rendered":"Hojicha tume r\u00f6stitud pulber (hulgim\u00fc\u00fck)"},"content":{"rendered":"\n<h1 class=\"wp-block-heading\">Hojicha tume r\u00f6stitud pulber (hulgim\u00fc\u00fck)<\/h1>\n\n<p><strong>Hojicha Dark Roast<\/strong> <strong>pulber <\/strong>annab s\u00fcgava ja intensiivse r\u00f6stitud maitse, mis sobib ideaalselt neile, kes otsivad j\u00f5ulisemat ja t\u00e4idlasemat teekogemust.<\/p>\n<div class=\"wp-block-image\">\n<figure class=\"aligncenter size-full is-resized\"><img fetchpriority=\"high\" decoding=\"async\" width=\"1000\" height=\"1000\" src=\"https:\/\/hojichawholesale.eu\/wp-content\/uploads\/2025\/01\/hojicha-dark-powder-both.webp\" alt=\"Hojicha tumeda pulbri ja lahustunud hojicha tumeda pulbri v&#xF5;rdlus\" class=\"wp-image-7396\" style=\"width:323px;height:auto\" srcset=\"https:\/\/hojichawholesale.eu\/wp-content\/uploads\/2025\/01\/hojicha-dark-powder-both.webp 1000w, https:\/\/hojichawholesale.eu\/wp-content\/uploads\/2025\/01\/hojicha-dark-powder-both-300x300.webp 300w, https:\/\/hojichawholesale.eu\/wp-content\/uploads\/2025\/01\/hojicha-dark-powder-both-150x150.webp 150w, https:\/\/hojichawholesale.eu\/wp-content\/uploads\/2025\/01\/hojicha-dark-powder-both-768x768.webp 768w, https:\/\/hojichawholesale.eu\/wp-content\/uploads\/2025\/01\/hojicha-dark-powder-both-600x600.webp 600w\" sizes=\"(max-width: 1000px) 100vw, 1000px\" \/><\/figure>\n<\/div>\n<hr class=\"wp-block-separator has-alpha-channel-opacity\"\/>\n\n<h2 class=\"wp-block-heading\">Toote esilet\u00f5stmised<\/h2>\n\n<ul class=\"wp-block-list\">\n<li><strong>T\u00fc\u00fcp<\/strong>: R\u00f6stitud roheline tee (Hojicha)<\/li>\n\n\n\n<li><strong>Vorm<\/strong>: pulber<\/li>\n\n\n\n<li><strong>P\u00e4ritolu<\/strong>: Shizuoka, Jaapan<\/li>\n\n\n\n<li><strong>R\u00f6stimise tase<\/strong>: tume<\/li>\n\n\n\n<li><strong>Saagikoristushooaeg<\/strong>: kevad\/suvi<\/li>\n\n\n\n<li><strong>T\u00f6\u00f6tlemine<\/strong>: S\u00fcgavalt r\u00f6stitud (300 \u00b0C) portselanis, et luua julge suitsune aroom.<\/li>\n\n\n\n<li><strong>Maitseprofiil<\/strong>: Suitsune, rikkalik ja kergelt magus julge karamelli alatooniga.<\/li>\n\n\n\n<li><strong>Kofeiin<\/strong>: V\u00e4ga madal<\/li>\n\n\n\n<li><strong>Pakend<\/strong>: saadaval 1 kg kottides. \u00dcmberpakkimine on saadaval teie soovil.   <\/li>\n<\/ul>\n\n<hr class=\"wp-block-separator has-alpha-channel-opacity\"\/>\n\n<h2 class=\"wp-block-heading\">Tumeda r\u00f6sti Hojicha eelised<\/h2>\n\n<ul class=\"wp-block-list\">\n<li><strong>Rikkalik maitse<\/strong>: S\u00fcgav r\u00f6stimine toob esile intensiivsed suitsused noodid, mis sobivad h\u00e4sti magustoitudega v\u00f5i eraldiseisva teena.<\/li>\n\n\n\n<li><strong>Madal kofeiinisisaldus<\/strong>: Nautige igal kellaajal ilma n\u00e4rvilisuseta.<\/li>\n\n\n\n<li><strong>Soe ja lohutav<\/strong>: Tume r\u00f6st pakub maandavat ja rahustavat kogemust, mis sobib ideaalselt k\u00fclmemateks kuudeks.<\/li>\n<\/ul>\n\n<div class=\"wp-block-columns is-layout-flex wp-container-core-columns-is-layout-28f84493 wp-block-columns-is-layout-flex\">\n<div class=\"wp-block-column is-layout-flow wp-block-column-is-layout-flow\"><div class=\"wp-block-image\">\n<figure class=\"aligncenter size-full is-resized\"><img decoding=\"async\" width=\"1000\" height=\"1000\" src=\"https:\/\/hojichawholesale.eu\/wp-content\/uploads\/2025\/01\/hojicha-dark-powder.webp\" alt=\"Hojicha tume r&#xF6;stitud pulber\" class=\"wp-image-7420\" style=\"width:306px;height:auto\" srcset=\"https:\/\/hojichawholesale.eu\/wp-content\/uploads\/2025\/01\/hojicha-dark-powder.webp 1000w, https:\/\/hojichawholesale.eu\/wp-content\/uploads\/2025\/01\/hojicha-dark-powder-300x300.webp 300w, https:\/\/hojichawholesale.eu\/wp-content\/uploads\/2025\/01\/hojicha-dark-powder-150x150.webp 150w, https:\/\/hojichawholesale.eu\/wp-content\/uploads\/2025\/01\/hojicha-dark-powder-768x768.webp 768w, https:\/\/hojichawholesale.eu\/wp-content\/uploads\/2025\/01\/hojicha-dark-powder-600x600.webp 600w\" sizes=\"(max-width: 1000px) 100vw, 1000px\" \/><\/figure>\n<\/div><\/div>\n\n\n\n<div class=\"wp-block-column is-layout-flow wp-block-column-is-layout-flow\"><div class=\"wp-block-image\">\n<figure class=\"aligncenter size-large is-resized\"><img decoding=\"async\" width=\"1024\" height=\"1024\" src=\"https:\/\/hojichawholesale.eu\/wp-content\/uploads\/2025\/01\/hojicha-dark-powder-infused-1024x1024.webp\" alt=\"Hojicha tumeda r&#xF6;sti pulber infundeeritud\" class=\"wp-image-7408\" style=\"width:302px;height:auto\" srcset=\"https:\/\/hojichawholesale.eu\/wp-content\/uploads\/2025\/01\/hojicha-dark-powder-infused-1024x1024.webp 1024w, https:\/\/hojichawholesale.eu\/wp-content\/uploads\/2025\/01\/hojicha-dark-powder-infused-300x300.webp 300w, https:\/\/hojichawholesale.eu\/wp-content\/uploads\/2025\/01\/hojicha-dark-powder-infused-150x150.webp 150w, https:\/\/hojichawholesale.eu\/wp-content\/uploads\/2025\/01\/hojicha-dark-powder-infused-768x768.webp 768w, https:\/\/hojichawholesale.eu\/wp-content\/uploads\/2025\/01\/hojicha-dark-powder-infused-1536x1536.webp 1536w, https:\/\/hojichawholesale.eu\/wp-content\/uploads\/2025\/01\/hojicha-dark-powder-infused-600x600.webp 600w, https:\/\/hojichawholesale.eu\/wp-content\/uploads\/2025\/01\/hojicha-dark-powder-infused.webp 2000w\" sizes=\"(max-width: 1024px) 100vw, 1024px\" \/><\/figure>\n<\/div><\/div>\n<\/div>\n\n<hr class=\"wp-block-separator has-alpha-channel-opacity\"\/>\n\n<h2 class=\"wp-block-heading\">Hulgim\u00fc\u00fcgi teave<\/h2>\n\n<ul class=\"wp-block-list\">\n<li><strong>Minimaalne tellimiskogus (MOQ):<\/strong> 5 kotti 100 grammi.<\/li>\n\n\n\n<li><strong>Hulgihinnakujundus<\/strong>: tellimuse suurusel p\u00f5hinevate erihindade saamiseks v\u00f5tke meiega \u00fchendust allpool.<\/li>\n\n\n\n<li><strong>K\u00f5lblikkusaeg<\/strong>: Hojicha s\u00e4ilib avamata kuni kaks aastat ja s\u00e4ilitatakse temperatuuril 5\u00b0C \u2013 10\u00b0C.<\/li>\n\n\n\n<li><strong>Saatmine<\/strong>: Saadame k\u00f5ikjal Euroopas, Islandist Istanbulini, paindlike saatmisv\u00f5imalustega, sealhulgas kiirtellimuste kiirtarnega.<\/li>\n<\/ul>\n\n<hr class=\"wp-block-separator has-alpha-channel-opacity\"\/>\n\n<h2 class=\"wp-block-heading\">Kuidas pruulida<\/h2>\n\n<ol class=\"wp-block-list\">\n<li><strong>Tee kogus<\/strong>: 8g teed 500ml vee kohta<\/li>\n\n\n\n<li><strong>Vee temperatuur<\/strong>: 80 \u00b0C  <\/li>\n\n\n\n<li><strong>Leotamisaeg<\/strong>: 2-3 minutit tugeva ja rikkaliku t\u00f5mmise jaoks<\/li>\n<\/ol>\n\n<hr class=\"wp-block-separator has-alpha-channel-opacity\"\/>\n\n<h2 class=\"wp-block-heading\">Ideaalne<\/h2>\n\n<ul class=\"wp-block-list\">\n<li>Tipptasemel teepoed, kohvikud ja restoranid, mis soovivad pakkuda oma klientidele esmaklassilist tumeda r\u00f6sti v\u00f5imalust.  <\/li>\n\n\n\n<li>Kliendid, kes otsivad kohvile julget ja madala kofeiinisisaldusega alternatiivi.<\/li>\n\n\n\n<li>Signatuursete teesegude loomine v\u00f5i kulinaarsete retseptide koostisosana.<\/li>\n<\/ul>\n\n<h2 class=\"wp-block-heading\">K\u00fcsi proovi juba t\u00e4na<\/h2>\n\n<p>Kas olete uudishimulik meie esmaklassilise hojicha rikkalike r\u00f6stitud maitsete vastu?  <\/p>\n\n<p>Lihtsalt t\u00e4itke allpool oma andmed ja me saadame teile n\u00e4idise. Andke meile teada, kui teil on konkreetseid soove ja me kohandame hea meelega oma pakkumist vastavalt teie ettev\u00f5tte vajadustele. <\/p>\n<div class=\"forminator-ui forminator-custom-form forminator-custom-form-1365 forminator-design--flat  forminator_ajax\" data-forminator-render=\"0\" data-form=\"forminator-module-1365\" data-uid=\"69de35437707c\"><br\/><\/div><form\n\t\t\t\tid=\"forminator-module-1365\"\n\t\t\t\tclass=\"forminator-ui forminator-custom-form forminator-custom-form-1365 forminator-design--flat  forminator_ajax\"\n\t\t\t\tmethod=\"post\"\n\t\t\t\tdata-forminator-render=\"0\"\n\t\t\t\tdata-form-id=\"1365\"\n\t\t\t\t data-color-option=\"default\" data-design=\"flat\" data-grid=\"open\" style=\"display: none;\"\n\t\t\t\tdata-uid=\"69de35437707c\"\n\t\t\t><div role=\"alert\" aria-live=\"polite\" class=\"forminator-response-message forminator-error\" aria-hidden=\"true\"><\/div><div class=\"forminator-row\"><div id=\"name-1\" class=\"forminator-field-name forminator-col forminator-col-6 \"><div class=\"forminator-field\"><input type=\"text\" name=\"name-1\" value=\"\" placeholder=\"First Name\" id=\"forminator-field-name-1_69de35437707c\" class=\"forminator-input forminator-name--field\" aria-required=\"true\" autocomplete=\"name\" \/><\/div><\/div><div id=\"name-2\" class=\"forminator-field-name forminator-col forminator-col-6 \"><div class=\"forminator-field\"><input type=\"text\" name=\"name-2\" value=\"\" placeholder=\"Last Name\" id=\"forminator-field-name-2_69de35437707c\" class=\"forminator-input forminator-name--field\" aria-required=\"true\" autocomplete=\"name\" \/><\/div><\/div><\/div><div class=\"forminator-row\"><div id=\"email-1\" class=\"forminator-field-email forminator-col forminator-col-12 \"><div class=\"forminator-field\"><input type=\"email\" name=\"email-1\" value=\"\" placeholder=\"Email\" id=\"forminator-field-email-1_69de35437707c\" class=\"forminator-input forminator-email--field\" data-required=\"true\" aria-required=\"true\" autocomplete=\"email\" \/><\/div><\/div><\/div><div class=\"forminator-row\"><div id=\"phone-1\" class=\"forminator-field-phone forminator-col forminator-col-12 \"><div class=\"forminator-field\"><input type=\"text\" name=\"phone-1\" value=\"\" placeholder=\"Phone\" id=\"forminator-field-phone-1_69de35437707c\" class=\"forminator-input forminator-field--phone\" data-required=\"\" aria-required=\"false\" autocomplete=\"off\" \/><\/div><\/div><\/div><div class=\"forminator-row\"><div id=\"textarea-1\" class=\"forminator-field-textarea forminator-col forminator-col-12 \"><div class=\"forminator-field\"><textarea name=\"textarea-1\" placeholder=\"Message\" id=\"forminator-field-textarea-1_69de35437707c\" class=\"forminator-textarea\" rows=\"6\" style=\"min-height:140px;\" ><\/textarea><span id=\"forminator-field-textarea-1_69de35437707c-description\" class=\"forminator-description\"><span data-limit=\"300\" data-type=\"words\" data-editor=\"\">0 \/ 300<\/span><\/span><\/div><\/div><\/div><div class=\"forminator-row\"><\/div><input type=\"hidden\" name=\"referer_url\" value=\"\" \/><div class=\"forminator-row forminator-row-last\"><div class=\"forminator-col\"><div class=\"forminator-field\"><button class=\"forminator-button forminator-button-submit\">Send<\/button><\/div><\/div><\/div><input type=\"hidden\" id=\"forminator_nonce\" name=\"forminator_nonce\" value=\"a647953a3f\" \/><input type=\"hidden\" name=\"_wp_http_referer\" value=\"\/et\/wp-json\/wp\/v2\/pages\/9051\" \/><input type=\"hidden\" name=\"form_id\" value=\"1365\"><input type=\"hidden\" name=\"page_id\" value=\"9051\"><input type=\"hidden\" name=\"form_type\" value=\"default\"><input type=\"hidden\" name=\"current_url\" value=\"https:\/\/hojichawholesale.eu\/et\/hojicha-tume-rostitud-pulber-hulgimuuk\/\"><input type=\"hidden\" name=\"render_id\" value=\"0\"><input type=\"hidden\" name=\"action\" value=\"forminator_submit_form_custom-forms\"><label for=\"input_6\" class=\"forminator-hidden\" aria-hidden=\"true\">Please do not fill in this field. <input id=\"input_6\" type=\"text\" name=\"input_6\" value=\"\" autocomplete=\"off\"><\/label><\/form>\n","protected":false},"excerpt":{"rendered":"<p>Hojicha tume r\u00f6stitud pulber (hulgim\u00fc\u00fck) Hojicha Dark Roast pulber annab s\u00fcgava ja intensiivse r\u00f6stitud maitse, mis sobib ideaalselt neile, kes otsivad j\u00f5ulisemat ja t\u00e4idlasemat teekogemust. Toote esilet\u00f5stmised Tumeda r\u00f6sti Hojicha eelised Hulgim\u00fc\u00fcgi teave Kuidas pruulida Ideaalne K\u00fcsi proovi juba t\u00e4na Kas olete uudishimulik meie esmaklassilise hojicha rikkalike r\u00f6stitud maitsete vastu? Lihtsalt t\u00e4itke allpool oma andmed [&hellip;]<\/p>\n","protected":false},"author":1,"featured_media":9058,"parent":0,"menu_order":0,"comment_status":"closed","ping_status":"closed","template":"","meta":{"_surecart_dashboard_logo_width":"180px","_surecart_dashboard_show_logo":true,"_surecart_dashboard_navigation_orders":true,"_surecart_dashboard_navigation_invoices":true,"_surecart_dashboard_navigation_subscriptions":true,"_surecart_dashboard_navigation_downloads":true,"_surecart_dashboard_navigation_billing":true,"_surecart_dashboard_navigation_account":true,"footnotes":""},"class_list":["post-9051","page","type-page","status-publish","has-post-thumbnail","hentry","entry","has-media"],"mb":[],"mfb_rest_fields":["title","gutenberg_elementor_mode"],"_links":{"self":[{"href":"https:\/\/hojichawholesale.eu\/et\/wp-json\/wp\/v2\/pages\/9051","targetHints":{"allow":["GET"]}}],"collection":[{"href":"https:\/\/hojichawholesale.eu\/et\/wp-json\/wp\/v2\/pages"}],"about":[{"href":"https:\/\/hojichawholesale.eu\/et\/wp-json\/wp\/v2\/types\/page"}],"author":[{"embeddable":true,"href":"https:\/\/hojichawholesale.eu\/et\/wp-json\/wp\/v2\/users\/1"}],"replies":[{"embeddable":true,"href":"https:\/\/hojichawholesale.eu\/et\/wp-json\/wp\/v2\/comments?post=9051"}],"version-history":[{"count":0,"href":"https:\/\/hojichawholesale.eu\/et\/wp-json\/wp\/v2\/pages\/9051\/revisions"}],"wp:featuredmedia":[{"embeddable":true,"href":"https:\/\/hojichawholesale.eu\/et\/wp-json\/wp\/v2\/media\/9058"}],"wp:attachment":[{"href":"https:\/\/hojichawholesale.eu\/et\/wp-json\/wp\/v2\/media?parent=9051"}],"curies":[{"name":"wp","href":"https:\/\/api.w.org\/{rel}","templated":true}]}}