{"id":9050,"date":"2024-10-12T14:29:39","date_gmt":"2024-10-12T14:29:39","guid":{"rendered":"https:\/\/hojichawholesale.eu\/hojicha-lehtedes-hulgimuuk\/"},"modified":"2025-10-26T16:44:14","modified_gmt":"2025-10-26T16:44:14","slug":"hojicha-lehtedes-hulgimuuk","status":"publish","type":"page","link":"https:\/\/hojichawholesale.eu\/et\/hojicha-lehtedes-hulgimuuk\/","title":{"rendered":"Hojicha lehtedes (hulgim\u00fc\u00fck)"},"content":{"rendered":"\n<h1 class=\"wp-block-heading\">Hojicha lehtedes (hulgim\u00fc\u00fck)<\/h1>\n\n<p>Hojicha on esmaklassiline r\u00f6stitud Jaapani roheline tee, mis pakub pehmet ja suitsust maitset. Meie hojicha on hangitud ja otse pakendatud Jaapani teefarmidest, tagades k\u00f5rge kvaliteedi, v\u00e4rskuse ja autentse r\u00f6stitud maitse. <\/p>\n<div class=\"wp-block-image\">\n<figure class=\"aligncenter size-full is-resized\"><img fetchpriority=\"high\" decoding=\"async\" width=\"1000\" height=\"1000\" src=\"https:\/\/hojichawholesale.eu\/wp-content\/uploads\/2025\/01\/Hojicha-dark-leaf-both.webp\" alt=\"Hojicha tumeda r&#xF6;sti v&#xF5;rdlus lehtedes VS hojicha tume r&#xF6;st infundeeritud lehtedes\" class=\"wp-image-7434\" style=\"width:365px;height:auto\" srcset=\"https:\/\/hojichawholesale.eu\/wp-content\/uploads\/2025\/01\/Hojicha-dark-leaf-both.webp 1000w, https:\/\/hojichawholesale.eu\/wp-content\/uploads\/2025\/01\/Hojicha-dark-leaf-both-300x300.webp 300w, https:\/\/hojichawholesale.eu\/wp-content\/uploads\/2025\/01\/Hojicha-dark-leaf-both-150x150.webp 150w, https:\/\/hojichawholesale.eu\/wp-content\/uploads\/2025\/01\/Hojicha-dark-leaf-both-768x768.webp 768w, https:\/\/hojichawholesale.eu\/wp-content\/uploads\/2025\/01\/Hojicha-dark-leaf-both-600x600.webp 600w\" sizes=\"(max-width: 1000px) 100vw, 1000px\" \/><\/figure>\n<\/div>\n<hr class=\"wp-block-separator has-alpha-channel-opacity\"\/>\n\n<h2 class=\"wp-block-heading\">Toote esilet\u00f5stmised<\/h2>\n\n<ul class=\"wp-block-list\">\n<li><strong>T\u00fc\u00fcp<\/strong>: R\u00f6stitud roheline tee (Hojicha)<\/li>\n\n\n\n<li><strong>P\u00e4ritolu<\/strong>: Shizuoka, Jaapan<\/li>\n\n\n\n<li><strong>Vorm<\/strong>: lehed<\/li>\n\n\n\n<li><strong>R\u00f6stimise tase<\/strong>: keskmine<\/li>\n\n\n\n<li><strong>Saagikoristushooaeg<\/strong>: kevad\/suvi<\/li>\n\n\n\n<li><strong>T\u00f6\u00f6tlemine<\/strong>: R\u00f6stitud rohelise tee lehed portselanis.  <\/li>\n\n\n\n<li><strong>Maitseprofiil<\/strong>: Sile, r\u00f6stitud, magusa karamelli ja p\u00e4hklise alatooniga<\/li>\n\n\n\n<li><strong>Kofeiin<\/strong>: Madal<\/li>\n\n\n\n<li><strong>Pakend<\/strong>: Saadaval 500g doypackides (taassuletavad kotid). M\u00e4rgistamata. <\/li>\n<\/ul>\n\n<hr class=\"wp-block-separator has-alpha-channel-opacity\"\/>\n\n<h2 class=\"wp-block-heading\">Hojicha pulbri eelised<\/h2>\n\n<ul class=\"wp-block-list\">\n<li><strong>Rikkalik maitse<\/strong>: Intensiivne r\u00f6stitud maitse kuumas vees infundeerimiseks.<\/li>\n\n\n\n<li><strong>Madal kofeiinisisaldus<\/strong>: Ideaalne nautimiseks kogu p\u00e4eva jooksul, isegi \u00f5htul.<\/li>\n\n\n\n<li><strong>Mitmek\u00fclgne<\/strong>: ideaalne hommikuks, keskp\u00e4evaks, p\u00e4rastl\u00f5unaks ja \u00f5htuks.  <\/li>\n<\/ul>\n\n<hr class=\"wp-block-separator has-alpha-channel-opacity\"\/>\n\n<h2 class=\"wp-block-heading\">Hulgim\u00fc\u00fcgi teave<\/h2>\n\n<ul class=\"wp-block-list\">\n<li><strong>Minimaalne tellimiskogus (MOQ):<\/strong> 500g (1 x 500g kott)<\/li>\n\n\n\n<li><strong>Hulgihinnakujundus<\/strong>: erihindade saamiseks v\u00f5tke \u00fchendust.  <\/li>\n\n\n\n<li><strong>S\u00e4ilitamine<\/strong>: Hoida jahedas ja kuivas keskkonnas.  <\/li>\n\n\n\n<li><strong>K\u00f5lblikkusaeg<\/strong>: Hojicha s\u00e4ilib avamata kuni kaks aastat ja s\u00e4ilitatakse temperatuuril 5\u00b0C \u2013 10\u00b0C.<\/li>\n\n\n\n<li><strong>Saatmine<\/strong>: Tarnime Euroopa mandril paindlike saatmisv\u00f5imalustega, sealhulgas kiirtarnega kiireloomuliste tellimuste korral.<\/li>\n<\/ul>\n\n<div class=\"wp-block-columns is-layout-flex wp-container-core-columns-is-layout-28f84493 wp-block-columns-is-layout-flex\">\n<div class=\"wp-block-column is-layout-flow wp-block-column-is-layout-flow\"><div class=\"wp-block-image\">\n<figure class=\"aligncenter size-full is-resized\"><img decoding=\"async\" width=\"1000\" height=\"1000\" src=\"https:\/\/hojichawholesale.eu\/wp-content\/uploads\/2025\/01\/Hojicha-dark-leaf.webp\" alt=\"\" class=\"wp-image-7458\" style=\"width:311px;height:auto\" srcset=\"https:\/\/hojichawholesale.eu\/wp-content\/uploads\/2025\/01\/Hojicha-dark-leaf.webp 1000w, https:\/\/hojichawholesale.eu\/wp-content\/uploads\/2025\/01\/Hojicha-dark-leaf-300x300.webp 300w, https:\/\/hojichawholesale.eu\/wp-content\/uploads\/2025\/01\/Hojicha-dark-leaf-150x150.webp 150w, https:\/\/hojichawholesale.eu\/wp-content\/uploads\/2025\/01\/Hojicha-dark-leaf-768x768.webp 768w, https:\/\/hojichawholesale.eu\/wp-content\/uploads\/2025\/01\/Hojicha-dark-leaf-600x600.webp 600w\" sizes=\"(max-width: 1000px) 100vw, 1000px\" \/><\/figure>\n<\/div><\/div>\n\n\n\n<div class=\"wp-block-column is-layout-flow wp-block-column-is-layout-flow\"><div class=\"wp-block-image\">\n<figure class=\"aligncenter size-large is-resized\"><img decoding=\"async\" width=\"1024\" height=\"1024\" src=\"https:\/\/hojichawholesale.eu\/wp-content\/uploads\/2025\/01\/Hojicha-dark-leaf-infused-1024x1024.webp\" alt=\"\" class=\"wp-image-7446\" style=\"width:313px;height:auto\" srcset=\"https:\/\/hojichawholesale.eu\/wp-content\/uploads\/2025\/01\/Hojicha-dark-leaf-infused-1024x1024.webp 1024w, https:\/\/hojichawholesale.eu\/wp-content\/uploads\/2025\/01\/Hojicha-dark-leaf-infused-300x300.webp 300w, https:\/\/hojichawholesale.eu\/wp-content\/uploads\/2025\/01\/Hojicha-dark-leaf-infused-150x150.webp 150w, https:\/\/hojichawholesale.eu\/wp-content\/uploads\/2025\/01\/Hojicha-dark-leaf-infused-768x768.webp 768w, https:\/\/hojichawholesale.eu\/wp-content\/uploads\/2025\/01\/Hojicha-dark-leaf-infused-1536x1536.webp 1536w, https:\/\/hojichawholesale.eu\/wp-content\/uploads\/2025\/01\/Hojicha-dark-leaf-infused-600x600.webp 600w, https:\/\/hojichawholesale.eu\/wp-content\/uploads\/2025\/01\/Hojicha-dark-leaf-infused.webp 2000w\" sizes=\"(max-width: 1024px) 100vw, 1024px\" \/><\/figure>\n<\/div><\/div>\n<\/div>\n\n<hr class=\"wp-block-separator has-alpha-channel-opacity\"\/>\n\n<h2 class=\"wp-block-heading\">Kuidas kasutada Hojicha pulbrit<\/h2>\n\n<ul class=\"wp-block-list\">\n<li><strong>Hojicha<\/strong>: Segage 2 tl Hojichat 200 ml kuuma veega.<\/li>\n<\/ul>\n\n<hr class=\"wp-block-separator has-alpha-channel-opacity\"\/>\n\n<h2 class=\"wp-block-heading\">Ideaalne<\/h2>\n\n<ul class=\"wp-block-list\">\n<li>Kohvikud ja teepoed, kes soovivad oma men\u00fc\u00fcsse lisada r\u00f6stitud rohelise tee jooke nagu Hojicha.<\/li>\n\n\n\n<li>Terviseteadlikud kliendid, kes eelistavad madala kofeiinisisaldusega tee alternatiivi.<\/li>\n<\/ul>\n\n<h2 class=\"wp-block-heading\">K\u00fcsi proovi juba t\u00e4na<\/h2>\n\n<p>Kas olete uudishimulik meie esmaklassilise hojicha rikkalike r\u00f6stitud maitsete vastu?  <\/p>\n\n<p>Lihtsalt t\u00e4itke allpool oma andmed ja me saadame teile n\u00e4idise. Andke meile teada, kui teil on konkreetseid soove ja me kohandame hea meelega oma pakkumist vastavalt teie ettev\u00f5tte vajadustele. <\/p>\n<div class=\"forminator-ui forminator-custom-form forminator-custom-form-1365 forminator-design--flat  forminator_ajax\" data-forminator-render=\"0\" data-form=\"forminator-module-1365\" data-uid=\"69d5e3b56f67f\"><br\/><\/div><form\n\t\t\t\tid=\"forminator-module-1365\"\n\t\t\t\tclass=\"forminator-ui forminator-custom-form forminator-custom-form-1365 forminator-design--flat  forminator_ajax\"\n\t\t\t\tmethod=\"post\"\n\t\t\t\tdata-forminator-render=\"0\"\n\t\t\t\tdata-form-id=\"1365\"\n\t\t\t\t data-color-option=\"default\" data-design=\"flat\" data-grid=\"open\" style=\"display: none;\"\n\t\t\t\tdata-uid=\"69d5e3b56f67f\"\n\t\t\t><div role=\"alert\" aria-live=\"polite\" class=\"forminator-response-message forminator-error\" aria-hidden=\"true\"><\/div><div class=\"forminator-row\"><div id=\"name-1\" class=\"forminator-field-name forminator-col forminator-col-6 \"><div class=\"forminator-field\"><input type=\"text\" name=\"name-1\" value=\"\" placeholder=\"First Name\" id=\"forminator-field-name-1_69d5e3b56f67f\" class=\"forminator-input forminator-name--field\" aria-required=\"true\" autocomplete=\"name\" \/><\/div><\/div><div id=\"name-2\" class=\"forminator-field-name forminator-col forminator-col-6 \"><div class=\"forminator-field\"><input type=\"text\" name=\"name-2\" value=\"\" placeholder=\"Last Name\" id=\"forminator-field-name-2_69d5e3b56f67f\" class=\"forminator-input forminator-name--field\" aria-required=\"true\" autocomplete=\"name\" \/><\/div><\/div><\/div><div class=\"forminator-row\"><div id=\"email-1\" class=\"forminator-field-email forminator-col forminator-col-12 \"><div class=\"forminator-field\"><input type=\"email\" name=\"email-1\" value=\"\" placeholder=\"Email\" id=\"forminator-field-email-1_69d5e3b56f67f\" class=\"forminator-input forminator-email--field\" data-required=\"true\" aria-required=\"true\" autocomplete=\"email\" \/><\/div><\/div><\/div><div class=\"forminator-row\"><div id=\"phone-1\" class=\"forminator-field-phone forminator-col forminator-col-12 \"><div class=\"forminator-field\"><input type=\"text\" name=\"phone-1\" value=\"\" placeholder=\"Phone\" id=\"forminator-field-phone-1_69d5e3b56f67f\" class=\"forminator-input forminator-field--phone\" data-required=\"\" aria-required=\"false\" autocomplete=\"off\" \/><\/div><\/div><\/div><div class=\"forminator-row\"><div id=\"textarea-1\" class=\"forminator-field-textarea forminator-col forminator-col-12 \"><div class=\"forminator-field\"><textarea name=\"textarea-1\" placeholder=\"Message\" id=\"forminator-field-textarea-1_69d5e3b56f67f\" class=\"forminator-textarea\" rows=\"6\" style=\"min-height:140px;\" ><\/textarea><span id=\"forminator-field-textarea-1_69d5e3b56f67f-description\" class=\"forminator-description\"><span data-limit=\"300\" data-type=\"words\" data-editor=\"\">0 \/ 300<\/span><\/span><\/div><\/div><\/div><div class=\"forminator-row\"><\/div><input type=\"hidden\" name=\"referer_url\" value=\"\" \/><div class=\"forminator-row forminator-row-last\"><div class=\"forminator-col\"><div class=\"forminator-field\"><button class=\"forminator-button forminator-button-submit\">Send<\/button><\/div><\/div><\/div><input type=\"hidden\" id=\"forminator_nonce\" name=\"forminator_nonce\" value=\"58eeeb5d3e\" \/><input type=\"hidden\" name=\"_wp_http_referer\" value=\"\/et\/wp-json\/wp\/v2\/pages\/9050\" \/><input type=\"hidden\" name=\"form_id\" value=\"1365\"><input type=\"hidden\" name=\"page_id\" value=\"9050\"><input type=\"hidden\" name=\"form_type\" value=\"default\"><input type=\"hidden\" name=\"current_url\" value=\"https:\/\/hojichawholesale.eu\/et\/hojicha-lehtedes-hulgimuuk\/\"><input type=\"hidden\" name=\"render_id\" value=\"0\"><input type=\"hidden\" name=\"action\" value=\"forminator_submit_form_custom-forms\"><label for=\"input_6\" class=\"forminator-hidden\" aria-hidden=\"true\">Please do not fill in this field. <input id=\"input_6\" type=\"text\" name=\"input_6\" value=\"\" autocomplete=\"off\"><\/label><\/form>\n","protected":false},"excerpt":{"rendered":"<p>Hojicha lehtedes (hulgim\u00fc\u00fck) Hojicha on esmaklassiline r\u00f6stitud Jaapani roheline tee, mis pakub pehmet ja suitsust maitset. Meie hojicha on hangitud ja otse pakendatud Jaapani teefarmidest, tagades k\u00f5rge kvaliteedi, v\u00e4rskuse ja autentse r\u00f6stitud maitse. Toote esilet\u00f5stmised Hojicha pulbri eelised Hulgim\u00fc\u00fcgi teave Kuidas kasutada Hojicha pulbrit Ideaalne K\u00fcsi proovi juba t\u00e4na Kas olete uudishimulik meie esmaklassilise hojicha [&hellip;]<\/p>\n","protected":false},"author":1,"featured_media":9054,"parent":0,"menu_order":0,"comment_status":"closed","ping_status":"closed","template":"","meta":{"_surecart_dashboard_logo_width":"180px","_surecart_dashboard_show_logo":true,"_surecart_dashboard_navigation_orders":true,"_surecart_dashboard_navigation_invoices":true,"_surecart_dashboard_navigation_subscriptions":true,"_surecart_dashboard_navigation_downloads":true,"_surecart_dashboard_navigation_billing":true,"_surecart_dashboard_navigation_account":true,"footnotes":""},"class_list":["post-9050","page","type-page","status-publish","has-post-thumbnail","hentry","entry","has-media"],"mb":[],"mfb_rest_fields":["title","gutenberg_elementor_mode"],"_links":{"self":[{"href":"https:\/\/hojichawholesale.eu\/et\/wp-json\/wp\/v2\/pages\/9050","targetHints":{"allow":["GET"]}}],"collection":[{"href":"https:\/\/hojichawholesale.eu\/et\/wp-json\/wp\/v2\/pages"}],"about":[{"href":"https:\/\/hojichawholesale.eu\/et\/wp-json\/wp\/v2\/types\/page"}],"author":[{"embeddable":true,"href":"https:\/\/hojichawholesale.eu\/et\/wp-json\/wp\/v2\/users\/1"}],"replies":[{"embeddable":true,"href":"https:\/\/hojichawholesale.eu\/et\/wp-json\/wp\/v2\/comments?post=9050"}],"version-history":[{"count":0,"href":"https:\/\/hojichawholesale.eu\/et\/wp-json\/wp\/v2\/pages\/9050\/revisions"}],"wp:featuredmedia":[{"embeddable":true,"href":"https:\/\/hojichawholesale.eu\/et\/wp-json\/wp\/v2\/media\/9054"}],"wp:attachment":[{"href":"https:\/\/hojichawholesale.eu\/et\/wp-json\/wp\/v2\/media?parent=9050"}],"curies":[{"name":"wp","href":"https:\/\/api.w.org\/{rel}","templated":true}]}}