{"id":8891,"date":"2024-10-12T11:39:24","date_gmt":"2024-10-12T11:39:24","guid":{"rendered":"https:\/\/hojichawholesale.eu\/mis-on-hojicha\/"},"modified":"2025-10-26T16:44:01","modified_gmt":"2025-10-26T16:44:01","slug":"mis-on-hojicha","status":"publish","type":"page","link":"https:\/\/hojichawholesale.eu\/et\/mis-on-hojicha\/","title":{"rendered":"Mis on hojicha?"},"content":{"rendered":"\n<h1 class=\"wp-block-heading\">Mis on Hojicha?<\/h1>\n\n<p>Hojicha on Jaapani roheline tee, mis on r\u00f6stitud portselanis temperatuuril 175 \u00b0C kuni 350 \u00b0C.  See r\u00f6stimisprotsess annab sellele iseloomulikud oran\u017eid toonid ning v\u00e4hendab kofeiini ja katehhhiini sisaldust. <\/p>\n\n<p>  &#8220;<em>Hoji<\/em>&#8221; t\u00e4hendab jaapani keeles &#8220;r\u00f6stima&#8221; ja &#8220;<em>cha<\/em>&#8221; t\u00e4hendab teed.<\/p>\n<div class=\"wp-block-image\">\n<figure class=\"aligncenter size-large is-resized\"><img fetchpriority=\"high\" decoding=\"async\" width=\"1024\" height=\"683\" src=\"https:\/\/hojichawholesale.eu\/wp-content\/uploads\/2024\/10\/Depositphotos_502919918_L-1-1024x683.avif\" alt=\"\" class=\"wp-image-5573\" style=\"width:539px;height:auto\" srcset=\"https:\/\/hojichawholesale.eu\/wp-content\/uploads\/2024\/10\/Depositphotos_502919918_L-1-1024x683.avif 1024w, https:\/\/hojichawholesale.eu\/wp-content\/uploads\/2024\/10\/Depositphotos_502919918_L-1-300x200.avif 300w, https:\/\/hojichawholesale.eu\/wp-content\/uploads\/2024\/10\/Depositphotos_502919918_L-1-768x512.avif 768w, https:\/\/hojichawholesale.eu\/wp-content\/uploads\/2024\/10\/Depositphotos_502919918_L-1.avif 1200w\" sizes=\"(max-width: 1024px) 100vw, 1024px\" \/><\/figure>\n<\/div>\n<h2 class=\"wp-block-heading\"><strong>Miks juua Hojichat?<\/strong><\/h2>\n\n<p>Hojicha on traditsiooniline Jaapani jook, mida tarbitakse \u00f6\u00f6sel seedimise h\u00f5lbustamiseks.  <\/p>\n\n<p>Seda v\u00f5ib aga juua igal kellaajal ja aastaringselt.  <\/p>\n\n<p>Vaatamata oma v\u00e4rvile on hojicha roheline tee. See l\u00e4bib protsessi, mida tuntakse shaqinguna, mis on aurusaun, mis peatab koristamisel toimuva loomuliku oks\u00fcdatsiooniprotsessi. <\/p>\n\n<p>Selle tulemusena s\u00e4ilitab hojicha paljud rohelise tee eelised, nagu l\u00f5\u00f5gastumise soodustamine ja immuuns\u00fcsteemi tugevdamine.<\/p>\n\n<h2 class=\"wp-block-heading\">Erinevad Hojicha t\u00fc\u00fcbid<\/h2>\n\n<p>Hojichat on erinevat t\u00fc\u00fcpi. Selle peamine omadus tuleneb selle k\u00e4ttesaadavusest nii pulbris kui ka lahtistes lehtedes. <\/p>\n\n<p>Peale selle on hojichat sageli kolme t\u00fc\u00fcpi lehtedes (hele r\u00f6st, keskmine r\u00f6st, tume r\u00f6st) ja seda saab segada isegi r\u00f6stitud riisiga, v\u00f5ttes nime hojicha genmai.  <\/p>\n<div class=\"wp-block-image\">\n<figure class=\"aligncenter size-large is-resized\"><img decoding=\"async\" width=\"1024\" height=\"683\" src=\"https:\/\/hojichawholesale.eu\/wp-content\/uploads\/2024\/10\/Depositphotos_565446018_L-1-1024x683.avif\" alt=\"\" class=\"wp-image-5577\" style=\"width:572px;height:auto\" srcset=\"https:\/\/hojichawholesale.eu\/wp-content\/uploads\/2024\/10\/Depositphotos_565446018_L-1-1024x683.avif 1024w, https:\/\/hojichawholesale.eu\/wp-content\/uploads\/2024\/10\/Depositphotos_565446018_L-1-300x200.avif 300w, https:\/\/hojichawholesale.eu\/wp-content\/uploads\/2024\/10\/Depositphotos_565446018_L-1-768x512.avif 768w, https:\/\/hojichawholesale.eu\/wp-content\/uploads\/2024\/10\/Depositphotos_565446018_L-1.avif 1200w\" sizes=\"(max-width: 1024px) 100vw, 1024px\" \/><\/figure>\n<\/div>\n<h2 class=\"wp-block-heading\"><strong>Millist sorti kasutatakse hojicha jaoks?<\/strong><\/h2>\n\n<p>Hojicha jaoks k\u00f5ige sagedamini kasutatav sort on Yabukita, kuigi m\u00f5ned hojichad on valmistatud ka Gokou sordist.<\/p>\n\n<h2 class=\"wp-block-heading\">Kuidas hojichat toodetakse?<\/h2>\n\n<p>Hojicha alustab oma tootmisprotsessi bancha v\u00f5i senchana.  <\/p>\n\n<p>P\u00e4rast koristamist aurutatakse lehti, mida nimetatakse &#8220;shaqinguks&#8221;, et peatada oks\u00fcdatsiooniprotsess. Seej\u00e4rel rullitakse, kuivatatakse ja r\u00f6stitakse need portselanis temperatuuril 175\u2013350 \u00b0C. Siis muutub bancha (v\u00f5i sencha) hojichaks.  <\/p>\n\n<p>Osa sellest t\u00f6\u00f6deldakse pulbriks, \u00fclej\u00e4\u00e4nu pakitakse lehtedena.  <\/p>\n<div class=\"wp-block-image\">\n<figure class=\"aligncenter size-large is-resized\"><img decoding=\"async\" width=\"1024\" height=\"683\" src=\"https:\/\/hojichawholesale.eu\/wp-content\/uploads\/2024\/10\/Depositphotos_518442682_L-1-1024x683.avif\" alt=\"\" class=\"wp-image-5575\" style=\"width:484px;height:auto\" srcset=\"https:\/\/hojichawholesale.eu\/wp-content\/uploads\/2024\/10\/Depositphotos_518442682_L-1-1024x683.avif 1024w, https:\/\/hojichawholesale.eu\/wp-content\/uploads\/2024\/10\/Depositphotos_518442682_L-1-300x200.avif 300w, https:\/\/hojichawholesale.eu\/wp-content\/uploads\/2024\/10\/Depositphotos_518442682_L-1-768x512.avif 768w, https:\/\/hojichawholesale.eu\/wp-content\/uploads\/2024\/10\/Depositphotos_518442682_L-1.avif 1200w\" sizes=\"(max-width: 1024px) 100vw, 1024px\" \/><\/figure>\n<\/div>\n<h2 class=\"wp-block-heading\"><strong>Kuidas pruulida hojichat?<\/strong><\/h2>\n\n<p>Lehevormi all pruulitakse hojichat temperatuuril 70\u201380 \u00b0C 2-3 minutit.<\/p>\n\n<p>  80\u00b0C on eelistatav, kui see on pulbri kujul.  <\/p>\n\n<h2 class=\"wp-block-heading\"><strong>Hojicha ajalugu<\/strong><\/h2>\n\n<p>Keegi ei tea, kust hojicha tuli. N\u00e4is, et see ilmus Kyotos 1920. aastatel. <\/p>\n\n<p>Legend r\u00e4\u00e4gib, et masinkorjatud tee v\u00e4ljat\u00f6\u00f6tamine 20. sajandi alguses t\u00f5i kaasa m\u00e4rkimisv\u00e4\u00e4rse raiskamise. Tundmatu kaupmees otsustas selle p\u00e4\u00e4stmiseks seda kasutusk\u00f5lbmatut teed r\u00f6stida, leiutades selle k\u00e4igus hojicha. <\/p>\n<div class=\"wp-block-image\">\n<figure class=\"aligncenter size-large is-resized\"><img loading=\"lazy\" decoding=\"async\" width=\"1024\" height=\"683\" src=\"https:\/\/hojichawholesale.eu\/wp-content\/uploads\/2024\/10\/Depositphotos_535727240_L-1-1024x683.avif\" alt=\"\" class=\"wp-image-5576\" style=\"width:592px;height:auto\" srcset=\"https:\/\/hojichawholesale.eu\/wp-content\/uploads\/2024\/10\/Depositphotos_535727240_L-1-1024x683.avif 1024w, https:\/\/hojichawholesale.eu\/wp-content\/uploads\/2024\/10\/Depositphotos_535727240_L-1-300x200.avif 300w, https:\/\/hojichawholesale.eu\/wp-content\/uploads\/2024\/10\/Depositphotos_535727240_L-1-768x512.avif 768w, https:\/\/hojichawholesale.eu\/wp-content\/uploads\/2024\/10\/Depositphotos_535727240_L-1.avif 1200w\" sizes=\"(max-width: 1024px) 100vw, 1024px\" \/><\/figure>\n<\/div>\n<h2 class=\"wp-block-heading\"><strong>J\u00e4reldus<\/strong><\/h2>\n\n<p>Hojicha on r\u00f6stitud Jaapani roheline tee, mis on saadaval nii pulbri kui ka lehtede kujul. Madala kofeiinisisaldusega tarbitakse seda traditsiooniliselt \u00f5htul. Selle oran\u017e v\u00e4rvus tuleneb m\u00f5neminutilisest portselanpotis r\u00f6stimisest, andes sellele iseloomulikud p\u00e4hklite, karamelli v\u00f5i \u0161okolaadi maitsed.  <\/p>\n\n<h2 class=\"wp-block-heading\">K\u00fcsi proovi<\/h2>\n\n<p>Kas olete uudishimulik meie esmaklassilise hojicha rikkalike r\u00f6stitud maitsete vastu?  <\/p>\n\n<p>Lihtsalt t\u00e4itke allpool oma andmed ja me saadame teile n\u00e4idise. Andke meile teada, kui teil on konkreetseid soove ja me kohandame hea meelega oma pakkumist vastavalt teie ettev\u00f5tte vajadustele. <\/p>\n<div class=\"forminator-ui forminator-custom-form forminator-custom-form-1365 forminator-design--flat  forminator_ajax\" data-forminator-render=\"0\" data-form=\"forminator-module-1365\" data-uid=\"69d43ff107c55\"><br\/><\/div><form\n\t\t\t\tid=\"forminator-module-1365\"\n\t\t\t\tclass=\"forminator-ui forminator-custom-form forminator-custom-form-1365 forminator-design--flat  forminator_ajax\"\n\t\t\t\tmethod=\"post\"\n\t\t\t\tdata-forminator-render=\"0\"\n\t\t\t\tdata-form-id=\"1365\"\n\t\t\t\t data-color-option=\"default\" data-design=\"flat\" data-grid=\"open\" style=\"display: none;\"\n\t\t\t\tdata-uid=\"69d43ff107c55\"\n\t\t\t><div role=\"alert\" aria-live=\"polite\" class=\"forminator-response-message forminator-error\" aria-hidden=\"true\"><\/div><div class=\"forminator-row\"><div id=\"name-1\" class=\"forminator-field-name forminator-col forminator-col-6 \"><div class=\"forminator-field\"><input type=\"text\" name=\"name-1\" value=\"\" placeholder=\"First Name\" id=\"forminator-field-name-1_69d43ff107c55\" class=\"forminator-input forminator-name--field\" aria-required=\"true\" autocomplete=\"name\" \/><\/div><\/div><div id=\"name-2\" class=\"forminator-field-name forminator-col forminator-col-6 \"><div class=\"forminator-field\"><input type=\"text\" name=\"name-2\" value=\"\" placeholder=\"Last Name\" id=\"forminator-field-name-2_69d43ff107c55\" class=\"forminator-input forminator-name--field\" aria-required=\"true\" autocomplete=\"name\" \/><\/div><\/div><\/div><div class=\"forminator-row\"><div id=\"email-1\" class=\"forminator-field-email forminator-col forminator-col-12 \"><div class=\"forminator-field\"><input type=\"email\" name=\"email-1\" value=\"\" placeholder=\"Email\" id=\"forminator-field-email-1_69d43ff107c55\" class=\"forminator-input forminator-email--field\" data-required=\"true\" aria-required=\"true\" autocomplete=\"email\" \/><\/div><\/div><\/div><div class=\"forminator-row\"><div id=\"phone-1\" class=\"forminator-field-phone forminator-col forminator-col-12 \"><div class=\"forminator-field\"><input type=\"text\" name=\"phone-1\" value=\"\" placeholder=\"Phone\" id=\"forminator-field-phone-1_69d43ff107c55\" class=\"forminator-input forminator-field--phone\" data-required=\"\" aria-required=\"false\" autocomplete=\"off\" \/><\/div><\/div><\/div><div class=\"forminator-row\"><div id=\"textarea-1\" class=\"forminator-field-textarea forminator-col forminator-col-12 \"><div class=\"forminator-field\"><textarea name=\"textarea-1\" placeholder=\"Message\" id=\"forminator-field-textarea-1_69d43ff107c55\" class=\"forminator-textarea\" rows=\"6\" style=\"min-height:140px;\" ><\/textarea><span id=\"forminator-field-textarea-1_69d43ff107c55-description\" class=\"forminator-description\"><span data-limit=\"300\" data-type=\"words\" data-editor=\"\">0 \/ 300<\/span><\/span><\/div><\/div><\/div><div class=\"forminator-row\"><\/div><input type=\"hidden\" name=\"referer_url\" value=\"\" \/><div class=\"forminator-row forminator-row-last\"><div class=\"forminator-col\"><div class=\"forminator-field\"><button class=\"forminator-button forminator-button-submit\">Send<\/button><\/div><\/div><\/div><input type=\"hidden\" id=\"forminator_nonce\" name=\"forminator_nonce\" value=\"8ad7e0b691\" \/><input type=\"hidden\" name=\"_wp_http_referer\" value=\"\/et\/wp-json\/wp\/v2\/pages\/8891\" \/><input type=\"hidden\" name=\"form_id\" value=\"1365\"><input type=\"hidden\" name=\"page_id\" value=\"8891\"><input type=\"hidden\" name=\"form_type\" value=\"default\"><input type=\"hidden\" name=\"current_url\" value=\"https:\/\/hojichawholesale.eu\/et\/mis-on-hojicha\/\"><input type=\"hidden\" name=\"render_id\" value=\"0\"><input type=\"hidden\" name=\"action\" value=\"forminator_submit_form_custom-forms\"><label for=\"input_6\" class=\"forminator-hidden\" aria-hidden=\"true\">Please do not fill in this field. <input id=\"input_6\" type=\"text\" name=\"input_6\" value=\"\" autocomplete=\"off\"><\/label><\/form>\n","protected":false},"excerpt":{"rendered":"<p>Mis on Hojicha? Hojicha on Jaapani roheline tee, mis on r\u00f6stitud portselanis temperatuuril 175 \u00b0C kuni 350 \u00b0C. See r\u00f6stimisprotsess annab sellele iseloomulikud oran\u017eid toonid ning v\u00e4hendab kofeiini ja katehhhiini sisaldust. &#8220;Hoji&#8221; t\u00e4hendab jaapani keeles &#8220;r\u00f6stima&#8221; ja &#8220;cha&#8221; t\u00e4hendab teed. Miks juua Hojichat? Hojicha on traditsiooniline Jaapani jook, mida tarbitakse \u00f6\u00f6sel seedimise h\u00f5lbustamiseks. Seda v\u00f5ib [&hellip;]<\/p>\n","protected":false},"author":1,"featured_media":8896,"parent":0,"menu_order":0,"comment_status":"closed","ping_status":"closed","template":"","meta":{"_surecart_dashboard_logo_width":"180px","_surecart_dashboard_show_logo":true,"_surecart_dashboard_navigation_orders":true,"_surecart_dashboard_navigation_invoices":true,"_surecart_dashboard_navigation_subscriptions":true,"_surecart_dashboard_navigation_downloads":true,"_surecart_dashboard_navigation_billing":true,"_surecart_dashboard_navigation_account":true,"footnotes":""},"class_list":["post-8891","page","type-page","status-publish","has-post-thumbnail","hentry","entry","has-media"],"mb":[],"mfb_rest_fields":["title","gutenberg_elementor_mode"],"_links":{"self":[{"href":"https:\/\/hojichawholesale.eu\/et\/wp-json\/wp\/v2\/pages\/8891","targetHints":{"allow":["GET"]}}],"collection":[{"href":"https:\/\/hojichawholesale.eu\/et\/wp-json\/wp\/v2\/pages"}],"about":[{"href":"https:\/\/hojichawholesale.eu\/et\/wp-json\/wp\/v2\/types\/page"}],"author":[{"embeddable":true,"href":"https:\/\/hojichawholesale.eu\/et\/wp-json\/wp\/v2\/users\/1"}],"replies":[{"embeddable":true,"href":"https:\/\/hojichawholesale.eu\/et\/wp-json\/wp\/v2\/comments?post=8891"}],"version-history":[{"count":0,"href":"https:\/\/hojichawholesale.eu\/et\/wp-json\/wp\/v2\/pages\/8891\/revisions"}],"wp:featuredmedia":[{"embeddable":true,"href":"https:\/\/hojichawholesale.eu\/et\/wp-json\/wp\/v2\/media\/8896"}],"wp:attachment":[{"href":"https:\/\/hojichawholesale.eu\/et\/wp-json\/wp\/v2\/media?parent=8891"}],"curies":[{"name":"wp","href":"https:\/\/api.w.org\/{rel}","templated":true}]}}