{"id":8641,"date":"2024-08-24T19:47:32","date_gmt":"2024-08-24T19:47:32","guid":{"rendered":"https:\/\/hojichawholesale.eu\/hojicha-hulgimuugi-kohta\/"},"modified":"2026-03-06T16:46:54","modified_gmt":"2026-03-06T16:46:54","slug":"hojicha-hulgimuugi-kohta","status":"publish","type":"page","link":"https:\/\/hojichawholesale.eu\/et\/hojicha-hulgimuugi-kohta\/","title":{"rendered":"Hojicha hulgim\u00fc\u00fcgi kohta"},"content":{"rendered":"\n<h1 class=\"wp-block-heading\">Hojicha hulgim\u00fc\u00fcgi kohta<\/h1>\n\n<p>Hojicha hulgim\u00fc\u00fcja on Euroopa hulgim\u00fc\u00fcja, mis on p\u00fchendunud Jaapani hojichale.<\/p>\n\n<p>Meie missioon on pakkuda HORECA t\u00f6\u00f6stuse br\u00e4ndidele ja ettev\u00f5tetele kvaliteetset hojicha teed. Impordime hulgim\u00fc\u00fcgis premium-hojicha koguseid oma usaldusv\u00e4\u00e4rsetelt tarnijatelt Jaapanis ja jaotame seda \u00fcle Euroopa restoranide, hotellide, kohvikute ja s\u00f5ltumatute teepoodide. <\/p>\n\n<p>Pakume teile kolme garantiid:<\/p>\n\n<ol class=\"wp-block-list\">\n<li><strong>Madal MOQ:<\/strong> olenemata sellest, kas olete v\u00e4ljakujunenud ettev\u00f5te, kes vajab sadu kotte, v\u00f5i v\u00e4ike s\u00f5ltumatu kohvik, mis alles algab, kohandub Hojicha hulgim\u00fc\u00fck teie vajadustega sama ettev\u00f5tte tasemel teeninduskvaliteediga.  <\/li>\n\n\n\n<li><strong>Reageerimisv\u00f5ime ja teenindus<\/strong>: saadame kiiresti ja pakume laia valikut saatmisviise.  <\/li>\n\n\n\n<li><strong>S\u00f5bralik klienditugi: <\/strong>oleme saadaval 365 p\u00e4eva aastas.  <\/li>\n<\/ol>\n\n<h2 class=\"wp-block-heading\"><strong>Meie tooted<\/strong><\/h2>\n\n<p>Pakume hoolikalt valitud hojicha sorte, millest iga\u00fcks p\u00e4rineb otse parimatelt teekasvatajatelt.  <\/p>\n\n<p>Leia meie tooted otse meie <a href=\"https:\/\/hojichawholesale.eu\/et\/osta-surecart\/\" data-type=\"link\" data-id=\"https:\/\/hojichawholesale.eu\/shop\/\">kataloogist<\/a>.<\/p>\n\n<h2 class=\"wp-block-heading\"><strong>Miks valida meid?<\/strong><\/h2>\n\n<ul class=\"wp-block-list\">\n<li><strong>Kvaliteet ennek\u00f5ike:<\/strong> Pakume k\u00f5rgeima kvaliteediga hojichat. Iga partiid testitakse rangelt, et tagada konsistents ja maitse. <\/li>\n\n\n\n<li><strong>Otsene hankimine:<\/strong> Teeme tihedat koost\u00f6\u00f6d oma tarnijatega, et tuua teieni hojicha, mis peegeldab Jaapani autentset maitset.<\/li>\n\n\n\n<li><strong>Kohandatud lahendused:<\/strong> Olenemata sellest, kas teil on v\u00e4ike kohvik v\u00f5i suur hotellikett, pakume kohandatud lahendusi, mis vastavad teie konkreetsetele vajadustele.  <\/li>\n\n\n\n<li><strong>Usaldusv\u00e4\u00e4rne levitamine:<\/strong> Meil on ideaalne positsioon, et teenindada kliente kogu Euroopa mandril. Meie logistika tagab \u00f5igeaegsed tarned, nii et laod ei saa kunagi otsa. <\/li>\n<\/ul>\n\n<h2 class=\"wp-block-heading\">Kus me asume?<\/h2>\n\n<p>Me asume Belgias.<\/p>\n\n<h2 class=\"wp-block-heading\">Mis on teie ajalugu?<\/h2>\n\n<p>Hojicha hulgim\u00fc\u00fck sai alguse siis, kui asutaja Aure n\u00e4gi vaeva, et leida oma jaem\u00fc\u00fcgi teepoe <a href=\"https:\/\/senchatea.be\/\" target=\"_blank\" rel=\"noopener\">senchatea.be<\/a> jaoks usaldusv\u00e4\u00e4rset hojicha tarnijat.<\/p>\n\n<p>Hojicha on Jaapani teet\u00f6\u00f6stuse \u00fcks olulisemaid suundumusi. Soovime teha selle fantastilise ja mitmek\u00fclgse tee kiiresti k\u00e4ttesaadavaks kohvikutele, hotellidele, restoranidele ja teepoodidele \u00fcle kogu Euroopa, ilma et nad peaksid tellima suuri koguseid.   <\/p>\n\n<h2 class=\"wp-block-heading\">K\u00fcsi proovi<\/h2>\n\n<p>Kas olete uudishimulik meie esmaklassilise hojicha rikkalike r\u00f6stitud maitsete vastu?  <\/p>\n\n<p>Lihtsalt t\u00e4itke allpool oma andmed ja me saadame teile n\u00e4idise. Andke meile teada, kui teil on konkreetseid soove ja me kohandame hea meelega oma pakkumist vastavalt teie ettev\u00f5tte vajadustele. <\/p>\n<div class=\"forminator-ui forminator-custom-form forminator-custom-form-1365 forminator-design--flat  forminator_ajax\" data-forminator-render=\"0\" data-form=\"forminator-module-1365\" data-uid=\"69d43eb31350a\"><br\/><\/div><form\n\t\t\t\tid=\"forminator-module-1365\"\n\t\t\t\tclass=\"forminator-ui forminator-custom-form forminator-custom-form-1365 forminator-design--flat  forminator_ajax\"\n\t\t\t\tmethod=\"post\"\n\t\t\t\tdata-forminator-render=\"0\"\n\t\t\t\tdata-form-id=\"1365\"\n\t\t\t\t data-color-option=\"default\" data-design=\"flat\" data-grid=\"open\" style=\"display: none;\"\n\t\t\t\tdata-uid=\"69d43eb31350a\"\n\t\t\t><div role=\"alert\" aria-live=\"polite\" class=\"forminator-response-message forminator-error\" aria-hidden=\"true\"><\/div><div class=\"forminator-row\"><div id=\"name-1\" class=\"forminator-field-name forminator-col forminator-col-6 \"><div class=\"forminator-field\"><input type=\"text\" name=\"name-1\" value=\"\" placeholder=\"First Name\" id=\"forminator-field-name-1_69d43eb31350a\" class=\"forminator-input forminator-name--field\" aria-required=\"true\" autocomplete=\"name\" \/><\/div><\/div><div id=\"name-2\" class=\"forminator-field-name forminator-col forminator-col-6 \"><div class=\"forminator-field\"><input type=\"text\" name=\"name-2\" value=\"\" placeholder=\"Last Name\" id=\"forminator-field-name-2_69d43eb31350a\" class=\"forminator-input forminator-name--field\" aria-required=\"true\" autocomplete=\"name\" \/><\/div><\/div><\/div><div class=\"forminator-row\"><div id=\"email-1\" class=\"forminator-field-email forminator-col forminator-col-12 \"><div class=\"forminator-field\"><input type=\"email\" name=\"email-1\" value=\"\" placeholder=\"Email\" id=\"forminator-field-email-1_69d43eb31350a\" class=\"forminator-input forminator-email--field\" data-required=\"true\" aria-required=\"true\" autocomplete=\"email\" \/><\/div><\/div><\/div><div class=\"forminator-row\"><div id=\"phone-1\" class=\"forminator-field-phone forminator-col forminator-col-12 \"><div class=\"forminator-field\"><input type=\"text\" name=\"phone-1\" value=\"\" placeholder=\"Phone\" id=\"forminator-field-phone-1_69d43eb31350a\" class=\"forminator-input forminator-field--phone\" data-required=\"\" aria-required=\"false\" autocomplete=\"off\" \/><\/div><\/div><\/div><div class=\"forminator-row\"><div id=\"textarea-1\" class=\"forminator-field-textarea forminator-col forminator-col-12 \"><div class=\"forminator-field\"><textarea name=\"textarea-1\" placeholder=\"Message\" id=\"forminator-field-textarea-1_69d43eb31350a\" class=\"forminator-textarea\" rows=\"6\" style=\"min-height:140px;\" ><\/textarea><span id=\"forminator-field-textarea-1_69d43eb31350a-description\" class=\"forminator-description\"><span data-limit=\"300\" data-type=\"words\" data-editor=\"\">0 \/ 300<\/span><\/span><\/div><\/div><\/div><div class=\"forminator-row\"><\/div><input type=\"hidden\" name=\"referer_url\" value=\"\" \/><div class=\"forminator-row forminator-row-last\"><div class=\"forminator-col\"><div class=\"forminator-field\"><button class=\"forminator-button forminator-button-submit\">Send<\/button><\/div><\/div><\/div><input type=\"hidden\" id=\"forminator_nonce\" name=\"forminator_nonce\" value=\"8ad7e0b691\" \/><input type=\"hidden\" name=\"_wp_http_referer\" value=\"\/et\/wp-json\/wp\/v2\/pages\/8641\" \/><input type=\"hidden\" name=\"form_id\" value=\"1365\"><input type=\"hidden\" name=\"page_id\" value=\"8641\"><input type=\"hidden\" name=\"form_type\" value=\"default\"><input type=\"hidden\" name=\"current_url\" value=\"https:\/\/hojichawholesale.eu\/et\/hojicha-hulgimuugi-kohta\/\"><input type=\"hidden\" name=\"render_id\" value=\"0\"><input type=\"hidden\" name=\"action\" value=\"forminator_submit_form_custom-forms\"><label for=\"input_6\" class=\"forminator-hidden\" aria-hidden=\"true\">Please do not fill in this field. <input id=\"input_6\" type=\"text\" name=\"input_6\" value=\"\" autocomplete=\"off\"><\/label><\/form>\n\n<p><\/p>\n","protected":false},"excerpt":{"rendered":"<p>Hojicha hulgim\u00fc\u00fcgi kohta Hojicha hulgim\u00fc\u00fcja on Euroopa hulgim\u00fc\u00fcja, mis on p\u00fchendunud Jaapani hojichale. Meie missioon on pakkuda HORECA t\u00f6\u00f6stuse br\u00e4ndidele ja ettev\u00f5tetele kvaliteetset hojicha teed. Impordime hulgim\u00fc\u00fcgis premium-hojicha koguseid oma usaldusv\u00e4\u00e4rsetelt tarnijatelt Jaapanis ja jaotame seda \u00fcle Euroopa restoranide, hotellide, kohvikute ja s\u00f5ltumatute teepoodide. Pakume teile kolme garantiid: Meie tooted Pakume hoolikalt valitud hojicha sorte, [&hellip;]<\/p>\n","protected":false},"author":1,"featured_media":0,"parent":0,"menu_order":0,"comment_status":"closed","ping_status":"closed","template":"","meta":{"_surecart_dashboard_logo_width":"180px","_surecart_dashboard_show_logo":true,"_surecart_dashboard_navigation_orders":true,"_surecart_dashboard_navigation_invoices":true,"_surecart_dashboard_navigation_subscriptions":true,"_surecart_dashboard_navigation_downloads":true,"_surecart_dashboard_navigation_billing":true,"_surecart_dashboard_navigation_account":true,"footnotes":""},"class_list":["post-8641","page","type-page","status-publish","hentry","entry"],"mb":[],"mfb_rest_fields":["title","gutenberg_elementor_mode"],"_links":{"self":[{"href":"https:\/\/hojichawholesale.eu\/et\/wp-json\/wp\/v2\/pages\/8641","targetHints":{"allow":["GET"]}}],"collection":[{"href":"https:\/\/hojichawholesale.eu\/et\/wp-json\/wp\/v2\/pages"}],"about":[{"href":"https:\/\/hojichawholesale.eu\/et\/wp-json\/wp\/v2\/types\/page"}],"author":[{"embeddable":true,"href":"https:\/\/hojichawholesale.eu\/et\/wp-json\/wp\/v2\/users\/1"}],"replies":[{"embeddable":true,"href":"https:\/\/hojichawholesale.eu\/et\/wp-json\/wp\/v2\/comments?post=8641"}],"version-history":[{"count":0,"href":"https:\/\/hojichawholesale.eu\/et\/wp-json\/wp\/v2\/pages\/8641\/revisions"}],"wp:attachment":[{"href":"https:\/\/hojichawholesale.eu\/et\/wp-json\/wp\/v2\/media?parent=8641"}],"curies":[{"name":"wp","href":"https:\/\/api.w.org\/{rel}","templated":true}]}}