{"id":7727,"date":"2025-10-25T14:36:25","date_gmt":"2025-10-25T14:36:25","guid":{"rendered":"https:\/\/hojichawholesale.eu\/productos\/"},"modified":"2025-10-29T08:35:24","modified_gmt":"2025-10-29T08:35:24","slug":"productos","status":"publish","type":"page","link":"https:\/\/hojichawholesale.eu\/es\/productos\/","title":{"rendered":"Productos"},"content":{"rendered":"\n<h1 class=\"wp-block-heading\">Productos<\/h1>\n\n<p>Ofrecemos una gama de productos, que incluyen:<\/p>\n\n<ul class=\"wp-block-list\">\n<li><a href=\"https:\/\/hojichawholesale.eu\/es\/hojicha-medium-roast-venta-al-por-mayor\/\" data-type=\"link\" data-id=\"https:\/\/hojichawholesale.eu\/hojicha-medium-roast-wholesale\/\">Hojicha tueste medio<\/a><\/li>\n\n\n\n<li><a href=\"https:\/\/hojichawholesale.eu\/es\/hojicha-dark-roast-venta-al-por-mayor\/\" data-type=\"link\" data-id=\"https:\/\/hojichawholesale.eu\/hojicha-dark-roast-wholesale\/\">Hojicha tostado oscuro<\/a><\/li>\n\n\n\n<li><a href=\"https:\/\/hojichawholesale.eu\/es\/hojicha-powder-latte-venta-al-por-mayor\/\" data-type=\"link\" data-id=\"https:\/\/hojichawholesale.eu\/hojicha-powder-latte-wholesale\/\">Hojicha latte<\/a> (hojicha tostado medio mezclado con az\u00facar para infundir con leche)<\/li>\n\n\n\n<li><a href=\"https:\/\/hojichawholesale.eu\/es\/polvo-de-hojicha-al-por-mayor\/\" data-type=\"link\" data-id=\"https:\/\/hojichawholesale.eu\/hojicha-leaves-wholesale\/\">Hojicha en hojas<\/a><\/li>\n\n\n\n<li>Hojicha chino para aplicaciones industriales<\/li>\n<\/ul>\n\n<p>Vendemos esos polvos a granel o en peque\u00f1os paquetes de doys (50 g y 100 g). Tambi\u00e9n existe la posibilidad de recibirlos en latas, similar al matcha.   <\/p>\n\n<p>El MOQ para cada uno de esos t\u00e9s es de 1 kg. El volumen m\u00e1ximo que podemos suministrar de una sola vez es de 500 kg.   <\/p>\n\n<p>Comun\u00edquese para obtener muestras y m\u00e1s informaci\u00f3n.  <\/p>\n<div class=\"forminator-ui forminator-custom-form forminator-custom-form-1365 forminator-design--flat  forminator_ajax\" data-forminator-render=\"0\" data-form=\"forminator-module-1365\" data-uid=\"69df271c5f9a6\"><br\/><\/div><form\n\t\t\t\tid=\"forminator-module-1365\"\n\t\t\t\tclass=\"forminator-ui forminator-custom-form forminator-custom-form-1365 forminator-design--flat  forminator_ajax\"\n\t\t\t\tmethod=\"post\"\n\t\t\t\tdata-forminator-render=\"0\"\n\t\t\t\tdata-form-id=\"1365\"\n\t\t\t\t data-color-option=\"default\" data-design=\"flat\" data-grid=\"open\" style=\"display: none;\"\n\t\t\t\tdata-uid=\"69df271c5f9a6\"\n\t\t\t><div role=\"alert\" aria-live=\"polite\" class=\"forminator-response-message forminator-error\" aria-hidden=\"true\"><\/div><div class=\"forminator-row\"><div id=\"name-1\" class=\"forminator-field-name forminator-col forminator-col-6 \"><div class=\"forminator-field\"><input type=\"text\" name=\"name-1\" value=\"\" placeholder=\"First Name\" id=\"forminator-field-name-1_69df271c5f9a6\" class=\"forminator-input forminator-name--field\" aria-required=\"true\" autocomplete=\"name\" \/><\/div><\/div><div id=\"name-2\" class=\"forminator-field-name forminator-col forminator-col-6 \"><div class=\"forminator-field\"><input type=\"text\" name=\"name-2\" value=\"\" placeholder=\"Last Name\" id=\"forminator-field-name-2_69df271c5f9a6\" class=\"forminator-input forminator-name--field\" aria-required=\"true\" autocomplete=\"name\" \/><\/div><\/div><\/div><div class=\"forminator-row\"><div id=\"email-1\" class=\"forminator-field-email forminator-col forminator-col-12 \"><div class=\"forminator-field\"><input type=\"email\" name=\"email-1\" value=\"\" placeholder=\"Email\" id=\"forminator-field-email-1_69df271c5f9a6\" class=\"forminator-input forminator-email--field\" data-required=\"true\" aria-required=\"true\" autocomplete=\"email\" \/><\/div><\/div><\/div><div class=\"forminator-row\"><div id=\"phone-1\" class=\"forminator-field-phone forminator-col forminator-col-12 \"><div class=\"forminator-field\"><input type=\"text\" name=\"phone-1\" value=\"\" placeholder=\"Phone\" id=\"forminator-field-phone-1_69df271c5f9a6\" class=\"forminator-input forminator-field--phone\" data-required=\"\" aria-required=\"false\" autocomplete=\"off\" \/><\/div><\/div><\/div><div class=\"forminator-row\"><div id=\"textarea-1\" class=\"forminator-field-textarea forminator-col forminator-col-12 \"><div class=\"forminator-field\"><textarea name=\"textarea-1\" placeholder=\"Message\" id=\"forminator-field-textarea-1_69df271c5f9a6\" class=\"forminator-textarea\" rows=\"6\" style=\"min-height:140px;\" ><\/textarea><span id=\"forminator-field-textarea-1_69df271c5f9a6-description\" class=\"forminator-description\"><span data-limit=\"300\" data-type=\"words\" data-editor=\"\">0 \/ 300<\/span><\/span><\/div><\/div><\/div><div class=\"forminator-row\"><\/div><input type=\"hidden\" name=\"referer_url\" value=\"\" \/><div class=\"forminator-row forminator-row-last\"><div class=\"forminator-col\"><div class=\"forminator-field\"><button class=\"forminator-button forminator-button-submit\">Send<\/button><\/div><\/div><\/div><input type=\"hidden\" id=\"forminator_nonce\" name=\"forminator_nonce\" value=\"b293d4058b\" \/><input type=\"hidden\" name=\"_wp_http_referer\" value=\"\/es\/wp-json\/wp\/v2\/pages\/7727\" \/><input type=\"hidden\" name=\"form_id\" value=\"1365\"><input type=\"hidden\" name=\"page_id\" value=\"7727\"><input type=\"hidden\" name=\"form_type\" value=\"default\"><input type=\"hidden\" name=\"current_url\" value=\"https:\/\/hojichawholesale.eu\/es\/productos\/\"><input type=\"hidden\" name=\"render_id\" value=\"0\"><input type=\"hidden\" name=\"action\" value=\"forminator_submit_form_custom-forms\"><label for=\"input_6\" class=\"forminator-hidden\" aria-hidden=\"true\">Por favor, no rellenes este campo. <input id=\"input_6\" type=\"text\" name=\"input_6\" value=\"\" autocomplete=\"off\"><\/label><\/form>\n","protected":false},"excerpt":{"rendered":"<p>Productos Ofrecemos una gama de productos, que incluyen: Vendemos esos polvos a granel o en peque\u00f1os paquetes de doys (50 g y 100 g). Tambi\u00e9n existe la posibilidad de recibirlos en latas, similar al matcha. El MOQ para cada uno de esos t\u00e9s es de 1 kg. El volumen m\u00e1ximo que podemos suministrar de una [&hellip;]<\/p>\n","protected":false},"author":1,"featured_media":0,"parent":0,"menu_order":0,"comment_status":"closed","ping_status":"closed","template":"","meta":{"_surecart_dashboard_logo_width":"180px","_surecart_dashboard_show_logo":true,"_surecart_dashboard_navigation_orders":true,"_surecart_dashboard_navigation_invoices":true,"_surecart_dashboard_navigation_subscriptions":true,"_surecart_dashboard_navigation_downloads":true,"_surecart_dashboard_navigation_billing":true,"_surecart_dashboard_navigation_account":true,"footnotes":""},"class_list":["post-7727","page","type-page","status-publish","hentry","entry"],"mb":[],"mfb_rest_fields":["title","gutenberg_elementor_mode"],"_links":{"self":[{"href":"https:\/\/hojichawholesale.eu\/es\/wp-json\/wp\/v2\/pages\/7727","targetHints":{"allow":["GET"]}}],"collection":[{"href":"https:\/\/hojichawholesale.eu\/es\/wp-json\/wp\/v2\/pages"}],"about":[{"href":"https:\/\/hojichawholesale.eu\/es\/wp-json\/wp\/v2\/types\/page"}],"author":[{"embeddable":true,"href":"https:\/\/hojichawholesale.eu\/es\/wp-json\/wp\/v2\/users\/1"}],"replies":[{"embeddable":true,"href":"https:\/\/hojichawholesale.eu\/es\/wp-json\/wp\/v2\/comments?post=7727"}],"version-history":[{"count":0,"href":"https:\/\/hojichawholesale.eu\/es\/wp-json\/wp\/v2\/pages\/7727\/revisions"}],"wp:attachment":[{"href":"https:\/\/hojichawholesale.eu\/es\/wp-json\/wp\/v2\/media?parent=7727"}],"curies":[{"name":"wp","href":"https:\/\/api.w.org\/{rel}","templated":true}]}}