{"id":7372,"date":"2024-12-11T21:40:39","date_gmt":"2024-12-11T21:40:39","guid":{"rendered":"https:\/\/hojichawholesale.eu\/hojicha-de-marca-blanca\/"},"modified":"2025-10-29T08:35:26","modified_gmt":"2025-10-29T08:35:26","slug":"hojicha-de-marca-blanca","status":"publish","type":"page","link":"https:\/\/hojichawholesale.eu\/es\/hojicha-de-marca-blanca\/","title":{"rendered":"Hojicha de Marca Blanca"},"content":{"rendered":"\n<h1 class=\"wp-block-heading\">Hojicha de Marca Blanca<\/h1>\n\n<p>\u00bfTe gustar\u00eda crear tu propia marca de hojicha?<\/p>\n\n<p>Le hemos facilitado la oferta de hojicha de primera calidad, obtenida directamente de nuestros socios en Jap\u00f3n bajo su propia etiqueta.<\/p>\n<div class=\"wp-block-image\">\n<figure class=\"aligncenter size-full is-resized\"><img fetchpriority=\"high\" decoding=\"async\" width=\"1000\" height=\"1000\" src=\"https:\/\/hojichawholesale.eu\/wp-content\/uploads\/2025\/10\/white-label.webp\" alt=\"\" class=\"wp-image-9158\" style=\"width:379px;height:auto\" srcset=\"https:\/\/hojichawholesale.eu\/wp-content\/uploads\/2025\/10\/white-label.webp 1000w, https:\/\/hojichawholesale.eu\/wp-content\/uploads\/2025\/10\/white-label-300x300.webp 300w, https:\/\/hojichawholesale.eu\/wp-content\/uploads\/2025\/10\/white-label-150x150.webp 150w, https:\/\/hojichawholesale.eu\/wp-content\/uploads\/2025\/10\/white-label-768x768.webp 768w, https:\/\/hojichawholesale.eu\/wp-content\/uploads\/2025\/10\/white-label-600x600.webp 600w\" sizes=\"(max-width: 1000px) 100vw, 1000px\" \/><\/figure>\n<\/div>\n<h2 class=\"wp-block-heading\"><strong>\u00bfPor qu\u00e9 etiquetar en blanco tu hojicha?<\/strong><\/h2>\n\n<ul class=\"wp-block-list\">\n<li><strong>Calidad Premium:<\/strong> Nuestro hojicha se obtiene de forma experta de campos de t\u00e9 selectos en Jap\u00f3n. Las hojas se tuestan suavemente para lograr un sabor suave, a nuez y ligeramente dulce que es a la vez reconfortante y complejo. <\/li>\n\n\n\n<li><strong>Sellado de f\u00e1brica y lavado con nitr\u00f3geno:<\/strong> Cada bolsa se empaqueta en Jap\u00f3n para mantener la frescura, el aroma y el sabor. El lavado con nitr\u00f3geno garantiza que su producto llegue con un sabor \u00f3ptimo, y las bolsas selladas protegen el t\u00e9 de la humedad y la luz. <\/li>\n\n\n\n<li><strong>Sin marca, listo para su etiqueta:<\/strong> Entregamos cada bolsa sin ninguna marca, d\u00e1ndole un lienzo en blanco. Simplemente coloque su propia etiqueta o elementos de empaque y comience a comercializar el t\u00e9 con su nombre. <\/li>\n<\/ul>\n\n<h2 class=\"wp-block-heading\"><strong>El proceso de la marca blanca: paso a paso<\/strong><\/h2>\n\n<ol class=\"wp-block-list\">\n<li><strong>Selecciona tu cantidad:<\/strong> Elija entre nuestras opciones de pedido flexibles. Tanto si est\u00e1 empezando como si est\u00e1 ampliando, tenemos un tama\u00f1o a granel que se adapta a sus necesidades. <\/li>\n\n\n\n<li><strong>Elige el embalaje:<\/strong> Doypacks o latas, en blanco o impresas, etiquetadas o sin etiquetar, tenemos una gama de opciones flexibles para garantizar que se sienta bien con su marca y producto.<\/li>\n\n\n\n<li><strong>Comience a vender:<\/strong> Con su marca en su lugar, est\u00e1 listo para presentar un hojicha premium de marca privada a sus clientes, haci\u00e9ndolo exclusivamente suyo.<\/li>\n<\/ol>\n\n<h2 class=\"wp-block-heading\"><strong>\u00bfPor qu\u00e9 asociarse con Hojicha Wholesale?<\/strong><\/h2>\n\n<ul class=\"wp-block-list\">\n<li><strong>Abastecimiento experto:<\/strong> Hemos establecido s\u00f3lidas asociaciones con agricultores y productores de t\u00e9 experimentados en Jap\u00f3n, lo que garantiza una calidad y un suministro constantes.<\/li>\n\n\n\n<li><strong>F\u00e1cil integraci\u00f3n:<\/strong> Nuestras soluciones de marca blanca est\u00e1n dise\u00f1adas pensando en la simplicidad. Sin procesos complicados, simplemente agregue los elementos de su marca y comience a vender. <\/li>\n\n\n\n<li><strong>Soporte dedicado:<\/strong> Nuestro equipo de atenci\u00f3n al cliente est\u00e1 aqu\u00ed para ayudarle en cada paso del camino, desde las consultas iniciales del pedido hasta el soporte posventa.<\/li>\n<\/ul>\n\n<h2 class=\"wp-block-heading\"><strong>\u00bfListo para empezar?<\/strong><\/h2>\n\n<p>P\u00f3ngase en contacto con nosotros hoy mismo para solicitar un presupuesto, obtener m\u00e1s informaci\u00f3n sobre nuestros niveles de precios y comenzar el proceso de marca blanca. \u00a1Estaremos encantados de ayudarte a empezar! <\/p>\n<div class=\"forminator-ui forminator-custom-form forminator-custom-form-1365 forminator-design--flat  forminator_ajax\" data-forminator-render=\"0\" data-form=\"forminator-module-1365\" data-uid=\"69d4512b7d160\"><br\/><\/div><form\n\t\t\t\tid=\"forminator-module-1365\"\n\t\t\t\tclass=\"forminator-ui forminator-custom-form forminator-custom-form-1365 forminator-design--flat  forminator_ajax\"\n\t\t\t\tmethod=\"post\"\n\t\t\t\tdata-forminator-render=\"0\"\n\t\t\t\tdata-form-id=\"1365\"\n\t\t\t\t data-color-option=\"default\" data-design=\"flat\" data-grid=\"open\" style=\"display: none;\"\n\t\t\t\tdata-uid=\"69d4512b7d160\"\n\t\t\t><div role=\"alert\" aria-live=\"polite\" class=\"forminator-response-message forminator-error\" aria-hidden=\"true\"><\/div><div class=\"forminator-row\"><div id=\"name-1\" class=\"forminator-field-name forminator-col forminator-col-6 \"><div class=\"forminator-field\"><input type=\"text\" name=\"name-1\" value=\"\" placeholder=\"First Name\" id=\"forminator-field-name-1_69d4512b7d160\" class=\"forminator-input forminator-name--field\" aria-required=\"true\" autocomplete=\"name\" \/><\/div><\/div><div id=\"name-2\" class=\"forminator-field-name forminator-col forminator-col-6 \"><div class=\"forminator-field\"><input type=\"text\" name=\"name-2\" value=\"\" placeholder=\"Last Name\" id=\"forminator-field-name-2_69d4512b7d160\" class=\"forminator-input forminator-name--field\" aria-required=\"true\" autocomplete=\"name\" \/><\/div><\/div><\/div><div class=\"forminator-row\"><div id=\"email-1\" class=\"forminator-field-email forminator-col forminator-col-12 \"><div class=\"forminator-field\"><input type=\"email\" name=\"email-1\" value=\"\" placeholder=\"Email\" id=\"forminator-field-email-1_69d4512b7d160\" class=\"forminator-input forminator-email--field\" data-required=\"true\" aria-required=\"true\" autocomplete=\"email\" \/><\/div><\/div><\/div><div class=\"forminator-row\"><div id=\"phone-1\" class=\"forminator-field-phone forminator-col forminator-col-12 \"><div class=\"forminator-field\"><input type=\"text\" name=\"phone-1\" value=\"\" placeholder=\"Phone\" id=\"forminator-field-phone-1_69d4512b7d160\" class=\"forminator-input forminator-field--phone\" data-required=\"\" aria-required=\"false\" autocomplete=\"off\" \/><\/div><\/div><\/div><div class=\"forminator-row\"><div id=\"textarea-1\" class=\"forminator-field-textarea forminator-col forminator-col-12 \"><div class=\"forminator-field\"><textarea name=\"textarea-1\" placeholder=\"Message\" id=\"forminator-field-textarea-1_69d4512b7d160\" class=\"forminator-textarea\" rows=\"6\" style=\"min-height:140px;\" ><\/textarea><span id=\"forminator-field-textarea-1_69d4512b7d160-description\" class=\"forminator-description\"><span data-limit=\"300\" data-type=\"words\" data-editor=\"\">0 \/ 300<\/span><\/span><\/div><\/div><\/div><div class=\"forminator-row\"><\/div><input type=\"hidden\" name=\"referer_url\" value=\"\" \/><div class=\"forminator-row forminator-row-last\"><div class=\"forminator-col\"><div class=\"forminator-field\"><button class=\"forminator-button forminator-button-submit\">Send<\/button><\/div><\/div><\/div><input type=\"hidden\" id=\"forminator_nonce\" name=\"forminator_nonce\" value=\"0b51ba8eba\" \/><input type=\"hidden\" name=\"_wp_http_referer\" value=\"\/es\/wp-json\/wp\/v2\/pages\/7372\" \/><input type=\"hidden\" name=\"form_id\" value=\"1365\"><input type=\"hidden\" name=\"page_id\" value=\"7372\"><input type=\"hidden\" name=\"form_type\" value=\"default\"><input type=\"hidden\" name=\"current_url\" value=\"https:\/\/hojichawholesale.eu\/es\/hojicha-de-marca-blanca\/\"><input type=\"hidden\" name=\"render_id\" value=\"0\"><input type=\"hidden\" name=\"action\" value=\"forminator_submit_form_custom-forms\"><label for=\"input_6\" class=\"forminator-hidden\" aria-hidden=\"true\">Por favor, no rellenes este campo. <input id=\"input_6\" type=\"text\" name=\"input_6\" value=\"\" autocomplete=\"off\"><\/label><\/form>\n","protected":false},"excerpt":{"rendered":"<p>Hojicha de Marca Blanca \u00bfTe gustar\u00eda crear tu propia marca de hojicha? Le hemos facilitado la oferta de hojicha de primera calidad, obtenida directamente de nuestros socios en Jap\u00f3n bajo su propia etiqueta. \u00bfPor qu\u00e9 etiquetar en blanco tu hojicha? El proceso de la marca blanca: paso a paso \u00bfPor qu\u00e9 asociarse con Hojicha Wholesale? [&hellip;]<\/p>\n","protected":false},"author":1,"featured_media":7312,"parent":0,"menu_order":0,"comment_status":"closed","ping_status":"closed","template":"","meta":{"_surecart_dashboard_logo_width":"180px","_surecart_dashboard_show_logo":true,"_surecart_dashboard_navigation_orders":true,"_surecart_dashboard_navigation_invoices":true,"_surecart_dashboard_navigation_subscriptions":true,"_surecart_dashboard_navigation_downloads":true,"_surecart_dashboard_navigation_billing":true,"_surecart_dashboard_navigation_account":true,"footnotes":""},"class_list":["post-7372","page","type-page","status-publish","has-post-thumbnail","hentry","entry","has-media"],"mb":[],"mfb_rest_fields":["title","gutenberg_elementor_mode"],"_links":{"self":[{"href":"https:\/\/hojichawholesale.eu\/es\/wp-json\/wp\/v2\/pages\/7372","targetHints":{"allow":["GET"]}}],"collection":[{"href":"https:\/\/hojichawholesale.eu\/es\/wp-json\/wp\/v2\/pages"}],"about":[{"href":"https:\/\/hojichawholesale.eu\/es\/wp-json\/wp\/v2\/types\/page"}],"author":[{"embeddable":true,"href":"https:\/\/hojichawholesale.eu\/es\/wp-json\/wp\/v2\/users\/1"}],"replies":[{"embeddable":true,"href":"https:\/\/hojichawholesale.eu\/es\/wp-json\/wp\/v2\/comments?post=7372"}],"version-history":[{"count":0,"href":"https:\/\/hojichawholesale.eu\/es\/wp-json\/wp\/v2\/pages\/7372\/revisions"}],"wp:featuredmedia":[{"embeddable":true,"href":"https:\/\/hojichawholesale.eu\/es\/wp-json\/wp\/v2\/media\/7312"}],"wp:attachment":[{"href":"https:\/\/hojichawholesale.eu\/es\/wp-json\/wp\/v2\/media?parent=7372"}],"curies":[{"name":"wp","href":"https:\/\/api.w.org\/{rel}","templated":true}]}}