{"id":6269,"date":"2024-10-12T11:59:06","date_gmt":"2024-10-12T11:59:06","guid":{"rendered":"https:\/\/hojichawholesale.eu\/por-que-vender-hojicha\/"},"modified":"2024-10-13T18:44:40","modified_gmt":"2024-10-13T18:44:40","slug":"por-que-vender-hojicha","status":"publish","type":"page","link":"https:\/\/hojichawholesale.eu\/es\/por-que-vender-hojicha\/","title":{"rendered":"\u00bfPor qu\u00e9 vender hojicha?"},"content":{"rendered":"\n<h1 class=\"wp-block-heading\">\u00bfPor qu\u00e9 vender Hojicha?<\/h1>\n\n<p>Hojicha, un t\u00e9 verde tostado japon\u00e9s, ha ganado popularidad r\u00e1pidamente en los \u00faltimos a\u00f1os.  <\/p>\n\n<figure class=\"wp-block-image size-large\"><img fetchpriority=\"high\" decoding=\"async\" width=\"1024\" height=\"544\" src=\"https:\/\/hojichawholesale.eu\/wp-content\/uploads\/2024\/10\/hojicha-trends-1-1024x544.avif\" alt=\"\" class=\"wp-image-5519\" srcset=\"https:\/\/hojichawholesale.eu\/wp-content\/uploads\/2024\/10\/hojicha-trends-1-1024x544.avif 1024w, https:\/\/hojichawholesale.eu\/wp-content\/uploads\/2024\/10\/hojicha-trends-1-300x159.avif 300w, https:\/\/hojichawholesale.eu\/wp-content\/uploads\/2024\/10\/hojicha-trends-1-768x408.avif 768w, https:\/\/hojichawholesale.eu\/wp-content\/uploads\/2024\/10\/hojicha-trends-1-1536x816.avif 1536w, https:\/\/hojichawholesale.eu\/wp-content\/uploads\/2024\/10\/hojicha-trends-1.avif 1892w\" sizes=\"(max-width: 1024px) 100vw, 1024px\" \/><\/figure>\n\n<figure class=\"wp-block-image size-large\"><img decoding=\"async\" width=\"1024\" height=\"412\" src=\"https:\/\/hojichawholesale.eu\/wp-content\/uploads\/2024\/10\/hojicha-trends-countries-1024x412.avif\" alt=\"\" class=\"wp-image-5459\" srcset=\"https:\/\/hojichawholesale.eu\/wp-content\/uploads\/2024\/10\/hojicha-trends-countries-1024x412.avif 1024w, https:\/\/hojichawholesale.eu\/wp-content\/uploads\/2024\/10\/hojicha-trends-countries-300x121.avif 300w, https:\/\/hojichawholesale.eu\/wp-content\/uploads\/2024\/10\/hojicha-trends-countries-768x309.avif 768w, https:\/\/hojichawholesale.eu\/wp-content\/uploads\/2024\/10\/hojicha-trends-countries-1536x618.avif 1536w, https:\/\/hojichawholesale.eu\/wp-content\/uploads\/2024\/10\/hojicha-trends-countries.avif 1873w\" sizes=\"(max-width: 1024px) 100vw, 1024px\" \/><\/figure>\n\n<p>Con su perfil de sabor distintivo, su creciente atractivo saludable y su versatilidad, es una propuesta nueva y atractiva para sus clientes.  <\/p>\n\n<p>A continuaci\u00f3n, te explicamos por qu\u00e9 deber\u00edas considerar a\u00f1adir hojicha a tu men\u00fa.<\/p>\n\n<h2 class=\"wp-block-heading\">1. Perfil de sabor \u00fanico<\/h2>\n\n<p>El hojicha destaca por su sabor c\u00e1lido y tostado, que lo diferencia de otros t\u00e9s japoneses como el matcha o el sencha.  <\/p>\n\n<p>El proceso de tostado le da un sabor tostado y ligeramente a nuez con un toque de dulzura acaramelado, lo que lo convierte en una opci\u00f3n atractiva para los clientes que buscan algo diferente.  <\/p>\n\n<p>Su falta de amargor y su baja cafe\u00edna (debido al tostado) lo convierten en una opci\u00f3n universal y familiar.  <\/p>\n\n<p>Bajo en az\u00facar pero delicioso, es una bebida para todos.  <\/p>\n\n<h2 class=\"wp-block-heading\">2. Beneficios para la salud<\/h2>\n\n<p>Hojicha, al igual que otros t\u00e9s verdes, conserva muchos beneficios para la salud, incluso despu\u00e9s de tostar.  <\/p>\n\n<p>Es rico en antioxidantes, que son conocidos por su papel en la reducci\u00f3n de la inflamaci\u00f3n y la promoci\u00f3n del bienestar general. El bajo contenido de cafe\u00edna lo hace adecuado para las personas que buscan reducir su ingesta de cafe\u00edna sin dejar de disfrutar de las propiedades calmantes y saludables del t\u00e9.   <\/p>\n\n<h2 class=\"wp-block-heading\">3. Versatilidad en aplicaciones culinarias<\/h2>\n\n<p>El hojicha est\u00e1 disponible en forma de hojas sueltas o en polvo.<\/p>\n\n<p>Esta versatilidad es rara entre el t\u00e9 japon\u00e9s.  <\/p>\n\n<p>El hojicha se puede servir caliente o fr\u00edo, en t\u00e9 o en caf\u00e9 con leche, y se puede hornear en pan, galletas y pasteles.  <\/p>\n\n<p>Tambi\u00e9n se puede utilizar como sabor a helado.  <\/p>\n\n<p>Sus sabores tostados y terrosos lo convierten en un ingrediente emocionante para usar en casi todas las recetas.  <\/p>\n\n<h2 class=\"wp-block-heading\">4. Creciente popularidad global<\/h2>\n\n<p>La popularidad de Hojicha ya no se limita a Jap\u00f3n.  <\/p>\n\n<p>Los bebedores internacionales de t\u00e9 son cada vez m\u00e1s aventureros y buscan explorar nuevos sabores y tradiciones culturales del t\u00e9. A medida que crece el conocimiento del hojicha, tambi\u00e9n lo hace su demanda en el mercado. <\/p>\n\n<p>Al ser uno de los primeros vendedores de hojicha, se est\u00e1 posicionando a la vanguardia de una tendencia global en expansi\u00f3n que no muestra signos de desaceleraci\u00f3n.  <\/p>\n\n<p>Tambi\u00e9n posicionas tu negocio como diferente y m\u00e1s moderno que la competencia.  <\/p>\n\n<h2 class=\"wp-block-heading\">5. F\u00e1cil de comercializar<\/h2>\n\n<p>La naturaleza del producto le ofrece una amplia gama de \u00e1ngulos para utilizar en su marketing, desde una elegante bebida japonesa hasta una bebida que mejora la salud.  <\/p>\n\n<p>Su bajo costo de producci\u00f3n le brinda un control total sobre sus m\u00e1rgenes de beneficio.  <\/p>\n\n<h2 class=\"wp-block-heading\">Conclusi\u00f3n<\/h2>\n\n<p>Como el principal t\u00e9 japon\u00e9s prometedor, el hojicha es imprescindible para caf\u00e9s, hoteles, restaurantes y tiendas de t\u00e9 minoristas que desean ofrecer a sus clientes una emocionante gama de productos.  <\/p>\n\n<p>Los beneficios para la salud, el rico perfil de sabor y la creciente demanda de Hojicha lo convierten en una adici\u00f3n estrat\u00e9gica tanto para los minoristas como para los establecimientos de servicio de alimentos.<\/p>\n\n<p>Tanto si sus clientes son bebedores de t\u00e9 experimentados como si son reci\u00e9n llegados a los t\u00e9s japoneses, el hojicha seguro que destaca como un producto con un amplio atractivo.<\/p>\n\n<h2 class=\"wp-block-heading\">Solicite una muestra<\/h2>\n\n<p>\u00bfTienes curiosidad por los ricos sabores tostados de nuestra hojicha premium?  <\/p>\n\n<p>S\u00f3lo tienes que rellenar tus datos a continuaci\u00f3n y te enviaremos una muestra. H\u00e1ganos saber si tiene solicitudes espec\u00edficas y estaremos encantados de personalizar nuestra oferta para que se adapte a las necesidades de su negocio. <\/p>\n<div class=\"forminator-ui forminator-custom-form forminator-custom-form-1365 forminator-design--flat  forminator_ajax\" data-forminator-render=\"0\" data-form=\"forminator-module-1365\" data-uid=\"69d33360596bd\"><br\/><\/div><form\n\t\t\t\tid=\"forminator-module-1365\"\n\t\t\t\tclass=\"forminator-ui forminator-custom-form forminator-custom-form-1365 forminator-design--flat  forminator_ajax\"\n\t\t\t\tmethod=\"post\"\n\t\t\t\tdata-forminator-render=\"0\"\n\t\t\t\tdata-form-id=\"1365\"\n\t\t\t\t data-color-option=\"default\" data-design=\"flat\" data-grid=\"open\" style=\"display: none;\"\n\t\t\t\tdata-uid=\"69d33360596bd\"\n\t\t\t><div role=\"alert\" aria-live=\"polite\" class=\"forminator-response-message forminator-error\" aria-hidden=\"true\"><\/div><div class=\"forminator-row\"><div id=\"name-1\" class=\"forminator-field-name forminator-col forminator-col-6 \"><div class=\"forminator-field\"><input type=\"text\" name=\"name-1\" value=\"\" placeholder=\"First Name\" id=\"forminator-field-name-1_69d33360596bd\" class=\"forminator-input forminator-name--field\" aria-required=\"true\" autocomplete=\"name\" \/><\/div><\/div><div id=\"name-2\" class=\"forminator-field-name forminator-col forminator-col-6 \"><div class=\"forminator-field\"><input type=\"text\" name=\"name-2\" value=\"\" placeholder=\"Last Name\" id=\"forminator-field-name-2_69d33360596bd\" class=\"forminator-input forminator-name--field\" aria-required=\"true\" autocomplete=\"name\" \/><\/div><\/div><\/div><div class=\"forminator-row\"><div id=\"email-1\" class=\"forminator-field-email forminator-col forminator-col-12 \"><div class=\"forminator-field\"><input type=\"email\" name=\"email-1\" value=\"\" placeholder=\"Email\" id=\"forminator-field-email-1_69d33360596bd\" class=\"forminator-input forminator-email--field\" data-required=\"true\" aria-required=\"true\" autocomplete=\"email\" \/><\/div><\/div><\/div><div class=\"forminator-row\"><div id=\"phone-1\" class=\"forminator-field-phone forminator-col forminator-col-12 \"><div class=\"forminator-field\"><input type=\"text\" name=\"phone-1\" value=\"\" placeholder=\"Phone\" id=\"forminator-field-phone-1_69d33360596bd\" class=\"forminator-input forminator-field--phone\" data-required=\"\" aria-required=\"false\" autocomplete=\"off\" \/><\/div><\/div><\/div><div class=\"forminator-row\"><div id=\"textarea-1\" class=\"forminator-field-textarea forminator-col forminator-col-12 \"><div class=\"forminator-field\"><textarea name=\"textarea-1\" placeholder=\"Message\" id=\"forminator-field-textarea-1_69d33360596bd\" class=\"forminator-textarea\" rows=\"6\" style=\"min-height:140px;\" ><\/textarea><span id=\"forminator-field-textarea-1_69d33360596bd-description\" class=\"forminator-description\"><span data-limit=\"300\" data-type=\"words\" data-editor=\"\">0 \/ 300<\/span><\/span><\/div><\/div><\/div><div class=\"forminator-row\"><\/div><input type=\"hidden\" name=\"referer_url\" value=\"\" \/><div class=\"forminator-row forminator-row-last\"><div class=\"forminator-col\"><div class=\"forminator-field\"><button class=\"forminator-button forminator-button-submit\">Send<\/button><\/div><\/div><\/div><input type=\"hidden\" id=\"forminator_nonce\" name=\"forminator_nonce\" value=\"a706b3830b\" \/><input type=\"hidden\" name=\"_wp_http_referer\" value=\"\/es\/wp-json\/wp\/v2\/pages\/6269\" \/><input type=\"hidden\" name=\"form_id\" value=\"1365\"><input type=\"hidden\" name=\"page_id\" value=\"6269\"><input type=\"hidden\" name=\"form_type\" value=\"default\"><input type=\"hidden\" name=\"current_url\" value=\"https:\/\/hojichawholesale.eu\/es\/por-que-vender-hojicha\/\"><input type=\"hidden\" name=\"render_id\" value=\"0\"><input type=\"hidden\" name=\"action\" value=\"forminator_submit_form_custom-forms\"><label for=\"input_6\" class=\"forminator-hidden\" aria-hidden=\"true\">Por favor, no rellenes este campo. <input id=\"input_6\" type=\"text\" name=\"input_6\" value=\"\" autocomplete=\"off\"><\/label><\/form>\n","protected":false},"excerpt":{"rendered":"<p>\u00bfPor qu\u00e9 vender Hojicha? Hojicha, un t\u00e9 verde tostado japon\u00e9s, ha ganado popularidad r\u00e1pidamente en los \u00faltimos a\u00f1os. Con su perfil de sabor distintivo, su creciente atractivo saludable y su versatilidad, es una propuesta nueva y atractiva para sus clientes. A continuaci\u00f3n, te explicamos por qu\u00e9 deber\u00edas considerar a\u00f1adir hojicha a tu men\u00fa. 1. Perfil [&hellip;]<\/p>\n","protected":false},"author":1,"featured_media":12136,"parent":0,"menu_order":0,"comment_status":"closed","ping_status":"closed","template":"","meta":{"_surecart_dashboard_logo_width":"180px","_surecart_dashboard_show_logo":true,"_surecart_dashboard_navigation_orders":true,"_surecart_dashboard_navigation_invoices":true,"_surecart_dashboard_navigation_subscriptions":true,"_surecart_dashboard_navigation_downloads":true,"_surecart_dashboard_navigation_billing":true,"_surecart_dashboard_navigation_account":true,"footnotes":""},"class_list":["post-6269","page","type-page","status-publish","has-post-thumbnail","hentry","entry","has-media"],"mb":[],"mfb_rest_fields":["title","gutenberg_elementor_mode"],"_links":{"self":[{"href":"https:\/\/hojichawholesale.eu\/es\/wp-json\/wp\/v2\/pages\/6269","targetHints":{"allow":["GET"]}}],"collection":[{"href":"https:\/\/hojichawholesale.eu\/es\/wp-json\/wp\/v2\/pages"}],"about":[{"href":"https:\/\/hojichawholesale.eu\/es\/wp-json\/wp\/v2\/types\/page"}],"author":[{"embeddable":true,"href":"https:\/\/hojichawholesale.eu\/es\/wp-json\/wp\/v2\/users\/1"}],"replies":[{"embeddable":true,"href":"https:\/\/hojichawholesale.eu\/es\/wp-json\/wp\/v2\/comments?post=6269"}],"version-history":[{"count":0,"href":"https:\/\/hojichawholesale.eu\/es\/wp-json\/wp\/v2\/pages\/6269\/revisions"}],"wp:featuredmedia":[{"embeddable":true,"href":"https:\/\/hojichawholesale.eu\/es\/wp-json\/wp\/v2\/media\/12136"}],"wp:attachment":[{"href":"https:\/\/hojichawholesale.eu\/es\/wp-json\/wp\/v2\/media?parent=6269"}],"curies":[{"name":"wp","href":"https:\/\/api.w.org\/{rel}","templated":true}]}}