{"id":6258,"date":"2024-10-12T16:25:13","date_gmt":"2024-10-12T16:25:13","guid":{"rendered":"https:\/\/hojichawholesale.eu\/hojicha-powder-latte-venta-al-por-mayor\/"},"modified":"2025-12-10T18:55:31","modified_gmt":"2025-12-10T18:55:31","slug":"hojicha-powder-latte-venta-al-por-mayor","status":"publish","type":"page","link":"https:\/\/hojichawholesale.eu\/es\/hojicha-powder-latte-venta-al-por-mayor\/","title":{"rendered":"Hojicha Powder Latte (Venta al por mayor)"},"content":{"rendered":"\n<h1 class=\"wp-block-heading\">Hojicha Powder Latte (Venta al por mayor)<\/h1>\n\n<p>Nuestro <strong>Hojicha Powder Latte<\/strong> est\u00e1 hecho de polvo de hojicha, az\u00facar de ca\u00f1a y goma guar para una bebida perfectamente equilibrada y deliciosa. Se puede mezclar con leche o alternativas a la leche. <\/p>\n<div class=\"wp-block-image\">\n<figure class=\"aligncenter size-full is-resized\"><img fetchpriority=\"high\" decoding=\"async\" width=\"1000\" height=\"1000\" src=\"https:\/\/hojichawholesale.eu\/wp-content\/uploads\/2025\/01\/hojicha-latte-both.webp\" alt=\"Comparaci&#xF3;n de hojicha latte en polvo VS hojicha latte en polvo infundido.\" class=\"wp-image-7510\" style=\"width:310px;height:auto\" srcset=\"https:\/\/hojichawholesale.eu\/wp-content\/uploads\/2025\/01\/hojicha-latte-both.webp 1000w, https:\/\/hojichawholesale.eu\/wp-content\/uploads\/2025\/01\/hojicha-latte-both-300x300.webp 300w, https:\/\/hojichawholesale.eu\/wp-content\/uploads\/2025\/01\/hojicha-latte-both-150x150.webp 150w, https:\/\/hojichawholesale.eu\/wp-content\/uploads\/2025\/01\/hojicha-latte-both-768x768.webp 768w, https:\/\/hojichawholesale.eu\/wp-content\/uploads\/2025\/01\/hojicha-latte-both-600x600.webp 600w\" sizes=\"(max-width: 1000px) 100vw, 1000px\" \/><\/figure>\n<\/div>\n<hr class=\"wp-block-separator has-alpha-channel-opacity\"\/>\n\n<h2 class=\"wp-block-heading\">Caracter\u00edsticas destacadas del producto<\/h2>\n\n<ul class=\"wp-block-list\">\n<li><strong>Tipo<\/strong>: Mezcla instant\u00e1nea de Hojicha Latte<\/li>\n\n\n\n<li><strong>Ingredientes<\/strong>: Hojicha en polvo, az\u00facar de ca\u00f1a, goma guar.<\/li>\n\n\n\n<li><strong>Embalaje<\/strong>: Bolsa stand-up resellable (Doypack) para mayor frescura.<\/li>\n\n\n\n<li><strong>Tama\u00f1o de la porci\u00f3n<\/strong>: Aprox. 8 porciones por paquete. <\/li>\n\n\n\n<li><strong>Perfil de sabor<\/strong>: Suave, a nuez, ligeramente dulce con un final tostado.<\/li>\n\n\n\n<li><strong>Cafe\u00edna: Baja<\/strong><\/li>\n\n\n\n<li><strong>Preparaci\u00f3n<\/strong>: Simplemente agregue agua o leche para obtener un caf\u00e9 con leche hojicha r\u00e1pido y delicioso.<\/li>\n\n\n\n<li><strong>Peso<\/strong>: Disponible en bolsas de 1 kg. Disponible para reempacar a petici\u00f3n.   <\/li>\n<\/ul>\n\n<hr class=\"wp-block-separator has-alpha-channel-opacity\"\/>\n\n<h2 class=\"wp-block-heading\">Informaci\u00f3n al por mayor<\/h2>\n\n<ul class=\"wp-block-list\">\n<li><strong>Cantidad m\u00ednima de pedido (MOQ):<\/strong> 600 gramos (5 doypacks de 120 g).<\/li>\n\n\n\n<li><strong>Precios al por mayor<\/strong>: P\u00f3ngase en contacto con nosotros para conocer las tarifas especiales basadas en el volumen de pedidos.<\/li>\n\n\n\n<li><strong>Almacenamiento: Almacenar<\/strong> en un lugar fresco y seco para mantener la frescura.<\/li>\n\n\n\n<li><strong>Fecha de caducidad<\/strong>: Hojicha puede conservarse hasta dos a\u00f1os sin abrir y almacenarse entre 5 \u00b0C y 10 \u00b0C.<\/li>\n\n\n\n<li><strong>Env\u00edos<\/strong>: Realizamos env\u00edos en el continente europeo con opciones de env\u00edo flexibles, incluida la entrega urgente para pedidos urgentes.<\/li>\n<\/ul>\n\n<div class=\"wp-block-columns is-layout-flex wp-container-core-columns-is-layout-28f84493 wp-block-columns-is-layout-flex\">\n<div class=\"wp-block-column is-layout-flow wp-block-column-is-layout-flow\"><div class=\"wp-block-image\">\n<figure class=\"aligncenter size-full is-resized\"><img decoding=\"async\" width=\"1000\" height=\"1000\" src=\"https:\/\/hojichawholesale.eu\/wp-content\/uploads\/2025\/01\/hojicha-latte-powder.webp\" alt=\"\" class=\"wp-image-7534\" style=\"width:314px;height:auto\" srcset=\"https:\/\/hojichawholesale.eu\/wp-content\/uploads\/2025\/01\/hojicha-latte-powder.webp 1000w, https:\/\/hojichawholesale.eu\/wp-content\/uploads\/2025\/01\/hojicha-latte-powder-300x300.webp 300w, https:\/\/hojichawholesale.eu\/wp-content\/uploads\/2025\/01\/hojicha-latte-powder-150x150.webp 150w, https:\/\/hojichawholesale.eu\/wp-content\/uploads\/2025\/01\/hojicha-latte-powder-768x768.webp 768w, https:\/\/hojichawholesale.eu\/wp-content\/uploads\/2025\/01\/hojicha-latte-powder-600x600.webp 600w\" sizes=\"(max-width: 1000px) 100vw, 1000px\" \/><\/figure>\n<\/div><\/div>\n\n\n\n<div class=\"wp-block-column is-layout-flow wp-block-column-is-layout-flow\"><div class=\"wp-block-image\">\n<figure class=\"aligncenter size-large is-resized\"><img decoding=\"async\" width=\"1024\" height=\"1024\" src=\"https:\/\/hojichawholesale.eu\/wp-content\/uploads\/2025\/01\/hojicha-latte-infused-1024x1024.webp\" alt=\"\" class=\"wp-image-7522\" style=\"width:325px;height:auto\" srcset=\"https:\/\/hojichawholesale.eu\/wp-content\/uploads\/2025\/01\/hojicha-latte-infused-1024x1024.webp 1024w, https:\/\/hojichawholesale.eu\/wp-content\/uploads\/2025\/01\/hojicha-latte-infused-300x300.webp 300w, https:\/\/hojichawholesale.eu\/wp-content\/uploads\/2025\/01\/hojicha-latte-infused-150x150.webp 150w, https:\/\/hojichawholesale.eu\/wp-content\/uploads\/2025\/01\/hojicha-latte-infused-768x768.webp 768w, https:\/\/hojichawholesale.eu\/wp-content\/uploads\/2025\/01\/hojicha-latte-infused-1536x1536.webp 1536w, https:\/\/hojichawholesale.eu\/wp-content\/uploads\/2025\/01\/hojicha-latte-infused-600x600.webp 600w, https:\/\/hojichawholesale.eu\/wp-content\/uploads\/2025\/01\/hojicha-latte-infused.webp 2000w\" sizes=\"(max-width: 1024px) 100vw, 1024px\" \/><\/figure>\n<\/div><\/div>\n<\/div>\n\n<hr class=\"wp-block-separator has-alpha-channel-opacity\"\/>\n\n<h2 class=\"wp-block-heading\">C\u00f3mo prepararse<\/h2>\n\n<ol class=\"wp-block-list\">\n<li><strong>A\u00f1ade 15 g<\/strong> de mezcla de Hojicha Powder Latte a tu taza.<\/li>\n\n\n\n<li><strong>Agregue 500 ml<\/strong> de agua caliente o leche (o alternativa a la leche).<\/li>\n\n\n\n<li>Revuelva bien y disfrute de un cremoso y delicioso caf\u00e9 con leche hojicha al instante.<\/li>\n<\/ol>\n\n<hr class=\"wp-block-separator has-alpha-channel-opacity\"\/>\n\n<h2 class=\"wp-block-heading\">Ideal para<\/h2>\n\n<ul class=\"wp-block-list\">\n<li>Cafeter\u00edas y teter\u00edas que buscan una opci\u00f3n de hojicha latte r\u00e1pida y f\u00e1cil de preparar para los clientes.<\/li>\n\n\n\n<li>Restaurantes y hoteles que quieran ofrecer una deliciosa ayuda digestiva.  <\/li>\n\n\n\n<li>Tiendas minoristas que ofrecen productos de t\u00e9 de primera calidad y mezclas de bebidas instant\u00e1neas.<\/li>\n<\/ul>\n\n<h2 class=\"wp-block-heading\">Solicite una muestra hoy mismo<\/h2>\n\n<p>\u00bfTienes curiosidad por los ricos sabores tostados de nuestra hojicha premium?  <\/p>\n\n<p>S\u00f3lo tienes que rellenar tus datos a continuaci\u00f3n y te enviaremos una muestra. H\u00e1ganos saber si tiene solicitudes espec\u00edficas y estaremos encantados de personalizar nuestra oferta para que se adapte a las necesidades de su negocio. <\/p>\n<div class=\"forminator-ui forminator-custom-form forminator-custom-form-1365 forminator-design--flat  forminator_ajax\" data-forminator-render=\"0\" data-form=\"forminator-module-1365\" data-uid=\"69d494135a14d\"><br\/><\/div><form\n\t\t\t\tid=\"forminator-module-1365\"\n\t\t\t\tclass=\"forminator-ui forminator-custom-form forminator-custom-form-1365 forminator-design--flat  forminator_ajax\"\n\t\t\t\tmethod=\"post\"\n\t\t\t\tdata-forminator-render=\"0\"\n\t\t\t\tdata-form-id=\"1365\"\n\t\t\t\t data-color-option=\"default\" data-design=\"flat\" data-grid=\"open\" style=\"display: none;\"\n\t\t\t\tdata-uid=\"69d494135a14d\"\n\t\t\t><div role=\"alert\" aria-live=\"polite\" class=\"forminator-response-message forminator-error\" aria-hidden=\"true\"><\/div><div class=\"forminator-row\"><div id=\"name-1\" class=\"forminator-field-name forminator-col forminator-col-6 \"><div class=\"forminator-field\"><input type=\"text\" name=\"name-1\" value=\"\" placeholder=\"First Name\" id=\"forminator-field-name-1_69d494135a14d\" class=\"forminator-input forminator-name--field\" aria-required=\"true\" autocomplete=\"name\" \/><\/div><\/div><div id=\"name-2\" class=\"forminator-field-name forminator-col forminator-col-6 \"><div class=\"forminator-field\"><input type=\"text\" name=\"name-2\" value=\"\" placeholder=\"Last Name\" id=\"forminator-field-name-2_69d494135a14d\" class=\"forminator-input forminator-name--field\" aria-required=\"true\" autocomplete=\"name\" \/><\/div><\/div><\/div><div class=\"forminator-row\"><div id=\"email-1\" class=\"forminator-field-email forminator-col forminator-col-12 \"><div class=\"forminator-field\"><input type=\"email\" name=\"email-1\" value=\"\" placeholder=\"Email\" id=\"forminator-field-email-1_69d494135a14d\" class=\"forminator-input forminator-email--field\" data-required=\"true\" aria-required=\"true\" autocomplete=\"email\" \/><\/div><\/div><\/div><div class=\"forminator-row\"><div id=\"phone-1\" class=\"forminator-field-phone forminator-col forminator-col-12 \"><div class=\"forminator-field\"><input type=\"text\" name=\"phone-1\" value=\"\" placeholder=\"Phone\" id=\"forminator-field-phone-1_69d494135a14d\" class=\"forminator-input forminator-field--phone\" data-required=\"\" aria-required=\"false\" autocomplete=\"off\" \/><\/div><\/div><\/div><div class=\"forminator-row\"><div id=\"textarea-1\" class=\"forminator-field-textarea forminator-col forminator-col-12 \"><div class=\"forminator-field\"><textarea name=\"textarea-1\" placeholder=\"Message\" id=\"forminator-field-textarea-1_69d494135a14d\" class=\"forminator-textarea\" rows=\"6\" style=\"min-height:140px;\" ><\/textarea><span id=\"forminator-field-textarea-1_69d494135a14d-description\" class=\"forminator-description\"><span data-limit=\"300\" data-type=\"words\" data-editor=\"\">0 \/ 300<\/span><\/span><\/div><\/div><\/div><div class=\"forminator-row\"><\/div><input type=\"hidden\" name=\"referer_url\" value=\"\" \/><div class=\"forminator-row forminator-row-last\"><div class=\"forminator-col\"><div class=\"forminator-field\"><button class=\"forminator-button forminator-button-submit\">Send<\/button><\/div><\/div><\/div><input type=\"hidden\" id=\"forminator_nonce\" name=\"forminator_nonce\" value=\"0b51ba8eba\" \/><input type=\"hidden\" name=\"_wp_http_referer\" value=\"\/es\/wp-json\/wp\/v2\/pages\/6258\" \/><input type=\"hidden\" name=\"form_id\" value=\"1365\"><input type=\"hidden\" name=\"page_id\" value=\"6258\"><input type=\"hidden\" name=\"form_type\" value=\"default\"><input type=\"hidden\" name=\"current_url\" value=\"https:\/\/hojichawholesale.eu\/es\/hojicha-powder-latte-venta-al-por-mayor\/\"><input type=\"hidden\" name=\"render_id\" value=\"0\"><input type=\"hidden\" name=\"action\" value=\"forminator_submit_form_custom-forms\"><label for=\"input_6\" class=\"forminator-hidden\" aria-hidden=\"true\">Por favor, no rellenes este campo. <input id=\"input_6\" type=\"text\" name=\"input_6\" value=\"\" autocomplete=\"off\"><\/label><\/form>\n","protected":false},"excerpt":{"rendered":"<p>Hojicha Powder Latte (Venta al por mayor) Nuestro Hojicha Powder Latte est\u00e1 hecho de polvo de hojicha, az\u00facar de ca\u00f1a y goma guar para una bebida perfectamente equilibrada y deliciosa. Se puede mezclar con leche o alternativas a la leche. Caracter\u00edsticas destacadas del producto Informaci\u00f3n al por mayor C\u00f3mo prepararse Ideal para Solicite una muestra [&hellip;]<\/p>\n","protected":false},"author":1,"featured_media":7520,"parent":0,"menu_order":0,"comment_status":"closed","ping_status":"closed","template":"","meta":{"_surecart_dashboard_logo_width":"180px","_surecart_dashboard_show_logo":true,"_surecart_dashboard_navigation_orders":true,"_surecart_dashboard_navigation_invoices":true,"_surecart_dashboard_navigation_subscriptions":true,"_surecart_dashboard_navigation_downloads":true,"_surecart_dashboard_navigation_billing":true,"_surecart_dashboard_navigation_account":true,"footnotes":""},"class_list":["post-6258","page","type-page","status-publish","has-post-thumbnail","hentry","entry","has-media"],"mb":[],"mfb_rest_fields":["title","gutenberg_elementor_mode"],"_links":{"self":[{"href":"https:\/\/hojichawholesale.eu\/es\/wp-json\/wp\/v2\/pages\/6258","targetHints":{"allow":["GET"]}}],"collection":[{"href":"https:\/\/hojichawholesale.eu\/es\/wp-json\/wp\/v2\/pages"}],"about":[{"href":"https:\/\/hojichawholesale.eu\/es\/wp-json\/wp\/v2\/types\/page"}],"author":[{"embeddable":true,"href":"https:\/\/hojichawholesale.eu\/es\/wp-json\/wp\/v2\/users\/1"}],"replies":[{"embeddable":true,"href":"https:\/\/hojichawholesale.eu\/es\/wp-json\/wp\/v2\/comments?post=6258"}],"version-history":[{"count":0,"href":"https:\/\/hojichawholesale.eu\/es\/wp-json\/wp\/v2\/pages\/6258\/revisions"}],"wp:featuredmedia":[{"embeddable":true,"href":"https:\/\/hojichawholesale.eu\/es\/wp-json\/wp\/v2\/media\/7520"}],"wp:attachment":[{"href":"https:\/\/hojichawholesale.eu\/es\/wp-json\/wp\/v2\/media?parent=6258"}],"curies":[{"name":"wp","href":"https:\/\/api.w.org\/{rel}","templated":true}]}}